{"id":13045,"date":"2021-01-08T14:06:46","date_gmt":"2021-01-08T14:06:46","guid":{"rendered":"http:\/\/www.unavets.com\/delpla\/?page_id=13045"},"modified":"2021-07-15T13:35:49","modified_gmt":"2021-07-15T13:35:49","slug":"rehabilitacio","status":"publish","type":"page","link":"https:\/\/www.unavets.com\/delpla\/ca\/serveis\/rehabilitacio\/","title":{"rendered":"Rehabilitaci\u00f3"},"content":{"rendered":"\t\t<div data-elementor-type=\"wp-page\" data-elementor-id=\"13045\" class=\"elementor elementor-13045\" data-elementor-post-type=\"page\">\n\t\t\t\t\t\t<section class=\"elementor-section elementor-top-section elementor-element elementor-element-16949c0 elementor-section-boxed elementor-section-height-default elementor-section-height-default\" data-id=\"16949c0\" data-element_type=\"section\" data-e-type=\"section\" id=\"main-sec\">\n\t\t\t\t\t\t<div class=\"elementor-container elementor-column-gap-default\">\n\t\t\t\t\t<div class=\"elementor-column elementor-col-100 elementor-top-column elementor-element elementor-element-7afa5eb\" data-id=\"7afa5eb\" data-element_type=\"column\" data-e-type=\"column\">\n\t\t\t<div class=\"elementor-widget-wrap elementor-element-populated\">\n\t\t\t\t\t\t<div class=\"elementor-element elementor-element-0bfd30c elementor-widget elementor-widget-section_titleleft\" data-id=\"0bfd30c\" data-element_type=\"widget\" data-e-type=\"widget\" data-widget_type=\"section_titleleft.default\">\n\t\t\t\t<div class=\"elementor-widget-container\">\n\t\t\t\t\t        <div class=\"ab_text-title fl-wrap\">\n            <h3>En qu\u00e8 consisteix?<\/h3>A Centre Veterinari del Pla oferim  rehabilitaci\u00f3, un tipus de ter\u00e0pia no invasiva que se centra en les relacions entre els m\u00fasculs, ossos, nervis, tendons i lligaments per a disminuir el dolor i millorar la funci\u00f3 corporal despr\u00e9s d'una lesi\u00f3 o malaltia. <span class=\"section-separator fl-sec-sep\"><\/span>        <\/div>\n        \t\t\t\t<\/div>\n\t\t\t\t<\/div>\n\t\t\t\t\t<\/div>\n\t\t<\/div>\n\t\t\t\t\t<\/div>\n\t\t<\/section>\n\t\t\t\t<section class=\"elementor-section elementor-top-section elementor-element elementor-element-fc2785c elementor-section-boxed elementor-section-height-default elementor-section-height-default\" data-id=\"fc2785c\" data-element_type=\"section\" data-e-type=\"section\">\n\t\t\t\t\t\t<div class=\"elementor-container elementor-column-gap-default\">\n\t\t\t\t\t<div class=\"elementor-column elementor-col-50 elementor-top-column elementor-element elementor-element-8f0fc8c\" data-id=\"8f0fc8c\" data-element_type=\"column\" data-e-type=\"column\">\n\t\t\t<div class=\"elementor-widget-wrap elementor-element-populated\">\n\t\t\t\t\t\t<div class=\"elementor-element elementor-element-8e92a1f elementor-widget elementor-widget-text-editor\" data-id=\"8e92a1f\" data-element_type=\"widget\" data-e-type=\"widget\" data-widget_type=\"text-editor.default\">\n\t\t\t\t<div class=\"elementor-widget-container\">\n\t\t\t\t\t\t\t\t\t<p>La rehabilitaci\u00f3 canina i felina empra t\u00e8cniques similars a les usades en la fisioter\u00e0pia humana, per a aconseguir un o m\u00e9s dels seg\u00fcents objectius:<\/p><p>\u00a0<\/p><ul><li>Accelerar la recuperaci\u00f3 d&#8217;una lesi\u00f3 o cirurgia<\/li><li>Augmentar la mobilitat i la flexibilitat<\/li><li>Millorar la resist\u00e8ncia i l&#8217;agilitat<\/li><li>Disminuir el dolor<\/li><li>Facilitar la p\u00e8rdua de pes<\/li><li>Mantenir les funcions i prevenir futurs problemes<\/li><li>Millorar la qualitat de vida<\/li><\/ul>\t\t\t\t\t\t\t\t<\/div>\n\t\t\t\t<\/div>\n\t\t\t\t<div class=\"elementor-element elementor-element-81eb8ab elementor-align-center elementor-widget elementor-widget-button\" data-id=\"81eb8ab\" data-element_type=\"widget\" data-e-type=\"widget\" data-widget_type=\"button.default\">\n\t\t\t\t<div class=\"elementor-widget-container\">\n\t\t\t\t\t\t\t\t\t<div class=\"elementor-button-wrapper\">\n\t\t\t\t\t<a class=\"elementor-button elementor-button-link elementor-size-sm\" href=\"http:\/\/www.unavets.com\/schedule-an-appointment\">\n\t\t\t\t\t\t<span class=\"elementor-button-content-wrapper\">\n\t\t\t\t\t\t<span class=\"elementor-button-icon\">\n\t\t\t\t<i aria-hidden=\"true\" class=\"far fa-calendar-alt\"><\/i>\t\t\t<\/span>\n\t\t\t\t\t\t\t\t\t<span class=\"elementor-button-text\">Demana Cita<\/span>\n\t\t\t\t\t<\/span>\n\t\t\t\t\t<\/a>\n\t\t\t\t<\/div>\n\t\t\t\t\t\t\t\t<\/div>\n\t\t\t\t<\/div>\n\t\t\t\t\t<\/div>\n\t\t<\/div>\n\t\t\t\t<div class=\"elementor-column elementor-col-50 elementor-top-column elementor-element elementor-element-a1ba534\" data-id=\"a1ba534\" data-element_type=\"column\" data-e-type=\"column\">\n\t\t\t<div class=\"elementor-widget-wrap elementor-element-populated\">\n\t\t\t\t\t\t<div class=\"elementor-element elementor-element-9407c17 elementor-widget elementor-widget-image\" data-id=\"9407c17\" data-element_type=\"widget\" data-e-type=\"widget\" data-widget_type=\"image.default\">\n\t\t\t\t<div class=\"elementor-widget-container\">\n\t\t\t\t\t\t\t\t\t\t\t\t\t\t\t<img fetchpriority=\"high\" width=\"724\" height=\"483\" class=\"attachment-large size-large wp-image-756 lazy\" alt=\"\" data-src=\"https:\/\/www.unavets.com\/delpla\/wp-content\/uploads\/sites\/51\/2020\/10\/shutterstock_264930377-1.jpg\" data-lazy=\"https:\/\/www.unavets.com\/delpla\/wp-content\/uploads\/sites\/51\/2020\/10\/shutterstock_264930377-1.jpg\" \/>\t\t\t\t\t\t\t\t\t\t\t\t\t\t\t<\/div>\n\t\t\t\t<\/div>\n\t\t\t\t\t<\/div>\n\t\t<\/div>\n\t\t\t\t\t<\/div>\n\t\t<\/section>\n\t\t\t\t<section class=\"elementor-section elementor-top-section elementor-element elementor-element-6d2f62e elementor-section-boxed elementor-section-height-default elementor-section-height-default\" data-id=\"6d2f62e\" data-element_type=\"section\" data-e-type=\"section\">\n\t\t\t\t\t\t<div class=\"elementor-container elementor-column-gap-default\">\n\t\t\t\t\t<div class=\"elementor-column elementor-col-100 elementor-top-column elementor-element elementor-element-a925989\" data-id=\"a925989\" data-element_type=\"column\" data-e-type=\"column\">\n\t\t\t<div class=\"elementor-widget-wrap elementor-element-populated\">\n\t\t\t\t\t\t<div class=\"elementor-element elementor-element-6a729b5 elementor-widget elementor-widget-section_titleleft\" data-id=\"6a729b5\" data-element_type=\"widget\" data-e-type=\"widget\" data-widget_type=\"section_titleleft.default\">\n\t\t\t\t<div class=\"elementor-widget-container\">\n\t\t\t\t\t        <div class=\"ab_text-title fl-wrap\">\n            <h3>Tipus de ter\u00e0pies de rehabilitaci\u00f3<\/h3><span class=\"section-separator fl-sec-sep\"><\/span>        <\/div>\n        \t\t\t\t<\/div>\n\t\t\t\t<\/div>\n\t\t\t\t\t<\/div>\n\t\t<\/div>\n\t\t\t\t\t<\/div>\n\t\t<\/section>\n\t\t\t\t<section class=\"elementor-section elementor-top-section elementor-element elementor-element-8015f2b elementor-section-boxed elementor-section-height-default elementor-section-height-default\" data-id=\"8015f2b\" data-element_type=\"section\" data-e-type=\"section\">\n\t\t\t\t\t\t<div class=\"elementor-container elementor-column-gap-default\">\n\t\t\t\t\t<div class=\"elementor-column elementor-col-50 elementor-top-column elementor-element elementor-element-c6123fe\" data-id=\"c6123fe\" data-element_type=\"column\" data-e-type=\"column\">\n\t\t\t<div class=\"elementor-widget-wrap elementor-element-populated\">\n\t\t\t\t\t\t<div class=\"elementor-element elementor-element-1b2c62b elementor-widget elementor-widget-image\" data-id=\"1b2c62b\" data-element_type=\"widget\" data-e-type=\"widget\" data-widget_type=\"image.default\">\n\t\t\t\t<div class=\"elementor-widget-container\">\n\t\t\t\t\t\t\t\t\t\t\t\t\t\t\t<img width=\"724\" height=\"483\" class=\"attachment-large size-large wp-image-758 lazy\" alt=\"\" data-src=\"https:\/\/www.unavets.com\/delpla\/wp-content\/uploads\/sites\/51\/2020\/10\/shutterstock_1724944462-1-1024x683.jpg\" data-lazy=\"https:\/\/www.unavets.com\/delpla\/wp-content\/uploads\/sites\/51\/2020\/10\/shutterstock_1724944462-1-1024x683.jpg\" \/>\t\t\t\t\t\t\t\t\t\t\t\t\t\t\t<\/div>\n\t\t\t\t<\/div>\n\t\t\t\t\t<\/div>\n\t\t<\/div>\n\t\t\t\t<div class=\"elementor-column elementor-col-50 elementor-top-column elementor-element elementor-element-422a2f3\" data-id=\"422a2f3\" data-element_type=\"column\" data-e-type=\"column\">\n\t\t\t<div class=\"elementor-widget-wrap elementor-element-populated\">\n\t\t\t\t\t\t<div class=\"elementor-element elementor-element-ce4af12 elementor-widget elementor-widget-text-editor\" data-id=\"ce4af12\" data-element_type=\"widget\" data-e-type=\"widget\" data-widget_type=\"text-editor.default\">\n\t\t\t\t<div class=\"elementor-widget-container\">\n\t\t\t\t\t\t\t\t\t<p>Despr\u00e9s d&#8217;una avaluaci\u00f3 realitzada pels nostres especialistes en Centre Veterinari del Pla, <span data-sheets-value=\"{\" data-sheets-userformat=\"{\">Lleida<\/span> dissenyem un pla individual de tractament, basant-nos en les necessitats del pacient. La majoria de mascotes poden beneficiar-se d&#8217;un enfocament multidisciplinari, que incorpora ter\u00e0pies com:<\/p><ul><li>Massatge<\/li><li>Estimulaci\u00f3 el\u00e8ctrica neuromuscular<\/li><li>Rang de moviment passiu i exercicis d&#8217;estirament<\/li><li>Sessions de l\u00e0ser o ultras\u00f2 terap\u00e8utic<\/li><li>Programes d&#8217;exercicis terap\u00e8utics<\/li><li>Cinta aqu\u00e0tica<\/li><\/ul><p>Aquestes t\u00e8cniques poden ajudar als animals amb disminuci\u00f3 de la funci\u00f3 i dolor relacionat amb la artrosi i l&#8217;envelliment, animals obesos, gossos de treball i d&#8217;esport, aix\u00ed com els que es recuperen d&#8217;una lesi\u00f3 o cirurgia.<\/p>\t\t\t\t\t\t\t\t<\/div>\n\t\t\t\t<\/div>\n\t\t\t\t\t<\/div>\n\t\t<\/div>\n\t\t\t\t\t<\/div>\n\t\t<\/section>\n\t\t\t\t<section class=\"elementor-section elementor-top-section elementor-element elementor-element-e894e04 elementor-section-boxed elementor-section-height-default elementor-section-height-default\" data-id=\"e894e04\" data-element_type=\"section\" data-e-type=\"section\">\n\t\t\t\t\t\t<div class=\"elementor-container elementor-column-gap-default\">\n\t\t\t\t\t<div class=\"elementor-column elementor-col-100 elementor-top-column elementor-element elementor-element-aaeb22d\" data-id=\"aaeb22d\" data-element_type=\"column\" data-e-type=\"column\">\n\t\t\t<div class=\"elementor-widget-wrap elementor-element-populated\">\n\t\t\t\t\t\t<div class=\"elementor-element elementor-element-281b76d elementor-widget elementor-widget-section_titleleft\" data-id=\"281b76d\" data-element_type=\"widget\" data-e-type=\"widget\" data-widget_type=\"section_titleleft.default\">\n\t\t\t\t<div class=\"elementor-widget-container\">\n\t\t\t\t\t        <div class=\"ab_text-title fl-wrap\">\n            <h3>Com saber si la teva mascota necessita rehabilitaci\u00f3?<\/h3><span class=\"section-separator fl-sec-sep\"><\/span>        <\/div>\n        \t\t\t\t<\/div>\n\t\t\t\t<\/div>\n\t\t\t\t<div class=\"elementor-element elementor-element-ce9eaa9 elementor-widget elementor-widget-text-editor\" data-id=\"ce9eaa9\" data-element_type=\"widget\" data-e-type=\"widget\" data-widget_type=\"text-editor.default\">\n\t\t\t\t<div class=\"elementor-widget-container\">\n\t\t\t\t\t\t\t\t\t<p>La majoria dels animals es poden beneficiar d&#8217;algun tipus de rehabilitaci\u00f3.<br \/>Est\u00e0 indicada, entre d&#8217;altres, en els seg\u00fcents casos:<\/p><p><strong>Ortop\u00e8dia<\/strong><\/p><ul><li>Cirurgia articular<\/li><li>Artritis<\/li><li>Lesions esportives<\/li><li>Reparaci\u00f3 de fractures<\/li><li>Reparaci\u00f3 de tendons i lligaments (\u00e9s a dir, lligaments creuats trencats)<\/li><li>Displ\u00e0sia de maluc i colze<\/li><\/ul><p><strong>Neurologia<\/strong><\/p><ul><li>Cirurgies postoperat\u00f2ries de columna o de disc<\/li><li>Malaltia del disc intervertebral no quir\u00fargic<\/li><li>S\u00edndrome de la inestabilitat cervical<\/li><li>Moviment descoordinat (at\u00e0xia)<\/li><li>Lesions dels nervis perif\u00e8rics<\/li><li>Malaltia nerviosa degenerativa<\/li><\/ul><p><strong>General<\/strong><\/p><ul><li>Dolor cr\u00f2nic<\/li><li>Envelliment (feblesa, rigidesa, artritis)<\/li><li>Reducci\u00f3 de l&#8217;obesitat i manteniment del pes<\/li><li>Entrenament de for\u00e7a i d&#8217;aptitud f\u00edsica per als atletes canins i els gossos de treball<\/li><\/ul>\t\t\t\t\t\t\t\t<\/div>\n\t\t\t\t<\/div>\n\t\t\t\t\t<\/div>\n\t\t<\/div>\n\t\t\t\t\t<\/div>\n\t\t<\/section>\n\t\t\t\t<\/div>\n\t\t","protected":false},"excerpt":{"rendered":"<p>En qu\u00e8 consisteix? A oferim rehabilitaci\u00f3, un tipus de ter\u00e0pia no invasiva que se centra en les relacions entre els m\u00fasculs, ossos, nervis, tendons i lligaments per a disminuir el dolor i millorar la funci\u00f3 corporal despr\u00e9s d&#8217;una lesi\u00f3 o malaltia. La rehabilitaci\u00f3 canina i felina empra t\u00e8cniques similars a les usades en la fisioter\u00e0pia &hellip; <\/p>\n","protected":false},"author":1,"featured_media":0,"parent":13567,"menu_order":0,"comment_status":"closed","ping_status":"closed","template":"page-fullwidth.php","meta":{"_acf_changed":false,"content-type":"","footnotes":""},"class_list":["post-13045","page","type-page","status-publish","hentry"],"acf":[],"_links":{"self":[{"href":"https:\/\/www.unavets.com\/delpla\/ca\/wp-json\/wp\/v2\/pages\/13045","targetHints":{"allow":["GET"]}}],"collection":[{"href":"https:\/\/www.unavets.com\/delpla\/ca\/wp-json\/wp\/v2\/pages"}],"about":[{"href":"https:\/\/www.unavets.com\/delpla\/ca\/wp-json\/wp\/v2\/types\/page"}],"author":[{"embeddable":true,"href":"https:\/\/www.unavets.com\/delpla\/ca\/wp-json\/wp\/v2\/users\/1"}],"replies":[{"embeddable":true,"href":"https:\/\/www.unavets.com\/delpla\/ca\/wp-json\/wp\/v2\/comments?post=13045"}],"version-history":[{"count":0,"href":"https:\/\/www.unavets.com\/delpla\/ca\/wp-json\/wp\/v2\/pages\/13045\/revisions"}],"up":[{"embeddable":true,"href":"https:\/\/www.unavets.com\/delpla\/ca\/wp-json\/wp\/v2\/pages\/13567"}],"wp:attachment":[{"href":"https:\/\/www.unavets.com\/delpla\/ca\/wp-json\/wp\/v2\/media?parent=13045"}],"curies":[{"name":"wp","href":"https:\/\/api.w.org\/{rel}","templated":true}]}}