{"id":13558,"date":"2020-10-03T08:10:58","date_gmt":"2020-10-03T08:10:58","guid":{"rendered":"http:\/\/www.unavets.com\/coso\/our-facilities\/"},"modified":"2023-10-06T13:02:38","modified_gmt":"2023-10-06T13:02:38","slug":"instalaciones","status":"publish","type":"page","link":"https:\/\/www.unavets.com\/coso\/es\/instalaciones\/","title":{"rendered":"Instalaciones"},"content":{"rendered":"\t\t<div data-elementor-type=\"wp-page\" data-elementor-id=\"13558\" class=\"elementor elementor-13558 elementor-281\" data-elementor-post-type=\"page\">\n\t\t\t\t\t\t<section class=\"elementor-section elementor-top-section elementor-element elementor-element-54cf215 pad-top-0 elementor-section-boxed elementor-section-height-default elementor-section-height-default\" data-id=\"54cf215\" data-element_type=\"section\" data-e-type=\"section\" id=\"main-sec\" data-settings=\"{&quot;background_background&quot;:&quot;classic&quot;}\">\n\t\t\t\t\t\t<div class=\"elementor-container elementor-column-gap-wide\">\n\t\t\t\t\t<div class=\"elementor-column elementor-col-100 elementor-top-column elementor-element elementor-element-d926441\" data-id=\"d926441\" data-element_type=\"column\" data-e-type=\"column\">\n\t\t\t<div class=\"elementor-widget-wrap elementor-element-populated\">\n\t\t\t\t\t\t<div class=\"elementor-element elementor-element-ac5c964 elementor-widget elementor-widget-text-editor\" data-id=\"ac5c964\" data-element_type=\"widget\" data-e-type=\"widget\" data-widget_type=\"text-editor.default\">\n\t\t\t\t<div class=\"elementor-widget-container\">\n\t\t\t\t\t\t\t\t\t<p>La Cl\u00ednica Veterinaria Coso cuenta con los mejores equipos e instalaciones a vuestra disposici\u00f3n para brindarte el m\u00e1s alto nivel de atenci\u00f3n. Disponemos de aparcamiento gratuito para nuestros clientes<\/p>\t\t\t\t\t\t\t\t<\/div>\n\t\t\t\t<\/div>\n\t\t\t\t<section class=\"elementor-section elementor-inner-section elementor-element elementor-element-98275a1 elementor-section-boxed elementor-section-height-default elementor-section-height-default\" data-id=\"98275a1\" data-element_type=\"section\" data-e-type=\"section\">\n\t\t\t\t\t\t<div class=\"elementor-container elementor-column-gap-default\">\n\t\t\t\t\t<div class=\"elementor-column elementor-col-50 elementor-inner-column elementor-element elementor-element-07b222c\" data-id=\"07b222c\" data-element_type=\"column\" data-e-type=\"column\">\n\t\t\t<div class=\"elementor-widget-wrap elementor-element-populated\">\n\t\t\t\t\t\t<div class=\"elementor-element elementor-element-44b52f4 elementor-widget elementor-widget-image\" data-id=\"44b52f4\" data-element_type=\"widget\" data-e-type=\"widget\" data-widget_type=\"image.default\">\n\t\t\t\t<div class=\"elementor-widget-container\">\n\t\t\t\t\t\t\t\t\t\t\t\t\t\t\t<img fetchpriority=\"high\" width=\"500\" height=\"707\" class=\"attachment-1536x1536 size-1536x1536 wp-image-19851 lazy\" alt=\"\" data-src=\"https:\/\/www.unavets.com\/coso\/wp-content\/uploads\/sites\/37\/2023\/10\/Blanco-Azul-Casa-Foto-Collage-Bienes-Raices-Inmobiliaria-Folleto-1.png\" data-lazy=\"https:\/\/www.unavets.com\/coso\/wp-content\/uploads\/sites\/37\/2023\/10\/Blanco-Azul-Casa-Foto-Collage-Bienes-Raices-Inmobiliaria-Folleto-1.png\" \/>\t\t\t\t\t\t\t\t\t\t\t\t\t\t\t<\/div>\n\t\t\t\t<\/div>\n\t\t\t\t\t<\/div>\n\t\t<\/div>\n\t\t\t\t<div class=\"elementor-column elementor-col-50 elementor-inner-column elementor-element elementor-element-e32254f\" data-id=\"e32254f\" data-element_type=\"column\" data-e-type=\"column\">\n\t\t\t<div class=\"elementor-widget-wrap elementor-element-populated\">\n\t\t\t\t\t\t<div class=\"elementor-element elementor-element-6494dd8 elementor-widget elementor-widget-text-editor\" data-id=\"6494dd8\" data-element_type=\"widget\" data-e-type=\"widget\" data-widget_type=\"text-editor.default\">\n\t\t\t\t<div class=\"elementor-widget-container\">\n\t\t\t\t\t\t\t\t\t<p data-sourcepos=\"16:1-16:181\">La Cl\u00ednica Veterinaria Coso es una cl\u00ednica veterinaria de servicio completo ubicada en el centro de Zaragoza. La cl\u00ednica cuenta con una amplia gama de instalaciones, incluyendo:<\/p><ul data-sourcepos=\"18:1-22:0\"><li data-sourcepos=\"18:1-18:125\"><strong>Sala de espera:<\/strong>\u00a0La sala de espera es espaciosa y est\u00e1 climatizada, con asientos c\u00f3modos para los due\u00f1os y sus mascotas.<\/li><li data-sourcepos=\"19:1-19:204\"><strong>Sala de ex\u00e1menes:<\/strong> La Sala de ex\u00e1menes est\u00e1 equipada con todos los equipos necesarios para diagnosticar y tratar a las mascotas.<\/li><li data-sourcepos=\"20:1-20:157\"><strong>Sala de hospitalizaci\u00f3n:<\/strong>\u00a0La Sala de hospitalizaci\u00f3n est\u00e1 climatizada y cuenta con camas c\u00f3modas para las mascotas que necesitan quedarse en la cl\u00ednica.<\/li><li data-sourcepos=\"21:1-22:0\"><strong>Tienda de mascotas:<\/strong> La Tienda de mascotas ofrece una amplia variedad de alimentos, juguetes, art\u00edculos de aseo y m\u00e1s.<\/li><li data-sourcepos=\"21:1-22:0\"><p data-sourcepos=\"43:1-43:97\"><strong>Disponemos de una completa equipaci\u00f3n para el diagn\u00f3stico y tratamiento de gatos, incluyendo:<\/strong><\/p><ul data-sourcepos=\"45:1-53:0\"><li data-sourcepos=\"45:1-45:34\">Endoscopia r\u00edgida y flexible<\/li><li data-sourcepos=\"46:1-46:29\">Ecograf\u00eda Doppler Color<\/li><li data-sourcepos=\"47:1-47:24\">Radiolog\u00eda digital<\/li><li data-sourcepos=\"48:1-48:34\">Quir\u00f3fano con monitorizaci\u00f3n<\/li><li data-sourcepos=\"49:1-49:23\">Sellador vascular<\/li><li data-sourcepos=\"50:1-50:20\">Electrocirug\u00eda<\/li><li data-sourcepos=\"51:1-51:19\">Unidad dental y radiolog\u00eda dental digital<\/li><\/ul><\/li><\/ul>\t\t\t\t\t\t\t\t<\/div>\n\t\t\t\t<\/div>\n\t\t\t\t\t<\/div>\n\t\t<\/div>\n\t\t\t\t\t<\/div>\n\t\t<\/section>\n\t\t\t\t<section class=\"elementor-section elementor-inner-section elementor-element elementor-element-cbd28ac elementor-section-boxed elementor-section-height-default elementor-section-height-default\" data-id=\"cbd28ac\" data-element_type=\"section\" data-e-type=\"section\">\n\t\t\t\t\t\t<div class=\"elementor-container elementor-column-gap-default\">\n\t\t\t\t\t<div class=\"elementor-column elementor-col-50 elementor-inner-column elementor-element elementor-element-e54cc90\" data-id=\"e54cc90\" data-element_type=\"column\" data-e-type=\"column\">\n\t\t\t<div class=\"elementor-widget-wrap elementor-element-populated\">\n\t\t\t\t\t\t<div class=\"elementor-element elementor-element-e77ffdd elementor-align-center elementor-widget elementor-widget-button\" data-id=\"e77ffdd\" data-element_type=\"widget\" data-e-type=\"widget\" data-widget_type=\"button.default\">\n\t\t\t\t<div class=\"elementor-widget-container\">\n\t\t\t\t\t\t\t\t\t<div class=\"elementor-button-wrapper\">\n\t\t\t\t\t<a class=\"elementor-button elementor-button-link elementor-size-sm\" href=\"https:\/\/www.unavets.com\/coso\/es\/nuestro-equipo\/\">\n\t\t\t\t\t\t<span class=\"elementor-button-content-wrapper\">\n\t\t\t\t\t\t\t\t\t<span class=\"elementor-button-text\">Nuestro Equipo<\/span>\n\t\t\t\t\t<\/span>\n\t\t\t\t\t<\/a>\n\t\t\t\t<\/div>\n\t\t\t\t\t\t\t\t<\/div>\n\t\t\t\t<\/div>\n\t\t\t\t\t<\/div>\n\t\t<\/div>\n\t\t\t\t<div class=\"elementor-column elementor-col-50 elementor-inner-column elementor-element elementor-element-dc3e6b5\" data-id=\"dc3e6b5\" data-element_type=\"column\" data-e-type=\"column\">\n\t\t\t<div class=\"elementor-widget-wrap elementor-element-populated\">\n\t\t\t\t\t\t<div class=\"elementor-element elementor-element-ebe1efe elementor-align-center elementor-widget elementor-widget-button\" data-id=\"ebe1efe\" data-element_type=\"widget\" data-e-type=\"widget\" data-widget_type=\"button.default\">\n\t\t\t\t<div class=\"elementor-widget-container\">\n\t\t\t\t\t\t\t\t\t<div class=\"elementor-button-wrapper\">\n\t\t\t\t\t<a class=\"elementor-button elementor-button-link elementor-size-sm\" href=\"https:\/\/www.unavets.com\/coso\/es\/servicios\/\">\n\t\t\t\t\t\t<span class=\"elementor-button-content-wrapper\">\n\t\t\t\t\t\t\t\t\t<span class=\"elementor-button-text\">Servicios<\/span>\n\t\t\t\t\t<\/span>\n\t\t\t\t\t<\/a>\n\t\t\t\t<\/div>\n\t\t\t\t\t\t\t\t<\/div>\n\t\t\t\t<\/div>\n\t\t\t\t\t<\/div>\n\t\t<\/div>\n\t\t\t\t\t<\/div>\n\t\t<\/section>\n\t\t\t\t\t<\/div>\n\t\t<\/div>\n\t\t\t\t\t<\/div>\n\t\t<\/section>\n\t\t\t\t<section class=\"elementor-section elementor-top-section elementor-element elementor-element-c64bf4c elementor-section-boxed elementor-section-height-default elementor-section-height-default\" data-id=\"c64bf4c\" data-element_type=\"section\" data-e-type=\"section\">\n\t\t\t\t\t\t<div class=\"elementor-container elementor-column-gap-default\">\n\t\t\t\t\t<div class=\"elementor-column elementor-col-100 elementor-top-column elementor-element elementor-element-46ea748\" data-id=\"46ea748\" data-element_type=\"column\" data-e-type=\"column\">\n\t\t\t<div class=\"elementor-widget-wrap elementor-element-populated\">\n\t\t\t\t\t\t<div class=\"elementor-element elementor-element-ad3e405 elementor-widget elementor-widget-gallery\" data-id=\"ad3e405\" data-element_type=\"widget\" data-e-type=\"widget\" data-settings=\"{&quot;columns&quot;:&quot;3&quot;,&quot;aspect_ratio&quot;:&quot;1:1&quot;,&quot;lazyload&quot;:&quot;yes&quot;,&quot;gallery_layout&quot;:&quot;grid&quot;,&quot;columns_tablet&quot;:2,&quot;columns_mobile&quot;:1,&quot;gap&quot;:{&quot;unit&quot;:&quot;px&quot;,&quot;size&quot;:10,&quot;sizes&quot;:[]},&quot;gap_tablet&quot;:{&quot;unit&quot;:&quot;px&quot;,&quot;size&quot;:10,&quot;sizes&quot;:[]},&quot;gap_mobile&quot;:{&quot;unit&quot;:&quot;px&quot;,&quot;size&quot;:10,&quot;sizes&quot;:[]},&quot;link_to&quot;:&quot;file&quot;,&quot;overlay_background&quot;:&quot;yes&quot;,&quot;content_hover_animation&quot;:&quot;fade-in&quot;}\" data-widget_type=\"gallery.default\">\n\t\t\t\t<div class=\"elementor-widget-container\">\n\t\t\t\t\t\t\t<div class=\"elementor-gallery__container\">\n\t\t\t\t\t\t\t<a class=\"e-gallery-item elementor-gallery-item elementor-animated-content\" href=\"https:\/\/www.unavets.com\/coso\/wp-content\/uploads\/sites\/37\/2023\/10\/quirofano-coso.jpg\" data-elementor-open-lightbox=\"yes\" data-elementor-lightbox-slideshow=\"ad3e405\" data-elementor-lightbox-title=\"quirofano coso\" data-e-action-hash=\"#elementor-action%3Aaction%3Dlightbox%26settings%3DeyJpZCI6MjAwMzAsInVybCI6Imh0dHBzOlwvXC93d3cudW5hdmV0cy5jb21cL2Nvc29cL3dwLWNvbnRlbnRcL3VwbG9hZHNcL3NpdGVzXC8zN1wvMjAyM1wvMTBcL3F1aXJvZmFuby1jb3NvLmpwZyIsInNsaWRlc2hvdyI6ImFkM2U0MDUifQ%3D%3D\">\n\t\t\t\t\t<div class=\"e-gallery-image elementor-gallery-item__image\" data-thumbnail=\"https:\/\/www.unavets.com\/coso\/wp-content\/uploads\/sites\/37\/2023\/10\/quirofano-coso.jpg\" data-width=\"724\" data-height=\"483\" aria-label=\"\" role=\"img\" ><\/div>\n\t\t\t\t\t\t\t\t\t\t\t<div class=\"elementor-gallery-item__overlay\"><\/div>\n\t\t\t\t\t\t\t\t\t\t\t\t\t\t<\/a>\n\t\t\t\t\t\t\t<a class=\"e-gallery-item elementor-gallery-item elementor-animated-content\" href=\"https:\/\/www.unavets.com\/coso\/wp-content\/uploads\/sites\/37\/2023\/10\/laboratorio-veterinario-zaragoza-coso2-1.jpg\" data-elementor-open-lightbox=\"yes\" data-elementor-lightbox-slideshow=\"ad3e405\" data-elementor-lightbox-title=\"laboratorio veterinario zaragoza coso2\" data-e-action-hash=\"#elementor-action%3Aaction%3Dlightbox%26settings%3DeyJpZCI6MjAwMjgsInVybCI6Imh0dHBzOlwvXC93d3cudW5hdmV0cy5jb21cL2Nvc29cL3dwLWNvbnRlbnRcL3VwbG9hZHNcL3NpdGVzXC8zN1wvMjAyM1wvMTBcL2xhYm9yYXRvcmlvLXZldGVyaW5hcmlvLXphcmFnb3phLWNvc28yLTEuanBnIiwic2xpZGVzaG93IjoiYWQzZTQwNSJ9\">\n\t\t\t\t\t<div class=\"e-gallery-image elementor-gallery-item__image\" data-thumbnail=\"https:\/\/www.unavets.com\/coso\/wp-content\/uploads\/sites\/37\/2023\/10\/laboratorio-veterinario-zaragoza-coso2-1.jpg\" data-width=\"724\" data-height=\"465\" aria-label=\"\" role=\"img\" ><\/div>\n\t\t\t\t\t\t\t\t\t\t\t<div class=\"elementor-gallery-item__overlay\"><\/div>\n\t\t\t\t\t\t\t\t\t\t\t\t\t\t<\/a>\n\t\t\t\t\t\t\t<a class=\"e-gallery-item elementor-gallery-item elementor-animated-content\" href=\"https:\/\/www.unavets.com\/coso\/wp-content\/uploads\/sites\/37\/2023\/10\/laboratorio-veterinario-zaragoza-coso-1.jpg\" data-elementor-open-lightbox=\"yes\" data-elementor-lightbox-slideshow=\"ad3e405\" data-elementor-lightbox-title=\"laboratorio veterinario zaragoza coso\" data-e-action-hash=\"#elementor-action%3Aaction%3Dlightbox%26settings%3DeyJpZCI6MjAwMjYsInVybCI6Imh0dHBzOlwvXC93d3cudW5hdmV0cy5jb21cL2Nvc29cL3dwLWNvbnRlbnRcL3VwbG9hZHNcL3NpdGVzXC8zN1wvMjAyM1wvMTBcL2xhYm9yYXRvcmlvLXZldGVyaW5hcmlvLXphcmFnb3phLWNvc28tMS5qcGciLCJzbGlkZXNob3ciOiJhZDNlNDA1In0%3D\">\n\t\t\t\t\t<div class=\"e-gallery-image elementor-gallery-item__image\" data-thumbnail=\"https:\/\/www.unavets.com\/coso\/wp-content\/uploads\/sites\/37\/2023\/10\/laboratorio-veterinario-zaragoza-coso-1.jpg\" data-width=\"721\" data-height=\"481\" aria-label=\"\" role=\"img\" ><\/div>\n\t\t\t\t\t\t\t\t\t\t\t<div class=\"elementor-gallery-item__overlay\"><\/div>\n\t\t\t\t\t\t\t\t\t\t\t\t\t\t<\/a>\n\t\t\t\t\t\t\t<a class=\"e-gallery-item elementor-gallery-item elementor-animated-content\" href=\"https:\/\/www.unavets.com\/coso\/wp-content\/uploads\/sites\/37\/2023\/10\/Unavets-Zaragoza-19-1.jpg\" data-elementor-open-lightbox=\"yes\" data-elementor-lightbox-slideshow=\"ad3e405\" data-elementor-lightbox-title=\"Unavets Zaragoza -19\" data-e-action-hash=\"#elementor-action%3Aaction%3Dlightbox%26settings%3DeyJpZCI6MjAwMjMsInVybCI6Imh0dHBzOlwvXC93d3cudW5hdmV0cy5jb21cL2Nvc29cL3dwLWNvbnRlbnRcL3VwbG9hZHNcL3NpdGVzXC8zN1wvMjAyM1wvMTBcL1VuYXZldHMtWmFyYWdvemEtMTktMS5qcGciLCJzbGlkZXNob3ciOiJhZDNlNDA1In0%3D\">\n\t\t\t\t\t<div class=\"e-gallery-image elementor-gallery-item__image\" data-thumbnail=\"https:\/\/www.unavets.com\/coso\/wp-content\/uploads\/sites\/37\/2023\/10\/Unavets-Zaragoza-19-1.jpg\" data-width=\"724\" data-height=\"465\" aria-label=\"\" role=\"img\" ><\/div>\n\t\t\t\t\t\t\t\t\t\t\t<div class=\"elementor-gallery-item__overlay\"><\/div>\n\t\t\t\t\t\t\t\t\t\t\t\t\t\t<\/a>\n\t\t\t\t\t\t\t<a class=\"e-gallery-item elementor-gallery-item elementor-animated-content\" href=\"https:\/\/www.unavets.com\/coso\/wp-content\/uploads\/sites\/37\/2023\/10\/Unavets-Zaragoza-35-1.jpg\" data-elementor-open-lightbox=\"yes\" data-elementor-lightbox-slideshow=\"ad3e405\" data-elementor-lightbox-title=\"Unavets Zaragoza -35\" data-e-action-hash=\"#elementor-action%3Aaction%3Dlightbox%26settings%3DeyJpZCI6MjAwMjEsInVybCI6Imh0dHBzOlwvXC93d3cudW5hdmV0cy5jb21cL2Nvc29cL3dwLWNvbnRlbnRcL3VwbG9hZHNcL3NpdGVzXC8zN1wvMjAyM1wvMTBcL1VuYXZldHMtWmFyYWdvemEtMzUtMS5qcGciLCJzbGlkZXNob3ciOiJhZDNlNDA1In0%3D\">\n\t\t\t\t\t<div class=\"e-gallery-image elementor-gallery-item__image\" data-thumbnail=\"https:\/\/www.unavets.com\/coso\/wp-content\/uploads\/sites\/37\/2023\/10\/Unavets-Zaragoza-35-1.jpg\" data-width=\"724\" data-height=\"483\" aria-label=\"\" role=\"img\" ><\/div>\n\t\t\t\t\t\t\t\t\t\t\t<div class=\"elementor-gallery-item__overlay\"><\/div>\n\t\t\t\t\t\t\t\t\t\t\t\t\t\t<\/a>\n\t\t\t\t\t\t\t<a class=\"e-gallery-item elementor-gallery-item elementor-animated-content\" href=\"https:\/\/www.unavets.com\/coso\/wp-content\/uploads\/sites\/37\/2023\/10\/Unavets-Zaragoza-40-1.jpg\" data-elementor-open-lightbox=\"yes\" data-elementor-lightbox-slideshow=\"ad3e405\" data-elementor-lightbox-title=\"Unavets Zaragoza -40\" data-e-action-hash=\"#elementor-action%3Aaction%3Dlightbox%26settings%3DeyJpZCI6MjAwMTksInVybCI6Imh0dHBzOlwvXC93d3cudW5hdmV0cy5jb21cL2Nvc29cL3dwLWNvbnRlbnRcL3VwbG9hZHNcL3NpdGVzXC8zN1wvMjAyM1wvMTBcL1VuYXZldHMtWmFyYWdvemEtNDAtMS5qcGciLCJzbGlkZXNob3ciOiJhZDNlNDA1In0%3D\">\n\t\t\t\t\t<div class=\"e-gallery-image elementor-gallery-item__image\" data-thumbnail=\"https:\/\/www.unavets.com\/coso\/wp-content\/uploads\/sites\/37\/2023\/10\/Unavets-Zaragoza-40-1.jpg\" data-width=\"724\" data-height=\"483\" aria-label=\"\" role=\"img\" ><\/div>\n\t\t\t\t\t\t\t\t\t\t\t<div class=\"elementor-gallery-item__overlay\"><\/div>\n\t\t\t\t\t\t\t\t\t\t\t\t\t\t<\/a>\n\t\t\t\t\t<\/div>\n\t\t\t\t\t<\/div>\n\t\t\t\t<\/div>\n\t\t\t\t\t<\/div>\n\t\t<\/div>\n\t\t\t\t\t<\/div>\n\t\t<\/section>\n\t\t\t\t<\/div>\n\t\t","protected":false},"excerpt":{"rendered":"<p>La Cl\u00ednica Veterinaria Coso cuenta con los mejores equipos e instalaciones a vuestra disposici\u00f3n para brindarte el m\u00e1s alto nivel de atenci\u00f3n. Disponemos de aparcamiento gratuito para nuestros clientes La Cl\u00ednica Veterinaria Coso es una cl\u00ednica veterinaria de servicio completo ubicada en el centro de Zaragoza. La cl\u00ednica cuenta con una amplia gama de instalaciones, &hellip; <\/p>\n","protected":false},"author":1,"featured_media":0,"parent":0,"menu_order":0,"comment_status":"closed","ping_status":"closed","template":"page-fullwidth.php","meta":{"_acf_changed":false,"content-type":"","footnotes":""},"class_list":["post-13558","page","type-page","status-publish","hentry"],"acf":[],"_links":{"self":[{"href":"https:\/\/www.unavets.com\/coso\/es\/wp-json\/wp\/v2\/pages\/13558","targetHints":{"allow":["GET"]}}],"collection":[{"href":"https:\/\/www.unavets.com\/coso\/es\/wp-json\/wp\/v2\/pages"}],"about":[{"href":"https:\/\/www.unavets.com\/coso\/es\/wp-json\/wp\/v2\/types\/page"}],"author":[{"embeddable":true,"href":"https:\/\/www.unavets.com\/coso\/es\/wp-json\/wp\/v2\/users\/1"}],"replies":[{"embeddable":true,"href":"https:\/\/www.unavets.com\/coso\/es\/wp-json\/wp\/v2\/comments?post=13558"}],"version-history":[{"count":10,"href":"https:\/\/www.unavets.com\/coso\/es\/wp-json\/wp\/v2\/pages\/13558\/revisions"}],"predecessor-version":[{"id":20117,"href":"https:\/\/www.unavets.com\/coso\/es\/wp-json\/wp\/v2\/pages\/13558\/revisions\/20117"}],"wp:attachment":[{"href":"https:\/\/www.unavets.com\/coso\/es\/wp-json\/wp\/v2\/media?parent=13558"}],"curies":[{"name":"wp","href":"https:\/\/api.w.org\/{rel}","templated":true}]}}