{"id":12997,"date":"2021-01-04T08:19:34","date_gmt":"2021-01-04T08:19:34","guid":{"rendered":"http:\/\/www.unavets.com\/coso\/?page_id=12997"},"modified":"2026-05-07T11:20:31","modified_gmt":"2026-05-07T11:20:31","slug":"quienes-somos","status":"publish","type":"page","link":"https:\/\/www.unavets.com\/coso\/es\/quienes-somos\/","title":{"rendered":"Qui\u00e9nes Somos"},"content":{"rendered":"\t\t<div data-elementor-type=\"wp-page\" data-elementor-id=\"12997\" class=\"elementor elementor-12997 elementor-268\" data-elementor-post-type=\"page\">\n\t\t\t\t\t\t<section class=\"elementor-section elementor-top-section elementor-element elementor-element-54cf215 pad-top-0 elementor-section-boxed elementor-section-height-default elementor-section-height-default\" data-id=\"54cf215\" data-element_type=\"section\" data-e-type=\"section\" id=\"main-sec\" data-settings=\"{&quot;background_background&quot;:&quot;classic&quot;}\">\n\t\t\t\t\t\t<div class=\"elementor-container elementor-column-gap-default\">\n\t\t\t\t\t<div class=\"elementor-column elementor-col-100 elementor-top-column elementor-element elementor-element-d926441\" data-id=\"d926441\" data-element_type=\"column\" data-e-type=\"column\">\n\t\t\t<div class=\"elementor-widget-wrap elementor-element-populated\">\n\t\t\t\t\t\t<div class=\"elementor-element elementor-element-9725bcd elementor-widget elementor-widget-section_titleleft\" data-id=\"9725bcd\" data-element_type=\"widget\" data-e-type=\"widget\" data-widget_type=\"section_titleleft.default\">\n\t\t\t\t<div class=\"elementor-widget-container\">\n\t\t\t\t\t        <div class=\"ab_text-title fl-wrap\">\n            <h3>Tu Cl\u00ednica Veterinaria en Zaragoza<\/h3>Desde hace m\u00e1s de 25 a\u00f1os trabajando y creciendo enfocados en su salud y bienestar\n<span class=\"section-separator fl-sec-sep\"><\/span>        <\/div>\n        \t\t\t\t<\/div>\n\t\t\t\t<\/div>\n\t\t\t\t<section class=\"elementor-section elementor-inner-section elementor-element elementor-element-35814f4 elementor-section-full_width elementor-section-height-default elementor-section-height-default\" data-id=\"35814f4\" data-element_type=\"section\" data-e-type=\"section\">\n\t\t\t\t\t\t<div class=\"elementor-container elementor-column-gap-wide\">\n\t\t\t\t\t<div class=\"elementor-column elementor-col-50 elementor-inner-column elementor-element elementor-element-7fa3f34\" data-id=\"7fa3f34\" data-element_type=\"column\" data-e-type=\"column\">\n\t\t\t<div class=\"elementor-widget-wrap elementor-element-populated\">\n\t\t\t\t\t\t<div class=\"elementor-element elementor-element-9e79898 elementor-widget elementor-widget-image\" data-id=\"9e79898\" data-element_type=\"widget\" data-e-type=\"widget\" data-widget_type=\"image.default\">\n\t\t\t\t<div class=\"elementor-widget-container\">\n\t\t\t\t\t\t\t\t\t\t\t\t\t\t\t<img fetchpriority=\"high\" width=\"819\" height=\"546\" class=\"attachment-full size-full wp-image-19494 lazy\" alt=\"\" data-src=\"https:\/\/www.unavets.com\/coso\/wp-content\/uploads\/sites\/37\/2023\/10\/Unavets-Zaragoza-8.jpg\" data-lazy=\"https:\/\/www.unavets.com\/coso\/wp-content\/uploads\/sites\/37\/2023\/10\/Unavets-Zaragoza-8.jpg\" \/>\t\t\t\t\t\t\t\t\t\t\t\t\t\t\t<\/div>\n\t\t\t\t<\/div>\n\t\t\t\t\t<\/div>\n\t\t<\/div>\n\t\t\t\t<div class=\"elementor-column elementor-col-50 elementor-inner-column elementor-element elementor-element-202374d\" data-id=\"202374d\" data-element_type=\"column\" data-e-type=\"column\">\n\t\t\t<div class=\"elementor-widget-wrap elementor-element-populated\">\n\t\t\t\t\t\t<div class=\"elementor-element elementor-element-3b393ce about-wrap elementor-widget elementor-widget-text-editor\" data-id=\"3b393ce\" data-element_type=\"widget\" data-e-type=\"widget\" data-widget_type=\"text-editor.default\">\n\t\t\t\t<div class=\"elementor-widget-container\">\n\t\t\t\t\t\t\t\t\t<p>Tenemos una trayectoria de <strong>m\u00e1s de 25 a\u00f1os, dedicados a cuidar y mejorar la salud de tus mascotas.<\/strong> Durante todo este tiempo, hemos trabajado arduamente para crecer y evolucionar, siempre enfocados en el bienestar de los animales que nos conf\u00edan. Nuestro compromiso es brindarles la mejor atenci\u00f3n y cuidado posible, garantizando as\u00ed su salud y calidad de vida.<\/p><p><strong>Especializados en Medicina Felina en Zaragoza, entendemos que los gatos son seres \u00fanicos y requieren un enfoque especializado<\/strong>. En nuestra cl\u00ednica, recibir\u00e1n una atenci\u00f3n y un manejo diferenciado, adaptado a sus necesidades espec\u00edficas. Nos enorgullece contar con los mejores medios veterinarios en Zaragoza.<\/p><p>Nos mantenemos <strong>constantemente actualizados en los \u00faltimos avances tecnol\u00f3gicos y cient\u00edficos<\/strong> para ofrecer un servicio de calidad y vanguardia. Nuestro compromiso con la excelencia nos impulsa a seguir aprendiendo y mejorando, para brindar a tus mascotas la mejor atenci\u00f3n posible.<\/p>\t\t\t\t\t\t\t\t<\/div>\n\t\t\t\t<\/div>\n\t\t\t\t\t<\/div>\n\t\t<\/div>\n\t\t\t\t\t<\/div>\n\t\t<\/section>\n\t\t\t\t<section class=\"elementor-section elementor-inner-section elementor-element elementor-element-31d68ae elementor-section-boxed elementor-section-height-default elementor-section-height-default\" data-id=\"31d68ae\" data-element_type=\"section\" data-e-type=\"section\">\n\t\t\t\t\t\t<div class=\"elementor-container elementor-column-gap-default\">\n\t\t\t\t\t<div class=\"elementor-column elementor-col-50 elementor-inner-column elementor-element elementor-element-8ddd41b\" data-id=\"8ddd41b\" data-element_type=\"column\" data-e-type=\"column\">\n\t\t\t<div class=\"elementor-widget-wrap elementor-element-populated\">\n\t\t\t\t\t\t<div class=\"elementor-element elementor-element-c87b63e elementor-align-center elementor-widget elementor-widget-button\" data-id=\"c87b63e\" data-element_type=\"widget\" data-e-type=\"widget\" data-widget_type=\"button.default\">\n\t\t\t\t<div class=\"elementor-widget-container\">\n\t\t\t\t\t\t\t\t\t<div class=\"elementor-button-wrapper\">\n\t\t\t\t\t<a class=\"elementor-button elementor-button-link elementor-size-sm\" href=\"\/coso\/es\/instalaciones\/\">\n\t\t\t\t\t\t<span class=\"elementor-button-content-wrapper\">\n\t\t\t\t\t\t\t\t\t<span class=\"elementor-button-text\">Instalaciones<\/span>\n\t\t\t\t\t<\/span>\n\t\t\t\t\t<\/a>\n\t\t\t\t<\/div>\n\t\t\t\t\t\t\t\t<\/div>\n\t\t\t\t<\/div>\n\t\t\t\t\t<\/div>\n\t\t<\/div>\n\t\t\t\t<div class=\"elementor-column elementor-col-50 elementor-inner-column elementor-element elementor-element-d044a7e\" data-id=\"d044a7e\" data-element_type=\"column\" data-e-type=\"column\">\n\t\t\t<div class=\"elementor-widget-wrap elementor-element-populated\">\n\t\t\t\t\t\t<div class=\"elementor-element elementor-element-75ee515 elementor-align-center elementor-widget elementor-widget-button\" data-id=\"75ee515\" data-element_type=\"widget\" data-e-type=\"widget\" data-widget_type=\"button.default\">\n\t\t\t\t<div class=\"elementor-widget-container\">\n\t\t\t\t\t\t\t\t\t<div class=\"elementor-button-wrapper\">\n\t\t\t\t\t<a class=\"elementor-button elementor-button-link elementor-size-sm\" href=\"\/coso\/es\/nuestro-equipo\/\">\n\t\t\t\t\t\t<span class=\"elementor-button-content-wrapper\">\n\t\t\t\t\t\t\t\t\t<span class=\"elementor-button-text\">Equipo<\/span>\n\t\t\t\t\t<\/span>\n\t\t\t\t\t<\/a>\n\t\t\t\t<\/div>\n\t\t\t\t\t\t\t\t<\/div>\n\t\t\t\t<\/div>\n\t\t\t\t\t<\/div>\n\t\t<\/div>\n\t\t\t\t\t<\/div>\n\t\t<\/section>\n\t\t\t\t\t<\/div>\n\t\t<\/div>\n\t\t\t\t\t<\/div>\n\t\t<\/section>\n\t\t\t\t<section class=\"elementor-section elementor-top-section elementor-element elementor-element-38295de elementor-section-boxed elementor-section-height-default elementor-section-height-default\" data-id=\"38295de\" data-element_type=\"section\" data-e-type=\"section\">\n\t\t\t\t\t\t<div class=\"elementor-container elementor-column-gap-default\">\n\t\t\t\t\t<div class=\"elementor-column elementor-col-100 elementor-top-column elementor-element elementor-element-c3d38f1\" data-id=\"c3d38f1\" data-element_type=\"column\" data-e-type=\"column\">\n\t\t\t<div class=\"elementor-widget-wrap elementor-element-populated\">\n\t\t\t\t\t\t<div class=\"elementor-element elementor-element-233379b elementor-widget elementor-widget-gallery\" data-id=\"233379b\" data-element_type=\"widget\" data-e-type=\"widget\" data-settings=\"{&quot;columns&quot;:&quot;3&quot;,&quot;aspect_ratio&quot;:&quot;1:1&quot;,&quot;lazyload&quot;:&quot;yes&quot;,&quot;gallery_layout&quot;:&quot;grid&quot;,&quot;columns_tablet&quot;:2,&quot;columns_mobile&quot;:1,&quot;gap&quot;:{&quot;unit&quot;:&quot;px&quot;,&quot;size&quot;:10,&quot;sizes&quot;:[]},&quot;gap_tablet&quot;:{&quot;unit&quot;:&quot;px&quot;,&quot;size&quot;:10,&quot;sizes&quot;:[]},&quot;gap_mobile&quot;:{&quot;unit&quot;:&quot;px&quot;,&quot;size&quot;:10,&quot;sizes&quot;:[]},&quot;link_to&quot;:&quot;file&quot;,&quot;overlay_background&quot;:&quot;yes&quot;,&quot;content_hover_animation&quot;:&quot;fade-in&quot;}\" data-widget_type=\"gallery.default\">\n\t\t\t\t<div class=\"elementor-widget-container\">\n\t\t\t\t\t\t\t<div class=\"elementor-gallery__container\">\n\t\t\t\t\t\t\t<a class=\"e-gallery-item elementor-gallery-item elementor-animated-content\" href=\"https:\/\/www.unavets.com\/coso\/wp-content\/uploads\/sites\/37\/2023\/10\/Melocoton-Pincelada-Trazo-Fotografia-Logotipo-1-e1696516969930.png\" data-elementor-open-lightbox=\"yes\" data-elementor-lightbox-slideshow=\"233379b\" data-elementor-lightbox-title=\"diagnositico por imagen veterinarios zaragoza\" data-e-action-hash=\"#elementor-action%3Aaction%3Dlightbox%26settings%3DeyJpZCI6MTk2NDksInVybCI6Imh0dHBzOlwvXC93d3cudW5hdmV0cy5jb21cL2Nvc29cL3dwLWNvbnRlbnRcL3VwbG9hZHNcL3NpdGVzXC8zN1wvMjAyM1wvMTBcL01lbG9jb3Rvbi1QaW5jZWxhZGEtVHJhem8tRm90b2dyYWZpYS1Mb2dvdGlwby0xLWUxNjk2NTE2OTY5OTMwLnBuZyIsInNsaWRlc2hvdyI6IjIzMzM3OWIifQ%3D%3D\">\n\t\t\t\t\t<div class=\"e-gallery-image elementor-gallery-item__image\" data-thumbnail=\"https:\/\/www.unavets.com\/coso\/wp-content\/uploads\/sites\/37\/2023\/10\/Melocoton-Pincelada-Trazo-Fotografia-Logotipo-1-e1696516969930.png\" data-width=\"498\" data-height=\"345\" aria-label=\"\" role=\"img\" ><\/div>\n\t\t\t\t\t\t\t\t\t\t\t<div class=\"elementor-gallery-item__overlay\"><\/div>\n\t\t\t\t\t\t\t\t\t\t\t\t\t\t<\/a>\n\t\t\t\t\t\t\t<a class=\"e-gallery-item elementor-gallery-item elementor-animated-content\" href=\"https:\/\/www.unavets.com\/coso\/wp-content\/uploads\/sites\/37\/2023\/10\/Unavets-Zaragoza-40.jpg\" data-elementor-open-lightbox=\"yes\" data-elementor-lightbox-slideshow=\"233379b\" data-elementor-lightbox-title=\"Unavets Zaragoza -40\" data-e-action-hash=\"#elementor-action%3Aaction%3Dlightbox%26settings%3DeyJpZCI6MTk5NzAsInVybCI6Imh0dHBzOlwvXC93d3cudW5hdmV0cy5jb21cL2Nvc29cL3dwLWNvbnRlbnRcL3VwbG9hZHNcL3NpdGVzXC8zN1wvMjAyM1wvMTBcL1VuYXZldHMtWmFyYWdvemEtNDAuanBnIiwic2xpZGVzaG93IjoiMjMzMzc5YiJ9\">\n\t\t\t\t\t<div class=\"e-gallery-image elementor-gallery-item__image\" data-thumbnail=\"https:\/\/www.unavets.com\/coso\/wp-content\/uploads\/sites\/37\/2023\/10\/Unavets-Zaragoza-40.jpg\" data-width=\"724\" data-height=\"483\" aria-label=\"\" role=\"img\" ><\/div>\n\t\t\t\t\t\t\t\t\t\t\t<div class=\"elementor-gallery-item__overlay\"><\/div>\n\t\t\t\t\t\t\t\t\t\t\t\t\t\t<\/a>\n\t\t\t\t\t\t\t<a class=\"e-gallery-item elementor-gallery-item elementor-animated-content\" href=\"https:\/\/www.unavets.com\/coso\/wp-content\/uploads\/sites\/37\/2023\/10\/Melocoton-Pincelada-Trazo-Fotografia-Logotipo-2-e1696516877773.png\" data-elementor-open-lightbox=\"yes\" data-elementor-lightbox-slideshow=\"233379b\" data-elementor-lightbox-title=\"radiografia diagnostico por imagen veterinarios en zaragoza\" data-e-action-hash=\"#elementor-action%3Aaction%3Dlightbox%26settings%3DeyJpZCI6MTk2NTUsInVybCI6Imh0dHBzOlwvXC93d3cudW5hdmV0cy5jb21cL2Nvc29cL3dwLWNvbnRlbnRcL3VwbG9hZHNcL3NpdGVzXC8zN1wvMjAyM1wvMTBcL01lbG9jb3Rvbi1QaW5jZWxhZGEtVHJhem8tRm90b2dyYWZpYS1Mb2dvdGlwby0yLWUxNjk2NTE2ODc3NzczLnBuZyIsInNsaWRlc2hvdyI6IjIzMzM3OWIifQ%3D%3D\">\n\t\t\t\t\t<div class=\"e-gallery-image elementor-gallery-item__image\" data-thumbnail=\"https:\/\/www.unavets.com\/coso\/wp-content\/uploads\/sites\/37\/2023\/10\/Melocoton-Pincelada-Trazo-Fotografia-Logotipo-2-e1696516877773.png\" data-width=\"498\" data-height=\"396\" aria-label=\"\" role=\"img\" ><\/div>\n\t\t\t\t\t\t\t\t\t\t\t<div class=\"elementor-gallery-item__overlay\"><\/div>\n\t\t\t\t\t\t\t\t\t\t\t\t\t\t<\/a>\n\t\t\t\t\t\t\t<a class=\"e-gallery-item elementor-gallery-item elementor-animated-content\" href=\"https:\/\/www.unavets.com\/coso\/wp-content\/uploads\/sites\/37\/2023\/10\/Unavets-Zaragoza-19.jpg\" data-elementor-open-lightbox=\"yes\" data-elementor-lightbox-slideshow=\"233379b\" data-elementor-lightbox-title=\"Unavets Zaragoza -19\" data-e-action-hash=\"#elementor-action%3Aaction%3Dlightbox%26settings%3DeyJpZCI6MTk5NzQsInVybCI6Imh0dHBzOlwvXC93d3cudW5hdmV0cy5jb21cL2Nvc29cL3dwLWNvbnRlbnRcL3VwbG9hZHNcL3NpdGVzXC8zN1wvMjAyM1wvMTBcL1VuYXZldHMtWmFyYWdvemEtMTkuanBnIiwic2xpZGVzaG93IjoiMjMzMzc5YiJ9\">\n\t\t\t\t\t<div class=\"e-gallery-image elementor-gallery-item__image\" data-thumbnail=\"https:\/\/www.unavets.com\/coso\/wp-content\/uploads\/sites\/37\/2023\/10\/Unavets-Zaragoza-19.jpg\" data-width=\"724\" data-height=\"465\" aria-label=\"\" role=\"img\" ><\/div>\n\t\t\t\t\t\t\t\t\t\t\t<div class=\"elementor-gallery-item__overlay\"><\/div>\n\t\t\t\t\t\t\t\t\t\t\t\t\t\t<\/a>\n\t\t\t\t\t\t\t<a class=\"e-gallery-item elementor-gallery-item elementor-animated-content\" href=\"https:\/\/www.unavets.com\/coso\/wp-content\/uploads\/sites\/37\/2023\/10\/Unavets-Zaragoza-11.jpg\" data-elementor-open-lightbox=\"yes\" data-elementor-lightbox-slideshow=\"233379b\" data-elementor-lightbox-title=\"Unavets Zaragoza -11\" data-e-action-hash=\"#elementor-action%3Aaction%3Dlightbox%26settings%3DeyJpZCI6MTk5NzYsInVybCI6Imh0dHBzOlwvXC93d3cudW5hdmV0cy5jb21cL2Nvc29cL3dwLWNvbnRlbnRcL3VwbG9hZHNcL3NpdGVzXC8zN1wvMjAyM1wvMTBcL1VuYXZldHMtWmFyYWdvemEtMTEuanBnIiwic2xpZGVzaG93IjoiMjMzMzc5YiJ9\">\n\t\t\t\t\t<div class=\"e-gallery-image elementor-gallery-item__image\" data-thumbnail=\"https:\/\/www.unavets.com\/coso\/wp-content\/uploads\/sites\/37\/2023\/10\/Unavets-Zaragoza-11.jpg\" data-width=\"724\" data-height=\"483\" aria-label=\"\" role=\"img\" ><\/div>\n\t\t\t\t\t\t\t\t\t\t\t<div class=\"elementor-gallery-item__overlay\"><\/div>\n\t\t\t\t\t\t\t\t\t\t\t\t\t\t<\/a>\n\t\t\t\t\t\t\t<a class=\"e-gallery-item elementor-gallery-item elementor-animated-content\" href=\"https:\/\/www.unavets.com\/coso\/wp-content\/uploads\/sites\/37\/2023\/10\/Unavets-Zaragoza-6-1.jpg\" data-elementor-open-lightbox=\"yes\" data-elementor-lightbox-slideshow=\"233379b\" data-elementor-lightbox-title=\"Unavets Zaragoza -6\" data-e-action-hash=\"#elementor-action%3Aaction%3Dlightbox%26settings%3DeyJpZCI6MTk5NzgsInVybCI6Imh0dHBzOlwvXC93d3cudW5hdmV0cy5jb21cL2Nvc29cL3dwLWNvbnRlbnRcL3VwbG9hZHNcL3NpdGVzXC8zN1wvMjAyM1wvMTBcL1VuYXZldHMtWmFyYWdvemEtNi0xLmpwZyIsInNsaWRlc2hvdyI6IjIzMzM3OWIifQ%3D%3D\">\n\t\t\t\t\t<div class=\"e-gallery-image elementor-gallery-item__image\" data-thumbnail=\"https:\/\/www.unavets.com\/coso\/wp-content\/uploads\/sites\/37\/2023\/10\/Unavets-Zaragoza-6-1.jpg\" data-width=\"724\" data-height=\"483\" aria-label=\"\" role=\"img\" ><\/div>\n\t\t\t\t\t\t\t\t\t\t\t<div class=\"elementor-gallery-item__overlay\"><\/div>\n\t\t\t\t\t\t\t\t\t\t\t\t\t\t<\/a>\n\t\t\t\t\t<\/div>\n\t\t\t\t\t<\/div>\n\t\t\t\t<\/div>\n\t\t\t\t\t<\/div>\n\t\t<\/div>\n\t\t\t\t\t<\/div>\n\t\t<\/section>\n\t\t\t\t<\/div>\n\t\t","protected":false},"excerpt":{"rendered":"<p>Tu Cl\u00ednica Veterinaria en Zaragoza Desde hace m\u00e1s de 25 a\u00f1os trabajando y creciendo enfocados en su salud y bienestar Tenemos una trayectoria de m\u00e1s de 25 a\u00f1os, dedicados a cuidar y mejorar la salud de tus mascotas. Durante todo este tiempo, hemos trabajado arduamente para crecer y evolucionar, siempre enfocados en el bienestar de &hellip; <\/p>\n","protected":false},"author":1,"featured_media":0,"parent":0,"menu_order":0,"comment_status":"closed","ping_status":"closed","template":"page-fullwidth.php","meta":{"_acf_changed":false,"content-type":"","footnotes":""},"class_list":["post-12997","page","type-page","status-publish","hentry"],"acf":[],"_links":{"self":[{"href":"https:\/\/www.unavets.com\/coso\/es\/wp-json\/wp\/v2\/pages\/12997","targetHints":{"allow":["GET"]}}],"collection":[{"href":"https:\/\/www.unavets.com\/coso\/es\/wp-json\/wp\/v2\/pages"}],"about":[{"href":"https:\/\/www.unavets.com\/coso\/es\/wp-json\/wp\/v2\/types\/page"}],"author":[{"embeddable":true,"href":"https:\/\/www.unavets.com\/coso\/es\/wp-json\/wp\/v2\/users\/1"}],"replies":[{"embeddable":true,"href":"https:\/\/www.unavets.com\/coso\/es\/wp-json\/wp\/v2\/comments?post=12997"}],"version-history":[{"count":19,"href":"https:\/\/www.unavets.com\/coso\/es\/wp-json\/wp\/v2\/pages\/12997\/revisions"}],"predecessor-version":[{"id":20418,"href":"https:\/\/www.unavets.com\/coso\/es\/wp-json\/wp\/v2\/pages\/12997\/revisions\/20418"}],"wp:attachment":[{"href":"https:\/\/www.unavets.com\/coso\/es\/wp-json\/wp\/v2\/media?parent=12997"}],"curies":[{"name":"wp","href":"https:\/\/api.w.org\/{rel}","templated":true}]}}