{"id":12975,"date":"2020-10-27T21:45:01","date_gmt":"2020-10-27T21:45:01","guid":{"rendered":"http:\/\/www.unavets.com\/coso\/neurology\/"},"modified":"2023-02-22T14:47:50","modified_gmt":"2023-02-22T14:47:50","slug":"neurologia","status":"publish","type":"page","link":"https:\/\/www.unavets.com\/coso\/es\/neurologia\/","title":{"rendered":"Neurolog\u00eda"},"content":{"rendered":"\t\t<div data-elementor-type=\"wp-page\" data-elementor-id=\"12975\" class=\"elementor elementor-12975 elementor-1134\" data-elementor-post-type=\"page\">\n\t\t\t\t\t\t<section class=\"elementor-section elementor-top-section elementor-element elementor-element-3b7f1f2 elementor-section-boxed elementor-section-height-default elementor-section-height-default\" data-id=\"3b7f1f2\" data-element_type=\"section\" data-e-type=\"section\" id=\"main-sec\">\n\t\t\t\t\t\t<div class=\"elementor-container elementor-column-gap-default\">\n\t\t\t\t\t<div class=\"elementor-column elementor-col-100 elementor-top-column elementor-element elementor-element-138c88c\" data-id=\"138c88c\" data-element_type=\"column\" data-e-type=\"column\">\n\t\t\t<div class=\"elementor-widget-wrap elementor-element-populated\">\n\t\t\t\t\t\t<div class=\"elementor-element elementor-element-ec83cf0 elementor-widget elementor-widget-section_titleleft\" data-id=\"ec83cf0\" data-element_type=\"widget\" data-e-type=\"widget\" data-widget_type=\"section_titleleft.default\">\n\t\t\t\t<div class=\"elementor-widget-container\">\n\t\t\t\t\t        <div class=\"ab_text-title fl-wrap\">\n            La neurolog\u00eda se encarga del diagn\u00f3stico y tratamiento de las enfermedades que afectan al sistema nervioso.<span class=\"section-separator fl-sec-sep\"><\/span>        <\/div>\n        \t\t\t\t<\/div>\n\t\t\t\t<\/div>\n\t\t\t\t\t<\/div>\n\t\t<\/div>\n\t\t\t\t\t<\/div>\n\t\t<\/section>\n\t\t\t\t<section class=\"elementor-section elementor-top-section elementor-element elementor-element-d993722 elementor-section-boxed elementor-section-height-default elementor-section-height-default\" data-id=\"d993722\" data-element_type=\"section\" data-e-type=\"section\">\n\t\t\t\t\t\t<div class=\"elementor-container elementor-column-gap-default\">\n\t\t\t\t\t<div class=\"elementor-column elementor-col-50 elementor-top-column elementor-element elementor-element-065811d\" data-id=\"065811d\" data-element_type=\"column\" data-e-type=\"column\">\n\t\t\t<div class=\"elementor-widget-wrap elementor-element-populated\">\n\t\t\t\t\t\t<div class=\"elementor-element elementor-element-63d99ac elementor-widget elementor-widget-text-editor\" data-id=\"63d99ac\" data-element_type=\"widget\" data-e-type=\"widget\" data-widget_type=\"text-editor.default\">\n\t\t\t\t<div class=\"elementor-widget-container\">\n\t\t\t\t\t\t\t\t\t<p>En Clinica Veterinaria Coso de Zaragoza somos especialistas en neurolog\u00eda. Las enfermedades neurol\u00f3gicas afectan tanto al sistema nervioso central (formado por el enc\u00e9falo y la m\u00e9dula espinal) como al sistema nervioso perif\u00e9rico (formado por los nervios que conectan el sistema nervioso central con los \u00f3rganos receptores).\u00a0<\/p><p>Entre los s\u00edntomas que pueden tener origen neurol\u00f3gico se encuentran:<\/p><ul><li>Paresia: ausencia parcial de movimiento voluntario en una o m\u00e1s extremidades.<\/li><li>Par\u00e1lisis: ausencia total de movimiento voluntario en una o m\u00e1s extremidades.<\/li><li>Ataxia y descoordinaci\u00f3n<\/li><li>Temblores<\/li><li>P\u00e9rdida de equilibrio, inclinaci\u00f3n de la cabeza<\/li><li>Comportamientos an\u00f3malos<\/li><li>Depresi\u00f3n del estado cognitivo<\/li><li>Convulsiones<\/li><\/ul>\t\t\t\t\t\t\t\t<\/div>\n\t\t\t\t<\/div>\n\t\t\t\t\t<\/div>\n\t\t<\/div>\n\t\t\t\t<div class=\"elementor-column elementor-col-50 elementor-top-column elementor-element elementor-element-2048e61\" data-id=\"2048e61\" data-element_type=\"column\" data-e-type=\"column\">\n\t\t\t<div class=\"elementor-widget-wrap elementor-element-populated\">\n\t\t\t\t\t\t<div class=\"elementor-element elementor-element-dc7c821 elementor-widget elementor-widget-image\" data-id=\"dc7c821\" data-element_type=\"widget\" data-e-type=\"widget\" data-widget_type=\"image.default\">\n\t\t\t\t<div class=\"elementor-widget-container\">\n\t\t\t\t\t\t\t\t\t\t\t\t\t\t\t<img fetchpriority=\"high\" width=\"500\" height=\"333\" class=\"attachment-large size-large wp-image-485 lazy\" alt=\"\" data-src=\"https:\/\/www.unavets.com\/coso\/wp-content\/uploads\/sites\/37\/2020\/10\/Depositphotos_19143729_original-1.jpg\" data-lazy=\"https:\/\/www.unavets.com\/coso\/wp-content\/uploads\/sites\/37\/2020\/10\/Depositphotos_19143729_original-1.jpg\" \/>\t\t\t\t\t\t\t\t\t\t\t\t\t\t\t<\/div>\n\t\t\t\t<\/div>\n\t\t\t\t<div class=\"elementor-element elementor-element-782bdef elementor-align-center elementor-widget elementor-widget-button\" data-id=\"782bdef\" data-element_type=\"widget\" data-e-type=\"widget\" data-widget_type=\"button.default\">\n\t\t\t\t<div class=\"elementor-widget-container\">\n\t\t\t\t\t\t\t\t\t<div class=\"elementor-button-wrapper\">\n\t\t\t\t\t<a class=\"elementor-button elementor-button-link elementor-size-md\" href=\"https:\/\/www.unavets.com\/gatigos\/es\/contacto\/\">\n\t\t\t\t\t\t<span class=\"elementor-button-content-wrapper\">\n\t\t\t\t\t\t<span class=\"elementor-button-icon\">\n\t\t\t\t<i aria-hidden=\"true\" class=\"far fa-calendar-alt\"><\/i>\t\t\t<\/span>\n\t\t\t\t\t\t\t\t\t<span class=\"elementor-button-text\">Pide cita<\/span>\n\t\t\t\t\t<\/span>\n\t\t\t\t\t<\/a>\n\t\t\t\t<\/div>\n\t\t\t\t\t\t\t\t<\/div>\n\t\t\t\t<\/div>\n\t\t\t\t\t<\/div>\n\t\t<\/div>\n\t\t\t\t\t<\/div>\n\t\t<\/section>\n\t\t\t\t<\/div>\n\t\t","protected":false},"excerpt":{"rendered":"<p>La neurolog\u00eda se encarga del diagn\u00f3stico y tratamiento de las enfermedades que afectan al sistema nervioso. En de somos especialistas en neurolog\u00eda. Las enfermedades neurol\u00f3gicas afectan tanto al sistema nervioso central (formado por el enc\u00e9falo y la m\u00e9dula espinal) como al sistema nervioso perif\u00e9rico (formado por los nervios que conectan el sistema nervioso central con &hellip; <\/p>\n","protected":false},"author":8,"featured_media":0,"parent":0,"menu_order":0,"comment_status":"closed","ping_status":"closed","template":"page-fullwidth.php","meta":{"_acf_changed":false,"content-type":"","footnotes":""},"class_list":["post-12975","page","type-page","status-publish","hentry"],"acf":[],"_links":{"self":[{"href":"https:\/\/www.unavets.com\/coso\/es\/wp-json\/wp\/v2\/pages\/12975","targetHints":{"allow":["GET"]}}],"collection":[{"href":"https:\/\/www.unavets.com\/coso\/es\/wp-json\/wp\/v2\/pages"}],"about":[{"href":"https:\/\/www.unavets.com\/coso\/es\/wp-json\/wp\/v2\/types\/page"}],"author":[{"embeddable":true,"href":"https:\/\/www.unavets.com\/coso\/es\/wp-json\/wp\/v2\/users\/8"}],"replies":[{"embeddable":true,"href":"https:\/\/www.unavets.com\/coso\/es\/wp-json\/wp\/v2\/comments?post=12975"}],"version-history":[{"count":0,"href":"https:\/\/www.unavets.com\/coso\/es\/wp-json\/wp\/v2\/pages\/12975\/revisions"}],"wp:attachment":[{"href":"https:\/\/www.unavets.com\/coso\/es\/wp-json\/wp\/v2\/media?parent=12975"}],"curies":[{"name":"wp","href":"https:\/\/api.w.org\/{rel}","templated":true}]}}