{"id":14798,"date":"2021-06-11T11:40:44","date_gmt":"2021-06-11T11:40:44","guid":{"rendered":"http:\/\/www.unavets.com\/clinicaveterinariatordera\/?page_id=14798"},"modified":"2024-03-22T13:25:08","modified_gmt":"2024-03-22T13:25:08","slug":"tienda-especializada","status":"publish","type":"page","link":"https:\/\/www.unavets.com\/clinicaveterinariatordera\/es\/tienda-especializada\/","title":{"rendered":"Tienda Especializada"},"content":{"rendered":"\t\t<div data-elementor-type=\"wp-page\" data-elementor-id=\"14798\" class=\"elementor elementor-14798 elementor-14795\" data-elementor-post-type=\"page\">\n\t\t\t\t\t\t<section class=\"elementor-section elementor-top-section elementor-element elementor-element-d993722 elementor-section-boxed elementor-section-height-default elementor-section-height-default\" data-id=\"d993722\" data-element_type=\"section\" data-e-type=\"section\" id=\"main-sec\">\n\t\t\t\t\t\t<div class=\"elementor-container elementor-column-gap-default\">\n\t\t\t\t\t<div class=\"elementor-column elementor-col-100 elementor-top-column elementor-element elementor-element-065811d\" data-id=\"065811d\" data-element_type=\"column\" data-e-type=\"column\">\n\t\t\t<div class=\"elementor-widget-wrap elementor-element-populated\">\n\t\t\t\t\t\t<div class=\"elementor-element elementor-element-63d99ac elementor-widget elementor-widget-text-editor\" data-id=\"63d99ac\" data-element_type=\"widget\" data-e-type=\"widget\" data-widget_type=\"text-editor.default\">\n\t\t\t\t<div class=\"elementor-widget-container\">\n\t\t\t\t\t\t\t\t\t<p>En Cl\u00ednica Veterin\u00e0ria Tordera contamos con una selecci\u00f3n cuidadosamente curada de alimentos de alta calidad, adaptados a las necesidades espec\u00edficas de cada mascota, ya sea cachorro, adulto o senior. Adem\u00e1s, nuestro equipo de expertos est\u00e1 siempre disponible para brindarte asesoramiento personalizado y recomendaciones sobre la alimentaci\u00f3n m\u00e1s adecuada para tu amigo peludo.<\/p><p>En nuestra tienda, tambi\u00e9n encontrar\u00e1s una amplia gama de productos para el cuidado y la higiene de tu mascota, desde champ\u00fas suaves hasta productos para el control de pulgas y garrapatas. Nos preocupamos por el bienestar integral de tu mascota, por lo que seleccionamos cuidadosamente cada producto para garantizar su seguridad y eficacia.<\/p><p>Adem\u00e1s de productos, tambi\u00e9n ofrecemos servicios adicionales, como consulta veterinaria, vacunaci\u00f3n, desparasitaci\u00f3n y mucho m\u00e1s. Nuestro objetivo es ser tu destino de confianza para todas las necesidades de cuidado de tus mascotas, brind\u00e1ndote la tranquilidad de saber que est\u00e1s proporcionando lo mejor para ellos.<\/p><p>Vis\u00edtanos en nuestra tienda y descubre todo lo que tenemos para ofrecerte. \u00a1Estamos aqu\u00ed para ayudarte a cuidar de tus mascotas y hacer que su vida sea lo m\u00e1s feliz y saludable posible!<\/p>\t\t\t\t\t\t\t\t<\/div>\n\t\t\t\t<\/div>\n\t\t\t\t<div class=\"elementor-element elementor-element-823cdfc elementor-align-center elementor-widget elementor-widget-button\" data-id=\"823cdfc\" data-element_type=\"widget\" data-e-type=\"widget\" data-widget_type=\"button.default\">\n\t\t\t\t<div class=\"elementor-widget-container\">\n\t\t\t\t\t\t\t\t\t<div class=\"elementor-button-wrapper\">\n\t\t\t\t\t<a class=\"elementor-button elementor-button-link elementor-size-md\" href=\"https:\/\/www.unavets.com\/clinicaveterinariatordera\/es\/contacto\/\">\n\t\t\t\t\t\t<span class=\"elementor-button-content-wrapper\">\n\t\t\t\t\t\t<span class=\"elementor-button-icon\">\n\t\t\t\t<i aria-hidden=\"true\" class=\"far fa-calendar-alt\"><\/i>\t\t\t<\/span>\n\t\t\t\t\t\t\t\t\t<span class=\"elementor-button-text\">Pide Cita<\/span>\n\t\t\t\t\t<\/span>\n\t\t\t\t\t<\/a>\n\t\t\t\t<\/div>\n\t\t\t\t\t\t\t\t<\/div>\n\t\t\t\t<\/div>\n\t\t\t\t<div class=\"elementor-element elementor-element-dc7c821 elementor-widget elementor-widget-image\" data-id=\"dc7c821\" data-element_type=\"widget\" data-e-type=\"widget\" data-widget_type=\"image.default\">\n\t\t\t\t<div class=\"elementor-widget-container\">\n\t\t\t\t\t\t\t\t\t\t\t\t\t\t\t<img fetchpriority=\"high\" width=\"724\" height=\"483\" class=\"attachment-medium_large size-medium_large wp-image-20362 lazy\" alt=\"\" data-src=\"https:\/\/www.unavets.com\/clinicaveterinariatordera\/wp-content\/uploads\/sites\/48\/2024\/03\/UNAVETS-07165-768x512.jpg\" data-lazy=\"https:\/\/www.unavets.com\/clinicaveterinariatordera\/wp-content\/uploads\/sites\/48\/2024\/03\/UNAVETS-07165-768x512.jpg\" \/>\t\t\t\t\t\t\t\t\t\t\t\t\t\t\t<\/div>\n\t\t\t\t<\/div>\n\t\t\t\t\t<\/div>\n\t\t<\/div>\n\t\t\t\t\t<\/div>\n\t\t<\/section>\n\t\t\t\t<\/div>\n\t\t","protected":false},"excerpt":{"rendered":"<p>En contamos con una selecci\u00f3n cuidadosamente curada de alimentos de alta calidad, adaptados a las necesidades espec\u00edficas de cada mascota, ya sea cachorro, adulto o senior. Adem\u00e1s, nuestro equipo de expertos est\u00e1 siempre disponible para brindarte asesoramiento personalizado y recomendaciones sobre la alimentaci\u00f3n m\u00e1s adecuada para tu amigo peludo. En nuestra tienda, tambi\u00e9n encontrar\u00e1s una &hellip; <\/p>\n","protected":false},"author":8,"featured_media":0,"parent":0,"menu_order":0,"comment_status":"closed","ping_status":"closed","template":"page-fullwidth.php","meta":{"_acf_changed":false,"content-type":"","footnotes":""},"class_list":["post-14798","page","type-page","status-publish","hentry"],"acf":[],"_links":{"self":[{"href":"https:\/\/www.unavets.com\/clinicaveterinariatordera\/es\/wp-json\/wp\/v2\/pages\/14798","targetHints":{"allow":["GET"]}}],"collection":[{"href":"https:\/\/www.unavets.com\/clinicaveterinariatordera\/es\/wp-json\/wp\/v2\/pages"}],"about":[{"href":"https:\/\/www.unavets.com\/clinicaveterinariatordera\/es\/wp-json\/wp\/v2\/types\/page"}],"author":[{"embeddable":true,"href":"https:\/\/www.unavets.com\/clinicaveterinariatordera\/es\/wp-json\/wp\/v2\/users\/8"}],"replies":[{"embeddable":true,"href":"https:\/\/www.unavets.com\/clinicaveterinariatordera\/es\/wp-json\/wp\/v2\/comments?post=14798"}],"version-history":[{"count":6,"href":"https:\/\/www.unavets.com\/clinicaveterinariatordera\/es\/wp-json\/wp\/v2\/pages\/14798\/revisions"}],"predecessor-version":[{"id":20516,"href":"https:\/\/www.unavets.com\/clinicaveterinariatordera\/es\/wp-json\/wp\/v2\/pages\/14798\/revisions\/20516"}],"wp:attachment":[{"href":"https:\/\/www.unavets.com\/clinicaveterinariatordera\/es\/wp-json\/wp\/v2\/media?parent=14798"}],"curies":[{"name":"wp","href":"https:\/\/api.w.org\/{rel}","templated":true}]}}