{"id":13558,"date":"2020-10-03T08:10:58","date_gmt":"2020-10-03T08:10:58","guid":{"rendered":"http:\/\/www.unavets.com\/clinicaveterinariatordera\/our-facilities\/"},"modified":"2024-07-01T12:38:51","modified_gmt":"2024-07-01T12:38:51","slug":"instalaciones","status":"publish","type":"page","link":"https:\/\/www.unavets.com\/clinicaveterinariatordera\/es\/instalaciones\/","title":{"rendered":"Instalaciones"},"content":{"rendered":"\t\t<div data-elementor-type=\"wp-page\" data-elementor-id=\"13558\" class=\"elementor elementor-13558 elementor-281\" data-elementor-post-type=\"page\">\n\t\t\t\t\t\t<section class=\"elementor-section elementor-top-section elementor-element elementor-element-54cf215 pad-top-0 elementor-section-boxed elementor-section-height-default elementor-section-height-default\" data-id=\"54cf215\" data-element_type=\"section\" data-e-type=\"section\" id=\"main-sec\" data-settings=\"{&quot;background_background&quot;:&quot;classic&quot;}\">\n\t\t\t\t\t\t<div class=\"elementor-container elementor-column-gap-wide\">\n\t\t\t\t\t<div class=\"elementor-column elementor-col-100 elementor-top-column elementor-element elementor-element-d926441\" data-id=\"d926441\" data-element_type=\"column\" data-e-type=\"column\">\n\t\t\t<div class=\"elementor-widget-wrap elementor-element-populated\">\n\t\t\t\t\t\t<div class=\"elementor-element elementor-element-ac5c964 elementor-widget elementor-widget-text-editor\" data-id=\"ac5c964\" data-element_type=\"widget\" data-e-type=\"widget\" data-widget_type=\"text-editor.default\">\n\t\t\t\t<div class=\"elementor-widget-container\">\n\t\t\t\t\t\t\t\t\t<p>Cl\u00ednica Veterinaria Tordera: Equipada para la atenci\u00f3n integral de tu mascota<br \/>En Cl\u00ednica Veterinaria Tordera, contamos con la m\u00e1s moderna tecnolog\u00eda y un equipo altamente capacitado para ofrecer una atenci\u00f3n integral a tu mascota.<\/p>\t\t\t\t\t\t\t\t<\/div>\n\t\t\t\t<\/div>\n\t\t\t\t<section class=\"elementor-section elementor-inner-section elementor-element elementor-element-98275a1 elementor-section-boxed elementor-section-height-default elementor-section-height-default\" data-id=\"98275a1\" data-element_type=\"section\" data-e-type=\"section\">\n\t\t\t\t\t\t<div class=\"elementor-container elementor-column-gap-default\">\n\t\t\t\t\t<div class=\"elementor-column elementor-col-50 elementor-inner-column elementor-element elementor-element-07b222c\" data-id=\"07b222c\" data-element_type=\"column\" data-e-type=\"column\">\n\t\t\t<div class=\"elementor-widget-wrap elementor-element-populated\">\n\t\t\t\t\t\t<div class=\"elementor-element elementor-element-44b52f4 elementor-widget elementor-widget-image\" data-id=\"44b52f4\" data-element_type=\"widget\" data-e-type=\"widget\" data-widget_type=\"image.default\">\n\t\t\t\t<div class=\"elementor-widget-container\">\n\t\t\t\t\t\t\t\t\t\t\t\t\t\t\t<img fetchpriority=\"high\" width=\"724\" height=\"483\" class=\"attachment-large size-large wp-image-20049 lazy\" alt=\"\" data-src=\"https:\/\/www.unavets.com\/clinicaveterinariatordera\/wp-content\/uploads\/sites\/48\/2024\/03\/quirofano-tordera-web.jpg\" data-lazy=\"https:\/\/www.unavets.com\/clinicaveterinariatordera\/wp-content\/uploads\/sites\/48\/2024\/03\/quirofano-tordera-web.jpg\" \/>\t\t\t\t\t\t\t\t\t\t\t\t\t\t\t<\/div>\n\t\t\t\t<\/div>\n\t\t\t\t\t<\/div>\n\t\t<\/div>\n\t\t\t\t<div class=\"elementor-column elementor-col-50 elementor-inner-column elementor-element elementor-element-e32254f\" data-id=\"e32254f\" data-element_type=\"column\" data-e-type=\"column\">\n\t\t\t<div class=\"elementor-widget-wrap elementor-element-populated\">\n\t\t\t\t\t\t<div class=\"elementor-element elementor-element-6494dd8 elementor-widget elementor-widget-text-editor\" data-id=\"6494dd8\" data-element_type=\"widget\" data-e-type=\"widget\" data-widget_type=\"text-editor.default\">\n\t\t\t\t<div class=\"elementor-widget-container\">\n\t\t\t\t\t\t\t\t\t<p>Disponemos de:<\/p><ul><li>Equipo de radiolog\u00eda: para obtener im\u00e1genes precisas de huesos y tejidos blandos.<\/li><li>Ec\u00f3grafo: para realizar diagn\u00f3sticos no invasivos.<\/li><li>Sala de hospitalizaci\u00f3n: para brindar atenci\u00f3n m\u00e9dica a los pacientes que lo necesitan.<\/li><li>\u00a0Laboratorio: para realizar an\u00e1lisis de sangre y otros tests diagn\u00f3sticos.<\/li><li>Sala de consutla: para atender a tus mascotas de forma personalizada.<\/li><li>Tienda de alimentaci\u00f3n y accesorios: para que encuentres todo lo que necesitas para tu mascota.<\/li><li>Peluquer\u00eda canina y felina: para que tu mascota luzca impecable y se sienta bien.<\/li><\/ul>\t\t\t\t\t\t\t\t<\/div>\n\t\t\t\t<\/div>\n\t\t\t\t\t<\/div>\n\t\t<\/div>\n\t\t\t\t\t<\/div>\n\t\t<\/section>\n\t\t\t\t<section class=\"elementor-section elementor-inner-section elementor-element elementor-element-cbd28ac elementor-section-boxed elementor-section-height-default elementor-section-height-default\" data-id=\"cbd28ac\" data-element_type=\"section\" data-e-type=\"section\">\n\t\t\t\t\t\t<div class=\"elementor-container elementor-column-gap-default\">\n\t\t\t\t\t<div class=\"elementor-column elementor-col-50 elementor-inner-column elementor-element elementor-element-e54cc90\" data-id=\"e54cc90\" data-element_type=\"column\" data-e-type=\"column\">\n\t\t\t<div class=\"elementor-widget-wrap elementor-element-populated\">\n\t\t\t\t\t\t<div class=\"elementor-element elementor-element-5db3b67 elementor-align-center elementor-widget elementor-widget-button\" data-id=\"5db3b67\" data-element_type=\"widget\" data-e-type=\"widget\" data-widget_type=\"button.default\">\n\t\t\t\t<div class=\"elementor-widget-container\">\n\t\t\t\t\t\t\t\t\t<div class=\"elementor-button-wrapper\">\n\t\t\t\t\t<a class=\"elementor-button elementor-button-link elementor-size-sm\" href=\"https:\/\/www.unavets.com\/clinicaveterinariatordera\/es\/nuestro-equipo\/\">\n\t\t\t\t\t\t<span class=\"elementor-button-content-wrapper\">\n\t\t\t\t\t\t\t\t\t<span class=\"elementor-button-text\">Nuestro Equipo<\/span>\n\t\t\t\t\t<\/span>\n\t\t\t\t\t<\/a>\n\t\t\t\t<\/div>\n\t\t\t\t\t\t\t\t<\/div>\n\t\t\t\t<\/div>\n\t\t\t\t\t<\/div>\n\t\t<\/div>\n\t\t\t\t<div class=\"elementor-column elementor-col-50 elementor-inner-column elementor-element elementor-element-dc3e6b5\" data-id=\"dc3e6b5\" data-element_type=\"column\" data-e-type=\"column\">\n\t\t\t<div class=\"elementor-widget-wrap elementor-element-populated\">\n\t\t\t\t\t\t<div class=\"elementor-element elementor-element-ebe1efe elementor-align-center elementor-widget elementor-widget-button\" data-id=\"ebe1efe\" data-element_type=\"widget\" data-e-type=\"widget\" data-widget_type=\"button.default\">\n\t\t\t\t<div class=\"elementor-widget-container\">\n\t\t\t\t\t\t\t\t\t<div class=\"elementor-button-wrapper\">\n\t\t\t\t\t<a class=\"elementor-button elementor-button-link elementor-size-sm\" href=\"https:\/\/www.unavets.com\/clinicaveterinariatordera\/es\/servicios\/\">\n\t\t\t\t\t\t<span class=\"elementor-button-content-wrapper\">\n\t\t\t\t\t\t\t\t\t<span class=\"elementor-button-text\">Servicios<\/span>\n\t\t\t\t\t<\/span>\n\t\t\t\t\t<\/a>\n\t\t\t\t<\/div>\n\t\t\t\t\t\t\t\t<\/div>\n\t\t\t\t<\/div>\n\t\t\t\t\t<\/div>\n\t\t<\/div>\n\t\t\t\t\t<\/div>\n\t\t<\/section>\n\t\t\t\t\t<\/div>\n\t\t<\/div>\n\t\t\t\t\t<\/div>\n\t\t<\/section>\n\t\t\t\t<section class=\"elementor-section elementor-top-section elementor-element elementor-element-b69c671 elementor-section-boxed elementor-section-height-default elementor-section-height-default\" data-id=\"b69c671\" data-element_type=\"section\" data-e-type=\"section\">\n\t\t\t\t\t\t<div class=\"elementor-container elementor-column-gap-default\">\n\t\t\t\t\t<div class=\"elementor-column elementor-col-100 elementor-top-column elementor-element elementor-element-18f6fe8\" data-id=\"18f6fe8\" data-element_type=\"column\" data-e-type=\"column\">\n\t\t\t<div class=\"elementor-widget-wrap elementor-element-populated\">\n\t\t\t\t\t\t<div class=\"elementor-element elementor-element-72824bb elementor-widget elementor-widget-gallery\" data-id=\"72824bb\" data-element_type=\"widget\" data-e-type=\"widget\" data-settings=\"{&quot;columns&quot;:&quot;3&quot;,&quot;aspect_ratio&quot;:&quot;1:1&quot;,&quot;lazyload&quot;:&quot;yes&quot;,&quot;gallery_layout&quot;:&quot;grid&quot;,&quot;columns_tablet&quot;:2,&quot;columns_mobile&quot;:1,&quot;gap&quot;:{&quot;unit&quot;:&quot;px&quot;,&quot;size&quot;:10,&quot;sizes&quot;:[]},&quot;gap_tablet&quot;:{&quot;unit&quot;:&quot;px&quot;,&quot;size&quot;:10,&quot;sizes&quot;:[]},&quot;gap_mobile&quot;:{&quot;unit&quot;:&quot;px&quot;,&quot;size&quot;:10,&quot;sizes&quot;:[]},&quot;link_to&quot;:&quot;file&quot;,&quot;overlay_background&quot;:&quot;yes&quot;,&quot;content_hover_animation&quot;:&quot;fade-in&quot;}\" data-widget_type=\"gallery.default\">\n\t\t\t\t<div class=\"elementor-widget-container\">\n\t\t\t\t\t\t\t<div class=\"elementor-gallery__container\">\n\t\t\t\t\t\t\t<a class=\"e-gallery-item elementor-gallery-item elementor-animated-content\" href=\"https:\/\/www.unavets.com\/clinicaveterinariatordera\/wp-content\/uploads\/sites\/48\/2024\/03\/clinica-veterinaria-tordera-web-.jpg\" data-elementor-open-lightbox=\"yes\" data-elementor-lightbox-slideshow=\"72824bb\" data-elementor-lightbox-title=\"clinica veterinaria tordera web\" data-e-action-hash=\"#elementor-action%3Aaction%3Dlightbox%26settings%3DeyJpZCI6MjAwMzIsInVybCI6Imh0dHBzOlwvXC93d3cudW5hdmV0cy5jb21cL2NsaW5pY2F2ZXRlcmluYXJpYXRvcmRlcmFcL3dwLWNvbnRlbnRcL3VwbG9hZHNcL3NpdGVzXC80OFwvMjAyNFwvMDNcL2NsaW5pY2EtdmV0ZXJpbmFyaWEtdG9yZGVyYS13ZWItLmpwZyIsInNsaWRlc2hvdyI6IjcyODI0YmIifQ%3D%3D\">\n\t\t\t\t\t<div class=\"e-gallery-image elementor-gallery-item__image\" data-thumbnail=\"https:\/\/www.unavets.com\/clinicaveterinariatordera\/wp-content\/uploads\/sites\/48\/2024\/03\/clinica-veterinaria-tordera-web-.jpg\" data-width=\"724\" data-height=\"483\" aria-label=\"\" role=\"img\" ><\/div>\n\t\t\t\t\t\t\t\t\t\t\t<div class=\"elementor-gallery-item__overlay\"><\/div>\n\t\t\t\t\t\t\t\t\t\t\t\t\t\t<\/a>\n\t\t\t\t\t\t\t<a class=\"e-gallery-item elementor-gallery-item elementor-animated-content\" href=\"https:\/\/www.unavets.com\/clinicaveterinariatordera\/wp-content\/uploads\/sites\/48\/2024\/03\/tordera-web-.jpg\" data-elementor-open-lightbox=\"yes\" data-elementor-lightbox-slideshow=\"72824bb\" data-elementor-lightbox-title=\"tordera web\" data-e-action-hash=\"#elementor-action%3Aaction%3Dlightbox%26settings%3DeyJpZCI6MjAwNTMsInVybCI6Imh0dHBzOlwvXC93d3cudW5hdmV0cy5jb21cL2NsaW5pY2F2ZXRlcmluYXJpYXRvcmRlcmFcL3dwLWNvbnRlbnRcL3VwbG9hZHNcL3NpdGVzXC80OFwvMjAyNFwvMDNcL3RvcmRlcmEtd2ViLS5qcGciLCJzbGlkZXNob3ciOiI3MjgyNGJiIn0%3D\">\n\t\t\t\t\t<div class=\"e-gallery-image elementor-gallery-item__image\" data-thumbnail=\"https:\/\/www.unavets.com\/clinicaveterinariatordera\/wp-content\/uploads\/sites\/48\/2024\/03\/tordera-web-.jpg\" data-width=\"724\" data-height=\"483\" aria-label=\"\" role=\"img\" ><\/div>\n\t\t\t\t\t\t\t\t\t\t\t<div class=\"elementor-gallery-item__overlay\"><\/div>\n\t\t\t\t\t\t\t\t\t\t\t\t\t\t<\/a>\n\t\t\t\t\t\t\t<a class=\"e-gallery-item elementor-gallery-item elementor-animated-content\" href=\"https:\/\/www.unavets.com\/clinicaveterinariatordera\/wp-content\/uploads\/sites\/48\/2024\/03\/peluqueria-tordera-web-1.jpg\" data-elementor-open-lightbox=\"yes\" data-elementor-lightbox-slideshow=\"72824bb\" data-elementor-lightbox-title=\"peluqueria tordera web\" data-e-action-hash=\"#elementor-action%3Aaction%3Dlightbox%26settings%3DeyJpZCI6MjAyMzIsInVybCI6Imh0dHBzOlwvXC93d3cudW5hdmV0cy5jb21cL2NsaW5pY2F2ZXRlcmluYXJpYXRvcmRlcmFcL3dwLWNvbnRlbnRcL3VwbG9hZHNcL3NpdGVzXC80OFwvMjAyNFwvMDNcL3BlbHVxdWVyaWEtdG9yZGVyYS13ZWItMS5qcGciLCJzbGlkZXNob3ciOiI3MjgyNGJiIn0%3D\">\n\t\t\t\t\t<div class=\"e-gallery-image elementor-gallery-item__image\" data-thumbnail=\"https:\/\/www.unavets.com\/clinicaveterinariatordera\/wp-content\/uploads\/sites\/48\/2024\/03\/peluqueria-tordera-web-1.jpg\" data-width=\"724\" data-height=\"483\" aria-label=\"\" role=\"img\" ><\/div>\n\t\t\t\t\t\t\t\t\t\t\t<div class=\"elementor-gallery-item__overlay\"><\/div>\n\t\t\t\t\t\t\t\t\t\t\t\t\t\t<\/a>\n\t\t\t\t\t\t\t<a class=\"e-gallery-item elementor-gallery-item elementor-animated-content\" href=\"https:\/\/www.unavets.com\/clinicaveterinariatordera\/wp-content\/uploads\/sites\/48\/2024\/03\/tienda-tordera-web-1.jpg\" data-elementor-open-lightbox=\"yes\" data-elementor-lightbox-slideshow=\"72824bb\" data-elementor-lightbox-title=\"tienda tordera web\" data-e-action-hash=\"#elementor-action%3Aaction%3Dlightbox%26settings%3DeyJpZCI6MjAyMzUsInVybCI6Imh0dHBzOlwvXC93d3cudW5hdmV0cy5jb21cL2NsaW5pY2F2ZXRlcmluYXJpYXRvcmRlcmFcL3dwLWNvbnRlbnRcL3VwbG9hZHNcL3NpdGVzXC80OFwvMjAyNFwvMDNcL3RpZW5kYS10b3JkZXJhLXdlYi0xLmpwZyIsInNsaWRlc2hvdyI6IjcyODI0YmIifQ%3D%3D\">\n\t\t\t\t\t<div class=\"e-gallery-image elementor-gallery-item__image\" data-thumbnail=\"https:\/\/www.unavets.com\/clinicaveterinariatordera\/wp-content\/uploads\/sites\/48\/2024\/03\/tienda-tordera-web-1.jpg\" data-width=\"724\" data-height=\"483\" aria-label=\"\" role=\"img\" ><\/div>\n\t\t\t\t\t\t\t\t\t\t\t<div class=\"elementor-gallery-item__overlay\"><\/div>\n\t\t\t\t\t\t\t\t\t\t\t\t\t\t<\/a>\n\t\t\t\t\t\t\t<a class=\"e-gallery-item elementor-gallery-item elementor-animated-content\" href=\"https:\/\/www.unavets.com\/clinicaveterinariatordera\/wp-content\/uploads\/sites\/48\/2024\/03\/tordera-veterinarios-web-1.jpg\" data-elementor-open-lightbox=\"yes\" data-elementor-lightbox-slideshow=\"72824bb\" data-elementor-lightbox-title=\"tordera veterinarios web\" data-e-action-hash=\"#elementor-action%3Aaction%3Dlightbox%26settings%3DeyJpZCI6MjAyNDEsInVybCI6Imh0dHBzOlwvXC93d3cudW5hdmV0cy5jb21cL2NsaW5pY2F2ZXRlcmluYXJpYXRvcmRlcmFcL3dwLWNvbnRlbnRcL3VwbG9hZHNcL3NpdGVzXC80OFwvMjAyNFwvMDNcL3RvcmRlcmEtdmV0ZXJpbmFyaW9zLXdlYi0xLmpwZyIsInNsaWRlc2hvdyI6IjcyODI0YmIifQ%3D%3D\">\n\t\t\t\t\t<div class=\"e-gallery-image elementor-gallery-item__image\" data-thumbnail=\"https:\/\/www.unavets.com\/clinicaveterinariatordera\/wp-content\/uploads\/sites\/48\/2024\/03\/tordera-veterinarios-web-1.jpg\" data-width=\"724\" data-height=\"482\" aria-label=\"\" role=\"img\" ><\/div>\n\t\t\t\t\t\t\t\t\t\t\t<div class=\"elementor-gallery-item__overlay\"><\/div>\n\t\t\t\t\t\t\t\t\t\t\t\t\t\t<\/a>\n\t\t\t\t\t\t\t<a class=\"e-gallery-item elementor-gallery-item elementor-animated-content\" href=\"https:\/\/www.unavets.com\/clinicaveterinariatordera\/wp-content\/uploads\/sites\/48\/2024\/07\/13.jpg\" data-elementor-open-lightbox=\"yes\" data-elementor-lightbox-slideshow=\"72824bb\" data-elementor-lightbox-title=\"13\" data-e-action-hash=\"#elementor-action%3Aaction%3Dlightbox%26settings%3DeyJpZCI6MjA3NDMsInVybCI6Imh0dHBzOlwvXC93d3cudW5hdmV0cy5jb21cL2NsaW5pY2F2ZXRlcmluYXJpYXRvcmRlcmFcL3dwLWNvbnRlbnRcL3VwbG9hZHNcL3NpdGVzXC80OFwvMjAyNFwvMDdcLzEzLmpwZyIsInNsaWRlc2hvdyI6IjcyODI0YmIifQ%3D%3D\">\n\t\t\t\t\t<div class=\"e-gallery-image elementor-gallery-item__image\" data-thumbnail=\"https:\/\/www.unavets.com\/clinicaveterinariatordera\/wp-content\/uploads\/sites\/48\/2024\/07\/13-1024x683.jpg\" data-width=\"724\" data-height=\"483\" aria-label=\"\" role=\"img\" ><\/div>\n\t\t\t\t\t\t\t\t\t\t\t<div class=\"elementor-gallery-item__overlay\"><\/div>\n\t\t\t\t\t\t\t\t\t\t\t\t\t\t<\/a>\n\t\t\t\t\t<\/div>\n\t\t\t\t\t<\/div>\n\t\t\t\t<\/div>\n\t\t\t\t\t<\/div>\n\t\t<\/div>\n\t\t\t\t\t<\/div>\n\t\t<\/section>\n\t\t\t\t<\/div>\n\t\t","protected":false},"excerpt":{"rendered":"<p>Cl\u00ednica Veterinaria Tordera: Equipada para la atenci\u00f3n integral de tu mascotaEn Cl\u00ednica Veterinaria Tordera, contamos con la m\u00e1s moderna tecnolog\u00eda y un equipo altamente capacitado para ofrecer una atenci\u00f3n integral a tu mascota. Disponemos de: Equipo de radiolog\u00eda: para obtener im\u00e1genes precisas de huesos y tejidos blandos. Ec\u00f3grafo: para realizar diagn\u00f3sticos no invasivos. Sala de &hellip; <\/p>\n","protected":false},"author":1,"featured_media":0,"parent":0,"menu_order":0,"comment_status":"closed","ping_status":"closed","template":"page-fullwidth.php","meta":{"_acf_changed":false,"content-type":"","footnotes":""},"class_list":["post-13558","page","type-page","status-publish","hentry"],"acf":[],"_links":{"self":[{"href":"https:\/\/www.unavets.com\/clinicaveterinariatordera\/es\/wp-json\/wp\/v2\/pages\/13558","targetHints":{"allow":["GET"]}}],"collection":[{"href":"https:\/\/www.unavets.com\/clinicaveterinariatordera\/es\/wp-json\/wp\/v2\/pages"}],"about":[{"href":"https:\/\/www.unavets.com\/clinicaveterinariatordera\/es\/wp-json\/wp\/v2\/types\/page"}],"author":[{"embeddable":true,"href":"https:\/\/www.unavets.com\/clinicaveterinariatordera\/es\/wp-json\/wp\/v2\/users\/1"}],"replies":[{"embeddable":true,"href":"https:\/\/www.unavets.com\/clinicaveterinariatordera\/es\/wp-json\/wp\/v2\/comments?post=13558"}],"version-history":[{"count":13,"href":"https:\/\/www.unavets.com\/clinicaveterinariatordera\/es\/wp-json\/wp\/v2\/pages\/13558\/revisions"}],"predecessor-version":[{"id":20748,"href":"https:\/\/www.unavets.com\/clinicaveterinariatordera\/es\/wp-json\/wp\/v2\/pages\/13558\/revisions\/20748"}],"wp:attachment":[{"href":"https:\/\/www.unavets.com\/clinicaveterinariatordera\/es\/wp-json\/wp\/v2\/media?parent=13558"}],"curies":[{"name":"wp","href":"https:\/\/api.w.org\/{rel}","templated":true}]}}