{"id":12946,"date":"2020-10-15T12:40:09","date_gmt":"2020-10-15T12:40:09","guid":{"rendered":"http:\/\/www.unavets.com\/clinicaveterinariatordera\/surgery\/"},"modified":"2024-04-08T08:32:41","modified_gmt":"2024-04-08T08:32:41","slug":"cirugia","status":"publish","type":"page","link":"https:\/\/www.unavets.com\/clinicaveterinariatordera\/es\/servicios\/cirugia\/","title":{"rendered":"Cirug\u00eda"},"content":{"rendered":"\t\t<div data-elementor-type=\"wp-page\" data-elementor-id=\"12946\" class=\"elementor elementor-12946 elementor-819\" data-elementor-post-type=\"page\">\n\t\t\t\t\t\t<section class=\"elementor-section elementor-top-section elementor-element elementor-element-3b7f1f2 elementor-section-boxed elementor-section-height-default elementor-section-height-default\" data-id=\"3b7f1f2\" data-element_type=\"section\" data-e-type=\"section\" id=\"main-sec\">\n\t\t\t\t\t\t<div class=\"elementor-container elementor-column-gap-default\">\n\t\t\t\t\t<div class=\"elementor-column elementor-col-100 elementor-top-column elementor-element elementor-element-138c88c\" data-id=\"138c88c\" data-element_type=\"column\" data-e-type=\"column\">\n\t\t\t<div class=\"elementor-widget-wrap elementor-element-populated\">\n\t\t\t\t\t\t<div class=\"elementor-element elementor-element-ec83cf0 elementor-widget elementor-widget-section_titleleft\" data-id=\"ec83cf0\" data-element_type=\"widget\" data-e-type=\"widget\" data-widget_type=\"section_titleleft.default\">\n\t\t\t\t<div class=\"elementor-widget-container\">\n\t\t\t\t\t        <div class=\"ab_text-title fl-wrap\">\n            <h3>Servicio de cirug\u00eda y quir\u00f3fano<\/h3>En Cl\u00ednica Veterin\u00e0ria Tordera de  Barcelona disponemos de quir\u00f3fano dotado con equipamiento anest\u00e9sico, monitorizaci\u00f3n, material avanzado y con personal cualificado para supervisar de manera segura a todos nuestros pacientes.\n<span class=\"section-separator fl-sec-sep\"><\/span>        <\/div>\n        \t\t\t\t<\/div>\n\t\t\t\t<\/div>\n\t\t\t\t\t<\/div>\n\t\t<\/div>\n\t\t\t\t\t<\/div>\n\t\t<\/section>\n\t\t\t\t<section class=\"elementor-section elementor-top-section elementor-element elementor-element-d993722 elementor-section-boxed elementor-section-height-default elementor-section-height-default\" data-id=\"d993722\" data-element_type=\"section\" data-e-type=\"section\">\n\t\t\t\t\t\t<div class=\"elementor-container elementor-column-gap-wide\">\n\t\t\t\t\t<div class=\"elementor-column elementor-col-100 elementor-top-column elementor-element elementor-element-065811d\" data-id=\"065811d\" data-element_type=\"column\" data-e-type=\"column\">\n\t\t\t<div class=\"elementor-widget-wrap elementor-element-populated\">\n\t\t\t\t\t\t<div class=\"elementor-element elementor-element-63d99ac elementor-widget elementor-widget-text-editor\" data-id=\"63d99ac\" data-element_type=\"widget\" data-e-type=\"widget\" data-widget_type=\"text-editor.default\">\n\t\t\t\t<div class=\"elementor-widget-container\">\n\t\t\t\t\t\t\t\t\t<p>En Cl\u00ednica Veterin\u00e0ria Tordera para garantizar la salud y el bienestar de nuestros pacientes, en nuestra cl\u00ednica se realizan cirug\u00edas rutinarias y otras menos comunes.<\/p>\n<div class=\"et_pb_section et_pb_section_1 et_section_regular\">\n<div class=\"et_pb_row et_pb_row_1\">\n<div class=\"et_pb_column et_pb_column_1_2 et_pb_column_2 et_pb_css_mix_blend_mode_passthrough et-last-child\">\n<div class=\"et_pb_module et_pb_text et_pb_text_1 et_pb_text_align_left et_pb_bg_layout_light\">\n<div class=\"et_pb_text_inner\">\n<p>El quir\u00f3fano en el que trabajan nuestros especialistas en cirug\u00eda veterinaria en Tordera, Barcelona,&nbsp;est\u00e1 situado en una zona de acceso restringido al p\u00fablico.<\/p>\n<p><strong>Dispone de mesa quir\u00fargica, equipo de esterilizaci\u00f3n, equipo de limpieza dental, aspirador, negatoscopio, equipo de anestesia por gases, monitorizaci\u00f3n de ECG, capnograf\u00eda, pulsioximetr\u00eda, apneas, l\u00e1mpara, endoscopia r\u00edgida, bomba de perfusi\u00f3n, bomba de CO2<\/strong> para endoscopia, etc.<\/p>\n<p><\/p>\n<\/div>\n<\/div>\n<\/div>\n<\/div>\n<\/div>\n<div class=\"et_pb_section et_pb_section_2 et_section_regular\">\n<div class=\"et_pb_row et_pb_row_2\">\n<div class=\"et_pb_column et_pb_column_4_4 et_pb_column_3 et_pb_css_mix_blend_mode_passthrough et-last-child\">\n<div class=\"et_pb_module et_pb_text et_pb_text_2 et_pb_text_align_left et_pb_bg_layout_light\">\n<div class=\"et_pb_text_inner\">\n<h3>Tipos de cirug\u00eda veterinaria que llevamos a cabo en nuestra cl\u00ednica veterinaria en Tordera.<\/h3>\n<div>&nbsp;<\/div>\n<p><strong>En Cl\u00ednica Veterinaria Tordera, realizamos toda clase de cirug\u00edas, especialmente las relacionadas con el sistema reproductor<\/strong>, ya que somos centro de referencia en patolog\u00edas y diagn\u00f3sticos sobre reproducci\u00f3n canina y felina.<\/p>\n<p>Como t\u00e9cnica de control de la reproducci\u00f3n, se realizan a diario ovariohisterectom\u00edas y orquiectom\u00eda, con la m\u00e1xima garant\u00eda de la t\u00e9cnica utilizada, con un control de dolor durante y despu\u00e9s de la cirug\u00eda, con el fin de mantener la mejor calidad de vida de nuestras mascotas.<\/p>\n<p><\/p>\n<\/div>\n<\/div>\n<\/div>\n<\/div>\n<\/div>\t\t\t\t\t\t\t\t<\/div>\n\t\t\t\t<\/div>\n\t\t\t\t\t<\/div>\n\t\t<\/div>\n\t\t\t\t\t<\/div>\n\t\t<\/section>\n\t\t\t\t<section class=\"elementor-section elementor-top-section elementor-element elementor-element-3956c3b elementor-section-boxed elementor-section-height-default elementor-section-height-default\" data-id=\"3956c3b\" data-element_type=\"section\" data-e-type=\"section\">\n\t\t\t\t\t\t<div class=\"elementor-container elementor-column-gap-default\">\n\t\t\t\t\t<div class=\"elementor-column elementor-col-16 elementor-top-column elementor-element elementor-element-c25ac66\" data-id=\"c25ac66\" data-element_type=\"column\" data-e-type=\"column\">\n\t\t\t<div class=\"elementor-widget-wrap\">\n\t\t\t\t\t\t\t<\/div>\n\t\t<\/div>\n\t\t\t\t<div class=\"elementor-column elementor-col-66 elementor-top-column elementor-element elementor-element-1d57a30\" data-id=\"1d57a30\" data-element_type=\"column\" data-e-type=\"column\">\n\t\t\t<div class=\"elementor-widget-wrap elementor-element-populated\">\n\t\t\t\t\t\t<div class=\"elementor-element elementor-element-3f5f39e elementor-widget elementor-widget-image\" data-id=\"3f5f39e\" data-element_type=\"widget\" data-e-type=\"widget\" data-widget_type=\"image.default\">\n\t\t\t\t<div class=\"elementor-widget-container\">\n\t\t\t\t\t\t\t\t\t\t\t\t\t\t\t<img fetchpriority=\"high\" width=\"724\" height=\"483\" class=\"attachment-large size-large wp-image-20404 lazy\" alt=\"\" data-src=\"https:\/\/www.unavets.com\/clinicaveterinariatordera\/wp-content\/uploads\/sites\/48\/2024\/03\/UNAVETS-07434.jpg\" data-lazy=\"https:\/\/www.unavets.com\/clinicaveterinariatordera\/wp-content\/uploads\/sites\/48\/2024\/03\/UNAVETS-07434.jpg\" \/>\t\t\t\t\t\t\t\t\t\t\t\t\t\t\t<\/div>\n\t\t\t\t<\/div>\n\t\t\t\t\t<\/div>\n\t\t<\/div>\n\t\t\t\t<div class=\"elementor-column elementor-col-16 elementor-top-column elementor-element elementor-element-ff89fe6\" data-id=\"ff89fe6\" data-element_type=\"column\" data-e-type=\"column\">\n\t\t\t<div class=\"elementor-widget-wrap\">\n\t\t\t\t\t\t\t<\/div>\n\t\t<\/div>\n\t\t\t\t\t<\/div>\n\t\t<\/section>\n\t\t\t\t<section class=\"elementor-section elementor-top-section elementor-element elementor-element-c6e8d26 elementor-section-boxed elementor-section-height-default elementor-section-height-default\" data-id=\"c6e8d26\" data-element_type=\"section\" data-e-type=\"section\">\n\t\t\t\t\t\t<div class=\"elementor-container elementor-column-gap-default\">\n\t\t\t\t\t<div class=\"elementor-column elementor-col-100 elementor-top-column elementor-element elementor-element-d92d362\" data-id=\"d92d362\" data-element_type=\"column\" data-e-type=\"column\">\n\t\t\t<div class=\"elementor-widget-wrap elementor-element-populated\">\n\t\t\t\t\t\t<div class=\"elementor-element elementor-element-70fb1ad elementor-widget elementor-widget-section_titleleft\" data-id=\"70fb1ad\" data-element_type=\"widget\" data-e-type=\"widget\" data-widget_type=\"section_titleleft.default\">\n\t\t\t\t<div class=\"elementor-widget-container\">\n\t\t\t\t\t        <div class=\"ab_text-title fl-wrap\">\n            <h3>\u00bfCu\u00e1ndo considerar la cirug\u00eda?<\/h3><span class=\"section-separator fl-sec-sep\"><\/span>        <\/div>\n        \t\t\t\t<\/div>\n\t\t\t\t<\/div>\n\t\t\t\t\t<\/div>\n\t\t<\/div>\n\t\t\t\t\t<\/div>\n\t\t<\/section>\n\t\t\t\t<section class=\"elementor-section elementor-top-section elementor-element elementor-element-149f379 elementor-section-boxed elementor-section-height-default elementor-section-height-default\" data-id=\"149f379\" data-element_type=\"section\" data-e-type=\"section\">\n\t\t\t\t\t\t<div class=\"elementor-container elementor-column-gap-wide\">\n\t\t\t\t\t<div class=\"elementor-column elementor-col-50 elementor-top-column elementor-element elementor-element-2a8ea5b\" data-id=\"2a8ea5b\" data-element_type=\"column\" data-e-type=\"column\">\n\t\t\t<div class=\"elementor-widget-wrap elementor-element-populated\">\n\t\t\t\t\t\t<div class=\"elementor-element elementor-element-01118fc elementor-widget elementor-widget-image\" data-id=\"01118fc\" data-element_type=\"widget\" data-e-type=\"widget\" data-widget_type=\"image.default\">\n\t\t\t\t<div class=\"elementor-widget-container\">\n\t\t\t\t\t\t\t\t\t\t\t\t\t\t\t<img width=\"786\" height=\"524\" class=\"attachment-townhub-featured-image size-townhub-featured-image wp-image-20049 lazy\" alt=\"\" data-src=\"https:\/\/www.unavets.com\/clinicaveterinariatordera\/wp-content\/uploads\/sites\/48\/2024\/03\/quirofano-tordera-web-786x524.jpg\" data-lazy=\"https:\/\/www.unavets.com\/clinicaveterinariatordera\/wp-content\/uploads\/sites\/48\/2024\/03\/quirofano-tordera-web-786x524.jpg\" \/>\t\t\t\t\t\t\t\t\t\t\t\t\t\t\t<\/div>\n\t\t\t\t<\/div>\n\t\t\t\t\t<\/div>\n\t\t<\/div>\n\t\t\t\t<div class=\"elementor-column elementor-col-50 elementor-top-column elementor-element elementor-element-08b8459\" data-id=\"08b8459\" data-element_type=\"column\" data-e-type=\"column\">\n\t\t\t<div class=\"elementor-widget-wrap elementor-element-populated\">\n\t\t\t\t\t\t<div class=\"elementor-element elementor-element-e1b240e elementor-widget elementor-widget-text-editor\" data-id=\"e1b240e\" data-element_type=\"widget\" data-e-type=\"widget\" data-widget_type=\"text-editor.default\">\n\t\t\t\t<div class=\"elementor-widget-container\">\n\t\t\t\t\t\t\t\t\t<ul><li>Por lesiones traumatol\u00f3gicas<\/li><li>Diagn\u00f3stico y tratamiento quir\u00fargico de la cojera<\/li><li>Diagn\u00f3stico y tratamiento de las enfermedades del desarrollo: displasia de cadera y codo.<\/li><li>Presencia de tumores<\/li><li>Abdomen agudo<\/li><li>Enfermedad del tracto urinario<\/li><li>Enfermedad intrator\u00e1cica<\/li><li>Enfermedad de las v\u00edas respiratorias<\/li><li>Tratamiento de heridas complejas<\/li><li>Tratamiento preventivo m\u00ednimamente invasivo<\/li><\/ul>\t\t\t\t\t\t\t\t<\/div>\n\t\t\t\t<\/div>\n\t\t\t\t<div class=\"elementor-element elementor-element-5fb5779 elementor-align-center elementor-widget elementor-widget-button\" data-id=\"5fb5779\" data-element_type=\"widget\" data-e-type=\"widget\" data-widget_type=\"button.default\">\n\t\t\t\t<div class=\"elementor-widget-container\">\n\t\t\t\t\t\t\t\t\t<div class=\"elementor-button-wrapper\">\n\t\t\t\t\t<a class=\"elementor-button elementor-button-link elementor-size-md\" href=\"https:\/\/www.unavets.com\/clinicaveterinariatordera\/es\/contacto\/\">\n\t\t\t\t\t\t<span class=\"elementor-button-content-wrapper\">\n\t\t\t\t\t\t<span class=\"elementor-button-icon\">\n\t\t\t\t<i aria-hidden=\"true\" class=\"far fa-calendar-alt\"><\/i>\t\t\t<\/span>\n\t\t\t\t\t\t\t\t\t<span class=\"elementor-button-text\">Pide cita<\/span>\n\t\t\t\t\t<\/span>\n\t\t\t\t\t<\/a>\n\t\t\t\t<\/div>\n\t\t\t\t\t\t\t\t<\/div>\n\t\t\t\t<\/div>\n\t\t\t\t\t<\/div>\n\t\t<\/div>\n\t\t\t\t\t<\/div>\n\t\t<\/section>\n\t\t\t\t<\/div>\n\t\t","protected":false},"excerpt":{"rendered":"<p>Servicio de cirug\u00eda y quir\u00f3fano En de disponemos de quir\u00f3fano dotado con equipamiento anest\u00e9sico, monitorizaci\u00f3n, material avanzado y con personal cualificado para supervisar de manera segura a todos nuestros pacientes. En para garantizar la salud y el bienestar de nuestros pacientes, en nuestra cl\u00ednica se realizan cirug\u00edas rutinarias y otras menos comunes. El quir\u00f3fano en &hellip; <\/p>\n","protected":false},"author":8,"featured_media":0,"parent":13564,"menu_order":0,"comment_status":"closed","ping_status":"closed","template":"page-fullwidth.php","meta":{"_acf_changed":false,"content-type":"","footnotes":""},"class_list":["post-12946","page","type-page","status-publish","hentry"],"acf":[],"_links":{"self":[{"href":"https:\/\/www.unavets.com\/clinicaveterinariatordera\/es\/wp-json\/wp\/v2\/pages\/12946","targetHints":{"allow":["GET"]}}],"collection":[{"href":"https:\/\/www.unavets.com\/clinicaveterinariatordera\/es\/wp-json\/wp\/v2\/pages"}],"about":[{"href":"https:\/\/www.unavets.com\/clinicaveterinariatordera\/es\/wp-json\/wp\/v2\/types\/page"}],"author":[{"embeddable":true,"href":"https:\/\/www.unavets.com\/clinicaveterinariatordera\/es\/wp-json\/wp\/v2\/users\/8"}],"replies":[{"embeddable":true,"href":"https:\/\/www.unavets.com\/clinicaveterinariatordera\/es\/wp-json\/wp\/v2\/comments?post=12946"}],"version-history":[{"count":19,"href":"https:\/\/www.unavets.com\/clinicaveterinariatordera\/es\/wp-json\/wp\/v2\/pages\/12946\/revisions"}],"predecessor-version":[{"id":20592,"href":"https:\/\/www.unavets.com\/clinicaveterinariatordera\/es\/wp-json\/wp\/v2\/pages\/12946\/revisions\/20592"}],"up":[{"embeddable":true,"href":"https:\/\/www.unavets.com\/clinicaveterinariatordera\/es\/wp-json\/wp\/v2\/pages\/13564"}],"wp:attachment":[{"href":"https:\/\/www.unavets.com\/clinicaveterinariatordera\/es\/wp-json\/wp\/v2\/media?parent=12946"}],"curies":[{"name":"wp","href":"https:\/\/api.w.org\/{rel}","templated":true}]}}