{"id":14795,"date":"2021-06-11T11:38:19","date_gmt":"2021-06-11T11:38:19","guid":{"rendered":"http:\/\/www.unavets.com\/clinicaveterinariatordera\/?page_id=14795"},"modified":"2024-03-22T13:29:40","modified_gmt":"2024-03-22T13:29:40","slug":"botiga-especialitzada","status":"publish","type":"page","link":"https:\/\/www.unavets.com\/clinicaveterinariatordera\/ca\/botiga-especialitzada\/","title":{"rendered":"Botiga Especialitzada"},"content":{"rendered":"\t\t<div data-elementor-type=\"wp-page\" data-elementor-id=\"14795\" class=\"elementor elementor-14795\" data-elementor-post-type=\"page\">\n\t\t\t\t\t\t<section class=\"elementor-section elementor-top-section elementor-element elementor-element-d993722 elementor-section-boxed elementor-section-height-default elementor-section-height-default\" data-id=\"d993722\" data-element_type=\"section\" data-e-type=\"section\" id=\"main-sec\">\n\t\t\t\t\t\t<div class=\"elementor-container elementor-column-gap-default\">\n\t\t\t\t\t<div class=\"elementor-column elementor-col-100 elementor-top-column elementor-element elementor-element-065811d\" data-id=\"065811d\" data-element_type=\"column\" data-e-type=\"column\">\n\t\t\t<div class=\"elementor-widget-wrap elementor-element-populated\">\n\t\t\t\t\t\t<div class=\"elementor-element elementor-element-63d99ac elementor-widget elementor-widget-text-editor\" data-id=\"63d99ac\" data-element_type=\"widget\" data-e-type=\"widget\" data-widget_type=\"text-editor.default\">\n\t\t\t\t<div class=\"elementor-widget-container\">\n\t\t\t\t\t\t\t\t\t<div class=\"ewa-rteLine\"><div class=\"ewa-rteLine\"><div class=\"ewa-rteLine\"><p>A la nostra botiga, ens enorgulleix oferir una \u00e0mplia varietat de productes i serveis per al cura i benestar dels vostres animals de companyia. Des de menjar premium fins a joguines divertides i accessoris essencials, tenim tot el que necessiteu per mantenir feli\u00e7 i sa la vostra mascota.<\/p><p>Disposem d&#8217;una selecci\u00f3 cuidadosament seleccionada de menjar de alta qualitat adaptat a les necessitats espec\u00edfiques de cada animal, ja sigui cadell, adult o s\u00e8nior. A m\u00e9s, el nostre equip d&#8217;experts est\u00e0 sempre disponible per oferir-vos assessorament personalitzat i recomanacions sobre l&#8217;alimentaci\u00f3 m\u00e9s adequada per al vostre amic pelut.<\/p><p>A la nostra botiga, tamb\u00e9 trobareu una \u00e0mplia gamma de productes per al cura i la higiene dels vostres animals de companyia, des de xamp\u00fas suaus fins a productes per al control de puces i tiques. Ens preocupa el benestar integral dels vostres animals, per la qual cosa seleccionem amb cura cada producte per garantir-ne la seguretat i l&#8217;efic\u00e0cia.<\/p><p>A m\u00e9s dels productes, tamb\u00e9 oferim serveis addicionals com ara consulta veterin\u00e0ria, vacunaci\u00f3, desparasitaci\u00f3 i molt m\u00e9s. El nostre objectiu \u00e9s ser el vostre dest\u00ed de confian\u00e7a per a totes les necessitats de cura dels vostres animals, donant-vos la tranquil\u00b7litat de saber que esteu proporcionant el millor per a ells.<\/p><p>Visiteu-nos a la nostra botiga i descobriu tot el que tenim per oferir-vos. Estem aqu\u00ed per ajudar-vos a cuidar dels vostres animals de companyia i fer que les seves vides siguin tan felices i saludables com sigui possible!<\/p><\/div><\/div><\/div>\t\t\t\t\t\t\t\t<\/div>\n\t\t\t\t<\/div>\n\t\t\t\t<div class=\"elementor-element elementor-element-22b09a4 elementor-align-center elementor-widget elementor-widget-button\" data-id=\"22b09a4\" data-element_type=\"widget\" data-e-type=\"widget\" data-widget_type=\"button.default\">\n\t\t\t\t<div class=\"elementor-widget-container\">\n\t\t\t\t\t\t\t\t\t<div class=\"elementor-button-wrapper\">\n\t\t\t\t\t<a class=\"elementor-button elementor-button-link elementor-size-md\" href=\"https:\/\/www.unavets.com\/clinicaveterinariatordera\/ca\/contacte\/\">\n\t\t\t\t\t\t<span class=\"elementor-button-content-wrapper\">\n\t\t\t\t\t\t<span class=\"elementor-button-icon\">\n\t\t\t\t<i aria-hidden=\"true\" class=\"far fa-calendar-alt\"><\/i>\t\t\t<\/span>\n\t\t\t\t\t\t\t\t\t<span class=\"elementor-button-text\">Demana Cita<\/span>\n\t\t\t\t\t<\/span>\n\t\t\t\t\t<\/a>\n\t\t\t\t<\/div>\n\t\t\t\t\t\t\t\t<\/div>\n\t\t\t\t<\/div>\n\t\t\t\t<div class=\"elementor-element elementor-element-5159ee8 elementor-widget elementor-widget-image\" data-id=\"5159ee8\" data-element_type=\"widget\" data-e-type=\"widget\" data-widget_type=\"image.default\">\n\t\t\t\t<div class=\"elementor-widget-container\">\n\t\t\t\t\t\t\t\t\t\t\t\t\t\t\t<img fetchpriority=\"high\" width=\"724\" height=\"483\" class=\"attachment-medium_large size-medium_large wp-image-20369 lazy\" alt=\"\" data-src=\"https:\/\/www.unavets.com\/clinicaveterinariatordera\/wp-content\/uploads\/sites\/48\/2024\/03\/UNAVETS-07168-768x512.jpg\" data-lazy=\"https:\/\/www.unavets.com\/clinicaveterinariatordera\/wp-content\/uploads\/sites\/48\/2024\/03\/UNAVETS-07168-768x512.jpg\" \/>\t\t\t\t\t\t\t\t\t\t\t\t\t\t\t<\/div>\n\t\t\t\t<\/div>\n\t\t\t\t\t<\/div>\n\t\t<\/div>\n\t\t\t\t\t<\/div>\n\t\t<\/section>\n\t\t\t\t<\/div>\n\t\t","protected":false},"excerpt":{"rendered":"<p>A la nostra botiga, ens enorgulleix oferir una \u00e0mplia varietat de productes i serveis per al cura i benestar dels vostres animals de companyia. Des de menjar premium fins a joguines divertides i accessoris essencials, tenim tot el que necessiteu per mantenir feli\u00e7 i sa la vostra mascota. Disposem d&#8217;una selecci\u00f3 cuidadosament seleccionada de menjar &hellip; <\/p>\n","protected":false},"author":4,"featured_media":0,"parent":0,"menu_order":0,"comment_status":"closed","ping_status":"closed","template":"page-fullwidth.php","meta":{"_acf_changed":false,"content-type":"","footnotes":""},"class_list":["post-14795","page","type-page","status-publish","hentry"],"acf":[],"_links":{"self":[{"href":"https:\/\/www.unavets.com\/clinicaveterinariatordera\/ca\/wp-json\/wp\/v2\/pages\/14795","targetHints":{"allow":["GET"]}}],"collection":[{"href":"https:\/\/www.unavets.com\/clinicaveterinariatordera\/ca\/wp-json\/wp\/v2\/pages"}],"about":[{"href":"https:\/\/www.unavets.com\/clinicaveterinariatordera\/ca\/wp-json\/wp\/v2\/types\/page"}],"author":[{"embeddable":true,"href":"https:\/\/www.unavets.com\/clinicaveterinariatordera\/ca\/wp-json\/wp\/v2\/users\/4"}],"replies":[{"embeddable":true,"href":"https:\/\/www.unavets.com\/clinicaveterinariatordera\/ca\/wp-json\/wp\/v2\/comments?post=14795"}],"version-history":[{"count":6,"href":"https:\/\/www.unavets.com\/clinicaveterinariatordera\/ca\/wp-json\/wp\/v2\/pages\/14795\/revisions"}],"predecessor-version":[{"id":20528,"href":"https:\/\/www.unavets.com\/clinicaveterinariatordera\/ca\/wp-json\/wp\/v2\/pages\/14795\/revisions\/20528"}],"wp:attachment":[{"href":"https:\/\/www.unavets.com\/clinicaveterinariatordera\/ca\/wp-json\/wp\/v2\/media?parent=14795"}],"curies":[{"name":"wp","href":"https:\/\/api.w.org\/{rel}","templated":true}]}}