{"id":13547,"date":"2021-01-04T08:19:34","date_gmt":"2021-01-04T08:19:34","guid":{"rendered":"http:\/\/www.unavets.com\/clinican\/sobre-nosotras\/"},"modified":"2023-06-20T09:27:20","modified_gmt":"2023-06-20T09:27:20","slug":"qui-som","status":"publish","type":"page","link":"https:\/\/www.unavets.com\/clinican\/ca\/qui-som\/","title":{"rendered":"Qui som"},"content":{"rendered":"\t\t<div data-elementor-type=\"wp-page\" data-elementor-id=\"13547\" class=\"elementor elementor-13547 elementor-268\" data-elementor-post-type=\"page\">\n\t\t\t\t\t\t<section class=\"elementor-section elementor-top-section elementor-element elementor-element-54cf215 pad-top-0 elementor-section-boxed elementor-section-height-default elementor-section-height-default\" data-id=\"54cf215\" data-element_type=\"section\" data-e-type=\"section\" id=\"main-sec\" data-settings=\"{&quot;background_background&quot;:&quot;classic&quot;}\">\n\t\t\t\t\t\t<div class=\"elementor-container elementor-column-gap-default\">\n\t\t\t\t\t<div class=\"elementor-column elementor-col-100 elementor-top-column elementor-element elementor-element-d926441\" data-id=\"d926441\" data-element_type=\"column\" data-e-type=\"column\">\n\t\t\t<div class=\"elementor-widget-wrap elementor-element-populated\">\n\t\t\t\t\t\t<div class=\"elementor-element elementor-element-9725bcd elementor-widget elementor-widget-section_titleleft\" data-id=\"9725bcd\" data-element_type=\"widget\" data-e-type=\"widget\" data-widget_type=\"section_titleleft.default\">\n\t\t\t\t<div class=\"elementor-widget-container\">\n\t\t\t\t\t        <div class=\"ab_text-title fl-wrap\">\n            <h3>Cl\u00ednica veterin\u00e0ria i centre de reproducci\u00f3 i fertilitat canina Clinican<\/h3>M\u00e1s de 30 anys d'experi\u00e8ncia en salut veterin\u00e0ria. El nostre centre de reproducci\u00f3 i fertilitat canina, CLONI ESPANYA, \u00e9s el representant en exclusiva per a Espanya del sistema CLONI USA de congelaci\u00f3 i refrigeraci\u00f3 de semen can\u00ed.<span class=\"section-separator fl-sec-sep\"><\/span>        <\/div>\n        \t\t\t\t<\/div>\n\t\t\t\t<\/div>\n\t\t\t\t<section class=\"elementor-section elementor-inner-section elementor-element elementor-element-35814f4 elementor-section-full_width elementor-section-height-default elementor-section-height-default\" data-id=\"35814f4\" data-element_type=\"section\" data-e-type=\"section\">\n\t\t\t\t\t\t<div class=\"elementor-container elementor-column-gap-wide\">\n\t\t\t\t\t<div class=\"elementor-column elementor-col-50 elementor-inner-column elementor-element elementor-element-7fa3f34\" data-id=\"7fa3f34\" data-element_type=\"column\" data-e-type=\"column\">\n\t\t\t<div class=\"elementor-widget-wrap elementor-element-populated\">\n\t\t\t\t\t\t<div class=\"elementor-element elementor-element-325951f elementor-widget elementor-widget-image\" data-id=\"325951f\" data-element_type=\"widget\" data-e-type=\"widget\" data-widget_type=\"image.default\">\n\t\t\t\t<div class=\"elementor-widget-container\">\n\t\t\t\t\t\t\t\t\t\t\t\t\t\t\t<img fetchpriority=\"high\" width=\"1000\" height=\"666\" class=\"attachment-1536x1536 size-1536x1536 wp-image-18627 lazy\" alt=\"\" data-src=\"https:\/\/www.unavets.com\/clinican\/wp-content\/uploads\/sites\/26\/2023\/04\/gato-clinican-gat-gos-veterinari.png\" data-lazy=\"https:\/\/www.unavets.com\/clinican\/wp-content\/uploads\/sites\/26\/2023\/04\/gato-clinican-gat-gos-veterinari.png\" \/>\t\t\t\t\t\t\t\t\t\t\t\t\t\t\t<\/div>\n\t\t\t\t<\/div>\n\t\t\t\t\t<\/div>\n\t\t<\/div>\n\t\t\t\t<div class=\"elementor-column elementor-col-50 elementor-inner-column elementor-element elementor-element-202374d\" data-id=\"202374d\" data-element_type=\"column\" data-e-type=\"column\">\n\t\t\t<div class=\"elementor-widget-wrap elementor-element-populated\">\n\t\t\t\t\t\t<div class=\"elementor-element elementor-element-3b393ce about-wrap elementor-widget elementor-widget-text-editor\" data-id=\"3b393ce\" data-element_type=\"widget\" data-e-type=\"widget\" data-widget_type=\"text-editor.default\">\n\t\t\t\t<div class=\"elementor-widget-container\">\n\t\t\t\t\t\t\t\t\t<p>El <strong>nostre centre veterinari a Girona, situat en\u00a0Cass\u00e1\u00a0de la Selva, treballa per a tenir una relaci\u00f3 directa amb les persones i les seves mascotes,<\/strong> de manera que es trobin com a la vostra casa, i siguin atesos amb un tracte professional, per\u00f2 familiar.<\/p><p>Som abans de res un equip hum\u00e0 amb vocaci\u00f3 de servei als nostres clients als qui intentem oferir en tot moment el millor tracte, tant per a ells com per a les seves mascotes.<\/p><p><strong>Clinican, disposa de tots els serveis m\u00e9s avan\u00e7ats necessaris per a un bon diagn\u00f2stic i un bon tractament al teu millor amic.<\/strong><\/p><p>Tenim dues consultes totalment equipades, prequir\u00f2fan i quir\u00f2fan, sala de\u00a0RX, ecografia\u00a0doppler\u00a0color, laboratori d&#8217;an\u00e0lisi a l&#8217;instant, anest\u00e8sia per gasos, endosc\u00f2pia r\u00edgida, aparells de neteja dental, monitoratge i hospitalitzaci\u00f3, botiga de pinsos i complements, i sobretot, un equip hum\u00e0 que us escoltar\u00e0 i us atendr\u00e0 d&#8217;una manera familiar i pr\u00f2xima.<\/p>\t\t\t\t\t\t\t\t<\/div>\n\t\t\t\t<\/div>\n\t\t\t\t\t<\/div>\n\t\t<\/div>\n\t\t\t\t\t<\/div>\n\t\t<\/section>\n\t\t\t\t<section class=\"elementor-section elementor-inner-section elementor-element elementor-element-144cb92 elementor-section-boxed elementor-section-height-default elementor-section-height-default\" data-id=\"144cb92\" data-element_type=\"section\" data-e-type=\"section\">\n\t\t\t\t\t\t<div class=\"elementor-container elementor-column-gap-default\">\n\t\t\t\t\t<div class=\"elementor-column elementor-col-50 elementor-inner-column elementor-element elementor-element-fbc02a0\" data-id=\"fbc02a0\" data-element_type=\"column\" data-e-type=\"column\">\n\t\t\t<div class=\"elementor-widget-wrap elementor-element-populated\">\n\t\t\t\t\t\t<div class=\"elementor-element elementor-element-ecff51a elementor-align-center elementor-widget elementor-widget-button\" data-id=\"ecff51a\" data-element_type=\"widget\" data-e-type=\"widget\" data-widget_type=\"button.default\">\n\t\t\t\t<div class=\"elementor-widget-container\">\n\t\t\t\t\t\t\t\t\t<div class=\"elementor-button-wrapper\">\n\t\t\t\t\t<a class=\"elementor-button elementor-button-link elementor-size-sm\" href=\"https:\/\/www.unavets.com\/clinican\/ca\/instal-lacions\/\">\n\t\t\t\t\t\t<span class=\"elementor-button-content-wrapper\">\n\t\t\t\t\t\t\t\t\t<span class=\"elementor-button-text\">Instal\u00b7lacions<\/span>\n\t\t\t\t\t<\/span>\n\t\t\t\t\t<\/a>\n\t\t\t\t<\/div>\n\t\t\t\t\t\t\t\t<\/div>\n\t\t\t\t<\/div>\n\t\t\t\t\t<\/div>\n\t\t<\/div>\n\t\t\t\t<div class=\"elementor-column elementor-col-50 elementor-inner-column elementor-element elementor-element-b9c0147\" data-id=\"b9c0147\" data-element_type=\"column\" data-e-type=\"column\">\n\t\t\t<div class=\"elementor-widget-wrap elementor-element-populated\">\n\t\t\t\t\t\t<div class=\"elementor-element elementor-element-259d5ee elementor-align-center elementor-widget elementor-widget-button\" data-id=\"259d5ee\" data-element_type=\"widget\" data-e-type=\"widget\" data-widget_type=\"button.default\">\n\t\t\t\t<div class=\"elementor-widget-container\">\n\t\t\t\t\t\t\t\t\t<div class=\"elementor-button-wrapper\">\n\t\t\t\t\t<a class=\"elementor-button elementor-button-link elementor-size-sm\" href=\"https:\/\/www.unavets.com\/clinican\/ca\/nostre-equip\/\">\n\t\t\t\t\t\t<span class=\"elementor-button-content-wrapper\">\n\t\t\t\t\t\t\t\t\t<span class=\"elementor-button-text\">Equip<\/span>\n\t\t\t\t\t<\/span>\n\t\t\t\t\t<\/a>\n\t\t\t\t<\/div>\n\t\t\t\t\t\t\t\t<\/div>\n\t\t\t\t<\/div>\n\t\t\t\t\t<\/div>\n\t\t<\/div>\n\t\t\t\t\t<\/div>\n\t\t<\/section>\n\t\t\t\t\t<\/div>\n\t\t<\/div>\n\t\t\t\t\t<\/div>\n\t\t<\/section>\n\t\t\t\t<section class=\"elementor-section elementor-top-section elementor-element elementor-element-2e936bb elementor-section-boxed elementor-section-height-default elementor-section-height-default\" data-id=\"2e936bb\" data-element_type=\"section\" data-e-type=\"section\">\n\t\t\t\t\t\t<div class=\"elementor-container elementor-column-gap-default\">\n\t\t\t\t\t<div class=\"elementor-column elementor-col-100 elementor-top-column elementor-element elementor-element-0c84c80\" data-id=\"0c84c80\" data-element_type=\"column\" data-e-type=\"column\">\n\t\t\t<div class=\"elementor-widget-wrap elementor-element-populated\">\n\t\t\t\t\t\t<div class=\"elementor-element elementor-element-e8af397 elementor-widget elementor-widget-gallery\" data-id=\"e8af397\" data-element_type=\"widget\" data-e-type=\"widget\" data-settings=\"{&quot;columns&quot;:&quot;3&quot;,&quot;aspect_ratio&quot;:&quot;1:1&quot;,&quot;lazyload&quot;:&quot;yes&quot;,&quot;gallery_layout&quot;:&quot;grid&quot;,&quot;columns_tablet&quot;:2,&quot;columns_mobile&quot;:1,&quot;gap&quot;:{&quot;unit&quot;:&quot;px&quot;,&quot;size&quot;:10,&quot;sizes&quot;:[]},&quot;gap_tablet&quot;:{&quot;unit&quot;:&quot;px&quot;,&quot;size&quot;:10,&quot;sizes&quot;:[]},&quot;gap_mobile&quot;:{&quot;unit&quot;:&quot;px&quot;,&quot;size&quot;:10,&quot;sizes&quot;:[]},&quot;link_to&quot;:&quot;file&quot;,&quot;overlay_background&quot;:&quot;yes&quot;,&quot;content_hover_animation&quot;:&quot;fade-in&quot;}\" data-widget_type=\"gallery.default\">\n\t\t\t\t<div class=\"elementor-widget-container\">\n\t\t\t\t\t\t\t<div class=\"elementor-gallery__container\">\n\t\t\t\t\t\t\t<a class=\"e-gallery-item elementor-gallery-item elementor-animated-content\" href=\"https:\/\/www.unavets.com\/clinican\/wp-content\/uploads\/sites\/26\/2023\/04\/20.png\" data-elementor-open-lightbox=\"yes\" data-elementor-lightbox-slideshow=\"e8af397\" data-elementor-lightbox-title=\"20\" data-e-action-hash=\"#elementor-action%3Aaction%3Dlightbox%26settings%3DeyJpZCI6MTg2MzgsInVybCI6Imh0dHBzOlwvXC93d3cudW5hdmV0cy5jb21cL2NsaW5pY2FuXC93cC1jb250ZW50XC91cGxvYWRzXC9zaXRlc1wvMjZcLzIwMjNcLzA0XC8yMC5wbmciLCJzbGlkZXNob3ciOiJlOGFmMzk3In0%3D\">\n\t\t\t\t\t<div class=\"e-gallery-image elementor-gallery-item__image\" data-thumbnail=\"https:\/\/www.unavets.com\/clinican\/wp-content\/uploads\/sites\/26\/2023\/04\/20.png\" data-width=\"500\" data-height=\"500\" aria-label=\"\" role=\"img\" ><\/div>\n\t\t\t\t\t\t\t\t\t\t\t<div class=\"elementor-gallery-item__overlay\"><\/div>\n\t\t\t\t\t\t\t\t\t\t\t\t\t\t<\/a>\n\t\t\t\t\t\t\t<a class=\"e-gallery-item elementor-gallery-item elementor-animated-content\" href=\"https:\/\/www.unavets.com\/clinican\/wp-content\/uploads\/sites\/26\/2023\/04\/21.png\" data-elementor-open-lightbox=\"yes\" data-elementor-lightbox-slideshow=\"e8af397\" data-elementor-lightbox-title=\"21\" data-e-action-hash=\"#elementor-action%3Aaction%3Dlightbox%26settings%3DeyJpZCI6MTg2NDEsInVybCI6Imh0dHBzOlwvXC93d3cudW5hdmV0cy5jb21cL2NsaW5pY2FuXC93cC1jb250ZW50XC91cGxvYWRzXC9zaXRlc1wvMjZcLzIwMjNcLzA0XC8yMS5wbmciLCJzbGlkZXNob3ciOiJlOGFmMzk3In0%3D\">\n\t\t\t\t\t<div class=\"e-gallery-image elementor-gallery-item__image\" data-thumbnail=\"https:\/\/www.unavets.com\/clinican\/wp-content\/uploads\/sites\/26\/2023\/04\/21.png\" data-width=\"500\" data-height=\"500\" aria-label=\"\" role=\"img\" ><\/div>\n\t\t\t\t\t\t\t\t\t\t\t<div class=\"elementor-gallery-item__overlay\"><\/div>\n\t\t\t\t\t\t\t\t\t\t\t\t\t\t<\/a>\n\t\t\t\t\t\t\t<a class=\"e-gallery-item elementor-gallery-item elementor-animated-content\" href=\"https:\/\/www.unavets.com\/clinican\/wp-content\/uploads\/sites\/26\/2023\/04\/23.png\" data-elementor-open-lightbox=\"yes\" data-elementor-lightbox-slideshow=\"e8af397\" data-elementor-lightbox-title=\"23\" data-e-action-hash=\"#elementor-action%3Aaction%3Dlightbox%26settings%3DeyJpZCI6MTg2NDcsInVybCI6Imh0dHBzOlwvXC93d3cudW5hdmV0cy5jb21cL2NsaW5pY2FuXC93cC1jb250ZW50XC91cGxvYWRzXC9zaXRlc1wvMjZcLzIwMjNcLzA0XC8yMy5wbmciLCJzbGlkZXNob3ciOiJlOGFmMzk3In0%3D\">\n\t\t\t\t\t<div class=\"e-gallery-image elementor-gallery-item__image\" data-thumbnail=\"https:\/\/www.unavets.com\/clinican\/wp-content\/uploads\/sites\/26\/2023\/04\/23.png\" data-width=\"500\" data-height=\"500\" aria-label=\"\" role=\"img\" ><\/div>\n\t\t\t\t\t\t\t\t\t\t\t<div class=\"elementor-gallery-item__overlay\"><\/div>\n\t\t\t\t\t\t\t\t\t\t\t\t\t\t<\/a>\n\t\t\t\t\t\t\t<a class=\"e-gallery-item elementor-gallery-item elementor-animated-content\" href=\"https:\/\/www.unavets.com\/clinican\/wp-content\/uploads\/sites\/26\/2023\/04\/25.png\" data-elementor-open-lightbox=\"yes\" data-elementor-lightbox-slideshow=\"e8af397\" data-elementor-lightbox-title=\"25\" data-e-action-hash=\"#elementor-action%3Aaction%3Dlightbox%26settings%3DeyJpZCI6MTg2NTAsInVybCI6Imh0dHBzOlwvXC93d3cudW5hdmV0cy5jb21cL2NsaW5pY2FuXC93cC1jb250ZW50XC91cGxvYWRzXC9zaXRlc1wvMjZcLzIwMjNcLzA0XC8yNS5wbmciLCJzbGlkZXNob3ciOiJlOGFmMzk3In0%3D\">\n\t\t\t\t\t<div class=\"e-gallery-image elementor-gallery-item__image\" data-thumbnail=\"https:\/\/www.unavets.com\/clinican\/wp-content\/uploads\/sites\/26\/2023\/04\/25.png\" data-width=\"500\" data-height=\"500\" aria-label=\"\" role=\"img\" ><\/div>\n\t\t\t\t\t\t\t\t\t\t\t<div class=\"elementor-gallery-item__overlay\"><\/div>\n\t\t\t\t\t\t\t\t\t\t\t\t\t\t<\/a>\n\t\t\t\t\t\t\t<a class=\"e-gallery-item elementor-gallery-item elementor-animated-content\" href=\"https:\/\/www.unavets.com\/clinican\/wp-content\/uploads\/sites\/26\/2023\/04\/26.png\" data-elementor-open-lightbox=\"yes\" data-elementor-lightbox-slideshow=\"e8af397\" data-elementor-lightbox-title=\"26\" data-e-action-hash=\"#elementor-action%3Aaction%3Dlightbox%26settings%3DeyJpZCI6MTg2NTMsInVybCI6Imh0dHBzOlwvXC93d3cudW5hdmV0cy5jb21cL2NsaW5pY2FuXC93cC1jb250ZW50XC91cGxvYWRzXC9zaXRlc1wvMjZcLzIwMjNcLzA0XC8yNi5wbmciLCJzbGlkZXNob3ciOiJlOGFmMzk3In0%3D\">\n\t\t\t\t\t<div class=\"e-gallery-image elementor-gallery-item__image\" data-thumbnail=\"https:\/\/www.unavets.com\/clinican\/wp-content\/uploads\/sites\/26\/2023\/04\/26.png\" data-width=\"500\" data-height=\"500\" aria-label=\"\" role=\"img\" ><\/div>\n\t\t\t\t\t\t\t\t\t\t\t<div class=\"elementor-gallery-item__overlay\"><\/div>\n\t\t\t\t\t\t\t\t\t\t\t\t\t\t<\/a>\n\t\t\t\t\t\t\t<a class=\"e-gallery-item elementor-gallery-item elementor-animated-content\" href=\"https:\/\/www.unavets.com\/clinican\/wp-content\/uploads\/sites\/26\/2023\/04\/clinican-instalaciones-1-1-1.png\" data-elementor-open-lightbox=\"yes\" data-elementor-lightbox-slideshow=\"e8af397\" data-elementor-lightbox-title=\"clinican-instalaciones-1-1.png\" data-e-action-hash=\"#elementor-action%3Aaction%3Dlightbox%26settings%3DeyJpZCI6MTg4MDQsInVybCI6Imh0dHBzOlwvXC93d3cudW5hdmV0cy5jb21cL2NsaW5pY2FuXC93cC1jb250ZW50XC91cGxvYWRzXC9zaXRlc1wvMjZcLzIwMjNcLzA0XC9jbGluaWNhbi1pbnN0YWxhY2lvbmVzLTEtMS0xLnBuZyIsInNsaWRlc2hvdyI6ImU4YWYzOTcifQ%3D%3D\">\n\t\t\t\t\t<div class=\"e-gallery-image elementor-gallery-item__image\" data-thumbnail=\"https:\/\/www.unavets.com\/clinican\/wp-content\/uploads\/sites\/26\/2023\/04\/clinican-instalaciones-1-1-1.png\" data-width=\"500\" data-height=\"500\" aria-label=\"\" role=\"img\" ><\/div>\n\t\t\t\t\t\t\t\t\t\t\t<div class=\"elementor-gallery-item__overlay\"><\/div>\n\t\t\t\t\t\t\t\t\t\t\t\t\t\t<\/a>\n\t\t\t\t\t<\/div>\n\t\t\t\t\t<\/div>\n\t\t\t\t<\/div>\n\t\t\t\t\t<\/div>\n\t\t<\/div>\n\t\t\t\t\t<\/div>\n\t\t<\/section>\n\t\t\t\t<\/div>\n\t\t","protected":false},"excerpt":{"rendered":"<p>Cl\u00ednica veterin\u00e0ria i centre de reproducci\u00f3 i fertilitat canina Clinican M\u00e1s de 30 anys d&#8217;experi\u00e8ncia en salut veterin\u00e0ria. El nostre centre de reproducci\u00f3 i fertilitat canina, CLONI ESPANYA, \u00e9s el representant en exclusiva per a Espanya del sistema CLONI USA de congelaci\u00f3 i refrigeraci\u00f3 de semen can\u00ed. El nostre centre veterinari a Girona, situat en\u00a0Cass\u00e1\u00a0de &hellip; <\/p>\n","protected":false},"author":1,"featured_media":0,"parent":0,"menu_order":0,"comment_status":"closed","ping_status":"closed","template":"page-fullwidth.php","meta":{"_acf_changed":false,"content-type":"","footnotes":""},"class_list":["post-13547","page","type-page","status-publish","hentry"],"acf":[],"_links":{"self":[{"href":"https:\/\/www.unavets.com\/clinican\/ca\/wp-json\/wp\/v2\/pages\/13547","targetHints":{"allow":["GET"]}}],"collection":[{"href":"https:\/\/www.unavets.com\/clinican\/ca\/wp-json\/wp\/v2\/pages"}],"about":[{"href":"https:\/\/www.unavets.com\/clinican\/ca\/wp-json\/wp\/v2\/types\/page"}],"author":[{"embeddable":true,"href":"https:\/\/www.unavets.com\/clinican\/ca\/wp-json\/wp\/v2\/users\/1"}],"replies":[{"embeddable":true,"href":"https:\/\/www.unavets.com\/clinican\/ca\/wp-json\/wp\/v2\/comments?post=13547"}],"version-history":[{"count":0,"href":"https:\/\/www.unavets.com\/clinican\/ca\/wp-json\/wp\/v2\/pages\/13547\/revisions"}],"wp:attachment":[{"href":"https:\/\/www.unavets.com\/clinican\/ca\/wp-json\/wp\/v2\/media?parent=13547"}],"curies":[{"name":"wp","href":"https:\/\/api.w.org\/{rel}","templated":true}]}}