{"id":13032,"date":"2021-01-08T13:45:56","date_gmt":"2021-01-08T13:45:56","guid":{"rendered":"http:\/\/www.unavets.com\/clinican\/?page_id=13032"},"modified":"2021-07-15T13:36:16","modified_gmt":"2021-07-15T13:36:16","slug":"terapia-laser","status":"publish","type":"page","link":"https:\/\/www.unavets.com\/clinican\/ca\/serveis\/terapia-laser\/","title":{"rendered":"Ter\u00e0pia amb l\u00e0ser"},"content":{"rendered":"\t\t<div data-elementor-type=\"wp-page\" data-elementor-id=\"13032\" class=\"elementor elementor-13032\" data-elementor-post-type=\"page\">\n\t\t\t\t\t\t<section class=\"elementor-section elementor-top-section elementor-element elementor-element-3b7f1f2 elementor-section-boxed elementor-section-height-default elementor-section-height-default\" data-id=\"3b7f1f2\" data-element_type=\"section\" data-e-type=\"section\" id=\"main-sec\">\n\t\t\t\t\t\t<div class=\"elementor-container elementor-column-gap-default\">\n\t\t\t\t\t<div class=\"elementor-column elementor-col-100 elementor-top-column elementor-element elementor-element-138c88c\" data-id=\"138c88c\" data-element_type=\"column\" data-e-type=\"column\">\n\t\t\t<div class=\"elementor-widget-wrap elementor-element-populated\">\n\t\t\t\t\t\t<div class=\"elementor-element elementor-element-ec83cf0 elementor-widget elementor-widget-section_titleleft\" data-id=\"ec83cf0\" data-element_type=\"widget\" data-e-type=\"widget\" data-widget_type=\"section_titleleft.default\">\n\t\t\t\t<div class=\"elementor-widget-container\">\n\t\t\t\t\t        <div class=\"ab_text-title fl-wrap\">\n            <h3>Qu\u00e8 \u00e9s la ter\u00e0pia amb l\u00e0ser?<\/h3>La ter\u00e0pia amb l\u00e0ser \u00e9s un tractament que oferim en Clinican Veterinary Clinic , Girona. \u00c9s un tractament sense medicaments o cirurgia, que s'utilitza en la medicina veterin\u00e0ria des de fa d\u00e8cades. Aquest procediment s'ha demostrat cl\u00ednicament efica\u00e7 en el tractament d'un nombre de malalties en gossos, gats i altres animals.<span class=\"section-separator fl-sec-sep\"><\/span>        <\/div>\n        \t\t\t\t<\/div>\n\t\t\t\t<\/div>\n\t\t\t\t\t<\/div>\n\t\t<\/div>\n\t\t\t\t\t<\/div>\n\t\t<\/section>\n\t\t\t\t<section class=\"elementor-section elementor-top-section elementor-element elementor-element-d993722 elementor-section-boxed elementor-section-height-default elementor-section-height-default\" data-id=\"d993722\" data-element_type=\"section\" data-e-type=\"section\">\n\t\t\t\t\t\t<div class=\"elementor-container elementor-column-gap-wide\">\n\t\t\t\t\t<div class=\"elementor-column elementor-col-50 elementor-top-column elementor-element elementor-element-065811d\" data-id=\"065811d\" data-element_type=\"column\" data-e-type=\"column\">\n\t\t\t<div class=\"elementor-widget-wrap elementor-element-populated\">\n\t\t\t\t\t\t<div class=\"elementor-element elementor-element-63d99ac elementor-widget elementor-widget-text-editor\" data-id=\"63d99ac\" data-element_type=\"widget\" data-e-type=\"widget\" data-widget_type=\"text-editor.default\">\n\t\t\t\t<div class=\"elementor-widget-container\">\n\t\t\t\t\t\t\t\t\t<p><strong>Quines malalties poden ser tractades amb la ter\u00e0pia l\u00e0ser?<\/strong><\/p><p>Les indicacions m\u00e9s comuns per les quals els nostres veterinaris de Clinican Veterinary Clinic  utilitzen aquesta ter\u00e0pia s\u00f3n:<\/p><ul><li>Artrosi, malalties degeneratives de les articulacions<\/li><li>Mal d&#8217;esquena, malaltia del disc<\/li><li>Trastorns dermatol\u00f2gics (punts calents, dermatitis interdigital i granulomes)<\/li><li>Alleujament del dolor postquir\u00fargic<\/li><li>Tendinitis<\/li><li>Ferides<\/li><li>Otitis externa<\/li><li>Tor\u00e7ades i esquin\u00e7os<\/li><\/ul>\t\t\t\t\t\t\t\t<\/div>\n\t\t\t\t<\/div>\n\t\t\t\t<div class=\"elementor-element elementor-element-8ed6216 elementor-align-center elementor-widget elementor-widget-button\" data-id=\"8ed6216\" data-element_type=\"widget\" data-e-type=\"widget\" data-widget_type=\"button.default\">\n\t\t\t\t<div class=\"elementor-widget-container\">\n\t\t\t\t\t\t\t\t\t<div class=\"elementor-button-wrapper\">\n\t\t\t\t\t<a class=\"elementor-button elementor-button-link elementor-size-sm\" href=\"http:\/\/www.unavets.com\/schedule-an-appointment\">\n\t\t\t\t\t\t<span class=\"elementor-button-content-wrapper\">\n\t\t\t\t\t\t<span class=\"elementor-button-icon\">\n\t\t\t\t<i aria-hidden=\"true\" class=\"far fa-calendar-alt\"><\/i>\t\t\t<\/span>\n\t\t\t\t\t\t\t\t\t<span class=\"elementor-button-text\">Demana Cita<\/span>\n\t\t\t\t\t<\/span>\n\t\t\t\t\t<\/a>\n\t\t\t\t<\/div>\n\t\t\t\t\t\t\t\t<\/div>\n\t\t\t\t<\/div>\n\t\t\t\t\t<\/div>\n\t\t<\/div>\n\t\t\t\t<div class=\"elementor-column elementor-col-50 elementor-top-column elementor-element elementor-element-2048e61\" data-id=\"2048e61\" data-element_type=\"column\" data-e-type=\"column\">\n\t\t\t<div class=\"elementor-widget-wrap elementor-element-populated\">\n\t\t\t\t\t\t<div class=\"elementor-element elementor-element-dc7c821 elementor-widget elementor-widget-image\" data-id=\"dc7c821\" data-element_type=\"widget\" data-e-type=\"widget\" data-widget_type=\"image.default\">\n\t\t\t\t<div class=\"elementor-widget-container\">\n\t\t\t\t\t\t\t\t\t\t\t\t\t\t\t<img fetchpriority=\"high\" width=\"724\" height=\"542\" class=\"attachment-large size-large wp-image-803 lazy\" alt=\"\" data-src=\"https:\/\/www.unavets.com\/clinican\/wp-content\/uploads\/sites\/26\/2020\/10\/shutterstock_607531682-1-1024x767.jpg\" data-lazy=\"https:\/\/www.unavets.com\/clinican\/wp-content\/uploads\/sites\/26\/2020\/10\/shutterstock_607531682-1-1024x767.jpg\" \/>\t\t\t\t\t\t\t\t\t\t\t\t\t\t\t<\/div>\n\t\t\t\t<\/div>\n\t\t\t\t\t<\/div>\n\t\t<\/div>\n\t\t\t\t\t<\/div>\n\t\t<\/section>\n\t\t\t\t<section class=\"elementor-section elementor-top-section elementor-element elementor-element-c6e8d26 elementor-section-boxed elementor-section-height-default elementor-section-height-default\" data-id=\"c6e8d26\" data-element_type=\"section\" data-e-type=\"section\">\n\t\t\t\t\t\t<div class=\"elementor-container elementor-column-gap-default\">\n\t\t\t\t\t<div class=\"elementor-column elementor-col-100 elementor-top-column elementor-element elementor-element-d92d362\" data-id=\"d92d362\" data-element_type=\"column\" data-e-type=\"column\">\n\t\t\t<div class=\"elementor-widget-wrap elementor-element-populated\">\n\t\t\t\t\t\t<div class=\"elementor-element elementor-element-70fb1ad elementor-widget elementor-widget-section_titleleft\" data-id=\"70fb1ad\" data-element_type=\"widget\" data-e-type=\"widget\" data-widget_type=\"section_titleleft.default\">\n\t\t\t\t<div class=\"elementor-widget-container\">\n\t\t\t\t\t        <div class=\"ab_text-title fl-wrap\">\n            <h3>Com funciona la ter\u00e0pia amb l\u00e0ser?<\/h3><span class=\"section-separator fl-sec-sep\"><\/span>        <\/div>\n        \t\t\t\t<\/div>\n\t\t\t\t<\/div>\n\t\t\t\t\t<\/div>\n\t\t<\/div>\n\t\t\t\t\t<\/div>\n\t\t<\/section>\n\t\t\t\t<section class=\"elementor-section elementor-top-section elementor-element elementor-element-149f379 elementor-section-boxed elementor-section-height-default elementor-section-height-default\" data-id=\"149f379\" data-element_type=\"section\" data-e-type=\"section\">\n\t\t\t\t\t\t<div class=\"elementor-container elementor-column-gap-wide\">\n\t\t\t\t\t<div class=\"elementor-column elementor-col-100 elementor-top-column elementor-element elementor-element-08b8459\" data-id=\"08b8459\" data-element_type=\"column\" data-e-type=\"column\">\n\t\t\t<div class=\"elementor-widget-wrap elementor-element-populated\">\n\t\t\t\t\t\t<div class=\"elementor-element elementor-element-e1b240e elementor-widget elementor-widget-text-editor\" data-id=\"e1b240e\" data-element_type=\"widget\" data-e-type=\"widget\" data-widget_type=\"text-editor.default\">\n\t\t\t\t<div class=\"elementor-widget-container\">\n\t\t\t\t\t\t\t\t\t<p>La ter\u00e0pia amb l\u00e0ser utilitza un feix intens de part\u00edcules de llum (fotons) que de manera segura i sense dolor, penetra profundament en el teixit i estimula la cicatritzaci\u00f3 de les c\u00e8l\u00b7lules. Els fotons estimulen els mitocondris dins de les c\u00e8l\u00b7lules per a produir ATP (Trifosfat d&#8217;adenosina) a trav\u00e9s d&#8217;un canvi qu\u00edmic anomenat &#8220;&#8221;foto-bio-modulaci\u00f3&#8221;.<\/p><p>L&#8217;ATP proporciona l&#8217;energia necess\u00e0ria per a curar. L&#8217;augment en la producci\u00f3 d&#8217;ATP redueix la inflamaci\u00f3, alleuja el dolor, accelera la reparaci\u00f3 de teixits i el creixement cel\u00b7lular, millora el flux sanguini en la zona de la lesi\u00f3, permet una curaci\u00f3 m\u00e9s r\u00e0pida de les ferides i pot millorar la funci\u00f3 nerviosa. Un altre aspecte positiu \u00e9s que no produeix efectes secundaris i la majoria dels animals experimenten resultats positius de seguida.<\/p>\t\t\t\t\t\t\t\t<\/div>\n\t\t\t\t<\/div>\n\t\t\t\t\t<\/div>\n\t\t<\/div>\n\t\t\t\t\t<\/div>\n\t\t<\/section>\n\t\t\t\t<section class=\"elementor-section elementor-top-section elementor-element elementor-element-9a84a67 elementor-section-boxed elementor-section-height-default elementor-section-height-default\" data-id=\"9a84a67\" data-element_type=\"section\" data-e-type=\"section\">\n\t\t\t\t\t\t<div class=\"elementor-container elementor-column-gap-default\">\n\t\t\t\t\t<div class=\"elementor-column elementor-col-100 elementor-top-column elementor-element elementor-element-0118b94\" data-id=\"0118b94\" data-element_type=\"column\" data-e-type=\"column\">\n\t\t\t<div class=\"elementor-widget-wrap elementor-element-populated\">\n\t\t\t\t\t\t<div class=\"elementor-element elementor-element-bc0aa84 elementor-widget elementor-widget-section_titleleft\" data-id=\"bc0aa84\" data-element_type=\"widget\" data-e-type=\"widget\" data-widget_type=\"section_titleleft.default\">\n\t\t\t\t<div class=\"elementor-widget-container\">\n\t\t\t\t\t        <div class=\"ab_text-title fl-wrap\">\n            <h3>Qu\u00e8 es pot esperar de la ter\u00e0pia amb l\u00e0ser?<\/h3><span class=\"section-separator fl-sec-sep\"><\/span>        <\/div>\n        \t\t\t\t<\/div>\n\t\t\t\t<\/div>\n\t\t\t\t<div class=\"elementor-element elementor-element-6622e99 elementor-widget elementor-widget-text-editor\" data-id=\"6622e99\" data-element_type=\"widget\" data-e-type=\"widget\" data-widget_type=\"text-editor.default\">\n\t\t\t\t<div class=\"elementor-widget-container\">\n\t\t\t\t\t\t\t\t\t<p>Durant el tractament en Clinican Veterinary Clinic , els animals solen experimentar una sensaci\u00f3 c\u00e0lida i calmant, similar a la d&#8217;un massatge. La llum l\u00e0ser s&#8217;aplica amb una pe\u00e7a de m\u00e0 no invasiva, en les zones del cos que necessiten tractament. La majoria de sessions es realitzen en menys de 10 minuts. La quantitat i freq\u00fc\u00e8ncia dels tractaments estan determinats per la gravetat i la lesi\u00f3 espec\u00edfica que pateix cada mascota.<\/p>\t\t\t\t\t\t\t\t<\/div>\n\t\t\t\t<\/div>\n\t\t\t\t\t<\/div>\n\t\t<\/div>\n\t\t\t\t\t<\/div>\n\t\t<\/section>\n\t\t\t\t<\/div>\n\t\t","protected":false},"excerpt":{"rendered":"<p>Qu\u00e8 \u00e9s la ter\u00e0pia amb l\u00e0ser? La ter\u00e0pia amb l\u00e0ser \u00e9s un tractament que oferim en , . \u00c9s un tractament sense medicaments o cirurgia, que s&#8217;utilitza en la medicina veterin\u00e0ria des de fa d\u00e8cades. Aquest procediment s&#8217;ha demostrat cl\u00ednicament efica\u00e7 en el tractament d&#8217;un nombre de malalties en gossos, gats i altres animals. Quines &hellip; <\/p>\n","protected":false},"author":1,"featured_media":0,"parent":13567,"menu_order":0,"comment_status":"closed","ping_status":"closed","template":"page-fullwidth.php","meta":{"_acf_changed":false,"content-type":"","footnotes":""},"class_list":["post-13032","page","type-page","status-publish","hentry"],"acf":[],"_links":{"self":[{"href":"https:\/\/www.unavets.com\/clinican\/ca\/wp-json\/wp\/v2\/pages\/13032","targetHints":{"allow":["GET"]}}],"collection":[{"href":"https:\/\/www.unavets.com\/clinican\/ca\/wp-json\/wp\/v2\/pages"}],"about":[{"href":"https:\/\/www.unavets.com\/clinican\/ca\/wp-json\/wp\/v2\/types\/page"}],"author":[{"embeddable":true,"href":"https:\/\/www.unavets.com\/clinican\/ca\/wp-json\/wp\/v2\/users\/1"}],"replies":[{"embeddable":true,"href":"https:\/\/www.unavets.com\/clinican\/ca\/wp-json\/wp\/v2\/comments?post=13032"}],"version-history":[{"count":0,"href":"https:\/\/www.unavets.com\/clinican\/ca\/wp-json\/wp\/v2\/pages\/13032\/revisions"}],"up":[{"embeddable":true,"href":"https:\/\/www.unavets.com\/clinican\/ca\/wp-json\/wp\/v2\/pages\/13567"}],"wp:attachment":[{"href":"https:\/\/www.unavets.com\/clinican\/ca\/wp-json\/wp\/v2\/media?parent=13032"}],"curies":[{"name":"wp","href":"https:\/\/api.w.org\/{rel}","templated":true}]}}