{"id":13023,"date":"2021-01-08T13:33:53","date_gmt":"2021-01-08T13:33:53","guid":{"rendered":"http:\/\/www.unavets.com\/clinican\/?page_id=13023"},"modified":"2023-05-05T10:13:34","modified_gmt":"2023-05-05T10:13:34","slug":"perruqueria","status":"publish","type":"page","link":"https:\/\/www.unavets.com\/clinican\/ca\/serveis\/perruqueria\/","title":{"rendered":"Perruqueria"},"content":{"rendered":"\t\t<div data-elementor-type=\"wp-page\" data-elementor-id=\"13023\" class=\"elementor elementor-13023 elementor-465\" data-elementor-post-type=\"page\">\n\t\t\t\t\t\t<section class=\"elementor-section elementor-top-section elementor-element elementor-element-3b7f1f2 elementor-section-boxed elementor-section-height-default elementor-section-height-default\" data-id=\"3b7f1f2\" data-element_type=\"section\" data-e-type=\"section\" id=\"main-sec\">\n\t\t\t\t\t\t<div class=\"elementor-container elementor-column-gap-default\">\n\t\t\t\t\t<div class=\"elementor-column elementor-col-100 elementor-top-column elementor-element elementor-element-138c88c\" data-id=\"138c88c\" data-element_type=\"column\" data-e-type=\"column\">\n\t\t\t<div class=\"elementor-widget-wrap elementor-element-populated\">\n\t\t\t\t\t\t<div class=\"elementor-element elementor-element-ec83cf0 elementor-widget elementor-widget-section_titleleft\" data-id=\"ec83cf0\" data-element_type=\"widget\" data-e-type=\"widget\" data-widget_type=\"section_titleleft.default\">\n\t\t\t\t<div class=\"elementor-widget-container\">\n\t\t\t\t\t        <div class=\"ab_text-title fl-wrap\">\n            <h3>Per qu\u00e8 \u00e9s important la perruqueria?<\/h3><span class=\"section-separator fl-sec-sep\"><\/span>        <\/div>\n        \t\t\t\t<\/div>\n\t\t\t\t<\/div>\n\t\t\t\t\t<\/div>\n\t\t<\/div>\n\t\t\t\t\t<\/div>\n\t\t<\/section>\n\t\t\t\t<section class=\"elementor-section elementor-top-section elementor-element elementor-element-d993722 elementor-section-boxed elementor-section-height-default elementor-section-height-default\" data-id=\"d993722\" data-element_type=\"section\" data-e-type=\"section\">\n\t\t\t\t\t\t<div class=\"elementor-container elementor-column-gap-default\">\n\t\t\t\t\t<div class=\"elementor-column elementor-col-50 elementor-top-column elementor-element elementor-element-065811d\" data-id=\"065811d\" data-element_type=\"column\" data-e-type=\"column\">\n\t\t\t<div class=\"elementor-widget-wrap elementor-element-populated\">\n\t\t\t\t\t\t<div class=\"elementor-element elementor-element-63d99ac elementor-widget elementor-widget-text-editor\" data-id=\"63d99ac\" data-element_type=\"widget\" data-e-type=\"widget\" data-widget_type=\"text-editor.default\">\n\t\t\t\t<div class=\"elementor-widget-container\">\n\t\t\t\t\t\t\t\t\t<p>No \u00e9s nom\u00e9s una q\u00fcesti\u00f3 d&#8217;imatge, tenir el p\u00e8l endre\u00e7at \u00e9s essencial per a la salut i el benestar de la teva mascota. Descurar la seva higiene pot donar lloc a uns cabells llargs i embolicats que resultin inc\u00f2modes, pot originar malalties en la pell i augmentar la possibilitat que contregui puces o \u00e0cars.<\/p><p>Els nostres serveis de perruqueria en\u00a0Clinican Veterinary Clinic  s&#8217;adapten a les necessitats de cada animal. Oferim servei de perruqueria per a gats i gossos, que ajuden a eliminar el p\u00e8l caigut i la pell morta, a m\u00e9s d&#8217;aportar olis naturals en el seu pelatge.<\/p><p>Els nostres especialistes de Girona tenen experi\u00e8ncia en el tall i pentinat de gaireb\u00e9 200 gossos i gats de diferents races i grand\u00e0ries. Mentre la teva mascota gaudeix del servei, el nostre perruquer tamb\u00e9 revisar\u00e0 si hi ha alguna irregularitat en la seva pell. Truca&#8217;ns per saber quin dels seg\u00fcents serveis \u00e9s el m\u00e9s adequat per la teva mascota:\u00a0+34 972 460 858.<\/p>\t\t\t\t\t\t\t\t<\/div>\n\t\t\t\t<\/div>\n\t\t\t\t\t<\/div>\n\t\t<\/div>\n\t\t\t\t<div class=\"elementor-column elementor-col-50 elementor-top-column elementor-element elementor-element-2048e61\" data-id=\"2048e61\" data-element_type=\"column\" data-e-type=\"column\">\n\t\t\t<div class=\"elementor-widget-wrap elementor-element-populated\">\n\t\t\t\t\t\t<div class=\"elementor-element elementor-element-dc7c821 elementor-widget elementor-widget-image\" data-id=\"dc7c821\" data-element_type=\"widget\" data-e-type=\"widget\" data-widget_type=\"image.default\">\n\t\t\t\t<div class=\"elementor-widget-container\">\n\t\t\t\t\t\t\t\t\t\t\t\t\t\t\t<img fetchpriority=\"high\" width=\"500\" height=\"333\" class=\"attachment-large size-large wp-image-468 lazy\" alt=\"\" data-src=\"https:\/\/www.unavets.com\/clinican\/wp-content\/uploads\/sites\/26\/2020\/10\/Depositphotos_88516206_s-2015.jpg\" data-lazy=\"https:\/\/www.unavets.com\/clinican\/wp-content\/uploads\/sites\/26\/2020\/10\/Depositphotos_88516206_s-2015.jpg\" \/>\t\t\t\t\t\t\t\t\t\t\t\t\t\t\t<\/div>\n\t\t\t\t<\/div>\n\t\t\t\t\t<\/div>\n\t\t<\/div>\n\t\t\t\t\t<\/div>\n\t\t<\/section>\n\t\t\t\t<section class=\"elementor-section elementor-top-section elementor-element elementor-element-c6e8d26 elementor-section-boxed elementor-section-height-default elementor-section-height-default\" data-id=\"c6e8d26\" data-element_type=\"section\" data-e-type=\"section\">\n\t\t\t\t\t\t<div class=\"elementor-container elementor-column-gap-default\">\n\t\t\t\t\t<div class=\"elementor-column elementor-col-100 elementor-top-column elementor-element elementor-element-d92d362\" data-id=\"d92d362\" data-element_type=\"column\" data-e-type=\"column\">\n\t\t\t<div class=\"elementor-widget-wrap elementor-element-populated\">\n\t\t\t\t\t\t<div class=\"elementor-element elementor-element-70fb1ad elementor-widget elementor-widget-section_titleleft\" data-id=\"70fb1ad\" data-element_type=\"widget\" data-e-type=\"widget\" data-widget_type=\"section_titleleft.default\">\n\t\t\t\t<div class=\"elementor-widget-container\">\n\t\t\t\t\t        <div class=\"ab_text-title fl-wrap\">\n            <h3>Els nostres serveis de perruqueria:<\/h3><span class=\"section-separator fl-sec-sep\"><\/span>        <\/div>\n        \t\t\t\t<\/div>\n\t\t\t\t<\/div>\n\t\t\t\t\t<\/div>\n\t\t<\/div>\n\t\t\t\t\t<\/div>\n\t\t<\/section>\n\t\t\t\t<section class=\"elementor-section elementor-top-section elementor-element elementor-element-149f379 elementor-section-boxed elementor-section-height-default elementor-section-height-default\" data-id=\"149f379\" data-element_type=\"section\" data-e-type=\"section\">\n\t\t\t\t\t\t<div class=\"elementor-container elementor-column-gap-default\">\n\t\t\t\t\t<div class=\"elementor-column elementor-col-50 elementor-top-column elementor-element elementor-element-2a8ea5b\" data-id=\"2a8ea5b\" data-element_type=\"column\" data-e-type=\"column\">\n\t\t\t<div class=\"elementor-widget-wrap elementor-element-populated\">\n\t\t\t\t\t\t<div class=\"elementor-element elementor-element-01118fc elementor-widget elementor-widget-image\" data-id=\"01118fc\" data-element_type=\"widget\" data-e-type=\"widget\" data-widget_type=\"image.default\">\n\t\t\t\t<div class=\"elementor-widget-container\">\n\t\t\t\t\t\t\t\t\t\t\t\t\t\t\t<img decoding=\"async\" src=\"http:\/\/www.unavets.com\/cabrils\/wp-content\/uploads\/sites\/2\/2020\/10\/Depositphotos_36911593_xl-2015.jpg\" title=\"\" alt=\"\" loading=\"lazy\" \/>\t\t\t\t\t\t\t\t\t\t\t\t\t\t\t<\/div>\n\t\t\t\t<\/div>\n\t\t\t\t\t<\/div>\n\t\t<\/div>\n\t\t\t\t<div class=\"elementor-column elementor-col-50 elementor-top-column elementor-element elementor-element-08b8459\" data-id=\"08b8459\" data-element_type=\"column\" data-e-type=\"column\">\n\t\t\t<div class=\"elementor-widget-wrap elementor-element-populated\">\n\t\t\t\t\t\t<div class=\"elementor-element elementor-element-e1b240e elementor-widget elementor-widget-text-editor\" data-id=\"e1b240e\" data-element_type=\"widget\" data-e-type=\"widget\" data-widget_type=\"text-editor.default\">\n\t\t\t\t<div class=\"elementor-widget-container\">\n\t\t\t\t\t\t\t\t\t<ul><li>Bany enriquit amb oxigen i xamp\u00fa especial per a mascotes<\/li><li>Assecat suau<\/li><li>15 minuts de raspallat<\/li><li>Tallat de cabells i desembolicat de nusos<\/li><li>Retallat del pelatge facial<\/li><li>Neteja d&#8217;o\u00efdes, depilaci\u00f3 i rentat<\/li><li>Tall d&#8217;ungles i retallada del p\u00e8l dels coixinets<\/li><li>Tall sanitari<\/li><li>Neteja de gl\u00e0ndules anals<\/li><\/ul>\t\t\t\t\t\t\t\t<\/div>\n\t\t\t\t<\/div>\n\t\t\t\t\t<\/div>\n\t\t<\/div>\n\t\t\t\t\t<\/div>\n\t\t<\/section>\n\t\t\t\t<section class=\"elementor-section elementor-top-section elementor-element elementor-element-d95b36a elementor-section-boxed elementor-section-height-default elementor-section-height-default\" data-id=\"d95b36a\" data-element_type=\"section\" data-e-type=\"section\">\n\t\t\t\t\t\t<div class=\"elementor-container elementor-column-gap-default\">\n\t\t\t\t\t<div class=\"elementor-column elementor-col-100 elementor-top-column elementor-element elementor-element-9820b30\" data-id=\"9820b30\" data-element_type=\"column\" data-e-type=\"column\">\n\t\t\t<div class=\"elementor-widget-wrap elementor-element-populated\">\n\t\t\t\t\t\t<div class=\"elementor-element elementor-element-967a61a elementor-widget elementor-widget-text-editor\" data-id=\"967a61a\" data-element_type=\"widget\" data-e-type=\"widget\" data-widget_type=\"text-editor.default\">\n\t\t\t\t<div class=\"elementor-widget-container\">\n\t\t\t\t\t\t\t\t\t<blockquote>\n<p>S\u00f3c una mica sobreprotectora i em poso molt nerviosa quan porto a la meva gossa Alma \u2014una fox terrier de 2 anys \u2014 a la perruqueria. Despr\u00e9s de la primera visita i amb una mica de preparaci\u00f3 (gr\u00e0cies pels consells) el meu neguit s&#8217;ha calmat. A totes dues ens ha encantat tant el vostre servei com el vostre saber fer. Ja tenim ganes de tornar-vos a veure<\/p>\n<p><i>Mar\u00eda, L.&nbsp;<\/i><i>(Cass\u00e1 de la Selva)<\/i><\/p><\/blockquote>\t\t\t\t\t\t\t\t<\/div>\n\t\t\t\t<\/div>\n\t\t\t\t\t<\/div>\n\t\t<\/div>\n\t\t\t\t\t<\/div>\n\t\t<\/section>\n\t\t\t\t<section class=\"elementor-section elementor-top-section elementor-element elementor-element-49ff81c elementor-section-boxed elementor-section-height-default elementor-section-height-default\" data-id=\"49ff81c\" data-element_type=\"section\" data-e-type=\"section\">\n\t\t\t\t\t\t<div class=\"elementor-container elementor-column-gap-default\">\n\t\t\t\t\t<div class=\"elementor-column elementor-col-100 elementor-top-column elementor-element elementor-element-1dff2ba\" data-id=\"1dff2ba\" data-element_type=\"column\" data-e-type=\"column\">\n\t\t\t<div class=\"elementor-widget-wrap elementor-element-populated\">\n\t\t\t\t\t\t<div class=\"elementor-element elementor-element-9ea1c2e elementor-widget elementor-widget-section_titleleft\" data-id=\"9ea1c2e\" data-element_type=\"widget\" data-e-type=\"widget\" data-widget_type=\"section_titleleft.default\">\n\t\t\t\t<div class=\"elementor-widget-container\">\n\t\t\t\t\t        <div class=\"ab_text-title fl-wrap\">\n            <h3>Com preparar la teva mascota per portar-la a la perruqueria<\/h3><span class=\"section-separator fl-sec-sep\"><\/span>        <\/div>\n        \t\t\t\t<\/div>\n\t\t\t\t<\/div>\n\t\t\t\t<div class=\"elementor-element elementor-element-ac2f888 elementor-widget elementor-widget-text-editor\" data-id=\"ac2f888\" data-element_type=\"widget\" data-e-type=\"widget\" data-widget_type=\"text-editor.default\">\n\t\t\t\t<div class=\"elementor-widget-container\">\n\t\t\t\t\t\t\t\t\t<p>Primer, recomanem que la mascota hagi rebut les vacunes necess\u00e0ries almenys 48 h abans de la visita. Tamb\u00e9 aconsellem fer una llista amb les malalties espec\u00edfiques que h\u00e0gim de saber, com a afeccions de la pell, irritacions, bonys, etc. La salut de la teva mascota \u00e9s el m\u00e9s important i per a mantenir-la \u00e9s essencial que ens comuniquis qualsevol problema existent o necessitat particular amb antelaci\u00f3.<\/p><p>Segon, recomanem que acostumis a la teva mascota a la neteja fent algunes coses: primer toca les seves potes per sota, tamb\u00e9 els coixinets mentre jugueu i toca tamb\u00e9 altres parts que normalment no toques, com l&#8217;interior de les orelles o fins i tot entre les arpes. Tamb\u00e9 \u00e9s \u00fatil usar alguns objectes quotidians comuns com l&#8217;assecador, perqu\u00e8 s&#8217;acostumi al soroll i la vibraci\u00f3, la tisora de tallar o el tallaungles. Quan usis l&#8217;assecador, posa&#8217;l a la pot\u00e8ncia m\u00ednima, amb aire fred i no apuntis amb ell a la cara de l&#8217;animal. Com m\u00e9s c\u00f2mode estigui abans de la visita, millor experi\u00e8ncia tindr\u00e0, sobretot si \u00e9s la seva primera vegada.<\/p><p>Tamb\u00e9 recomanem que banyis a la mascota amb antelaci\u00f3 i que la raspallis regularment a casa. Aix\u00f2 no nom\u00e9s la preparar\u00e0 per a la perruqueria<br \/>sin\u00f3 que l&#8217;ajudar\u00e0 a crear un vincle emocional amb tu. Un bany i un raspallat amb regularitat a casa ajuden a mantenir a la mascota sana i endre\u00e7ada entre visita i visita a la perruqueria.<\/p><p>Per als principiants \u2014especialment si es posen nerviosos\u2014 aconsellem que passeu a con\u00e8ixer al perruquer abans de la visita. Aix\u00f2 ajudar\u00e0 l&#8217;animal a crear una relaci\u00f3 amb aquesta persona i a acostumar-se a les olors i sons.<\/p><p>El dia de la visita, et proposem un parell de coses per a ajudar-te, si la teva mascota es posa nerviosa. Primer, pots portar-la al parc a fer una passejada, per ajudar-la a calmar-se amb una mica d&#8217;exercici. Just abans de la visita, pots ajudar-la a relaxar-se estant una estona amb ella acariciant-la, fregant-li l&#8217;esquena, les potes, el ventre, la cua. Aix\u00f2 l&#8217;ajudar\u00e0 a controlar l&#8217;ansietat i la preparar\u00e0 per tenir una bona experi\u00e8ncia.<\/p>\t\t\t\t\t\t\t\t<\/div>\n\t\t\t\t<\/div>\n\t\t\t\t\t<\/div>\n\t\t<\/div>\n\t\t\t\t\t<\/div>\n\t\t<\/section>\n\t\t\t\t<section class=\"elementor-section elementor-top-section elementor-element elementor-element-c209a7a elementor-section-boxed elementor-section-height-default elementor-section-height-default\" data-id=\"c209a7a\" data-element_type=\"section\" data-e-type=\"section\">\n\t\t\t\t\t\t<div class=\"elementor-container elementor-column-gap-default\">\n\t\t\t\t\t<div class=\"elementor-column elementor-col-100 elementor-top-column elementor-element elementor-element-89393e2\" data-id=\"89393e2\" data-element_type=\"column\" data-e-type=\"column\">\n\t\t\t<div class=\"elementor-widget-wrap elementor-element-populated\">\n\t\t\t\t\t\t<div class=\"elementor-element elementor-element-9953e23 elementor-align-center elementor-widget elementor-widget-button\" data-id=\"9953e23\" data-element_type=\"widget\" data-e-type=\"widget\" data-widget_type=\"button.default\">\n\t\t\t\t<div class=\"elementor-widget-container\">\n\t\t\t\t\t\t\t\t\t<div class=\"elementor-button-wrapper\">\n\t\t\t\t\t<a class=\"elementor-button elementor-button-link elementor-size-sm\" href=\"https:\/\/www.unavets.com\/clinican\/ca\/contacte\/\">\n\t\t\t\t\t\t<span class=\"elementor-button-content-wrapper\">\n\t\t\t\t\t\t<span class=\"elementor-button-icon\">\n\t\t\t\t<i aria-hidden=\"true\" class=\"far fa-calendar-alt\"><\/i>\t\t\t<\/span>\n\t\t\t\t\t\t\t\t\t<span class=\"elementor-button-text\">Demana cita<\/span>\n\t\t\t\t\t<\/span>\n\t\t\t\t\t<\/a>\n\t\t\t\t<\/div>\n\t\t\t\t\t\t\t\t<\/div>\n\t\t\t\t<\/div>\n\t\t\t\t\t<\/div>\n\t\t<\/div>\n\t\t\t\t\t<\/div>\n\t\t<\/section>\n\t\t\t\t<\/div>\n\t\t","protected":false},"excerpt":{"rendered":"<p>Per qu\u00e8 \u00e9s important la perruqueria? No \u00e9s nom\u00e9s una q\u00fcesti\u00f3 d&#8217;imatge, tenir el p\u00e8l endre\u00e7at \u00e9s essencial per a la salut i el benestar de la teva mascota. Descurar la seva higiene pot donar lloc a uns cabells llargs i embolicats que resultin inc\u00f2modes, pot originar malalties en la pell i augmentar la possibilitat &hellip; <\/p>\n","protected":false},"author":1,"featured_media":0,"parent":13567,"menu_order":0,"comment_status":"closed","ping_status":"closed","template":"page-fullwidth.php","meta":{"_acf_changed":false,"content-type":"","footnotes":""},"class_list":["post-13023","page","type-page","status-publish","hentry"],"acf":[],"_links":{"self":[{"href":"https:\/\/www.unavets.com\/clinican\/ca\/wp-json\/wp\/v2\/pages\/13023","targetHints":{"allow":["GET"]}}],"collection":[{"href":"https:\/\/www.unavets.com\/clinican\/ca\/wp-json\/wp\/v2\/pages"}],"about":[{"href":"https:\/\/www.unavets.com\/clinican\/ca\/wp-json\/wp\/v2\/types\/page"}],"author":[{"embeddable":true,"href":"https:\/\/www.unavets.com\/clinican\/ca\/wp-json\/wp\/v2\/users\/1"}],"replies":[{"embeddable":true,"href":"https:\/\/www.unavets.com\/clinican\/ca\/wp-json\/wp\/v2\/comments?post=13023"}],"version-history":[{"count":0,"href":"https:\/\/www.unavets.com\/clinican\/ca\/wp-json\/wp\/v2\/pages\/13023\/revisions"}],"up":[{"embeddable":true,"href":"https:\/\/www.unavets.com\/clinican\/ca\/wp-json\/wp\/v2\/pages\/13567"}],"wp:attachment":[{"href":"https:\/\/www.unavets.com\/clinican\/ca\/wp-json\/wp\/v2\/media?parent=13023"}],"curies":[{"name":"wp","href":"https:\/\/api.w.org\/{rel}","templated":true}]}}