{"id":13014,"date":"2021-01-08T12:17:36","date_gmt":"2021-01-08T12:17:36","guid":{"rendered":"http:\/\/www.unavets.com\/clinican\/?page_id=13014"},"modified":"2023-05-05T09:57:27","modified_gmt":"2023-05-05T09:57:27","slug":"diagnostic-per-imatge","status":"publish","type":"page","link":"https:\/\/www.unavets.com\/clinican\/ca\/diagnostic-per-imatge\/","title":{"rendered":"Diagn\u00f2stic per la imatge"},"content":{"rendered":"\t\t<div data-elementor-type=\"wp-page\" data-elementor-id=\"13014\" class=\"elementor elementor-13014 elementor-652\" data-elementor-post-type=\"page\">\n\t\t\t\t\t\t<section class=\"elementor-section elementor-top-section elementor-element elementor-element-3b7f1f2 elementor-section-boxed elementor-section-height-default elementor-section-height-default\" data-id=\"3b7f1f2\" data-element_type=\"section\" data-e-type=\"section\" id=\"main-sec\">\n\t\t\t\t\t\t<div class=\"elementor-container elementor-column-gap-default\">\n\t\t\t\t\t<div class=\"elementor-column elementor-col-100 elementor-top-column elementor-element elementor-element-138c88c\" data-id=\"138c88c\" data-element_type=\"column\" data-e-type=\"column\">\n\t\t\t<div class=\"elementor-widget-wrap elementor-element-populated\">\n\t\t\t\t\t\t<div class=\"elementor-element elementor-element-ec83cf0 elementor-widget elementor-widget-section_titleleft\" data-id=\"ec83cf0\" data-element_type=\"widget\" data-e-type=\"widget\" data-widget_type=\"section_titleleft.default\">\n\t\t\t\t<div class=\"elementor-widget-container\">\n\t\t\t\t\t        <div class=\"ab_text-title fl-wrap\">\n            <h3>Per qu\u00e8 s\u00f3n importants les proves de diagn\u00f2stic?<\/h3><span class=\"section-separator fl-sec-sep\"><\/span>        <\/div>\n        \t\t\t\t<\/div>\n\t\t\t\t<\/div>\n\t\t\t\t\t<\/div>\n\t\t<\/div>\n\t\t\t\t\t<\/div>\n\t\t<\/section>\n\t\t\t\t<section class=\"elementor-section elementor-top-section elementor-element elementor-element-1c5f0ad elementor-section-boxed elementor-section-height-default elementor-section-height-default\" data-id=\"1c5f0ad\" data-element_type=\"section\" data-e-type=\"section\">\n\t\t\t\t\t\t<div class=\"elementor-container elementor-column-gap-default\">\n\t\t\t\t\t<div class=\"elementor-column elementor-col-50 elementor-top-column elementor-element elementor-element-16dac99\" data-id=\"16dac99\" data-element_type=\"column\" data-e-type=\"column\">\n\t\t\t<div class=\"elementor-widget-wrap elementor-element-populated\">\n\t\t\t\t\t\t<div class=\"elementor-element elementor-element-2792d05 elementor-widget elementor-widget-text-editor\" data-id=\"2792d05\" data-element_type=\"widget\" data-e-type=\"widget\" data-widget_type=\"text-editor.default\">\n\t\t\t\t<div class=\"elementor-widget-container\">\n\t\t\t\t\t\t\t\t\t<h2>Equipament per al diagn\u00f2stic per imatge veterinari en\u00a0Cass\u00e1\u00a0de la Selva, Girona<\/h2><div>\u00a0<\/div><p>En Clinican, tenim una sala dedicada al diagn\u00f2stic per la imatge, on podem realitzar radiografies digitalitzades, ecografies, eco Doppler i altres t\u00e8cniques que ens permeten arribar a un bon diagn\u00f2stic.<\/p><p>L&#8217;equip de raigs X digital, permet visualitzar a l&#8217;instant les imatges radiogr\u00e0fiques amb una qualitat i precisi\u00f3 com mai s&#8217;havien vist, podent ampliar al detall qualsevol part que ens sembli, sense la necessitat d&#8217;haver de processar les radiografies ni la utilitzaci\u00f3 de subst\u00e0ncies perilloses per a les persones i per al medi ambient. La sala d&#8217;imatge es troba protegida amb parets emplomades, est\u00e0 completament identificada i amb llums indicadores que s&#8217;est\u00e0 treballant dins, i, a m\u00e9s, estan revisades anualment per la UTPR oficial, la qual garanteix la seva seguretat<\/p><p>Disposem tamb\u00e9 d&#8217;un servei d&#8217;ecografia d&#8217;alta resoluci\u00f3, amb un modern equip dotat de sondes i personal expert, que permeten obtenir una molt bona imatge per a un bon diagn\u00f2stic, tant sigui de gestaci\u00f3, com de la recerca d&#8217;alguna patologia en un \u00f2rgan concret.<\/p>\t\t\t\t\t\t\t\t<\/div>\n\t\t\t\t<\/div>\n\t\t\t\t<div class=\"elementor-element elementor-element-59990ed elementor-align-center elementor-widget elementor-widget-button\" data-id=\"59990ed\" data-element_type=\"widget\" data-e-type=\"widget\" data-widget_type=\"button.default\">\n\t\t\t\t<div class=\"elementor-widget-container\">\n\t\t\t\t\t\t\t\t\t<div class=\"elementor-button-wrapper\">\n\t\t\t\t\t<a class=\"elementor-button elementor-button-link elementor-size-md\" href=\"https:\/\/www.unavets.com\/clinican\/ca\/contacte\/\">\n\t\t\t\t\t\t<span class=\"elementor-button-content-wrapper\">\n\t\t\t\t\t\t<span class=\"elementor-button-icon\">\n\t\t\t\t<i aria-hidden=\"true\" class=\"far fa-calendar-alt\"><\/i>\t\t\t<\/span>\n\t\t\t\t\t\t\t\t\t<span class=\"elementor-button-text\">Demana Cita<\/span>\n\t\t\t\t\t<\/span>\n\t\t\t\t\t<\/a>\n\t\t\t\t<\/div>\n\t\t\t\t\t\t\t\t<\/div>\n\t\t\t\t<\/div>\n\t\t\t\t\t<\/div>\n\t\t<\/div>\n\t\t\t\t<div class=\"elementor-column elementor-col-50 elementor-top-column elementor-element elementor-element-ae9bffa\" data-id=\"ae9bffa\" data-element_type=\"column\" data-e-type=\"column\">\n\t\t\t<div class=\"elementor-widget-wrap elementor-element-populated\">\n\t\t\t\t\t\t<div class=\"elementor-element elementor-element-e92ed23 elementor-widget elementor-widget-image\" data-id=\"e92ed23\" data-element_type=\"widget\" data-e-type=\"widget\" data-widget_type=\"image.default\">\n\t\t\t\t<div class=\"elementor-widget-container\">\n\t\t\t\t\t\t\t\t\t\t\t\t\t\t\t<img fetchpriority=\"high\" width=\"500\" height=\"498\" class=\"attachment-large size-large wp-image-19437 lazy\" alt=\"\" data-src=\"https:\/\/www.unavets.com\/clinican\/wp-content\/uploads\/sites\/26\/2023\/05\/Empleados-Pagina-web-3-1-e1683280630591.png\" data-lazy=\"https:\/\/www.unavets.com\/clinican\/wp-content\/uploads\/sites\/26\/2023\/05\/Empleados-Pagina-web-3-1-e1683280630591.png\" \/>\t\t\t\t\t\t\t\t\t\t\t\t\t\t\t<\/div>\n\t\t\t\t<\/div>\n\t\t\t\t\t<\/div>\n\t\t<\/div>\n\t\t\t\t\t<\/div>\n\t\t<\/section>\n\t\t\t\t<section class=\"elementor-section elementor-top-section elementor-element elementor-element-c6e8d26 elementor-section-boxed elementor-section-height-default elementor-section-height-default\" data-id=\"c6e8d26\" data-element_type=\"section\" data-e-type=\"section\">\n\t\t\t\t\t\t<div class=\"elementor-container elementor-column-gap-default\">\n\t\t\t\t\t<div class=\"elementor-column elementor-col-100 elementor-top-column elementor-element elementor-element-d92d362\" data-id=\"d92d362\" data-element_type=\"column\" data-e-type=\"column\">\n\t\t\t<div class=\"elementor-widget-wrap elementor-element-populated\">\n\t\t\t\t\t\t<div class=\"elementor-element elementor-element-70fb1ad elementor-widget elementor-widget-section_titleleft\" data-id=\"70fb1ad\" data-element_type=\"widget\" data-e-type=\"widget\" data-widget_type=\"section_titleleft.default\">\n\t\t\t\t<div class=\"elementor-widget-container\">\n\t\t\t\t\t        <div class=\"ab_text-title fl-wrap\">\n            <h3>Proves freq\u00fcents per al diagn\u00f2stic veterinari<\/h3><span class=\"section-separator fl-sec-sep\"><\/span>        <\/div>\n        \t\t\t\t<\/div>\n\t\t\t\t<\/div>\n\t\t\t\t\t<\/div>\n\t\t<\/div>\n\t\t\t\t\t<\/div>\n\t\t<\/section>\n\t\t\t\t<section class=\"elementor-section elementor-top-section elementor-element elementor-element-149f379 elementor-section-boxed elementor-section-height-default elementor-section-height-default\" data-id=\"149f379\" data-element_type=\"section\" data-e-type=\"section\">\n\t\t\t\t\t\t<div class=\"elementor-container elementor-column-gap-default\">\n\t\t\t\t\t<div class=\"elementor-column elementor-col-50 elementor-top-column elementor-element elementor-element-2a8ea5b\" data-id=\"2a8ea5b\" data-element_type=\"column\" data-e-type=\"column\">\n\t\t\t<div class=\"elementor-widget-wrap elementor-element-populated\">\n\t\t\t\t\t\t<div class=\"elementor-element elementor-element-01118fc elementor-widget elementor-widget-image\" data-id=\"01118fc\" data-element_type=\"widget\" data-e-type=\"widget\" data-widget_type=\"image.default\">\n\t\t\t\t<div class=\"elementor-widget-container\">\n\t\t\t\t\t\t\t\t\t\t\t\t\t\t\t<img width=\"500\" height=\"333\" class=\"attachment-large size-large wp-image-435 lazy\" alt=\"\" data-src=\"https:\/\/www.unavets.com\/clinican\/wp-content\/uploads\/sites\/26\/2020\/10\/shutterstock_1797611569-1.jpg\" data-lazy=\"https:\/\/www.unavets.com\/clinican\/wp-content\/uploads\/sites\/26\/2020\/10\/shutterstock_1797611569-1.jpg\" \/>\t\t\t\t\t\t\t\t\t\t\t\t\t\t\t<\/div>\n\t\t\t\t<\/div>\n\t\t\t\t\t<\/div>\n\t\t<\/div>\n\t\t\t\t<div class=\"elementor-column elementor-col-50 elementor-top-column elementor-element elementor-element-08b8459\" data-id=\"08b8459\" data-element_type=\"column\" data-e-type=\"column\">\n\t\t\t<div class=\"elementor-widget-wrap elementor-element-populated\">\n\t\t\t\t\t\t<div class=\"elementor-element elementor-element-e1b240e elementor-widget elementor-widget-text-editor\" data-id=\"e1b240e\" data-element_type=\"widget\" data-e-type=\"widget\" data-widget_type=\"text-editor.default\">\n\t\t\t\t<div class=\"elementor-widget-container\">\n\t\t\t\t\t\t\t\t\t<p>Clinican Veterinary Clinic  <span style=\"color: #808080\">de <\/span>Cass\u00e0 de la Selva ofereix proves de diagn\u00f2stic d\u2019imatge tals com:<\/p><ul><li><p><strong>Radiografia digital<\/strong>: genera imatges m\u00e9s n\u00edtides que els aparells de raigs X tradicionals i emet menys radiaci\u00f3 en un temps d\u2019exposici\u00f3 m\u00e9s breu. Aix\u00f2 vol dir que millora en rapidesa i qualitat. Permet veure a l\u2019instant la radiografia en un ordinador i incloure-la en diferents suports inform\u00e0tics.<\/p><\/li><li><p><strong>Ecografia<\/strong>: permet visualitzar lesions en \u00f2rgans i altres trastorns.<\/p><\/li><\/ul><p>Aquestes proves s\u00f3n eines importants que poden ajudar al veterinari a mantenir el teu gat o gos sans durant tota la seva vida.<\/p>\t\t\t\t\t\t\t\t<\/div>\n\t\t\t\t<\/div>\n\t\t\t\t<div class=\"elementor-element elementor-element-17ccb47 elementor-align-center elementor-widget elementor-widget-button\" data-id=\"17ccb47\" data-element_type=\"widget\" data-e-type=\"widget\" data-widget_type=\"button.default\">\n\t\t\t\t<div class=\"elementor-widget-container\">\n\t\t\t\t\t\t\t\t\t<div class=\"elementor-button-wrapper\">\n\t\t\t\t\t<a class=\"elementor-button elementor-button-link elementor-size-md\" href=\"https:\/\/www.unavets.com\/clinican\/ca\/contacte\/\">\n\t\t\t\t\t\t<span class=\"elementor-button-content-wrapper\">\n\t\t\t\t\t\t<span class=\"elementor-button-icon\">\n\t\t\t\t<i aria-hidden=\"true\" class=\"far fa-calendar-alt\"><\/i>\t\t\t<\/span>\n\t\t\t\t\t\t\t\t\t<span class=\"elementor-button-text\">Demana cita<\/span>\n\t\t\t\t\t<\/span>\n\t\t\t\t\t<\/a>\n\t\t\t\t<\/div>\n\t\t\t\t\t\t\t\t<\/div>\n\t\t\t\t<\/div>\n\t\t\t\t\t<\/div>\n\t\t<\/div>\n\t\t\t\t\t<\/div>\n\t\t<\/section>\n\t\t\t\t<\/div>\n\t\t","protected":false},"excerpt":{"rendered":"<p>Per qu\u00e8 s\u00f3n importants les proves de diagn\u00f2stic? Equipament per al diagn\u00f2stic per imatge veterinari en\u00a0Cass\u00e1\u00a0de la Selva, Girona \u00a0 En Clinican, tenim una sala dedicada al diagn\u00f2stic per la imatge, on podem realitzar radiografies digitalitzades, ecografies, eco Doppler i altres t\u00e8cniques que ens permeten arribar a un bon diagn\u00f2stic. L&#8217;equip de raigs X digital, &hellip; <\/p>\n","protected":false},"author":1,"featured_media":0,"parent":0,"menu_order":0,"comment_status":"closed","ping_status":"closed","template":"page-fullwidth.php","meta":{"_acf_changed":false,"content-type":"","footnotes":""},"class_list":["post-13014","page","type-page","status-publish","hentry"],"acf":[],"_links":{"self":[{"href":"https:\/\/www.unavets.com\/clinican\/ca\/wp-json\/wp\/v2\/pages\/13014","targetHints":{"allow":["GET"]}}],"collection":[{"href":"https:\/\/www.unavets.com\/clinican\/ca\/wp-json\/wp\/v2\/pages"}],"about":[{"href":"https:\/\/www.unavets.com\/clinican\/ca\/wp-json\/wp\/v2\/types\/page"}],"author":[{"embeddable":true,"href":"https:\/\/www.unavets.com\/clinican\/ca\/wp-json\/wp\/v2\/users\/1"}],"replies":[{"embeddable":true,"href":"https:\/\/www.unavets.com\/clinican\/ca\/wp-json\/wp\/v2\/comments?post=13014"}],"version-history":[{"count":0,"href":"https:\/\/www.unavets.com\/clinican\/ca\/wp-json\/wp\/v2\/pages\/13014\/revisions"}],"wp:attachment":[{"href":"https:\/\/www.unavets.com\/clinican\/ca\/wp-json\/wp\/v2\/media?parent=13014"}],"curies":[{"name":"wp","href":"https:\/\/api.w.org\/{rel}","templated":true}]}}