{"id":13558,"date":"2020-10-03T08:10:58","date_gmt":"2020-10-03T08:10:58","guid":{"rendered":"http:\/\/www.unavets.com\/castanos\/our-facilities\/"},"modified":"2023-01-17T08:54:53","modified_gmt":"2023-01-17T08:54:53","slug":"instalaciones","status":"publish","type":"page","link":"https:\/\/www.unavets.com\/castanos\/es\/instalaciones\/","title":{"rendered":"Instalaciones"},"content":{"rendered":"\t\t<div data-elementor-type=\"wp-page\" data-elementor-id=\"13558\" class=\"elementor elementor-13558 elementor-281\" data-elementor-post-type=\"page\">\n\t\t\t\t\t\t<section class=\"elementor-section elementor-top-section elementor-element elementor-element-54cf215 pad-top-0 elementor-section-boxed elementor-section-height-default elementor-section-height-default\" data-id=\"54cf215\" data-element_type=\"section\" data-e-type=\"section\" id=\"main-sec\" data-settings=\"{&quot;background_background&quot;:&quot;classic&quot;}\">\n\t\t\t\t\t\t<div class=\"elementor-container elementor-column-gap-wide\">\n\t\t\t\t\t<div class=\"elementor-column elementor-col-100 elementor-top-column elementor-element elementor-element-d926441\" data-id=\"d926441\" data-element_type=\"column\" data-e-type=\"column\">\n\t\t\t<div class=\"elementor-widget-wrap elementor-element-populated\">\n\t\t\t\t\t\t<div class=\"elementor-element elementor-element-843d3ec elementor-widget elementor-widget-text-editor\" data-id=\"843d3ec\" data-element_type=\"widget\" data-e-type=\"widget\" data-widget_type=\"text-editor.default\">\n\t\t\t\t<div class=\"elementor-widget-container\">\n\t\t\t\t\t\t\t\t\t<p>En la Cl\u00ednica Veterinaria Casta\u00f1os nos equipamos con las \u00faltimas tecnolog\u00edas aplicadas al mundo veterinario, para aportar un alto valor en cada uno de los casos que pasan por nuestro centro.<\/p>\t\t\t\t\t\t\t\t<\/div>\n\t\t\t\t<\/div>\n\t\t\t\t<section class=\"elementor-section elementor-inner-section elementor-element elementor-element-98275a1 elementor-section-boxed elementor-section-height-default elementor-section-height-default\" data-id=\"98275a1\" data-element_type=\"section\" data-e-type=\"section\">\n\t\t\t\t\t\t<div class=\"elementor-container elementor-column-gap-default\">\n\t\t\t\t\t<div class=\"elementor-column elementor-col-50 elementor-inner-column elementor-element elementor-element-07b222c\" data-id=\"07b222c\" data-element_type=\"column\" data-e-type=\"column\">\n\t\t\t<div class=\"elementor-widget-wrap elementor-element-populated\">\n\t\t\t\t\t\t<div class=\"elementor-element elementor-element-44b52f4 elementor-widget elementor-widget-image\" data-id=\"44b52f4\" data-element_type=\"widget\" data-e-type=\"widget\" data-widget_type=\"image.default\">\n\t\t\t\t<div class=\"elementor-widget-container\">\n\t\t\t\t\t\t\t\t\t\t\t\t\t\t\t<img fetchpriority=\"high\" width=\"418\" height=\"627\" class=\"attachment-full size-full wp-image-17865 lazy\" alt=\"intalaciones de ultima tecnologia clinica casta\u00f1os en portugalete\" data-src=\"https:\/\/www.unavets.com\/castanos\/wp-content\/uploads\/sites\/21\/2023\/01\/instalaciones-castanos-clinica-veterinaria-en-portugalete.jpg\" data-lazy=\"https:\/\/www.unavets.com\/castanos\/wp-content\/uploads\/sites\/21\/2023\/01\/instalaciones-castanos-clinica-veterinaria-en-portugalete.jpg\" \/>\t\t\t\t\t\t\t\t\t\t\t\t\t\t\t<\/div>\n\t\t\t\t<\/div>\n\t\t\t\t\t<\/div>\n\t\t<\/div>\n\t\t\t\t<div class=\"elementor-column elementor-col-50 elementor-inner-column elementor-element elementor-element-e32254f\" data-id=\"e32254f\" data-element_type=\"column\" data-e-type=\"column\">\n\t\t\t<div class=\"elementor-widget-wrap elementor-element-populated\">\n\t\t\t\t\t\t<div class=\"elementor-element elementor-element-6494dd8 elementor-widget elementor-widget-text-editor\" data-id=\"6494dd8\" data-element_type=\"widget\" data-e-type=\"widget\" data-widget_type=\"text-editor.default\">\n\t\t\t\t<div class=\"elementor-widget-container\">\n\t\t\t\t\t\t\t\t\t<p>El centro cuenta con equipos de analiticas, ec\u00f3grafo, radiologia digital directa , equipo de anestesia con ventilacion asistida incorporada con mezcla de gases y sevofluorano e isofluoeano, todo de \u00faltima generaci\u00f3n. Adem\u00e1s la cl\u00ednica cuenta con servicio de peluqueria, con una profesional de dilatada experiencia, que atiende en exclusiva a la clinica toda la semana. Ofrecemos tambien Fisioterapia y Rehabilitacion, un dia a la semana acude un especialista a realizar este trabajo. Ecocardiografias una vez al mes tambi\u00e9n por un especialista externo. De esta manera ofrecemos un servicio bastante completo para nuestras mascotas.<\/p><p>La cl\u00ednica dispone de un quir\u00f3fano completo incluyendo endoscopio, bistur\u00ed el\u00e9ctrico, equipo de anestesia inhalatoria etc, que permite realizar cualquier tipo de cirug\u00eda<\/p><p>Nuestro equipo incluye:<\/p><ul><li>Ec\u00f3grafo con tecnolog\u00eda innovadora de arm\u00f3nicos que nos permite obtener una mayor claridad de imagen para el diagn\u00f3stico de distintas patolog\u00edas en los diversos \u00f3rganos internos.<\/li><li>Equipo de radiograf\u00eda digital de alta definici\u00f3n con la que obtenemos una imagen de gran calidad, y al momento.\u00a0<\/li><li>Cirug\u00eda\u00a0 con \u00a0un quir\u00f3fano totalmente equipado que nos permite realizar desde cirug\u00eda general interna hasta cirug\u00eda especializada.<\/li><li>\u00a0Laboratorio: Disponemos de analizador hematol\u00f3gico, analizador bioqu\u00edmico, 3 microscopios (uno especifico para citolog\u00edas), centrifuga, equipo de urianalisis y refract\u00f3metro de fluidos corporales, adem\u00e1s de disponer de una extensa bater\u00eda de test snaps que nos permite obtener resultados r\u00e1pidos y as\u00ed poder tratar de forma eficaz a tu mascota.<\/li><\/ul>\t\t\t\t\t\t\t\t<\/div>\n\t\t\t\t<\/div>\n\t\t\t\t\t<\/div>\n\t\t<\/div>\n\t\t\t\t\t<\/div>\n\t\t<\/section>\n\t\t\t\t<section class=\"elementor-section elementor-inner-section elementor-element elementor-element-cbd28ac elementor-section-boxed elementor-section-height-default elementor-section-height-default\" data-id=\"cbd28ac\" data-element_type=\"section\" data-e-type=\"section\">\n\t\t\t\t\t\t<div class=\"elementor-container elementor-column-gap-default\">\n\t\t\t\t\t<div class=\"elementor-column elementor-col-50 elementor-inner-column elementor-element elementor-element-e54cc90\" data-id=\"e54cc90\" data-element_type=\"column\" data-e-type=\"column\">\n\t\t\t<div class=\"elementor-widget-wrap elementor-element-populated\">\n\t\t\t\t\t\t<div class=\"elementor-element elementor-element-5db3b67 elementor-align-center elementor-widget elementor-widget-button\" data-id=\"5db3b67\" data-element_type=\"widget\" data-e-type=\"widget\" data-widget_type=\"button.default\">\n\t\t\t\t<div class=\"elementor-widget-container\">\n\t\t\t\t\t\t\t\t\t<div class=\"elementor-button-wrapper\">\n\t\t\t\t\t<a class=\"elementor-button elementor-button-link elementor-size-sm\" href=\"https:\/\/www.unavets.com\/castanos\/es\/nuestro-equipo\/\">\n\t\t\t\t\t\t<span class=\"elementor-button-content-wrapper\">\n\t\t\t\t\t\t\t\t\t<span class=\"elementor-button-text\">Nuestro Equipo<\/span>\n\t\t\t\t\t<\/span>\n\t\t\t\t\t<\/a>\n\t\t\t\t<\/div>\n\t\t\t\t\t\t\t\t<\/div>\n\t\t\t\t<\/div>\n\t\t\t\t\t<\/div>\n\t\t<\/div>\n\t\t\t\t<div class=\"elementor-column elementor-col-50 elementor-inner-column elementor-element elementor-element-dc3e6b5\" data-id=\"dc3e6b5\" data-element_type=\"column\" data-e-type=\"column\">\n\t\t\t<div class=\"elementor-widget-wrap elementor-element-populated\">\n\t\t\t\t\t\t<div class=\"elementor-element elementor-element-ebe1efe elementor-align-center elementor-widget elementor-widget-button\" data-id=\"ebe1efe\" data-element_type=\"widget\" data-e-type=\"widget\" data-widget_type=\"button.default\">\n\t\t\t\t<div class=\"elementor-widget-container\">\n\t\t\t\t\t\t\t\t\t<div class=\"elementor-button-wrapper\">\n\t\t\t\t\t<a class=\"elementor-button elementor-button-link elementor-size-sm\" href=\"https:\/\/www.unavets.com\/castanos\/es\/servicios\/\">\n\t\t\t\t\t\t<span class=\"elementor-button-content-wrapper\">\n\t\t\t\t\t\t\t\t\t<span class=\"elementor-button-text\">Servicios<\/span>\n\t\t\t\t\t<\/span>\n\t\t\t\t\t<\/a>\n\t\t\t\t<\/div>\n\t\t\t\t\t\t\t\t<\/div>\n\t\t\t\t<\/div>\n\t\t\t\t\t<\/div>\n\t\t<\/div>\n\t\t\t\t\t<\/div>\n\t\t<\/section>\n\t\t\t\t\t<\/div>\n\t\t<\/div>\n\t\t\t\t\t<\/div>\n\t\t<\/section>\n\t\t\t\t<section class=\"elementor-section elementor-top-section elementor-element elementor-element-c64bf4c elementor-section-boxed elementor-section-height-default elementor-section-height-default\" data-id=\"c64bf4c\" data-element_type=\"section\" data-e-type=\"section\">\n\t\t\t\t\t\t<div class=\"elementor-container elementor-column-gap-default\">\n\t\t\t\t\t<div class=\"elementor-column elementor-col-100 elementor-top-column elementor-element elementor-element-46ea748\" data-id=\"46ea748\" data-element_type=\"column\" data-e-type=\"column\">\n\t\t\t<div class=\"elementor-widget-wrap elementor-element-populated\">\n\t\t\t\t\t\t<div class=\"elementor-element elementor-element-ad3e405 elementor-widget elementor-widget-gallery\" data-id=\"ad3e405\" data-element_type=\"widget\" data-e-type=\"widget\" data-settings=\"{&quot;columns&quot;:&quot;3&quot;,&quot;aspect_ratio&quot;:&quot;1:1&quot;,&quot;lazyload&quot;:&quot;yes&quot;,&quot;gallery_layout&quot;:&quot;grid&quot;,&quot;columns_tablet&quot;:2,&quot;columns_mobile&quot;:1,&quot;gap&quot;:{&quot;unit&quot;:&quot;px&quot;,&quot;size&quot;:10,&quot;sizes&quot;:[]},&quot;gap_tablet&quot;:{&quot;unit&quot;:&quot;px&quot;,&quot;size&quot;:10,&quot;sizes&quot;:[]},&quot;gap_mobile&quot;:{&quot;unit&quot;:&quot;px&quot;,&quot;size&quot;:10,&quot;sizes&quot;:[]},&quot;link_to&quot;:&quot;file&quot;,&quot;overlay_background&quot;:&quot;yes&quot;,&quot;content_hover_animation&quot;:&quot;fade-in&quot;}\" data-widget_type=\"gallery.default\">\n\t\t\t\t<div class=\"elementor-widget-container\">\n\t\t\t\t\t\t\t<div class=\"elementor-gallery__container\">\n\t\t\t\t\t\t\t<a class=\"e-gallery-item elementor-gallery-item elementor-animated-content\" href=\"https:\/\/www.unavets.com\/castanos\/wp-content\/uploads\/sites\/21\/2023\/01\/facilities-clinica-laser-e1699976957373.png\" data-elementor-open-lightbox=\"yes\" data-elementor-lightbox-slideshow=\"ad3e405\" data-elementor-lightbox-title=\"facilities clinica laser\" data-e-action-hash=\"#elementor-action%3Aaction%3Dlightbox%26settings%3DeyJpZCI6MTc5MjMsInVybCI6Imh0dHBzOlwvXC93d3cudW5hdmV0cy5jb21cL2Nhc3Rhbm9zXC93cC1jb250ZW50XC91cGxvYWRzXC9zaXRlc1wvMjFcLzIwMjNcLzAxXC9mYWNpbGl0aWVzLWNsaW5pY2EtbGFzZXItZTE2OTk5NzY5NTczNzMucG5nIiwic2xpZGVzaG93IjoiYWQzZTQwNSJ9\">\n\t\t\t\t\t<div class=\"e-gallery-image elementor-gallery-item__image\" data-thumbnail=\"https:\/\/www.unavets.com\/castanos\/wp-content\/uploads\/sites\/21\/2023\/01\/facilities-clinica-laser-e1699976957373.png\" data-width=\"605\" data-height=\"495\" aria-label=\"\" role=\"img\" ><\/div>\n\t\t\t\t\t\t\t\t\t\t\t<div class=\"elementor-gallery-item__overlay\"><\/div>\n\t\t\t\t\t\t\t\t\t\t\t\t\t\t<\/a>\n\t\t\t\t\t\t\t<a class=\"e-gallery-item elementor-gallery-item elementor-animated-content\" href=\"https:\/\/www.unavets.com\/castanos\/wp-content\/uploads\/sites\/21\/2023\/01\/facilities-clinica-1.png\" data-elementor-open-lightbox=\"yes\" data-elementor-lightbox-slideshow=\"ad3e405\" data-elementor-lightbox-title=\"facilities clinica\" data-e-action-hash=\"#elementor-action%3Aaction%3Dlightbox%26settings%3DeyJpZCI6MTc5MjUsInVybCI6Imh0dHBzOlwvXC93d3cudW5hdmV0cy5jb21cL2Nhc3Rhbm9zXC93cC1jb250ZW50XC91cGxvYWRzXC9zaXRlc1wvMjFcLzIwMjNcLzAxXC9mYWNpbGl0aWVzLWNsaW5pY2EtMS5wbmciLCJzbGlkZXNob3ciOiJhZDNlNDA1In0%3D\">\n\t\t\t\t\t<div class=\"e-gallery-image elementor-gallery-item__image\" data-thumbnail=\"https:\/\/www.unavets.com\/castanos\/wp-content\/uploads\/sites\/21\/2023\/01\/facilities-clinica-1.png\" data-width=\"620\" data-height=\"422\" aria-label=\"\" role=\"img\" ><\/div>\n\t\t\t\t\t\t\t\t\t\t\t<div class=\"elementor-gallery-item__overlay\"><\/div>\n\t\t\t\t\t\t\t\t\t\t\t\t\t\t<\/a>\n\t\t\t\t\t\t\t<a class=\"e-gallery-item elementor-gallery-item elementor-animated-content\" href=\"https:\/\/www.unavets.com\/castanos\/wp-content\/uploads\/sites\/21\/2023\/01\/facilities-fachada-1.png\" data-elementor-open-lightbox=\"yes\" data-elementor-lightbox-slideshow=\"ad3e405\" data-elementor-lightbox-title=\"facilities fachada\" data-e-action-hash=\"#elementor-action%3Aaction%3Dlightbox%26settings%3DeyJpZCI6MTc5MjcsInVybCI6Imh0dHBzOlwvXC93d3cudW5hdmV0cy5jb21cL2Nhc3Rhbm9zXC93cC1jb250ZW50XC91cGxvYWRzXC9zaXRlc1wvMjFcLzIwMjNcLzAxXC9mYWNpbGl0aWVzLWZhY2hhZGEtMS5wbmciLCJzbGlkZXNob3ciOiJhZDNlNDA1In0%3D\">\n\t\t\t\t\t<div class=\"e-gallery-image elementor-gallery-item__image\" data-thumbnail=\"https:\/\/www.unavets.com\/castanos\/wp-content\/uploads\/sites\/21\/2023\/01\/facilities-fachada-1.png\" data-width=\"724\" data-height=\"343\" aria-label=\"\" role=\"img\" ><\/div>\n\t\t\t\t\t\t\t\t\t\t\t<div class=\"elementor-gallery-item__overlay\"><\/div>\n\t\t\t\t\t\t\t\t\t\t\t\t\t\t<\/a>\n\t\t\t\t\t\t\t<a class=\"e-gallery-item elementor-gallery-item elementor-animated-content\" href=\"https:\/\/www.unavets.com\/castanos\/wp-content\/uploads\/sites\/21\/2023\/01\/instalaciones-castanos-veterinario-portugalete-def.jpg\" data-elementor-open-lightbox=\"yes\" data-elementor-lightbox-slideshow=\"ad3e405\" data-elementor-lightbox-title=\"instalaciones casta\u00f1os veterinario portugalete def\" data-e-action-hash=\"#elementor-action%3Aaction%3Dlightbox%26settings%3DeyJpZCI6MTc5MzEsInVybCI6Imh0dHBzOlwvXC93d3cudW5hdmV0cy5jb21cL2Nhc3Rhbm9zXC93cC1jb250ZW50XC91cGxvYWRzXC9zaXRlc1wvMjFcLzIwMjNcLzAxXC9pbnN0YWxhY2lvbmVzLWNhc3Rhbm9zLXZldGVyaW5hcmlvLXBvcnR1Z2FsZXRlLWRlZi5qcGciLCJzbGlkZXNob3ciOiJhZDNlNDA1In0%3D\">\n\t\t\t\t\t<div class=\"e-gallery-image elementor-gallery-item__image\" data-thumbnail=\"https:\/\/www.unavets.com\/castanos\/wp-content\/uploads\/sites\/21\/2023\/01\/instalaciones-castanos-veterinario-portugalete-def.jpg\" data-width=\"627\" data-height=\"418\" aria-label=\"\" role=\"img\" ><\/div>\n\t\t\t\t\t\t\t\t\t\t\t<div class=\"elementor-gallery-item__overlay\"><\/div>\n\t\t\t\t\t\t\t\t\t\t\t\t\t\t<\/a>\n\t\t\t\t\t\t\t<a class=\"e-gallery-item elementor-gallery-item elementor-animated-content\" href=\"https:\/\/www.unavets.com\/castanos\/wp-content\/uploads\/sites\/21\/2023\/01\/facilities-clinica-castanos--scaled.jpg\" data-elementor-open-lightbox=\"yes\" data-elementor-lightbox-slideshow=\"ad3e405\" data-elementor-lightbox-title=\"facilities clinica casta\u00f1os\" data-e-action-hash=\"#elementor-action%3Aaction%3Dlightbox%26settings%3DeyJpZCI6MTc5MzUsInVybCI6Imh0dHBzOlwvXC93d3cudW5hdmV0cy5jb21cL2Nhc3Rhbm9zXC93cC1jb250ZW50XC91cGxvYWRzXC9zaXRlc1wvMjFcLzIwMjNcLzAxXC9mYWNpbGl0aWVzLWNsaW5pY2EtY2FzdGFub3MtLXNjYWxlZC5qcGciLCJzbGlkZXNob3ciOiJhZDNlNDA1In0%3D\">\n\t\t\t\t\t<div class=\"e-gallery-image elementor-gallery-item__image\" data-thumbnail=\"https:\/\/www.unavets.com\/castanos\/wp-content\/uploads\/sites\/21\/2023\/01\/facilities-clinica-castanos--683x1024.jpg\" data-width=\"683\" data-height=\"1024\" aria-label=\"\" role=\"img\" ><\/div>\n\t\t\t\t\t\t\t\t\t\t\t<div class=\"elementor-gallery-item__overlay\"><\/div>\n\t\t\t\t\t\t\t\t\t\t\t\t\t\t<\/a>\n\t\t\t\t\t\t\t<a class=\"e-gallery-item elementor-gallery-item elementor-animated-content\" href=\"https:\/\/www.unavets.com\/castanos\/wp-content\/uploads\/sites\/21\/2023\/01\/facilities-laboratorio-y-diganostico-por-imagen.jpg\" data-elementor-open-lightbox=\"yes\" data-elementor-lightbox-slideshow=\"ad3e405\" data-elementor-lightbox-title=\"facilities laboratorio y diganostico por imagen\" data-e-action-hash=\"#elementor-action%3Aaction%3Dlightbox%26settings%3DeyJpZCI6MTc5MzcsInVybCI6Imh0dHBzOlwvXC93d3cudW5hdmV0cy5jb21cL2Nhc3Rhbm9zXC93cC1jb250ZW50XC91cGxvYWRzXC9zaXRlc1wvMjFcLzIwMjNcLzAxXC9mYWNpbGl0aWVzLWxhYm9yYXRvcmlvLXktZGlnYW5vc3RpY28tcG9yLWltYWdlbi5qcGciLCJzbGlkZXNob3ciOiJhZDNlNDA1In0%3D\">\n\t\t\t\t\t<div class=\"e-gallery-image elementor-gallery-item__image\" data-thumbnail=\"https:\/\/www.unavets.com\/castanos\/wp-content\/uploads\/sites\/21\/2023\/01\/facilities-laboratorio-y-diganostico-por-imagen.jpg\" data-width=\"627\" data-height=\"418\" aria-label=\"\" role=\"img\" ><\/div>\n\t\t\t\t\t\t\t\t\t\t\t<div class=\"elementor-gallery-item__overlay\"><\/div>\n\t\t\t\t\t\t\t\t\t\t\t\t\t\t<\/a>\n\t\t\t\t\t<\/div>\n\t\t\t\t\t<\/div>\n\t\t\t\t<\/div>\n\t\t\t\t\t<\/div>\n\t\t<\/div>\n\t\t\t\t\t<\/div>\n\t\t<\/section>\n\t\t\t\t<\/div>\n\t\t","protected":false},"excerpt":{"rendered":"<p>En la Cl\u00ednica Veterinaria Casta\u00f1os nos equipamos con las \u00faltimas tecnolog\u00edas aplicadas al mundo veterinario, para aportar un alto valor en cada uno de los casos que pasan por nuestro centro. El centro cuenta con equipos de analiticas, ec\u00f3grafo, radiologia digital directa , equipo de anestesia con ventilacion asistida incorporada con mezcla de gases y &hellip; <\/p>\n","protected":false},"author":1,"featured_media":0,"parent":0,"menu_order":0,"comment_status":"closed","ping_status":"closed","template":"page-fullwidth.php","meta":{"_acf_changed":false,"content-type":"","footnotes":""},"class_list":["post-13558","page","type-page","status-publish","hentry"],"acf":[],"_links":{"self":[{"href":"https:\/\/www.unavets.com\/castanos\/es\/wp-json\/wp\/v2\/pages\/13558","targetHints":{"allow":["GET"]}}],"collection":[{"href":"https:\/\/www.unavets.com\/castanos\/es\/wp-json\/wp\/v2\/pages"}],"about":[{"href":"https:\/\/www.unavets.com\/castanos\/es\/wp-json\/wp\/v2\/types\/page"}],"author":[{"embeddable":true,"href":"https:\/\/www.unavets.com\/castanos\/es\/wp-json\/wp\/v2\/users\/1"}],"replies":[{"embeddable":true,"href":"https:\/\/www.unavets.com\/castanos\/es\/wp-json\/wp\/v2\/comments?post=13558"}],"version-history":[{"count":0,"href":"https:\/\/www.unavets.com\/castanos\/es\/wp-json\/wp\/v2\/pages\/13558\/revisions"}],"wp:attachment":[{"href":"https:\/\/www.unavets.com\/castanos\/es\/wp-json\/wp\/v2\/media?parent=13558"}],"curies":[{"name":"wp","href":"https:\/\/api.w.org\/{rel}","templated":true}]}}