{"id":268,"date":"2020-10-03T06:32:57","date_gmt":"2020-10-03T06:32:57","guid":{"rendered":"http:\/\/www.unavets.com\/cabrils\/?page_id=268"},"modified":"2025-09-10T15:02:19","modified_gmt":"2025-09-10T15:02:19","slug":"about-us","status":"publish","type":"page","link":"https:\/\/www.unavets.com\/calviavet\/about-us\/","title":{"rendered":"About Us"},"content":{"rendered":"\t\t<div data-elementor-type=\"wp-page\" data-elementor-id=\"268\" class=\"elementor elementor-268\" data-elementor-post-type=\"page\">\n\t\t\t\t\t\t<section class=\"elementor-section elementor-top-section elementor-element elementor-element-8f79517 elementor-section-boxed elementor-section-height-default elementor-section-height-default\" data-id=\"8f79517\" data-element_type=\"section\" data-e-type=\"section\">\n\t\t\t\t\t\t<div class=\"elementor-container elementor-column-gap-default\">\n\t\t\t\t\t<div class=\"elementor-column elementor-col-100 elementor-top-column elementor-element elementor-element-2ba5456\" data-id=\"2ba5456\" data-element_type=\"column\" data-e-type=\"column\">\n\t\t\t<div class=\"elementor-widget-wrap elementor-element-populated\">\n\t\t\t\t\t\t<div class=\"elementor-element elementor-element-3d0295c elementor-widget elementor-widget-section_titleleft\" data-id=\"3d0295c\" data-element_type=\"widget\" data-e-type=\"widget\" data-widget_type=\"section_titleleft.default\">\n\t\t\t\t<div class=\"elementor-widget-container\">\n\t\t\t\t\t        <div class=\"ab_text-title fl-wrap\">\n            <h3>Your Veterinary Clinic in Calvi\u00e0<\/h3>We are committed to the health and welfare of pets. <span class=\"section-separator fl-sec-sep\"><\/span>        <\/div>\n        \t\t\t\t<\/div>\n\t\t\t\t<\/div>\n\t\t\t\t\t<\/div>\n\t\t<\/div>\n\t\t\t\t\t<\/div>\n\t\t<\/section>\n\t\t\t\t<section class=\"elementor-section elementor-top-section elementor-element elementor-element-57c06286 elementor-section-boxed elementor-section-height-default elementor-section-height-default\" data-id=\"57c06286\" data-element_type=\"section\" data-e-type=\"section\">\n\t\t\t\t\t\t<div class=\"elementor-container elementor-column-gap-default\">\n\t\t\t\t\t<div class=\"elementor-column elementor-col-50 elementor-top-column elementor-element elementor-element-0c1d59a\" data-id=\"0c1d59a\" data-element_type=\"column\" data-e-type=\"column\">\n\t\t\t<div class=\"elementor-widget-wrap elementor-element-populated\">\n\t\t\t\t\t\t<div class=\"elementor-element elementor-element-78529a3 elementor-widget elementor-widget-image\" data-id=\"78529a3\" data-element_type=\"widget\" data-e-type=\"widget\" data-widget_type=\"image.default\">\n\t\t\t\t<div class=\"elementor-widget-container\">\n\t\t\t\t\t\t\t\t\t\t\t\t\t\t\t<img fetchpriority=\"high\" width=\"724\" height=\"482\" class=\"attachment-large size-large wp-image-24112 lazy\" alt=\"\" data-src=\"https:\/\/www.unavets.com\/calviavet\/wp-content\/uploads\/sites\/57\/2025\/09\/consulta-1024x682.jpg\" data-lazy=\"https:\/\/www.unavets.com\/calviavet\/wp-content\/uploads\/sites\/57\/2025\/09\/consulta-1024x682.jpg\" \/>\t\t\t\t\t\t\t\t\t\t\t\t\t\t\t<\/div>\n\t\t\t\t<\/div>\n\t\t\t\t\t<\/div>\n\t\t<\/div>\n\t\t\t\t<div class=\"elementor-column elementor-col-50 elementor-top-column elementor-element elementor-element-7b552d9f\" data-id=\"7b552d9f\" data-element_type=\"column\" data-e-type=\"column\">\n\t\t\t<div class=\"elementor-widget-wrap elementor-element-populated\">\n\t\t\t\t\t\t<div class=\"elementor-element elementor-element-59902da7 elementor-widget elementor-widget-text-editor\" data-id=\"59902da7\" data-element_type=\"widget\" data-e-type=\"widget\" data-widget_type=\"text-editor.default\">\n\t\t\t\t<div class=\"elementor-widget-container\">\n\t\t\t\t\t\t\t\t\t<p><strong>At Calvi\u00e0Vet<\/strong>,<strong> we have been offering a quality veterinary service in Calvi\u00e0, Mallorca since 2012.<\/strong> Our aim is to combine the highest level of veterinary care with a close and familiar treatment, creating an atmosphere of trust for pets and their carers.<\/p><p>We have a <strong>highly qualified team<\/strong> with experience at veterinary hospitals and clinics in the UK and Mallorca, meaning that we can offer <strong>specialised and personalised veterinary care<\/strong>.<\/p><p>At our veterinary clinic<strong> in Mallorca<\/strong>, we are committed to providing each pet with the best medical care, ensuring professional, honest and caring treatment. From routine consultations to advanced procedures, at Calvi\u00e0Vet <strong>we guarantee comprehensive care<\/strong> for your pet&#8217;s health and well-being.<\/p>\t\t\t\t\t\t\t\t<\/div>\n\t\t\t\t<\/div>\n\t\t\t\t\t<\/div>\n\t\t<\/div>\n\t\t\t\t\t<\/div>\n\t\t<\/section>\n\t\t\t\t<section class=\"elementor-section elementor-top-section elementor-element elementor-element-ead20d3 elementor-section-boxed elementor-section-height-default elementor-section-height-default\" data-id=\"ead20d3\" data-element_type=\"section\" data-e-type=\"section\">\n\t\t\t\t\t\t<div class=\"elementor-container elementor-column-gap-default\">\n\t\t\t\t\t<div class=\"elementor-column elementor-col-100 elementor-top-column elementor-element elementor-element-bb2f68a\" data-id=\"bb2f68a\" data-element_type=\"column\" data-e-type=\"column\">\n\t\t\t<div class=\"elementor-widget-wrap elementor-element-populated\">\n\t\t\t\t\t\t<section class=\"elementor-section elementor-inner-section elementor-element elementor-element-e17cb6d elementor-section-boxed elementor-section-height-default elementor-section-height-default\" data-id=\"e17cb6d\" data-element_type=\"section\" data-e-type=\"section\">\n\t\t\t\t\t\t<div class=\"elementor-container elementor-column-gap-default\">\n\t\t\t\t\t<div class=\"elementor-column elementor-col-50 elementor-inner-column elementor-element elementor-element-ae1cf6f\" data-id=\"ae1cf6f\" data-element_type=\"column\" data-e-type=\"column\">\n\t\t\t<div class=\"elementor-widget-wrap elementor-element-populated\">\n\t\t\t\t\t\t<div class=\"elementor-element elementor-element-600de65 elementor-align-center elementor-widget elementor-widget-button\" data-id=\"600de65\" data-element_type=\"widget\" data-e-type=\"widget\" data-widget_type=\"button.default\">\n\t\t\t\t<div class=\"elementor-widget-container\">\n\t\t\t\t\t\t\t\t\t<div class=\"elementor-button-wrapper\">\n\t\t\t\t\t<a class=\"elementor-button elementor-button-link elementor-size-sm\" href=\"https:\/\/www.unavets.com\/povetval\/facilities\/\">\n\t\t\t\t\t\t<span class=\"elementor-button-content-wrapper\">\n\t\t\t\t\t\t\t\t\t<span class=\"elementor-button-text\">Facilities<\/span>\n\t\t\t\t\t<\/span>\n\t\t\t\t\t<\/a>\n\t\t\t\t<\/div>\n\t\t\t\t\t\t\t\t<\/div>\n\t\t\t\t<\/div>\n\t\t\t\t\t<\/div>\n\t\t<\/div>\n\t\t\t\t<div class=\"elementor-column elementor-col-50 elementor-inner-column elementor-element elementor-element-a78152d\" data-id=\"a78152d\" data-element_type=\"column\" data-e-type=\"column\">\n\t\t\t<div class=\"elementor-widget-wrap elementor-element-populated\">\n\t\t\t\t\t\t<div class=\"elementor-element elementor-element-5754c12 elementor-align-center elementor-widget elementor-widget-button\" data-id=\"5754c12\" data-element_type=\"widget\" data-e-type=\"widget\" data-widget_type=\"button.default\">\n\t\t\t\t<div class=\"elementor-widget-container\">\n\t\t\t\t\t\t\t\t\t<div class=\"elementor-button-wrapper\">\n\t\t\t\t\t<a class=\"elementor-button elementor-button-link elementor-size-sm\" href=\"https:\/\/www.unavets.com\/povetval\/our-team\/\">\n\t\t\t\t\t\t<span class=\"elementor-button-content-wrapper\">\n\t\t\t\t\t\t\t\t\t<span class=\"elementor-button-text\">Our Team<\/span>\n\t\t\t\t\t<\/span>\n\t\t\t\t\t<\/a>\n\t\t\t\t<\/div>\n\t\t\t\t\t\t\t\t<\/div>\n\t\t\t\t<\/div>\n\t\t\t\t\t<\/div>\n\t\t<\/div>\n\t\t\t\t\t<\/div>\n\t\t<\/section>\n\t\t\t\t\t<\/div>\n\t\t<\/div>\n\t\t\t\t\t<\/div>\n\t\t<\/section>\n\t\t\t\t<section class=\"elementor-section elementor-top-section elementor-element elementor-element-a212c2a elementor-section-boxed elementor-section-height-default elementor-section-height-default\" data-id=\"a212c2a\" data-element_type=\"section\" data-e-type=\"section\">\n\t\t\t\t\t\t<div class=\"elementor-container elementor-column-gap-default\">\n\t\t\t\t\t<div class=\"elementor-column elementor-col-100 elementor-top-column elementor-element elementor-element-ec26aec\" data-id=\"ec26aec\" data-element_type=\"column\" data-e-type=\"column\">\n\t\t\t<div class=\"elementor-widget-wrap elementor-element-populated\">\n\t\t\t\t\t\t<div class=\"elementor-element elementor-element-f076be0 elementor-widget elementor-widget-gallery\" data-id=\"f076be0\" data-element_type=\"widget\" data-e-type=\"widget\" data-settings=\"{&quot;columns&quot;:&quot;3&quot;,&quot;aspect_ratio&quot;:&quot;1:1&quot;,&quot;lazyload&quot;:&quot;yes&quot;,&quot;gallery_layout&quot;:&quot;grid&quot;,&quot;columns_tablet&quot;:2,&quot;columns_mobile&quot;:1,&quot;gap&quot;:{&quot;unit&quot;:&quot;px&quot;,&quot;size&quot;:10,&quot;sizes&quot;:[]},&quot;gap_tablet&quot;:{&quot;unit&quot;:&quot;px&quot;,&quot;size&quot;:10,&quot;sizes&quot;:[]},&quot;gap_mobile&quot;:{&quot;unit&quot;:&quot;px&quot;,&quot;size&quot;:10,&quot;sizes&quot;:[]},&quot;link_to&quot;:&quot;file&quot;,&quot;overlay_background&quot;:&quot;yes&quot;,&quot;content_hover_animation&quot;:&quot;fade-in&quot;}\" data-widget_type=\"gallery.default\">\n\t\t\t\t<div class=\"elementor-widget-container\">\n\t\t\t\t\t\t\t<div class=\"elementor-gallery__container\">\n\t\t\t\t\t\t\t<a class=\"e-gallery-item elementor-gallery-item elementor-animated-content\" href=\"https:\/\/www.unavets.com\/calviavet\/wp-content\/uploads\/sites\/57\/2025\/09\/recep-cal.jpg\" data-elementor-open-lightbox=\"yes\" data-elementor-lightbox-slideshow=\"f076be0\" data-elementor-lightbox-title=\"recep cal\" data-e-action-hash=\"#elementor-action%3Aaction%3Dlightbox%26settings%3DeyJpZCI6MjQxMzgsInVybCI6Imh0dHBzOlwvXC93d3cudW5hdmV0cy5jb21cL2NhbHZpYXZldFwvd3AtY29udGVudFwvdXBsb2Fkc1wvc2l0ZXNcLzU3XC8yMDI1XC8wOVwvcmVjZXAtY2FsLmpwZyIsInNsaWRlc2hvdyI6ImYwNzZiZTAifQ%3D%3D\">\n\t\t\t\t\t<div class=\"e-gallery-image elementor-gallery-item__image\" data-thumbnail=\"https:\/\/www.unavets.com\/calviavet\/wp-content\/uploads\/sites\/57\/2025\/09\/recep-cal-768x511.jpg\" data-width=\"724\" data-height=\"482\" aria-label=\"\" role=\"img\" ><\/div>\n\t\t\t\t\t\t\t\t\t\t\t<div class=\"elementor-gallery-item__overlay\"><\/div>\n\t\t\t\t\t\t\t\t\t\t\t\t\t\t<\/a>\n\t\t\t\t\t\t\t<a class=\"e-gallery-item elementor-gallery-item elementor-animated-content\" href=\"https:\/\/www.unavets.com\/calviavet\/wp-content\/uploads\/sites\/57\/2025\/09\/chicas-cal.jpg\" data-elementor-open-lightbox=\"yes\" data-elementor-lightbox-slideshow=\"f076be0\" data-elementor-lightbox-title=\"chicas cal\" data-e-action-hash=\"#elementor-action%3Aaction%3Dlightbox%26settings%3DeyJpZCI6MjQxNDYsInVybCI6Imh0dHBzOlwvXC93d3cudW5hdmV0cy5jb21cL2NhbHZpYXZldFwvd3AtY29udGVudFwvdXBsb2Fkc1wvc2l0ZXNcLzU3XC8yMDI1XC8wOVwvY2hpY2FzLWNhbC5qcGciLCJzbGlkZXNob3ciOiJmMDc2YmUwIn0%3D\">\n\t\t\t\t\t<div class=\"e-gallery-image elementor-gallery-item__image\" data-thumbnail=\"https:\/\/www.unavets.com\/calviavet\/wp-content\/uploads\/sites\/57\/2025\/09\/chicas-cal-768x511.jpg\" data-width=\"724\" data-height=\"482\" aria-label=\"\" role=\"img\" ><\/div>\n\t\t\t\t\t\t\t\t\t\t\t<div class=\"elementor-gallery-item__overlay\"><\/div>\n\t\t\t\t\t\t\t\t\t\t\t\t\t\t<\/a>\n\t\t\t\t\t\t\t<a class=\"e-gallery-item elementor-gallery-item elementor-animated-content\" href=\"https:\/\/www.unavets.com\/calviavet\/wp-content\/uploads\/sites\/57\/2025\/09\/vet-cal.jpg\" data-elementor-open-lightbox=\"yes\" data-elementor-lightbox-slideshow=\"f076be0\" data-elementor-lightbox-title=\"vet cal\" data-e-action-hash=\"#elementor-action%3Aaction%3Dlightbox%26settings%3DeyJpZCI6MjQxNDQsInVybCI6Imh0dHBzOlwvXC93d3cudW5hdmV0cy5jb21cL2NhbHZpYXZldFwvd3AtY29udGVudFwvdXBsb2Fkc1wvc2l0ZXNcLzU3XC8yMDI1XC8wOVwvdmV0LWNhbC5qcGciLCJzbGlkZXNob3ciOiJmMDc2YmUwIn0%3D\">\n\t\t\t\t\t<div class=\"e-gallery-image elementor-gallery-item__image\" data-thumbnail=\"https:\/\/www.unavets.com\/calviavet\/wp-content\/uploads\/sites\/57\/2025\/09\/vet-cal.jpg\" data-width=\"602\" data-height=\"906\" aria-label=\"\" role=\"img\" ><\/div>\n\t\t\t\t\t\t\t\t\t\t\t<div class=\"elementor-gallery-item__overlay\"><\/div>\n\t\t\t\t\t\t\t\t\t\t\t\t\t\t<\/a>\n\t\t\t\t\t\t\t<a class=\"e-gallery-item elementor-gallery-item elementor-animated-content\" href=\"https:\/\/www.unavets.com\/calviavet\/wp-content\/uploads\/sites\/57\/2025\/09\/quiro-cal.jpg\" data-elementor-open-lightbox=\"yes\" data-elementor-lightbox-slideshow=\"f076be0\" data-elementor-lightbox-title=\"quiro cal\" data-e-action-hash=\"#elementor-action%3Aaction%3Dlightbox%26settings%3DeyJpZCI6MjQxNDAsInVybCI6Imh0dHBzOlwvXC93d3cudW5hdmV0cy5jb21cL2NhbHZpYXZldFwvd3AtY29udGVudFwvdXBsb2Fkc1wvc2l0ZXNcLzU3XC8yMDI1XC8wOVwvcXVpcm8tY2FsLmpwZyIsInNsaWRlc2hvdyI6ImYwNzZiZTAifQ%3D%3D\">\n\t\t\t\t\t<div class=\"e-gallery-image elementor-gallery-item__image\" data-thumbnail=\"https:\/\/www.unavets.com\/calviavet\/wp-content\/uploads\/sites\/57\/2025\/09\/quiro-cal-768x499.jpg\" data-width=\"724\" data-height=\"470\" aria-label=\"\" role=\"img\" ><\/div>\n\t\t\t\t\t\t\t\t\t\t\t<div class=\"elementor-gallery-item__overlay\"><\/div>\n\t\t\t\t\t\t\t\t\t\t\t\t\t\t<\/a>\n\t\t\t\t\t\t\t<a class=\"e-gallery-item elementor-gallery-item elementor-animated-content\" href=\"https:\/\/www.unavets.com\/calviavet\/wp-content\/uploads\/sites\/57\/2025\/09\/calviavet-1.jpg\" data-elementor-open-lightbox=\"yes\" data-elementor-lightbox-slideshow=\"f076be0\" data-elementor-lightbox-title=\"calviavet\" data-e-action-hash=\"#elementor-action%3Aaction%3Dlightbox%26settings%3DeyJpZCI6MjQxNDgsInVybCI6Imh0dHBzOlwvXC93d3cudW5hdmV0cy5jb21cL2NhbHZpYXZldFwvd3AtY29udGVudFwvdXBsb2Fkc1wvc2l0ZXNcLzU3XC8yMDI1XC8wOVwvY2FsdmlhdmV0LTEuanBnIiwic2xpZGVzaG93IjoiZjA3NmJlMCJ9\">\n\t\t\t\t\t<div class=\"e-gallery-image elementor-gallery-item__image\" data-thumbnail=\"https:\/\/www.unavets.com\/calviavet\/wp-content\/uploads\/sites\/57\/2025\/09\/calviavet-1-768x512.jpg\" data-width=\"724\" data-height=\"483\" aria-label=\"\" role=\"img\" ><\/div>\n\t\t\t\t\t\t\t\t\t\t\t<div class=\"elementor-gallery-item__overlay\"><\/div>\n\t\t\t\t\t\t\t\t\t\t\t\t\t\t<\/a>\n\t\t\t\t\t\t\t<a class=\"e-gallery-item elementor-gallery-item elementor-animated-content\" href=\"https:\/\/www.unavets.com\/calviavet\/wp-content\/uploads\/sites\/57\/2025\/09\/vet-2-cal.jpg\" data-elementor-open-lightbox=\"yes\" data-elementor-lightbox-slideshow=\"f076be0\" data-elementor-lightbox-title=\"vet 2 cal\" data-e-action-hash=\"#elementor-action%3Aaction%3Dlightbox%26settings%3DeyJpZCI6MjQxNDIsInVybCI6Imh0dHBzOlwvXC93d3cudW5hdmV0cy5jb21cL2NhbHZpYXZldFwvd3AtY29udGVudFwvdXBsb2Fkc1wvc2l0ZXNcLzU3XC8yMDI1XC8wOVwvdmV0LTItY2FsLmpwZyIsInNsaWRlc2hvdyI6ImYwNzZiZTAifQ%3D%3D\">\n\t\t\t\t\t<div class=\"e-gallery-image elementor-gallery-item__image\" data-thumbnail=\"https:\/\/www.unavets.com\/calviavet\/wp-content\/uploads\/sites\/57\/2025\/09\/vet-2-cal.jpg\" data-width=\"603\" data-height=\"904\" aria-label=\"\" role=\"img\" ><\/div>\n\t\t\t\t\t\t\t\t\t\t\t<div class=\"elementor-gallery-item__overlay\"><\/div>\n\t\t\t\t\t\t\t\t\t\t\t\t\t\t<\/a>\n\t\t\t\t\t\t\t<a class=\"e-gallery-item elementor-gallery-item elementor-animated-content\" href=\"https:\/\/www.unavets.com\/calviavet\/wp-content\/uploads\/sites\/57\/2025\/03\/instalaciones-calviavet-unavets-santa-ponsa-calvia-mallorca2.jpg\" data-elementor-open-lightbox=\"yes\" data-elementor-lightbox-slideshow=\"f076be0\" data-elementor-lightbox-title=\"instalaciones calviavet unavets santa ponsa calvia mallorca2\" data-e-action-hash=\"#elementor-action%3Aaction%3Dlightbox%26settings%3DeyJpZCI6MjI4NTIsInVybCI6Imh0dHBzOlwvXC93d3cudW5hdmV0cy5jb21cL2NhbHZpYXZldFwvd3AtY29udGVudFwvdXBsb2Fkc1wvc2l0ZXNcLzU3XC8yMDI1XC8wM1wvaW5zdGFsYWNpb25lcy1jYWx2aWF2ZXQtdW5hdmV0cy1zYW50YS1wb25zYS1jYWx2aWEtbWFsbG9yY2EyLmpwZyIsInNsaWRlc2hvdyI6ImYwNzZiZTAifQ%3D%3D\">\n\t\t\t\t\t<div class=\"e-gallery-image elementor-gallery-item__image\" data-thumbnail=\"https:\/\/www.unavets.com\/calviavet\/wp-content\/uploads\/sites\/57\/2025\/03\/instalaciones-calviavet-unavets-santa-ponsa-calvia-mallorca2.jpg\" data-width=\"650\" data-height=\"433\" aria-label=\"\" role=\"img\" ><\/div>\n\t\t\t\t\t\t\t\t\t\t\t<div class=\"elementor-gallery-item__overlay\"><\/div>\n\t\t\t\t\t\t\t\t\t\t\t\t\t\t<\/a>\n\t\t\t\t\t\t\t<a class=\"e-gallery-item elementor-gallery-item elementor-animated-content\" href=\"https:\/\/www.unavets.com\/calviavet\/wp-content\/uploads\/sites\/57\/2025\/09\/eco-cal.jpg\" data-elementor-open-lightbox=\"yes\" data-elementor-lightbox-slideshow=\"f076be0\" data-elementor-lightbox-title=\"eco cal\" data-e-action-hash=\"#elementor-action%3Aaction%3Dlightbox%26settings%3DeyJpZCI6MjQxMTMsInVybCI6Imh0dHBzOlwvXC93d3cudW5hdmV0cy5jb21cL2NhbHZpYXZldFwvd3AtY29udGVudFwvdXBsb2Fkc1wvc2l0ZXNcLzU3XC8yMDI1XC8wOVwvZWNvLWNhbC5qcGciLCJzbGlkZXNob3ciOiJmMDc2YmUwIn0%3D\">\n\t\t\t\t\t<div class=\"e-gallery-image elementor-gallery-item__image\" data-thumbnail=\"https:\/\/www.unavets.com\/calviavet\/wp-content\/uploads\/sites\/57\/2025\/09\/eco-cal-768x510.jpg\" data-width=\"724\" data-height=\"481\" aria-label=\"\" role=\"img\" ><\/div>\n\t\t\t\t\t\t\t\t\t\t\t<div class=\"elementor-gallery-item__overlay\"><\/div>\n\t\t\t\t\t\t\t\t\t\t\t\t\t\t<\/a>\n\t\t\t\t\t\t\t<a class=\"e-gallery-item elementor-gallery-item elementor-animated-content\" href=\"https:\/\/www.unavets.com\/calviavet\/wp-content\/uploads\/sites\/57\/2025\/09\/7-scaled-e1757517400156.jpg\" data-elementor-open-lightbox=\"yes\" data-elementor-lightbox-slideshow=\"f076be0\" data-elementor-lightbox-title=\"7\" data-e-action-hash=\"#elementor-action%3Aaction%3Dlightbox%26settings%3DeyJpZCI6MjQwNDYsInVybCI6Imh0dHBzOlwvXC93d3cudW5hdmV0cy5jb21cL2NhbHZpYXZldFwvd3AtY29udGVudFwvdXBsb2Fkc1wvc2l0ZXNcLzU3XC8yMDI1XC8wOVwvNy1zY2FsZWQtZTE3NTc1MTc0MDAxNTYuanBnIiwic2xpZGVzaG93IjoiZjA3NmJlMCJ9\">\n\t\t\t\t\t<div class=\"e-gallery-image elementor-gallery-item__image\" data-thumbnail=\"https:\/\/www.unavets.com\/calviavet\/wp-content\/uploads\/sites\/57\/2025\/09\/7-scaled-e1757517400156-768x742.jpg\" data-width=\"724\" data-height=\"699\" aria-label=\"\" role=\"img\" ><\/div>\n\t\t\t\t\t\t\t\t\t\t\t<div class=\"elementor-gallery-item__overlay\"><\/div>\n\t\t\t\t\t\t\t\t\t\t\t\t\t\t<\/a>\n\t\t\t\t\t<\/div>\n\t\t\t\t\t<\/div>\n\t\t\t\t<\/div>\n\t\t\t\t\t<\/div>\n\t\t<\/div>\n\t\t\t\t\t<\/div>\n\t\t<\/section>\n\t\t\t\t<\/div>\n\t\t","protected":false},"excerpt":{"rendered":"<p>Your Veterinary Clinic in Calvi\u00e0 We are committed to the health and welfare of pets. At Calvi\u00e0Vet, we have been offering a quality veterinary service in Calvi\u00e0, Mallorca since 2012. Our aim is to combine the highest level of veterinary care with a close and familiar treatment, creating an atmosphere of trust for pets and &hellip; <\/p>\n","protected":false},"author":1,"featured_media":0,"parent":0,"menu_order":0,"comment_status":"closed","ping_status":"closed","template":"page-fullwidth.php","meta":{"_acf_changed":false,"content-type":"","footnotes":""},"class_list":["post-268","page","type-page","status-publish","hentry"],"acf":[],"_links":{"self":[{"href":"https:\/\/www.unavets.com\/calviavet\/wp-json\/wp\/v2\/pages\/268","targetHints":{"allow":["GET"]}}],"collection":[{"href":"https:\/\/www.unavets.com\/calviavet\/wp-json\/wp\/v2\/pages"}],"about":[{"href":"https:\/\/www.unavets.com\/calviavet\/wp-json\/wp\/v2\/types\/page"}],"author":[{"embeddable":true,"href":"https:\/\/www.unavets.com\/calviavet\/wp-json\/wp\/v2\/users\/1"}],"replies":[{"embeddable":true,"href":"https:\/\/www.unavets.com\/calviavet\/wp-json\/wp\/v2\/comments?post=268"}],"version-history":[{"count":53,"href":"https:\/\/www.unavets.com\/calviavet\/wp-json\/wp\/v2\/pages\/268\/revisions"}],"predecessor-version":[{"id":24182,"href":"https:\/\/www.unavets.com\/calviavet\/wp-json\/wp\/v2\/pages\/268\/revisions\/24182"}],"wp:attachment":[{"href":"https:\/\/www.unavets.com\/calviavet\/wp-json\/wp\/v2\/media?parent=268"}],"curies":[{"name":"wp","href":"https:\/\/api.w.org\/{rel}","templated":true}]}}