{"id":23935,"date":"2025-06-11T09:46:41","date_gmt":"2025-06-11T09:46:41","guid":{"rendered":"https:\/\/www.unavets.com\/calviavet\/?page_id=23935"},"modified":"2026-02-03T10:02:40","modified_gmt":"2026-02-03T10:02:40","slug":"clinica-amable-con-los-gatos","status":"publish","type":"page","link":"https:\/\/www.unavets.com\/calviavet\/es\/clinica-amable-con-los-gatos\/","title":{"rendered":"Cl\u00ednica Amable con los Gatos"},"content":{"rendered":"\t\t<div data-elementor-type=\"wp-page\" data-elementor-id=\"23935\" class=\"elementor elementor-23935\" data-elementor-post-type=\"page\">\n\t\t\t\t\t\t<section class=\"elementor-section elementor-top-section elementor-element elementor-element-4f14c84 elementor-section-boxed elementor-section-height-default elementor-section-height-default\" data-id=\"4f14c84\" data-element_type=\"section\" data-e-type=\"section\">\n\t\t\t\t\t\t<div class=\"elementor-container elementor-column-gap-default\">\n\t\t\t\t\t<div class=\"elementor-column elementor-col-50 elementor-top-column elementor-element elementor-element-6d5c5d8\" data-id=\"6d5c5d8\" data-element_type=\"column\" data-e-type=\"column\">\n\t\t\t<div class=\"elementor-widget-wrap elementor-element-populated\">\n\t\t\t\t\t\t<div class=\"elementor-element elementor-element-1d02c2d elementor-widget elementor-widget-text-editor\" data-id=\"1d02c2d\" data-element_type=\"widget\" data-e-type=\"widget\" data-widget_type=\"text-editor.default\">\n\t\t\t\t<div class=\"elementor-widget-container\">\n\t\t\t\t\t\t\t\t\t<p data-start=\"73\" data-end=\"413\">En <strong data-start=\"76\" data-end=\"109\">Cl\u00ednica Veterinaria Calviavet<\/strong>, hemos obtenido la certificaci\u00f3n <strong data-start=\"143\" data-end=\"164\">CAT FRIENDLY GOLD<\/strong> otorgada por la organizaci\u00f3n <strong data-start=\"194\" data-end=\"258\">International Cat Care | For the love of cats (icatcare.org)<\/strong>. Este reconocimiento nos acredita como un centro de referencia en el cuidado y bienestar de los gatos, asegurando un entorno adaptado a sus necesidades.<\/p><p data-start=\"415\" data-end=\"669\">El programa <strong data-start=\"427\" data-end=\"450\">Cat Friendly Clinic<\/strong>, impulsado por la Sociedad Internacional de Medicina Felina, busca mejorar la experiencia de los gatos en las cl\u00ednicas veterinarias, reduciendo su estr\u00e9s y facilitando su visita al veterinario junto a sus cuidadores.<\/p>\t\t\t\t\t\t\t\t<\/div>\n\t\t\t\t<\/div>\n\t\t\t\t<div class=\"elementor-element elementor-element-2165f60 elementor-widget elementor-widget-image\" data-id=\"2165f60\" data-element_type=\"widget\" data-e-type=\"widget\" data-widget_type=\"image.default\">\n\t\t\t\t<div class=\"elementor-widget-container\">\n\t\t\t\t\t\t\t\t\t\t\t\t\t\t\t<img fetchpriority=\"high\" width=\"300\" height=\"176\" class=\"attachment-medium size-medium wp-image-24625 lazy\" alt=\"\" data-src=\"https:\/\/www.unavets.com\/calviavet\/wp-content\/uploads\/sites\/57\/2026\/02\/CatFriendly-Logos-1-300x176.png\" data-lazy=\"https:\/\/www.unavets.com\/calviavet\/wp-content\/uploads\/sites\/57\/2026\/02\/CatFriendly-Logos-1-300x176.png\" \/>\t\t\t\t\t\t\t\t\t\t\t\t\t\t\t<\/div>\n\t\t\t\t<\/div>\n\t\t\t\t\t<\/div>\n\t\t<\/div>\n\t\t\t\t<div class=\"elementor-column elementor-col-50 elementor-top-column elementor-element elementor-element-ea8a209\" data-id=\"ea8a209\" data-element_type=\"column\" data-e-type=\"column\">\n\t\t\t<div class=\"elementor-widget-wrap elementor-element-populated\">\n\t\t\t\t\t\t<div class=\"elementor-element elementor-element-ee8bd7e elementor-absolute elementor-widget elementor-widget-image\" data-id=\"ee8bd7e\" data-element_type=\"widget\" data-e-type=\"widget\" data-settings=\"{&quot;_position&quot;:&quot;absolute&quot;}\" data-widget_type=\"image.default\">\n\t\t\t\t<div class=\"elementor-widget-container\">\n\t\t\t\t\t\t\t\t\t\t\t\t\t\t\t<img decoding=\"async\" src=\"https:\/\/www.unavets.com\/calviavet\/wp-content\/uploads\/sites\/57\/elementor\/thumbs\/7-scaled-e1757517400156-rbk22otgv84rrezfkcv3sosf9e5zcezveai9htwp6w.jpg\" title=\"7\" alt=\"7\" loading=\"lazy\" \/>\t\t\t\t\t\t\t\t\t\t\t\t\t\t\t<\/div>\n\t\t\t\t<\/div>\n\t\t\t\t\t<\/div>\n\t\t<\/div>\n\t\t\t\t\t<\/div>\n\t\t<\/section>\n\t\t\t\t<section class=\"elementor-section elementor-top-section elementor-element elementor-element-8fde068 elementor-section-boxed elementor-section-height-default elementor-section-height-default\" data-id=\"8fde068\" data-element_type=\"section\" data-e-type=\"section\">\n\t\t\t\t\t\t<div class=\"elementor-container elementor-column-gap-default\">\n\t\t\t\t\t<div class=\"elementor-column elementor-col-100 elementor-top-column elementor-element elementor-element-88d1607\" data-id=\"88d1607\" data-element_type=\"column\" data-e-type=\"column\">\n\t\t\t<div class=\"elementor-widget-wrap elementor-element-populated\">\n\t\t\t\t\t\t<div class=\"elementor-element elementor-element-71db498 elementor-widget elementor-widget-text-editor\" data-id=\"71db498\" data-element_type=\"widget\" data-e-type=\"widget\" data-widget_type=\"text-editor.default\">\n\t\t\t\t<div class=\"elementor-widget-container\">\n\t\t\t\t\t\t\t\t\t<h3>\u00bfQu\u00e9 significa la Certificaci\u00f3n Oro para ti y tu gato?<\/h3>\t\t\t\t\t\t\t\t<\/div>\n\t\t\t\t<\/div>\n\t\t\t\t<div class=\"elementor-element elementor-element-8bc0388 elementor-widget elementor-widget-text-editor\" data-id=\"8bc0388\" data-element_type=\"widget\" data-e-type=\"widget\" data-widget_type=\"text-editor.default\">\n\t\t\t\t<div class=\"elementor-widget-container\">\n\t\t\t\t\t\t\t\t\t<p data-sourcepos=\"13:1-13:82\">Nuestro nivel Oro garantiza el bienestar de tu gato en cada paso de la visita:<\/p><p data-sourcepos=\"13:1-13:82\">\u00a0<\/p><p data-sourcepos=\"13:1-13:82\"><strong>Un entorno adecuado desde la llegada:<\/strong><\/p><ul><li style=\"list-style-type: none;\"><ul><li>Contamos con una <strong>sala de espera separada y exclusiva para gatos<\/strong>, garantizando que no haya contacto estresante con perros u otros animales.<\/li><li><strong>Disponemos de mantas para cubrir los transportines<\/strong>, proporcionando un refugio seguro y minimizando la visibilidad de extra\u00f1os.<\/li><li>Facilitamos espacios para que los transportines puedan mantenerse fuera del suelo.<\/li><\/ul><\/li><\/ul><p><strong>Hospitalizaci\u00f3n dise\u00f1ada para gatos:<\/strong><\/p><ul><li style=\"list-style-type: none;\"><ul><li>En caso de que tu gato necesite ser hospitalizado, disponemos de una <strong>sala de hospitalizaci\u00f3n independiente, solo para felinos.<\/strong><\/li><li>Nuestras <strong>jaulas son m\u00e1s grandes<\/strong> y cumplen con los est\u00e1ndares de bienestar, permitiendo a tu gato sentirse c\u00f3modo durante su estancia.<\/li><\/ul><\/li><\/ul><p><strong>Consultas personalizadas y sin prisas:<\/strong><\/p><ul><li style=\"list-style-type: none;\"><ul><li>Ofrecemos una <strong>sala de consulta\/examen dedicada solo para gatos<\/strong>, libre de olores de otros animales y dise\u00f1ada para su tranquilidad.<\/li><li>Nuestras citas tienen una duraci\u00f3n m\u00ednima de <strong>15 minutos<\/strong>, y dedicamos a\u00fan m\u00e1s tiempo a gatos enfermos, mayores, ansiosos, o para consultas de comportamiento y casos complejos.<\/li><\/ul><\/li><\/ul><p><strong>Quir\u00f3fano exclusivo y seguro:<\/strong><\/p><ul><li style=\"list-style-type: none;\"><ul><li>Disponemos de un <strong>quir\u00f3fano separado y dedicado<\/strong> \u00fanicamente a procedimientos quir\u00fargicos felinos, asegurando un ambiente est\u00e9ril y tranquilo para la cirug\u00eda.<\/li><\/ul><\/li><\/ul><p data-sourcepos=\"31:3-31:55\"><strong>Equipamiento para gatos:<\/strong><\/p><ul><li style=\"list-style-type: none;\"><ul><li>Contamos con un<strong>\u00a0equipamiento<\/strong> adaptado a sus necesidades, incluyendo tecnolog\u00eda de laboratorio y herramientas diagn\u00f3sticas que nos permiten ofrecer el mejor cuidado posible.<\/li><\/ul><\/li><\/ul>\t\t\t\t\t\t\t\t<\/div>\n\t\t\t\t<\/div>\n\t\t\t\t<div class=\"elementor-element elementor-element-02838e3 elementor-align-center elementor-widget elementor-widget-button\" data-id=\"02838e3\" data-element_type=\"widget\" data-e-type=\"widget\" data-widget_type=\"button.default\">\n\t\t\t\t<div class=\"elementor-widget-container\">\n\t\t\t\t\t\t\t\t\t<div class=\"elementor-button-wrapper\">\n\t\t\t\t\t<a class=\"elementor-button elementor-button-link elementor-size-md\" href=\"https:\/\/www.unavets.com\/calviavet\/es\/contacto\/\">\n\t\t\t\t\t\t<span class=\"elementor-button-content-wrapper\">\n\t\t\t\t\t\t<span class=\"elementor-button-icon\">\n\t\t\t\t<i aria-hidden=\"true\" class=\"far fa-calendar-alt\"><\/i>\t\t\t<\/span>\n\t\t\t\t\t\t\t\t\t<span class=\"elementor-button-text\">Pide Cita<\/span>\n\t\t\t\t\t<\/span>\n\t\t\t\t\t<\/a>\n\t\t\t\t<\/div>\n\t\t\t\t\t\t\t\t<\/div>\n\t\t\t\t<\/div>\n\t\t\t\t\t<\/div>\n\t\t<\/div>\n\t\t\t\t\t<\/div>\n\t\t<\/section>\n\t\t\t\t<\/div>\n\t\t","protected":false},"excerpt":{"rendered":"<p>En Cl\u00ednica Veterinaria Calviavet, hemos obtenido la certificaci\u00f3n CAT FRIENDLY GOLD otorgada por la organizaci\u00f3n International Cat Care | For the love of cats (icatcare.org). Este reconocimiento nos acredita como un centro de referencia en el cuidado y bienestar de los gatos, asegurando un entorno adaptado a sus necesidades. El programa Cat Friendly Clinic, impulsado &hellip; <\/p>\n","protected":false},"author":60,"featured_media":0,"parent":0,"menu_order":0,"comment_status":"closed","ping_status":"closed","template":"page-fullwidth.php","meta":{"_acf_changed":false,"content-type":"","footnotes":""},"class_list":["post-23935","page","type-page","status-publish","hentry"],"acf":[],"_links":{"self":[{"href":"https:\/\/www.unavets.com\/calviavet\/es\/wp-json\/wp\/v2\/pages\/23935","targetHints":{"allow":["GET"]}}],"collection":[{"href":"https:\/\/www.unavets.com\/calviavet\/es\/wp-json\/wp\/v2\/pages"}],"about":[{"href":"https:\/\/www.unavets.com\/calviavet\/es\/wp-json\/wp\/v2\/types\/page"}],"author":[{"embeddable":true,"href":"https:\/\/www.unavets.com\/calviavet\/es\/wp-json\/wp\/v2\/users\/60"}],"replies":[{"embeddable":true,"href":"https:\/\/www.unavets.com\/calviavet\/es\/wp-json\/wp\/v2\/comments?post=23935"}],"version-history":[{"count":25,"href":"https:\/\/www.unavets.com\/calviavet\/es\/wp-json\/wp\/v2\/pages\/23935\/revisions"}],"predecessor-version":[{"id":24633,"href":"https:\/\/www.unavets.com\/calviavet\/es\/wp-json\/wp\/v2\/pages\/23935\/revisions\/24633"}],"wp:attachment":[{"href":"https:\/\/www.unavets.com\/calviavet\/es\/wp-json\/wp\/v2\/media?parent=23935"}],"curies":[{"name":"wp","href":"https:\/\/api.w.org\/{rel}","templated":true}]}}