{"id":23751,"date":"2025-05-29T10:07:56","date_gmt":"2025-05-29T10:07:56","guid":{"rendered":"https:\/\/www.unavets.com\/calviavet\/?page_id=23751"},"modified":"2025-05-30T09:54:22","modified_gmt":"2025-05-30T09:54:22","slug":"certificacion-para-viajar","status":"publish","type":"page","link":"https:\/\/www.unavets.com\/calviavet\/es\/certificacion-para-viajar\/","title":{"rendered":"Certificaci\u00f3n para viajar"},"content":{"rendered":"\t\t<div data-elementor-type=\"wp-page\" data-elementor-id=\"23751\" class=\"elementor elementor-23751\" data-elementor-post-type=\"page\">\n\t\t\t\t\t\t<section class=\"elementor-section elementor-top-section elementor-element elementor-element-d993722 elementor-section-boxed elementor-section-height-default elementor-section-height-default\" data-id=\"d993722\" data-element_type=\"section\" data-e-type=\"section\" id=\"main-sec\">\n\t\t\t\t\t\t<div class=\"elementor-container elementor-column-gap-default\">\n\t\t\t\t\t<div class=\"elementor-column elementor-col-50 elementor-top-column elementor-element elementor-element-065811d\" data-id=\"065811d\" data-element_type=\"column\" data-e-type=\"column\">\n\t\t\t<div class=\"elementor-widget-wrap elementor-element-populated\">\n\t\t\t\t\t\t<div class=\"elementor-element elementor-element-63d99ac elementor-widget elementor-widget-text-editor\" data-id=\"63d99ac\" data-element_type=\"widget\" data-e-type=\"widget\" data-widget_type=\"text-editor.default\">\n\t\t\t\t<div class=\"elementor-widget-container\">\n\t\t\t\t\t\t\t\t\t<p><span style=\"font-weight: 400;\">En <span data-sheets-value=\"{\" data-sheets-userformat=\"{\">Cl\u00ednica Veterinaria Calvi\u00e0Vet, contamos con amplia experiencia en el asesoramiento y la gesti\u00f3n de la documentaci\u00f3n necesaria para viajes a cualquier destino internacional (CEXGAN).<\/span><\/span><\/p><p>Nos aseguramos de cumplir con todas las regulaciones vigentes, desde la identificaci\u00f3n de los requisitos sanitarios y legales espec\u00edficos del pa\u00eds de destino hasta la preparaci\u00f3n de la documentaci\u00f3n aduanera.<\/p><p>Preg\u00fantanos para m\u00e1s informaci\u00f3n.<\/p>\t\t\t\t\t\t\t\t<\/div>\n\t\t\t\t<\/div>\n\t\t\t\t<div class=\"elementor-element elementor-element-28dc07f elementor-align-center elementor-widget elementor-widget-button\" data-id=\"28dc07f\" data-element_type=\"widget\" data-e-type=\"widget\" data-widget_type=\"button.default\">\n\t\t\t\t<div class=\"elementor-widget-container\">\n\t\t\t\t\t\t\t\t\t<div class=\"elementor-button-wrapper\">\n\t\t\t\t\t<a class=\"elementor-button elementor-button-link elementor-size-md\" href=\"https:\/\/www.unavets.com\/calviavet\/es\/contacto\/\">\n\t\t\t\t\t\t<span class=\"elementor-button-content-wrapper\">\n\t\t\t\t\t\t<span class=\"elementor-button-icon\">\n\t\t\t\t<i aria-hidden=\"true\" class=\"far fa-calendar-alt\"><\/i>\t\t\t<\/span>\n\t\t\t\t\t\t\t\t\t<span class=\"elementor-button-text\">Pide Cita<\/span>\n\t\t\t\t\t<\/span>\n\t\t\t\t\t<\/a>\n\t\t\t\t<\/div>\n\t\t\t\t\t\t\t\t<\/div>\n\t\t\t\t<\/div>\n\t\t\t\t\t<\/div>\n\t\t<\/div>\n\t\t\t\t<div class=\"elementor-column elementor-col-50 elementor-top-column elementor-element elementor-element-2048e61\" data-id=\"2048e61\" data-element_type=\"column\" data-e-type=\"column\">\n\t\t\t<div class=\"elementor-widget-wrap elementor-element-populated\">\n\t\t\t\t\t\t<div class=\"elementor-element elementor-element-dc7c821 elementor-widget elementor-widget-image\" data-id=\"dc7c821\" data-element_type=\"widget\" data-e-type=\"widget\" data-widget_type=\"image.default\">\n\t\t\t\t<div class=\"elementor-widget-container\">\n\t\t\t\t\t\t\t\t\t\t\t\t\t\t\t<img fetchpriority=\"high\" width=\"424\" height=\"280\" class=\"attachment-townhub-lgal size-townhub-lgal wp-image-23829 lazy\" alt=\"\" data-src=\"https:\/\/www.unavets.com\/calviavet\/wp-content\/uploads\/sites\/57\/2025\/05\/Optimized-pasaporte-mascotas-e1626455874887-424x280.jpg\" data-lazy=\"https:\/\/www.unavets.com\/calviavet\/wp-content\/uploads\/sites\/57\/2025\/05\/Optimized-pasaporte-mascotas-e1626455874887-424x280.jpg\" \/>\t\t\t\t\t\t\t\t\t\t\t\t\t\t\t<\/div>\n\t\t\t\t<\/div>\n\t\t\t\t\t<\/div>\n\t\t<\/div>\n\t\t\t\t\t<\/div>\n\t\t<\/section>\n\t\t\t\t<\/div>\n\t\t","protected":false},"excerpt":{"rendered":"<p>En , contamos con amplia experiencia en el asesoramiento y la gesti\u00f3n de la documentaci\u00f3n necesaria para viajes a cualquier destino internacional (CEXGAN). Nos aseguramos de cumplir con todas las regulaciones vigentes, desde la identificaci\u00f3n de los requisitos sanitarios y legales espec\u00edficos del pa\u00eds de destino hasta la preparaci\u00f3n de la documentaci\u00f3n aduanera. Preg\u00fantanos para &hellip; <\/p>\n","protected":false},"author":60,"featured_media":0,"parent":0,"menu_order":0,"comment_status":"closed","ping_status":"closed","template":"page-fullwidth.php","meta":{"_acf_changed":false,"content-type":"","footnotes":""},"class_list":["post-23751","page","type-page","status-publish","hentry"],"acf":[],"_links":{"self":[{"href":"https:\/\/www.unavets.com\/calviavet\/es\/wp-json\/wp\/v2\/pages\/23751","targetHints":{"allow":["GET"]}}],"collection":[{"href":"https:\/\/www.unavets.com\/calviavet\/es\/wp-json\/wp\/v2\/pages"}],"about":[{"href":"https:\/\/www.unavets.com\/calviavet\/es\/wp-json\/wp\/v2\/types\/page"}],"author":[{"embeddable":true,"href":"https:\/\/www.unavets.com\/calviavet\/es\/wp-json\/wp\/v2\/users\/60"}],"replies":[{"embeddable":true,"href":"https:\/\/www.unavets.com\/calviavet\/es\/wp-json\/wp\/v2\/comments?post=23751"}],"version-history":[{"count":13,"href":"https:\/\/www.unavets.com\/calviavet\/es\/wp-json\/wp\/v2\/pages\/23751\/revisions"}],"predecessor-version":[{"id":23908,"href":"https:\/\/www.unavets.com\/calviavet\/es\/wp-json\/wp\/v2\/pages\/23751\/revisions\/23908"}],"wp:attachment":[{"href":"https:\/\/www.unavets.com\/calviavet\/es\/wp-json\/wp\/v2\/media?parent=23751"}],"curies":[{"name":"wp","href":"https:\/\/api.w.org\/{rel}","templated":true}]}}