{"id":23505,"date":"2025-05-21T09:03:31","date_gmt":"2025-05-21T09:03:31","guid":{"rendered":"https:\/\/www.unavets.com\/calviavet\/?page_id=23505"},"modified":"2025-09-11T09:44:16","modified_gmt":"2025-09-11T09:44:16","slug":"rehabilitacion","status":"publish","type":"page","link":"https:\/\/www.unavets.com\/calviavet\/es\/rehabilitacion\/","title":{"rendered":"Rehabilitaci\u00f3n"},"content":{"rendered":"\t\t<div data-elementor-type=\"wp-page\" data-elementor-id=\"23505\" class=\"elementor elementor-23505\" data-elementor-post-type=\"page\">\n\t\t\t\t\t\t<section class=\"elementor-section elementor-top-section elementor-element elementor-element-ee80640 elementor-section-boxed elementor-section-height-default elementor-section-height-default\" data-id=\"ee80640\" data-element_type=\"section\" data-e-type=\"section\">\n\t\t\t\t\t\t<div class=\"elementor-container elementor-column-gap-default\">\n\t\t\t\t\t<div class=\"elementor-column elementor-col-100 elementor-top-column elementor-element elementor-element-b01813b\" data-id=\"b01813b\" data-element_type=\"column\" data-e-type=\"column\">\n\t\t\t<div class=\"elementor-widget-wrap elementor-element-populated\">\n\t\t\t\t\t\t<div class=\"elementor-element elementor-element-fe455f4 elementor-widget elementor-widget-section_titleleft\" data-id=\"fe455f4\" data-element_type=\"widget\" data-e-type=\"widget\" data-widget_type=\"section_titleleft.default\">\n\t\t\t\t<div class=\"elementor-widget-container\">\n\t\t\t\t\t        <div class=\"ab_text-title fl-wrap\">\n            <h3>\u00bfEn qu\u00e9 consiste?<\/h3>La Rehabilitaci\u00f3n es un tipo de terapia no invasiva, que se centra en las relaciones entre los m\u00fasculos, huesos, nervios, tendones y ligamentos para disminuir el dolor y mejorar la funci\u00f3n corporal tras una lesi\u00f3n o enfermedad. <span class=\"section-separator fl-sec-sep\"><\/span>        <\/div>\n        \t\t\t\t<\/div>\n\t\t\t\t<\/div>\n\t\t\t\t\t<\/div>\n\t\t<\/div>\n\t\t\t\t\t<\/div>\n\t\t<\/section>\n\t\t\t\t<section class=\"elementor-section elementor-top-section elementor-element elementor-element-353da66 elementor-section-boxed elementor-section-height-default elementor-section-height-default\" data-id=\"353da66\" data-element_type=\"section\" data-e-type=\"section\">\n\t\t\t\t\t\t<div class=\"elementor-container elementor-column-gap-default\">\n\t\t\t\t\t<div class=\"elementor-column elementor-col-50 elementor-top-column elementor-element elementor-element-2f07e9c\" data-id=\"2f07e9c\" data-element_type=\"column\" data-e-type=\"column\">\n\t\t\t<div class=\"elementor-widget-wrap elementor-element-populated\">\n\t\t\t\t\t\t<div class=\"elementor-element elementor-element-d691019 elementor-widget elementor-widget-text-editor\" data-id=\"d691019\" data-element_type=\"widget\" data-e-type=\"widget\" data-widget_type=\"text-editor.default\">\n\t\t\t\t<div class=\"elementor-widget-container\">\n\t\t\t\t\t\t\t\t\t<h2 style=\"font-size: 25px; font-weight: 400 !important;\">Rehabilitaci\u00f3n Veterinaria<\/h2>\t\t\t\t\t\t\t\t<\/div>\n\t\t\t\t<\/div>\n\t\t\t\t<div class=\"elementor-element elementor-element-702cbf1 elementor-widget elementor-widget-text-editor\" data-id=\"702cbf1\" data-element_type=\"widget\" data-e-type=\"widget\" data-widget_type=\"text-editor.default\">\n\t\t\t\t<div class=\"elementor-widget-container\">\n\t\t\t\t\t\t\t\t\t<p>La rehabilitaci\u00f3n canina y felina emplea t\u00e9cnicas similares a las usadas en la fisioterapia humana, para lograr uno o m\u00e1s de los siguientes objetivos:<\/p><ul><li>Acelerar la recuperaci\u00f3n tras una lesi\u00f3n o cirug\u00eda.<\/li><li>Aumentar la movilidad y la flexibilidad.<\/li><li>Mejorar la resistencia y la agilidad.<\/li><li>Disminuir el dolor.<\/li><li>Facilitar la p\u00e9rdida de peso.<\/li><li>Mantener las funciones y prevenir futuros problemas.<\/li><li>Mejorar la calidad de vida.<\/li><\/ul>\t\t\t\t\t\t\t\t<\/div>\n\t\t\t\t<\/div>\n\t\t\t\t\t<\/div>\n\t\t<\/div>\n\t\t\t\t<div class=\"elementor-column elementor-col-50 elementor-top-column elementor-element elementor-element-e5da208\" data-id=\"e5da208\" data-element_type=\"column\" data-e-type=\"column\">\n\t\t\t<div class=\"elementor-widget-wrap elementor-element-populated\">\n\t\t\t\t\t\t<div class=\"elementor-element elementor-element-bef9e25 elementor-widget elementor-widget-image\" data-id=\"bef9e25\" data-element_type=\"widget\" data-e-type=\"widget\" data-widget_type=\"image.default\">\n\t\t\t\t<div class=\"elementor-widget-container\">\n\t\t\t\t\t\t\t\t\t\t\t\t\t\t\t<img fetchpriority=\"high\" width=\"724\" height=\"481\" class=\"attachment-large size-large wp-image-24418 lazy\" alt=\"\" data-src=\"https:\/\/www.unavets.com\/calviavet\/wp-content\/uploads\/sites\/57\/2025\/09\/rehab-1024x680.jpg\" data-lazy=\"https:\/\/www.unavets.com\/calviavet\/wp-content\/uploads\/sites\/57\/2025\/09\/rehab-1024x680.jpg\" \/>\t\t\t\t\t\t\t\t\t\t\t\t\t\t\t<\/div>\n\t\t\t\t<\/div>\n\t\t\t\t\t<\/div>\n\t\t<\/div>\n\t\t\t\t\t<\/div>\n\t\t<\/section>\n\t\t\t\t<section class=\"elementor-section elementor-top-section elementor-element elementor-element-9c939ec elementor-section-boxed elementor-section-height-default elementor-section-height-default\" data-id=\"9c939ec\" data-element_type=\"section\" data-e-type=\"section\">\n\t\t\t\t\t\t<div class=\"elementor-container elementor-column-gap-default\">\n\t\t\t\t\t<div class=\"elementor-column elementor-col-100 elementor-top-column elementor-element elementor-element-48e6358\" data-id=\"48e6358\" data-element_type=\"column\" data-e-type=\"column\">\n\t\t\t<div class=\"elementor-widget-wrap elementor-element-populated\">\n\t\t\t\t\t\t<div class=\"elementor-element elementor-element-c5296c2 elementor-widget elementor-widget-section_titleleft\" data-id=\"c5296c2\" data-element_type=\"widget\" data-e-type=\"widget\" data-widget_type=\"section_titleleft.default\">\n\t\t\t\t<div class=\"elementor-widget-container\">\n\t\t\t\t\t        <div class=\"ab_text-title fl-wrap\">\n            <h3>Tipos de terapias de rehabilitaci\u00f3n<\/h3><span class=\"section-separator fl-sec-sep\"><\/span>        <\/div>\n        \t\t\t\t<\/div>\n\t\t\t\t<\/div>\n\t\t\t\t\t<\/div>\n\t\t<\/div>\n\t\t\t\t\t<\/div>\n\t\t<\/section>\n\t\t\t\t<section class=\"elementor-section elementor-top-section elementor-element elementor-element-07a2100 elementor-section-boxed elementor-section-height-default elementor-section-height-default\" data-id=\"07a2100\" data-element_type=\"section\" data-e-type=\"section\">\n\t\t\t\t\t\t<div class=\"elementor-container elementor-column-gap-default\">\n\t\t\t\t\t<div class=\"elementor-column elementor-col-50 elementor-top-column elementor-element elementor-element-f0a65c6\" data-id=\"f0a65c6\" data-element_type=\"column\" data-e-type=\"column\">\n\t\t\t<div class=\"elementor-widget-wrap elementor-element-populated\">\n\t\t\t\t\t\t<div class=\"elementor-element elementor-element-e6c8982 elementor-widget elementor-widget-image\" data-id=\"e6c8982\" data-element_type=\"widget\" data-e-type=\"widget\" data-widget_type=\"image.default\">\n\t\t\t\t<div class=\"elementor-widget-container\">\n\t\t\t\t\t\t\t\t\t\t\t\t\t\t\t<img width=\"724\" height=\"483\" class=\"attachment-large size-large wp-image-23510 lazy\" alt=\"\" data-src=\"https:\/\/www.unavets.com\/calviavet\/wp-content\/uploads\/sites\/57\/2025\/05\/shutterstock_1724944462-1-1024x683.jpg\" data-lazy=\"https:\/\/www.unavets.com\/calviavet\/wp-content\/uploads\/sites\/57\/2025\/05\/shutterstock_1724944462-1-1024x683.jpg\" \/>\t\t\t\t\t\t\t\t\t\t\t\t\t\t\t<\/div>\n\t\t\t\t<\/div>\n\t\t\t\t<div class=\"elementor-element elementor-element-4ceac1b elementor-align-center elementor-widget elementor-widget-button\" data-id=\"4ceac1b\" data-element_type=\"widget\" data-e-type=\"widget\" data-widget_type=\"button.default\">\n\t\t\t\t<div class=\"elementor-widget-container\">\n\t\t\t\t\t\t\t\t\t<div class=\"elementor-button-wrapper\">\n\t\t\t\t\t<a class=\"elementor-button elementor-button-link elementor-size-md\" href=\"https:\/\/www.unavets.com\/calviavet\/es\/contacto\/\">\n\t\t\t\t\t\t<span class=\"elementor-button-content-wrapper\">\n\t\t\t\t\t\t<span class=\"elementor-button-icon\">\n\t\t\t\t<i aria-hidden=\"true\" class=\"far fa-calendar-alt\"><\/i>\t\t\t<\/span>\n\t\t\t\t\t\t\t\t\t<span class=\"elementor-button-text\">Pide Cita<\/span>\n\t\t\t\t\t<\/span>\n\t\t\t\t\t<\/a>\n\t\t\t\t<\/div>\n\t\t\t\t\t\t\t\t<\/div>\n\t\t\t\t<\/div>\n\t\t\t\t\t<\/div>\n\t\t<\/div>\n\t\t\t\t<div class=\"elementor-column elementor-col-50 elementor-top-column elementor-element elementor-element-2dd2bbf\" data-id=\"2dd2bbf\" data-element_type=\"column\" data-e-type=\"column\">\n\t\t\t<div class=\"elementor-widget-wrap elementor-element-populated\">\n\t\t\t\t\t\t<div class=\"elementor-element elementor-element-98a1eb0 elementor-widget elementor-widget-text-editor\" data-id=\"98a1eb0\" data-element_type=\"widget\" data-e-type=\"widget\" data-widget_type=\"text-editor.default\">\n\t\t\t\t<div class=\"elementor-widget-container\">\n\t\t\t\t\t\t\t\t\t<p>Tras una evaluaci\u00f3n realizada por nuestros especialistas, dise\u00f1amos un plan individual de tratamiento, bas\u00e1ndonos en las necesidades del paciente. La mayor\u00eda de mascotas puede beneficiarse de un enfoque multidisciplinar, que incorpora terapias como:<\/p><ul><li>Masaje<\/li><li>Estimulaci\u00f3n el\u00e9ctrica neuromuscular<\/li><li>Rango de movimiento pasivo y ejercicios de estiramiento<\/li><li>Sesiones de l\u00e1ser o ultrasonido terap\u00e9utico<\/li><li>Programa de ejercicios terap\u00e9uticos<\/li><li>Cinta acu\u00e1tica<\/li><\/ul><p>Estas t\u00e9cnicas pueden ayudar tanto a los animales que sufren disminuci\u00f3n de las funciones vitales o que sienten dolor relacionado con la artrosis y el envejecimiento, como a animales obesos o perros de trabajo y de deporte; tambi\u00e9n es efectiva con los animales que se recuperan de una lesi\u00f3n o cirug\u00eda.<\/p>\t\t\t\t\t\t\t\t<\/div>\n\t\t\t\t<\/div>\n\t\t\t\t\t<\/div>\n\t\t<\/div>\n\t\t\t\t\t<\/div>\n\t\t<\/section>\n\t\t\t\t<section class=\"elementor-section elementor-top-section elementor-element elementor-element-67d7619 elementor-section-boxed elementor-section-height-default elementor-section-height-default\" data-id=\"67d7619\" data-element_type=\"section\" data-e-type=\"section\">\n\t\t\t\t\t\t<div class=\"elementor-container elementor-column-gap-default\">\n\t\t\t\t\t<div class=\"elementor-column elementor-col-100 elementor-top-column elementor-element elementor-element-465aeee\" data-id=\"465aeee\" data-element_type=\"column\" data-e-type=\"column\">\n\t\t\t<div class=\"elementor-widget-wrap elementor-element-populated\">\n\t\t\t\t\t\t<div class=\"elementor-element elementor-element-3af0c23 elementor-widget elementor-widget-section_titleleft\" data-id=\"3af0c23\" data-element_type=\"widget\" data-e-type=\"widget\" data-widget_type=\"section_titleleft.default\">\n\t\t\t\t<div class=\"elementor-widget-container\">\n\t\t\t\t\t        <div class=\"ab_text-title fl-wrap\">\n            <h3>\u00bfC\u00f3mo saber si tu mascota necesita rehabilitaci\u00f3n?<\/h3><span class=\"section-separator fl-sec-sep\"><\/span>        <\/div>\n        \t\t\t\t<\/div>\n\t\t\t\t<\/div>\n\t\t\t\t<div class=\"elementor-element elementor-element-0bc4d4e elementor-widget elementor-widget-text-editor\" data-id=\"0bc4d4e\" data-element_type=\"widget\" data-e-type=\"widget\" data-widget_type=\"text-editor.default\">\n\t\t\t\t<div class=\"elementor-widget-container\">\n\t\t\t\t\t\t\t\t\t<p>La mayor\u00eda de las mascotas puede beneficiarse de alguna forma de rehabilitaci\u00f3n.<br \/>Est\u00e1 indicada, entre otros, en los siguientes casos:<\/p><p><strong>Ortopedia<\/strong><\/p><ul><li>Cirug\u00eda articular<\/li><li>Artritis<\/li><li>Lesiones deportivas<\/li><li>Reparaci\u00f3n de fracturas<\/li><li>Reparaci\u00f3n de tendones y ligamentos<\/li><li>Displasia de cadera y codo<\/li><\/ul>\t\t\t\t\t\t\t\t<\/div>\n\t\t\t\t<\/div>\n\t\t\t\t<div class=\"elementor-element elementor-element-b94d5f1 elementor-widget elementor-widget-text-editor\" data-id=\"b94d5f1\" data-element_type=\"widget\" data-e-type=\"widget\" data-widget_type=\"text-editor.default\">\n\t\t\t\t<div class=\"elementor-widget-container\">\n\t\t\t\t\t\t\t\t\t<p><strong>Neurolog\u00eda<\/strong><\/p><ul><li>Cirug\u00edas postoperatorias de columna o de disco<\/li><li>Enfermedad del disco intervertebral no quir\u00fargico<\/li><li>S\u00edndrome de Wobbler<\/li><li>Movimiento descoordinado (ataxia)<\/li><li>Lesiones de los nervios perif\u00e9ricos<\/li><li>Enfermedad nerviosa degenerativa<\/li><\/ul><p><strong>General<\/strong><\/p><ul><li>Dolor cr\u00f3nico<\/li><li>Envejecimiento (debilidad, rigidez, artritis)<\/li><li>Reducci\u00f3n y mantenimiento de la obesidad\/peso<\/li><li>Entrenamiento de fuerza y de aptitud f\u00edsica para los perros de competici\u00f3n y los de trabajo<\/li><\/ul>\t\t\t\t\t\t\t\t<\/div>\n\t\t\t\t<\/div>\n\t\t\t\t\t<\/div>\n\t\t<\/div>\n\t\t\t\t\t<\/div>\n\t\t<\/section>\n\t\t\t\t<\/div>\n\t\t","protected":false},"excerpt":{"rendered":"<p>\u00bfEn qu\u00e9 consiste? La Rehabilitaci\u00f3n es un tipo de terapia no invasiva, que se centra en las relaciones entre los m\u00fasculos, huesos, nervios, tendones y ligamentos para disminuir el dolor y mejorar la funci\u00f3n corporal tras una lesi\u00f3n o enfermedad. Rehabilitaci\u00f3n Veterinaria La rehabilitaci\u00f3n canina y felina emplea t\u00e9cnicas similares a las usadas en la &hellip; <\/p>\n","protected":false},"author":60,"featured_media":0,"parent":0,"menu_order":0,"comment_status":"closed","ping_status":"closed","template":"page-fullwidth.php","meta":{"_acf_changed":false,"content-type":"","footnotes":""},"class_list":["post-23505","page","type-page","status-publish","hentry"],"acf":[],"_links":{"self":[{"href":"https:\/\/www.unavets.com\/calviavet\/es\/wp-json\/wp\/v2\/pages\/23505","targetHints":{"allow":["GET"]}}],"collection":[{"href":"https:\/\/www.unavets.com\/calviavet\/es\/wp-json\/wp\/v2\/pages"}],"about":[{"href":"https:\/\/www.unavets.com\/calviavet\/es\/wp-json\/wp\/v2\/types\/page"}],"author":[{"embeddable":true,"href":"https:\/\/www.unavets.com\/calviavet\/es\/wp-json\/wp\/v2\/users\/60"}],"replies":[{"embeddable":true,"href":"https:\/\/www.unavets.com\/calviavet\/es\/wp-json\/wp\/v2\/comments?post=23505"}],"version-history":[{"count":13,"href":"https:\/\/www.unavets.com\/calviavet\/es\/wp-json\/wp\/v2\/pages\/23505\/revisions"}],"predecessor-version":[{"id":24422,"href":"https:\/\/www.unavets.com\/calviavet\/es\/wp-json\/wp\/v2\/pages\/23505\/revisions\/24422"}],"wp:attachment":[{"href":"https:\/\/www.unavets.com\/calviavet\/es\/wp-json\/wp\/v2\/media?parent=23505"}],"curies":[{"name":"wp","href":"https:\/\/api.w.org\/{rel}","templated":true}]}}