{"id":14607,"date":"2021-06-09T14:56:04","date_gmt":"2021-06-09T14:56:04","guid":{"rendered":"http:\/\/www.unavets.com\/calviavet\/?page_id=14607"},"modified":"2025-09-11T10:38:48","modified_gmt":"2025-09-11T10:38:48","slug":"medicina-felina","status":"publish","type":"page","link":"https:\/\/www.unavets.com\/calviavet\/es\/medicina-felina\/","title":{"rendered":"Medicina Felina"},"content":{"rendered":"\t\t<div data-elementor-type=\"wp-page\" data-elementor-id=\"14607\" class=\"elementor elementor-14607 elementor-14603\" data-elementor-post-type=\"page\">\n\t\t\t\t\t\t<section class=\"elementor-section elementor-top-section elementor-element elementor-element-4f14c84 elementor-section-boxed elementor-section-height-default elementor-section-height-default\" data-id=\"4f14c84\" data-element_type=\"section\" data-e-type=\"section\">\n\t\t\t\t\t\t<div class=\"elementor-container elementor-column-gap-default\">\n\t\t\t\t\t<div class=\"elementor-column elementor-col-50 elementor-top-column elementor-element elementor-element-6d5c5d8\" data-id=\"6d5c5d8\" data-element_type=\"column\" data-e-type=\"column\">\n\t\t\t<div class=\"elementor-widget-wrap elementor-element-populated\">\n\t\t\t\t\t\t<div class=\"elementor-element elementor-element-1d02c2d elementor-widget elementor-widget-text-editor\" data-id=\"1d02c2d\" data-element_type=\"widget\" data-e-type=\"widget\" data-widget_type=\"text-editor.default\">\n\t\t\t\t<div class=\"elementor-widget-container\">\n\t\t\t\t\t\t\t\t\t<p>El gato es un animal muy diferente del perro. Su compartamiento, necesidades de manejo e incluso patolog\u00edas son diferentes. Por ello, nuestras instalaciones han sido <strong>dise\u00f1adas para felinos<\/strong>, incluyendo salas de espera, consultas y \u00e1reas de hospitalizaci\u00f3n exclusivas para su confort y tranquilidad.<\/p><p>Adem\u00e1s, contamos con veterinarios y auxiliares con formaci\u00f3n espec\u00edfica en medicina felina, permiti\u00e9ndoles\u00a0ofrecer un manejo experto y los tratamientos m\u00e1s adecuados.<\/p>\t\t\t\t\t\t\t\t<\/div>\n\t\t\t\t<\/div>\n\t\t\t\t<div class=\"elementor-element elementor-element-02838e3 elementor-align-center elementor-widget elementor-widget-button\" data-id=\"02838e3\" data-element_type=\"widget\" data-e-type=\"widget\" data-widget_type=\"button.default\">\n\t\t\t\t<div class=\"elementor-widget-container\">\n\t\t\t\t\t\t\t\t\t<div class=\"elementor-button-wrapper\">\n\t\t\t\t\t<a class=\"elementor-button elementor-button-link elementor-size-md\" href=\"https:\/\/www.unavets.com\/calviavet\/es\/contacto\/\">\n\t\t\t\t\t\t<span class=\"elementor-button-content-wrapper\">\n\t\t\t\t\t\t<span class=\"elementor-button-icon\">\n\t\t\t\t<i aria-hidden=\"true\" class=\"far fa-calendar-alt\"><\/i>\t\t\t<\/span>\n\t\t\t\t\t\t\t\t\t<span class=\"elementor-button-text\">Pide Cita<\/span>\n\t\t\t\t\t<\/span>\n\t\t\t\t\t<\/a>\n\t\t\t\t<\/div>\n\t\t\t\t\t\t\t\t<\/div>\n\t\t\t\t<\/div>\n\t\t\t\t\t<\/div>\n\t\t<\/div>\n\t\t\t\t<div class=\"elementor-column elementor-col-50 elementor-top-column elementor-element elementor-element-ea8a209\" data-id=\"ea8a209\" data-element_type=\"column\" data-e-type=\"column\">\n\t\t\t<div class=\"elementor-widget-wrap elementor-element-populated\">\n\t\t\t\t\t\t<div class=\"elementor-element elementor-element-ee8bd7e elementor-widget elementor-widget-image\" data-id=\"ee8bd7e\" data-element_type=\"widget\" data-e-type=\"widget\" data-widget_type=\"image.default\">\n\t\t\t\t<div class=\"elementor-widget-container\">\n\t\t\t\t\t\t\t\t\t\t\t\t\t\t\t<img fetchpriority=\"high\" width=\"786\" height=\"524\" class=\"attachment-townhub-single-image size-townhub-single-image wp-image-24342 lazy\" alt=\"\" data-src=\"https:\/\/www.unavets.com\/calviavet\/wp-content\/uploads\/sites\/57\/2025\/09\/med-fel-cal-2-786x524.jpg\" data-lazy=\"https:\/\/www.unavets.com\/calviavet\/wp-content\/uploads\/sites\/57\/2025\/09\/med-fel-cal-2-786x524.jpg\" \/>\t\t\t\t\t\t\t\t\t\t\t\t\t\t\t<\/div>\n\t\t\t\t<\/div>\n\t\t\t\t\t<\/div>\n\t\t<\/div>\n\t\t\t\t\t<\/div>\n\t\t<\/section>\n\t\t\t\t<\/div>\n\t\t","protected":false},"excerpt":{"rendered":"<p>El gato es un animal muy diferente del perro. Su compartamiento, necesidades de manejo e incluso patolog\u00edas son diferentes. Por ello, nuestras instalaciones han sido dise\u00f1adas para felinos, incluyendo salas de espera, consultas y \u00e1reas de hospitalizaci\u00f3n exclusivas para su confort y tranquilidad. Adem\u00e1s, contamos con veterinarios y auxiliares con formaci\u00f3n espec\u00edfica en medicina felina, &hellip; <\/p>\n","protected":false},"author":8,"featured_media":0,"parent":0,"menu_order":0,"comment_status":"closed","ping_status":"closed","template":"page-fullwidth.php","meta":{"_acf_changed":false,"content-type":"","footnotes":""},"class_list":["post-14607","page","type-page","status-publish","hentry"],"acf":[],"_links":{"self":[{"href":"https:\/\/www.unavets.com\/calviavet\/es\/wp-json\/wp\/v2\/pages\/14607","targetHints":{"allow":["GET"]}}],"collection":[{"href":"https:\/\/www.unavets.com\/calviavet\/es\/wp-json\/wp\/v2\/pages"}],"about":[{"href":"https:\/\/www.unavets.com\/calviavet\/es\/wp-json\/wp\/v2\/types\/page"}],"author":[{"embeddable":true,"href":"https:\/\/www.unavets.com\/calviavet\/es\/wp-json\/wp\/v2\/users\/8"}],"replies":[{"embeddable":true,"href":"https:\/\/www.unavets.com\/calviavet\/es\/wp-json\/wp\/v2\/comments?post=14607"}],"version-history":[{"count":44,"href":"https:\/\/www.unavets.com\/calviavet\/es\/wp-json\/wp\/v2\/pages\/14607\/revisions"}],"predecessor-version":[{"id":24492,"href":"https:\/\/www.unavets.com\/calviavet\/es\/wp-json\/wp\/v2\/pages\/14607\/revisions\/24492"}],"wp:attachment":[{"href":"https:\/\/www.unavets.com\/calviavet\/es\/wp-json\/wp\/v2\/media?parent=14607"}],"curies":[{"name":"wp","href":"https:\/\/api.w.org\/{rel}","templated":true}]}}