{"id":13558,"date":"2020-10-03T08:10:58","date_gmt":"2020-10-03T08:10:58","guid":{"rendered":"http:\/\/www.unavets.com\/calviavet\/our-facilities\/"},"modified":"2025-09-10T15:13:26","modified_gmt":"2025-09-10T15:13:26","slug":"instalaciones","status":"publish","type":"page","link":"https:\/\/www.unavets.com\/calviavet\/es\/instalaciones\/","title":{"rendered":"Instalaciones"},"content":{"rendered":"\t\t<div data-elementor-type=\"wp-page\" data-elementor-id=\"13558\" class=\"elementor elementor-13558 elementor-281\" data-elementor-post-type=\"page\">\n\t\t\t\t\t\t<section class=\"elementor-section elementor-top-section elementor-element elementor-element-54cf215 pad-top-0 elementor-section-boxed elementor-section-height-default elementor-section-height-default\" data-id=\"54cf215\" data-element_type=\"section\" data-e-type=\"section\" id=\"main-sec\" data-settings=\"{&quot;background_background&quot;:&quot;classic&quot;}\">\n\t\t\t\t\t\t<div class=\"elementor-container elementor-column-gap-wide\">\n\t\t\t\t\t<div class=\"elementor-column elementor-col-100 elementor-top-column elementor-element elementor-element-d926441\" data-id=\"d926441\" data-element_type=\"column\" data-e-type=\"column\">\n\t\t\t<div class=\"elementor-widget-wrap elementor-element-populated\">\n\t\t\t\t\t\t<div class=\"elementor-element elementor-element-ac5c964 elementor-widget elementor-widget-text-editor\" data-id=\"ac5c964\" data-element_type=\"widget\" data-e-type=\"widget\" data-widget_type=\"text-editor.default\">\n\t\t\t\t<div class=\"elementor-widget-container\">\n\t\t\t\t\t\t\t\t\t<p>En Calvi\u00e0Vet, hemos dise\u00f1ado nuestras instalaciones pensando en el m\u00e1ximo confort de tu mascota, combinando tecnolog\u00eda avanzada con un entorno tranquilo y seguro.<\/p>\t\t\t\t\t\t\t\t<\/div>\n\t\t\t\t<\/div>\n\t\t\t\t<section class=\"elementor-section elementor-inner-section elementor-element elementor-element-98275a1 elementor-section-boxed elementor-section-height-default elementor-section-height-default\" data-id=\"98275a1\" data-element_type=\"section\" data-e-type=\"section\">\n\t\t\t\t\t\t<div class=\"elementor-container elementor-column-gap-default\">\n\t\t\t\t\t<div class=\"elementor-column elementor-col-50 elementor-inner-column elementor-element elementor-element-07b222c\" data-id=\"07b222c\" data-element_type=\"column\" data-e-type=\"column\">\n\t\t\t<div class=\"elementor-widget-wrap elementor-element-populated\">\n\t\t\t\t\t\t<div class=\"elementor-element elementor-element-44b52f4 elementor-widget elementor-widget-image\" data-id=\"44b52f4\" data-element_type=\"widget\" data-e-type=\"widget\" data-widget_type=\"image.default\">\n\t\t\t\t<div class=\"elementor-widget-container\">\n\t\t\t\t\t\t\t\t\t\t\t\t\t\t\t<img fetchpriority=\"high\" width=\"747\" height=\"908\" class=\"attachment-1536x1536 size-1536x1536 wp-image-23721 lazy\" alt=\"\" data-src=\"https:\/\/www.unavets.com\/calviavet\/wp-content\/uploads\/sites\/57\/2025\/05\/calviavet-10.jpg\" data-lazy=\"https:\/\/www.unavets.com\/calviavet\/wp-content\/uploads\/sites\/57\/2025\/05\/calviavet-10.jpg\" \/>\t\t\t\t\t\t\t\t\t\t\t\t\t\t\t<\/div>\n\t\t\t\t<\/div>\n\t\t\t\t\t<\/div>\n\t\t<\/div>\n\t\t\t\t<div class=\"elementor-column elementor-col-50 elementor-inner-column elementor-element elementor-element-e32254f\" data-id=\"e32254f\" data-element_type=\"column\" data-e-type=\"column\">\n\t\t\t<div class=\"elementor-widget-wrap elementor-element-populated\">\n\t\t\t\t\t\t<div class=\"elementor-element elementor-element-6494dd8 elementor-widget elementor-widget-text-editor\" data-id=\"6494dd8\" data-element_type=\"widget\" data-e-type=\"widget\" data-widget_type=\"text-editor.default\">\n\t\t\t\t<div class=\"elementor-widget-container\">\n\t\t\t\t\t\t\t\t\t<p>En <strong data-start=\"1380\" data-end=\"1393\">Calvi\u00e0Vet<\/strong>, nuestro objetivo es brindar un servicio de alta calidad, asegurando el bienestar de cada mascota en un ambiente seguro y adaptado a sus necesidades espec\u00edficas:<\/p><ul><li><strong data-start=\"157\" data-end=\"171\">Recepci\u00f3n:<\/strong> Espacio amplio, luminoso y acogedor con zonas de espera separadas para perros y gatos, reduciendo el estr\u00e9s en los pacientes felinos antes de su consulta.<\/li><li><strong data-start=\"331\" data-end=\"353\">Salas de consulta:<\/strong> Independientes para cada especie, con iluminaci\u00f3n adecuada y aire acondicionado, asegurando un entorno tranquilo y confortable para las mascotas.<\/li><li><strong data-start=\"504\" data-end=\"520\">Laboratorio:<\/strong> Equipado con tecnolog\u00eda de \u00faltima generaci\u00f3n, permitiendo obtener resultados en solo 10 minutos para un diagn\u00f3stico r\u00e1pido y preciso.<\/li><li><strong data-start=\"659\" data-end=\"673\">Quir\u00f3fano:<\/strong> Espacio esterilizado con instrumental moderno que garantiza la m\u00e1xima seguridad y precisi\u00f3n en los procedimientos quir\u00fargicos.<\/li><li><strong data-start=\"805\" data-end=\"825\">Hospitalizaci\u00f3n:<\/strong> Salas amplias y acristaladas que mantienen la higiene y reducen el estr\u00e9s de las mascotas. Perros y gatos son hospitalizados en \u00e1reas separadas para mejorar su bienestar.<\/li><li><strong data-start=\"1001\" data-end=\"1025\">Sala de aislamiento:<\/strong> Espacio especialmente dise\u00f1ado para la recuperaci\u00f3n de mascotas con enfermedades contagiosas, evitando riesgos para otros pacientes.<\/li><li><strong data-start=\"1163\" data-end=\"1207\">\u00c1reas diferenciadas para perros y gatos:<\/strong> Desde la recepci\u00f3n hasta la hospitalizaci\u00f3n, cada especie cuenta con su propio espacio, minimizando la ansiedad y garantizando un entorno adaptado a sus necesidades.<\/li><\/ul>\t\t\t\t\t\t\t\t<\/div>\n\t\t\t\t<\/div>\n\t\t\t\t\t<\/div>\n\t\t<\/div>\n\t\t\t\t\t<\/div>\n\t\t<\/section>\n\t\t\t\t<section class=\"elementor-section elementor-inner-section elementor-element elementor-element-cbd28ac elementor-section-boxed elementor-section-height-default elementor-section-height-default\" data-id=\"cbd28ac\" data-element_type=\"section\" data-e-type=\"section\">\n\t\t\t\t\t\t<div class=\"elementor-container elementor-column-gap-default\">\n\t\t\t\t\t<div class=\"elementor-column elementor-col-50 elementor-inner-column elementor-element elementor-element-e54cc90\" data-id=\"e54cc90\" data-element_type=\"column\" data-e-type=\"column\">\n\t\t\t<div class=\"elementor-widget-wrap elementor-element-populated\">\n\t\t\t\t\t\t<div class=\"elementor-element elementor-element-e77ffdd elementor-align-center elementor-widget elementor-widget-button\" data-id=\"e77ffdd\" data-element_type=\"widget\" data-e-type=\"widget\" data-widget_type=\"button.default\">\n\t\t\t\t<div class=\"elementor-widget-container\">\n\t\t\t\t\t\t\t\t\t<div class=\"elementor-button-wrapper\">\n\t\t\t\t\t<a class=\"elementor-button elementor-button-link elementor-size-sm\" href=\"https:\/\/www.unavets.com\/calviavet\/es\/nuestro-equipo\/\">\n\t\t\t\t\t\t<span class=\"elementor-button-content-wrapper\">\n\t\t\t\t\t\t\t\t\t<span class=\"elementor-button-text\">Nuestro Equipo<\/span>\n\t\t\t\t\t<\/span>\n\t\t\t\t\t<\/a>\n\t\t\t\t<\/div>\n\t\t\t\t\t\t\t\t<\/div>\n\t\t\t\t<\/div>\n\t\t\t\t\t<\/div>\n\t\t<\/div>\n\t\t\t\t<div class=\"elementor-column elementor-col-50 elementor-inner-column elementor-element elementor-element-dc3e6b5\" data-id=\"dc3e6b5\" data-element_type=\"column\" data-e-type=\"column\">\n\t\t\t<div class=\"elementor-widget-wrap elementor-element-populated\">\n\t\t\t\t\t\t<div class=\"elementor-element elementor-element-ebe1efe elementor-align-center elementor-widget elementor-widget-button\" data-id=\"ebe1efe\" data-element_type=\"widget\" data-e-type=\"widget\" data-widget_type=\"button.default\">\n\t\t\t\t<div class=\"elementor-widget-container\">\n\t\t\t\t\t\t\t\t\t<div class=\"elementor-button-wrapper\">\n\t\t\t\t\t<a class=\"elementor-button elementor-button-link elementor-size-sm\" href=\"https:\/\/www.unavets.com\/calviavet\/es\/servicios\/\">\n\t\t\t\t\t\t<span class=\"elementor-button-content-wrapper\">\n\t\t\t\t\t\t\t\t\t<span class=\"elementor-button-text\">Servicios<\/span>\n\t\t\t\t\t<\/span>\n\t\t\t\t\t<\/a>\n\t\t\t\t<\/div>\n\t\t\t\t\t\t\t\t<\/div>\n\t\t\t\t<\/div>\n\t\t\t\t\t<\/div>\n\t\t<\/div>\n\t\t\t\t\t<\/div>\n\t\t<\/section>\n\t\t\t\t\t<\/div>\n\t\t<\/div>\n\t\t\t\t\t<\/div>\n\t\t<\/section>\n\t\t\t\t<section class=\"elementor-section elementor-top-section elementor-element elementor-element-c64bf4c elementor-section-boxed elementor-section-height-default elementor-section-height-default\" data-id=\"c64bf4c\" data-element_type=\"section\" data-e-type=\"section\">\n\t\t\t\t\t\t<div class=\"elementor-container elementor-column-gap-default\">\n\t\t\t\t\t<div class=\"elementor-column elementor-col-100 elementor-top-column elementor-element elementor-element-46ea748\" data-id=\"46ea748\" data-element_type=\"column\" data-e-type=\"column\">\n\t\t\t<div class=\"elementor-widget-wrap elementor-element-populated\">\n\t\t\t\t\t\t<div class=\"elementor-element elementor-element-ad3e405 elementor-widget elementor-widget-gallery\" data-id=\"ad3e405\" data-element_type=\"widget\" data-e-type=\"widget\" data-settings=\"{&quot;columns&quot;:&quot;3&quot;,&quot;aspect_ratio&quot;:&quot;1:1&quot;,&quot;lazyload&quot;:&quot;yes&quot;,&quot;gallery_layout&quot;:&quot;grid&quot;,&quot;columns_tablet&quot;:2,&quot;columns_mobile&quot;:1,&quot;gap&quot;:{&quot;unit&quot;:&quot;px&quot;,&quot;size&quot;:10,&quot;sizes&quot;:[]},&quot;gap_tablet&quot;:{&quot;unit&quot;:&quot;px&quot;,&quot;size&quot;:10,&quot;sizes&quot;:[]},&quot;gap_mobile&quot;:{&quot;unit&quot;:&quot;px&quot;,&quot;size&quot;:10,&quot;sizes&quot;:[]},&quot;link_to&quot;:&quot;file&quot;,&quot;overlay_background&quot;:&quot;yes&quot;,&quot;content_hover_animation&quot;:&quot;fade-in&quot;}\" data-widget_type=\"gallery.default\">\n\t\t\t\t<div class=\"elementor-widget-container\">\n\t\t\t\t\t\t\t<div class=\"elementor-gallery__container\">\n\t\t\t\t\t\t\t<a class=\"e-gallery-item elementor-gallery-item elementor-animated-content\" href=\"https:\/\/www.unavets.com\/calviavet\/wp-content\/uploads\/sites\/57\/2025\/09\/recep-cal.jpg\" data-elementor-open-lightbox=\"yes\" data-elementor-lightbox-slideshow=\"ad3e405\" data-elementor-lightbox-title=\"recep cal\" data-e-action-hash=\"#elementor-action%3Aaction%3Dlightbox%26settings%3DeyJpZCI6MjQxMzksInVybCI6Imh0dHBzOlwvXC93d3cudW5hdmV0cy5jb21cL2NhbHZpYXZldFwvd3AtY29udGVudFwvdXBsb2Fkc1wvc2l0ZXNcLzU3XC8yMDI1XC8wOVwvcmVjZXAtY2FsLmpwZyIsInNsaWRlc2hvdyI6ImFkM2U0MDUifQ%3D%3D\">\n\t\t\t\t\t<div class=\"e-gallery-image elementor-gallery-item__image\" data-thumbnail=\"https:\/\/www.unavets.com\/calviavet\/wp-content\/uploads\/sites\/57\/2025\/09\/recep-cal-1024x681.jpg\" data-width=\"724\" data-height=\"481\" aria-label=\"\" role=\"img\" ><\/div>\n\t\t\t\t\t\t\t\t\t\t\t<div class=\"elementor-gallery-item__overlay\"><\/div>\n\t\t\t\t\t\t\t\t\t\t\t\t\t\t<\/a>\n\t\t\t\t\t\t\t<a class=\"e-gallery-item elementor-gallery-item elementor-animated-content\" href=\"https:\/\/www.unavets.com\/calviavet\/wp-content\/uploads\/sites\/57\/2025\/05\/DSC4636.jpg\" data-elementor-open-lightbox=\"yes\" data-elementor-lightbox-slideshow=\"ad3e405\" data-elementor-lightbox-title=\"_DSC4636\" data-e-action-hash=\"#elementor-action%3Aaction%3Dlightbox%26settings%3DeyJpZCI6MjM2OTIsInVybCI6Imh0dHBzOlwvXC93d3cudW5hdmV0cy5jb21cL2NhbHZpYXZldFwvd3AtY29udGVudFwvdXBsb2Fkc1wvc2l0ZXNcLzU3XC8yMDI1XC8wNVwvRFNDNDYzNi5qcGciLCJzbGlkZXNob3ciOiJhZDNlNDA1In0%3D\">\n\t\t\t\t\t<div class=\"e-gallery-image elementor-gallery-item__image\" data-thumbnail=\"https:\/\/www.unavets.com\/calviavet\/wp-content\/uploads\/sites\/57\/2025\/05\/DSC4636-1024x680.jpg\" data-width=\"724\" data-height=\"481\" aria-label=\"\" role=\"img\" ><\/div>\n\t\t\t\t\t\t\t\t\t\t\t<div class=\"elementor-gallery-item__overlay\"><\/div>\n\t\t\t\t\t\t\t\t\t\t\t\t\t\t<\/a>\n\t\t\t\t\t\t\t<a class=\"e-gallery-item elementor-gallery-item elementor-animated-content\" href=\"https:\/\/www.unavets.com\/calviavet\/wp-content\/uploads\/sites\/57\/2025\/03\/instalaciones-calviavet-unavets-santa-ponsa-calvia-mallorca2.jpg\" data-elementor-open-lightbox=\"yes\" data-elementor-lightbox-slideshow=\"ad3e405\" data-elementor-lightbox-title=\"instalaciones calviavet unavets santa ponsa calvia mallorca2\" data-e-action-hash=\"#elementor-action%3Aaction%3Dlightbox%26settings%3DeyJpZCI6MjI4NTMsInVybCI6Imh0dHBzOlwvXC93d3cudW5hdmV0cy5jb21cL2NhbHZpYXZldFwvd3AtY29udGVudFwvdXBsb2Fkc1wvc2l0ZXNcLzU3XC8yMDI1XC8wM1wvaW5zdGFsYWNpb25lcy1jYWx2aWF2ZXQtdW5hdmV0cy1zYW50YS1wb25zYS1jYWx2aWEtbWFsbG9yY2EyLmpwZyIsInNsaWRlc2hvdyI6ImFkM2U0MDUifQ%3D%3D\">\n\t\t\t\t\t<div class=\"e-gallery-image elementor-gallery-item__image\" data-thumbnail=\"https:\/\/www.unavets.com\/calviavet\/wp-content\/uploads\/sites\/57\/2025\/03\/instalaciones-calviavet-unavets-santa-ponsa-calvia-mallorca2.jpg\" data-width=\"650\" data-height=\"433\" aria-label=\"\" role=\"img\" ><\/div>\n\t\t\t\t\t\t\t\t\t\t\t<div class=\"elementor-gallery-item__overlay\"><\/div>\n\t\t\t\t\t\t\t\t\t\t\t\t\t\t<\/a>\n\t\t\t\t\t\t\t<a class=\"e-gallery-item elementor-gallery-item elementor-animated-content\" href=\"https:\/\/www.unavets.com\/calviavet\/wp-content\/uploads\/sites\/57\/2025\/05\/DSC4713.jpg\" data-elementor-open-lightbox=\"yes\" data-elementor-lightbox-slideshow=\"ad3e405\" data-elementor-lightbox-title=\"_DSC4713\" data-e-action-hash=\"#elementor-action%3Aaction%3Dlightbox%26settings%3DeyJpZCI6MjM2OTcsInVybCI6Imh0dHBzOlwvXC93d3cudW5hdmV0cy5jb21cL2NhbHZpYXZldFwvd3AtY29udGVudFwvdXBsb2Fkc1wvc2l0ZXNcLzU3XC8yMDI1XC8wNVwvRFNDNDcxMy5qcGciLCJzbGlkZXNob3ciOiJhZDNlNDA1In0%3D\">\n\t\t\t\t\t<div class=\"e-gallery-image elementor-gallery-item__image\" data-thumbnail=\"https:\/\/www.unavets.com\/calviavet\/wp-content\/uploads\/sites\/57\/2025\/05\/DSC4713-1024x680.jpg\" data-width=\"724\" data-height=\"481\" aria-label=\"\" role=\"img\" ><\/div>\n\t\t\t\t\t\t\t\t\t\t\t<div class=\"elementor-gallery-item__overlay\"><\/div>\n\t\t\t\t\t\t\t\t\t\t\t\t\t\t<\/a>\n\t\t\t\t\t\t\t<a class=\"e-gallery-item elementor-gallery-item elementor-animated-content\" href=\"https:\/\/www.unavets.com\/calviavet\/wp-content\/uploads\/sites\/57\/2025\/09\/eco-cal.jpg\" data-elementor-open-lightbox=\"yes\" data-elementor-lightbox-slideshow=\"ad3e405\" data-elementor-lightbox-title=\"eco cal\" data-e-action-hash=\"#elementor-action%3Aaction%3Dlightbox%26settings%3DeyJpZCI6MjQxMTQsInVybCI6Imh0dHBzOlwvXC93d3cudW5hdmV0cy5jb21cL2NhbHZpYXZldFwvd3AtY29udGVudFwvdXBsb2Fkc1wvc2l0ZXNcLzU3XC8yMDI1XC8wOVwvZWNvLWNhbC5qcGciLCJzbGlkZXNob3ciOiJhZDNlNDA1In0%3D\">\n\t\t\t\t\t<div class=\"e-gallery-image elementor-gallery-item__image\" data-thumbnail=\"https:\/\/www.unavets.com\/calviavet\/wp-content\/uploads\/sites\/57\/2025\/09\/eco-cal-1024x680.jpg\" data-width=\"724\" data-height=\"481\" aria-label=\"\" role=\"img\" ><\/div>\n\t\t\t\t\t\t\t\t\t\t\t<div class=\"elementor-gallery-item__overlay\"><\/div>\n\t\t\t\t\t\t\t\t\t\t\t\t\t\t<\/a>\n\t\t\t\t\t\t\t<a class=\"e-gallery-item elementor-gallery-item elementor-animated-content\" href=\"https:\/\/www.unavets.com\/calviavet\/wp-content\/uploads\/sites\/57\/2025\/05\/DSC4448.jpg\" data-elementor-open-lightbox=\"yes\" data-elementor-lightbox-slideshow=\"ad3e405\" data-elementor-lightbox-title=\"_DSC4448\" data-e-action-hash=\"#elementor-action%3Aaction%3Dlightbox%26settings%3DeyJpZCI6MjM2OTAsInVybCI6Imh0dHBzOlwvXC93d3cudW5hdmV0cy5jb21cL2NhbHZpYXZldFwvd3AtY29udGVudFwvdXBsb2Fkc1wvc2l0ZXNcLzU3XC8yMDI1XC8wNVwvRFNDNDQ0OC5qcGciLCJzbGlkZXNob3ciOiJhZDNlNDA1In0%3D\">\n\t\t\t\t\t<div class=\"e-gallery-image elementor-gallery-item__image\" data-thumbnail=\"https:\/\/www.unavets.com\/calviavet\/wp-content\/uploads\/sites\/57\/2025\/05\/DSC4448-1024x680.jpg\" data-width=\"724\" data-height=\"481\" aria-label=\"\" role=\"img\" ><\/div>\n\t\t\t\t\t\t\t\t\t\t\t<div class=\"elementor-gallery-item__overlay\"><\/div>\n\t\t\t\t\t\t\t\t\t\t\t\t\t\t<\/a>\n\t\t\t\t\t\t\t<a class=\"e-gallery-item elementor-gallery-item elementor-animated-content\" href=\"https:\/\/www.unavets.com\/calviavet\/wp-content\/uploads\/sites\/57\/2025\/09\/consul-cal.jpg\" data-elementor-open-lightbox=\"yes\" data-elementor-lightbox-slideshow=\"ad3e405\" data-elementor-lightbox-title=\"consul cal\" data-e-action-hash=\"#elementor-action%3Aaction%3Dlightbox%26settings%3DeyJpZCI6MjQxOTEsInVybCI6Imh0dHBzOlwvXC93d3cudW5hdmV0cy5jb21cL2NhbHZpYXZldFwvd3AtY29udGVudFwvdXBsb2Fkc1wvc2l0ZXNcLzU3XC8yMDI1XC8wOVwvY29uc3VsLWNhbC5qcGciLCJzbGlkZXNob3ciOiJhZDNlNDA1In0%3D\">\n\t\t\t\t\t<div class=\"e-gallery-image elementor-gallery-item__image\" data-thumbnail=\"https:\/\/www.unavets.com\/calviavet\/wp-content\/uploads\/sites\/57\/2025\/09\/consul-cal.jpg\" data-width=\"605\" data-height=\"875\" aria-label=\"\" role=\"img\" ><\/div>\n\t\t\t\t\t\t\t\t\t\t\t<div class=\"elementor-gallery-item__overlay\"><\/div>\n\t\t\t\t\t\t\t\t\t\t\t\t\t\t<\/a>\n\t\t\t\t\t\t\t<a class=\"e-gallery-item elementor-gallery-item elementor-animated-content\" href=\"https:\/\/www.unavets.com\/calviavet\/wp-content\/uploads\/sites\/57\/2025\/09\/quiro-cal.jpg\" data-elementor-open-lightbox=\"yes\" data-elementor-lightbox-slideshow=\"ad3e405\" data-elementor-lightbox-title=\"quiro cal\" data-e-action-hash=\"#elementor-action%3Aaction%3Dlightbox%26settings%3DeyJpZCI6MjQxNDEsInVybCI6Imh0dHBzOlwvXC93d3cudW5hdmV0cy5jb21cL2NhbHZpYXZldFwvd3AtY29udGVudFwvdXBsb2Fkc1wvc2l0ZXNcLzU3XC8yMDI1XC8wOVwvcXVpcm8tY2FsLmpwZyIsInNsaWRlc2hvdyI6ImFkM2U0MDUifQ%3D%3D\">\n\t\t\t\t\t<div class=\"e-gallery-image elementor-gallery-item__image\" data-thumbnail=\"https:\/\/www.unavets.com\/calviavet\/wp-content\/uploads\/sites\/57\/2025\/09\/quiro-cal-1024x666.jpg\" data-width=\"724\" data-height=\"471\" aria-label=\"\" role=\"img\" ><\/div>\n\t\t\t\t\t\t\t\t\t\t\t<div class=\"elementor-gallery-item__overlay\"><\/div>\n\t\t\t\t\t\t\t\t\t\t\t\t\t\t<\/a>\n\t\t\t\t\t\t\t<a class=\"e-gallery-item elementor-gallery-item elementor-animated-content\" href=\"https:\/\/www.unavets.com\/calviavet\/wp-content\/uploads\/sites\/57\/2025\/05\/DSC4685.jpg\" data-elementor-open-lightbox=\"yes\" data-elementor-lightbox-slideshow=\"ad3e405\" data-elementor-lightbox-title=\"_DSC4685\" data-e-action-hash=\"#elementor-action%3Aaction%3Dlightbox%26settings%3DeyJpZCI6MjM3MDEsInVybCI6Imh0dHBzOlwvXC93d3cudW5hdmV0cy5jb21cL2NhbHZpYXZldFwvd3AtY29udGVudFwvdXBsb2Fkc1wvc2l0ZXNcLzU3XC8yMDI1XC8wNVwvRFNDNDY4NS5qcGciLCJzbGlkZXNob3ciOiJhZDNlNDA1In0%3D\">\n\t\t\t\t\t<div class=\"e-gallery-image elementor-gallery-item__image\" data-thumbnail=\"https:\/\/www.unavets.com\/calviavet\/wp-content\/uploads\/sites\/57\/2025\/05\/DSC4685-1024x680.jpg\" data-width=\"724\" data-height=\"481\" aria-label=\"\" role=\"img\" ><\/div>\n\t\t\t\t\t\t\t\t\t\t\t<div class=\"elementor-gallery-item__overlay\"><\/div>\n\t\t\t\t\t\t\t\t\t\t\t\t\t\t<\/a>\n\t\t\t\t\t<\/div>\n\t\t\t\t\t<\/div>\n\t\t\t\t<\/div>\n\t\t\t\t\t<\/div>\n\t\t<\/div>\n\t\t\t\t\t<\/div>\n\t\t<\/section>\n\t\t\t\t<\/div>\n\t\t","protected":false},"excerpt":{"rendered":"<p>En Calvi\u00e0Vet, hemos dise\u00f1ado nuestras instalaciones pensando en el m\u00e1ximo confort de tu mascota, combinando tecnolog\u00eda avanzada con un entorno tranquilo y seguro. En Calvi\u00e0Vet, nuestro objetivo es brindar un servicio de alta calidad, asegurando el bienestar de cada mascota en un ambiente seguro y adaptado a sus necesidades espec\u00edficas: Recepci\u00f3n: Espacio amplio, luminoso y &hellip; <\/p>\n","protected":false},"author":1,"featured_media":0,"parent":0,"menu_order":0,"comment_status":"closed","ping_status":"closed","template":"page-fullwidth.php","meta":{"_acf_changed":false,"content-type":"","footnotes":""},"class_list":["post-13558","page","type-page","status-publish","hentry"],"acf":[],"_links":{"self":[{"href":"https:\/\/www.unavets.com\/calviavet\/es\/wp-json\/wp\/v2\/pages\/13558","targetHints":{"allow":["GET"]}}],"collection":[{"href":"https:\/\/www.unavets.com\/calviavet\/es\/wp-json\/wp\/v2\/pages"}],"about":[{"href":"https:\/\/www.unavets.com\/calviavet\/es\/wp-json\/wp\/v2\/types\/page"}],"author":[{"embeddable":true,"href":"https:\/\/www.unavets.com\/calviavet\/es\/wp-json\/wp\/v2\/users\/1"}],"replies":[{"embeddable":true,"href":"https:\/\/www.unavets.com\/calviavet\/es\/wp-json\/wp\/v2\/comments?post=13558"}],"version-history":[{"count":69,"href":"https:\/\/www.unavets.com\/calviavet\/es\/wp-json\/wp\/v2\/pages\/13558\/revisions"}],"predecessor-version":[{"id":24196,"href":"https:\/\/www.unavets.com\/calviavet\/es\/wp-json\/wp\/v2\/pages\/13558\/revisions\/24196"}],"wp:attachment":[{"href":"https:\/\/www.unavets.com\/calviavet\/es\/wp-json\/wp\/v2\/media?parent=13558"}],"curies":[{"name":"wp","href":"https:\/\/api.w.org\/{rel}","templated":true}]}}