{"id":12997,"date":"2021-01-04T08:19:34","date_gmt":"2021-01-04T08:19:34","guid":{"rendered":"http:\/\/www.unavets.com\/calviavet\/?page_id=12997"},"modified":"2025-09-10T15:05:48","modified_gmt":"2025-09-10T15:05:48","slug":"quienes-somos","status":"publish","type":"page","link":"https:\/\/www.unavets.com\/calviavet\/es\/quienes-somos\/","title":{"rendered":"Qui\u00e9nes Somos"},"content":{"rendered":"\t\t<div data-elementor-type=\"wp-page\" data-elementor-id=\"12997\" class=\"elementor elementor-12997 elementor-268\" data-elementor-post-type=\"page\">\n\t\t\t\t\t\t<section class=\"elementor-section elementor-top-section elementor-element elementor-element-54cf215 pad-top-0 elementor-section-boxed elementor-section-height-default elementor-section-height-default\" data-id=\"54cf215\" data-element_type=\"section\" data-e-type=\"section\" id=\"main-sec\" data-settings=\"{&quot;background_background&quot;:&quot;classic&quot;}\">\n\t\t\t\t\t\t<div class=\"elementor-container elementor-column-gap-default\">\n\t\t\t\t\t<div class=\"elementor-column elementor-col-100 elementor-top-column elementor-element elementor-element-d926441\" data-id=\"d926441\" data-element_type=\"column\" data-e-type=\"column\">\n\t\t\t<div class=\"elementor-widget-wrap elementor-element-populated\">\n\t\t\t\t\t\t<div class=\"elementor-element elementor-element-9725bcd elementor-widget elementor-widget-section_titleleft\" data-id=\"9725bcd\" data-element_type=\"widget\" data-e-type=\"widget\" data-widget_type=\"section_titleleft.default\">\n\t\t\t\t<div class=\"elementor-widget-container\">\n\t\t\t\t\t        <div class=\"ab_text-title fl-wrap\">\n            <h3>Tu Cl\u00ednica Veterinaria en Calvi\u00e0<\/h3>Estamos comprometidos con la salud y bienestar de las mascotas<span class=\"section-separator fl-sec-sep\"><\/span>        <\/div>\n        \t\t\t\t<\/div>\n\t\t\t\t<\/div>\n\t\t\t\t<section class=\"elementor-section elementor-inner-section elementor-element elementor-element-35814f4 elementor-section-full_width elementor-section-height-default elementor-section-height-default\" data-id=\"35814f4\" data-element_type=\"section\" data-e-type=\"section\">\n\t\t\t\t\t\t<div class=\"elementor-container elementor-column-gap-wide\">\n\t\t\t\t\t<div class=\"elementor-column elementor-col-50 elementor-inner-column elementor-element elementor-element-7fa3f34\" data-id=\"7fa3f34\" data-element_type=\"column\" data-e-type=\"column\">\n\t\t\t<div class=\"elementor-widget-wrap elementor-element-populated\">\n\t\t\t\t\t\t<div class=\"elementor-element elementor-element-9e79898 elementor-widget elementor-widget-image\" data-id=\"9e79898\" data-element_type=\"widget\" data-e-type=\"widget\" data-widget_type=\"image.default\">\n\t\t\t\t<div class=\"elementor-widget-container\">\n\t\t\t\t\t\t\t\t\t\t\t\t\t\t\t<img fetchpriority=\"high\" width=\"724\" height=\"483\" class=\"attachment-medium_large size-medium_large wp-image-24111 lazy\" alt=\"\" data-src=\"https:\/\/www.unavets.com\/calviavet\/wp-content\/uploads\/sites\/57\/2025\/09\/consulta-768x512.jpg\" data-lazy=\"https:\/\/www.unavets.com\/calviavet\/wp-content\/uploads\/sites\/57\/2025\/09\/consulta-768x512.jpg\" \/>\t\t\t\t\t\t\t\t\t\t\t\t\t\t\t<\/div>\n\t\t\t\t<\/div>\n\t\t\t\t\t<\/div>\n\t\t<\/div>\n\t\t\t\t<div class=\"elementor-column elementor-col-50 elementor-inner-column elementor-element elementor-element-202374d\" data-id=\"202374d\" data-element_type=\"column\" data-e-type=\"column\">\n\t\t\t<div class=\"elementor-widget-wrap elementor-element-populated\">\n\t\t\t\t\t\t<div class=\"elementor-element elementor-element-3b393ce about-wrap elementor-widget elementor-widget-text-editor\" data-id=\"3b393ce\" data-element_type=\"widget\" data-e-type=\"widget\" data-widget_type=\"text-editor.default\">\n\t\t\t\t<div class=\"elementor-widget-container\">\n\t\t\t\t\t\t\t\t\t<p>En <strong>Calvi\u00e0Vet, llevamos desde 2012 ofreciendo un servicio veterinario de calidad<\/strong> en Calvi\u00e0, Mallorca. Nuestro objetivo es combinar el m\u00e1s alto nivel de cuidados veterinarios con un trato cercano y familiar, creando un ambiente de confianza para las mascotas y sus cuidadores.<\/p><p>Contamos con un <strong>equipo altamente cualificado<\/strong> con experiencia en hospitales y cl\u00ednicas veterinarias en el Reino Unido y Mallorca, lo que nos permite ofrecer una atenci\u00f3n<strong> veterinaria especializada<\/strong> y personalizada.<\/p><p>En nuestra<strong> cl\u00ednica veterinaria en Mallorca,<\/strong> nos comprometemos a proporcionar a cada mascota los mejores cuidados m\u00e9dicos, asegurando un tratamiento profesional, honesto y afectuoso. Desde consultas rutinarias hasta procedimientos avanzados, en <strong>Calvi\u00e0Vet garantizamos una atenci\u00f3n integral<\/strong> para la salud y el bienestar de tu mascota.<\/p>\t\t\t\t\t\t\t\t<\/div>\n\t\t\t\t<\/div>\n\t\t\t\t\t<\/div>\n\t\t<\/div>\n\t\t\t\t\t<\/div>\n\t\t<\/section>\n\t\t\t\t<section class=\"elementor-section elementor-inner-section elementor-element elementor-element-31d68ae elementor-section-boxed elementor-section-height-default elementor-section-height-default\" data-id=\"31d68ae\" data-element_type=\"section\" data-e-type=\"section\">\n\t\t\t\t\t\t<div class=\"elementor-container elementor-column-gap-default\">\n\t\t\t\t\t<div class=\"elementor-column elementor-col-50 elementor-inner-column elementor-element elementor-element-8ddd41b\" data-id=\"8ddd41b\" data-element_type=\"column\" data-e-type=\"column\">\n\t\t\t<div class=\"elementor-widget-wrap elementor-element-populated\">\n\t\t\t\t\t\t<div class=\"elementor-element elementor-element-c87b63e elementor-align-center elementor-widget elementor-widget-button\" data-id=\"c87b63e\" data-element_type=\"widget\" data-e-type=\"widget\" data-widget_type=\"button.default\">\n\t\t\t\t<div class=\"elementor-widget-container\">\n\t\t\t\t\t\t\t\t\t<div class=\"elementor-button-wrapper\">\n\t\t\t\t\t<a class=\"elementor-button elementor-button-link elementor-size-sm\" href=\"\/calviavet\/es\/instalaciones\/\">\n\t\t\t\t\t\t<span class=\"elementor-button-content-wrapper\">\n\t\t\t\t\t\t\t\t\t<span class=\"elementor-button-text\">Instalaciones<\/span>\n\t\t\t\t\t<\/span>\n\t\t\t\t\t<\/a>\n\t\t\t\t<\/div>\n\t\t\t\t\t\t\t\t<\/div>\n\t\t\t\t<\/div>\n\t\t\t\t\t<\/div>\n\t\t<\/div>\n\t\t\t\t<div class=\"elementor-column elementor-col-50 elementor-inner-column elementor-element elementor-element-d044a7e\" data-id=\"d044a7e\" data-element_type=\"column\" data-e-type=\"column\">\n\t\t\t<div class=\"elementor-widget-wrap elementor-element-populated\">\n\t\t\t\t\t\t<div class=\"elementor-element elementor-element-75ee515 elementor-align-center elementor-widget elementor-widget-button\" data-id=\"75ee515\" data-element_type=\"widget\" data-e-type=\"widget\" data-widget_type=\"button.default\">\n\t\t\t\t<div class=\"elementor-widget-container\">\n\t\t\t\t\t\t\t\t\t<div class=\"elementor-button-wrapper\">\n\t\t\t\t\t<a class=\"elementor-button elementor-button-link elementor-size-sm\" href=\"\/calviavet\/es\/nuestro-equipo\/\">\n\t\t\t\t\t\t<span class=\"elementor-button-content-wrapper\">\n\t\t\t\t\t\t\t\t\t<span class=\"elementor-button-text\">Equipo<\/span>\n\t\t\t\t\t<\/span>\n\t\t\t\t\t<\/a>\n\t\t\t\t<\/div>\n\t\t\t\t\t\t\t\t<\/div>\n\t\t\t\t<\/div>\n\t\t\t\t\t<\/div>\n\t\t<\/div>\n\t\t\t\t\t<\/div>\n\t\t<\/section>\n\t\t\t\t\t<\/div>\n\t\t<\/div>\n\t\t\t\t\t<\/div>\n\t\t<\/section>\n\t\t\t\t<section class=\"elementor-section elementor-top-section elementor-element elementor-element-38295de elementor-section-boxed elementor-section-height-default elementor-section-height-default\" data-id=\"38295de\" data-element_type=\"section\" data-e-type=\"section\">\n\t\t\t\t\t\t<div class=\"elementor-container elementor-column-gap-default\">\n\t\t\t\t\t<div class=\"elementor-column elementor-col-100 elementor-top-column elementor-element elementor-element-c3d38f1\" data-id=\"c3d38f1\" data-element_type=\"column\" data-e-type=\"column\">\n\t\t\t<div class=\"elementor-widget-wrap elementor-element-populated\">\n\t\t\t\t\t\t<div class=\"elementor-element elementor-element-233379b elementor-widget elementor-widget-gallery\" data-id=\"233379b\" data-element_type=\"widget\" data-e-type=\"widget\" data-settings=\"{&quot;columns&quot;:&quot;3&quot;,&quot;aspect_ratio&quot;:&quot;1:1&quot;,&quot;lazyload&quot;:&quot;yes&quot;,&quot;gallery_layout&quot;:&quot;grid&quot;,&quot;columns_tablet&quot;:2,&quot;columns_mobile&quot;:1,&quot;gap&quot;:{&quot;unit&quot;:&quot;px&quot;,&quot;size&quot;:10,&quot;sizes&quot;:[]},&quot;gap_tablet&quot;:{&quot;unit&quot;:&quot;px&quot;,&quot;size&quot;:10,&quot;sizes&quot;:[]},&quot;gap_mobile&quot;:{&quot;unit&quot;:&quot;px&quot;,&quot;size&quot;:10,&quot;sizes&quot;:[]},&quot;link_to&quot;:&quot;file&quot;,&quot;overlay_background&quot;:&quot;yes&quot;,&quot;content_hover_animation&quot;:&quot;fade-in&quot;}\" data-widget_type=\"gallery.default\">\n\t\t\t\t<div class=\"elementor-widget-container\">\n\t\t\t\t\t\t\t<div class=\"elementor-gallery__container\">\n\t\t\t\t\t\t\t<a class=\"e-gallery-item elementor-gallery-item elementor-animated-content\" href=\"https:\/\/www.unavets.com\/calviavet\/wp-content\/uploads\/sites\/57\/2025\/09\/recep-cal.jpg\" data-elementor-open-lightbox=\"yes\" data-elementor-lightbox-slideshow=\"233379b\" data-elementor-lightbox-title=\"recep cal\" data-e-action-hash=\"#elementor-action%3Aaction%3Dlightbox%26settings%3DeyJpZCI6MjQxMzgsInVybCI6Imh0dHBzOlwvXC93d3cudW5hdmV0cy5jb21cL2NhbHZpYXZldFwvd3AtY29udGVudFwvdXBsb2Fkc1wvc2l0ZXNcLzU3XC8yMDI1XC8wOVwvcmVjZXAtY2FsLmpwZyIsInNsaWRlc2hvdyI6IjIzMzM3OWIifQ%3D%3D\">\n\t\t\t\t\t<div class=\"e-gallery-image elementor-gallery-item__image\" data-thumbnail=\"https:\/\/www.unavets.com\/calviavet\/wp-content\/uploads\/sites\/57\/2025\/09\/recep-cal-768x511.jpg\" data-width=\"724\" data-height=\"482\" aria-label=\"\" role=\"img\" ><\/div>\n\t\t\t\t\t\t\t\t\t\t\t<div class=\"elementor-gallery-item__overlay\"><\/div>\n\t\t\t\t\t\t\t\t\t\t\t\t\t\t<\/a>\n\t\t\t\t\t\t\t<a class=\"e-gallery-item elementor-gallery-item elementor-animated-content\" href=\"https:\/\/www.unavets.com\/calviavet\/wp-content\/uploads\/sites\/57\/2025\/09\/chicas-cal.jpg\" data-elementor-open-lightbox=\"yes\" data-elementor-lightbox-slideshow=\"233379b\" data-elementor-lightbox-title=\"chicas cal\" data-e-action-hash=\"#elementor-action%3Aaction%3Dlightbox%26settings%3DeyJpZCI6MjQxNDYsInVybCI6Imh0dHBzOlwvXC93d3cudW5hdmV0cy5jb21cL2NhbHZpYXZldFwvd3AtY29udGVudFwvdXBsb2Fkc1wvc2l0ZXNcLzU3XC8yMDI1XC8wOVwvY2hpY2FzLWNhbC5qcGciLCJzbGlkZXNob3ciOiIyMzMzNzliIn0%3D\">\n\t\t\t\t\t<div class=\"e-gallery-image elementor-gallery-item__image\" data-thumbnail=\"https:\/\/www.unavets.com\/calviavet\/wp-content\/uploads\/sites\/57\/2025\/09\/chicas-cal-768x511.jpg\" data-width=\"724\" data-height=\"482\" aria-label=\"\" role=\"img\" ><\/div>\n\t\t\t\t\t\t\t\t\t\t\t<div class=\"elementor-gallery-item__overlay\"><\/div>\n\t\t\t\t\t\t\t\t\t\t\t\t\t\t<\/a>\n\t\t\t\t\t\t\t<a class=\"e-gallery-item elementor-gallery-item elementor-animated-content\" href=\"https:\/\/www.unavets.com\/calviavet\/wp-content\/uploads\/sites\/57\/2025\/09\/vet-cal.jpg\" data-elementor-open-lightbox=\"yes\" data-elementor-lightbox-slideshow=\"233379b\" data-elementor-lightbox-title=\"vet cal\" data-e-action-hash=\"#elementor-action%3Aaction%3Dlightbox%26settings%3DeyJpZCI6MjQxNDQsInVybCI6Imh0dHBzOlwvXC93d3cudW5hdmV0cy5jb21cL2NhbHZpYXZldFwvd3AtY29udGVudFwvdXBsb2Fkc1wvc2l0ZXNcLzU3XC8yMDI1XC8wOVwvdmV0LWNhbC5qcGciLCJzbGlkZXNob3ciOiIyMzMzNzliIn0%3D\">\n\t\t\t\t\t<div class=\"e-gallery-image elementor-gallery-item__image\" data-thumbnail=\"https:\/\/www.unavets.com\/calviavet\/wp-content\/uploads\/sites\/57\/2025\/09\/vet-cal.jpg\" data-width=\"602\" data-height=\"906\" aria-label=\"\" role=\"img\" ><\/div>\n\t\t\t\t\t\t\t\t\t\t\t<div class=\"elementor-gallery-item__overlay\"><\/div>\n\t\t\t\t\t\t\t\t\t\t\t\t\t\t<\/a>\n\t\t\t\t\t\t\t<a class=\"e-gallery-item elementor-gallery-item elementor-animated-content\" href=\"https:\/\/www.unavets.com\/calviavet\/wp-content\/uploads\/sites\/57\/2025\/09\/quiro-cal.jpg\" data-elementor-open-lightbox=\"yes\" data-elementor-lightbox-slideshow=\"233379b\" data-elementor-lightbox-title=\"quiro cal\" data-e-action-hash=\"#elementor-action%3Aaction%3Dlightbox%26settings%3DeyJpZCI6MjQxNDAsInVybCI6Imh0dHBzOlwvXC93d3cudW5hdmV0cy5jb21cL2NhbHZpYXZldFwvd3AtY29udGVudFwvdXBsb2Fkc1wvc2l0ZXNcLzU3XC8yMDI1XC8wOVwvcXVpcm8tY2FsLmpwZyIsInNsaWRlc2hvdyI6IjIzMzM3OWIifQ%3D%3D\">\n\t\t\t\t\t<div class=\"e-gallery-image elementor-gallery-item__image\" data-thumbnail=\"https:\/\/www.unavets.com\/calviavet\/wp-content\/uploads\/sites\/57\/2025\/09\/quiro-cal-768x499.jpg\" data-width=\"724\" data-height=\"470\" aria-label=\"\" role=\"img\" ><\/div>\n\t\t\t\t\t\t\t\t\t\t\t<div class=\"elementor-gallery-item__overlay\"><\/div>\n\t\t\t\t\t\t\t\t\t\t\t\t\t\t<\/a>\n\t\t\t\t\t\t\t<a class=\"e-gallery-item elementor-gallery-item elementor-animated-content\" href=\"https:\/\/www.unavets.com\/calviavet\/wp-content\/uploads\/sites\/57\/2025\/09\/calviavet-1.jpg\" data-elementor-open-lightbox=\"yes\" data-elementor-lightbox-slideshow=\"233379b\" data-elementor-lightbox-title=\"calviavet\" data-e-action-hash=\"#elementor-action%3Aaction%3Dlightbox%26settings%3DeyJpZCI6MjQxNDgsInVybCI6Imh0dHBzOlwvXC93d3cudW5hdmV0cy5jb21cL2NhbHZpYXZldFwvd3AtY29udGVudFwvdXBsb2Fkc1wvc2l0ZXNcLzU3XC8yMDI1XC8wOVwvY2FsdmlhdmV0LTEuanBnIiwic2xpZGVzaG93IjoiMjMzMzc5YiJ9\">\n\t\t\t\t\t<div class=\"e-gallery-image elementor-gallery-item__image\" data-thumbnail=\"https:\/\/www.unavets.com\/calviavet\/wp-content\/uploads\/sites\/57\/2025\/09\/calviavet-1-768x512.jpg\" data-width=\"724\" data-height=\"483\" aria-label=\"\" role=\"img\" ><\/div>\n\t\t\t\t\t\t\t\t\t\t\t<div class=\"elementor-gallery-item__overlay\"><\/div>\n\t\t\t\t\t\t\t\t\t\t\t\t\t\t<\/a>\n\t\t\t\t\t\t\t<a class=\"e-gallery-item elementor-gallery-item elementor-animated-content\" href=\"https:\/\/www.unavets.com\/calviavet\/wp-content\/uploads\/sites\/57\/2025\/09\/vet-2-cal.jpg\" data-elementor-open-lightbox=\"yes\" data-elementor-lightbox-slideshow=\"233379b\" data-elementor-lightbox-title=\"vet 2 cal\" data-e-action-hash=\"#elementor-action%3Aaction%3Dlightbox%26settings%3DeyJpZCI6MjQxNDIsInVybCI6Imh0dHBzOlwvXC93d3cudW5hdmV0cy5jb21cL2NhbHZpYXZldFwvd3AtY29udGVudFwvdXBsb2Fkc1wvc2l0ZXNcLzU3XC8yMDI1XC8wOVwvdmV0LTItY2FsLmpwZyIsInNsaWRlc2hvdyI6IjIzMzM3OWIifQ%3D%3D\">\n\t\t\t\t\t<div class=\"e-gallery-image elementor-gallery-item__image\" data-thumbnail=\"https:\/\/www.unavets.com\/calviavet\/wp-content\/uploads\/sites\/57\/2025\/09\/vet-2-cal.jpg\" data-width=\"603\" data-height=\"904\" aria-label=\"\" role=\"img\" ><\/div>\n\t\t\t\t\t\t\t\t\t\t\t<div class=\"elementor-gallery-item__overlay\"><\/div>\n\t\t\t\t\t\t\t\t\t\t\t\t\t\t<\/a>\n\t\t\t\t\t\t\t<a class=\"e-gallery-item elementor-gallery-item elementor-animated-content\" href=\"https:\/\/www.unavets.com\/calviavet\/wp-content\/uploads\/sites\/57\/2025\/03\/instalaciones-calviavet-unavets-santa-ponsa-calvia-mallorca2.jpg\" data-elementor-open-lightbox=\"yes\" data-elementor-lightbox-slideshow=\"233379b\" data-elementor-lightbox-title=\"instalaciones calviavet unavets santa ponsa calvia mallorca2\" data-e-action-hash=\"#elementor-action%3Aaction%3Dlightbox%26settings%3DeyJpZCI6MjI4NTIsInVybCI6Imh0dHBzOlwvXC93d3cudW5hdmV0cy5jb21cL2NhbHZpYXZldFwvd3AtY29udGVudFwvdXBsb2Fkc1wvc2l0ZXNcLzU3XC8yMDI1XC8wM1wvaW5zdGFsYWNpb25lcy1jYWx2aWF2ZXQtdW5hdmV0cy1zYW50YS1wb25zYS1jYWx2aWEtbWFsbG9yY2EyLmpwZyIsInNsaWRlc2hvdyI6IjIzMzM3OWIifQ%3D%3D\">\n\t\t\t\t\t<div class=\"e-gallery-image elementor-gallery-item__image\" data-thumbnail=\"https:\/\/www.unavets.com\/calviavet\/wp-content\/uploads\/sites\/57\/2025\/03\/instalaciones-calviavet-unavets-santa-ponsa-calvia-mallorca2.jpg\" data-width=\"650\" data-height=\"433\" aria-label=\"\" role=\"img\" ><\/div>\n\t\t\t\t\t\t\t\t\t\t\t<div class=\"elementor-gallery-item__overlay\"><\/div>\n\t\t\t\t\t\t\t\t\t\t\t\t\t\t<\/a>\n\t\t\t\t\t\t\t<a class=\"e-gallery-item elementor-gallery-item elementor-animated-content\" href=\"https:\/\/www.unavets.com\/calviavet\/wp-content\/uploads\/sites\/57\/2025\/09\/eco-cal.jpg\" data-elementor-open-lightbox=\"yes\" data-elementor-lightbox-slideshow=\"233379b\" data-elementor-lightbox-title=\"eco cal\" data-e-action-hash=\"#elementor-action%3Aaction%3Dlightbox%26settings%3DeyJpZCI6MjQxMTMsInVybCI6Imh0dHBzOlwvXC93d3cudW5hdmV0cy5jb21cL2NhbHZpYXZldFwvd3AtY29udGVudFwvdXBsb2Fkc1wvc2l0ZXNcLzU3XC8yMDI1XC8wOVwvZWNvLWNhbC5qcGciLCJzbGlkZXNob3ciOiIyMzMzNzliIn0%3D\">\n\t\t\t\t\t<div class=\"e-gallery-image elementor-gallery-item__image\" data-thumbnail=\"https:\/\/www.unavets.com\/calviavet\/wp-content\/uploads\/sites\/57\/2025\/09\/eco-cal-768x510.jpg\" data-width=\"724\" data-height=\"481\" aria-label=\"\" role=\"img\" ><\/div>\n\t\t\t\t\t\t\t\t\t\t\t<div class=\"elementor-gallery-item__overlay\"><\/div>\n\t\t\t\t\t\t\t\t\t\t\t\t\t\t<\/a>\n\t\t\t\t\t\t\t<a class=\"e-gallery-item elementor-gallery-item elementor-animated-content\" href=\"https:\/\/www.unavets.com\/calviavet\/wp-content\/uploads\/sites\/57\/2025\/09\/7-scaled-e1757517400156.jpg\" data-elementor-open-lightbox=\"yes\" data-elementor-lightbox-slideshow=\"233379b\" data-elementor-lightbox-title=\"7\" data-e-action-hash=\"#elementor-action%3Aaction%3Dlightbox%26settings%3DeyJpZCI6MjQwNDYsInVybCI6Imh0dHBzOlwvXC93d3cudW5hdmV0cy5jb21cL2NhbHZpYXZldFwvd3AtY29udGVudFwvdXBsb2Fkc1wvc2l0ZXNcLzU3XC8yMDI1XC8wOVwvNy1zY2FsZWQtZTE3NTc1MTc0MDAxNTYuanBnIiwic2xpZGVzaG93IjoiMjMzMzc5YiJ9\">\n\t\t\t\t\t<div class=\"e-gallery-image elementor-gallery-item__image\" data-thumbnail=\"https:\/\/www.unavets.com\/calviavet\/wp-content\/uploads\/sites\/57\/2025\/09\/7-scaled-e1757517400156-768x742.jpg\" data-width=\"724\" data-height=\"699\" aria-label=\"\" role=\"img\" ><\/div>\n\t\t\t\t\t\t\t\t\t\t\t<div class=\"elementor-gallery-item__overlay\"><\/div>\n\t\t\t\t\t\t\t\t\t\t\t\t\t\t<\/a>\n\t\t\t\t\t<\/div>\n\t\t\t\t\t<\/div>\n\t\t\t\t<\/div>\n\t\t\t\t\t<\/div>\n\t\t<\/div>\n\t\t\t\t\t<\/div>\n\t\t<\/section>\n\t\t\t\t<\/div>\n\t\t","protected":false},"excerpt":{"rendered":"<p>Tu Cl\u00ednica Veterinaria en Calvi\u00e0 Estamos comprometidos con la salud y bienestar de las mascotas En Calvi\u00e0Vet, llevamos desde 2012 ofreciendo un servicio veterinario de calidad en Calvi\u00e0, Mallorca. Nuestro objetivo es combinar el m\u00e1s alto nivel de cuidados veterinarios con un trato cercano y familiar, creando un ambiente de confianza para las mascotas y &hellip; <\/p>\n","protected":false},"author":1,"featured_media":0,"parent":0,"menu_order":0,"comment_status":"closed","ping_status":"closed","template":"page-fullwidth.php","meta":{"_acf_changed":false,"content-type":"","footnotes":""},"class_list":["post-12997","page","type-page","status-publish","hentry"],"acf":[],"_links":{"self":[{"href":"https:\/\/www.unavets.com\/calviavet\/es\/wp-json\/wp\/v2\/pages\/12997","targetHints":{"allow":["GET"]}}],"collection":[{"href":"https:\/\/www.unavets.com\/calviavet\/es\/wp-json\/wp\/v2\/pages"}],"about":[{"href":"https:\/\/www.unavets.com\/calviavet\/es\/wp-json\/wp\/v2\/types\/page"}],"author":[{"embeddable":true,"href":"https:\/\/www.unavets.com\/calviavet\/es\/wp-json\/wp\/v2\/users\/1"}],"replies":[{"embeddable":true,"href":"https:\/\/www.unavets.com\/calviavet\/es\/wp-json\/wp\/v2\/comments?post=12997"}],"version-history":[{"count":103,"href":"https:\/\/www.unavets.com\/calviavet\/es\/wp-json\/wp\/v2\/pages\/12997\/revisions"}],"predecessor-version":[{"id":24190,"href":"https:\/\/www.unavets.com\/calviavet\/es\/wp-json\/wp\/v2\/pages\/12997\/revisions\/24190"}],"wp:attachment":[{"href":"https:\/\/www.unavets.com\/calviavet\/es\/wp-json\/wp\/v2\/media?parent=12997"}],"curies":[{"name":"wp","href":"https:\/\/api.w.org\/{rel}","templated":true}]}}