{"id":12814,"date":"2020-10-27T21:13:07","date_gmt":"2020-10-27T21:13:07","guid":{"rendered":"http:\/\/www.unavets.com\/calviavet\/exotic-pet-care\/"},"modified":"2025-09-11T10:15:22","modified_gmt":"2025-09-11T10:15:22","slug":"animales-exoticos","status":"publish","type":"page","link":"https:\/\/www.unavets.com\/calviavet\/es\/animales-exoticos\/","title":{"rendered":"Animales Ex\u00f3ticos"},"content":{"rendered":"\t\t<div data-elementor-type=\"wp-page\" data-elementor-id=\"12814\" class=\"elementor elementor-12814 elementor-1110\" data-elementor-post-type=\"page\">\n\t\t\t\t\t\t<section class=\"elementor-section elementor-top-section elementor-element elementor-element-a2c091d elementor-section-boxed elementor-section-height-default elementor-section-height-default\" data-id=\"a2c091d\" data-element_type=\"section\" data-e-type=\"section\">\n\t\t\t\t\t\t<div class=\"elementor-container elementor-column-gap-default\">\n\t\t\t\t\t<div class=\"elementor-column elementor-col-100 elementor-top-column elementor-element elementor-element-d58e0f3\" data-id=\"d58e0f3\" data-element_type=\"column\" data-e-type=\"column\">\n\t\t\t<div class=\"elementor-widget-wrap elementor-element-populated\">\n\t\t\t\t\t\t<div class=\"elementor-element elementor-element-1369c6c elementor-widget elementor-widget-section_titleleft\" data-id=\"1369c6c\" data-element_type=\"widget\" data-e-type=\"widget\" data-widget_type=\"section_titleleft.default\">\n\t\t\t\t<div class=\"elementor-widget-container\">\n\t\t\t\t\t        <div class=\"ab_text-title fl-wrap\">\n            <h3>Veterinarios especializados en cobayas y conejos en Cl\u00ednica Veterinaria Calviavet<\/h3><span class=\"section-separator fl-sec-sep\"><\/span>        <\/div>\n        \t\t\t\t<\/div>\n\t\t\t\t<\/div>\n\t\t\t\t\t<\/div>\n\t\t<\/div>\n\t\t\t\t\t<\/div>\n\t\t<\/section>\n\t\t\t\t<section class=\"elementor-section elementor-top-section elementor-element elementor-element-d5b0cc0 elementor-section-boxed elementor-section-height-default elementor-section-height-default\" data-id=\"d5b0cc0\" data-element_type=\"section\" data-e-type=\"section\">\n\t\t\t\t\t\t<div class=\"elementor-container elementor-column-gap-default\">\n\t\t\t\t\t<div class=\"elementor-column elementor-col-50 elementor-top-column elementor-element elementor-element-e55f21e\" data-id=\"e55f21e\" data-element_type=\"column\" data-e-type=\"column\">\n\t\t\t<div class=\"elementor-widget-wrap elementor-element-populated\">\n\t\t\t\t\t\t<div class=\"elementor-element elementor-element-80c47d6 elementor-widget elementor-widget-text-editor\" data-id=\"80c47d6\" data-element_type=\"widget\" data-e-type=\"widget\" data-widget_type=\"text-editor.default\">\n\t\t\t\t<div class=\"elementor-widget-container\">\n\t\t\t\t\t\t\t\t\t<p>En Cl\u00ednica Veterinaria Calviavet, ubicada en Santa Ponsa, ofrecemos atenci\u00f3n veterinaria especializada para conejos y cobayas. Nuestro equipo est\u00e1 formado por expertos en la salud de estos peque\u00f1os mam\u00edferos, brindando cuidados espec\u00edficos para garantizar su bienestar y calidad de vida.<\/p><p>Nuestros servicios para cobayas y conejos incluyen:<\/p><ul><li>Medicina preventiva: Revisi\u00f3n peri\u00f3dica, control de peso y asesoramiento sobre alimentaci\u00f3n adecuada.<\/li><li>Vacunaci\u00f3n y desparasitaci\u00f3n: Protecci\u00f3n contra enfermedades comunes y par\u00e1sitos.<\/li><li>Atenci\u00f3n dental: Diagn\u00f3stico y tratamiento de problemas dentales, habituales en conejos y cobayas.<\/li><li>Cirug\u00eda y esterilizaci\u00f3n: Procedimientos seguros y efectivos para mejorar su salud.<\/li><li>Diagn\u00f3stico y tratamiento de enfermedades: Atenci\u00f3n especializada para problemas digestivos, respiratorios, dermatol\u00f3gicos y m\u00e1s.<\/li><\/ul>\t\t\t\t\t\t\t\t<\/div>\n\t\t\t\t<\/div>\n\t\t\t\t<div class=\"elementor-element elementor-element-e35a770 elementor-align-center elementor-widget elementor-widget-button\" data-id=\"e35a770\" data-element_type=\"widget\" data-e-type=\"widget\" data-widget_type=\"button.default\">\n\t\t\t\t<div class=\"elementor-widget-container\">\n\t\t\t\t\t\t\t\t\t<div class=\"elementor-button-wrapper\">\n\t\t\t\t\t<a class=\"elementor-button elementor-button-link elementor-size-md\" href=\"tel:971695108\">\n\t\t\t\t\t\t<span class=\"elementor-button-content-wrapper\">\n\t\t\t\t\t\t<span class=\"elementor-button-icon\">\n\t\t\t\t<i aria-hidden=\"true\" class=\"far fa-calendar-alt\"><\/i>\t\t\t<\/span>\n\t\t\t\t\t\t\t\t\t<span class=\"elementor-button-text\">Pide cita<\/span>\n\t\t\t\t\t<\/span>\n\t\t\t\t\t<\/a>\n\t\t\t\t<\/div>\n\t\t\t\t\t\t\t\t<\/div>\n\t\t\t\t<\/div>\n\t\t\t\t\t<\/div>\n\t\t<\/div>\n\t\t\t\t<div class=\"elementor-column elementor-col-50 elementor-top-column elementor-element elementor-element-4b7a025\" data-id=\"4b7a025\" data-element_type=\"column\" data-e-type=\"column\">\n\t\t\t<div class=\"elementor-widget-wrap elementor-element-populated\">\n\t\t\t\t\t\t<div class=\"elementor-element elementor-element-a0ae961 elementor-widget elementor-widget-image\" data-id=\"a0ae961\" data-element_type=\"widget\" data-e-type=\"widget\" data-widget_type=\"image.default\">\n\t\t\t\t<div class=\"elementor-widget-container\">\n\t\t\t\t\t\t\t\t\t\t\t\t\t\t\t<img fetchpriority=\"high\" width=\"650\" height=\"616\" class=\"attachment-large size-large wp-image-23236 lazy\" alt=\"\" data-src=\"https:\/\/www.unavets.com\/calviavet\/wp-content\/uploads\/sites\/57\/2025\/03\/equipo-calviavet-2-1-e1741624894845.jpg\" data-lazy=\"https:\/\/www.unavets.com\/calviavet\/wp-content\/uploads\/sites\/57\/2025\/03\/equipo-calviavet-2-1-e1741624894845.jpg\" \/>\t\t\t\t\t\t\t\t\t\t\t\t\t\t\t<\/div>\n\t\t\t\t<\/div>\n\t\t\t\t\t<\/div>\n\t\t<\/div>\n\t\t\t\t\t<\/div>\n\t\t<\/section>\n\t\t\t\t<\/div>\n\t\t","protected":false},"excerpt":{"rendered":"<p>Veterinarios especializados en cobayas y conejos en Cl\u00ednica Veterinaria Calviavet En Cl\u00ednica Veterinaria Calviavet, ubicada en Santa Ponsa, ofrecemos atenci\u00f3n veterinaria especializada para conejos y cobayas. Nuestro equipo est\u00e1 formado por expertos en la salud de estos peque\u00f1os mam\u00edferos, brindando cuidados espec\u00edficos para garantizar su bienestar y calidad de vida. Nuestros servicios para cobayas y &hellip; <\/p>\n","protected":false},"author":8,"featured_media":0,"parent":0,"menu_order":0,"comment_status":"closed","ping_status":"closed","template":"page-fullwidth.php","meta":{"_acf_changed":false,"content-type":"","footnotes":""},"class_list":["post-12814","page","type-page","status-publish","hentry"],"acf":[],"_links":{"self":[{"href":"https:\/\/www.unavets.com\/calviavet\/es\/wp-json\/wp\/v2\/pages\/12814","targetHints":{"allow":["GET"]}}],"collection":[{"href":"https:\/\/www.unavets.com\/calviavet\/es\/wp-json\/wp\/v2\/pages"}],"about":[{"href":"https:\/\/www.unavets.com\/calviavet\/es\/wp-json\/wp\/v2\/types\/page"}],"author":[{"embeddable":true,"href":"https:\/\/www.unavets.com\/calviavet\/es\/wp-json\/wp\/v2\/users\/8"}],"replies":[{"embeddable":true,"href":"https:\/\/www.unavets.com\/calviavet\/es\/wp-json\/wp\/v2\/comments?post=12814"}],"version-history":[{"count":21,"href":"https:\/\/www.unavets.com\/calviavet\/es\/wp-json\/wp\/v2\/pages\/12814\/revisions"}],"predecessor-version":[{"id":24461,"href":"https:\/\/www.unavets.com\/calviavet\/es\/wp-json\/wp\/v2\/pages\/12814\/revisions\/24461"}],"wp:attachment":[{"href":"https:\/\/www.unavets.com\/calviavet\/es\/wp-json\/wp\/v2\/media?parent=12814"}],"curies":[{"name":"wp","href":"https:\/\/api.w.org\/{rel}","templated":true}]}}