{"id":26062,"date":"2023-02-01T16:44:05","date_gmt":"2023-02-01T16:44:05","guid":{"rendered":"https:\/\/www.unavets.com\/contact-us\/"},"modified":"2025-05-13T09:26:25","modified_gmt":"2025-05-13T09:26:25","slug":"contacte","status":"publish","type":"page","link":"https:\/\/www.unavets.com\/ca\/contacte\/","title":{"rendered":"Contacte"},"content":{"rendered":"\t\t<div data-elementor-type=\"wp-post\" data-elementor-id=\"26062\" class=\"elementor elementor-26062 elementor-26058\" data-elementor-post-type=\"page\">\n\t\t\t\t\t\t<section class=\"elementor-section elementor-top-section elementor-element elementor-element-d243dfa pad-bot-50 elementor-section-boxed elementor-section-height-default elementor-section-height-default\" data-id=\"d243dfa\" data-element_type=\"section\" data-e-type=\"section\" id=\"main-sec\">\n\t\t\t\t\t\t<div class=\"elementor-container elementor-column-gap-wide\">\n\t\t\t\t\t<div class=\"elementor-column elementor-col-50 elementor-top-column elementor-element elementor-element-fd5ce14\" data-id=\"fd5ce14\" data-element_type=\"column\" data-e-type=\"column\">\n\t\t\t<div class=\"elementor-widget-wrap elementor-element-populated\">\n\t\t\t\t\t\t<section class=\"elementor-section elementor-inner-section elementor-element elementor-element-a89d4bb elementor-section-boxed elementor-section-height-default elementor-section-height-default\" data-id=\"a89d4bb\" data-element_type=\"section\" data-e-type=\"section\">\n\t\t\t\t\t\t<div class=\"elementor-container elementor-column-gap-default\">\n\t\t\t\t\t<div class=\"elementor-column elementor-col-50 elementor-inner-column elementor-element elementor-element-e97e570\" data-id=\"e97e570\" data-element_type=\"column\" data-e-type=\"column\">\n\t\t\t<div class=\"elementor-widget-wrap elementor-element-populated\">\n\t\t\t\t\t\t<div class=\"elementor-element elementor-element-5c53923 elementor-widget elementor-widget-image\" data-id=\"5c53923\" data-element_type=\"widget\" data-e-type=\"widget\" data-widget_type=\"image.default\">\n\t\t\t\t<div class=\"elementor-widget-container\">\n\t\t\t\t\t\t\t\t\t\t\t\t\t\t\t<img fetchpriority=\"high\" decoding=\"async\" width=\"588\" height=\"153\" src=\"https:\/\/www.unavets.com\/wp-content\/uploads\/2021\/04\/Unavets-logo.jpg\" class=\"attachment-large size-large wp-image-16065\" alt=\"\" \/>\t\t\t\t\t\t\t\t\t\t\t\t\t\t\t<\/div>\n\t\t\t\t<\/div>\n\t\t\t\t\t<\/div>\n\t\t<\/div>\n\t\t\t\t<div class=\"elementor-column elementor-col-50 elementor-inner-column elementor-element elementor-element-27bea72\" data-id=\"27bea72\" data-element_type=\"column\" data-e-type=\"column\">\n\t\t\t<div class=\"elementor-widget-wrap elementor-element-populated\">\n\t\t\t\t\t\t<div class=\"elementor-element elementor-element-3711329 elementor-widget elementor-widget-text-editor\" data-id=\"3711329\" data-element_type=\"widget\" data-e-type=\"widget\" data-widget_type=\"text-editor.default\">\n\t\t\t\t<div class=\"elementor-widget-container\">\n\t\t\t\t\t\t\t\t\t<h4>Grup UNAVETS\u00a0<\/h4>\t\t\t\t\t\t\t\t<\/div>\n\t\t\t\t<\/div>\n\t\t\t\t\t<\/div>\n\t\t<\/div>\n\t\t\t\t\t<\/div>\n\t\t<\/section>\n\t\t\t\t<div class=\"elementor-element elementor-element-9ee57ee contact-infos-widget elementor-widget elementor-widget-text-editor\" data-id=\"9ee57ee\" data-element_type=\"widget\" data-e-type=\"widget\" data-widget_type=\"text-editor.default\">\n\t\t\t\t<div class=\"elementor-widget-container\">\n\t\t\t\t\t\t\t\t\t<ul class=\"no-list-style contact-infos\"><li><span class=\"no-rep\"><i class=\"fal fa-map-marker\"><\/i> Direcci\u00f2<\/span><span class=\"no-rep\">:<\/span> <a href=\"https:\/\/maps.app.goo.gl\/sPWPYDwqvspgCqre7\" target=\"_blank\" rel=\"noopener\">Av. de Burgos, 16D, Chamart\u00edn, 28036 Madrid.<\/a><\/li><li><span class=\"no-rep\"><i class=\"fal fa-envelope\"><\/i> Email:<\/span><a href=\"#\">info@unavets.com<\/a><\/li><\/ul>\t\t\t\t\t\t\t\t<\/div>\n\t\t\t\t<\/div>\n\t\t\t\t<section class=\"elementor-section elementor-inner-section elementor-element elementor-element-22b1443 elementor-section-boxed elementor-section-height-default elementor-section-height-default\" data-id=\"22b1443\" data-element_type=\"section\" data-e-type=\"section\">\n\t\t\t\t\t\t<div class=\"elementor-container elementor-column-gap-default\">\n\t\t\t\t\t<div class=\"elementor-column elementor-col-50 elementor-inner-column elementor-element elementor-element-ec7fe93\" data-id=\"ec7fe93\" data-element_type=\"column\" data-e-type=\"column\">\n\t\t\t<div class=\"elementor-widget-wrap elementor-element-populated\">\n\t\t\t\t\t\t<div class=\"elementor-element elementor-element-92d1498 elementor-widget elementor-widget-image\" data-id=\"92d1498\" data-element_type=\"widget\" data-e-type=\"widget\" data-widget_type=\"image.default\">\n\t\t\t\t<div class=\"elementor-widget-container\">\n\t\t\t\t\t\t\t\t\t\t\t\t\t\t\t<img decoding=\"async\" width=\"360\" height=\"159\" src=\"https:\/\/www.unavets.com\/wp-content\/uploads\/2021\/04\/onevet-logo-box.jpg\" class=\"attachment-large size-large wp-image-16069\" alt=\"\" \/>\t\t\t\t\t\t\t\t\t\t\t\t\t\t\t<\/div>\n\t\t\t\t<\/div>\n\t\t\t\t\t<\/div>\n\t\t<\/div>\n\t\t\t\t<div class=\"elementor-column elementor-col-50 elementor-inner-column elementor-element elementor-element-01bd959\" data-id=\"01bd959\" data-element_type=\"column\" data-e-type=\"column\">\n\t\t\t<div class=\"elementor-widget-wrap elementor-element-populated\">\n\t\t\t\t\t\t<div class=\"elementor-element elementor-element-259063f elementor-widget elementor-widget-text-editor\" data-id=\"259063f\" data-element_type=\"widget\" data-e-type=\"widget\" data-widget_type=\"text-editor.default\">\n\t\t\t\t<div class=\"elementor-widget-container\">\n\t\t\t\t\t\t\t\t\t<h4>Grup Onevet Portugal<\/h4>\t\t\t\t\t\t\t\t<\/div>\n\t\t\t\t<\/div>\n\t\t\t\t\t<\/div>\n\t\t<\/div>\n\t\t\t\t\t<\/div>\n\t\t<\/section>\n\t\t\t\t<div class=\"elementor-element elementor-element-05475a8 contact-infos-widget elementor-widget elementor-widget-text-editor\" data-id=\"05475a8\" data-element_type=\"widget\" data-e-type=\"widget\" data-widget_type=\"text-editor.default\">\n\t\t\t\t<div class=\"elementor-widget-container\">\n\t\t\t\t\t\t\t\t\t<ul class=\"no-list-style contact-infos\"><li><span class=\"no-rep\"><i class=\"fal fa-map-marker\"><\/i> Direcci\u00f2: <span style=\"color: #808080;\">Candal Park Escrit\u00f3rio T11, Rua 28 de Janeiro, 350,\u00a0 <\/span><\/span><span class=\"no-rep\"><span style=\"color: #808080;\">4400-335 Vila Nova de Gaia, Portugal<\/span><\/span><\/li><li><span class=\"no-rep\"><i class=\"fal fa-envelope\"><\/i>Email:<a href=\"mailto:info@onevetgroup.pt\">info@onevetgroup.pt<\/a><\/span><\/li><\/ul>\t\t\t\t\t\t\t\t<\/div>\n\t\t\t\t<\/div>\n\t\t\t\t\t<\/div>\n\t\t<\/div>\n\t\t\t\t<div class=\"elementor-column elementor-col-50 elementor-top-column elementor-element elementor-element-9e944fd\" data-id=\"9e944fd\" data-element_type=\"column\" data-e-type=\"column\">\n\t\t\t<div class=\"elementor-widget-wrap elementor-element-populated\">\n\t\t\t\t\t\t<div class=\"elementor-element elementor-element-6752721 elementor-widget elementor-widget-section_titleleft\" data-id=\"6752721\" data-element_type=\"widget\" data-e-type=\"widget\" data-widget_type=\"section_titleleft.default\">\n\t\t\t\t<div class=\"elementor-widget-container\">\n\t\t\t\t\t        <div class=\"ab_text-title fl-wrap\">\n            <h3>Estem encantats de parlar amb tu<\/h3><span class=\"section-separator fl-sec-sep\"><\/span>        <\/div>\n        \t\t\t\t<\/div>\n\t\t\t\t<\/div>\n\t\t\t\t<div class=\"elementor-element elementor-element-1f70c88 elementor-widget elementor-widget-text-editor\" data-id=\"1f70c88\" data-element_type=\"widget\" data-e-type=\"widget\" data-widget_type=\"text-editor.default\">\n\t\t\t\t<div class=\"elementor-widget-container\">\n\t\t\t\t\t\t\t\t\t<p>\n\t\t\t\t\t\t<script>\n\t\t\t\t\t\t\twindow.hsFormsOnReady = window.hsFormsOnReady || [];\n\t\t\t\t\t\t\twindow.hsFormsOnReady.push(()=>{\n\t\t\t\t\t\t\t\thbspt.forms.create({\n\t\t\t\t\t\t\t\t\tportalId: 8560088,\n\t\t\t\t\t\t\t\t\tformId: \"ab0aaee7-12b5-460c-b79b-f1be14ea1aab\",\n\t\t\t\t\t\t\t\t\ttarget: \"#hbspt-form-1776201089000-1016684267\",\n\t\t\t\t\t\t\t\t\tregion: \"na1\",\n\t\t\t\t\t\t\t\t\t\n\t\t\t\t\t\t\t})});\n\t\t\t\t\t\t<\/script>\n\t\t\t\t\t\t<div class=\"hbspt-form\" id=\"hbspt-form-1776201089000-1016684267\"><\/div><\/p>\t\t\t\t\t\t\t\t<\/div>\n\t\t\t\t<\/div>\n\t\t\t\t\t<\/div>\n\t\t<\/div>\n\t\t\t\t\t<\/div>\n\t\t<\/section>\n\t\t\t\t<\/div>\n\t\t","protected":false},"excerpt":{"rendered":"<p>Grup UNAVETS\u00a0 Direcci\u00f2: Av. de Burgos, 16D, Chamart\u00edn, 28036 Madrid. Email:info@unavets.com Grup Onevet Portugal Direcci\u00f2: Candal Park Escrit\u00f3rio T11, Rua 28 de Janeiro, 350,\u00a0 4400-335 Vila Nova de Gaia, Portugal Email:info@onevetgroup.pt Estem encantats de parlar amb tu<\/p>\n","protected":false},"author":8,"featured_media":0,"parent":0,"menu_order":0,"comment_status":"closed","ping_status":"closed","template":"page-fullwidth.php","meta":{"_acf_changed":false,"content-type":"","footnotes":""},"class_list":["post-26062","page","type-page","status-publish","hentry"],"acf":[],"_links":{"self":[{"href":"https:\/\/www.unavets.com\/ca\/wp-json\/wp\/v2\/pages\/26062","targetHints":{"allow":["GET"]}}],"collection":[{"href":"https:\/\/www.unavets.com\/ca\/wp-json\/wp\/v2\/pages"}],"about":[{"href":"https:\/\/www.unavets.com\/ca\/wp-json\/wp\/v2\/types\/page"}],"author":[{"embeddable":true,"href":"https:\/\/www.unavets.com\/ca\/wp-json\/wp\/v2\/users\/8"}],"replies":[{"embeddable":true,"href":"https:\/\/www.unavets.com\/ca\/wp-json\/wp\/v2\/comments?post=26062"}],"version-history":[{"count":3,"href":"https:\/\/www.unavets.com\/ca\/wp-json\/wp\/v2\/pages\/26062\/revisions"}],"predecessor-version":[{"id":32346,"href":"https:\/\/www.unavets.com\/ca\/wp-json\/wp\/v2\/pages\/26062\/revisions\/32346"}],"wp:attachment":[{"href":"https:\/\/www.unavets.com\/ca\/wp-json\/wp\/v2\/media?parent=26062"}],"curies":[{"name":"wp","href":"https:\/\/api.w.org\/{rel}","templated":true}]}}