{"id":17745,"date":"2021-06-14T13:09:40","date_gmt":"2021-06-14T13:09:40","guid":{"rendered":"http:\/\/www.unavets.com\/?page_id=17745"},"modified":"2021-07-15T12:48:35","modified_gmt":"2021-07-15T12:48:35","slug":"hospitalitzacio","status":"publish","type":"page","link":"https:\/\/www.unavets.com\/ca\/hospitalitzacio\/","title":{"rendered":"Hospitalitzaci\u00f3"},"content":{"rendered":"\t\t<div data-elementor-type=\"wp-post\" data-elementor-id=\"17745\" class=\"elementor elementor-17745 elementor-15660\" data-elementor-post-type=\"page\">\n\t\t\t\t\t\t<section class=\"elementor-section elementor-top-section elementor-element elementor-element-67a8c2b elementor-section-boxed elementor-section-height-default elementor-section-height-default\" data-id=\"67a8c2b\" data-element_type=\"section\" data-e-type=\"section\" id=\"main-sec\">\n\t\t\t\t\t\t<div class=\"elementor-container elementor-column-gap-wide\">\n\t\t\t\t\t<div class=\"elementor-column elementor-col-50 elementor-top-column elementor-element elementor-element-ca9591a\" data-id=\"ca9591a\" data-element_type=\"column\" data-e-type=\"column\">\n\t\t\t<div class=\"elementor-widget-wrap elementor-element-populated\">\n\t\t\t\t\t\t<div class=\"elementor-element elementor-element-47bc17d elementor-widget elementor-widget-text-editor\" data-id=\"47bc17d\" data-element_type=\"widget\" data-e-type=\"widget\" data-widget_type=\"text-editor.default\">\n\t\t\t\t<div class=\"elementor-widget-container\">\n\t\t\t\t\t\t\t\t\t<div class=\"ewa-rteLine\"><p>El servei d&#8217;hospitalitzaci\u00f3 est\u00e0 dedicat a les cures intensives dels pacients. Disposem de sales d&#8217;hospitalitzaci\u00f3 diferenciades per a gossos, gats i animals infecciosos.<\/p><p>L&#8217;equip veterinari proporciona atenci\u00f3 continuada als nostres pacients.<\/p><p>Disposem d&#8217;equips de flu\u00efdoter\u00e0pia amb irrigaci\u00f3 constant, nutrici\u00f3 a trav\u00e9s de sonda nasoesof\u00e0gica, drenatges, cat\u00e8ters, oxigenoter\u00e0pia, llums infrarojos, etc.<\/p><\/div>\t\t\t\t\t\t\t\t<\/div>\n\t\t\t\t<\/div>\n\t\t\t\t<div class=\"elementor-element elementor-element-07f251b elementor-align-center elementor-widget elementor-widget-button\" data-id=\"07f251b\" data-element_type=\"widget\" data-e-type=\"widget\" data-widget_type=\"button.default\">\n\t\t\t\t<div class=\"elementor-widget-container\">\n\t\t\t\t\t\t\t\t\t<div class=\"elementor-button-wrapper\">\n\t\t\t\t\t<a class=\"elementor-button elementor-button-link elementor-size-sm\" href=\"http:\/\/www.unavets.com\/ca\/nostres-cliniques\/\">\n\t\t\t\t\t\t<span class=\"elementor-button-content-wrapper\">\n\t\t\t\t\t\t\t\t\t<span class=\"elementor-button-text\">Troba la Cl\u00ednica UNAVETS M\u00e9s Propera<\/span>\n\t\t\t\t\t<\/span>\n\t\t\t\t\t<\/a>\n\t\t\t\t<\/div>\n\t\t\t\t\t\t\t\t<\/div>\n\t\t\t\t<\/div>\n\t\t\t\t\t<\/div>\n\t\t<\/div>\n\t\t\t\t<div class=\"elementor-column elementor-col-50 elementor-top-column elementor-element elementor-element-2d1c6da\" data-id=\"2d1c6da\" data-element_type=\"column\" data-e-type=\"column\">\n\t\t\t<div class=\"elementor-widget-wrap elementor-element-populated\">\n\t\t\t\t\t\t<div class=\"elementor-element elementor-element-9b41ca2 elementor-widget elementor-widget-image\" data-id=\"9b41ca2\" data-element_type=\"widget\" data-e-type=\"widget\" data-widget_type=\"image.default\">\n\t\t\t\t<div class=\"elementor-widget-container\">\n\t\t\t\t\t\t\t\t\t\t\t\t\t\t\t<img fetchpriority=\"high\" decoding=\"async\" width=\"500\" height=\"333\" src=\"https:\/\/www.unavets.com\/wp-content\/uploads\/2021\/06\/hospitalization.jpeg\" class=\"attachment-large size-large wp-image-17647\" alt=\"\" \/>\t\t\t\t\t\t\t\t\t\t\t\t\t\t\t<\/div>\n\t\t\t\t<\/div>\n\t\t\t\t\t<\/div>\n\t\t<\/div>\n\t\t\t\t\t<\/div>\n\t\t<\/section>\n\t\t\t\t<section class=\"elementor-section elementor-top-section elementor-element elementor-element-5d3fed1 elementor-section-boxed elementor-section-height-default elementor-section-height-default\" data-id=\"5d3fed1\" data-element_type=\"section\" data-e-type=\"section\">\n\t\t\t\t\t\t<div class=\"elementor-container elementor-column-gap-default\">\n\t\t\t\t\t<div class=\"elementor-column elementor-col-100 elementor-top-column elementor-element elementor-element-89d9722\" data-id=\"89d9722\" data-element_type=\"column\" data-e-type=\"column\">\n\t\t\t<div class=\"elementor-widget-wrap elementor-element-populated\">\n\t\t\t\t\t\t<section class=\"elementor-section elementor-inner-section elementor-element elementor-element-d6542dd elementor-section-boxed elementor-section-height-default elementor-section-height-default\" data-id=\"d6542dd\" data-element_type=\"section\" data-e-type=\"section\">\n\t\t\t\t\t\t<div class=\"elementor-container elementor-column-gap-default\">\n\t\t\t\t\t<div class=\"elementor-column elementor-col-100 elementor-inner-column elementor-element elementor-element-9c1f476\" data-id=\"9c1f476\" data-element_type=\"column\" data-e-type=\"column\">\n\t\t\t<div class=\"elementor-widget-wrap elementor-element-populated\">\n\t\t\t\t\t\t<div class=\"elementor-element elementor-element-f0fd0ba elementor-widget elementor-widget-text-editor\" data-id=\"f0fd0ba\" data-element_type=\"widget\" data-e-type=\"widget\" data-widget_type=\"text-editor.default\">\n\t\t\t\t<div class=\"elementor-widget-container\">\n\t\t\t\t\t\t\t\t\t<p>L\u2019Hospitalitzaci\u00f3 \u00e9s essencial per a animals que acaben de ser sotmesos a cirurgia, en el tractament de malalties que requereixen supervisi\u00f3 cont\u00ednua (insufici\u00e8ncia renal, processos infecciosos greus, trastorns digestius\u2026). Aqu\u00ed poden rebre seroter\u00e0pia, nutrici\u00f3 parenteral, medicaci\u00f3, etc., tot sota la supervisi\u00f3 constant de veterinaris i auxiliars que controlen els seus nivells d\u2019hidrataci\u00f3, menjar, signes vitals i proveeixen les cures necess\u00e0ries sigui administrant oxigenoter\u00e0pia o estant alerta a qualsevol canvi en la situaci\u00f3 del pacient per realitzar qualsevol prova o modificar el tractament depenent de la seva evoluci\u00f3.\u00a0<\/p><p>Tenim dues \u00e0rees d\u2019hospitalitzaci\u00f3 diferenciades per gats i gossos. A m\u00e9s, disposem d\u2019una tercera \u00e0rea independent per a\u00efllar animals amb malalties infeccioses; aix\u00ed evitem la propagaci\u00f3 de possibles contagis a la resta dels nostres pacients. La sala d\u2019hospitalitzaci\u00f3 est\u00e0 equipada amb bomba d\u2019infusi\u00f3 per controlar i ajustar el ritme d\u2019infusi\u00f3 del s\u00e8rum i la medicaci\u00f3. Una incubadora per a nounats, malalts cr\u00edtics o amb hipot\u00e8rmia.\u00a0<\/p><p>Tenim equipament complet per monitorar i donar tractament a tota mena d\u2019animals: llums de calor, equip d\u2019infusi\u00f3 i una g\u00e0bia destinada a unitat de cures intensives (UCI) en la que l\u2019oxigen i la temperatura estan controlats.<\/p>\t\t\t\t\t\t\t\t<\/div>\n\t\t\t\t<\/div>\n\t\t\t\t\t<\/div>\n\t\t<\/div>\n\t\t\t\t\t<\/div>\n\t\t<\/section>\n\t\t\t\t\t<\/div>\n\t\t<\/div>\n\t\t\t\t\t<\/div>\n\t\t<\/section>\n\t\t\t\t<\/div>\n\t\t","protected":false},"excerpt":{"rendered":"<p>El servei d&#8217;hospitalitzaci\u00f3 est\u00e0 dedicat a les cures intensives dels pacients. Disposem de sales d&#8217;hospitalitzaci\u00f3 diferenciades per a gossos, gats i animals infecciosos. L&#8217;equip veterinari proporciona atenci\u00f3 continuada als nostres pacients. Disposem d&#8217;equips de flu\u00efdoter\u00e0pia amb irrigaci\u00f3 constant, nutrici\u00f3 a trav\u00e9s de sonda nasoesof\u00e0gica, drenatges, cat\u00e8ters, oxigenoter\u00e0pia, llums infrarojos, etc. Troba la Cl\u00ednica UNAVETS M\u00e9s &hellip; <\/p>\n","protected":false},"author":4,"featured_media":0,"parent":0,"menu_order":0,"comment_status":"closed","ping_status":"closed","template":"page-fullwidth.php","meta":{"_acf_changed":false,"content-type":"","footnotes":""},"class_list":["post-17745","page","type-page","status-publish","hentry"],"acf":[],"_links":{"self":[{"href":"https:\/\/www.unavets.com\/ca\/wp-json\/wp\/v2\/pages\/17745","targetHints":{"allow":["GET"]}}],"collection":[{"href":"https:\/\/www.unavets.com\/ca\/wp-json\/wp\/v2\/pages"}],"about":[{"href":"https:\/\/www.unavets.com\/ca\/wp-json\/wp\/v2\/types\/page"}],"author":[{"embeddable":true,"href":"https:\/\/www.unavets.com\/ca\/wp-json\/wp\/v2\/users\/4"}],"replies":[{"embeddable":true,"href":"https:\/\/www.unavets.com\/ca\/wp-json\/wp\/v2\/comments?post=17745"}],"version-history":[{"count":0,"href":"https:\/\/www.unavets.com\/ca\/wp-json\/wp\/v2\/pages\/17745\/revisions"}],"wp:attachment":[{"href":"https:\/\/www.unavets.com\/ca\/wp-json\/wp\/v2\/media?parent=17745"}],"curies":[{"name":"wp","href":"https:\/\/api.w.org\/{rel}","templated":true}]}}