{"id":17668,"date":"2021-06-11T10:16:55","date_gmt":"2021-06-11T10:16:55","guid":{"rendered":"http:\/\/www.unavets.com\/?page_id=17668"},"modified":"2025-01-10T12:56:49","modified_gmt":"2025-01-10T12:56:49","slug":"treballa-amb-nosaltres","status":"publish","type":"page","link":"https:\/\/www.unavets.com\/ca\/treballa-amb-nosaltres\/","title":{"rendered":"Treballa amb nosaltres"},"content":{"rendered":"\t\t<div data-elementor-type=\"wp-page\" data-elementor-id=\"17668\" class=\"elementor elementor-17668 elementor-16284\" data-elementor-post-type=\"page\">\n\t\t\t\t\t\t<section class=\"elementor-section elementor-top-section elementor-element elementor-element-3e3628f elementor-section-boxed elementor-section-height-default elementor-section-height-default\" data-id=\"3e3628f\" data-element_type=\"section\" data-e-type=\"section\" id=\"main-sec\">\n\t\t\t\t\t\t<div class=\"elementor-container elementor-column-gap-default\">\n\t\t\t\t\t<div class=\"elementor-column elementor-col-100 elementor-top-column elementor-element elementor-element-0e0c4a5\" data-id=\"0e0c4a5\" data-element_type=\"column\" data-e-type=\"column\">\n\t\t\t<div class=\"elementor-widget-wrap elementor-element-populated\">\n\t\t\t\t\t\t<div class=\"elementor-element elementor-element-b3297f4 elementor-widget elementor-widget-section_titleleft\" data-id=\"b3297f4\" data-element_type=\"widget\" data-e-type=\"widget\" data-widget_type=\"section_titleleft.default\">\n\t\t\t\t<div class=\"elementor-widget-container\">\n\t\t\t\t\t        <div class=\"ab_text-title fl-wrap\">\n            <h3>Uneix-te a la fam\u00edlia UNAVETS!<\/h3><span class=\"section-separator fl-sec-sep\"><\/span>        <\/div>\n        \t\t\t\t<\/div>\n\t\t\t\t<\/div>\n\t\t\t\t<div class=\"elementor-element elementor-element-c740a2f elementor-widget elementor-widget-text-editor\" data-id=\"c740a2f\" data-element_type=\"widget\" data-e-type=\"widget\" data-widget_type=\"text-editor.default\">\n\t\t\t\t<div class=\"elementor-widget-container\">\n\t\t\t\t\t\t\t\t\t<p>A\u00a0<strong><span class=\"m_-7631855138290592045hiddenspellerror\">UNAVETS<\/span><\/strong>\u00a0trobar\u00e0s un entorn on desenvolupar-te professionalment, millorar la teva formaci\u00f3 i un ambient de col\u00b7laboraci\u00f3 on veterinaris i auxiliars gaudeixen de la seva professi\u00f3.<br \/><br \/>Fes clic a la posici\u00f3 en la qual estiguis interessat i comprova si tenim vacants disponibles en les nostres cl\u00edniques i hospitals veterinaris d&#8217;Espanya i Portugal.<\/p>\t\t\t\t\t\t\t\t<\/div>\n\t\t\t\t<\/div>\n\t\t\t\t<section class=\"elementor-section elementor-inner-section elementor-element elementor-element-dc4d19a elementor-section-boxed elementor-section-height-default elementor-section-height-default\" data-id=\"dc4d19a\" data-element_type=\"section\" data-e-type=\"section\">\n\t\t\t\t\t\t<div class=\"elementor-container elementor-column-gap-default\">\n\t\t\t\t\t<div class=\"elementor-column elementor-col-33 elementor-inner-column elementor-element elementor-element-87a4808\" data-id=\"87a4808\" data-element_type=\"column\" data-e-type=\"column\">\n\t\t\t<div class=\"elementor-widget-wrap elementor-element-populated\">\n\t\t\t\t\t\t<div class=\"elementor-element elementor-element-30e2c51 elementor-position-top elementor-widget elementor-widget-image-box\" data-id=\"30e2c51\" data-element_type=\"widget\" data-e-type=\"widget\" data-widget_type=\"image-box.default\">\n\t\t\t\t<div class=\"elementor-widget-container\">\n\t\t\t\t\t<div class=\"elementor-image-box-wrapper\"><figure class=\"elementor-image-box-img\"><a href=\"http:\/\/www.unavets.com\/ca\/veterinaris\/\" tabindex=\"-1\"><img fetchpriority=\"high\" decoding=\"async\" width=\"424\" height=\"280\" src=\"https:\/\/www.unavets.com\/wp-content\/uploads\/2021\/05\/Facilities_11-2-424x280.jpg\" class=\"elementor-animation-grow attachment-townhub-listing-grid size-townhub-listing-grid wp-image-16584\" alt=\"\" \/><\/a><\/figure><div class=\"elementor-image-box-content\"><h3 class=\"elementor-image-box-title\"><a href=\"http:\/\/www.unavets.com\/ca\/veterinaris\/\">Veterinaris<\/a><\/h3><\/div><\/div>\t\t\t\t<\/div>\n\t\t\t\t<\/div>\n\t\t\t\t\t<\/div>\n\t\t<\/div>\n\t\t\t\t<div class=\"elementor-column elementor-col-33 elementor-inner-column elementor-element elementor-element-9f7d9c3\" data-id=\"9f7d9c3\" data-element_type=\"column\" data-e-type=\"column\">\n\t\t\t<div class=\"elementor-widget-wrap elementor-element-populated\">\n\t\t\t\t\t\t<div class=\"elementor-element elementor-element-ee76f3f elementor-position-top elementor-widget elementor-widget-image-box\" data-id=\"ee76f3f\" data-element_type=\"widget\" data-e-type=\"widget\" data-widget_type=\"image-box.default\">\n\t\t\t\t<div class=\"elementor-widget-container\">\n\t\t\t\t\t<div class=\"elementor-image-box-wrapper\"><figure class=\"elementor-image-box-img\"><a href=\"http:\/\/www.unavets.com\/ca\/auxiliars-veterinaris\/\" tabindex=\"-1\"><img decoding=\"async\" width=\"424\" height=\"280\" src=\"https:\/\/www.unavets.com\/wp-content\/uploads\/2023\/10\/web-7-424x280.jpg\" class=\"elementor-animation-grow attachment-townhub-listing-grid size-townhub-listing-grid wp-image-28010\" alt=\"\" \/><\/a><\/figure><div class=\"elementor-image-box-content\"><h3 class=\"elementor-image-box-title\"><a href=\"http:\/\/www.unavets.com\/ca\/auxiliars-veterinaris\/\">Auxiliars Veterinaris<\/a><\/h3><\/div><\/div>\t\t\t\t<\/div>\n\t\t\t\t<\/div>\n\t\t\t\t\t<\/div>\n\t\t<\/div>\n\t\t\t\t<div class=\"elementor-column elementor-col-33 elementor-inner-column elementor-element elementor-element-da74dd0\" data-id=\"da74dd0\" data-element_type=\"column\" data-e-type=\"column\">\n\t\t\t<div class=\"elementor-widget-wrap elementor-element-populated\">\n\t\t\t\t\t\t<div class=\"elementor-element elementor-element-be20a1f elementor-position-top elementor-widget elementor-widget-image-box\" data-id=\"be20a1f\" data-element_type=\"widget\" data-e-type=\"widget\" data-widget_type=\"image-box.default\">\n\t\t\t\t<div class=\"elementor-widget-container\">\n\t\t\t\t\t<div class=\"elementor-image-box-wrapper\"><figure class=\"elementor-image-box-img\"><a href=\"http:\/\/www.unavets.com\/ca\/perruquers\/\" tabindex=\"-1\"><img decoding=\"async\" width=\"424\" height=\"280\" src=\"https:\/\/www.unavets.com\/wp-content\/uploads\/2020\/08\/Mutt-Source-Photocase_Sonja-424x280.jpg\" class=\"elementor-animation-grow attachment-townhub-listing-grid size-townhub-listing-grid wp-image-14173\" alt=\"\" \/><\/a><\/figure><div class=\"elementor-image-box-content\"><h3 class=\"elementor-image-box-title\"><a href=\"http:\/\/www.unavets.com\/ca\/perruquers\/\">Perruquers<\/a><\/h3><\/div><\/div>\t\t\t\t<\/div>\n\t\t\t\t<\/div>\n\t\t\t\t\t<\/div>\n\t\t<\/div>\n\t\t\t\t\t<\/div>\n\t\t<\/section>\n\t\t\t\t<section class=\"elementor-section elementor-inner-section elementor-element elementor-element-3880e1d elementor-section-boxed elementor-section-height-default elementor-section-height-default\" data-id=\"3880e1d\" data-element_type=\"section\" data-e-type=\"section\">\n\t\t\t\t\t\t<div class=\"elementor-container elementor-column-gap-default\">\n\t\t\t\t\t<div class=\"elementor-column elementor-col-50 elementor-inner-column elementor-element elementor-element-caae7f8\" data-id=\"caae7f8\" data-element_type=\"column\" data-e-type=\"column\">\n\t\t\t<div class=\"elementor-widget-wrap elementor-element-populated\">\n\t\t\t\t\t\t<section class=\"elementor-section elementor-inner-section elementor-element elementor-element-d3c4730 elementor-section-boxed elementor-section-height-default elementor-section-height-default\" data-id=\"d3c4730\" data-element_type=\"section\" data-e-type=\"section\">\n\t\t\t\t\t\t<div class=\"elementor-container elementor-column-gap-default\">\n\t\t\t\t\t<div class=\"elementor-column elementor-col-100 elementor-inner-column elementor-element elementor-element-816f213\" data-id=\"816f213\" data-element_type=\"column\" data-e-type=\"column\">\n\t\t\t<div class=\"elementor-widget-wrap elementor-element-populated\">\n\t\t\t\t\t\t<div class=\"elementor-element elementor-element-89368bb elementor-widget elementor-widget-html\" data-id=\"89368bb\" data-element_type=\"widget\" data-e-type=\"widget\" data-widget_type=\"html.default\">\n\t\t\t\t<div class=\"elementor-widget-container\">\n\t\t\t\t\t<img decoding=\"async\" src=\"\/wp-content\/uploads\/2020\/11\/shutterstock_1097793086-1-388x257.jpg\" \/>\t\t\t\t<\/div>\n\t\t\t\t<\/div>\n\t\t\t\t\t<\/div>\n\t\t<\/div>\n\t\t\t\t\t<\/div>\n\t\t<\/section>\n\t\t\t\t<div class=\"elementor-element elementor-element-23948c5 elementor-widget elementor-widget-section_titleleft\" data-id=\"23948c5\" data-element_type=\"widget\" data-e-type=\"widget\" data-widget_type=\"section_titleleft.default\">\n\t\t\t\t<div class=\"elementor-widget-container\">\n\t\t\t\t\t        <div class=\"ab_text-title fl-wrap\">\n            <h3>Contacte<\/h3><span class=\"section-separator fl-sec-sep\"><\/span>        <\/div>\n        \t\t\t\t<\/div>\n\t\t\t\t<\/div>\n\t\t\t\t<div class=\"elementor-element elementor-element-018b1a4 contact-infos-widget elementor-widget elementor-widget-text-editor\" data-id=\"018b1a4\" data-element_type=\"widget\" data-e-type=\"widget\" data-widget_type=\"text-editor.default\">\n\t\t\t\t<div class=\"elementor-widget-container\">\n\t\t\t\t\t\t\t\t\t<ul class=\"no-list-style contact-infos\"><li><span class=\"no-rep\"><i class=\"fal fa-envelope\"><\/i> Email: <\/span><a href=\"mailto:seleccion@unavets.com\">seleccion@unavets.com<\/a><\/li><\/ul><ul class=\"no-list-style contact-socials\"><li><a href=\"https:\/\/www.linkedin.com\/company\/unavets\/?originalSubdomain=es\" target=\"_blank\" rel=\"noopener\"><i class=\"fab fa-linkedin\"><\/i><\/a><\/li><\/ul>\t\t\t\t\t\t\t\t<\/div>\n\t\t\t\t<\/div>\n\t\t\t\t\t<\/div>\n\t\t<\/div>\n\t\t\t\t<div class=\"elementor-column elementor-col-50 elementor-inner-column elementor-element elementor-element-e752936\" data-id=\"e752936\" data-element_type=\"column\" data-e-type=\"column\">\n\t\t\t<div class=\"elementor-widget-wrap elementor-element-populated\">\n\t\t\t\t\t\t<div class=\"elementor-element elementor-element-2f03d20 elementor-widget elementor-widget-section_titleleft\" data-id=\"2f03d20\" data-element_type=\"widget\" data-e-type=\"widget\" data-widget_type=\"section_titleleft.default\">\n\t\t\t\t<div class=\"elementor-widget-container\">\n\t\t\t\t\t        <div class=\"ab_text-title fl-wrap\">\n            <h3>Aplica ara<\/h3><span class=\"section-separator fl-sec-sep\"><\/span>        <\/div>\n        \t\t\t\t<\/div>\n\t\t\t\t<\/div>\n\t\t\t\t<div class=\"elementor-element elementor-element-fa86f66 elementor-widget elementor-widget-text-editor\" data-id=\"fa86f66\" data-element_type=\"widget\" data-e-type=\"widget\" data-widget_type=\"text-editor.default\">\n\t\t\t\t<div class=\"elementor-widget-container\">\n\t\t\t\t\t\t\t\t\t<p>Sempre estem oberts a ampliar el nostre equip amb professionals qualificats, dedicats i atents.<\/p><p>Si actualment no tenim vacants disponibles, omple el seg\u00fcent formulari i tindrem en compte la teva candidatura en ofertes futures.<\/p><p>\n\t\t\t\t\t\t<script>\n\t\t\t\t\t\t\twindow.hsFormsOnReady = window.hsFormsOnReady || [];\n\t\t\t\t\t\t\twindow.hsFormsOnReady.push(()=>{\n\t\t\t\t\t\t\t\thbspt.forms.create({\n\t\t\t\t\t\t\t\t\tportalId: 8560088,\n\t\t\t\t\t\t\t\t\tformId: \"89d9a006-afb6-47b2-a479-766e7d3eaaca\",\n\t\t\t\t\t\t\t\t\ttarget: \"#hbspt-form-1778959596000-6123128647\",\n\t\t\t\t\t\t\t\t\tregion: \"na1\",\n\t\t\t\t\t\t\t\t\t\n\t\t\t\t\t\t\t})});\n\t\t\t\t\t\t<\/script>\n\t\t\t\t\t\t<div class=\"hbspt-form\" id=\"hbspt-form-1778959596000-6123128647\"><\/div><\/p>\t\t\t\t\t\t\t\t<\/div>\n\t\t\t\t<\/div>\n\t\t\t\t\t<\/div>\n\t\t<\/div>\n\t\t\t\t\t<\/div>\n\t\t<\/section>\n\t\t\t\t\t<\/div>\n\t\t<\/div>\n\t\t\t\t\t<\/div>\n\t\t<\/section>\n\t\t\t\t<\/div>\n\t\t","protected":false},"excerpt":{"rendered":"<p>Uneix-te a la fam\u00edlia UNAVETS! A\u00a0UNAVETS\u00a0trobar\u00e0s un entorn on desenvolupar-te professionalment, millorar la teva formaci\u00f3 i un ambient de col\u00b7laboraci\u00f3 on veterinaris i auxiliars gaudeixen de la seva professi\u00f3. Fes clic a la posici\u00f3 en la qual estiguis interessat i comprova si tenim vacants disponibles en les nostres cl\u00edniques i hospitals veterinaris d&#8217;Espanya i Portugal. &hellip; <\/p>\n","protected":false},"author":1,"featured_media":0,"parent":0,"menu_order":0,"comment_status":"closed","ping_status":"closed","template":"page-fullwidth.php","meta":{"_acf_changed":false,"content-type":"","footnotes":""},"class_list":["post-17668","page","type-page","status-publish","hentry"],"acf":[],"_links":{"self":[{"href":"https:\/\/www.unavets.com\/ca\/wp-json\/wp\/v2\/pages\/17668","targetHints":{"allow":["GET"]}}],"collection":[{"href":"https:\/\/www.unavets.com\/ca\/wp-json\/wp\/v2\/pages"}],"about":[{"href":"https:\/\/www.unavets.com\/ca\/wp-json\/wp\/v2\/types\/page"}],"author":[{"embeddable":true,"href":"https:\/\/www.unavets.com\/ca\/wp-json\/wp\/v2\/users\/1"}],"replies":[{"embeddable":true,"href":"https:\/\/www.unavets.com\/ca\/wp-json\/wp\/v2\/comments?post=17668"}],"version-history":[{"count":12,"href":"https:\/\/www.unavets.com\/ca\/wp-json\/wp\/v2\/pages\/17668\/revisions"}],"predecessor-version":[{"id":31516,"href":"https:\/\/www.unavets.com\/ca\/wp-json\/wp\/v2\/pages\/17668\/revisions\/31516"}],"wp:attachment":[{"href":"https:\/\/www.unavets.com\/ca\/wp-json\/wp\/v2\/media?parent=17668"}],"curies":[{"name":"wp","href":"https:\/\/api.w.org\/{rel}","templated":true}]}}