{"id":17561,"date":"2021-06-08T08:59:35","date_gmt":"2021-06-08T08:59:35","guid":{"rendered":"http:\/\/www.unavets.com\/?page_id=17561"},"modified":"2022-03-28T19:50:03","modified_gmt":"2022-03-28T19:50:03","slug":"botiga-especialitzada","status":"publish","type":"page","link":"https:\/\/www.unavets.com\/ca\/botiga-especialitzada\/","title":{"rendered":"Botiga Especialitzada"},"content":{"rendered":"\t\t<div data-elementor-type=\"wp-page\" data-elementor-id=\"17561\" class=\"elementor elementor-17561 elementor-16816\" data-elementor-post-type=\"page\">\n\t\t\t\t\t\t<section class=\"elementor-section elementor-top-section elementor-element elementor-element-d168079 elementor-section-boxed elementor-section-height-default elementor-section-height-default\" data-id=\"d168079\" data-element_type=\"section\" data-e-type=\"section\" id=\"main-sec\">\n\t\t\t\t\t\t<div class=\"elementor-container elementor-column-gap-default\">\n\t\t\t\t\t<div class=\"elementor-column elementor-col-100 elementor-top-column elementor-element elementor-element-81a755a\" data-id=\"81a755a\" data-element_type=\"column\" data-e-type=\"column\">\n\t\t\t<div class=\"elementor-widget-wrap elementor-element-populated\">\n\t\t\t\t\t\t<div class=\"elementor-element elementor-element-caa63aa elementor-widget elementor-widget-text-editor\" data-id=\"caa63aa\" data-element_type=\"widget\" data-e-type=\"widget\" data-widget_type=\"text-editor.default\">\n\t\t\t\t<div class=\"elementor-widget-container\">\n\t\t\t\t\t\t\t\t\t<p>Moltes cl\u00edniques UNAVETS tenen botigues ben prove\u00efdes amb les millors marques de menjar per a mascotes i una \u00e0mplia varietat d\u2019accessoris com ronsals, ramals, menjadores, xamp\u00fa i moltes coses m\u00e9s.<\/p>\t\t\t\t\t\t\t\t<\/div>\n\t\t\t\t<\/div>\n\t\t\t\t<div class=\"elementor-element elementor-element-7659137 elementor-align-center elementor-widget elementor-widget-button\" data-id=\"7659137\" data-element_type=\"widget\" data-e-type=\"widget\" data-widget_type=\"button.default\">\n\t\t\t\t<div class=\"elementor-widget-container\">\n\t\t\t\t\t\t\t\t\t<div class=\"elementor-button-wrapper\">\n\t\t\t\t\t<a class=\"elementor-button elementor-button-link elementor-size-sm\" href=\"http:\/\/www.unavets.com\/ca\/nostres-cliniques\/\">\n\t\t\t\t\t\t<span class=\"elementor-button-content-wrapper\">\n\t\t\t\t\t\t\t\t\t<span class=\"elementor-button-text\">Troba la Cl\u00ednica UNAVETS M\u00e9s Propera<\/span>\n\t\t\t\t\t<\/span>\n\t\t\t\t\t<\/a>\n\t\t\t\t<\/div>\n\t\t\t\t\t\t\t\t<\/div>\n\t\t\t\t<\/div>\n\t\t\t\t<div class=\"elementor-element elementor-element-d16f9fb elementor-widget elementor-widget-image\" data-id=\"d16f9fb\" data-element_type=\"widget\" data-e-type=\"widget\" data-widget_type=\"image.default\">\n\t\t\t\t<div class=\"elementor-widget-container\">\n\t\t\t\t\t\t\t\t\t\t\t\t\t\t\t<img fetchpriority=\"high\" decoding=\"async\" width=\"724\" height=\"460\" src=\"https:\/\/www.unavets.com\/wp-content\/uploads\/2021\/03\/shutterstock_1537553588-2.jpg\" class=\"attachment-large size-large wp-image-15655\" alt=\"\" \/>\t\t\t\t\t\t\t\t\t\t\t\t\t\t\t<\/div>\n\t\t\t\t<\/div>\n\t\t\t\t\t<\/div>\n\t\t<\/div>\n\t\t\t\t\t<\/div>\n\t\t<\/section>\n\t\t\t\t<\/div>\n\t\t","protected":false},"excerpt":{"rendered":"<p>Moltes cl\u00edniques UNAVETS tenen botigues ben prove\u00efdes amb les millors marques de menjar per a mascotes i una \u00e0mplia varietat d\u2019accessoris com ronsals, ramals, menjadores, xamp\u00fa i moltes coses m\u00e9s. Troba la Cl\u00ednica UNAVETS M\u00e9s Propera<\/p>\n","protected":false},"author":4,"featured_media":0,"parent":0,"menu_order":0,"comment_status":"closed","ping_status":"closed","template":"page-fullwidth.php","meta":{"_acf_changed":false,"content-type":"","footnotes":""},"class_list":["post-17561","page","type-page","status-publish","hentry"],"acf":[],"_links":{"self":[{"href":"https:\/\/www.unavets.com\/ca\/wp-json\/wp\/v2\/pages\/17561","targetHints":{"allow":["GET"]}}],"collection":[{"href":"https:\/\/www.unavets.com\/ca\/wp-json\/wp\/v2\/pages"}],"about":[{"href":"https:\/\/www.unavets.com\/ca\/wp-json\/wp\/v2\/types\/page"}],"author":[{"embeddable":true,"href":"https:\/\/www.unavets.com\/ca\/wp-json\/wp\/v2\/users\/4"}],"replies":[{"embeddable":true,"href":"https:\/\/www.unavets.com\/ca\/wp-json\/wp\/v2\/comments?post=17561"}],"version-history":[{"count":0,"href":"https:\/\/www.unavets.com\/ca\/wp-json\/wp\/v2\/pages\/17561\/revisions"}],"wp:attachment":[{"href":"https:\/\/www.unavets.com\/ca\/wp-json\/wp\/v2\/media?parent=17561"}],"curies":[{"name":"wp","href":"https:\/\/api.w.org\/{rel}","templated":true}]}}