{"id":17543,"date":"2021-06-07T14:09:27","date_gmt":"2021-06-07T14:09:27","guid":{"rendered":"http:\/\/www.unavets.com\/?page_id=17543"},"modified":"2021-07-15T12:20:46","modified_gmt":"2021-07-15T12:20:46","slug":"etologia","status":"publish","type":"page","link":"https:\/\/www.unavets.com\/ca\/etologia\/","title":{"rendered":"Etologia"},"content":{"rendered":"\t\t<div data-elementor-type=\"wp-page\" data-elementor-id=\"17543\" class=\"elementor elementor-17543 elementor-15791\" data-elementor-post-type=\"page\">\n\t\t\t\t\t\t<section class=\"elementor-section elementor-top-section elementor-element elementor-element-eda042b elementor-section-boxed elementor-section-height-default elementor-section-height-default\" data-id=\"eda042b\" data-element_type=\"section\" data-e-type=\"section\" id=\"main-sec\">\n\t\t\t\t\t\t<div class=\"elementor-container elementor-column-gap-default\">\n\t\t\t\t\t<div class=\"elementor-column elementor-col-100 elementor-top-column elementor-element elementor-element-5754817\" data-id=\"5754817\" data-element_type=\"column\" data-e-type=\"column\">\n\t\t\t<div class=\"elementor-widget-wrap elementor-element-populated\">\n\t\t\t\t\t\t<div class=\"elementor-element elementor-element-0649fb7 elementor-widget elementor-widget-section_titleleft\" data-id=\"0649fb7\" data-element_type=\"widget\" data-e-type=\"widget\" data-widget_type=\"section_titleleft.default\">\n\t\t\t\t<div class=\"elementor-widget-container\">\n\t\t\t\t\t        <div class=\"ab_text-title fl-wrap\">\n            Aquesta especialitat veterin\u00e0ria s\u2019ocupa de la prevenci\u00f3 i tractament de les malalties associades amb el tracte, comportament, nutrici\u00f3 i selecci\u00f3 gen\u00e8tica de gossos, gats i altres animals de companyia. <span class=\"section-separator fl-sec-sep\"><\/span>        <\/div>\n        \t\t\t\t<\/div>\n\t\t\t\t<\/div>\n\t\t\t\t\t<\/div>\n\t\t<\/div>\n\t\t\t\t\t<\/div>\n\t\t<\/section>\n\t\t\t\t<section class=\"elementor-section elementor-top-section elementor-element elementor-element-2a99c9f elementor-section-boxed elementor-section-height-default elementor-section-height-default\" data-id=\"2a99c9f\" data-element_type=\"section\" data-e-type=\"section\">\n\t\t\t\t\t\t<div class=\"elementor-container elementor-column-gap-default\">\n\t\t\t\t\t<div class=\"elementor-column elementor-col-50 elementor-top-column elementor-element elementor-element-5f96574\" data-id=\"5f96574\" data-element_type=\"column\" data-e-type=\"column\">\n\t\t\t<div class=\"elementor-widget-wrap elementor-element-populated\">\n\t\t\t\t\t\t<div class=\"elementor-element elementor-element-55119c4 elementor-widget elementor-widget-text-editor\" data-id=\"55119c4\" data-element_type=\"widget\" data-e-type=\"widget\" data-widget_type=\"text-editor.default\">\n\t\t\t\t<div class=\"elementor-widget-container\">\n\t\t\t\t\t\t\t\t\t<div class=\"ewa-rteLine\">L&#8217;etologia \u00e9s l&#8217;estudi cient\u00edfic del comportament animal, normalment enfocat en el comportament en condicions naturals i entenent el comportament com a tret adaptatiu evolutiu. L&#8217;Etologia \u00e9s un camp que est\u00e0 creixent r\u00e0pidament. Entendre l&#8217;etologia o el comportament animal pot ser important en l&#8217;entrenament animal. Considerar els comportaments naturals de diferents esp\u00e8cies o races, permet als entrenadors seleccionar els m\u00e9s preparats per dur a terme una tasca determinada. Tamb\u00e9 permet als entrenadors encoratjar la conducta de comportaments naturals i la suspensi\u00f3 de comportaments no desitjats.<\/div><div>\u00a0<\/div><div class=\"ewa-rteLine\">Aquesta especialitat veterin\u00e0ria est\u00e0 enfocada tamb\u00e9 en la prevenci\u00f3 i el tractament dels trastorns associats amb el tracte, comportament, nutrici\u00f3 i selecci\u00f3 gen\u00e8tica de gossos, gats i altres animals de companyia. Molts dels comportaments anormals mostrats per les mascotes estan relacionats amb una patologia, com els gossos que es mostren agressius envers membres de la fam\u00edlia perqu\u00e8 pateixen dolor articular o epil\u00e8psia, que pateixen un trastorn endocr\u00ed com l&#8217;hipotiro\u00efdisme, gats que orinen fora del sorral o que tenen alop\u00e8cia a l&#8217;abdomen perqu\u00e8 tenen pedres al rony\u00f3, etc.<\/div>\t\t\t\t\t\t\t\t<\/div>\n\t\t\t\t<\/div>\n\t\t\t\t\t<\/div>\n\t\t<\/div>\n\t\t\t\t<div class=\"elementor-column elementor-col-50 elementor-top-column elementor-element elementor-element-3afdde6\" data-id=\"3afdde6\" data-element_type=\"column\" data-e-type=\"column\">\n\t\t\t<div class=\"elementor-widget-wrap elementor-element-populated\">\n\t\t\t\t\t\t<div class=\"elementor-element elementor-element-4511905 elementor-widget elementor-widget-image\" data-id=\"4511905\" data-element_type=\"widget\" data-e-type=\"widget\" data-widget_type=\"image.default\">\n\t\t\t\t<div class=\"elementor-widget-container\">\n\t\t\t\t\t\t\t\t\t\t\t\t\t\t\t<img fetchpriority=\"high\" decoding=\"async\" width=\"786\" height=\"524\" src=\"https:\/\/www.unavets.com\/wp-content\/uploads\/2020\/11\/88175425_1572738959542162_9043014969842466816_o-786x524.jpg\" class=\"attachment-townhub-featured-image size-townhub-featured-image wp-image-15145\" alt=\"\" \/>\t\t\t\t\t\t\t\t\t\t\t\t\t\t\t<\/div>\n\t\t\t\t<\/div>\n\t\t\t\t<div data-dce-background-color=\"#53ADA9\" class=\"elementor-element elementor-element-943ecd1 elementor-align-center elementor-widget elementor-widget-button\" data-id=\"943ecd1\" data-element_type=\"widget\" data-e-type=\"widget\" data-widget_type=\"button.default\">\n\t\t\t\t<div class=\"elementor-widget-container\">\n\t\t\t\t\t\t\t\t\t<div class=\"elementor-button-wrapper\">\n\t\t\t\t\t<a class=\"elementor-button elementor-button-link elementor-size-md\" href=\"\/cabrils\/schedule-an-appointment\/\">\n\t\t\t\t\t\t<span class=\"elementor-button-content-wrapper\">\n\t\t\t\t\t\t\t\t\t<span class=\"elementor-button-text\">Troba la Cl\u00ednica UNAVETS M\u00e9s Propera<\/span>\n\t\t\t\t\t<\/span>\n\t\t\t\t\t<\/a>\n\t\t\t\t<\/div>\n\t\t\t\t\t\t\t\t<\/div>\n\t\t\t\t<\/div>\n\t\t\t\t\t<\/div>\n\t\t<\/div>\n\t\t\t\t\t<\/div>\n\t\t<\/section>\n\t\t\t\t<section class=\"elementor-section elementor-top-section elementor-element elementor-element-c738470 elementor-section-boxed elementor-section-height-default elementor-section-height-default\" data-id=\"c738470\" data-element_type=\"section\" data-e-type=\"section\">\n\t\t\t\t\t\t<div class=\"elementor-container elementor-column-gap-default\">\n\t\t\t\t\t<div class=\"elementor-column elementor-col-100 elementor-top-column elementor-element elementor-element-ff0dce7\" data-id=\"ff0dce7\" data-element_type=\"column\" data-e-type=\"column\">\n\t\t\t<div class=\"elementor-widget-wrap elementor-element-populated\">\n\t\t\t\t\t\t<div class=\"elementor-element elementor-element-7eeff88 elementor-widget elementor-widget-text-editor\" data-id=\"7eeff88\" data-element_type=\"widget\" data-e-type=\"widget\" data-widget_type=\"text-editor.default\">\n\t\t\t\t<div class=\"elementor-widget-container\">\n\t\t\t\t\t\t\t\t\t<p>En el tractament de problemes \u00e9s molt important respectar un per\u00edode adequat de socialitzaci\u00f3, deslletament, com introduir una nova mascota en una casa on ja hi viuen altres gats, problemes dels cadells per aprendre h\u00e0bits d&#8217;higiene, trastorns per separacions, estr\u00e8s en gats, enriquiment ambiental per gats i gossos, adaptaci\u00f3 al soroll, f\u00f2bies&#8230; totes aquestes alteracions o patologies s\u00f3n objecte d&#8217;aquesta especialitat i requereixen la consulta a un veterinari et\u00f2leg.<\/p>\t\t\t\t\t\t\t\t<\/div>\n\t\t\t\t<\/div>\n\t\t\t\t\t<\/div>\n\t\t<\/div>\n\t\t\t\t\t<\/div>\n\t\t<\/section>\n\t\t\t\t<\/div>\n\t\t","protected":false},"excerpt":{"rendered":"<p>Aquesta especialitat veterin\u00e0ria s\u2019ocupa de la prevenci\u00f3 i tractament de les malalties associades amb el tracte, comportament, nutrici\u00f3 i selecci\u00f3 gen\u00e8tica de gossos, gats i altres animals de companyia. L&#8217;etologia \u00e9s l&#8217;estudi cient\u00edfic del comportament animal, normalment enfocat en el comportament en condicions naturals i entenent el comportament com a tret adaptatiu evolutiu. L&#8217;Etologia \u00e9s &hellip; <\/p>\n","protected":false},"author":4,"featured_media":0,"parent":0,"menu_order":0,"comment_status":"closed","ping_status":"closed","template":"page-fullwidth.php","meta":{"_acf_changed":false,"content-type":"","footnotes":""},"class_list":["post-17543","page","type-page","status-publish","hentry"],"acf":[],"_links":{"self":[{"href":"https:\/\/www.unavets.com\/ca\/wp-json\/wp\/v2\/pages\/17543","targetHints":{"allow":["GET"]}}],"collection":[{"href":"https:\/\/www.unavets.com\/ca\/wp-json\/wp\/v2\/pages"}],"about":[{"href":"https:\/\/www.unavets.com\/ca\/wp-json\/wp\/v2\/types\/page"}],"author":[{"embeddable":true,"href":"https:\/\/www.unavets.com\/ca\/wp-json\/wp\/v2\/users\/4"}],"replies":[{"embeddable":true,"href":"https:\/\/www.unavets.com\/ca\/wp-json\/wp\/v2\/comments?post=17543"}],"version-history":[{"count":0,"href":"https:\/\/www.unavets.com\/ca\/wp-json\/wp\/v2\/pages\/17543\/revisions"}],"wp:attachment":[{"href":"https:\/\/www.unavets.com\/ca\/wp-json\/wp\/v2\/media?parent=17543"}],"curies":[{"name":"wp","href":"https:\/\/api.w.org\/{rel}","templated":true}]}}