{"id":17219,"date":"2021-06-07T12:58:45","date_gmt":"2021-06-07T12:58:45","guid":{"rendered":"http:\/\/www.unavets.com\/?page_id=17219"},"modified":"2022-05-17T11:33:54","modified_gmt":"2022-05-17T11:33:54","slug":"microxip","status":"publish","type":"page","link":"https:\/\/www.unavets.com\/ca\/microxip\/","title":{"rendered":"Microxip"},"content":{"rendered":"\t\t<div data-elementor-type=\"wp-page\" data-elementor-id=\"17219\" class=\"elementor elementor-17219 elementor-16729\" data-elementor-post-type=\"page\">\n\t\t\t\t\t\t<section class=\"elementor-section elementor-top-section elementor-element elementor-element-ef54e43 elementor-section-boxed elementor-section-height-default elementor-section-height-default\" data-id=\"ef54e43\" data-element_type=\"section\" data-e-type=\"section\" id=\"main-sec\">\n\t\t\t\t\t\t<div class=\"elementor-container elementor-column-gap-default\">\n\t\t\t\t\t<div class=\"elementor-column elementor-col-100 elementor-top-column elementor-element elementor-element-33d4413\" data-id=\"33d4413\" data-element_type=\"column\" data-e-type=\"column\">\n\t\t\t<div class=\"elementor-widget-wrap elementor-element-populated\">\n\t\t\t\t\t\t<div class=\"elementor-element elementor-element-b1127ad elementor-widget elementor-widget-text-editor\" data-id=\"b1127ad\" data-element_type=\"widget\" data-e-type=\"widget\" data-widget_type=\"text-editor.default\">\n\t\t\t\t<div class=\"elementor-widget-container\">\n\t\t\t\t\t\t\t\t\t<div class=\"ewa-rteLine\">La identificaci\u00f3 de gats i gossos s&#8217;ha de fer sota control veterinari, no m\u00e9s tard de 3 mesos despr\u00e9s del naixement. El microxip \u00e9s un petit dispositiu electr\u00f2nic, de la mida d&#8217;un gra d&#8217;arr\u00f2s, que s&#8217;implanta sota la pell de l&#8217;animal, normalment al costat esquerre del coll. Cada microxip t\u00e9 un codi \u00fanic que serveix per identificar l&#8217;animal i cont\u00e9 informaci\u00f3 de la seva fam\u00edlia: adre\u00e7a, n\u00fameros de tel\u00e8fon i nom dels seus propietaris. Totes les cl\u00edniques UNAVETS ofereixen servei d&#8217;implantaci\u00f3 de microxip.<\/div><div class=\"ewa-rteLine\">\u00a0<\/div><div class=\"ewa-rteLine\"><strong>Per a qu\u00e8 serveix?<\/strong><\/div><div class=\"ewa-rteLine\">El microxip serveix com a reconeixement legal que un animal pertany a una determinada fam\u00edlia. Si una mascota es perd i porta microxip, les possibilitats que sigui identificada i reunida amb la seva fam\u00edlia augmenten significativament. En cas de robatori, el xip et permet provar que el teu animal et pertany. D&#8217;altra banda, si trobes un gos o gat perdut, el pots portar a qualsevol cl\u00ednica veterin\u00e0ria i amb un simple i r\u00e0pid escaneig del xip, que es realitza amb un aparell, es pot llegir la informaci\u00f3 que cont\u00e9 i localitzar el propietari de l&#8217;animal.<\/div>\t\t\t\t\t\t\t\t<\/div>\n\t\t\t\t<\/div>\n\t\t\t\t<div class=\"elementor-element elementor-element-8caeead elementor-align-center elementor-widget elementor-widget-button\" data-id=\"8caeead\" data-element_type=\"widget\" data-e-type=\"widget\" data-widget_type=\"button.default\">\n\t\t\t\t<div class=\"elementor-widget-container\">\n\t\t\t\t\t\t\t\t\t<div class=\"elementor-button-wrapper\">\n\t\t\t\t\t<a class=\"elementor-button elementor-button-link elementor-size-sm\" href=\"http:\/\/www.unavets.com\/ca\/nostres-cliniques\/\">\n\t\t\t\t\t\t<span class=\"elementor-button-content-wrapper\">\n\t\t\t\t\t\t\t\t\t<span class=\"elementor-button-text\">Troba la Cl\u00ednica UNAVETS M\u00e9s Propera<\/span>\n\t\t\t\t\t<\/span>\n\t\t\t\t\t<\/a>\n\t\t\t\t<\/div>\n\t\t\t\t\t\t\t\t<\/div>\n\t\t\t\t<\/div>\n\t\t\t\t<div class=\"elementor-element elementor-element-c899f6b elementor-widget elementor-widget-image\" data-id=\"c899f6b\" data-element_type=\"widget\" data-e-type=\"widget\" data-widget_type=\"image.default\">\n\t\t\t\t<div class=\"elementor-widget-container\">\n\t\t\t\t\t\t\t\t\t\t\t\t\t\t\t<img fetchpriority=\"high\" decoding=\"async\" width=\"724\" height=\"370\" src=\"https:\/\/www.unavets.com\/wp-content\/uploads\/2021\/05\/Woman-leaning-down-to-Dog-1-1-1024x523.jpg\" class=\"attachment-large size-large wp-image-16743\" alt=\"\" \/>\t\t\t\t\t\t\t\t\t\t\t\t\t\t\t<\/div>\n\t\t\t\t<\/div>\n\t\t\t\t\t<\/div>\n\t\t<\/div>\n\t\t\t\t\t<\/div>\n\t\t<\/section>\n\t\t\t\t<\/div>\n\t\t","protected":false},"excerpt":{"rendered":"<p>La identificaci\u00f3 de gats i gossos s&#8217;ha de fer sota control veterinari, no m\u00e9s tard de 3 mesos despr\u00e9s del naixement. El microxip \u00e9s un petit dispositiu electr\u00f2nic, de la mida d&#8217;un gra d&#8217;arr\u00f2s, que s&#8217;implanta sota la pell de l&#8217;animal, normalment al costat esquerre del coll. Cada microxip t\u00e9 un codi \u00fanic que serveix &hellip; <\/p>\n","protected":false},"author":4,"featured_media":0,"parent":0,"menu_order":0,"comment_status":"closed","ping_status":"closed","template":"page-fullwidth.php","meta":{"_acf_changed":false,"content-type":"","footnotes":""},"class_list":["post-17219","page","type-page","status-publish","hentry"],"acf":[],"_links":{"self":[{"href":"https:\/\/www.unavets.com\/ca\/wp-json\/wp\/v2\/pages\/17219","targetHints":{"allow":["GET"]}}],"collection":[{"href":"https:\/\/www.unavets.com\/ca\/wp-json\/wp\/v2\/pages"}],"about":[{"href":"https:\/\/www.unavets.com\/ca\/wp-json\/wp\/v2\/types\/page"}],"author":[{"embeddable":true,"href":"https:\/\/www.unavets.com\/ca\/wp-json\/wp\/v2\/users\/4"}],"replies":[{"embeddable":true,"href":"https:\/\/www.unavets.com\/ca\/wp-json\/wp\/v2\/comments?post=17219"}],"version-history":[{"count":0,"href":"https:\/\/www.unavets.com\/ca\/wp-json\/wp\/v2\/pages\/17219\/revisions"}],"wp:attachment":[{"href":"https:\/\/www.unavets.com\/ca\/wp-json\/wp\/v2\/media?parent=17219"}],"curies":[{"name":"wp","href":"https:\/\/api.w.org\/{rel}","templated":true}]}}