{"id":17128,"date":"2021-06-03T13:24:51","date_gmt":"2021-06-03T13:24:51","guid":{"rendered":"http:\/\/www.unavets.com\/?page_id=17128"},"modified":"2021-07-15T12:44:41","modified_gmt":"2021-07-15T12:44:41","slug":"cirurgia","status":"publish","type":"page","link":"https:\/\/www.unavets.com\/ca\/cirurgia\/","title":{"rendered":"Cirurgia"},"content":{"rendered":"\t\t<div data-elementor-type=\"wp-page\" data-elementor-id=\"17128\" class=\"elementor elementor-17128 elementor-15933\" data-elementor-post-type=\"page\">\n\t\t\t\t\t\t<section class=\"elementor-section elementor-top-section elementor-element elementor-element-ac00ebd elementor-section-boxed elementor-section-height-default elementor-section-height-default\" data-id=\"ac00ebd\" data-element_type=\"section\" data-e-type=\"section\" id=\"main-sec\">\n\t\t\t\t\t\t<div class=\"elementor-container elementor-column-gap-default\">\n\t\t\t\t\t<div class=\"elementor-column elementor-col-100 elementor-top-column elementor-element elementor-element-9ee8d34\" data-id=\"9ee8d34\" data-element_type=\"column\" data-e-type=\"column\">\n\t\t\t<div class=\"elementor-widget-wrap elementor-element-populated\">\n\t\t\t\t\t\t<div class=\"elementor-element elementor-element-a43f6b2 elementor-widget elementor-widget-section_titleleft\" data-id=\"a43f6b2\" data-element_type=\"widget\" data-e-type=\"widget\" data-widget_type=\"section_titleleft.default\">\n\t\t\t\t<div class=\"elementor-widget-container\">\n\t\t\t\t\t        <div class=\"ab_text-title fl-wrap\">\n            <h3>Servei de Cirurgia y Quir\u00f2fans<\/h3>Estem equipats amb pre-quir\u00f2fan i quir\u00f2fan amb equipament anest\u00e8sic, monitoritzaci\u00f3, material avan\u00e7at i amb personal qualificat per fer un seguiment de manera segura a tots els nostres pacients.<span class=\"section-separator fl-sec-sep\"><\/span>        <\/div>\n        \t\t\t\t<\/div>\n\t\t\t\t<\/div>\n\t\t\t\t\t<\/div>\n\t\t<\/div>\n\t\t\t\t\t<\/div>\n\t\t<\/section>\n\t\t\t\t<section class=\"elementor-section elementor-top-section elementor-element elementor-element-e119a8d elementor-section-boxed elementor-section-height-default elementor-section-height-default\" data-id=\"e119a8d\" data-element_type=\"section\" data-e-type=\"section\">\n\t\t\t\t\t\t<div class=\"elementor-container elementor-column-gap-wide\">\n\t\t\t\t\t<div class=\"elementor-column elementor-col-50 elementor-top-column elementor-element elementor-element-16802e0\" data-id=\"16802e0\" data-element_type=\"column\" data-e-type=\"column\">\n\t\t\t<div class=\"elementor-widget-wrap elementor-element-populated\">\n\t\t\t\t\t\t<div class=\"elementor-element elementor-element-df8c585 elementor-widget elementor-widget-text-editor\" data-id=\"df8c585\" data-element_type=\"widget\" data-e-type=\"widget\" data-widget_type=\"text-editor.default\">\n\t\t\t\t<div class=\"elementor-widget-container\">\n\t\t\t\t\t\t\t\t\t<p>Per garantir la salut i el benestar de la teva mascota, a la nostra cl\u00ednica realitzem cirurgies rutin\u00e0ries i d\u2019altres menys convencionals. <br \/>Alguns procediments de cirurgia general i d\u2019altres m\u00e9s avan\u00e7ats inclouen cirurgia de l\u2019o\u00efda, cirurgia de la pell, cirurgia traumatol\u00f2gica, cirurgia oral i la majoria de les cirurgies dels teixits tous. Estem orgullosos dels nostres professionals, amb experi\u00e8ncia i amants dels animals, que estan a la teva disposici\u00f3 per ajudar-te a tu i les teves mascotes.<\/p><p><strong>Serveis de Cirurgia<\/strong><\/p><p>\u2022 Consulta de cirurgia<br \/>\u2022 Traumatologia y Ortopedia<br \/>\u2022 Reparaci\u00f3 de fractures i cirurgia de reconstrucci\u00f3 de ferides traum\u00e0tiques complexes<br \/>\u2022 Cirurgia rutin\u00e0ria de teixits tous -esterilitzaci\u00f3, extracci\u00f3 de cossos estranys abdominals i cirurgies urin\u00e0ries.<br \/>\u2022 Cirurgia oncol\u00f2gica. Inclou la pell i procediments reconstructius.<br \/>\u2022 Procediments laparosc\u00f2pics de rutina (m\u00ednima invasi\u00f3) com bi\u00f2psies de fetge, ovarihisterectom\u00edes, etc. <br \/>\u2022 Procediments laparosc\u00f2pics avan\u00e7ats<br \/>\u2022 Procediments de toracosc\u00f2pia \/ <br \/>Procediments intervencionistes \u2013 inserci\u00f3 de cat\u00e8ter endotraqueal, i de cat\u00e8ters endouretral i endoureteral. <br \/>\u2022 Reempla\u00e7ament de maluc<\/p>\t\t\t\t\t\t\t\t<\/div>\n\t\t\t\t<\/div>\n\t\t\t\t\t<\/div>\n\t\t<\/div>\n\t\t\t\t<div class=\"elementor-column elementor-col-50 elementor-top-column elementor-element elementor-element-6b07854\" data-id=\"6b07854\" data-element_type=\"column\" data-e-type=\"column\">\n\t\t\t<div class=\"elementor-widget-wrap elementor-element-populated\">\n\t\t\t\t\t\t<div class=\"elementor-element elementor-element-52a597c elementor-widget elementor-widget-image\" data-id=\"52a597c\" data-element_type=\"widget\" data-e-type=\"widget\" data-widget_type=\"image.default\">\n\t\t\t\t<div class=\"elementor-widget-container\">\n\t\t\t\t\t\t\t\t\t\t\t\t\t\t\t<img fetchpriority=\"high\" decoding=\"async\" width=\"724\" height=\"482\" src=\"https:\/\/www.unavets.com\/wp-content\/uploads\/2021\/06\/CAT-SURGERY-2.jpg\" class=\"attachment-large size-large wp-image-17122\" alt=\"\" \/>\t\t\t\t\t\t\t\t\t\t\t\t\t\t\t<\/div>\n\t\t\t\t<\/div>\n\t\t\t\t<div class=\"elementor-element elementor-element-02303e8 elementor-align-center elementor-widget elementor-widget-button\" data-id=\"02303e8\" data-element_type=\"widget\" data-e-type=\"widget\" data-widget_type=\"button.default\">\n\t\t\t\t<div class=\"elementor-widget-container\">\n\t\t\t\t\t\t\t\t\t<div class=\"elementor-button-wrapper\">\n\t\t\t\t\t<a class=\"elementor-button elementor-button-link elementor-size-sm\" href=\"http:\/\/www.unavets.com\/ca\/nostres-cliniques\/\">\n\t\t\t\t\t\t<span class=\"elementor-button-content-wrapper\">\n\t\t\t\t\t\t\t\t\t<span class=\"elementor-button-text\">Troba la Cl\u00ednica UNAVETS M\u00e9s Propera<\/span>\n\t\t\t\t\t<\/span>\n\t\t\t\t\t<\/a>\n\t\t\t\t<\/div>\n\t\t\t\t\t\t\t\t<\/div>\n\t\t\t\t<\/div>\n\t\t\t\t\t<\/div>\n\t\t<\/div>\n\t\t\t\t\t<\/div>\n\t\t<\/section>\n\t\t\t\t<section class=\"elementor-section elementor-top-section elementor-element elementor-element-d2b7079 elementor-section-boxed elementor-section-height-default elementor-section-height-default\" data-id=\"d2b7079\" data-element_type=\"section\" data-e-type=\"section\">\n\t\t\t\t\t\t<div class=\"elementor-container elementor-column-gap-default\">\n\t\t\t\t\t<div class=\"elementor-column elementor-col-100 elementor-top-column elementor-element elementor-element-62a7dbf\" data-id=\"62a7dbf\" data-element_type=\"column\" data-e-type=\"column\">\n\t\t\t<div class=\"elementor-widget-wrap elementor-element-populated\">\n\t\t\t\t\t\t<div class=\"elementor-element elementor-element-25296f2 elementor-widget elementor-widget-section_titleleft\" data-id=\"25296f2\" data-element_type=\"widget\" data-e-type=\"widget\" data-widget_type=\"section_titleleft.default\">\n\t\t\t\t<div class=\"elementor-widget-container\">\n\t\t\t\t\t        <div class=\"ab_text-title fl-wrap\">\n            <h3>Quan Considerar la Cirurgia?<\/h3><span class=\"section-separator fl-sec-sep\"><\/span>        <\/div>\n        \t\t\t\t<\/div>\n\t\t\t\t<\/div>\n\t\t\t\t\t<\/div>\n\t\t<\/div>\n\t\t\t\t\t<\/div>\n\t\t<\/section>\n\t\t\t\t<section class=\"elementor-section elementor-top-section elementor-element elementor-element-5273c73 elementor-section-boxed elementor-section-height-default elementor-section-height-default\" data-id=\"5273c73\" data-element_type=\"section\" data-e-type=\"section\">\n\t\t\t\t\t\t<div class=\"elementor-container elementor-column-gap-wide\">\n\t\t\t\t\t<div class=\"elementor-column elementor-col-50 elementor-top-column elementor-element elementor-element-c34a04f\" data-id=\"c34a04f\" data-element_type=\"column\" data-e-type=\"column\">\n\t\t\t<div class=\"elementor-widget-wrap elementor-element-populated\">\n\t\t\t\t\t\t<div class=\"elementor-element elementor-element-5fa0839 elementor-widget elementor-widget-image\" data-id=\"5fa0839\" data-element_type=\"widget\" data-e-type=\"widget\" data-widget_type=\"image.default\">\n\t\t\t\t<div class=\"elementor-widget-container\">\n\t\t\t\t\t\t\t\t\t\t\t\t\t\t\t<img decoding=\"async\" src=\"http:\/\/www.unavets.com\/cabrils\/wp-content\/uploads\/sites\/2\/2020\/10\/Savet-Lab.jpg\" title=\"\" alt=\"\" loading=\"lazy\" \/>\t\t\t\t\t\t\t\t\t\t\t\t\t\t\t<\/div>\n\t\t\t\t<\/div>\n\t\t\t\t\t<\/div>\n\t\t<\/div>\n\t\t\t\t<div class=\"elementor-column elementor-col-50 elementor-top-column elementor-element elementor-element-3bda614\" data-id=\"3bda614\" data-element_type=\"column\" data-e-type=\"column\">\n\t\t\t<div class=\"elementor-widget-wrap elementor-element-populated\">\n\t\t\t\t\t\t<div class=\"elementor-element elementor-element-4066844 elementor-widget elementor-widget-text-editor\" data-id=\"4066844\" data-element_type=\"widget\" data-e-type=\"widget\" data-widget_type=\"text-editor.default\">\n\t\t\t\t<div class=\"elementor-widget-container\">\n\t\t\t\t\t\t\t\t\t<ul><li class=\"ewa-rteLine\">Per lesions traumatol\u00f3giques<\/li><li class=\"ewa-rteLine\">Diagn\u00f2stic i tractament quir\u00fargic de la coixesa<\/li><li class=\"ewa-rteLine\">Diagn\u00f2stic i tractament de malalties del desenvolupament: displ\u00e0sia de maluc i colze<\/li><li>Pres\u00e8ncia de tumors<\/li><li class=\"ewa-rteLine\">Abdomen agut<\/li><li class=\"ewa-rteLine\">Malaltia del tracte urinari<\/li><li class=\"ewa-rteLine\">Malaltia endotor\u00e0cica<\/li><li class=\"ewa-rteLine\">Malaltia de les vies respirat\u00f2ries<\/li><li class=\"ewa-rteLine\">Tractament de ferides complexes<\/li><li class=\"ewa-rteLine\">Tractament preventiu m\u00ednimament invasiu<\/li><\/ul>\t\t\t\t\t\t\t\t<\/div>\n\t\t\t\t<\/div>\n\t\t\t\t<div class=\"elementor-element elementor-element-8dfadf9 elementor-align-center elementor-widget elementor-widget-button\" data-id=\"8dfadf9\" data-element_type=\"widget\" data-e-type=\"widget\" data-widget_type=\"button.default\">\n\t\t\t\t<div class=\"elementor-widget-container\">\n\t\t\t\t\t\t\t\t\t<div class=\"elementor-button-wrapper\">\n\t\t\t\t\t<a class=\"elementor-button elementor-button-link elementor-size-sm\" href=\"http:\/\/www.unavets.com\/ca\/nostres-cliniques\/\">\n\t\t\t\t\t\t<span class=\"elementor-button-content-wrapper\">\n\t\t\t\t\t\t\t\t\t<span class=\"elementor-button-text\">Troba la Cl\u00ednica UNAVETS M\u00e9s Propera<\/span>\n\t\t\t\t\t<\/span>\n\t\t\t\t\t<\/a>\n\t\t\t\t<\/div>\n\t\t\t\t\t\t\t\t<\/div>\n\t\t\t\t<\/div>\n\t\t\t\t\t<\/div>\n\t\t<\/div>\n\t\t\t\t\t<\/div>\n\t\t<\/section>\n\t\t\t\t<\/div>\n\t\t","protected":false},"excerpt":{"rendered":"<p>Servei de Cirurgia y Quir\u00f2fans Estem equipats amb pre-quir\u00f2fan i quir\u00f2fan amb equipament anest\u00e8sic, monitoritzaci\u00f3, material avan\u00e7at i amb personal qualificat per fer un seguiment de manera segura a tots els nostres pacients. Per garantir la salut i el benestar de la teva mascota, a la nostra cl\u00ednica realitzem cirurgies rutin\u00e0ries i d\u2019altres menys convencionals. &hellip; <\/p>\n","protected":false},"author":4,"featured_media":0,"parent":0,"menu_order":0,"comment_status":"closed","ping_status":"closed","template":"page-fullwidth.php","meta":{"_acf_changed":false,"content-type":"","footnotes":""},"class_list":["post-17128","page","type-page","status-publish","hentry"],"acf":[],"_links":{"self":[{"href":"https:\/\/www.unavets.com\/ca\/wp-json\/wp\/v2\/pages\/17128","targetHints":{"allow":["GET"]}}],"collection":[{"href":"https:\/\/www.unavets.com\/ca\/wp-json\/wp\/v2\/pages"}],"about":[{"href":"https:\/\/www.unavets.com\/ca\/wp-json\/wp\/v2\/types\/page"}],"author":[{"embeddable":true,"href":"https:\/\/www.unavets.com\/ca\/wp-json\/wp\/v2\/users\/4"}],"replies":[{"embeddable":true,"href":"https:\/\/www.unavets.com\/ca\/wp-json\/wp\/v2\/comments?post=17128"}],"version-history":[{"count":0,"href":"https:\/\/www.unavets.com\/ca\/wp-json\/wp\/v2\/pages\/17128\/revisions"}],"wp:attachment":[{"href":"https:\/\/www.unavets.com\/ca\/wp-json\/wp\/v2\/media?parent=17128"}],"curies":[{"name":"wp","href":"https:\/\/api.w.org\/{rel}","templated":true}]}}