{"id":17103,"date":"2021-06-03T12:40:54","date_gmt":"2021-06-03T12:40:54","guid":{"rendered":"http:\/\/www.unavets.com\/?page_id=17103"},"modified":"2022-05-17T09:22:49","modified_gmt":"2022-05-17T09:22:49","slug":"esterilitzacio","status":"publish","type":"page","link":"https:\/\/www.unavets.com\/ca\/esterilitzacio\/","title":{"rendered":"Esterilitzaci\u00f3"},"content":{"rendered":"\t\t<div data-elementor-type=\"wp-page\" data-elementor-id=\"17103\" class=\"elementor elementor-17103 elementor-16949\" data-elementor-post-type=\"page\">\n\t\t\t\t\t\t<section class=\"elementor-section elementor-top-section elementor-element elementor-element-d168079 elementor-section-boxed elementor-section-height-default elementor-section-height-default\" data-id=\"d168079\" data-element_type=\"section\" data-e-type=\"section\" id=\"main-sec\">\n\t\t\t\t\t\t<div class=\"elementor-container elementor-column-gap-default\">\n\t\t\t\t\t<div class=\"elementor-column elementor-col-100 elementor-top-column elementor-element elementor-element-81a755a\" data-id=\"81a755a\" data-element_type=\"column\" data-e-type=\"column\">\n\t\t\t<div class=\"elementor-widget-wrap elementor-element-populated\">\n\t\t\t\t\t\t<div class=\"elementor-element elementor-element-b1127ad elementor-widget elementor-widget-text-editor\" data-id=\"b1127ad\" data-element_type=\"widget\" data-e-type=\"widget\" data-widget_type=\"text-editor.default\">\n\t\t\t\t<div class=\"elementor-widget-container\">\n\t\t\t\t\t\t\t\t\t<p><span style=\"font-weight: 400\">L&#8217;esterilitzaci\u00f3 i castraci\u00f3 s\u00f3n intervencions quir\u00fargiques que els veterinaris d&#8217;UNAVETS\u00a0realitzen amb freq\u00fc\u00e8ncia, en les que extreuen els ovaris i l&#8217;\u00fater en les femelles i els testicles en els mascles.\u00a0L&#8217;operaci\u00f3\u00a0es realitza en un quir\u00f2fan sota anest\u00e8sia general i analg\u00e8sia i sota supervisi\u00f3 i monitoratge durant la recuperaci\u00f3 postoperat\u00f2ria. En general, l&#8217;esterilitzaci\u00f3 evita la reproducci\u00f3 descontrolada o no desitjada i el possible abandonament dels cadells.<\/span><span style=\"font-weight: 400\"><br \/><\/span><span style=\"font-weight: 400\"><br \/><\/span><span style=\"font-weight: 400\">Esterilitzaci\u00f3 i castraci\u00f3 redueixen tamb\u00e9 problemes de comportament atribu\u00efts a les hormones, com el marcatge d&#8217;orina i la domin\u00e0ncia.<\/span><span style=\"font-weight: 400\"><br \/><\/span><span style=\"font-weight: 400\">Altres beneficis per la seva salut\u00a0s\u00f3n:<\/span><span style=\"font-weight: 400\"><br \/><\/span><\/p><ul><li><span style=\"font-weight: 400\"><strong>Castraci\u00f3 en mascles<\/strong>: Redueix el risc\u00a0d&#8217;hiperpl\u00e0sia\u00a0prost\u00e0tica, tumors perianals i c\u00e0ncer als testicles.<\/span><span style=\"font-weight: 400\"><br \/><\/span><\/li><li><span style=\"font-weight: 400\"><strong>Esterilitzaci\u00f3 en femelles<\/strong>: Redueix el risc de tumors al pit. Elimina el risc de calor i desordres hormonals, tumors en els ovaris, \u00fater i c\u00e8rvix i de desenvolupar infeccions uterines com la piom\u00e8tria.<\/span><\/li><\/ul>\t\t\t\t\t\t\t\t<\/div>\n\t\t\t\t<\/div>\n\t\t\t\t<div class=\"elementor-element elementor-element-f8bb799 elementor-align-center elementor-widget elementor-widget-button\" data-id=\"f8bb799\" data-element_type=\"widget\" data-e-type=\"widget\" data-widget_type=\"button.default\">\n\t\t\t\t<div class=\"elementor-widget-container\">\n\t\t\t\t\t\t\t\t\t<div class=\"elementor-button-wrapper\">\n\t\t\t\t\t<a class=\"elementor-button elementor-button-link elementor-size-sm\" href=\"http:\/\/www.unavets.com\/ca\/nostres-cliniques\/\">\n\t\t\t\t\t\t<span class=\"elementor-button-content-wrapper\">\n\t\t\t\t\t\t\t\t\t<span class=\"elementor-button-text\">Troba la Cl\u00ednica UNAVETS M\u00e9s Propera<\/span>\n\t\t\t\t\t<\/span>\n\t\t\t\t\t<\/a>\n\t\t\t\t<\/div>\n\t\t\t\t\t\t\t\t<\/div>\n\t\t\t\t<\/div>\n\t\t\t\t\t<\/div>\n\t\t<\/div>\n\t\t\t\t\t<\/div>\n\t\t<\/section>\n\t\t\t\t<section class=\"elementor-section elementor-top-section elementor-element elementor-element-ef54e43 elementor-section-boxed elementor-section-height-default elementor-section-height-default\" data-id=\"ef54e43\" data-element_type=\"section\" data-e-type=\"section\">\n\t\t\t\t\t\t<div class=\"elementor-container elementor-column-gap-default\">\n\t\t\t\t\t<div class=\"elementor-column elementor-col-100 elementor-top-column elementor-element elementor-element-33d4413\" data-id=\"33d4413\" data-element_type=\"column\" data-e-type=\"column\">\n\t\t\t<div class=\"elementor-widget-wrap elementor-element-populated\">\n\t\t\t\t\t\t<div class=\"elementor-element elementor-element-c899f6b elementor-widget elementor-widget-image\" data-id=\"c899f6b\" data-element_type=\"widget\" data-e-type=\"widget\" data-widget_type=\"image.default\">\n\t\t\t\t<div class=\"elementor-widget-container\">\n\t\t\t\t\t\t\t\t\t\t\t\t\t\t\t<img fetchpriority=\"high\" decoding=\"async\" width=\"1500\" height=\"1000\" src=\"https:\/\/www.unavets.com\/wp-content\/uploads\/2021\/05\/DSC8241-2-e1622101269229.jpg\" class=\"attachment-1536x1536 size-1536x1536 wp-image-16704\" alt=\"\" \/>\t\t\t\t\t\t\t\t\t\t\t\t\t\t\t<\/div>\n\t\t\t\t<\/div>\n\t\t\t\t\t<\/div>\n\t\t<\/div>\n\t\t\t\t\t<\/div>\n\t\t<\/section>\n\t\t\t\t<\/div>\n\t\t","protected":false},"excerpt":{"rendered":"<p>L&#8217;esterilitzaci\u00f3 i castraci\u00f3 s\u00f3n intervencions quir\u00fargiques que els veterinaris d&#8217;UNAVETS\u00a0realitzen amb freq\u00fc\u00e8ncia, en les que extreuen els ovaris i l&#8217;\u00fater en les femelles i els testicles en els mascles.\u00a0L&#8217;operaci\u00f3\u00a0es realitza en un quir\u00f2fan sota anest\u00e8sia general i analg\u00e8sia i sota supervisi\u00f3 i monitoratge durant la recuperaci\u00f3 postoperat\u00f2ria. En general, l&#8217;esterilitzaci\u00f3 evita la reproducci\u00f3 descontrolada o &hellip; <\/p>\n","protected":false},"author":4,"featured_media":0,"parent":0,"menu_order":0,"comment_status":"closed","ping_status":"closed","template":"page-fullwidth.php","meta":{"_acf_changed":false,"content-type":"","footnotes":""},"class_list":["post-17103","page","type-page","status-publish","hentry"],"acf":[],"_links":{"self":[{"href":"https:\/\/www.unavets.com\/ca\/wp-json\/wp\/v2\/pages\/17103","targetHints":{"allow":["GET"]}}],"collection":[{"href":"https:\/\/www.unavets.com\/ca\/wp-json\/wp\/v2\/pages"}],"about":[{"href":"https:\/\/www.unavets.com\/ca\/wp-json\/wp\/v2\/types\/page"}],"author":[{"embeddable":true,"href":"https:\/\/www.unavets.com\/ca\/wp-json\/wp\/v2\/users\/4"}],"replies":[{"embeddable":true,"href":"https:\/\/www.unavets.com\/ca\/wp-json\/wp\/v2\/comments?post=17103"}],"version-history":[{"count":0,"href":"https:\/\/www.unavets.com\/ca\/wp-json\/wp\/v2\/pages\/17103\/revisions"}],"wp:attachment":[{"href":"https:\/\/www.unavets.com\/ca\/wp-json\/wp\/v2\/media?parent=17103"}],"curies":[{"name":"wp","href":"https:\/\/api.w.org\/{rel}","templated":true}]}}