{"id":15938,"date":"2021-03-19T17:05:53","date_gmt":"2021-03-19T17:05:53","guid":{"rendered":"http:\/\/www.unavets.com\/?page_id=15938"},"modified":"2021-07-15T12:05:32","modified_gmt":"2021-07-15T12:05:32","slug":"oftalmologia","status":"publish","type":"page","link":"https:\/\/www.unavets.com\/ca\/oftalmologia\/","title":{"rendered":"Oftalmologia"},"content":{"rendered":"\t\t<div data-elementor-type=\"wp-page\" data-elementor-id=\"15938\" class=\"elementor elementor-15938 elementor-16843\" data-elementor-post-type=\"page\">\n\t\t\t\t\t\t<section class=\"elementor-section elementor-top-section elementor-element elementor-element-ef54e43 elementor-section-boxed elementor-section-height-default elementor-section-height-default\" data-id=\"ef54e43\" data-element_type=\"section\" data-e-type=\"section\" id=\"main-sec\">\n\t\t\t\t\t\t<div class=\"elementor-container elementor-column-gap-default\">\n\t\t\t\t\t<div class=\"elementor-column elementor-col-50 elementor-top-column elementor-element elementor-element-33d4413\" data-id=\"33d4413\" data-element_type=\"column\" data-e-type=\"column\">\n\t\t\t<div class=\"elementor-widget-wrap elementor-element-populated\">\n\t\t\t\t\t\t<div class=\"elementor-element elementor-element-b1127ad elementor-widget elementor-widget-text-editor\" data-id=\"b1127ad\" data-element_type=\"widget\" data-e-type=\"widget\" data-widget_type=\"text-editor.default\">\n\t\t\t\t<div class=\"elementor-widget-container\">\n\t\t\t\t\t\t\t\t\t<p>Les consultes d&#8217;oftalmologia s\u00f3n gaireb\u00e9 sempre motiu d&#8217;urg\u00e8ncia; ja que una actuaci\u00f3 a temps t\u00e9 sovint un millor pron\u00f2stic, signes com gratar-se els ulls, tenir les parpelles tancades o la secreci\u00f3 ocular, s\u00f3n un bon motiu per acudir al veterinari. Els ulls s\u00f3n estructures molt delicades i sensibles que permeten a un animal actuar amb l&#8217;ambient que el rodeja gr\u00e0cies al sentit de la vista.<\/p><p>El servei d&#8217;oftalmologia de l&#8217;hospital compta amb l&#8217;equip i el material necessari per garantir un diagn\u00f2stic correcte i per a tractar les malalties oculars m\u00e9s comunes.<\/p>\t\t\t\t\t\t\t\t<\/div>\n\t\t\t\t<\/div>\n\t\t\t\t<div class=\"elementor-element elementor-element-7c0f2a2 elementor-align-center elementor-widget elementor-widget-button\" data-id=\"7c0f2a2\" data-element_type=\"widget\" data-e-type=\"widget\" data-widget_type=\"button.default\">\n\t\t\t\t<div class=\"elementor-widget-container\">\n\t\t\t\t\t\t\t\t\t<div class=\"elementor-button-wrapper\">\n\t\t\t\t\t<a class=\"elementor-button elementor-button-link elementor-size-sm\" href=\"http:\/\/www.unavets.com\/ca\/nostres-cliniques\/\">\n\t\t\t\t\t\t<span class=\"elementor-button-content-wrapper\">\n\t\t\t\t\t\t\t\t\t<span class=\"elementor-button-text\">Troba la Cl\u00ednica UNAVETS M\u00e9s Propera<\/span>\n\t\t\t\t\t<\/span>\n\t\t\t\t\t<\/a>\n\t\t\t\t<\/div>\n\t\t\t\t\t\t\t\t<\/div>\n\t\t\t\t<\/div>\n\t\t\t\t\t<\/div>\n\t\t<\/div>\n\t\t\t\t<div class=\"elementor-column elementor-col-50 elementor-top-column elementor-element elementor-element-2773314\" data-id=\"2773314\" data-element_type=\"column\" data-e-type=\"column\">\n\t\t\t<div class=\"elementor-widget-wrap elementor-element-populated\">\n\t\t\t\t\t\t<div class=\"elementor-element elementor-element-c899f6b elementor-widget elementor-widget-image\" data-id=\"c899f6b\" data-element_type=\"widget\" data-e-type=\"widget\" data-widget_type=\"image.default\">\n\t\t\t\t<div class=\"elementor-widget-container\">\n\t\t\t\t\t\t\t\t\t\t\t\t\t\t\t<img fetchpriority=\"high\" decoding=\"async\" width=\"724\" height=\"483\" src=\"https:\/\/www.unavets.com\/wp-content\/uploads\/2021\/03\/Depositphotos_1452865_original-2.jpg\" class=\"attachment-large size-large wp-image-15688\" alt=\"\" \/>\t\t\t\t\t\t\t\t\t\t\t\t\t\t\t<\/div>\n\t\t\t\t<\/div>\n\t\t\t\t\t<\/div>\n\t\t<\/div>\n\t\t\t\t\t<\/div>\n\t\t<\/section>\n\t\t\t\t<section class=\"elementor-section elementor-top-section elementor-element elementor-element-beac245 elementor-section-boxed elementor-section-height-default elementor-section-height-default\" data-id=\"beac245\" data-element_type=\"section\" data-e-type=\"section\">\n\t\t\t\t\t\t<div class=\"elementor-container elementor-column-gap-default\">\n\t\t\t\t\t<div class=\"elementor-column elementor-col-100 elementor-top-column elementor-element elementor-element-2b02b59\" data-id=\"2b02b59\" data-element_type=\"column\" data-e-type=\"column\">\n\t\t\t<div class=\"elementor-widget-wrap elementor-element-populated\">\n\t\t\t\t\t\t<div class=\"elementor-element elementor-element-11dff30 elementor-widget elementor-widget-section_titleleft\" data-id=\"11dff30\" data-element_type=\"widget\" data-e-type=\"widget\" data-widget_type=\"section_titleleft.default\">\n\t\t\t\t<div class=\"elementor-widget-container\">\n\t\t\t\t\t        <div class=\"ab_text-title fl-wrap\">\n            <h3>Malalties oculars m\u00e9s freq\u00fcents<\/h3><span class=\"section-separator fl-sec-sep\"><\/span>        <\/div>\n        \t\t\t\t<\/div>\n\t\t\t\t<\/div>\n\t\t\t\t\t<\/div>\n\t\t<\/div>\n\t\t\t\t\t<\/div>\n\t\t<\/section>\n\t\t\t\t<section class=\"elementor-section elementor-top-section elementor-element elementor-element-a739991 elementor-section-boxed elementor-section-height-default elementor-section-height-default\" data-id=\"a739991\" data-element_type=\"section\" data-e-type=\"section\">\n\t\t\t\t\t\t<div class=\"elementor-container elementor-column-gap-default\">\n\t\t\t\t\t<div class=\"elementor-column elementor-col-50 elementor-top-column elementor-element elementor-element-930bfe1\" data-id=\"930bfe1\" data-element_type=\"column\" data-e-type=\"column\">\n\t\t\t<div class=\"elementor-widget-wrap elementor-element-populated\">\n\t\t\t\t\t\t<div class=\"elementor-element elementor-element-62f19aa elementor-widget elementor-widget-image\" data-id=\"62f19aa\" data-element_type=\"widget\" data-e-type=\"widget\" data-widget_type=\"image.default\">\n\t\t\t\t<div class=\"elementor-widget-container\">\n\t\t\t\t\t\t\t\t\t\t\t\t\t\t\t<img decoding=\"async\" width=\"658\" height=\"1024\" src=\"https:\/\/www.unavets.com\/wp-content\/uploads\/2021\/03\/Depositphotos_2097148_original-2-658x1024.jpg\" class=\"attachment-large size-large wp-image-15684\" alt=\"\" \/>\t\t\t\t\t\t\t\t\t\t\t\t\t\t\t<\/div>\n\t\t\t\t<\/div>\n\t\t\t\t<div class=\"elementor-element elementor-element-c0b849d elementor-align-center elementor-widget elementor-widget-button\" data-id=\"c0b849d\" data-element_type=\"widget\" data-e-type=\"widget\" data-widget_type=\"button.default\">\n\t\t\t\t<div class=\"elementor-widget-container\">\n\t\t\t\t\t\t\t\t\t<div class=\"elementor-button-wrapper\">\n\t\t\t\t\t<a class=\"elementor-button elementor-button-link elementor-size-sm\" href=\"http:\/\/www.unavets.com\/ca\/nostres-cliniques\/\">\n\t\t\t\t\t\t<span class=\"elementor-button-content-wrapper\">\n\t\t\t\t\t\t\t\t\t<span class=\"elementor-button-text\">Troba la Cl\u00ednica UNAVETS M\u00e9s Propera<\/span>\n\t\t\t\t\t<\/span>\n\t\t\t\t\t<\/a>\n\t\t\t\t<\/div>\n\t\t\t\t\t\t\t\t<\/div>\n\t\t\t\t<\/div>\n\t\t\t\t\t<\/div>\n\t\t<\/div>\n\t\t\t\t<div class=\"elementor-column elementor-col-50 elementor-top-column elementor-element elementor-element-e942da3\" data-id=\"e942da3\" data-element_type=\"column\" data-e-type=\"column\">\n\t\t\t<div class=\"elementor-widget-wrap elementor-element-populated\">\n\t\t\t\t\t\t<div class=\"elementor-element elementor-element-8a18a00 elementor-widget elementor-widget-text-editor\" data-id=\"8a18a00\" data-element_type=\"widget\" data-e-type=\"widget\" data-widget_type=\"text-editor.default\">\n\t\t\t\t<div class=\"elementor-widget-container\">\n\t\t\t\t\t\t\t\t\t<p><strong>\u00dalcera corneal:<\/strong> A la nostra cl\u00ednica tractem di\u00e0riament \u00falceres corneals, superficials i profundes. Avui en dia, la t\u00e8cnica revolucion\u00e0ria de desbridament de la c\u00f2rnia amb Diamond Burr i l&#8217;aplicaci\u00f3 de lents de contacte terap\u00e8utiques han fet que la resoluci\u00f3 quir\u00fargica de les \u00falceres m\u00e9s complicades sigui un proc\u00e9s m\u00e9s senzill i segur. En casos excepcionals, en el cas d&#8217;\u00falceres profundes o aquelles amb alt risc de perforaci\u00f3, utilitzem t\u00e8cniques d&#8217;empelt de membrana cel\u00b7lular.<\/p><p><strong>Prolapse de la gl\u00e0ndula lacrimal o de la membrana nictitant:<\/strong> El prolapse d&#8217;aquesta gl\u00e0ndula \u00e9s un proc\u00e9s molt freq\u00fcent, responsable de produir el 40% de la secreci\u00f3 aquosa de la ll\u00e0grima.\u00a0Avui en dia es recomana la cirurgia per reposicionar-la i evitar que perdi la seva funci\u00f3.<\/p><p><strong>Entropi\/ectropi:<\/strong> Molts dels problemes oculars que afecten les nostres mascotes s\u00f3n deguts a anomalies en la posici\u00f3 i forma de les parpelles. A la cl\u00ednica realitzem t\u00e8cniques de correcci\u00f3 pl\u00e0stica palpebral incloent-hi t\u00e8cniques especials com la cirurgia de Sharp-pei o t\u00e8cniques per a corregir la s\u00edndrome del braquicef\u00e0lic.<\/p><p><strong>Uve\u00eftis:<\/strong> \u00c9s una inflamaci\u00f3 intraocular, que pot ser resultat de processos externs (traumatisme, accident) o interns (infecci\u00f3, neopl\u00e0sia, processos de resposta immunit\u00e0ria) les conseq\u00fc\u00e8ncies del qual poden ser molt greus. Un diagn\u00f2stic correcte i determinar un tractament com m\u00e9s aviat millor s\u00f3n les claus per a un bon pron\u00f2stic.<\/p><p><strong>Glaucoma:<\/strong> \u00c9s el resultat d&#8217;un augment de pressi\u00f3 a dins de l&#8217;ull, fet que produeix una simptomatologia molt dolorosa que pot fins i tot produir p\u00e8rdua de visi\u00f3. En molts casos \u00e9s necessari rec\u00f3rrer a la cirurgia per poder controlar el proc\u00e9s.<\/p><p><strong>Cataractes:<\/strong> De la mateixa manera que amb els humans, els animals tamb\u00e9 poden patir alteracions en els cristal\u00b7lins i aquestes derivar en la formaci\u00f3 de cataractes. En aquest cas \u00e9s important con\u00e8ixer la causa d&#8217;aquestes alteracions, per poder realitzar un estudi i recomanar cirurgia, sempre que l&#8217;animal tingui possibilitats de recuperar la visi\u00f3.<\/p>\t\t\t\t\t\t\t\t<\/div>\n\t\t\t\t<\/div>\n\t\t\t\t\t<\/div>\n\t\t<\/div>\n\t\t\t\t\t<\/div>\n\t\t<\/section>\n\t\t\t\t<section class=\"elementor-section elementor-top-section elementor-element elementor-element-63814c2 elementor-section-boxed elementor-section-height-default elementor-section-height-default\" data-id=\"63814c2\" data-element_type=\"section\" data-e-type=\"section\">\n\t\t\t\t\t\t<div class=\"elementor-container elementor-column-gap-default\">\n\t\t\t\t\t<div class=\"elementor-column elementor-col-100 elementor-top-column elementor-element elementor-element-956ada6\" data-id=\"956ada6\" data-element_type=\"column\" data-e-type=\"column\">\n\t\t\t<div class=\"elementor-widget-wrap elementor-element-populated\">\n\t\t\t\t\t\t<div class=\"elementor-element elementor-element-f881931 elementor-widget elementor-widget-text-editor\" data-id=\"f881931\" data-element_type=\"widget\" data-e-type=\"widget\" data-widget_type=\"text-editor.default\">\n\t\t\t\t<div class=\"elementor-widget-container\">\n\t\t\t\t\t\t\t\t\t<p><strong>Visi\u00f3:<\/strong> La p\u00e8rdua de visi\u00f3 pot ser temporal o permanent, parcial o total; pot oc\u00f3rrer a diferents edats i ser conseq\u00fc\u00e8ncia de diferents malalties. Durant qualsevol reconeixement m\u00e8dic \u00e9s important controlar que la visi\u00f3 de la mascota no presenta problemes per a ella. Si notes que el teu animal t\u00e9 dificultat per veure, no dubtis en acudir a la nostra cl\u00ednica.<\/p><p>Moltes de les malalties que afecten els ulls poden derivar en ceguesa irreversible o incl\u00fas en la p\u00e8rdua de l&#8217;ull.<\/p>\t\t\t\t\t\t\t\t<\/div>\n\t\t\t\t<\/div>\n\t\t\t\t\t<\/div>\n\t\t<\/div>\n\t\t\t\t\t<\/div>\n\t\t<\/section>\n\t\t\t\t<\/div>\n\t\t","protected":false},"excerpt":{"rendered":"<p>Les consultes d&#8217;oftalmologia s\u00f3n gaireb\u00e9 sempre motiu d&#8217;urg\u00e8ncia; ja que una actuaci\u00f3 a temps t\u00e9 sovint un millor pron\u00f2stic, signes com gratar-se els ulls, tenir les parpelles tancades o la secreci\u00f3 ocular, s\u00f3n un bon motiu per acudir al veterinari. Els ulls s\u00f3n estructures molt delicades i sensibles que permeten a un animal actuar amb &hellip; <\/p>\n","protected":false},"author":4,"featured_media":0,"parent":0,"menu_order":0,"comment_status":"closed","ping_status":"closed","template":"page-fullwidth.php","meta":{"_acf_changed":false,"content-type":"","footnotes":""},"class_list":["post-15938","page","type-page","status-publish","hentry"],"acf":[],"_links":{"self":[{"href":"https:\/\/www.unavets.com\/ca\/wp-json\/wp\/v2\/pages\/15938","targetHints":{"allow":["GET"]}}],"collection":[{"href":"https:\/\/www.unavets.com\/ca\/wp-json\/wp\/v2\/pages"}],"about":[{"href":"https:\/\/www.unavets.com\/ca\/wp-json\/wp\/v2\/types\/page"}],"author":[{"embeddable":true,"href":"https:\/\/www.unavets.com\/ca\/wp-json\/wp\/v2\/users\/4"}],"replies":[{"embeddable":true,"href":"https:\/\/www.unavets.com\/ca\/wp-json\/wp\/v2\/comments?post=15938"}],"version-history":[{"count":0,"href":"https:\/\/www.unavets.com\/ca\/wp-json\/wp\/v2\/pages\/15938\/revisions"}],"wp:attachment":[{"href":"https:\/\/www.unavets.com\/ca\/wp-json\/wp\/v2\/media?parent=15938"}],"curies":[{"name":"wp","href":"https:\/\/api.w.org\/{rel}","templated":true}]}}