{"id":14505,"date":"2021-01-29T12:20:31","date_gmt":"2021-01-29T12:20:31","guid":{"rendered":"http:\/\/www.unavets.com\/?page_id=14505"},"modified":"2021-07-15T12:04:49","modified_gmt":"2021-07-15T12:04:49","slug":"traumatologia","status":"publish","type":"page","link":"https:\/\/www.unavets.com\/ca\/traumatologia\/","title":{"rendered":"Traumatologia"},"content":{"rendered":"\t\t<div data-elementor-type=\"wp-page\" data-elementor-id=\"14505\" class=\"elementor elementor-14505 elementor-13697\" data-elementor-post-type=\"page\">\n\t\t\t\t\t\t<section class=\"elementor-section elementor-top-section elementor-element elementor-element-4574424 elementor-section-boxed elementor-section-height-default elementor-section-height-default\" data-id=\"4574424\" data-element_type=\"section\" data-e-type=\"section\" id=\"main-sec\">\n\t\t\t\t\t\t<div class=\"elementor-container elementor-column-gap-default\">\n\t\t\t\t\t<div class=\"elementor-column elementor-col-100 elementor-top-column elementor-element elementor-element-b3a7043\" data-id=\"b3a7043\" data-element_type=\"column\" data-e-type=\"column\">\n\t\t\t<div class=\"elementor-widget-wrap elementor-element-populated\">\n\t\t\t\t\t\t<div class=\"elementor-element elementor-element-6e0b033 elementor-widget elementor-widget-section_titleleft\" data-id=\"6e0b033\" data-element_type=\"widget\" data-e-type=\"widget\" data-widget_type=\"section_titleleft.default\">\n\t\t\t\t<div class=\"elementor-widget-container\">\n\t\t\t\t\t        <div class=\"ab_text-title fl-wrap\">\n            Disposem d'un servei de traumatologia propi, dedicat a l'estudi i tractament de les lesions de l'aparell locomotor<span class=\"section-separator fl-sec-sep\"><\/span>        <\/div>\n        \t\t\t\t<\/div>\n\t\t\t\t<\/div>\n\t\t\t\t\t<\/div>\n\t\t<\/div>\n\t\t\t\t\t<\/div>\n\t\t<\/section>\n\t\t\t\t<section class=\"elementor-section elementor-top-section elementor-element elementor-element-f7c9d89 elementor-section-boxed elementor-section-height-default elementor-section-height-default\" data-id=\"f7c9d89\" data-element_type=\"section\" data-e-type=\"section\">\n\t\t\t\t\t\t<div class=\"elementor-container elementor-column-gap-default\">\n\t\t\t\t\t<div class=\"elementor-column elementor-col-50 elementor-top-column elementor-element elementor-element-15d13c6\" data-id=\"15d13c6\" data-element_type=\"column\" data-e-type=\"column\">\n\t\t\t<div class=\"elementor-widget-wrap elementor-element-populated\">\n\t\t\t\t\t\t<div class=\"elementor-element elementor-element-d4407e6 elementor-widget elementor-widget-text-editor\" data-id=\"d4407e6\" data-element_type=\"widget\" data-e-type=\"widget\" data-widget_type=\"text-editor.default\">\n\t\t\t\t<div class=\"elementor-widget-container\">\n\t\t\t\t\t\t\t\t\t<p>La feina dels nostres especialistes va m\u00e9s enll\u00e0 del camp de les lesions traumatol\u00f2giques; tamb\u00e9 inclou l&#8217;estudi, en els seus aspectes preventius, terap\u00e8utics, de rehabilitaci\u00f3 i d&#8217;investigaci\u00f3, de les lesions naturals o adquirides que afecten el moviment dels animals.<\/p><p>Les patologies m\u00e9s freq\u00fcents s\u00f3n:<\/p><ul><li>Fractura d&#8217;os<\/li><li>Artrosis<\/li><li>Artritis<\/li><li>Displ\u00e0sia de maluc<\/li><li>Esquin\u00e7<\/li><li>Luxaci\u00f3<\/li><li>Tendinitis<\/li><li>Trencament fibril\u00b7lar<\/li><\/ul><p>Els tractaments conservadors es basen en:<\/p><ul><li>Reducci\u00f3 tancada de fractura \u00f2ssia<\/li><li>\u00das d&#8217;embenatges suaus (de compressi\u00f3, Velpeau, Gillchrist, Robert-Jones)<\/li><li>Col\u00b7locaci\u00f3 d&#8217;una f\u00e8rula<\/li><li>Tracci\u00f3 tova o esquel\u00e8tica<\/li><\/ul>\t\t\t\t\t\t\t\t<\/div>\n\t\t\t\t<\/div>\n\t\t\t\t\t<\/div>\n\t\t<\/div>\n\t\t\t\t<div class=\"elementor-column elementor-col-50 elementor-top-column elementor-element elementor-element-ae1128d\" data-id=\"ae1128d\" data-element_type=\"column\" data-e-type=\"column\">\n\t\t\t<div class=\"elementor-widget-wrap elementor-element-populated\">\n\t\t\t\t\t\t<div class=\"elementor-element elementor-element-e37e033 elementor-widget elementor-widget-image\" data-id=\"e37e033\" data-element_type=\"widget\" data-e-type=\"widget\" data-widget_type=\"image.default\">\n\t\t\t\t<div class=\"elementor-widget-container\">\n\t\t\t\t\t\t\t\t\t\t\t\t\t\t\t<img decoding=\"async\" src=\"http:\/\/www.unavets.com\/lastablas\/wp-content\/uploads\/sites\/2\/2020\/10\/Depositphotos_39249071_m-2015.jpg\" title=\"\" alt=\"\" loading=\"lazy\" \/>\t\t\t\t\t\t\t\t\t\t\t\t\t\t\t<\/div>\n\t\t\t\t<\/div>\n\t\t\t\t\t<\/div>\n\t\t<\/div>\n\t\t\t\t\t<\/div>\n\t\t<\/section>\n\t\t\t\t<section class=\"elementor-section elementor-top-section elementor-element elementor-element-0988f19 elementor-section-boxed elementor-section-height-default elementor-section-height-default\" data-id=\"0988f19\" data-element_type=\"section\" data-e-type=\"section\">\n\t\t\t\t\t\t<div class=\"elementor-container elementor-column-gap-default\">\n\t\t\t\t\t<div class=\"elementor-column elementor-col-100 elementor-top-column elementor-element elementor-element-d628b9a\" data-id=\"d628b9a\" data-element_type=\"column\" data-e-type=\"column\">\n\t\t\t<div class=\"elementor-widget-wrap elementor-element-populated\">\n\t\t\t\t\t\t<div class=\"elementor-element elementor-element-34d76ea elementor-widget elementor-widget-text-editor\" data-id=\"34d76ea\" data-element_type=\"widget\" data-e-type=\"widget\" data-widget_type=\"text-editor.default\">\n\t\t\t\t<div class=\"elementor-widget-container\">\n\t\t\t\t\t\t\t\t\t<p>Les cirurgies traumatol\u00f2giques m\u00e9s freq\u00fcents s\u00f3n les reparacions de fractures, tant en gossos com en gats, normalment degudes a atropellaments i caigudes des d&#8217;altura. Tamb\u00e9 \u00e9s una lesi\u00f3 molt freq\u00fcent en els gossos el trencament dels lligaments creuats de genoll.<\/p><p>Depenent del tipus de lesi\u00f3 i l&#8217;\u00f3s o articulaci\u00f3 que estigui afectada: espatlla, colze, maluc, genoll, etc. apliquem diferents t\u00e8cniques avan\u00e7ades que resolen el problema. Mitjan\u00e7ant plaques, caragols, fixadors, agulles o amb t\u00e8cniques de m\u00ednima invasi\u00f3 com l&#8217;artrosc\u00f2pia.<\/p>\t\t\t\t\t\t\t\t<\/div>\n\t\t\t\t<\/div>\n\t\t\t\t<div class=\"elementor-element elementor-element-05bb287 elementor-align-center elementor-widget elementor-widget-button\" data-id=\"05bb287\" data-element_type=\"widget\" data-e-type=\"widget\" data-widget_type=\"button.default\">\n\t\t\t\t<div class=\"elementor-widget-container\">\n\t\t\t\t\t\t\t\t\t<div class=\"elementor-button-wrapper\">\n\t\t\t\t\t<a class=\"elementor-button elementor-button-link elementor-size-sm\" href=\"http:\/\/www.unavets.com\/ca\/nostres-cliniques\/\">\n\t\t\t\t\t\t<span class=\"elementor-button-content-wrapper\">\n\t\t\t\t\t\t\t\t\t<span class=\"elementor-button-text\">Troba la Cl\u00ednica UNAVETS M\u00e9s Propera<\/span>\n\t\t\t\t\t<\/span>\n\t\t\t\t\t<\/a>\n\t\t\t\t<\/div>\n\t\t\t\t\t\t\t\t<\/div>\n\t\t\t\t<\/div>\n\t\t\t\t\t<\/div>\n\t\t<\/div>\n\t\t\t\t\t<\/div>\n\t\t<\/section>\n\t\t\t\t<\/div>\n\t\t","protected":false},"excerpt":{"rendered":"<p>Disposem d&#8217;un servei de traumatologia propi, dedicat a l&#8217;estudi i tractament de les lesions de l&#8217;aparell locomotor La feina dels nostres especialistes va m\u00e9s enll\u00e0 del camp de les lesions traumatol\u00f2giques; tamb\u00e9 inclou l&#8217;estudi, en els seus aspectes preventius, terap\u00e8utics, de rehabilitaci\u00f3 i d&#8217;investigaci\u00f3, de les lesions naturals o adquirides que afecten el moviment dels &hellip; <\/p>\n","protected":false},"author":1,"featured_media":0,"parent":0,"menu_order":0,"comment_status":"closed","ping_status":"closed","template":"page-fullwidth.php","meta":{"_acf_changed":false,"content-type":"","footnotes":""},"class_list":["post-14505","page","type-page","status-publish","hentry"],"acf":[],"_links":{"self":[{"href":"https:\/\/www.unavets.com\/ca\/wp-json\/wp\/v2\/pages\/14505","targetHints":{"allow":["GET"]}}],"collection":[{"href":"https:\/\/www.unavets.com\/ca\/wp-json\/wp\/v2\/pages"}],"about":[{"href":"https:\/\/www.unavets.com\/ca\/wp-json\/wp\/v2\/types\/page"}],"author":[{"embeddable":true,"href":"https:\/\/www.unavets.com\/ca\/wp-json\/wp\/v2\/users\/1"}],"replies":[{"embeddable":true,"href":"https:\/\/www.unavets.com\/ca\/wp-json\/wp\/v2\/comments?post=14505"}],"version-history":[{"count":0,"href":"https:\/\/www.unavets.com\/ca\/wp-json\/wp\/v2\/pages\/14505\/revisions"}],"wp:attachment":[{"href":"https:\/\/www.unavets.com\/ca\/wp-json\/wp\/v2\/media?parent=14505"}],"curies":[{"name":"wp","href":"https:\/\/api.w.org\/{rel}","templated":true}]}}