{"id":14481,"date":"2021-01-29T12:09:26","date_gmt":"2021-01-29T12:09:26","guid":{"rendered":"http:\/\/www.unavets.com\/?page_id=14481"},"modified":"2021-07-15T11:53:26","modified_gmt":"2021-07-15T11:53:26","slug":"medicina-interna","status":"publish","type":"page","link":"https:\/\/www.unavets.com\/ca\/medicina-interna\/","title":{"rendered":"Medicina interna"},"content":{"rendered":"\t\t<div data-elementor-type=\"wp-page\" data-elementor-id=\"14481\" class=\"elementor elementor-14481 elementor-13688\" data-elementor-post-type=\"page\">\n\t\t\t\t\t\t<section class=\"elementor-section elementor-top-section elementor-element elementor-element-0163da9 elementor-section-boxed elementor-section-height-default elementor-section-height-default\" data-id=\"0163da9\" data-element_type=\"section\" data-e-type=\"section\" id=\"main-sec\">\n\t\t\t\t\t\t<div class=\"elementor-container elementor-column-gap-default\">\n\t\t\t\t\t<div class=\"elementor-column elementor-col-100 elementor-top-column elementor-element elementor-element-d4b12b7\" data-id=\"d4b12b7\" data-element_type=\"column\" data-e-type=\"column\">\n\t\t\t<div class=\"elementor-widget-wrap elementor-element-populated\">\n\t\t\t\t\t\t<div class=\"elementor-element elementor-element-d2c80e0 elementor-widget elementor-widget-section_titleleft\" data-id=\"d2c80e0\" data-element_type=\"widget\" data-e-type=\"widget\" data-widget_type=\"section_titleleft.default\">\n\t\t\t\t<div class=\"elementor-widget-container\">\n\t\t\t\t\t        <div class=\"ab_text-title fl-wrap\">\n            La medicina interna tracta els problemes en els \u00f2rgans interns mitjan\u00e7ant tractaments no quir\u00fargics.<span class=\"section-separator fl-sec-sep\"><\/span>        <\/div>\n        \t\t\t\t<\/div>\n\t\t\t\t<\/div>\n\t\t\t\t\t<\/div>\n\t\t<\/div>\n\t\t\t\t\t<\/div>\n\t\t<\/section>\n\t\t\t\t<section class=\"elementor-section elementor-top-section elementor-element elementor-element-f7687ff elementor-section-boxed elementor-section-height-default elementor-section-height-default\" data-id=\"f7687ff\" data-element_type=\"section\" data-e-type=\"section\">\n\t\t\t\t\t\t<div class=\"elementor-container elementor-column-gap-default\">\n\t\t\t\t\t<div class=\"elementor-column elementor-col-50 elementor-top-column elementor-element elementor-element-7cf4c4a\" data-id=\"7cf4c4a\" data-element_type=\"column\" data-e-type=\"column\">\n\t\t\t<div class=\"elementor-widget-wrap elementor-element-populated\">\n\t\t\t\t\t\t<div class=\"elementor-element elementor-element-1a675d2 elementor-widget elementor-widget-text-editor\" data-id=\"1a675d2\" data-element_type=\"widget\" data-e-type=\"widget\" data-widget_type=\"text-editor.default\">\n\t\t\t\t<div class=\"elementor-widget-container\">\n\t\t\t\t\t\t\t\t\t<p>Els nostres especialistes en medicina interna centren la seva tasca en l&#8217;atenci\u00f3 de malalts amb un diagn\u00f2stic complex, que presenten s\u00edmptomes en diversos \u00f2rgans, aparells o sistemes de l&#8217;organisme o b\u00e9 pateixen diverses malalties.<\/p><p>La medicina interna constitueix la branca principal de la qual en deriven diverses subespecialitats:<\/p><ul><li><strong>Endocrinologia:<\/strong> estudia el sistema endocr\u00ed, compost per la gl\u00e0ndula tiroide, les gl\u00e0ndules suprarenals, el p\u00e0ncrees, l&#8217;hipot\u00e0lem i la gl\u00e0ndula pitu\u00eft\u00e0ria.<\/li><li><strong>Gastroenterologia:<\/strong> estudia el sistema digestiu, compost per l&#8217;es\u00f2fag, l&#8217;est\u00f3mac, els intestins prim i gruixut, el fetge, els conductes biliars i el p\u00e0ncrees.<\/li><li><strong>Nefrologia:<\/strong> estudia l&#8217;estructura i funci\u00f3 del rony\u00f3, incloent-hi la prevenci\u00f3 i tractament de les malalties renals.<\/li><li><strong>Urologia:<\/strong> estudia el tracte urinari inferior, format per la bufeta i la uretra.<\/li><li><strong>Pneumologia:<\/strong> estudia les vies respirat\u00f2ries superiors (incloent-hi el nas, la nasofaringe, la laringe i la tr\u00e0quea) i les inferiors (incloent-hi els bronquis i els pulmons).<\/li><\/ul>\t\t\t\t\t\t\t\t<\/div>\n\t\t\t\t<\/div>\n\t\t\t\t\t<\/div>\n\t\t<\/div>\n\t\t\t\t<div class=\"elementor-column elementor-col-50 elementor-top-column elementor-element elementor-element-c2ecdd4\" data-id=\"c2ecdd4\" data-element_type=\"column\" data-e-type=\"column\">\n\t\t\t<div class=\"elementor-widget-wrap elementor-element-populated\">\n\t\t\t\t\t\t<div class=\"elementor-element elementor-element-de72e40 elementor-widget elementor-widget-image\" data-id=\"de72e40\" data-element_type=\"widget\" data-e-type=\"widget\" data-widget_type=\"image.default\">\n\t\t\t\t<div class=\"elementor-widget-container\">\n\t\t\t\t\t\t\t\t\t\t\t\t\t\t\t<img decoding=\"async\" src=\"http:\/\/www.unavets.com\/lastablas\/wp-content\/uploads\/sites\/2\/2020\/10\/Depositphotos_13408459_original-1.jpg\" title=\"\" alt=\"\" loading=\"lazy\" \/>\t\t\t\t\t\t\t\t\t\t\t\t\t\t\t<\/div>\n\t\t\t\t<\/div>\n\t\t\t\t<div class=\"elementor-element elementor-element-c64dacb elementor-align-center elementor-widget elementor-widget-button\" data-id=\"c64dacb\" data-element_type=\"widget\" data-e-type=\"widget\" data-widget_type=\"button.default\">\n\t\t\t\t<div class=\"elementor-widget-container\">\n\t\t\t\t\t\t\t\t\t<div class=\"elementor-button-wrapper\">\n\t\t\t\t\t<a class=\"elementor-button elementor-button-link elementor-size-sm\" href=\"http:\/\/www.unavets.com\/ca\/nostres-cliniques\/\">\n\t\t\t\t\t\t<span class=\"elementor-button-content-wrapper\">\n\t\t\t\t\t\t\t\t\t<span class=\"elementor-button-text\">Troba la Cl\u00ednica UNAVETS M\u00e9s Propera<\/span>\n\t\t\t\t\t<\/span>\n\t\t\t\t\t<\/a>\n\t\t\t\t<\/div>\n\t\t\t\t\t\t\t\t<\/div>\n\t\t\t\t<\/div>\n\t\t\t\t\t<\/div>\n\t\t<\/div>\n\t\t\t\t\t<\/div>\n\t\t<\/section>\n\t\t\t\t<\/div>\n\t\t","protected":false},"excerpt":{"rendered":"<p>La medicina interna tracta els problemes en els \u00f2rgans interns mitjan\u00e7ant tractaments no quir\u00fargics. Els nostres especialistes en medicina interna centren la seva tasca en l&#8217;atenci\u00f3 de malalts amb un diagn\u00f2stic complex, que presenten s\u00edmptomes en diversos \u00f2rgans, aparells o sistemes de l&#8217;organisme o b\u00e9 pateixen diverses malalties. La medicina interna constitueix la branca principal &hellip; <\/p>\n","protected":false},"author":1,"featured_media":0,"parent":0,"menu_order":0,"comment_status":"closed","ping_status":"closed","template":"page-fullwidth.php","meta":{"_acf_changed":false,"content-type":"","footnotes":""},"class_list":["post-14481","page","type-page","status-publish","hentry"],"acf":[],"_links":{"self":[{"href":"https:\/\/www.unavets.com\/ca\/wp-json\/wp\/v2\/pages\/14481","targetHints":{"allow":["GET"]}}],"collection":[{"href":"https:\/\/www.unavets.com\/ca\/wp-json\/wp\/v2\/pages"}],"about":[{"href":"https:\/\/www.unavets.com\/ca\/wp-json\/wp\/v2\/types\/page"}],"author":[{"embeddable":true,"href":"https:\/\/www.unavets.com\/ca\/wp-json\/wp\/v2\/users\/1"}],"replies":[{"embeddable":true,"href":"https:\/\/www.unavets.com\/ca\/wp-json\/wp\/v2\/comments?post=14481"}],"version-history":[{"count":0,"href":"https:\/\/www.unavets.com\/ca\/wp-json\/wp\/v2\/pages\/14481\/revisions"}],"wp:attachment":[{"href":"https:\/\/www.unavets.com\/ca\/wp-json\/wp\/v2\/media?parent=14481"}],"curies":[{"name":"wp","href":"https:\/\/api.w.org\/{rel}","templated":true}]}}