{"id":14472,"date":"2021-01-29T12:03:25","date_gmt":"2021-01-29T12:03:25","guid":{"rendered":"http:\/\/www.unavets.com\/?page_id=14472"},"modified":"2022-05-26T12:39:18","modified_gmt":"2022-05-26T12:39:18","slug":"endoscopia-2","status":"publish","type":"page","link":"https:\/\/www.unavets.com\/ca\/endoscopia-2\/","title":{"rendered":"Endosc\u00f2pia"},"content":{"rendered":"\t\t<div data-elementor-type=\"wp-page\" data-elementor-id=\"14472\" class=\"elementor elementor-14472 elementor-13645\" data-elementor-post-type=\"page\">\n\t\t\t\t\t\t<section class=\"elementor-section elementor-top-section elementor-element elementor-element-f51e5fb elementor-section-boxed elementor-section-height-default elementor-section-height-default\" data-id=\"f51e5fb\" data-element_type=\"section\" data-e-type=\"section\" id=\"main-sec\">\n\t\t\t\t\t\t<div class=\"elementor-container elementor-column-gap-default\">\n\t\t\t\t\t<div class=\"elementor-column elementor-col-100 elementor-top-column elementor-element elementor-element-281fc00\" data-id=\"281fc00\" data-element_type=\"column\" data-e-type=\"column\">\n\t\t\t<div class=\"elementor-widget-wrap elementor-element-populated\">\n\t\t\t\t\t\t<div class=\"elementor-element elementor-element-4d30af2 elementor-widget elementor-widget-section_titleleft\" data-id=\"4d30af2\" data-element_type=\"widget\" data-e-type=\"widget\" data-widget_type=\"section_titleleft.default\">\n\t\t\t\t<div class=\"elementor-widget-container\">\n\t\t\t\t\t        <div class=\"ab_text-title fl-wrap\">\n            <h3>Qu\u00e8 \u00e9s l\u2019endosc\u00f2pia?<\/h3><span class=\"section-separator fl-sec-sep\"><\/span>        <\/div>\n        \t\t\t\t<\/div>\n\t\t\t\t<\/div>\n\t\t\t\t\t<\/div>\n\t\t<\/div>\n\t\t\t\t\t<\/div>\n\t\t<\/section>\n\t\t\t\t<section class=\"elementor-section elementor-top-section elementor-element elementor-element-ab9bb88 elementor-section-boxed elementor-section-height-default elementor-section-height-default\" data-id=\"ab9bb88\" data-element_type=\"section\" data-e-type=\"section\">\n\t\t\t\t\t\t<div class=\"elementor-container elementor-column-gap-default\">\n\t\t\t\t\t<div class=\"elementor-column elementor-col-50 elementor-top-column elementor-element elementor-element-9a1c112\" data-id=\"9a1c112\" data-element_type=\"column\" data-e-type=\"column\">\n\t\t\t<div class=\"elementor-widget-wrap elementor-element-populated\">\n\t\t\t\t\t\t<div class=\"elementor-element elementor-element-4a9cecf elementor-widget elementor-widget-text-editor\" data-id=\"4a9cecf\" data-element_type=\"widget\" data-e-type=\"widget\" data-widget_type=\"text-editor.default\">\n\t\t\t\t<div class=\"elementor-widget-container\">\n\t\t\t\t\t\t\t\t\t<p>L&#8217;endosc\u00f2pia \u00e9s un procediment\u00a0en qu\u00e8\u00a0s&#8217;introdueix un tub \u2013prove\u00eft de c\u00e0mera i llum\u2013, a trav\u00e9s dels orificis naturals de l&#8217;organisme, com ara les vies respirat\u00f2ries, el tracte intestinal o a trav\u00e9s d&#8217;incisions quir\u00fargiques, per tal d&#8217;observar les cavitats internes del cos. Al mateix temps, es poden fer servir instruments per realitzar cirurgies m\u00ednimament invasives (cauteritzaci\u00f3 de teixits, extirpaci\u00f3 de quists, p\u00f2lips o tumors).<\/p><p>L&#8217;endosc\u00f2pia requereix anest\u00e8sia, per tant, no produeix dolor o trauma per a la mascota. Es pot utilitzar per explorar el nas, les orelles, el sistema digestiu, el sistema respiratori, el sistema reproductiu i el sistema urinari.<\/p>\t\t\t\t\t\t\t\t<\/div>\n\t\t\t\t<\/div>\n\t\t\t\t<div class=\"elementor-element elementor-element-3fc4ba5 elementor-align-center elementor-widget elementor-widget-button_listing\" data-id=\"3fc4ba5\" data-element_type=\"widget\" data-e-type=\"widget\" data-widget_type=\"button_listing.default\">\n\t\t\t\t<div class=\"elementor-widget-container\">\n\t\t\t\t\t        <div class=\"elementor-button-wrapper\">\n            <a href=\"https:\/\/www.unavets.com\/ca\/\/listing_feature\/endoscopy-ca\" class=\"elementor-button-link elementor-button elementor-size-sm\" role=\"button\">\n                        <span class=\"elementor-button-content-wrapper\">\n\t\t\t\t\t\t<span class=\"elementor-button-text\">Troba la Cl\u00ednica UNAVETS M\u00e9s Propera<\/span>\n\t\t<\/span>\n                    <\/a>\n        <\/div>\n        \t\t\t\t<\/div>\n\t\t\t\t<\/div>\n\t\t\t\t\t<\/div>\n\t\t<\/div>\n\t\t\t\t<div class=\"elementor-column elementor-col-50 elementor-top-column elementor-element elementor-element-198d899\" data-id=\"198d899\" data-element_type=\"column\" data-e-type=\"column\">\n\t\t\t<div class=\"elementor-widget-wrap elementor-element-populated\">\n\t\t\t\t\t\t<div class=\"elementor-element elementor-element-307a86c elementor-widget elementor-widget-image\" data-id=\"307a86c\" data-element_type=\"widget\" data-e-type=\"widget\" data-widget_type=\"image.default\">\n\t\t\t\t<div class=\"elementor-widget-container\">\n\t\t\t\t\t\t\t\t\t\t\t\t\t\t\t<img decoding=\"async\" src=\"http:\/\/www.unavets.com\/lastablas\/wp-content\/uploads\/sites\/2\/2020\/10\/shutterstock_503391556-1.jpg\" title=\"\" alt=\"\" loading=\"lazy\" \/>\t\t\t\t\t\t\t\t\t\t\t\t\t\t\t<\/div>\n\t\t\t\t<\/div>\n\t\t\t\t\t<\/div>\n\t\t<\/div>\n\t\t\t\t\t<\/div>\n\t\t<\/section>\n\t\t\t\t<section class=\"elementor-section elementor-top-section elementor-element elementor-element-eceffa2 elementor-section-boxed elementor-section-height-default elementor-section-height-default\" data-id=\"eceffa2\" data-element_type=\"section\" data-e-type=\"section\">\n\t\t\t\t\t\t<div class=\"elementor-container elementor-column-gap-default\">\n\t\t\t\t\t<div class=\"elementor-column elementor-col-100 elementor-top-column elementor-element elementor-element-85a6188\" data-id=\"85a6188\" data-element_type=\"column\" data-e-type=\"column\">\n\t\t\t<div class=\"elementor-widget-wrap elementor-element-populated\">\n\t\t\t\t\t\t<div class=\"elementor-element elementor-element-943e488 elementor-widget elementor-widget-section_titleleft\" data-id=\"943e488\" data-element_type=\"widget\" data-e-type=\"widget\" data-widget_type=\"section_titleleft.default\">\n\t\t\t\t<div class=\"elementor-widget-container\">\n\t\t\t\t\t        <div class=\"ab_text-title fl-wrap\">\n            <h3>Quan es considera realitzar una endosc\u00f2pia?<\/h3><span class=\"section-separator fl-sec-sep\"><\/span>        <\/div>\n        \t\t\t\t<\/div>\n\t\t\t\t<\/div>\n\t\t\t\t\t<\/div>\n\t\t<\/div>\n\t\t\t\t\t<\/div>\n\t\t<\/section>\n\t\t\t\t<section class=\"elementor-section elementor-top-section elementor-element elementor-element-eeb68a2 elementor-section-boxed elementor-section-height-default elementor-section-height-default\" data-id=\"eeb68a2\" data-element_type=\"section\" data-e-type=\"section\">\n\t\t\t\t\t\t<div class=\"elementor-container elementor-column-gap-default\">\n\t\t\t\t\t<div class=\"elementor-column elementor-col-100 elementor-top-column elementor-element elementor-element-19d9e94\" data-id=\"19d9e94\" data-element_type=\"column\" data-e-type=\"column\">\n\t\t\t<div class=\"elementor-widget-wrap elementor-element-populated\">\n\t\t\t\t\t\t<div class=\"elementor-element elementor-element-fb60e0a elementor-widget elementor-widget-text-editor\" data-id=\"fb60e0a\" data-element_type=\"widget\" data-e-type=\"widget\" data-widget_type=\"text-editor.default\">\n\t\t\t\t<div class=\"elementor-widget-container\">\n\t\t\t\t\t\t\t\t\t<p>Es pot utilitzar per entendre la causa dels esternuts, v\u00f2mits, diarrea o problemes urinaris de l&#8217;animal i es pot utilitzar per extreure coses del nas, els pulmons, l&#8217;est\u00f3mac o l&#8217;es\u00f2fag sense haver de practicar una dolorosa cirurgia.<\/p><p>El temps de recuperaci\u00f3 \u00e9s immediat, aix\u00ed que un cop realitzada, la mascota pot reprendre la seva vida quotidiana a l&#8217;instant.<\/p>\t\t\t\t\t\t\t\t<\/div>\n\t\t\t\t<\/div>\n\t\t\t\t\t<\/div>\n\t\t<\/div>\n\t\t\t\t\t<\/div>\n\t\t<\/section>\n\t\t\t\t<\/div>\n\t\t","protected":false},"excerpt":{"rendered":"<p>Qu\u00e8 \u00e9s l\u2019endosc\u00f2pia? L&#8217;endosc\u00f2pia \u00e9s un procediment\u00a0en qu\u00e8\u00a0s&#8217;introdueix un tub \u2013prove\u00eft de c\u00e0mera i llum\u2013, a trav\u00e9s dels orificis naturals de l&#8217;organisme, com ara les vies respirat\u00f2ries, el tracte intestinal o a trav\u00e9s d&#8217;incisions quir\u00fargiques, per tal d&#8217;observar les cavitats internes del cos. Al mateix temps, es poden fer servir instruments per realitzar cirurgies m\u00ednimament &hellip; <\/p>\n","protected":false},"author":1,"featured_media":0,"parent":0,"menu_order":0,"comment_status":"closed","ping_status":"closed","template":"page-fullwidth.php","meta":{"_acf_changed":false,"content-type":"","footnotes":""},"class_list":["post-14472","page","type-page","status-publish","hentry"],"acf":[],"_links":{"self":[{"href":"https:\/\/www.unavets.com\/ca\/wp-json\/wp\/v2\/pages\/14472","targetHints":{"allow":["GET"]}}],"collection":[{"href":"https:\/\/www.unavets.com\/ca\/wp-json\/wp\/v2\/pages"}],"about":[{"href":"https:\/\/www.unavets.com\/ca\/wp-json\/wp\/v2\/types\/page"}],"author":[{"embeddable":true,"href":"https:\/\/www.unavets.com\/ca\/wp-json\/wp\/v2\/users\/1"}],"replies":[{"embeddable":true,"href":"https:\/\/www.unavets.com\/ca\/wp-json\/wp\/v2\/comments?post=14472"}],"version-history":[{"count":0,"href":"https:\/\/www.unavets.com\/ca\/wp-json\/wp\/v2\/pages\/14472\/revisions"}],"wp:attachment":[{"href":"https:\/\/www.unavets.com\/ca\/wp-json\/wp\/v2\/media?parent=14472"}],"curies":[{"name":"wp","href":"https:\/\/api.w.org\/{rel}","templated":true}]}}