{"id":14464,"date":"2021-01-29T11:57:46","date_gmt":"2021-01-29T11:57:46","guid":{"rendered":"http:\/\/www.unavets.com\/?page_id=14464"},"modified":"2021-07-15T12:17:30","modified_gmt":"2021-07-15T12:17:30","slug":"dermatologia","status":"publish","type":"page","link":"https:\/\/www.unavets.com\/ca\/dermatologia\/","title":{"rendered":"Dermatologia"},"content":{"rendered":"\t\t<div data-elementor-type=\"wp-page\" data-elementor-id=\"14464\" class=\"elementor elementor-14464 elementor-13682\" data-elementor-post-type=\"page\">\n\t\t\t\t\t\t<section class=\"elementor-section elementor-top-section elementor-element elementor-element-445fe65 elementor-section-boxed elementor-section-height-default elementor-section-height-default\" data-id=\"445fe65\" data-element_type=\"section\" data-e-type=\"section\" id=\"main-sec\">\n\t\t\t\t\t\t<div class=\"elementor-container elementor-column-gap-default\">\n\t\t\t\t\t<div class=\"elementor-column elementor-col-100 elementor-top-column elementor-element elementor-element-52d05c0\" data-id=\"52d05c0\" data-element_type=\"column\" data-e-type=\"column\">\n\t\t\t<div class=\"elementor-widget-wrap elementor-element-populated\">\n\t\t\t\t\t\t<div class=\"elementor-element elementor-element-4db4c4b elementor-widget elementor-widget-section_titleleft\" data-id=\"4db4c4b\" data-element_type=\"widget\" data-e-type=\"widget\" data-widget_type=\"section_titleleft.default\">\n\t\t\t\t<div class=\"elementor-widget-container\">\n\t\t\t\t\t        <div class=\"ab_text-title fl-wrap\">\n            La dermatologia \u00e9s una de les especialitats que presenta el nombre m\u00e9s gran de casos en el dia a dia d'una cl\u00ednica veterin\u00e0ria.<span class=\"section-separator fl-sec-sep\"><\/span>        <\/div>\n        \t\t\t\t<\/div>\n\t\t\t\t<\/div>\n\t\t\t\t\t<\/div>\n\t\t<\/div>\n\t\t\t\t\t<\/div>\n\t\t<\/section>\n\t\t\t\t<section class=\"elementor-section elementor-top-section elementor-element elementor-element-1bb788d elementor-section-boxed elementor-section-height-default elementor-section-height-default\" data-id=\"1bb788d\" data-element_type=\"section\" data-e-type=\"section\">\n\t\t\t\t\t\t<div class=\"elementor-container elementor-column-gap-default\">\n\t\t\t\t\t<div class=\"elementor-column elementor-col-50 elementor-top-column elementor-element elementor-element-ded02bf\" data-id=\"ded02bf\" data-element_type=\"column\" data-e-type=\"column\">\n\t\t\t<div class=\"elementor-widget-wrap elementor-element-populated\">\n\t\t\t\t\t\t<div class=\"elementor-element elementor-element-dff3e83 elementor-widget elementor-widget-text-editor\" data-id=\"dff3e83\" data-element_type=\"widget\" data-e-type=\"widget\" data-widget_type=\"text-editor.default\">\n\t\t\t\t<div class=\"elementor-widget-container\">\n\t\t\t\t\t\t\t\t\t<p>Proporcionem tractament dermatol\u00f2gic integral per a diferents tipus de problemes en la pell, com:<\/p><ul><li>Dermatitis al\u00b7l\u00e8rgica i dermatitis at\u00f2pica.<\/li><li>Intoler\u00e0ncia i hipersensibilitat aliment\u00e0ria.<\/li><li>Dermatitis al\u00b7l\u00e8rgica a la picada de pu\u00e7a.<\/li><li>Malalties parasit\u00e0ries: sarna demod\u00e8cica i sarc\u00f2ptica, paparres, etc.<\/li><li>Malalties autoimmunit\u00e0ries de la pell: lupus eritemat\u00f3s, p\u00e8mfigs, etc.<\/li><li>Malalties bacterianes: piod\u00e8rmies superficials i profundes.<\/li><li>Malalties mic\u00f2tiques: dermatofitosi, dermatitis per Malassezia, etc.<\/li><li>Malalties endocrines de la pell: hiperadrenocorticisme, hipotiro\u00efdisme, alop\u00e8cia, etc.<\/li><li>Desordres de queratinitzaci\u00f3.<\/li><li>Tumors i quists neopl\u00e0sics i no neopl\u00e0sics.<\/li><\/ul>\t\t\t\t\t\t\t\t<\/div>\n\t\t\t\t<\/div>\n\t\t\t\t\t<\/div>\n\t\t<\/div>\n\t\t\t\t<div class=\"elementor-column elementor-col-50 elementor-top-column elementor-element elementor-element-9889ab3\" data-id=\"9889ab3\" data-element_type=\"column\" data-e-type=\"column\">\n\t\t\t<div class=\"elementor-widget-wrap elementor-element-populated\">\n\t\t\t\t\t\t<div class=\"elementor-element elementor-element-f48eb36 elementor-widget elementor-widget-image\" data-id=\"f48eb36\" data-element_type=\"widget\" data-e-type=\"widget\" data-widget_type=\"image.default\">\n\t\t\t\t<div class=\"elementor-widget-container\">\n\t\t\t\t\t\t\t\t\t\t\t\t\t\t\t<img decoding=\"async\" src=\"http:\/\/www.unavets.com\/lastablas\/wp-content\/uploads\/sites\/2\/2020\/10\/shutterstock_1029444703-1.jpg\" title=\"\" alt=\"\" loading=\"lazy\" \/>\t\t\t\t\t\t\t\t\t\t\t\t\t\t\t<\/div>\n\t\t\t\t<\/div>\n\t\t\t\t<div class=\"elementor-element elementor-element-ff4e697 elementor-align-center elementor-widget elementor-widget-button\" data-id=\"ff4e697\" data-element_type=\"widget\" data-e-type=\"widget\" data-widget_type=\"button.default\">\n\t\t\t\t<div class=\"elementor-widget-container\">\n\t\t\t\t\t\t\t\t\t<div class=\"elementor-button-wrapper\">\n\t\t\t\t\t<a class=\"elementor-button elementor-button-link elementor-size-sm\" href=\"http:\/\/www.unavets.com\/ca\/nostres-cliniques\/\">\n\t\t\t\t\t\t<span class=\"elementor-button-content-wrapper\">\n\t\t\t\t\t\t\t\t\t<span class=\"elementor-button-text\">Troba la Cl\u00ednica UNAVETS M\u00e9s Propera<\/span>\n\t\t\t\t\t<\/span>\n\t\t\t\t\t<\/a>\n\t\t\t\t<\/div>\n\t\t\t\t\t\t\t\t<\/div>\n\t\t\t\t<\/div>\n\t\t\t\t\t<\/div>\n\t\t<\/div>\n\t\t\t\t\t<\/div>\n\t\t<\/section>\n\t\t\t\t<section class=\"elementor-section elementor-top-section elementor-element elementor-element-af90194 elementor-section-boxed elementor-section-height-default elementor-section-height-default\" data-id=\"af90194\" data-element_type=\"section\" data-e-type=\"section\">\n\t\t\t\t\t\t<div class=\"elementor-container elementor-column-gap-default\">\n\t\t\t\t\t<div class=\"elementor-column elementor-col-100 elementor-top-column elementor-element elementor-element-1c14269\" data-id=\"1c14269\" data-element_type=\"column\" data-e-type=\"column\">\n\t\t\t<div class=\"elementor-widget-wrap elementor-element-populated\">\n\t\t\t\t\t\t<div class=\"elementor-element elementor-element-66c39fa elementor-widget elementor-widget-section_titleleft\" data-id=\"66c39fa\" data-element_type=\"widget\" data-e-type=\"widget\" data-widget_type=\"section_titleleft.default\">\n\t\t\t\t<div class=\"elementor-widget-container\">\n\t\t\t\t\t        <div class=\"ab_text-title fl-wrap\">\n            <h3>Proves dermatol\u00f2giques freq\u00fcents<\/h3><span class=\"section-separator fl-sec-sep\"><\/span>        <\/div>\n        \t\t\t\t<\/div>\n\t\t\t\t<\/div>\n\t\t\t\t\t<\/div>\n\t\t<\/div>\n\t\t\t\t\t<\/div>\n\t\t<\/section>\n\t\t\t\t<section class=\"elementor-section elementor-top-section elementor-element elementor-element-43694c5 elementor-section-boxed elementor-section-height-default elementor-section-height-default\" data-id=\"43694c5\" data-element_type=\"section\" data-e-type=\"section\">\n\t\t\t\t\t\t<div class=\"elementor-container elementor-column-gap-default\">\n\t\t\t\t\t<div class=\"elementor-column elementor-col-50 elementor-top-column elementor-element elementor-element-058b969\" data-id=\"058b969\" data-element_type=\"column\" data-e-type=\"column\">\n\t\t\t<div class=\"elementor-widget-wrap elementor-element-populated\">\n\t\t\t\t\t\t<div class=\"elementor-element elementor-element-dec37d3 elementor-widget elementor-widget-image\" data-id=\"dec37d3\" data-element_type=\"widget\" data-e-type=\"widget\" data-widget_type=\"image.default\">\n\t\t\t\t<div class=\"elementor-widget-container\">\n\t\t\t\t\t\t\t\t\t\t\t\t\t\t\t<img decoding=\"async\" src=\"http:\/\/www.unavets.com\/lastablas\/wp-content\/uploads\/sites\/2\/2020\/10\/shutterstock_607531682-1.jpg\" title=\"\" alt=\"\" loading=\"lazy\" \/>\t\t\t\t\t\t\t\t\t\t\t\t\t\t\t<\/div>\n\t\t\t\t<\/div>\n\t\t\t\t\t<\/div>\n\t\t<\/div>\n\t\t\t\t<div class=\"elementor-column elementor-col-50 elementor-top-column elementor-element elementor-element-591ecd0\" data-id=\"591ecd0\" data-element_type=\"column\" data-e-type=\"column\">\n\t\t\t<div class=\"elementor-widget-wrap elementor-element-populated\">\n\t\t\t\t\t\t<div class=\"elementor-element elementor-element-e68f56c elementor-widget elementor-widget-text-editor\" data-id=\"e68f56c\" data-element_type=\"widget\" data-e-type=\"widget\" data-widget_type=\"text-editor.default\">\n\t\t\t\t<div class=\"elementor-widget-container\">\n\t\t\t\t\t\t\t\t\t<p>Realitzem les seg\u00fcents proves per establir un bon diagn\u00f2stic dermatol\u00f2gic:<\/p><ul><li>Raspat de pell: est\u00e0 indicat davant de qualsevol problema dermatol\u00f2gic, sobretot davant la sospita de la pres\u00e8ncia de par\u00e0sits cutanis.<\/li><li>Tricograma: examen microsc\u00f2pic d&#8217;arrels piloses. Pot donar informaci\u00f3 diagn\u00f2stica important.<\/li><li>Examen citol\u00f2gic.<\/li><li>Cultius bacterians i micol\u00f2gics.<\/li><li>Proves d&#8217;al\u00b7l\u00e8rgia.<\/li><li>Bi\u00f2psia cut\u00e0nia.<\/li><li>Panells hematol\u00f2gics i bioqu\u00edmics.<\/li><li>Proves de funci\u00f3 endocrina i immune.<\/li><\/ul>\t\t\t\t\t\t\t\t<\/div>\n\t\t\t\t<\/div>\n\t\t\t\t\t<\/div>\n\t\t<\/div>\n\t\t\t\t\t<\/div>\n\t\t<\/section>\n\t\t\t\t<\/div>\n\t\t","protected":false},"excerpt":{"rendered":"<p>La dermatologia \u00e9s una de les especialitats que presenta el nombre m\u00e9s gran de casos en el dia a dia d&#8217;una cl\u00ednica veterin\u00e0ria. Proporcionem tractament dermatol\u00f2gic integral per a diferents tipus de problemes en la pell, com: Dermatitis al\u00b7l\u00e8rgica i dermatitis at\u00f2pica. Intoler\u00e0ncia i hipersensibilitat aliment\u00e0ria. Dermatitis al\u00b7l\u00e8rgica a la picada de pu\u00e7a. Malalties parasit\u00e0ries: &hellip; <\/p>\n","protected":false},"author":1,"featured_media":0,"parent":0,"menu_order":0,"comment_status":"closed","ping_status":"closed","template":"page-fullwidth.php","meta":{"_acf_changed":false,"content-type":"","footnotes":""},"class_list":["post-14464","page","type-page","status-publish","hentry"],"acf":[],"_links":{"self":[{"href":"https:\/\/www.unavets.com\/ca\/wp-json\/wp\/v2\/pages\/14464","targetHints":{"allow":["GET"]}}],"collection":[{"href":"https:\/\/www.unavets.com\/ca\/wp-json\/wp\/v2\/pages"}],"about":[{"href":"https:\/\/www.unavets.com\/ca\/wp-json\/wp\/v2\/types\/page"}],"author":[{"embeddable":true,"href":"https:\/\/www.unavets.com\/ca\/wp-json\/wp\/v2\/users\/1"}],"replies":[{"embeddable":true,"href":"https:\/\/www.unavets.com\/ca\/wp-json\/wp\/v2\/comments?post=14464"}],"version-history":[{"count":0,"href":"https:\/\/www.unavets.com\/ca\/wp-json\/wp\/v2\/pages\/14464\/revisions"}],"wp:attachment":[{"href":"https:\/\/www.unavets.com\/ca\/wp-json\/wp\/v2\/media?parent=14464"}],"curies":[{"name":"wp","href":"https:\/\/api.w.org\/{rel}","templated":true}]}}