{"id":14448,"date":"2021-01-29T11:44:56","date_gmt":"2021-01-29T11:44:56","guid":{"rendered":"http:\/\/www.unavets.com\/?page_id=14448"},"modified":"2021-07-15T12:18:36","modified_gmt":"2021-07-15T12:18:36","slug":"cardiologia","status":"publish","type":"page","link":"https:\/\/www.unavets.com\/ca\/cardiologia\/","title":{"rendered":"Cardiologia"},"content":{"rendered":"\t\t<div data-elementor-type=\"wp-page\" data-elementor-id=\"14448\" class=\"elementor elementor-14448 elementor-13676\" data-elementor-post-type=\"page\">\n\t\t\t\t\t\t<section class=\"elementor-section elementor-top-section elementor-element elementor-element-bd19387 elementor-section-boxed elementor-section-height-default elementor-section-height-default\" data-id=\"bd19387\" data-element_type=\"section\" data-e-type=\"section\" id=\"main-sec\">\n\t\t\t\t\t\t<div class=\"elementor-container elementor-column-gap-default\">\n\t\t\t\t\t<div class=\"elementor-column elementor-col-100 elementor-top-column elementor-element elementor-element-c3c8269\" data-id=\"c3c8269\" data-element_type=\"column\" data-e-type=\"column\">\n\t\t\t<div class=\"elementor-widget-wrap elementor-element-populated\">\n\t\t\t\t\t\t<div class=\"elementor-element elementor-element-baf1df8 elementor-widget elementor-widget-section_titleleft\" data-id=\"baf1df8\" data-element_type=\"widget\" data-e-type=\"widget\" data-widget_type=\"section_titleleft.default\">\n\t\t\t\t<div class=\"elementor-widget-container\">\n\t\t\t\t\t        <div class=\"ab_text-title fl-wrap\">\n            La cardiologia \u00e9s l'especialitat m\u00e8dica dedicada a l'estudi de les malalties del cor i les repercussions que altres malalties sist\u00e8miques poden produir sobre aquest \u00f2rgan.<span class=\"section-separator fl-sec-sep\"><\/span>        <\/div>\n        \t\t\t\t<\/div>\n\t\t\t\t<\/div>\n\t\t\t\t\t<\/div>\n\t\t<\/div>\n\t\t\t\t\t<\/div>\n\t\t<\/section>\n\t\t\t\t<section class=\"elementor-section elementor-top-section elementor-element elementor-element-7197e54 elementor-section-boxed elementor-section-height-default elementor-section-height-default\" data-id=\"7197e54\" data-element_type=\"section\" data-e-type=\"section\">\n\t\t\t\t\t\t<div class=\"elementor-container elementor-column-gap-default\">\n\t\t\t\t\t<div class=\"elementor-column elementor-col-50 elementor-top-column elementor-element elementor-element-49197aa\" data-id=\"49197aa\" data-element_type=\"column\" data-e-type=\"column\">\n\t\t\t<div class=\"elementor-widget-wrap elementor-element-populated\">\n\t\t\t\t\t\t<div class=\"elementor-element elementor-element-585440c elementor-widget elementor-widget-text-editor\" data-id=\"585440c\" data-element_type=\"widget\" data-e-type=\"widget\" data-widget_type=\"text-editor.default\">\n\t\t\t\t<div class=\"elementor-widget-container\">\n\t\t\t\t\t\t\t\t\t<p>Oferim atenci\u00f3 m\u00e8dica especialitzada per a mascotes amb problemes de cor. Els nostres cardi\u00f2legs estan compromesos a mantenir i millorar la qualitat de vida dels nostres pacients i ofereixen un servei integral excel\u00b7lent per al diagn\u00f2stic i tractament de les malalties card\u00edaques i respirat\u00f2ries. Els procediments de diagn\u00f2stic d&#8217;\u00fas m\u00e9s freq\u00fcent s\u00f3n t\u00e8cniques no invasives que s&#8217;utilitzen de manera segura i r\u00e0pida, per examinar a les mascotes que poden patir una malaltia card\u00edaca o pulmonar:<\/p><ul><li><strong>L&#8217;ecocardiografia<\/strong>, l&#8217;ecocardiografia Doppler: utilitza ones de so per obtenir imatges del cor, les v\u00e0lvules i el flux sanguini. Aix\u00f2 pot determinar la causa dels bufs card\u00edacs i avaluar la for\u00e7a i salut del m\u00fascul del cor i de les seves c\u00e0meres.<\/li><li><strong>Radiografia<\/strong>: proporciona informaci\u00f3 essencial sobre el t\u00f2rax i totes les seves estructures.<\/li><li><strong>L&#8217;electrocardiograma (ECG)<\/strong>: avalua la freq\u00fc\u00e8ncia card\u00edaca, el ritme i les possibles irregularitats (arr\u00edtmies) que es puguin donar.<\/li><li><strong>Anal\u00edtica sangu\u00ednia<\/strong>: s&#8217;utilitza per avaluar la funci\u00f3 renal, l&#8217;estat de la tiroide i altres par\u00e0metres importants.<\/li><\/ul>\t\t\t\t\t\t\t\t<\/div>\n\t\t\t\t<\/div>\n\t\t\t\t\t<\/div>\n\t\t<\/div>\n\t\t\t\t<div class=\"elementor-column elementor-col-50 elementor-top-column elementor-element elementor-element-4177a6a\" data-id=\"4177a6a\" data-element_type=\"column\" data-e-type=\"column\">\n\t\t\t<div class=\"elementor-widget-wrap elementor-element-populated\">\n\t\t\t\t\t\t<div class=\"elementor-element elementor-element-88e4f12 elementor-widget elementor-widget-image\" data-id=\"88e4f12\" data-element_type=\"widget\" data-e-type=\"widget\" data-widget_type=\"image.default\">\n\t\t\t\t<div class=\"elementor-widget-container\">\n\t\t\t\t\t\t\t\t\t\t\t\t\t\t\t<img decoding=\"async\" src=\"http:\/\/www.unavets.com\/lastablas\/wp-content\/uploads\/sites\/2\/2020\/10\/Depositphotos_43555933_original-1.jpg\" title=\"\" alt=\"\" loading=\"lazy\" \/>\t\t\t\t\t\t\t\t\t\t\t\t\t\t\t<\/div>\n\t\t\t\t<\/div>\n\t\t\t\t<div class=\"elementor-element elementor-element-d2c06fb elementor-align-center elementor-widget elementor-widget-button\" data-id=\"d2c06fb\" data-element_type=\"widget\" data-e-type=\"widget\" data-widget_type=\"button.default\">\n\t\t\t\t<div class=\"elementor-widget-container\">\n\t\t\t\t\t\t\t\t\t<div class=\"elementor-button-wrapper\">\n\t\t\t\t\t<a class=\"elementor-button elementor-button-link elementor-size-sm\" href=\"http:\/\/www.unavets.com\/ca\/nostres-cliniques\/\">\n\t\t\t\t\t\t<span class=\"elementor-button-content-wrapper\">\n\t\t\t\t\t\t\t\t\t<span class=\"elementor-button-text\">Troba la Cl\u00ednica UNAVETS M\u00e9s Propera<\/span>\n\t\t\t\t\t<\/span>\n\t\t\t\t\t<\/a>\n\t\t\t\t<\/div>\n\t\t\t\t\t\t\t\t<\/div>\n\t\t\t\t<\/div>\n\t\t\t\t\t<\/div>\n\t\t<\/div>\n\t\t\t\t\t<\/div>\n\t\t<\/section>\n\t\t\t\t<\/div>\n\t\t","protected":false},"excerpt":{"rendered":"<p>La cardiologia \u00e9s l&#8217;especialitat m\u00e8dica dedicada a l&#8217;estudi de les malalties del cor i les repercussions que altres malalties sist\u00e8miques poden produir sobre aquest \u00f2rgan. Oferim atenci\u00f3 m\u00e8dica especialitzada per a mascotes amb problemes de cor. Els nostres cardi\u00f2legs estan compromesos a mantenir i millorar la qualitat de vida dels nostres pacients i ofereixen un &hellip; <\/p>\n","protected":false},"author":1,"featured_media":0,"parent":0,"menu_order":0,"comment_status":"closed","ping_status":"closed","template":"page-fullwidth.php","meta":{"_acf_changed":false,"content-type":"","footnotes":""},"class_list":["post-14448","page","type-page","status-publish","hentry"],"acf":[],"_links":{"self":[{"href":"https:\/\/www.unavets.com\/ca\/wp-json\/wp\/v2\/pages\/14448","targetHints":{"allow":["GET"]}}],"collection":[{"href":"https:\/\/www.unavets.com\/ca\/wp-json\/wp\/v2\/pages"}],"about":[{"href":"https:\/\/www.unavets.com\/ca\/wp-json\/wp\/v2\/types\/page"}],"author":[{"embeddable":true,"href":"https:\/\/www.unavets.com\/ca\/wp-json\/wp\/v2\/users\/1"}],"replies":[{"embeddable":true,"href":"https:\/\/www.unavets.com\/ca\/wp-json\/wp\/v2\/comments?post=14448"}],"version-history":[{"count":0,"href":"https:\/\/www.unavets.com\/ca\/wp-json\/wp\/v2\/pages\/14448\/revisions"}],"wp:attachment":[{"href":"https:\/\/www.unavets.com\/ca\/wp-json\/wp\/v2\/media?parent=14448"}],"curies":[{"name":"wp","href":"https:\/\/api.w.org\/{rel}","templated":true}]}}