{"id":14441,"date":"2021-01-29T11:41:10","date_gmt":"2021-01-29T11:41:10","guid":{"rendered":"http:\/\/www.unavets.com\/?page_id=14441"},"modified":"2021-07-15T12:20:20","modified_gmt":"2021-07-15T12:20:20","slug":"animals-exotics","status":"publish","type":"page","link":"https:\/\/www.unavets.com\/ca\/animals-exotics\/","title":{"rendered":"Animals Ex\u00f2tics"},"content":{"rendered":"\t\t<div data-elementor-type=\"wp-page\" data-elementor-id=\"14441\" class=\"elementor elementor-14441 elementor-13666\" data-elementor-post-type=\"page\">\n\t\t\t\t\t\t<section class=\"elementor-section elementor-top-section elementor-element elementor-element-df87fda elementor-section-boxed elementor-section-height-default elementor-section-height-default\" data-id=\"df87fda\" data-element_type=\"section\" data-e-type=\"section\" id=\"main-sec\">\n\t\t\t\t\t\t<div class=\"elementor-container elementor-column-gap-default\">\n\t\t\t\t\t<div class=\"elementor-column elementor-col-100 elementor-top-column elementor-element elementor-element-034799a\" data-id=\"034799a\" data-element_type=\"column\" data-e-type=\"column\">\n\t\t\t<div class=\"elementor-widget-wrap elementor-element-populated\">\n\t\t\t\t\t\t<div class=\"elementor-element elementor-element-781b434 elementor-widget elementor-widget-section_titleleft\" data-id=\"781b434\" data-element_type=\"widget\" data-e-type=\"widget\" data-widget_type=\"section_titleleft.default\">\n\t\t\t\t<div class=\"elementor-widget-container\">\n\t\t\t\t\t        <div class=\"ab_text-title fl-wrap\">\n            <h3>Poden ser de qualsevol forma, mida i color!<\/h3><span class=\"section-separator fl-sec-sep\"><\/span>        <\/div>\n        \t\t\t\t<\/div>\n\t\t\t\t<\/div>\n\t\t\t\t\t<\/div>\n\t\t<\/div>\n\t\t\t\t\t<\/div>\n\t\t<\/section>\n\t\t\t\t<section class=\"elementor-section elementor-top-section elementor-element elementor-element-bdb7b7c elementor-section-boxed elementor-section-height-default elementor-section-height-default\" data-id=\"bdb7b7c\" data-element_type=\"section\" data-e-type=\"section\">\n\t\t\t\t\t\t<div class=\"elementor-container elementor-column-gap-default\">\n\t\t\t\t\t<div class=\"elementor-column elementor-col-50 elementor-top-column elementor-element elementor-element-9b9f2c0\" data-id=\"9b9f2c0\" data-element_type=\"column\" data-e-type=\"column\">\n\t\t\t<div class=\"elementor-widget-wrap elementor-element-populated\">\n\t\t\t\t\t\t<div class=\"elementor-element elementor-element-f4ea5da elementor-widget elementor-widget-text-editor\" data-id=\"f4ea5da\" data-element_type=\"widget\" data-e-type=\"widget\" data-widget_type=\"text-editor.default\">\n\t\t\t\t<div class=\"elementor-widget-container\">\n\t\t\t\t\t\t\t\t\t<p>Alguns dels molts animals de companyia ex\u00f2tics que tractem inclouen:<\/p><ul><li>Ocells: tractem a la majoria d&#8217;ocells excepte les races m\u00e9s grans com els guacamais o les cacatues.<\/li><li>Mam\u00edfers petits: conills, petaures, rates, conillets d&#8217;\u00edndies, h\u00e0msters, fures i eri\u00e7ons, entre d&#8217;altres.<\/li><li>R\u00e8ptils i amfibis: serps, dracs barbuts, camaleons, tortugues, etc.<\/li><\/ul><p>Els animals ex\u00f2tics tenen necessitats espec\u00edfiques pel que fa a h\u00e0bitat i dieta. Esperem treballar amb tu per crear un pla que tingui a la teva mascota sana i segura. Igual que amb gats i gossos, als animals de companyia ex\u00f2tics tamb\u00e9 els hi va b\u00e9 fer visites regulars al veterinari per fer proves i poder detectar aviat possibles problemes de salut.<\/p>\t\t\t\t\t\t\t\t<\/div>\n\t\t\t\t<\/div>\n\t\t\t\t\t<\/div>\n\t\t<\/div>\n\t\t\t\t<div class=\"elementor-column elementor-col-50 elementor-top-column elementor-element elementor-element-013c40d\" data-id=\"013c40d\" data-element_type=\"column\" data-e-type=\"column\">\n\t\t\t<div class=\"elementor-widget-wrap elementor-element-populated\">\n\t\t\t\t\t\t<div class=\"elementor-element elementor-element-aafa58b elementor-widget elementor-widget-image\" data-id=\"aafa58b\" data-element_type=\"widget\" data-e-type=\"widget\" data-widget_type=\"image.default\">\n\t\t\t\t<div class=\"elementor-widget-container\">\n\t\t\t\t\t\t\t\t\t\t\t\t\t\t\t<img fetchpriority=\"high\" decoding=\"async\" width=\"724\" height=\"448\" src=\"https:\/\/www.unavets.com\/wp-content\/uploads\/2021\/06\/shutterstock_309191834-1-1024x633.jpg\" class=\"attachment-large size-large wp-image-17856\" alt=\"\" \/>\t\t\t\t\t\t\t\t\t\t\t\t\t\t\t<\/div>\n\t\t\t\t<\/div>\n\t\t\t\t<div class=\"elementor-element elementor-element-2112f83 elementor-align-center elementor-widget elementor-widget-button\" data-id=\"2112f83\" data-element_type=\"widget\" data-e-type=\"widget\" data-widget_type=\"button.default\">\n\t\t\t\t<div class=\"elementor-widget-container\">\n\t\t\t\t\t\t\t\t\t<div class=\"elementor-button-wrapper\">\n\t\t\t\t\t<a class=\"elementor-button elementor-button-link elementor-size-sm\" href=\"http:\/\/www.unavets.com\/listings\/our-clinics\/\">\n\t\t\t\t\t\t<span class=\"elementor-button-content-wrapper\">\n\t\t\t\t\t\t\t\t\t<span class=\"elementor-button-text\">Troba la Cl\u00ednica UNAVETS M\u00e9s Propera<\/span>\n\t\t\t\t\t<\/span>\n\t\t\t\t\t<\/a>\n\t\t\t\t<\/div>\n\t\t\t\t\t\t\t\t<\/div>\n\t\t\t\t<\/div>\n\t\t\t\t\t<\/div>\n\t\t<\/div>\n\t\t\t\t\t<\/div>\n\t\t<\/section>\n\t\t\t\t<\/div>\n\t\t","protected":false},"excerpt":{"rendered":"<p>Poden ser de qualsevol forma, mida i color! Alguns dels molts animals de companyia ex\u00f2tics que tractem inclouen: Ocells: tractem a la majoria d&#8217;ocells excepte les races m\u00e9s grans com els guacamais o les cacatues. Mam\u00edfers petits: conills, petaures, rates, conillets d&#8217;\u00edndies, h\u00e0msters, fures i eri\u00e7ons, entre d&#8217;altres. R\u00e8ptils i amfibis: serps, dracs barbuts, camaleons, &hellip; <\/p>\n","protected":false},"author":1,"featured_media":0,"parent":0,"menu_order":0,"comment_status":"closed","ping_status":"closed","template":"page-fullwidth.php","meta":{"_acf_changed":false,"content-type":"","footnotes":""},"class_list":["post-14441","page","type-page","status-publish","hentry"],"acf":[],"_links":{"self":[{"href":"https:\/\/www.unavets.com\/ca\/wp-json\/wp\/v2\/pages\/14441","targetHints":{"allow":["GET"]}}],"collection":[{"href":"https:\/\/www.unavets.com\/ca\/wp-json\/wp\/v2\/pages"}],"about":[{"href":"https:\/\/www.unavets.com\/ca\/wp-json\/wp\/v2\/types\/page"}],"author":[{"embeddable":true,"href":"https:\/\/www.unavets.com\/ca\/wp-json\/wp\/v2\/users\/1"}],"replies":[{"embeddable":true,"href":"https:\/\/www.unavets.com\/ca\/wp-json\/wp\/v2\/comments?post=14441"}],"version-history":[{"count":0,"href":"https:\/\/www.unavets.com\/ca\/wp-json\/wp\/v2\/pages\/14441\/revisions"}],"wp:attachment":[{"href":"https:\/\/www.unavets.com\/ca\/wp-json\/wp\/v2\/media?parent=14441"}],"curies":[{"name":"wp","href":"https:\/\/api.w.org\/{rel}","templated":true}]}}