{"id":14431,"date":"2021-01-29T11:36:42","date_gmt":"2021-01-29T11:36:42","guid":{"rendered":"http:\/\/www.unavets.com\/?page_id=14431"},"modified":"2021-07-15T12:53:19","modified_gmt":"2021-07-15T12:53:19","slug":"rehabilitacio","status":"publish","type":"page","link":"https:\/\/www.unavets.com\/ca\/rehabilitacio\/","title":{"rendered":"Rehabilitaci\u00f3"},"content":{"rendered":"\t\t<div data-elementor-type=\"wp-page\" data-elementor-id=\"14431\" class=\"elementor elementor-14431 elementor-14428\" data-elementor-post-type=\"page\">\n\t\t\t\t\t\t<section class=\"elementor-section elementor-top-section elementor-element elementor-element-24d00af elementor-section-boxed elementor-section-height-default elementor-section-height-default\" data-id=\"24d00af\" data-element_type=\"section\" data-e-type=\"section\" id=\"main-sec\">\n\t\t\t\t\t\t<div class=\"elementor-container elementor-column-gap-default\">\n\t\t\t\t\t<div class=\"elementor-column elementor-col-100 elementor-top-column elementor-element elementor-element-a91e0bc\" data-id=\"a91e0bc\" data-element_type=\"column\" data-e-type=\"column\">\n\t\t\t<div class=\"elementor-widget-wrap elementor-element-populated\">\n\t\t\t\t\t\t<div class=\"elementor-element elementor-element-ba909c6 elementor-widget elementor-widget-section_titleleft\" data-id=\"ba909c6\" data-element_type=\"widget\" data-e-type=\"widget\" data-widget_type=\"section_titleleft.default\">\n\t\t\t\t<div class=\"elementor-widget-container\">\n\t\t\t\t\t        <div class=\"ab_text-title fl-wrap\">\n            <h3>En qu\u00e8 consisteix?<\/h3>La Rehabilitaci\u00f3 \u00e9s un tipus de ter\u00e0pia no invasiva que se centra en les relacions entre els m\u00fasculs, ossos, nervis, tendons i lligaments per a disminuir el dolor i millorar la funci\u00f3 corporal despr\u00e9s d'una lesi\u00f3 o malaltia. <span class=\"section-separator fl-sec-sep\"><\/span>        <\/div>\n        \t\t\t\t<\/div>\n\t\t\t\t<\/div>\n\t\t\t\t\t<\/div>\n\t\t<\/div>\n\t\t\t\t\t<\/div>\n\t\t<\/section>\n\t\t\t\t<section class=\"elementor-section elementor-top-section elementor-element elementor-element-165d93c elementor-section-boxed elementor-section-height-default elementor-section-height-default\" data-id=\"165d93c\" data-element_type=\"section\" data-e-type=\"section\">\n\t\t\t\t\t\t<div class=\"elementor-container elementor-column-gap-default\">\n\t\t\t\t\t<div class=\"elementor-column elementor-col-50 elementor-top-column elementor-element elementor-element-a8f837e\" data-id=\"a8f837e\" data-element_type=\"column\" data-e-type=\"column\">\n\t\t\t<div class=\"elementor-widget-wrap elementor-element-populated\">\n\t\t\t\t\t\t<div class=\"elementor-element elementor-element-1195975 elementor-widget elementor-widget-text-editor\" data-id=\"1195975\" data-element_type=\"widget\" data-e-type=\"widget\" data-widget_type=\"text-editor.default\">\n\t\t\t\t<div class=\"elementor-widget-container\">\n\t\t\t\t\t\t\t\t\t<P>La rehabilitaci\u00f3 canina i felina empra t\u00e8cniques similars a les usades en la fisioter\u00e0pia humana, per a aconseguir un o m\u00e9s dels seg\u00fcents objectius:<\/P><ul>\n \t<li>Accelerar la recuperaci\u00f3 d&#8217;una lesi\u00f3 o cirurgia<\/li>\n \t<li>Augmentar la mobilitat i la flexibilitat<\/li>\n \t<li>Millorar la resist\u00e8ncia i l&#8217;agilitat<\/li>\n \t<li>Disminuir el dolor<\/li>\n \t<li>Facilitar la p\u00e8rdua de pes<\/li>\n \t<li>Mantenir les funcions i prevenir futurs problemes<\/li>\n \t<li>Millorar la qualitat de vida<\/li>\n<\/ul>\t\t\t\t\t\t\t\t<\/div>\n\t\t\t\t<\/div>\n\t\t\t\t\t<\/div>\n\t\t<\/div>\n\t\t\t\t<div class=\"elementor-column elementor-col-50 elementor-top-column elementor-element elementor-element-273df53\" data-id=\"273df53\" data-element_type=\"column\" data-e-type=\"column\">\n\t\t\t<div class=\"elementor-widget-wrap elementor-element-populated\">\n\t\t\t\t\t\t<div class=\"elementor-element elementor-element-87efad6 elementor-widget elementor-widget-image\" data-id=\"87efad6\" data-element_type=\"widget\" data-e-type=\"widget\" data-widget_type=\"image.default\">\n\t\t\t\t<div class=\"elementor-widget-container\">\n\t\t\t\t\t\t\t\t\t\t\t\t\t\t\t<img decoding=\"async\" src=\"http:\/\/www.unavets.com\/lastablas\/wp-content\/uploads\/sites\/2\/2020\/10\/shutterstock_264930377-1.jpg\" title=\"\" alt=\"\" loading=\"lazy\" \/>\t\t\t\t\t\t\t\t\t\t\t\t\t\t\t<\/div>\n\t\t\t\t<\/div>\n\t\t\t\t\t<\/div>\n\t\t<\/div>\n\t\t\t\t\t<\/div>\n\t\t<\/section>\n\t\t\t\t<section class=\"elementor-section elementor-top-section elementor-element elementor-element-52dd1b8 elementor-section-boxed elementor-section-height-default elementor-section-height-default\" data-id=\"52dd1b8\" data-element_type=\"section\" data-e-type=\"section\">\n\t\t\t\t\t\t<div class=\"elementor-container elementor-column-gap-default\">\n\t\t\t\t\t<div class=\"elementor-column elementor-col-100 elementor-top-column elementor-element elementor-element-775e8c6\" data-id=\"775e8c6\" data-element_type=\"column\" data-e-type=\"column\">\n\t\t\t<div class=\"elementor-widget-wrap elementor-element-populated\">\n\t\t\t\t\t\t<div class=\"elementor-element elementor-element-105a506 elementor-widget elementor-widget-section_titleleft\" data-id=\"105a506\" data-element_type=\"widget\" data-e-type=\"widget\" data-widget_type=\"section_titleleft.default\">\n\t\t\t\t<div class=\"elementor-widget-container\">\n\t\t\t\t\t        <div class=\"ab_text-title fl-wrap\">\n            <h3>Tipus de ter\u00e0pies de rehabilitaci\u00f3<\/h3><span class=\"section-separator fl-sec-sep\"><\/span>        <\/div>\n        \t\t\t\t<\/div>\n\t\t\t\t<\/div>\n\t\t\t\t\t<\/div>\n\t\t<\/div>\n\t\t\t\t\t<\/div>\n\t\t<\/section>\n\t\t\t\t<section class=\"elementor-section elementor-top-section elementor-element elementor-element-0a8c2c6 elementor-section-boxed elementor-section-height-default elementor-section-height-default\" data-id=\"0a8c2c6\" data-element_type=\"section\" data-e-type=\"section\">\n\t\t\t\t\t\t<div class=\"elementor-container elementor-column-gap-default\">\n\t\t\t\t\t<div class=\"elementor-column elementor-col-50 elementor-top-column elementor-element elementor-element-3ca9143\" data-id=\"3ca9143\" data-element_type=\"column\" data-e-type=\"column\">\n\t\t\t<div class=\"elementor-widget-wrap elementor-element-populated\">\n\t\t\t\t\t\t<div class=\"elementor-element elementor-element-c02399e elementor-widget elementor-widget-image\" data-id=\"c02399e\" data-element_type=\"widget\" data-e-type=\"widget\" data-widget_type=\"image.default\">\n\t\t\t\t<div class=\"elementor-widget-container\">\n\t\t\t\t\t\t\t\t\t\t\t\t\t\t\t<img decoding=\"async\" src=\"http:\/\/www.unavets.com\/lastablas\/wp-content\/uploads\/sites\/2\/2020\/10\/shutterstock_1724944462-1.jpg\" title=\"\" alt=\"\" loading=\"lazy\" \/>\t\t\t\t\t\t\t\t\t\t\t\t\t\t\t<\/div>\n\t\t\t\t<\/div>\n\t\t\t\t<div class=\"elementor-element elementor-element-9599c94 elementor-align-center elementor-widget elementor-widget-button\" data-id=\"9599c94\" data-element_type=\"widget\" data-e-type=\"widget\" data-widget_type=\"button.default\">\n\t\t\t\t<div class=\"elementor-widget-container\">\n\t\t\t\t\t\t\t\t\t<div class=\"elementor-button-wrapper\">\n\t\t\t\t\t<a class=\"elementor-button elementor-button-link elementor-size-md\" href=\"https:\/\/citaonline116v2.qvet.net\/home\/0x0100000024934DCB6D0E578798A90C6B0EBEB7E08AF515715B3BB72E\/es\/0\" target=\"_blank\" rel=\"noopener\">\n\t\t\t\t\t\t<span class=\"elementor-button-content-wrapper\">\n\t\t\t\t\t\t\t\t\t<span class=\"elementor-button-text\">Troba la Cl\u00ednica UNAVETS M\u00e9s Propera<\/span>\n\t\t\t\t\t<\/span>\n\t\t\t\t\t<\/a>\n\t\t\t\t<\/div>\n\t\t\t\t\t\t\t\t<\/div>\n\t\t\t\t<\/div>\n\t\t\t\t\t<\/div>\n\t\t<\/div>\n\t\t\t\t<div class=\"elementor-column elementor-col-50 elementor-top-column elementor-element elementor-element-8392f8f\" data-id=\"8392f8f\" data-element_type=\"column\" data-e-type=\"column\">\n\t\t\t<div class=\"elementor-widget-wrap elementor-element-populated\">\n\t\t\t\t\t\t<div class=\"elementor-element elementor-element-0983949 elementor-widget elementor-widget-text-editor\" data-id=\"0983949\" data-element_type=\"widget\" data-e-type=\"widget\" data-widget_type=\"text-editor.default\">\n\t\t\t\t<div class=\"elementor-widget-container\">\n\t\t\t\t\t\t\t\t\t<p>Despr\u00e9s d&#8217;una avaluaci\u00f3 realitzada pels nostres especialistes, dissenyem un pla individual de tractament, basant-nos en les necessitats del pacient. La majoria de mascotes poden beneficiar-se d&#8217;un enfocament multidisciplinari, que incorpora ter\u00e0pies com:<\/p><ul><li>Massatge<\/li><li>Estimulaci\u00f3 el\u00e8ctrica neuromuscular<\/li><li>Rang de moviment passiu i exercicis d&#8217;estirament<\/li><li>Sessions de l\u00e0ser o ultras\u00f2 terap\u00e8utic<\/li><li>Programes d&#8217;exercicis terap\u00e8utics<\/li><li>Cinta aqu\u00e0tica<\/li><\/ul><p>Aquestes t\u00e8cniques poden ajudar als animals amb disminuci\u00f3 de la funci\u00f3 i dolor relacionat amb la artrosi i l&#8217;envelliment, animals obesos, gossos de treball i d&#8217;esport, aix\u00ed com els que es recuperen d&#8217;una lesi\u00f3 o cirurgia.<\/p>\t\t\t\t\t\t\t\t<\/div>\n\t\t\t\t<\/div>\n\t\t\t\t\t<\/div>\n\t\t<\/div>\n\t\t\t\t\t<\/div>\n\t\t<\/section>\n\t\t\t\t<section class=\"elementor-section elementor-top-section elementor-element elementor-element-6b1d512 elementor-section-boxed elementor-section-height-default elementor-section-height-default\" data-id=\"6b1d512\" data-element_type=\"section\" data-e-type=\"section\">\n\t\t\t\t\t\t<div class=\"elementor-container elementor-column-gap-default\">\n\t\t\t\t\t<div class=\"elementor-column elementor-col-100 elementor-top-column elementor-element elementor-element-5af7d38\" data-id=\"5af7d38\" data-element_type=\"column\" data-e-type=\"column\">\n\t\t\t<div class=\"elementor-widget-wrap elementor-element-populated\">\n\t\t\t\t\t\t<div class=\"elementor-element elementor-element-b49ec70 elementor-widget elementor-widget-section_titleleft\" data-id=\"b49ec70\" data-element_type=\"widget\" data-e-type=\"widget\" data-widget_type=\"section_titleleft.default\">\n\t\t\t\t<div class=\"elementor-widget-container\">\n\t\t\t\t\t        <div class=\"ab_text-title fl-wrap\">\n            <h3>Com saber si la teva mascota necessita rehabilitaci\u00f3?<\/h3><span class=\"section-separator fl-sec-sep\"><\/span>        <\/div>\n        \t\t\t\t<\/div>\n\t\t\t\t<\/div>\n\t\t\t\t<div class=\"elementor-element elementor-element-074011d elementor-widget elementor-widget-text-editor\" data-id=\"074011d\" data-element_type=\"widget\" data-e-type=\"widget\" data-widget_type=\"text-editor.default\">\n\t\t\t\t<div class=\"elementor-widget-container\">\n\t\t\t\t\t\t\t\t\t<p>La majoria dels animals es poden beneficiar d&#8217;algun tipus de rehabilitaci\u00f3.<br \/>Est\u00e0 indicada, entre d&#8217;altres, en els seg\u00fcents casos:<\/p><p><strong>Ortop\u00e8dia<\/strong><\/p><ul><li>Cirurgia articular<\/li><li>Artritis<\/li><li>Lesions esportives<\/li><li>Reparaci\u00f3 de fractures<\/li><li>Reparaci\u00f3 de tendons i lligaments (\u00e9s a dir, lligaments creuats trencats)<\/li><li>Displ\u00e0sia de maluc i colze<\/li><\/ul><p><strong>Neurologia<\/strong><\/p><ul><li>Cirurgies postoperat\u00f2ries de columna o de disc<\/li><li>Malaltia del disc intervertebral no quir\u00fargic<\/li><li>S\u00edndrome de la inestabilitat cervical<\/li><li>Moviment descoordinat (at\u00e0xia)<\/li><li>Lesions dels nervis perif\u00e8rics<\/li><li>Malaltia nerviosa degenerativa<\/li><\/ul><p><strong>General<\/strong><\/p><ul><li>Dolor cr\u00f2nic<\/li><li>Envelliment (feblesa, rigidesa, artritis)<\/li><li>Reducci\u00f3 de l&#8217;obesitat i manteniment del pes<\/li><li>Entrenament de for\u00e7a i d&#8217;aptitud f\u00edsica per als atletes canins i els gossos de treball<\/li><\/ul>\t\t\t\t\t\t\t\t<\/div>\n\t\t\t\t<\/div>\n\t\t\t\t\t<\/div>\n\t\t<\/div>\n\t\t\t\t\t<\/div>\n\t\t<\/section>\n\t\t\t\t<\/div>\n\t\t","protected":false},"excerpt":{"rendered":"<p>En qu\u00e8 consisteix? La Rehabilitaci\u00f3 \u00e9s un tipus de ter\u00e0pia no invasiva que se centra en les relacions entre els m\u00fasculs, ossos, nervis, tendons i lligaments per a disminuir el dolor i millorar la funci\u00f3 corporal despr\u00e9s d&#8217;una lesi\u00f3 o malaltia. La rehabilitaci\u00f3 canina i felina empra t\u00e8cniques similars a les usades en la fisioter\u00e0pia &hellip; <\/p>\n","protected":false},"author":1,"featured_media":0,"parent":0,"menu_order":0,"comment_status":"closed","ping_status":"closed","template":"page-fullwidth.php","meta":{"_acf_changed":false,"content-type":"","footnotes":""},"class_list":["post-14431","page","type-page","status-publish","hentry"],"acf":[],"_links":{"self":[{"href":"https:\/\/www.unavets.com\/ca\/wp-json\/wp\/v2\/pages\/14431","targetHints":{"allow":["GET"]}}],"collection":[{"href":"https:\/\/www.unavets.com\/ca\/wp-json\/wp\/v2\/pages"}],"about":[{"href":"https:\/\/www.unavets.com\/ca\/wp-json\/wp\/v2\/types\/page"}],"author":[{"embeddable":true,"href":"https:\/\/www.unavets.com\/ca\/wp-json\/wp\/v2\/users\/1"}],"replies":[{"embeddable":true,"href":"https:\/\/www.unavets.com\/ca\/wp-json\/wp\/v2\/comments?post=14431"}],"version-history":[{"count":0,"href":"https:\/\/www.unavets.com\/ca\/wp-json\/wp\/v2\/pages\/14431\/revisions"}],"wp:attachment":[{"href":"https:\/\/www.unavets.com\/ca\/wp-json\/wp\/v2\/media?parent=14431"}],"curies":[{"name":"wp","href":"https:\/\/api.w.org\/{rel}","templated":true}]}}