{"id":14425,"date":"2021-01-29T11:31:56","date_gmt":"2021-01-29T11:31:56","guid":{"rendered":"http:\/\/www.unavets.com\/?page_id=14425"},"modified":"2021-07-15T12:34:10","modified_gmt":"2021-07-15T12:34:10","slug":"tractaments-antiparasitaris","status":"publish","type":"page","link":"https:\/\/www.unavets.com\/ca\/tractaments-antiparasitaris\/","title":{"rendered":"Tractaments Antiparasitaris"},"content":{"rendered":"\t\t<div data-elementor-type=\"wp-page\" data-elementor-id=\"14425\" class=\"elementor elementor-14425 elementor-13663\" data-elementor-post-type=\"page\">\n\t\t\t\t\t\t<section class=\"elementor-section elementor-top-section elementor-element elementor-element-d6ce390 elementor-section-boxed elementor-section-height-default elementor-section-height-default\" data-id=\"d6ce390\" data-element_type=\"section\" data-e-type=\"section\" id=\"main-sec\">\n\t\t\t\t\t\t<div class=\"elementor-container elementor-column-gap-default\">\n\t\t\t\t\t<div class=\"elementor-column elementor-col-100 elementor-top-column elementor-element elementor-element-f4d9c8a\" data-id=\"f4d9c8a\" data-element_type=\"column\" data-e-type=\"column\">\n\t\t\t<div class=\"elementor-widget-wrap elementor-element-populated\">\n\t\t\t\t\t\t<div class=\"elementor-element elementor-element-78088ab elementor-widget elementor-widget-section_titleleft\" data-id=\"78088ab\" data-element_type=\"widget\" data-e-type=\"widget\" data-widget_type=\"section_titleleft.default\">\n\t\t\t\t<div class=\"elementor-widget-container\">\n\t\t\t\t\t        <div class=\"ab_text-title fl-wrap\">\n            Els par\u00e0sits poden afectar les mascotes de formes molt diferents, que van des d'una simple irritaci\u00f3 a malalties que poden ser mortals si no es tracten.<span class=\"section-separator fl-sec-sep\"><\/span>        <\/div>\n        \t\t\t\t<\/div>\n\t\t\t\t<\/div>\n\t\t\t\t\t<\/div>\n\t\t<\/div>\n\t\t\t\t\t<\/div>\n\t\t<\/section>\n\t\t\t\t<section class=\"elementor-section elementor-top-section elementor-element elementor-element-93031b2 elementor-section-boxed elementor-section-height-default elementor-section-height-default\" data-id=\"93031b2\" data-element_type=\"section\" data-e-type=\"section\">\n\t\t\t\t\t\t<div class=\"elementor-container elementor-column-gap-wide\">\n\t\t\t\t\t<div class=\"elementor-column elementor-col-50 elementor-top-column elementor-element elementor-element-8fb18cc\" data-id=\"8fb18cc\" data-element_type=\"column\" data-e-type=\"column\">\n\t\t\t<div class=\"elementor-widget-wrap elementor-element-populated\">\n\t\t\t\t\t\t<div class=\"elementor-element elementor-element-443c3eb elementor-widget elementor-widget-text-editor\" data-id=\"443c3eb\" data-element_type=\"widget\" data-e-type=\"widget\" data-widget_type=\"text-editor.default\">\n\t\t\t\t<div class=\"elementor-widget-container\">\n\t\t\t\t\t\t\t\t\t<p>\u00c9s bastant com\u00fa per a un gos o un gat infectar-se amb par\u00e0sits, interns o externs, en algun moment de la seva vida. El veterinari pot ajudar a prevenir i diagnosticar infeccions parasit\u00e0ries i a tractar altres problemes de salut que no sols afecten els animals, sin\u00f3 tamb\u00e9 a la seguretat de tota la fam\u00edlia.<\/p><p>Par\u00e0sits que tractem:<\/p><ul><li>Cuc del cor (fil\u00e0ria)<\/li><li>Puces<\/li><li>Paparres<\/li><li>\u00c0cars de l&#8217;o\u00efda<\/li><\/ul>\t\t\t\t\t\t\t\t<\/div>\n\t\t\t\t<\/div>\n\t\t\t\t<div class=\"elementor-element elementor-element-476cc11 elementor-widget elementor-widget-toggle\" data-id=\"476cc11\" data-element_type=\"widget\" data-e-type=\"widget\" data-widget_type=\"toggle.default\">\n\t\t\t\t<div class=\"elementor-widget-container\">\n\t\t\t\t\t\t\t<div class=\"elementor-toggle\">\n\t\t\t\t\t\t\t<div class=\"elementor-toggle-item\">\n\t\t\t\t\t<div id=\"elementor-tab-title-7481\" class=\"elementor-tab-title\" data-tab=\"1\" role=\"button\" aria-controls=\"elementor-tab-content-7481\" aria-expanded=\"false\">\n\t\t\t\t\t\t\t\t\t\t\t\t<span class=\"elementor-toggle-icon elementor-toggle-icon-left\" aria-hidden=\"true\">\n\t\t\t\t\t\t\t\t\t\t\t\t\t\t\t<span class=\"elementor-toggle-icon-closed\"><i class=\"fas fa-chevron-down\"><\/i><\/span>\n\t\t\t\t\t\t\t\t<span class=\"elementor-toggle-icon-opened\"><i class=\"elementor-toggle-icon-opened fas fa-chevron-up\"><\/i><\/span>\n\t\t\t\t\t\t\t\t\t\t\t\t\t<\/span>\n\t\t\t\t\t\t\t\t\t\t\t\t<a class=\"elementor-toggle-title\" tabindex=\"0\">Altres par\u00e0sits que tractem<\/a>\n\t\t\t\t\t<\/div>\n\n\t\t\t\t\t<div id=\"elementor-tab-content-7481\" class=\"elementor-tab-content elementor-clearfix\" data-tab=\"1\" role=\"region\" aria-labelledby=\"elementor-tab-title-7481\"><ul><li>Coccidis<\/li><li>Gi\u00e0rdia<\/li><li>\u00c0cars de la sarna<\/li><li>Toxoplasmosis<\/li><li>Anquil\u00f2stoms<\/li><li>Nematodes<\/li><li>T\u00e8nies<\/li><li>Tricoc\u00e8fals.<\/li><\/ul><\/div>\n\t\t\t\t<\/div>\n\t\t\t\t\t\t\t\t<\/div>\n\t\t\t\t\t\t<\/div>\n\t\t\t\t<\/div>\n\t\t\t\t\t<\/div>\n\t\t<\/div>\n\t\t\t\t<div class=\"elementor-column elementor-col-50 elementor-top-column elementor-element elementor-element-f9de53f\" data-id=\"f9de53f\" data-element_type=\"column\" data-e-type=\"column\">\n\t\t\t<div class=\"elementor-widget-wrap elementor-element-populated\">\n\t\t\t\t\t\t<div class=\"elementor-element elementor-element-91501e5 elementor-widget elementor-widget-image\" data-id=\"91501e5\" data-element_type=\"widget\" data-e-type=\"widget\" data-widget_type=\"image.default\">\n\t\t\t\t<div class=\"elementor-widget-container\">\n\t\t\t\t\t\t\t\t\t\t\t\t\t\t\t<img decoding=\"async\" src=\"http:\/\/www.unavets.com\/cabrils\/wp-content\/uploads\/sites\/2\/2020\/10\/Depositphotos_32245909_original.jpg\" title=\"\" alt=\"\" loading=\"lazy\" \/>\t\t\t\t\t\t\t\t\t\t\t\t\t\t\t<\/div>\n\t\t\t\t<\/div>\n\t\t\t\t<div class=\"elementor-element elementor-element-888c61f elementor-align-center elementor-widget elementor-widget-button\" data-id=\"888c61f\" data-element_type=\"widget\" data-e-type=\"widget\" data-widget_type=\"button.default\">\n\t\t\t\t<div class=\"elementor-widget-container\">\n\t\t\t\t\t\t\t\t\t<div class=\"elementor-button-wrapper\">\n\t\t\t\t\t<a class=\"elementor-button elementor-button-link elementor-size-sm\" href=\"http:\/\/www.unavets.com\/ca\/nostres-cliniques\/\">\n\t\t\t\t\t\t<span class=\"elementor-button-content-wrapper\">\n\t\t\t\t\t\t\t\t\t<span class=\"elementor-button-text\">Troba la Cl\u00ednica UNAVETS M\u00e9s Propera<\/span>\n\t\t\t\t\t<\/span>\n\t\t\t\t\t<\/a>\n\t\t\t\t<\/div>\n\t\t\t\t\t\t\t\t<\/div>\n\t\t\t\t<\/div>\n\t\t\t\t\t<\/div>\n\t\t<\/div>\n\t\t\t\t\t<\/div>\n\t\t<\/section>\n\t\t\t\t<section class=\"elementor-section elementor-top-section elementor-element elementor-element-204fa2c elementor-section-boxed elementor-section-height-default elementor-section-height-default\" data-id=\"204fa2c\" data-element_type=\"section\" data-e-type=\"section\">\n\t\t\t\t\t\t<div class=\"elementor-container elementor-column-gap-default\">\n\t\t\t\t\t<div class=\"elementor-column elementor-col-100 elementor-top-column elementor-element elementor-element-928ce25\" data-id=\"928ce25\" data-element_type=\"column\" data-e-type=\"column\">\n\t\t\t<div class=\"elementor-widget-wrap elementor-element-populated\">\n\t\t\t\t\t\t<div class=\"elementor-element elementor-element-5b928bd elementor-widget elementor-widget-section_titleleft\" data-id=\"5b928bd\" data-element_type=\"widget\" data-e-type=\"widget\" data-widget_type=\"section_titleleft.default\">\n\t\t\t\t<div class=\"elementor-widget-container\">\n\t\t\t\t\t        <div class=\"ab_text-title fl-wrap\">\n            <h3>Prevenci\u00f3 anual<\/h3><span class=\"section-separator fl-sec-sep\"><\/span>        <\/div>\n        \t\t\t\t<\/div>\n\t\t\t\t<\/div>\n\t\t\t\t\t<\/div>\n\t\t<\/div>\n\t\t\t\t\t<\/div>\n\t\t<\/section>\n\t\t\t\t<section class=\"elementor-section elementor-top-section elementor-element elementor-element-8a847b5 elementor-section-boxed elementor-section-height-default elementor-section-height-default\" data-id=\"8a847b5\" data-element_type=\"section\" data-e-type=\"section\">\n\t\t\t\t\t\t<div class=\"elementor-container elementor-column-gap-wide\">\n\t\t\t\t\t<div class=\"elementor-column elementor-col-50 elementor-top-column elementor-element elementor-element-bcc4ac9\" data-id=\"bcc4ac9\" data-element_type=\"column\" data-e-type=\"column\">\n\t\t\t<div class=\"elementor-widget-wrap elementor-element-populated\">\n\t\t\t\t\t\t<div class=\"elementor-element elementor-element-59ee26d elementor-widget elementor-widget-image\" data-id=\"59ee26d\" data-element_type=\"widget\" data-e-type=\"widget\" data-widget_type=\"image.default\">\n\t\t\t\t<div class=\"elementor-widget-container\">\n\t\t\t\t\t\t\t\t\t\t\t\t\t\t\t<img decoding=\"async\" src=\"http:\/\/www.unavets.com\/cabrils\/wp-content\/uploads\/sites\/2\/2020\/10\/Depositphotos_37113019_original-1.jpg\" title=\"\" alt=\"\" loading=\"lazy\" \/>\t\t\t\t\t\t\t\t\t\t\t\t\t\t\t<\/div>\n\t\t\t\t<\/div>\n\t\t\t\t<div class=\"elementor-element elementor-element-d1d496f elementor-align-center elementor-widget elementor-widget-button\" data-id=\"d1d496f\" data-element_type=\"widget\" data-e-type=\"widget\" data-widget_type=\"button.default\">\n\t\t\t\t<div class=\"elementor-widget-container\">\n\t\t\t\t\t\t\t\t\t<div class=\"elementor-button-wrapper\">\n\t\t\t\t\t<a class=\"elementor-button elementor-button-link elementor-size-sm\" href=\"http:\/\/www.unavets.com\/ca\/nostres-cliniques\/\">\n\t\t\t\t\t\t<span class=\"elementor-button-content-wrapper\">\n\t\t\t\t\t\t\t\t\t<span class=\"elementor-button-text\">Troba la Cl\u00ednica UNAVETS M\u00e9s Propera<\/span>\n\t\t\t\t\t<\/span>\n\t\t\t\t\t<\/a>\n\t\t\t\t<\/div>\n\t\t\t\t\t\t\t\t<\/div>\n\t\t\t\t<\/div>\n\t\t\t\t\t<\/div>\n\t\t<\/div>\n\t\t\t\t<div class=\"elementor-column elementor-col-50 elementor-top-column elementor-element elementor-element-1a9571f\" data-id=\"1a9571f\" data-element_type=\"column\" data-e-type=\"column\">\n\t\t\t<div class=\"elementor-widget-wrap elementor-element-populated\">\n\t\t\t\t\t\t<div class=\"elementor-element elementor-element-e30f1d4 elementor-widget elementor-widget-text-editor\" data-id=\"e30f1d4\" data-element_type=\"widget\" data-e-type=\"widget\" data-widget_type=\"text-editor.default\">\n\t\t\t\t<div class=\"elementor-widget-container\">\n\t\t\t\t\t\t\t\t\t<p>Els par\u00e0sits poden infectar a les mascotes en qualsevol \u00e8poca de l&#8217;any. Els par\u00e0sits externs com a puces o paparres poden ser menys freq\u00fcents a l&#8217;aire lliure durant certes \u00e8poques de l&#8217;any; no obstant aix\u00f2, sovint sobreviuen a les cases durant els mesos d&#8217;hivern, creant un cicle de vida ininterromput. Altres par\u00e0sits interns, com els cucs, poden perjudicar els animals de companyia durant tot l&#8217;any. Per ajudar a prevenir-lo et recomanem que prenguis les seg\u00fcents mesures:<\/p><ul><li>Fes servir un tractament preventiu contra puces i paparres durant tot l&#8217;any.<\/li><li>Alimenta la teva mascota amb menjar cuinat o preparat (no amb carn crua).<\/li><li>Minimitza les visites a zones on hi hagi molts animals.<\/li><li>Neteja la femta de la teva mascota amb regularitat.<\/li><li>Programa una visita anualment, per realitzar proves i ex\u00e0mens f\u00edsics.<\/li><li>D\u00f3na-li medicaments antiparasitaris, segons les recomanacions del teu veterinari.<\/li><li>Informa&#8217;t sobre els riscos d&#8217;infecci\u00f3 per par\u00e0sits i sobre les mesures de control preventiu que administrem mensualment.<\/li><\/ul>\t\t\t\t\t\t\t\t<\/div>\n\t\t\t\t<\/div>\n\t\t\t\t\t<\/div>\n\t\t<\/div>\n\t\t\t\t\t<\/div>\n\t\t<\/section>\n\t\t\t\t<section class=\"elementor-section elementor-top-section elementor-element elementor-element-6b98517 elementor-section-boxed elementor-section-height-default elementor-section-height-default\" data-id=\"6b98517\" data-element_type=\"section\" data-e-type=\"section\">\n\t\t\t\t\t\t<div class=\"elementor-container elementor-column-gap-default\">\n\t\t\t\t\t<div class=\"elementor-column elementor-col-100 elementor-top-column elementor-element elementor-element-b2a7cdd\" data-id=\"b2a7cdd\" data-element_type=\"column\" data-e-type=\"column\">\n\t\t\t<div class=\"elementor-widget-wrap elementor-element-populated\">\n\t\t\t\t\t\t<div class=\"elementor-element elementor-element-6ff8996 elementor-widget elementor-widget-section_titleleft\" data-id=\"6ff8996\" data-element_type=\"widget\" data-e-type=\"widget\" data-widget_type=\"section_titleleft.default\">\n\t\t\t\t<div class=\"elementor-widget-container\">\n\t\t\t\t\t        <div class=\"ab_text-title fl-wrap\">\n            <h3>Preguntes freq\u00fcents sobre mascotes i par\u00e0sits<\/h3><span class=\"section-separator fl-sec-sep\"><\/span>        <\/div>\n        \t\t\t\t<\/div>\n\t\t\t\t<\/div>\n\t\t\t\t<div class=\"elementor-element elementor-element-f185f05 elementor-widget elementor-widget-text-editor\" data-id=\"f185f05\" data-element_type=\"widget\" data-e-type=\"widget\" data-widget_type=\"text-editor.default\">\n\t\t\t\t<div class=\"elementor-widget-container\">\n\t\t\t\t\t\t\t\t\t<p>Suposen un risc per a la salut de la meva fam\u00edlia les puces i paparres que t\u00e9 la meva mascota?<\/p><p>S\u00ed. Les puces i les paparres poden ser portadores i transmetre diverses malalties als humans de manera directa o indirecta. Per exemple les paparres poden transmetre directament la rickettsiosi (infecci\u00f3 pel bacteri del g\u00e8nere rick\u00e8ttsia). Les puces poden transmetre la Bartonel\u00b7losi als gats (infecci\u00f3 produ\u00efda per bartonel\u00b7la), que poden al seu torn transmetre-la als humans. Les puces tamb\u00e9 serveixen d&#8217;hoste intermedi per a les t\u00e8nies, que poden infectar tant als animals dom\u00e8stics com als humans.<\/p><p>Quin tipus de par\u00e0sits interns o cucs poden infectar al meu gos o gat?<br \/>Hi ha una s\u00e8rie de cucs intestinals que poden infectar a gossos i gats i varien segons l&#8217;esp\u00e8cie. En general, inclouen nematodes, anquil\u00f2stoms, tricoc\u00e8fals i t\u00e8nies i s\u00f3n molt prol\u00edfics. De fet, un cuc pot produir m\u00e9s de 100.000 ous al dia, que despr\u00e9s passen per la femta de la mascota i es propaguen a on sigui que vagi.<\/p><p>Hauria de preocupar-me si la meva mascota t\u00e9 cucs del cor?<\/p><p>S\u00ed. Els cucs del cor (tamb\u00e9 anomenat fil\u00e0ria) poden representar un problema molt seri\u00f3s per a gossos i gats, particularment per als que estan en zones infestades de mosquits, ja que els mosquits s\u00f3n vector i hoste intermedi de la plaga. Els cucs del cor poden matar o afeblir seriosament a les mascotes, perqu\u00e8 aquests par\u00e0sits viuen en el seu torrent sanguini, pulmons i cor. El veterinari pot realitzar una an\u00e0lisi de sang per a determinar si la teva mascota ha estat infectada per aquest par\u00e0sit.<\/p>\t\t\t\t\t\t\t\t<\/div>\n\t\t\t\t<\/div>\n\t\t\t\t\t<\/div>\n\t\t<\/div>\n\t\t\t\t\t<\/div>\n\t\t<\/section>\n\t\t\t\t<\/div>\n\t\t","protected":false},"excerpt":{"rendered":"<p>Els par\u00e0sits poden afectar les mascotes de formes molt diferents, que van des d&#8217;una simple irritaci\u00f3 a malalties que poden ser mortals si no es tracten. \u00c9s bastant com\u00fa per a un gos o un gat infectar-se amb par\u00e0sits, interns o externs, en algun moment de la seva vida. El veterinari pot ajudar a prevenir &hellip; <\/p>\n","protected":false},"author":1,"featured_media":0,"parent":0,"menu_order":0,"comment_status":"closed","ping_status":"closed","template":"page-fullwidth.php","meta":{"_acf_changed":false,"content-type":"","footnotes":""},"class_list":["post-14425","page","type-page","status-publish","hentry"],"acf":[],"_links":{"self":[{"href":"https:\/\/www.unavets.com\/ca\/wp-json\/wp\/v2\/pages\/14425","targetHints":{"allow":["GET"]}}],"collection":[{"href":"https:\/\/www.unavets.com\/ca\/wp-json\/wp\/v2\/pages"}],"about":[{"href":"https:\/\/www.unavets.com\/ca\/wp-json\/wp\/v2\/types\/page"}],"author":[{"embeddable":true,"href":"https:\/\/www.unavets.com\/ca\/wp-json\/wp\/v2\/users\/1"}],"replies":[{"embeddable":true,"href":"https:\/\/www.unavets.com\/ca\/wp-json\/wp\/v2\/comments?post=14425"}],"version-history":[{"count":0,"href":"https:\/\/www.unavets.com\/ca\/wp-json\/wp\/v2\/pages\/14425\/revisions"}],"wp:attachment":[{"href":"https:\/\/www.unavets.com\/ca\/wp-json\/wp\/v2\/media?parent=14425"}],"curies":[{"name":"wp","href":"https:\/\/api.w.org\/{rel}","templated":true}]}}