{"id":14402,"date":"2021-01-29T08:47:10","date_gmt":"2021-01-29T08:47:10","guid":{"rendered":"http:\/\/www.unavets.com\/?page_id=14402"},"modified":"2021-07-15T12:54:55","modified_gmt":"2021-07-15T12:54:55","slug":"terapia-amb-laser","status":"publish","type":"page","link":"https:\/\/www.unavets.com\/ca\/terapia-amb-laser\/","title":{"rendered":"Ter\u00e0pia amb L\u00e0ser"},"content":{"rendered":"\t\t<div data-elementor-type=\"wp-page\" data-elementor-id=\"14402\" class=\"elementor elementor-14402 elementor-13651\" data-elementor-post-type=\"page\">\n\t\t\t\t\t\t<section class=\"elementor-section elementor-top-section elementor-element elementor-element-df41e63 elementor-section-boxed elementor-section-height-default elementor-section-height-default\" data-id=\"df41e63\" data-element_type=\"section\" data-e-type=\"section\" id=\"main-sec\">\n\t\t\t\t\t\t<div class=\"elementor-container elementor-column-gap-default\">\n\t\t\t\t\t<div class=\"elementor-column elementor-col-100 elementor-top-column elementor-element elementor-element-87b1c03\" data-id=\"87b1c03\" data-element_type=\"column\" data-e-type=\"column\">\n\t\t\t<div class=\"elementor-widget-wrap elementor-element-populated\">\n\t\t\t\t\t\t<div class=\"elementor-element elementor-element-d600991 elementor-widget elementor-widget-section_titleleft\" data-id=\"d600991\" data-element_type=\"widget\" data-e-type=\"widget\" data-widget_type=\"section_titleleft.default\">\n\t\t\t\t<div class=\"elementor-widget-container\">\n\t\t\t\t\t        <div class=\"ab_text-title fl-wrap\">\n            <h3>Qu\u00e8 \u00e9s la Ter\u00e0pia amb L\u00e0ser?<\/h3>La ter\u00e0pia amb l\u00e0ser \u00e9s un tractament sense medicaments o cirurgia, que s'utilitza en la medicina veterin\u00e0ria des de fa d\u00e8cades. Aquest procediment s'ha demostrat cl\u00ednicament efica\u00e7 en el tractament d'un nombre de malalties en gossos, gats i altres animals.<span class=\"section-separator fl-sec-sep\"><\/span>        <\/div>\n        \t\t\t\t<\/div>\n\t\t\t\t<\/div>\n\t\t\t\t\t<\/div>\n\t\t<\/div>\n\t\t\t\t\t<\/div>\n\t\t<\/section>\n\t\t\t\t<section class=\"elementor-section elementor-top-section elementor-element elementor-element-1f1594d elementor-section-boxed elementor-section-height-default elementor-section-height-default\" data-id=\"1f1594d\" data-element_type=\"section\" data-e-type=\"section\">\n\t\t\t\t\t\t<div class=\"elementor-container elementor-column-gap-wide\">\n\t\t\t\t\t<div class=\"elementor-column elementor-col-50 elementor-top-column elementor-element elementor-element-c5b4b4f\" data-id=\"c5b4b4f\" data-element_type=\"column\" data-e-type=\"column\">\n\t\t\t<div class=\"elementor-widget-wrap elementor-element-populated\">\n\t\t\t\t\t\t<div class=\"elementor-element elementor-element-4449033 elementor-widget elementor-widget-text-editor\" data-id=\"4449033\" data-element_type=\"widget\" data-e-type=\"widget\" data-widget_type=\"text-editor.default\">\n\t\t\t\t<div class=\"elementor-widget-container\">\n\t\t\t\t\t\t\t\t\t<p><strong>Quines malalties poden ser tractades amb la ter\u00e0pia l\u00e0ser?<\/strong><\/p><p>Els casos m\u00e9s comuns en qu\u00e8 utilitzem aquesta ter\u00e0pia s\u00f3n:<\/p><ul><li>L&#8217;artrosi, malalties degeneratives de les articulacions<\/li><li>Mal d&#8217;esquena\/malaltia del disc<\/li><li>Trastorns dermatol\u00f2gics (per exemple, punts calents, dermatitis interdigital i granulomes)<\/li><li>Alleujament del dolor postquir\u00fargic<\/li><li>Tendinitis<\/li><li>Ferides<\/li><li>Otitis externa<\/li><li>Tor\u00e7ades i esquin\u00e7os<\/li><\/ul>\t\t\t\t\t\t\t\t<\/div>\n\t\t\t\t<\/div>\n\t\t\t\t\t<\/div>\n\t\t<\/div>\n\t\t\t\t<div class=\"elementor-column elementor-col-50 elementor-top-column elementor-element elementor-element-d7c786a\" data-id=\"d7c786a\" data-element_type=\"column\" data-e-type=\"column\">\n\t\t\t<div class=\"elementor-widget-wrap elementor-element-populated\">\n\t\t\t\t\t\t<div class=\"elementor-element elementor-element-56fc9b8 elementor-widget elementor-widget-image\" data-id=\"56fc9b8\" data-element_type=\"widget\" data-e-type=\"widget\" data-widget_type=\"image.default\">\n\t\t\t\t<div class=\"elementor-widget-container\">\n\t\t\t\t\t\t\t\t\t\t\t\t\t\t\t<img decoding=\"async\" src=\"http:\/\/www.unavets.com\/cabrils\/wp-content\/uploads\/sites\/2\/2020\/10\/shutterstock_607531682-1.jpg\" title=\"\" alt=\"\" loading=\"lazy\" \/>\t\t\t\t\t\t\t\t\t\t\t\t\t\t\t<\/div>\n\t\t\t\t<\/div>\n\t\t\t\t\t<\/div>\n\t\t<\/div>\n\t\t\t\t\t<\/div>\n\t\t<\/section>\n\t\t\t\t<section class=\"elementor-section elementor-top-section elementor-element elementor-element-068d5ab elementor-section-boxed elementor-section-height-default elementor-section-height-default\" data-id=\"068d5ab\" data-element_type=\"section\" data-e-type=\"section\">\n\t\t\t\t\t\t<div class=\"elementor-container elementor-column-gap-default\">\n\t\t\t\t\t<div class=\"elementor-column elementor-col-100 elementor-top-column elementor-element elementor-element-0036821\" data-id=\"0036821\" data-element_type=\"column\" data-e-type=\"column\">\n\t\t\t<div class=\"elementor-widget-wrap elementor-element-populated\">\n\t\t\t\t\t\t<div class=\"elementor-element elementor-element-005a860 elementor-widget elementor-widget-section_titleleft\" data-id=\"005a860\" data-element_type=\"widget\" data-e-type=\"widget\" data-widget_type=\"section_titleleft.default\">\n\t\t\t\t<div class=\"elementor-widget-container\">\n\t\t\t\t\t        <div class=\"ab_text-title fl-wrap\">\n            <h3>Com Funciona la Ter\u00e0pia amb L\u00e0ser?<\/h3><span class=\"section-separator fl-sec-sep\"><\/span>        <\/div>\n        \t\t\t\t<\/div>\n\t\t\t\t<\/div>\n\t\t\t\t\t<\/div>\n\t\t<\/div>\n\t\t\t\t\t<\/div>\n\t\t<\/section>\n\t\t\t\t<section class=\"elementor-section elementor-top-section elementor-element elementor-element-9f00b97 elementor-section-boxed elementor-section-height-default elementor-section-height-default\" data-id=\"9f00b97\" data-element_type=\"section\" data-e-type=\"section\">\n\t\t\t\t\t\t<div class=\"elementor-container elementor-column-gap-wide\">\n\t\t\t\t\t<div class=\"elementor-column elementor-col-50 elementor-top-column elementor-element elementor-element-41aecff\" data-id=\"41aecff\" data-element_type=\"column\" data-e-type=\"column\">\n\t\t\t<div class=\"elementor-widget-wrap elementor-element-populated\">\n\t\t\t\t\t\t<div class=\"elementor-element elementor-element-6e9eb76 elementor-widget elementor-widget-image\" data-id=\"6e9eb76\" data-element_type=\"widget\" data-e-type=\"widget\" data-widget_type=\"image.default\">\n\t\t\t\t<div class=\"elementor-widget-container\">\n\t\t\t\t\t\t\t\t\t\t\t\t\t\t\t<img decoding=\"async\" src=\"http:\/\/www.unavets.com\/cabrils\/wp-content\/uploads\/sites\/2\/2020\/10\/shutterstock_400487158-1.jpg\" title=\"\" alt=\"\" loading=\"lazy\" \/>\t\t\t\t\t\t\t\t\t\t\t\t\t\t\t<\/div>\n\t\t\t\t<\/div>\n\t\t\t\t\t<\/div>\n\t\t<\/div>\n\t\t\t\t<div class=\"elementor-column elementor-col-50 elementor-top-column elementor-element elementor-element-e3f3659\" data-id=\"e3f3659\" data-element_type=\"column\" data-e-type=\"column\">\n\t\t\t<div class=\"elementor-widget-wrap elementor-element-populated\">\n\t\t\t\t\t\t<div class=\"elementor-element elementor-element-01b0c11 elementor-widget elementor-widget-text-editor\" data-id=\"01b0c11\" data-element_type=\"widget\" data-e-type=\"widget\" data-widget_type=\"text-editor.default\">\n\t\t\t\t<div class=\"elementor-widget-container\">\n\t\t\t\t\t\t\t\t\t<div class=\"ewa-rteLine\">La ter\u00e0pia amb l\u00e0ser utilitza un feix intens de part\u00edcules de llum (fotons) que de manera segura i sense dolor, penetra profundament en el teixit i estimula la cicatritzaci\u00f3 de les c\u00e8l\u00b7lules. Els fotons estimulen els mitocondris dins de les c\u00e8l\u00b7lules per a produir ATP (Trifosfat d&#8217;adenosina) a trav\u00e9s d&#8217;un canvi qu\u00edmic anomenat &#8220;foto-bio-modulaci\u00f3&#8221;.<\/div><div class=\"ewa-rteLine\">\u00a0<\/div><div class=\"ewa-rteLine\">L&#8217;ATP proporciona l&#8217;energia necess\u00e0ria per a curar. L&#8217;augment en la producci\u00f3 d&#8217;ATP redueix la inflamaci\u00f3, alleuja el dolor, accelera la reparaci\u00f3 de teixits i el creixement cel\u00b7lular, millora el flux sanguini en la zona de la lesi\u00f3, permet una curaci\u00f3 m\u00e9s r\u00e0pida de les ferides i pot millorar la funci\u00f3 nerviosa. Un altre aspecte positiu \u00e9s que no produeix efectes secundaris i la majoria de les mascotes experimenten resultats positius de seguida.<\/div>\t\t\t\t\t\t\t\t<\/div>\n\t\t\t\t<\/div>\n\t\t\t\t<div class=\"elementor-element elementor-element-07b079b elementor-align-center elementor-widget elementor-widget-button\" data-id=\"07b079b\" data-element_type=\"widget\" data-e-type=\"widget\" data-widget_type=\"button.default\">\n\t\t\t\t<div class=\"elementor-widget-container\">\n\t\t\t\t\t\t\t\t\t<div class=\"elementor-button-wrapper\">\n\t\t\t\t\t<a class=\"elementor-button elementor-button-link elementor-size-sm\" href=\"http:\/\/www.unavets.com\/ca\/nostres-cliniques\/\">\n\t\t\t\t\t\t<span class=\"elementor-button-content-wrapper\">\n\t\t\t\t\t\t\t\t\t<span class=\"elementor-button-text\">Troba la Cl\u00ednica UNAVETS M\u00e9s Propera<\/span>\n\t\t\t\t\t<\/span>\n\t\t\t\t\t<\/a>\n\t\t\t\t<\/div>\n\t\t\t\t\t\t\t\t<\/div>\n\t\t\t\t<\/div>\n\t\t\t\t\t<\/div>\n\t\t<\/div>\n\t\t\t\t\t<\/div>\n\t\t<\/section>\n\t\t\t\t<section class=\"elementor-section elementor-top-section elementor-element elementor-element-14e36be elementor-section-boxed elementor-section-height-default elementor-section-height-default\" data-id=\"14e36be\" data-element_type=\"section\" data-e-type=\"section\">\n\t\t\t\t\t\t<div class=\"elementor-container elementor-column-gap-default\">\n\t\t\t\t\t<div class=\"elementor-column elementor-col-100 elementor-top-column elementor-element elementor-element-47f39d6\" data-id=\"47f39d6\" data-element_type=\"column\" data-e-type=\"column\">\n\t\t\t<div class=\"elementor-widget-wrap elementor-element-populated\">\n\t\t\t\t\t\t<div class=\"elementor-element elementor-element-dd6d3f1 elementor-widget elementor-widget-section_titleleft\" data-id=\"dd6d3f1\" data-element_type=\"widget\" data-e-type=\"widget\" data-widget_type=\"section_titleleft.default\">\n\t\t\t\t<div class=\"elementor-widget-container\">\n\t\t\t\t\t        <div class=\"ab_text-title fl-wrap\">\n            <h3>Qu\u00e8 es Pot Esperar de la Ter\u00e0pia amb L\u00e0ser?<\/h3><span class=\"section-separator fl-sec-sep\"><\/span>        <\/div>\n        \t\t\t\t<\/div>\n\t\t\t\t<\/div>\n\t\t\t\t<div class=\"elementor-element elementor-element-ce479ea elementor-widget elementor-widget-text-editor\" data-id=\"ce479ea\" data-element_type=\"widget\" data-e-type=\"widget\" data-widget_type=\"text-editor.default\">\n\t\t\t\t<div class=\"elementor-widget-container\">\n\t\t\t\t\t\t\t\t\t<p>La llum l\u00e0ser s&#8217;aplica amb una pe\u00e7a de m\u00e0 no invasiva, en les zones del cos que necessiten tractament. Durant el proc\u00e9s, els animals solen experimentar una sensaci\u00f3 c\u00e0lida i calmant, similar a la d&#8217;un massatge.<\/p><p>La majoria de sessions es realitzen en menys de 10 minuts. La quantitat i freq\u00fc\u00e8ncia dels tractaments estan determinats per la gravetat i la lesi\u00f3 espec\u00edfica que pateix cada mascota.<\/p>\t\t\t\t\t\t\t\t<\/div>\n\t\t\t\t<\/div>\n\t\t\t\t\t<\/div>\n\t\t<\/div>\n\t\t\t\t\t<\/div>\n\t\t<\/section>\n\t\t\t\t<\/div>\n\t\t","protected":false},"excerpt":{"rendered":"<p>Qu\u00e8 \u00e9s la Ter\u00e0pia amb L\u00e0ser? La ter\u00e0pia amb l\u00e0ser \u00e9s un tractament sense medicaments o cirurgia, que s&#8217;utilitza en la medicina veterin\u00e0ria des de fa d\u00e8cades. Aquest procediment s&#8217;ha demostrat cl\u00ednicament efica\u00e7 en el tractament d&#8217;un nombre de malalties en gossos, gats i altres animals. Quines malalties poden ser tractades amb la ter\u00e0pia l\u00e0ser? &hellip; <\/p>\n","protected":false},"author":1,"featured_media":0,"parent":0,"menu_order":0,"comment_status":"closed","ping_status":"closed","template":"page-fullwidth.php","meta":{"_acf_changed":false,"content-type":"","footnotes":""},"class_list":["post-14402","page","type-page","status-publish","hentry"],"acf":[],"_links":{"self":[{"href":"https:\/\/www.unavets.com\/ca\/wp-json\/wp\/v2\/pages\/14402","targetHints":{"allow":["GET"]}}],"collection":[{"href":"https:\/\/www.unavets.com\/ca\/wp-json\/wp\/v2\/pages"}],"about":[{"href":"https:\/\/www.unavets.com\/ca\/wp-json\/wp\/v2\/types\/page"}],"author":[{"embeddable":true,"href":"https:\/\/www.unavets.com\/ca\/wp-json\/wp\/v2\/users\/1"}],"replies":[{"embeddable":true,"href":"https:\/\/www.unavets.com\/ca\/wp-json\/wp\/v2\/comments?post=14402"}],"version-history":[{"count":0,"href":"https:\/\/www.unavets.com\/ca\/wp-json\/wp\/v2\/pages\/14402\/revisions"}],"wp:attachment":[{"href":"https:\/\/www.unavets.com\/ca\/wp-json\/wp\/v2\/media?parent=14402"}],"curies":[{"name":"wp","href":"https:\/\/api.w.org\/{rel}","templated":true}]}}