{"id":14373,"date":"2021-01-29T08:10:45","date_gmt":"2021-01-29T08:10:45","guid":{"rendered":"http:\/\/www.unavets.com\/?page_id=14373"},"modified":"2022-03-28T19:49:00","modified_gmt":"2022-03-28T19:49:00","slug":"laboratori","status":"publish","type":"page","link":"https:\/\/www.unavets.com\/ca\/laboratori\/","title":{"rendered":"Laboratori"},"content":{"rendered":"\t\t<div data-elementor-type=\"wp-page\" data-elementor-id=\"14373\" class=\"elementor elementor-14373 elementor-13641\" data-elementor-post-type=\"page\">\n\t\t\t\t\t\t<section class=\"elementor-section elementor-top-section elementor-element elementor-element-6360fb6 elementor-section-boxed elementor-section-height-default elementor-section-height-default\" data-id=\"6360fb6\" data-element_type=\"section\" data-e-type=\"section\" id=\"main-sec\">\n\t\t\t\t\t\t<div class=\"elementor-container elementor-column-gap-default\">\n\t\t\t\t\t<div class=\"elementor-column elementor-col-100 elementor-top-column elementor-element elementor-element-215f58c\" data-id=\"215f58c\" data-element_type=\"column\" data-e-type=\"column\">\n\t\t\t<div class=\"elementor-widget-wrap elementor-element-populated\">\n\t\t\t\t\t\t<div class=\"elementor-element elementor-element-58fd523 elementor-widget elementor-widget-section_titleleft\" data-id=\"58fd523\" data-element_type=\"widget\" data-e-type=\"widget\" data-widget_type=\"section_titleleft.default\">\n\t\t\t\t<div class=\"elementor-widget-container\">\n\t\t\t\t\t        <div class=\"ab_text-title fl-wrap\">\n            A les nostres cl\u00edniques realitzem proves b\u00e0siques de laboratori. Els nostres veterinaris poden recollir les mostres necess\u00e0ries en la consulta o tu mateix\/a pots prendre una mostra a casa (femta, orina) i portar-la a la cl\u00ednica.<span class=\"section-separator fl-sec-sep\"><\/span>        <\/div>\n        \t\t\t\t<\/div>\n\t\t\t\t<\/div>\n\t\t\t\t<section class=\"elementor-section elementor-inner-section elementor-element elementor-element-756c401 elementor-section-boxed elementor-section-height-default elementor-section-height-default\" data-id=\"756c401\" data-element_type=\"section\" data-e-type=\"section\">\n\t\t\t\t\t\t<div class=\"elementor-container elementor-column-gap-default\">\n\t\t\t\t\t<div class=\"elementor-column elementor-col-50 elementor-inner-column elementor-element elementor-element-6038dc3\" data-id=\"6038dc3\" data-element_type=\"column\" data-e-type=\"column\">\n\t\t\t<div class=\"elementor-widget-wrap elementor-element-populated\">\n\t\t\t\t\t\t<div class=\"elementor-element elementor-element-693e300 elementor-widget elementor-widget-text-editor\" data-id=\"693e300\" data-element_type=\"widget\" data-e-type=\"widget\" data-widget_type=\"text-editor.default\">\n\t\t\t\t<div class=\"elementor-widget-container\">\n\t\t\t\t\t\t\t\t\t<p><strong>An\u00e0lisi de sang<\/strong><\/p><p>Una de les proves m\u00e9s comunes \u00e9s un recompte sanguini complet (CBC) que analitza la quantitat i l&#8217;aspecte de les c\u00e8l\u00b7lules sangu\u00ednies. Aquesta prova \u00e9s important en el diagn\u00f2stic i seguiment de malalties i infeccions i pot indicar per exemple, si la mascota pateix deshidrataci\u00f3, diarrea o an\u00e8mia. Els resultats poden dir-nos molt sobre el funcionament del seu cos i pot indicar possibles problemes de salut.<\/p><p><strong>Prova de femta<\/strong><\/p><p>La mostra de femta es pot obtenir abans d&#8217;una visita o el mateix veterinari pot recollir-la. El material s&#8217;examina sota un microscopi. Ens permet detectar la pres\u00e8ncia d&#8217;ous de par\u00e0sits com Giardia i Cryptosporidium o b\u00e9 ous d&#8217;altres par\u00e0sits, com ara cucs, anquil\u00f2stoms i t\u00e8nies. Tamb\u00e9 es poden observar larves, cucs adults o segments de t\u00e8nies.<\/p>\t\t\t\t\t\t\t\t<\/div>\n\t\t\t\t<\/div>\n\t\t\t\t\t<\/div>\n\t\t<\/div>\n\t\t\t\t<div class=\"elementor-column elementor-col-50 elementor-inner-column elementor-element elementor-element-5df890a\" data-id=\"5df890a\" data-element_type=\"column\" data-e-type=\"column\">\n\t\t\t<div class=\"elementor-widget-wrap elementor-element-populated\">\n\t\t\t\t\t\t<div class=\"elementor-element elementor-element-0d94a67 elementor-widget elementor-widget-image\" data-id=\"0d94a67\" data-element_type=\"widget\" data-e-type=\"widget\" data-widget_type=\"image.default\">\n\t\t\t\t<div class=\"elementor-widget-container\">\n\t\t\t\t\t\t\t\t\t\t\t\t\t\t\t<img decoding=\"async\" src=\"http:\/\/www.unavets.com\/cabrils\/wp-content\/uploads\/sites\/2\/2020\/10\/shutterstock_599408846-1.jpg\" title=\"\" alt=\"\" loading=\"lazy\" \/>\t\t\t\t\t\t\t\t\t\t\t\t\t\t\t<\/div>\n\t\t\t\t<\/div>\n\t\t\t\t<div class=\"elementor-element elementor-element-3d3cd9c elementor-align-center elementor-widget elementor-widget-button\" data-id=\"3d3cd9c\" data-element_type=\"widget\" data-e-type=\"widget\" data-widget_type=\"button.default\">\n\t\t\t\t<div class=\"elementor-widget-container\">\n\t\t\t\t\t\t\t\t\t<div class=\"elementor-button-wrapper\">\n\t\t\t\t\t<a class=\"elementor-button elementor-button-link elementor-size-sm\" href=\"http:\/\/www.unavets.com\/ca\/nostres-cliniques\/\">\n\t\t\t\t\t\t<span class=\"elementor-button-content-wrapper\">\n\t\t\t\t\t\t\t\t\t<span class=\"elementor-button-text\">Troba la Cl\u00ednica UNAVETS M\u00e9s Propera<\/span>\n\t\t\t\t\t<\/span>\n\t\t\t\t\t<\/a>\n\t\t\t\t<\/div>\n\t\t\t\t\t\t\t\t<\/div>\n\t\t\t\t<\/div>\n\t\t\t\t\t<\/div>\n\t\t<\/div>\n\t\t\t\t\t<\/div>\n\t\t<\/section>\n\t\t\t\t\t<\/div>\n\t\t<\/div>\n\t\t\t\t\t<\/div>\n\t\t<\/section>\n\t\t\t\t<section class=\"elementor-section elementor-top-section elementor-element elementor-element-2d072b7 elementor-section-boxed elementor-section-height-default elementor-section-height-default\" data-id=\"2d072b7\" data-element_type=\"section\" data-e-type=\"section\">\n\t\t\t\t\t\t<div class=\"elementor-container elementor-column-gap-default\">\n\t\t\t\t\t<div class=\"elementor-column elementor-col-50 elementor-top-column elementor-element elementor-element-b422db3\" data-id=\"b422db3\" data-element_type=\"column\" data-e-type=\"column\">\n\t\t\t<div class=\"elementor-widget-wrap elementor-element-populated\">\n\t\t\t\t\t\t<div class=\"elementor-element elementor-element-e8f480e elementor-widget elementor-widget-image\" data-id=\"e8f480e\" data-element_type=\"widget\" data-e-type=\"widget\" data-widget_type=\"image.default\">\n\t\t\t\t<div class=\"elementor-widget-container\">\n\t\t\t\t\t\t\t\t\t\t\t\t\t\t\t<img decoding=\"async\" src=\"http:\/\/www.unavets.com\/cabrils\/wp-content\/uploads\/sites\/2\/2020\/10\/shutterstock_487940758-1.jpg\" title=\"\" alt=\"\" loading=\"lazy\" \/>\t\t\t\t\t\t\t\t\t\t\t\t\t\t\t<\/div>\n\t\t\t\t<\/div>\n\t\t\t\t\t<\/div>\n\t\t<\/div>\n\t\t\t\t<div class=\"elementor-column elementor-col-50 elementor-top-column elementor-element elementor-element-266b40f\" data-id=\"266b40f\" data-element_type=\"column\" data-e-type=\"column\">\n\t\t\t<div class=\"elementor-widget-wrap elementor-element-populated\">\n\t\t\t\t\t\t<div class=\"elementor-element elementor-element-c87a920 elementor-widget elementor-widget-text-editor\" data-id=\"c87a920\" data-element_type=\"widget\" data-e-type=\"widget\" data-widget_type=\"text-editor.default\">\n\t\t\t\t<div class=\"elementor-widget-container\">\n\t\t\t\t\t\t\t\t\t<p><strong>An\u00e0lisi d&#8217;orina<\/strong><\/p><p>L&#8217;an\u00e0lisi de l&#8217;orina \u00e9s important per detectar diversos tipus de malalties del tracte urinari, malaltia renal o hemorr\u00e0gia interna. La mostra ha d&#8217;analitzar-se immediatament despr\u00e9s de la recollida, ja que l&#8217;orina es degrada a determinades temperatures.<\/p><p>Habitualment analitzem l&#8217;aparen\u00e7a, concentraci\u00f3 i contingut de l&#8217;orina.<\/p><p>L&#8217;orina normal \u00e9s de color groc o ambre i hauria de ser transparent o d&#8217;un to clar. La pres\u00e8ncia de malalties o infeccions pot canviar el color o el to.<\/p>\t\t\t\t\t\t\t\t<\/div>\n\t\t\t\t<\/div>\n\t\t\t\t\t<\/div>\n\t\t<\/div>\n\t\t\t\t\t<\/div>\n\t\t<\/section>\n\t\t\t\t<section class=\"elementor-section elementor-top-section elementor-element elementor-element-90471a9 elementor-section-boxed elementor-section-height-default elementor-section-height-default\" data-id=\"90471a9\" data-element_type=\"section\" data-e-type=\"section\">\n\t\t\t\t\t\t<div class=\"elementor-container elementor-column-gap-default\">\n\t\t\t\t\t<div class=\"elementor-column elementor-col-100 elementor-top-column elementor-element elementor-element-47f2c38\" data-id=\"47f2c38\" data-element_type=\"column\" data-e-type=\"column\">\n\t\t\t<div class=\"elementor-widget-wrap elementor-element-populated\">\n\t\t\t\t\t\t<section class=\"elementor-section elementor-inner-section elementor-element elementor-element-3faf042 elementor-section-boxed elementor-section-height-default elementor-section-height-default\" data-id=\"3faf042\" data-element_type=\"section\" data-e-type=\"section\">\n\t\t\t\t\t\t<div class=\"elementor-container elementor-column-gap-default\">\n\t\t\t\t\t<div class=\"elementor-column elementor-col-50 elementor-inner-column elementor-element elementor-element-56f976d\" data-id=\"56f976d\" data-element_type=\"column\" data-e-type=\"column\">\n\t\t\t<div class=\"elementor-widget-wrap elementor-element-populated\">\n\t\t\t\t\t\t<div class=\"elementor-element elementor-element-ebd9a30 elementor-widget elementor-widget-text-editor\" data-id=\"ebd9a30\" data-element_type=\"widget\" data-e-type=\"widget\" data-widget_type=\"text-editor.default\">\n\t\t\t\t<div class=\"elementor-widget-container\">\n\t\t\t\t\t\t\t\t\t<p><strong>An\u00e0lisi d\u2019hormones<\/strong><\/p><p>L\u2019exc\u00e9s o falta de certes hormones en l\u2019organisme dels animals pot desencadenar diverses malalties, com la diabetis, la s\u00edndrome de Cushing, la malaltia d\u2019Addison, l\u2019hipertiro\u00efdisme, etc. Per preveure aix\u00f2, podem identificar el nivell d\u2019aquestes hormones en els animals, mitjan\u00e7ant una mostra de sang que processem en el nostre laboratori.<\/p><p><strong>Citologia<\/strong><\/p><p>La citologia \u00e9s una prova diagn\u00f2stica que els veterinaris de UNAVETS fan servir per detectar anomalies o lesions en les c\u00e8l\u00b7lules. Per fer-ho, necessiten prendre una mostra de la lesi\u00f3, que obtenen mitjan\u00e7ant aspiraci\u00f3 amb agulla o fent una empremta de la lesi\u00f3. A continuaci\u00f3 s\u2019apliquen t\u00e8cniques de tinci\u00f3 a la mostra i s\u2019analitza sota el microscopi.<\/p><p>La citologia ens permet:<\/p><ul><li>Diferenciar quan una lesi\u00f3 \u00e9s tumoral o no.<\/li><li>Classificar els neoplasmes o tumors com a benignes o malignes.<\/li><li>Determinar si s\u2019ha d\u2019emprar un tractament m\u00e8dic o quir\u00fargic.<\/li><\/ul>\t\t\t\t\t\t\t\t<\/div>\n\t\t\t\t<\/div>\n\t\t\t\t\t<\/div>\n\t\t<\/div>\n\t\t\t\t<div class=\"elementor-column elementor-col-50 elementor-inner-column elementor-element elementor-element-0408697\" data-id=\"0408697\" data-element_type=\"column\" data-e-type=\"column\">\n\t\t\t<div class=\"elementor-widget-wrap elementor-element-populated\">\n\t\t\t\t\t\t<div class=\"elementor-element elementor-element-c67d105 elementor-widget elementor-widget-image\" data-id=\"c67d105\" data-element_type=\"widget\" data-e-type=\"widget\" data-widget_type=\"image.default\">\n\t\t\t\t<div class=\"elementor-widget-container\">\n\t\t\t\t\t\t\t\t\t\t\t\t\t\t\t<img fetchpriority=\"high\" decoding=\"async\" width=\"724\" height=\"543\" src=\"https:\/\/www.unavets.com\/wp-content\/uploads\/2021\/06\/Citologia-1024x768.jpeg\" class=\"attachment-large size-large wp-image-17976\" alt=\"citologia\" \/>\t\t\t\t\t\t\t\t\t\t\t\t\t\t\t<\/div>\n\t\t\t\t<\/div>\n\t\t\t\t<div class=\"elementor-element elementor-element-7850c7a elementor-align-center elementor-widget elementor-widget-button\" data-id=\"7850c7a\" data-element_type=\"widget\" data-e-type=\"widget\" data-widget_type=\"button.default\">\n\t\t\t\t<div class=\"elementor-widget-container\">\n\t\t\t\t\t\t\t\t\t<div class=\"elementor-button-wrapper\">\n\t\t\t\t\t<a class=\"elementor-button elementor-button-link elementor-size-sm\" href=\"http:\/\/www.unavets.com\/ca\/nostres-cliniques\/\">\n\t\t\t\t\t\t<span class=\"elementor-button-content-wrapper\">\n\t\t\t\t\t\t\t\t\t<span class=\"elementor-button-text\">Troba la Cl\u00ednica UNAVETS M\u00e9s Propera<\/span>\n\t\t\t\t\t<\/span>\n\t\t\t\t\t<\/a>\n\t\t\t\t<\/div>\n\t\t\t\t\t\t\t\t<\/div>\n\t\t\t\t<\/div>\n\t\t\t\t\t<\/div>\n\t\t<\/div>\n\t\t\t\t\t<\/div>\n\t\t<\/section>\n\t\t\t\t\t<\/div>\n\t\t<\/div>\n\t\t\t\t\t<\/div>\n\t\t<\/section>\n\t\t\t\t<\/div>\n\t\t","protected":false},"excerpt":{"rendered":"<p>A les nostres cl\u00edniques realitzem proves b\u00e0siques de laboratori. Els nostres veterinaris poden recollir les mostres necess\u00e0ries en la consulta o tu mateix\/a pots prendre una mostra a casa (femta, orina) i portar-la a la cl\u00ednica. An\u00e0lisi de sang Una de les proves m\u00e9s comunes \u00e9s un recompte sanguini complet (CBC) que analitza la quantitat &hellip; <\/p>\n","protected":false},"author":1,"featured_media":0,"parent":0,"menu_order":0,"comment_status":"closed","ping_status":"closed","template":"page-fullwidth.php","meta":{"_acf_changed":false,"content-type":"","footnotes":""},"class_list":["post-14373","page","type-page","status-publish","hentry"],"acf":[],"_links":{"self":[{"href":"https:\/\/www.unavets.com\/ca\/wp-json\/wp\/v2\/pages\/14373","targetHints":{"allow":["GET"]}}],"collection":[{"href":"https:\/\/www.unavets.com\/ca\/wp-json\/wp\/v2\/pages"}],"about":[{"href":"https:\/\/www.unavets.com\/ca\/wp-json\/wp\/v2\/types\/page"}],"author":[{"embeddable":true,"href":"https:\/\/www.unavets.com\/ca\/wp-json\/wp\/v2\/users\/1"}],"replies":[{"embeddable":true,"href":"https:\/\/www.unavets.com\/ca\/wp-json\/wp\/v2\/comments?post=14373"}],"version-history":[{"count":0,"href":"https:\/\/www.unavets.com\/ca\/wp-json\/wp\/v2\/pages\/14373\/revisions"}],"wp:attachment":[{"href":"https:\/\/www.unavets.com\/ca\/wp-json\/wp\/v2\/media?parent=14373"}],"curies":[{"name":"wp","href":"https:\/\/api.w.org\/{rel}","templated":true}]}}