{"id":14225,"date":"2020-10-03T07:43:23","date_gmt":"2020-10-03T07:43:23","guid":{"rendered":"http:\/\/www.unavets.com\/career-opportunities\/"},"modified":"2021-04-21T13:37:50","modified_gmt":"2021-04-21T13:37:50","slug":"career-opportunities","status":"publish","type":"page","link":"https:\/\/www.unavets.com\/ca\/career-opportunities\/","title":{"rendered":"Treballa amb nosaltres"},"content":{"rendered":"\t\t<div data-elementor-type=\"wp-page\" data-elementor-id=\"14225\" class=\"elementor elementor-14225\" data-elementor-post-type=\"page\">\n\t\t\t\t\t\t<section class=\"elementor-section elementor-top-section elementor-element elementor-element-a19038b pad-bot-50 elementor-section-boxed elementor-section-height-default elementor-section-height-default\" data-id=\"a19038b\" data-element_type=\"section\" data-e-type=\"section\">\n\t\t\t\t\t\t<div class=\"elementor-container elementor-column-gap-wide\">\n\t\t\t\t\t<div class=\"elementor-column elementor-col-33 elementor-top-column elementor-element elementor-element-646a46b\" data-id=\"646a46b\" data-element_type=\"column\" data-e-type=\"column\">\n\t\t\t<div class=\"elementor-widget-wrap elementor-element-populated\">\n\t\t\t\t\t\t<section class=\"elementor-section elementor-inner-section elementor-element elementor-element-7f3254c elementor-section-boxed elementor-section-height-default elementor-section-height-default\" data-id=\"7f3254c\" data-element_type=\"section\" data-e-type=\"section\">\n\t\t\t\t\t\t<div class=\"elementor-container elementor-column-gap-default\">\n\t\t\t\t\t<div class=\"elementor-column elementor-col-100 elementor-inner-column elementor-element elementor-element-f469562\" data-id=\"f469562\" data-element_type=\"column\" data-e-type=\"column\">\n\t\t\t<div class=\"elementor-widget-wrap elementor-element-populated\">\n\t\t\t\t\t\t<div class=\"elementor-element elementor-element-af0b444 elementor-widget elementor-widget-image\" data-id=\"af0b444\" data-element_type=\"widget\" data-e-type=\"widget\" data-widget_type=\"image.default\">\n\t\t\t\t<div class=\"elementor-widget-container\">\n\t\t\t\t\t\t\t\t\t\t\t\t\t\t\t<img fetchpriority=\"high\" decoding=\"async\" width=\"388\" height=\"257\" src=\"https:\/\/www.unavets.com\/wp-content\/uploads\/2020\/11\/shutterstock_1097793086-1-388x257.jpg\" class=\"attachment-townhub-lcat-one size-townhub-lcat-one wp-image-14226\" alt=\"\" \/>\t\t\t\t\t\t\t\t\t\t\t\t\t\t\t<\/div>\n\t\t\t\t<\/div>\n\t\t\t\t\t<\/div>\n\t\t<\/div>\n\t\t\t\t\t<\/div>\n\t\t<\/section>\n\t\t\t\t<div class=\"elementor-element elementor-element-48e8351 elementor-widget elementor-widget-section_titleleft\" data-id=\"48e8351\" data-element_type=\"widget\" data-e-type=\"widget\" data-widget_type=\"section_titleleft.default\">\n\t\t\t\t<div class=\"elementor-widget-container\">\n\t\t\t\t\t        <div class=\"ab_text-title fl-wrap\">\n            <h3>Posa't en contacte<\/h3><span class=\"section-separator fl-sec-sep\"><\/span>        <\/div>\n        \t\t\t\t<\/div>\n\t\t\t\t<\/div>\n\t\t\t\t<div class=\"elementor-element elementor-element-2454101 contact-infos-widget elementor-widget elementor-widget-text-editor\" data-id=\"2454101\" data-element_type=\"widget\" data-e-type=\"widget\" data-widget_type=\"text-editor.default\">\n\t\t\t\t<div class=\"elementor-widget-container\">\n\t\t\t\t\t\t\t\t\t<ul class=\"no-list-style contact-infos\"><li><span class=\"no-rep\"><i class=\"fal fa-map-marker\"><\/i> adre\u00e7a :<\/span><a class=\"custom-scroll-link\" href=\"#singleMap\">Paseo de la Castellana, 77, 28046 Madrid<\/a><\/li><li><span class=\"no-rep\"><i class=\"fal fa-envelope\"><\/i> Correu electr\u00f2nic :<\/span><a href=\"#\">info@unavets.com<\/a><\/li><\/ul>\t\t\t\t\t\t\t\t<\/div>\n\t\t\t\t<\/div>\n\t\t\t\t\t<\/div>\n\t\t<\/div>\n\t\t\t\t<div class=\"elementor-column elementor-col-66 elementor-top-column elementor-element elementor-element-46189e7\" data-id=\"46189e7\" data-element_type=\"column\" data-e-type=\"column\">\n\t\t\t<div class=\"elementor-widget-wrap elementor-element-populated\">\n\t\t\t\t\t\t<div class=\"elementor-element elementor-element-8bfa572 elementor-widget elementor-widget-section_titleleft\" data-id=\"8bfa572\" data-element_type=\"widget\" data-e-type=\"widget\" data-widget_type=\"section_titleleft.default\">\n\t\t\t\t<div class=\"elementor-widget-container\">\n\t\t\t\t\t        <div class=\"ab_text-title fl-wrap\">\n            <h3>T'apassionen la cura i el benestar de les mascotes?<\/h3><span class=\"section-separator fl-sec-sep\"><\/span>        <\/div>\n        \t\t\t\t<\/div>\n\t\t\t\t<\/div>\n\t\t\t\t<div class=\"elementor-element elementor-element-ed2cf04 elementor-widget elementor-widget-text-editor\" data-id=\"ed2cf04\" data-element_type=\"widget\" data-e-type=\"widget\" data-widget_type=\"text-editor.default\">\n\t\t\t\t<div class=\"elementor-widget-container\">\n\t\t\t\t\t\t\t\t\t<p>Sempre estem dispossats a ampliar el nostre equip amb professionals qualificats, dedicats i apassionats.<\/p><p>Si est\u00e0s interessat o t&#8217;agradaria saber m\u00e9s sobre com treballar amb nosaltres, deixa&#8217;ns un missatge a continuaci\u00f3 amb les teves dades.<\/p>\t\t\t\t\t\t\t\t<\/div>\n\t\t\t\t<\/div>\n\t\t\t\t<div class=\"elementor-element elementor-element-3b673b6 elementor-widget elementor-widget-html\" data-id=\"3b673b6\" data-element_type=\"widget\" data-e-type=\"widget\" data-widget_type=\"html.default\">\n\t\t\t\t<div class=\"elementor-widget-container\">\n\t\t\t\t\t<!--[if lte IE 8]&gt;-->\r\n\r\n\r\n\r\n\r\n  hbspt.forms.create({\r\n\tportalId: \"8560088\",\r\n\tformId: \"12465dee-9209-4554-bf6a-9bf5f8f67882\"\r\n});\r\n\r\n\t\t\t\t<\/div>\n\t\t\t\t<\/div>\n\t\t\t\t\t<\/div>\n\t\t<\/div>\n\t\t\t\t\t<\/div>\n\t\t<\/section>\n\t\t\t\t<\/div>\n\t\t","protected":false},"excerpt":{"rendered":"<p>Posa&#8217;t en contacte adre\u00e7a :Paseo de la Castellana, 77, 28046 Madrid Correu electr\u00f2nic :info@unavets.com T&#8217;apassionen la cura i el benestar de les mascotes? Sempre estem dispossats a ampliar el nostre equip amb professionals qualificats, dedicats i apassionats. Si est\u00e0s interessat o t&#8217;agradaria saber m\u00e9s sobre com treballar amb nosaltres, deixa&#8217;ns un missatge a continuaci\u00f3 amb &hellip; <\/p>\n","protected":false},"author":1,"featured_media":0,"parent":0,"menu_order":0,"comment_status":"closed","ping_status":"closed","template":"page-fullwidth.php","meta":{"_acf_changed":false,"content-type":"","footnotes":""},"class_list":["post-14225","page","type-page","status-publish","hentry"],"acf":[],"_links":{"self":[{"href":"https:\/\/www.unavets.com\/ca\/wp-json\/wp\/v2\/pages\/14225","targetHints":{"allow":["GET"]}}],"collection":[{"href":"https:\/\/www.unavets.com\/ca\/wp-json\/wp\/v2\/pages"}],"about":[{"href":"https:\/\/www.unavets.com\/ca\/wp-json\/wp\/v2\/types\/page"}],"author":[{"embeddable":true,"href":"https:\/\/www.unavets.com\/ca\/wp-json\/wp\/v2\/users\/1"}],"replies":[{"embeddable":true,"href":"https:\/\/www.unavets.com\/ca\/wp-json\/wp\/v2\/comments?post=14225"}],"version-history":[{"count":0,"href":"https:\/\/www.unavets.com\/ca\/wp-json\/wp\/v2\/pages\/14225\/revisions"}],"wp:attachment":[{"href":"https:\/\/www.unavets.com\/ca\/wp-json\/wp\/v2\/media?parent=14225"}],"curies":[{"name":"wp","href":"https:\/\/api.w.org\/{rel}","templated":true}]}}