{"id":14205,"date":"2020-10-06T22:00:28","date_gmt":"2020-10-06T22:00:28","guid":{"rendered":"http:\/\/www.unavets.com\/how-to-join\/"},"modified":"2022-07-14T07:00:39","modified_gmt":"2022-07-14T07:00:39","slug":"com-associar-se","status":"publish","type":"page","link":"https:\/\/www.unavets.com\/ca\/com-associar-se\/","title":{"rendered":"Com associar-se"},"content":{"rendered":"\t\t<div data-elementor-type=\"wp-post\" data-elementor-id=\"14205\" class=\"elementor elementor-14205 elementor-12619\" data-elementor-post-type=\"page\">\n\t\t\t\t\t\t<section data-dce-background-color=\"#FFFFFF\" class=\"elementor-section elementor-top-section elementor-element elementor-element-505d5d5 gray-bg particles-decor elementor-section-boxed elementor-section-height-default elementor-section-height-default\" data-id=\"505d5d5\" data-element_type=\"section\" data-e-type=\"section\" id=\"main-sec\" data-settings=\"{&quot;background_background&quot;:&quot;classic&quot;}\">\n\t\t\t\t\t\t<div class=\"elementor-container elementor-column-gap-default\">\n\t\t\t\t\t<div class=\"elementor-column elementor-col-100 elementor-top-column elementor-element elementor-element-6f5a9b0\" data-id=\"6f5a9b0\" data-element_type=\"column\" data-e-type=\"column\">\n\t\t\t<div class=\"elementor-widget-wrap elementor-element-populated\">\n\t\t\t\t\t\t<section class=\"elementor-section elementor-inner-section elementor-element elementor-element-64d3993 elementor-section-boxed elementor-section-height-default elementor-section-height-default\" data-id=\"64d3993\" data-element_type=\"section\" data-e-type=\"section\">\n\t\t\t\t\t\t<div class=\"elementor-container elementor-column-gap-default\">\n\t\t\t\t\t<div class=\"elementor-column elementor-col-100 elementor-inner-column elementor-element elementor-element-07dda7f\" data-id=\"07dda7f\" data-element_type=\"column\" data-e-type=\"column\">\n\t\t\t<div class=\"elementor-widget-wrap elementor-element-populated\">\n\t\t\t\t\t\t<div class=\"elementor-element elementor-element-0d23dd5 elementor-widget elementor-widget-text-editor\" data-id=\"0d23dd5\" data-element_type=\"widget\" data-e-type=\"widget\" data-widget_type=\"text-editor.default\">\n\t\t\t\t<div class=\"elementor-widget-container\">\n\t\t\t\t\t\t\t\t\t<p>Durant el proc\u00e9s d&#8217;adquisici\u00f3 d&#8217;UNAVETS, treballarem amb tu per avaluar adequadament les vostres necessitats i revisar junts les passes financeres i legals necess\u00e0ries per a assolir la venda.<\/p><p>Per a crear una experi\u00e8ncia positiva, que us permeti continuar amb les activitats del dia a dia, hem creat un proc\u00e9s que ens permetr\u00e0 anar coneixent-nos.<\/p>\t\t\t\t\t\t\t\t<\/div>\n\t\t\t\t<\/div>\n\t\t\t\t\t<\/div>\n\t\t<\/div>\n\t\t\t\t\t<\/div>\n\t\t<\/section>\n\t\t\t\t<section data-dce-background-color=\"#FFFFFF\" class=\"elementor-section elementor-inner-section elementor-element elementor-element-bc43731 gray-bg elementor-section-boxed elementor-section-height-default elementor-section-height-default\" data-id=\"bc43731\" data-element_type=\"section\" data-e-type=\"section\" data-settings=\"{&quot;background_background&quot;:&quot;classic&quot;}\">\n\t\t\t\t\t\t<div class=\"elementor-container elementor-column-gap-no\">\n\t\t\t\t\t<div class=\"elementor-column elementor-col-33 elementor-inner-column elementor-element elementor-element-624963b\" data-id=\"624963b\" data-element_type=\"column\" data-e-type=\"column\">\n\t\t\t<div class=\"elementor-widget-wrap elementor-element-populated\">\n\t\t\t\t\t\t<div class=\"elementor-element elementor-element-fbd1064 elementor-widget elementor-widget-process\" data-id=\"fbd1064\" data-element_type=\"widget\" data-e-type=\"widget\" data-widget_type=\"process.default\">\n\t\t\t\t<div class=\"elementor-widget-container\">\n\t\t\t\t\t        <!--process-item-->\n        <div class=\"process-item-wrap\">\n            <div class=\"process-item_time-line bot-decor-no\">\n                <div class=\"pi_head color-bg\">1<\/div>                <div class=\"pi-text fl-wrap\">\n                                        <h4>Revisi\u00f3 preliminar i acord de confidencialitat<\/h4>                    <p>Inclou la recopilaci\u00f3 d'informaci\u00f3 preliminar perqu\u00e8 puguem entendre el vostre negoci i un acord de confidencialitat.<\/p>                <\/div>\n                \n            <\/div>\n        <\/div>\n        <!--process-item end-->\n        \t\t\t\t<\/div>\n\t\t\t\t<\/div>\n\t\t\t\t\t<\/div>\n\t\t<\/div>\n\t\t\t\t<div class=\"elementor-column elementor-col-33 elementor-inner-column elementor-element elementor-element-1de1250\" data-id=\"1de1250\" data-element_type=\"column\" data-e-type=\"column\">\n\t\t\t<div class=\"elementor-widget-wrap elementor-element-populated\">\n\t\t\t\t\t\t<div class=\"elementor-element elementor-element-e3c4160 elementor-widget elementor-widget-process\" data-id=\"e3c4160\" data-element_type=\"widget\" data-e-type=\"widget\" data-widget_type=\"process.default\">\n\t\t\t\t<div class=\"elementor-widget-container\">\n\t\t\t\t\t        <!--process-item-->\n        <div class=\"process-item-wrap\">\n            <div class=\"process-item_time-line bot-decor-no\">\n                <div class=\"pi_head color-bg\">2<\/div>                <div class=\"pi-text fl-wrap\">\n                                        <h4>Oferta i carta d'intencions<\/h4>                    <p>Proposarem els termes en funci\u00f3 de l'oportunitat compartida i farem una oferta. Si arribem a un acord, signarem una carta d'intencions.<br \/><br \/><\/p>                <\/div>\n                \n            <\/div>\n        <\/div>\n        <!--process-item end-->\n        \t\t\t\t<\/div>\n\t\t\t\t<\/div>\n\t\t\t\t\t<\/div>\n\t\t<\/div>\n\t\t\t\t<div class=\"elementor-column elementor-col-33 elementor-inner-column elementor-element elementor-element-8fbecee\" data-id=\"8fbecee\" data-element_type=\"column\" data-e-type=\"column\">\n\t\t\t<div class=\"elementor-widget-wrap elementor-element-populated\">\n\t\t\t\t\t\t<div class=\"elementor-element elementor-element-d4beca8 elementor-widget elementor-widget-process\" data-id=\"d4beca8\" data-element_type=\"widget\" data-e-type=\"widget\" data-widget_type=\"process.default\">\n\t\t\t\t<div class=\"elementor-widget-container\">\n\t\t\t\t\t        <!--process-item-->\n        <div class=\"process-item-wrap\">\n            <div class=\"process-item_time-line bot-decor-\">\n                <div class=\"pi_head color-bg\">3<\/div>                <div class=\"pi-text fl-wrap\">\n                                        <h4>Dilig\u00e8ncia deguda<\/h4>                    <p>Iniciem un proc\u00e9s formal de dilig\u00e8ncia deguda, legal i financera, per a verificar el perfil comercial de la cl\u00ednica.<\/p><p>\u00a0<\/p>                <\/div>\n                \n            <\/div>\n        <\/div>\n        <!--process-item end-->\n        \t\t\t\t<\/div>\n\t\t\t\t<\/div>\n\t\t\t\t\t<\/div>\n\t\t<\/div>\n\t\t\t\t\t<\/div>\n\t\t<\/section>\n\t\t\t\t<section data-dce-background-color=\"#FFFFFF\" class=\"elementor-section elementor-inner-section elementor-element elementor-element-a0d8437 gray-bg elementor-section-boxed elementor-section-height-default elementor-section-height-default\" data-id=\"a0d8437\" data-element_type=\"section\" data-e-type=\"section\" data-settings=\"{&quot;background_background&quot;:&quot;classic&quot;}\">\n\t\t\t\t\t\t<div class=\"elementor-container elementor-column-gap-no\">\n\t\t\t\t\t<div class=\"elementor-column elementor-col-33 elementor-inner-column elementor-element elementor-element-3378288\" data-id=\"3378288\" data-element_type=\"column\" data-e-type=\"column\">\n\t\t\t<div class=\"elementor-widget-wrap elementor-element-populated\">\n\t\t\t\t\t\t<div class=\"elementor-element elementor-element-97e8460 elementor-widget elementor-widget-process\" data-id=\"97e8460\" data-element_type=\"widget\" data-e-type=\"widget\" data-widget_type=\"process.default\">\n\t\t\t\t<div class=\"elementor-widget-container\">\n\t\t\t\t\t        <!--process-item-->\n        <div class=\"process-item-wrap\">\n            <div class=\"process-item_time-line bot-decor-no\">\n                <div class=\"pi_head color-bg\">4<\/div>                <div class=\"pi-text fl-wrap\">\n                                        <h4>Acords<\/h4>                    Redactem els acords de compra de manera que reflecteixin les condicions m\u00fatuament acordades.\n                <\/div>\n                \n            <\/div>\n        <\/div>\n        <!--process-item end-->\n        \t\t\t\t<\/div>\n\t\t\t\t<\/div>\n\t\t\t\t\t<\/div>\n\t\t<\/div>\n\t\t\t\t<div class=\"elementor-column elementor-col-33 elementor-inner-column elementor-element elementor-element-7c9ab1b\" data-id=\"7c9ab1b\" data-element_type=\"column\" data-e-type=\"column\">\n\t\t\t<div class=\"elementor-widget-wrap elementor-element-populated\">\n\t\t\t\t\t\t<div class=\"elementor-element elementor-element-9f05bae elementor-widget elementor-widget-process\" data-id=\"9f05bae\" data-element_type=\"widget\" data-e-type=\"widget\" data-widget_type=\"process.default\">\n\t\t\t\t<div class=\"elementor-widget-container\">\n\t\t\t\t\t        <!--process-item-->\n        <div class=\"process-item-wrap\">\n            <div class=\"process-item_time-line bot-decor-no\">\n                <div class=\"pi_head color-bg\">5<\/div>                <div class=\"pi-text fl-wrap\">\n                                        <h4>Acord i transici\u00f3<\/h4>                    <p>Formalitza l'acord i coneix a la resta de l'equip d'UNAVETS.<\/p>                <\/div>\n                \n            <\/div>\n        <\/div>\n        <!--process-item end-->\n        \t\t\t\t<\/div>\n\t\t\t\t<\/div>\n\t\t\t\t\t<\/div>\n\t\t<\/div>\n\t\t\t\t<div class=\"elementor-column elementor-col-33 elementor-inner-column elementor-element elementor-element-d311d46\" data-id=\"d311d46\" data-element_type=\"column\" data-e-type=\"column\">\n\t\t\t<div class=\"elementor-widget-wrap elementor-element-populated\">\n\t\t\t\t\t\t<div class=\"elementor-element elementor-element-a02749d elementor-widget elementor-widget-process\" data-id=\"a02749d\" data-element_type=\"widget\" data-e-type=\"widget\" data-widget_type=\"process.default\">\n\t\t\t\t<div class=\"elementor-widget-container\">\n\t\t\t\t\t        <!--process-item-->\n        <div class=\"process-item-wrap\">\n            <div class=\"process-item_time-line bot-decor-yes\">\n                <div class=\"pi_head color-bg\">6<\/div>                <div class=\"pi-text fl-wrap\">\n                                        <h4>Incorporaci\u00f3 de socis<\/h4>                    L'Equip de socis d'UNAVETS us guiar\u00e0 a trav\u00e9s del proc\u00e9s d'incorporaci\u00f3.\n                <\/div>\n                \n            <\/div>\n        <\/div>\n        <!--process-item end-->\n        \t\t\t\t<\/div>\n\t\t\t\t<\/div>\n\t\t\t\t\t<\/div>\n\t\t<\/div>\n\t\t\t\t\t<\/div>\n\t\t<\/section>\n\t\t\t\t<section data-dce-background-color=\"#FFFFFF\" class=\"elementor-section elementor-inner-section elementor-element elementor-element-875ae06 gray-bg elementor-section-boxed elementor-section-height-default elementor-section-height-default\" data-id=\"875ae06\" data-element_type=\"section\" data-e-type=\"section\" data-settings=\"{&quot;background_background&quot;:&quot;classic&quot;}\">\n\t\t\t\t\t\t<div class=\"elementor-container elementor-column-gap-no\">\n\t\t\t\t\t<div class=\"elementor-column elementor-col-33 elementor-inner-column elementor-element elementor-element-ac941d9\" data-id=\"ac941d9\" data-element_type=\"column\" data-e-type=\"column\">\n\t\t\t<div class=\"elementor-widget-wrap\">\n\t\t\t\t\t\t\t<\/div>\n\t\t<\/div>\n\t\t\t\t<div class=\"elementor-column elementor-col-33 elementor-inner-column elementor-element elementor-element-92c32b9\" data-id=\"92c32b9\" data-element_type=\"column\" data-e-type=\"column\">\n\t\t\t<div class=\"elementor-widget-wrap elementor-element-populated\">\n\t\t\t\t\t\t<div class=\"elementor-element elementor-element-f37299b elementor-widget elementor-widget-process\" data-id=\"f37299b\" data-element_type=\"widget\" data-e-type=\"widget\" data-widget_type=\"process.default\">\n\t\t\t\t<div class=\"elementor-widget-container\">\n\t\t\t\t\t        <!--process-item-->\n        <div class=\"process-item-wrap\">\n            <div class=\"process-item_time-line bot-decor-no\">\n                <div class=\"pi_head color-bg\">7<\/div>                <div class=\"pi-text fl-wrap\">\n                                        <h4>Creixement futur<\/h4>                    Acordem un pla d'acci\u00f3 per a la cl\u00ednica que inclogui RH, Departament d'Operacions, Finances, \u00e0rea Digital, M\u00e0rqueting i Formaci\u00f3.\n                <\/div>\n                \n            <\/div>\n        <\/div>\n        <!--process-item end-->\n        \t\t\t\t<\/div>\n\t\t\t\t<\/div>\n\t\t\t\t\t<\/div>\n\t\t<\/div>\n\t\t\t\t<div class=\"elementor-column elementor-col-33 elementor-inner-column elementor-element elementor-element-46a45ee\" data-id=\"46a45ee\" data-element_type=\"column\" data-e-type=\"column\">\n\t\t\t<div class=\"elementor-widget-wrap\">\n\t\t\t\t\t\t\t<\/div>\n\t\t<\/div>\n\t\t\t\t\t<\/div>\n\t\t<\/section>\n\t\t\t\t\t<\/div>\n\t\t<\/div>\n\t\t\t\t\t<\/div>\n\t\t<\/section>\n\t\t\t\t<section class=\"elementor-section elementor-top-section elementor-element elementor-element-efc8b18 elementor-section-boxed elementor-section-height-default elementor-section-height-default\" data-id=\"efc8b18\" data-element_type=\"section\" data-e-type=\"section\">\n\t\t\t\t\t\t<div class=\"elementor-container elementor-column-gap-default\">\n\t\t\t\t\t<div class=\"elementor-column elementor-col-33 elementor-top-column elementor-element elementor-element-4f5d17b\" data-id=\"4f5d17b\" data-element_type=\"column\" data-e-type=\"column\">\n\t\t\t<div class=\"elementor-widget-wrap elementor-element-populated\">\n\t\t\t\t\t\t<div class=\"elementor-element elementor-element-e91f589 elementor-align-left elementor-widget elementor-widget-button\" data-id=\"e91f589\" data-element_type=\"widget\" data-e-type=\"widget\" data-widget_type=\"button.default\">\n\t\t\t\t<div class=\"elementor-widget-container\">\n\t\t\t\t\t\t\t\t\t<div class=\"elementor-button-wrapper\">\n\t\t\t\t\t<a class=\"elementor-button elementor-button-link elementor-size-sm\" href=\"\/ca\/beneficis-unavets\/\">\n\t\t\t\t\t\t<span class=\"elementor-button-content-wrapper\">\n\t\t\t\t\t\t<span class=\"elementor-button-icon\">\n\t\t\t\t<i aria-hidden=\"true\" class=\"fas fa-arrow-left\"><\/i>\t\t\t<\/span>\n\t\t\t\t\t\t\t\t\t<span class=\"elementor-button-text\">Anterior: Beneficis UNAVETS<\/span>\n\t\t\t\t\t<\/span>\n\t\t\t\t\t<\/a>\n\t\t\t\t<\/div>\n\t\t\t\t\t\t\t\t<\/div>\n\t\t\t\t<\/div>\n\t\t\t\t\t<\/div>\n\t\t<\/div>\n\t\t\t\t<div class=\"elementor-column elementor-col-33 elementor-top-column elementor-element elementor-element-3a3a05a\" data-id=\"3a3a05a\" data-element_type=\"column\" data-e-type=\"column\">\n\t\t\t<div class=\"elementor-widget-wrap\">\n\t\t\t\t\t\t\t<\/div>\n\t\t<\/div>\n\t\t\t\t<div class=\"elementor-column elementor-col-33 elementor-top-column elementor-element elementor-element-cef2185\" data-id=\"cef2185\" data-element_type=\"column\" data-e-type=\"column\">\n\t\t\t<div class=\"elementor-widget-wrap elementor-element-populated\">\n\t\t\t\t\t\t<div class=\"elementor-element elementor-element-c13e6f1 elementor-align-right elementor-widget elementor-widget-button\" data-id=\"c13e6f1\" data-element_type=\"widget\" data-e-type=\"widget\" data-widget_type=\"button.default\">\n\t\t\t\t<div class=\"elementor-widget-container\">\n\t\t\t\t\t\t\t\t\t<div class=\"elementor-button-wrapper\">\n\t\t\t\t\t<a class=\"elementor-button elementor-button-link elementor-size-sm\" href=\"\/ca\/contacte-propietaris-cliniques\/\">\n\t\t\t\t\t\t<span class=\"elementor-button-content-wrapper\">\n\t\t\t\t\t\t<span class=\"elementor-button-icon\">\n\t\t\t\t<i aria-hidden=\"true\" class=\"fas fa-arrow-right\"><\/i>\t\t\t<\/span>\n\t\t\t\t\t\t\t\t\t<span class=\"elementor-button-text\">Seg\u00fcent: Contacte<\/span>\n\t\t\t\t\t<\/span>\n\t\t\t\t\t<\/a>\n\t\t\t\t<\/div>\n\t\t\t\t\t\t\t\t<\/div>\n\t\t\t\t<\/div>\n\t\t\t\t\t<\/div>\n\t\t<\/div>\n\t\t\t\t\t<\/div>\n\t\t<\/section>\n\t\t\t\t<\/div>\n\t\t","protected":false},"excerpt":{"rendered":"<p>Durant el proc\u00e9s d&#8217;adquisici\u00f3 d&#8217;UNAVETS, treballarem amb tu per avaluar adequadament les vostres necessitats i revisar junts les passes financeres i legals necess\u00e0ries per a assolir la venda. Per a crear una experi\u00e8ncia positiva, que us permeti continuar amb les activitats del dia a dia, hem creat un proc\u00e9s que ens permetr\u00e0 anar coneixent-nos. 1 &hellip; <\/p>\n","protected":false},"author":4,"featured_media":0,"parent":0,"menu_order":0,"comment_status":"closed","ping_status":"closed","template":"page-fullwidth.php","meta":{"_acf_changed":false,"content-type":"","footnotes":""},"class_list":["post-14205","page","type-page","status-publish","hentry"],"acf":[],"_links":{"self":[{"href":"https:\/\/www.unavets.com\/ca\/wp-json\/wp\/v2\/pages\/14205","targetHints":{"allow":["GET"]}}],"collection":[{"href":"https:\/\/www.unavets.com\/ca\/wp-json\/wp\/v2\/pages"}],"about":[{"href":"https:\/\/www.unavets.com\/ca\/wp-json\/wp\/v2\/types\/page"}],"author":[{"embeddable":true,"href":"https:\/\/www.unavets.com\/ca\/wp-json\/wp\/v2\/users\/4"}],"replies":[{"embeddable":true,"href":"https:\/\/www.unavets.com\/ca\/wp-json\/wp\/v2\/comments?post=14205"}],"version-history":[{"count":0,"href":"https:\/\/www.unavets.com\/ca\/wp-json\/wp\/v2\/pages\/14205\/revisions"}],"wp:attachment":[{"href":"https:\/\/www.unavets.com\/ca\/wp-json\/wp\/v2\/media?parent=14205"}],"curies":[{"name":"wp","href":"https:\/\/api.w.org\/{rel}","templated":true}]}}