{"id":13550,"date":"2020-10-03T08:10:45","date_gmt":"2020-10-03T08:10:45","guid":{"rendered":"http:\/\/www.unavets.com\/c-rincon\/our-team\/"},"modified":"2024-03-11T09:26:18","modified_gmt":"2024-03-11T09:26:18","slug":"nuestro-equipo","status":"publish","type":"page","link":"https:\/\/www.unavets.com\/c-rincon\/es\/nuestro-equipo\/","title":{"rendered":"Nuestro equipo"},"content":{"rendered":"\t\t<div data-elementor-type=\"wp-page\" data-elementor-id=\"13550\" class=\"elementor elementor-13550 elementor-282\" data-elementor-post-type=\"page\">\n\t\t\t\t\t\t<section class=\"elementor-section elementor-top-section elementor-element elementor-element-2315038 pad-bot-0 elementor-section-boxed elementor-section-height-default elementor-section-height-default\" data-id=\"2315038\" data-element_type=\"section\" data-e-type=\"section\" id=\"main-sec\" data-settings=\"{&quot;background_background&quot;:&quot;classic&quot;}\">\n\t\t\t\t\t\t<div class=\"elementor-container elementor-column-gap-default\">\n\t\t\t\t\t<div class=\"elementor-column elementor-col-100 elementor-top-column elementor-element elementor-element-35c75b2\" data-id=\"35c75b2\" data-element_type=\"column\" data-e-type=\"column\">\n\t\t\t<div class=\"elementor-widget-wrap elementor-element-populated\">\n\t\t\t\t\t\t<div class=\"elementor-element elementor-element-28b1762 elementor-widget elementor-widget-text-editor\" data-id=\"28b1762\" data-element_type=\"widget\" data-e-type=\"widget\" data-widget_type=\"text-editor.default\">\n\t\t\t\t<div class=\"elementor-widget-container\">\n\t\t\t\t\t\t\t\t\t<p>\u00a0El equipo de nuestra consulta est\u00e1 formado por veterinarios y auxiliares de veterinaria con una excelente formaci\u00f3n. Entre todos abarcamos un amplio espectro de conocimientos que nos permite aplicar en todo momento un tratamiento r\u00e1pido y preciso que sea lo menos agresivo posible para su mascota. Nuestra excelente formaci\u00f3n y amplia experiencia nos permiten ofrecer el mejor tratamiento a sus mascotas. Desde el asesoramiento hasta el tratamiento, el equipo de nuestra cl\u00ednica tiene siempre presente la salud de su mascota.<\/p>\t\t\t\t\t\t\t\t<\/div>\n\t\t\t\t<\/div>\n\t\t\t\t\t<\/div>\n\t\t<\/div>\n\t\t\t\t\t<\/div>\n\t\t<\/section>\n\t\t\t\t<section class=\"elementor-section elementor-top-section elementor-element elementor-element-e31a7cf team-member elementor-section-boxed elementor-section-height-default elementor-section-height-default\" data-id=\"e31a7cf\" data-element_type=\"section\" data-e-type=\"section\">\n\t\t\t\t\t\t<div class=\"elementor-container elementor-column-gap-default\">\n\t\t\t\t\t<div class=\"elementor-column elementor-col-100 elementor-top-column elementor-element elementor-element-74bc16f\" data-id=\"74bc16f\" data-element_type=\"column\" data-e-type=\"column\">\n\t\t\t<div class=\"elementor-widget-wrap elementor-element-populated\">\n\t\t\t\t\t\t<div class=\"elementor-element elementor-element-26c3b90 elementor-widget elementor-widget-section_titleleft\" data-id=\"26c3b90\" data-element_type=\"widget\" data-e-type=\"widget\" data-widget_type=\"section_titleleft.default\">\n\t\t\t\t<div class=\"elementor-widget-container\">\n\t\t\t\t\t        <div class=\"ab_text-title fl-wrap\">\n            <h3>Veterinarios <\/h3><span class=\"section-separator fl-sec-sep\"><\/span>        <\/div>\n        \t\t\t\t<\/div>\n\t\t\t\t<\/div>\n\t\t\t\t<section class=\"elementor-section elementor-inner-section elementor-element elementor-element-6d87165 elementor-section-boxed elementor-section-height-default elementor-section-height-default\" data-id=\"6d87165\" data-element_type=\"section\" data-e-type=\"section\">\n\t\t\t\t\t\t<div class=\"elementor-container elementor-column-gap-default\">\n\t\t\t\t\t<div class=\"elementor-column elementor-col-25 elementor-inner-column elementor-element elementor-element-a60e800\" data-id=\"a60e800\" data-element_type=\"column\" data-e-type=\"column\">\n\t\t\t<div class=\"elementor-widget-wrap elementor-element-populated\">\n\t\t\t\t\t\t<div class=\"elementor-element elementor-element-d4395a3 elementor-widget elementor-widget-team_box\" data-id=\"d4395a3\" data-element_type=\"widget\" data-e-type=\"widget\" data-widget_type=\"team_box.default\">\n\t\t\t\t<div class=\"elementor-widget-container\">\n\t\t\t\t\t            <div class=\"team-holder section-team fl-wrap\">\n                <div class=\"team-box-image\">\n                    <div class=\"team-photo\">\n                        <img decoding=\"async\" src=\"https:\/\/www.unavets.com\/c-rincon\/wp-content\/uploads\/sites\/32\/2023\/07\/carlos-rincon-director-clinico-veterinario-barcelona.png\" class=\"respimg\">                                    \n                    <\/div>\n                    <div class=\"team-info\">\n                        <h3><a href=\"\">Carlos Rinc\u00f3n<\/a><\/h3><h4>Director Veterinario<\/h4>Carlos es veterinario y administrador con una amplia experiencia en el campo de la medicina veterinaria. Obtuvo su licenciatura en Veterinaria en la Facultad de Veterinaria de la Universidad Aut\u00f3noma de Barcelona y est\u00e1 colegiado desde 1996.\n                    <\/div>\n                <\/div>\n            <\/div>\n        \t\t\t\t<\/div>\n\t\t\t\t<\/div>\n\t\t\t\t<div class=\"elementor-element elementor-element-4f05507 readmoretoggle elementor-widget elementor-widget-toggle\" data-id=\"4f05507\" data-element_type=\"widget\" data-e-type=\"widget\" data-widget_type=\"toggle.default\">\n\t\t\t\t<div class=\"elementor-widget-container\">\n\t\t\t\t\t\t\t<div class=\"elementor-toggle\">\n\t\t\t\t\t\t\t<div class=\"elementor-toggle-item\">\n\t\t\t\t\t<div id=\"elementor-tab-title-8281\" class=\"elementor-tab-title\" data-tab=\"1\" role=\"button\" aria-controls=\"elementor-tab-content-8281\" aria-expanded=\"false\">\n\t\t\t\t\t\t\t\t\t\t\t\t<a class=\"elementor-toggle-title\" tabindex=\"0\">Leer m\u00e1s<\/a>\n\t\t\t\t\t<\/div>\n\n\t\t\t\t\t<div id=\"elementor-tab-content-8281\" class=\"elementor-tab-content elementor-clearfix\" data-tab=\"1\" role=\"region\" aria-labelledby=\"elementor-tab-title-8281\"><p>Carlos tiene una especializaci\u00f3n en diversas \u00e1reas de la medicina veterinaria, incluyendo medicina interna, cirug\u00eda, traumatolog\u00eda, reproducci\u00f3n y dermatolog\u00eda, entre otras. Ha continuado su formaci\u00f3n profesional en estas especialidades, as\u00ed como en Administraci\u00f3n y Gesti\u00f3n de Empresas, Tributaci\u00f3n y Prevenci\u00f3n en Riesgos Laborales.<\/p><p>A lo largo de su trayectoria profesional, Carlos ha trabajado en varios hospitales veterinarios, adquiriendo experiencia y conocimientos en diversas \u00e1reas de la medicina veterinaria. Desde 1999, es propietario y responsable de su propia cl\u00ednica veterinaria en Santa Margarida i Els Monjos, donde ofrece servicios veterinarios de alta calidad a sus clientes.<\/p>\n<p>Con su amplia formaci\u00f3n y experiencia, Carlos Rinc\u00f3n se ha destacado como un profesional altamente competente y comprometido con el bienestar de los animales. Su dedicaci\u00f3n a la medicina veterinaria y su habilidad para gestionar su propia cl\u00ednica demuestran su pasi\u00f3n por su trabajo y su capacidad para brindar cuidado y atenci\u00f3n veterinaria de excelencia.. En diciembre de 2022 pas\u00f3 a integrarse dentro del Grupo UNAVETS, para continuar con el crecimiento y expansi\u00f3n de la cl\u00ednica Centro Veterinario C. Rinc\u00f3n.<br><\/p><\/div>\n\t\t\t\t<\/div>\n\t\t\t\t\t\t\t\t<\/div>\n\t\t\t\t\t\t<\/div>\n\t\t\t\t<\/div>\n\t\t\t\t\t<\/div>\n\t\t<\/div>\n\t\t\t\t<div class=\"elementor-column elementor-col-25 elementor-inner-column elementor-element elementor-element-9cadba7 nodata_bor\" data-id=\"9cadba7\" data-element_type=\"column\" data-e-type=\"column\">\n\t\t\t<div class=\"elementor-widget-wrap\">\n\t\t\t\t\t\t\t<\/div>\n\t\t<\/div>\n\t\t\t\t<div class=\"elementor-column elementor-col-25 elementor-inner-column elementor-element elementor-element-cdb5163 nodata_bor\" data-id=\"cdb5163\" data-element_type=\"column\" data-e-type=\"column\">\n\t\t\t<div class=\"elementor-widget-wrap\">\n\t\t\t\t\t\t\t<\/div>\n\t\t<\/div>\n\t\t\t\t<div class=\"elementor-column elementor-col-25 elementor-inner-column elementor-element elementor-element-79381a0 nodata_bor\" data-id=\"79381a0\" data-element_type=\"column\" data-e-type=\"column\">\n\t\t\t<div class=\"elementor-widget-wrap elementor-element-populated\">\n\t\t\t\t\t\t<div class=\"elementor-element elementor-element-9d5d3ad elementor-widget elementor-widget-team_box\" data-id=\"9d5d3ad\" data-element_type=\"widget\" data-e-type=\"widget\" data-widget_type=\"team_box.default\">\n\t\t\t\t<div class=\"elementor-widget-container\">\n\t\t\t\t\t            <div class=\"team-holder section-team fl-wrap\">\n                <div class=\"team-box-image\">\n                    <div class=\"team-photo\">\n                        <img decoding=\"async\" src=\"\" class=\"respimg\">                                    \n                    <\/div>\n                    <div class=\"team-info\">\n                                            <\/div>\n                <\/div>\n            <\/div>\n        \t\t\t\t<\/div>\n\t\t\t\t<\/div>\n\t\t\t\t\t<\/div>\n\t\t<\/div>\n\t\t\t\t\t<\/div>\n\t\t<\/section>\n\t\t\t\t\t<\/div>\n\t\t<\/div>\n\t\t\t\t\t<\/div>\n\t\t<\/section>\n\t\t\t\t<section class=\"elementor-section elementor-top-section elementor-element elementor-element-bd3ff8b team-member elementor-section-boxed elementor-section-height-default elementor-section-height-default\" data-id=\"bd3ff8b\" data-element_type=\"section\" data-e-type=\"section\">\n\t\t\t\t\t\t<div class=\"elementor-container elementor-column-gap-default\">\n\t\t\t\t\t<div class=\"elementor-column elementor-col-100 elementor-top-column elementor-element elementor-element-bf13140\" data-id=\"bf13140\" data-element_type=\"column\" data-e-type=\"column\">\n\t\t\t<div class=\"elementor-widget-wrap elementor-element-populated\">\n\t\t\t\t\t\t<div class=\"elementor-element elementor-element-a256994 elementor-hidden-tablet elementor-hidden-phone elementor-widget elementor-widget-section_titleleft\" data-id=\"a256994\" data-element_type=\"widget\" data-e-type=\"widget\" data-widget_type=\"section_titleleft.default\">\n\t\t\t\t<div class=\"elementor-widget-container\">\n\t\t\t\t\t        <div class=\"ab_text-title fl-wrap\">\n            <h3>T\u00e9cnicos y Auxiliares<\/h3><span class=\"section-separator fl-sec-sep\"><\/span>        <\/div>\n        \t\t\t\t<\/div>\n\t\t\t\t<\/div>\n\t\t\t\t<section class=\"elementor-section elementor-inner-section elementor-element elementor-element-417abb1 elementor-section-boxed elementor-section-height-default elementor-section-height-default\" data-id=\"417abb1\" data-element_type=\"section\" data-e-type=\"section\">\n\t\t\t\t\t\t<div class=\"elementor-container elementor-column-gap-default\">\n\t\t\t\t\t<div class=\"elementor-column elementor-col-25 elementor-inner-column elementor-element elementor-element-2814f53\" data-id=\"2814f53\" data-element_type=\"column\" data-e-type=\"column\">\n\t\t\t<div class=\"elementor-widget-wrap elementor-element-populated\">\n\t\t\t\t\t\t<div class=\"elementor-element elementor-element-949743f elementor-widget elementor-widget-team_box\" data-id=\"949743f\" data-element_type=\"widget\" data-e-type=\"widget\" data-widget_type=\"team_box.default\">\n\t\t\t\t<div class=\"elementor-widget-container\">\n\t\t\t\t\t            <div class=\"team-holder section-team fl-wrap\">\n                <div class=\"team-box-image\">\n                    <div class=\"team-photo\">\n                        <img decoding=\"async\" src=\"https:\/\/www.unavets.com\/c-rincon\/wp-content\/uploads\/sites\/32\/2023\/07\/3.png\" class=\"respimg\">                                    \n                    <\/div>\n                    <div class=\"team-info\">\n                        <h3><a href=\"\">Cristina Balado <\/a><\/h3><h4>Auxiliar Veterinaria<\/h4>Cristina es una profesional titulada en Auxiliar Veterinaria y Auxiliar T\u00e9cnico Veterinaria, con una s\u00f3lida trayectoria de m\u00e1s de diez a\u00f1os en el campo. Como responsable del centro, Cristina despliega sus habilidades en diversas \u00e1reas, asumiendo la responsabilidad de las labores de atenci\u00f3n al cliente, auxiliar veterinaria, auxiliar de quir\u00f3fano y gesti\u00f3n.\n                    <\/div>\n                <\/div>\n            <\/div>\n        \t\t\t\t<\/div>\n\t\t\t\t<\/div>\n\t\t\t\t<div class=\"elementor-element elementor-element-e0fdf81 readmoretoggle elementor-widget elementor-widget-toggle\" data-id=\"e0fdf81\" data-element_type=\"widget\" data-e-type=\"widget\" data-widget_type=\"toggle.default\">\n\t\t\t\t<div class=\"elementor-widget-container\">\n\t\t\t\t\t\t\t<div class=\"elementor-toggle\">\n\t\t\t\t\t\t\t<div class=\"elementor-toggle-item\">\n\t\t\t\t\t<div id=\"elementor-tab-title-2351\" class=\"elementor-tab-title\" data-tab=\"1\" role=\"button\" aria-controls=\"elementor-tab-content-2351\" aria-expanded=\"false\">\n\t\t\t\t\t\t\t\t\t\t\t\t<a class=\"elementor-toggle-title\" tabindex=\"0\">Leer m\u00e1s<\/a>\n\t\t\t\t\t<\/div>\n\n\t\t\t\t\t<div id=\"elementor-tab-content-2351\" class=\"elementor-tab-content elementor-clearfix\" data-tab=\"1\" role=\"region\" aria-labelledby=\"elementor-tab-title-2351\"><p>Con un profundo compromiso hacia el bienestar animal, Cristina brinda una atenci\u00f3n de alta calidad a los clientes y pacientes del centro. Su amplio conocimiento en auxiliar veterinaria le permite ofrecer un soporte integral en el cuidado y tratamiento de los animales, colaborando estrechamente con los veterinarios en la realizaci\u00f3n de procedimientos y seguimiento de casos.<\/p><\/div>\n\t\t\t\t<\/div>\n\t\t\t\t\t\t\t\t<\/div>\n\t\t\t\t\t\t<\/div>\n\t\t\t\t<\/div>\n\t\t\t\t\t<\/div>\n\t\t<\/div>\n\t\t\t\t<div class=\"elementor-column elementor-col-25 elementor-inner-column elementor-element elementor-element-333384f\" data-id=\"333384f\" data-element_type=\"column\" data-e-type=\"column\">\n\t\t\t<div class=\"elementor-widget-wrap elementor-element-populated\">\n\t\t\t\t\t\t<div class=\"elementor-element elementor-element-4a3a8f4 elementor-widget elementor-widget-team_box\" data-id=\"4a3a8f4\" data-element_type=\"widget\" data-e-type=\"widget\" data-widget_type=\"team_box.default\">\n\t\t\t\t<div class=\"elementor-widget-container\">\n\t\t\t\t\t            <div class=\"team-holder section-team fl-wrap\">\n                <div class=\"team-box-image\">\n                    <div class=\"team-photo\">\n                        <img decoding=\"async\" src=\"https:\/\/www.unavets.com\/c-rincon\/wp-content\/uploads\/sites\/32\/2023\/07\/2.png\" class=\"respimg\">                                    \n                    <\/div>\n                    <div class=\"team-info\">\n                        <h3><a href=\"\">Laura Domenech <\/a><\/h3><h4>Auxiliar Veterinaria<\/h4>Laura es una profesional altamente cualificada, titulada en Auxiliar Veterinaria y Auxiliar T\u00e9cnico Veterinaria. Desde el a\u00f1o 2021, desempe\u00f1a el rol de responsable de tienda, asumiendo tareas de atenci\u00f3n al cliente y brindando su experiencia como auxiliar veterinaria.                    <\/div>\n                <\/div>\n            <\/div>\n        \t\t\t\t<\/div>\n\t\t\t\t<\/div>\n\t\t\t\t<div class=\"elementor-element elementor-element-cf632ca readmoretoggle elementor-widget elementor-widget-toggle\" data-id=\"cf632ca\" data-element_type=\"widget\" data-e-type=\"widget\" data-widget_type=\"toggle.default\">\n\t\t\t\t<div class=\"elementor-widget-container\">\n\t\t\t\t\t\t\t<div class=\"elementor-toggle\">\n\t\t\t\t\t\t\t<div class=\"elementor-toggle-item\">\n\t\t\t\t\t<div id=\"elementor-tab-title-2171\" class=\"elementor-tab-title\" data-tab=\"1\" role=\"button\" aria-controls=\"elementor-tab-content-2171\" aria-expanded=\"false\">\n\t\t\t\t\t\t\t\t\t\t\t\t<a class=\"elementor-toggle-title\" tabindex=\"0\">Leer m\u00e1s<\/a>\n\t\t\t\t\t<\/div>\n\n\t\t\t\t\t<div id=\"elementor-tab-content-2171\" class=\"elementor-tab-content elementor-clearfix\" data-tab=\"1\" role=\"region\" aria-labelledby=\"elementor-tab-title-2171\"><p>Como responsable de tienda, Laura se esfuerza por ofrecer un servicio excepcional a los clientes, brind\u00e1ndoles una experiencia positiva y satisfactoria. Su enfoque en la atenci\u00f3n al cliente se basa en la amabilidad, la empat\u00eda y la habilidad para comprender las necesidades de cada due\u00f1o de mascota, proporcionando soluciones personalizadas y recomendaciones adecuadas.<\/p><\/div>\n\t\t\t\t<\/div>\n\t\t\t\t\t\t\t\t<\/div>\n\t\t\t\t\t\t<\/div>\n\t\t\t\t<\/div>\n\t\t\t\t\t<\/div>\n\t\t<\/div>\n\t\t\t\t<div class=\"elementor-column elementor-col-25 elementor-inner-column elementor-element elementor-element-5979cb9\" data-id=\"5979cb9\" data-element_type=\"column\" data-e-type=\"column\">\n\t\t\t<div class=\"elementor-widget-wrap elementor-element-populated\">\n\t\t\t\t\t\t<div class=\"elementor-element elementor-element-c74e068 elementor-widget elementor-widget-team_box\" data-id=\"c74e068\" data-element_type=\"widget\" data-e-type=\"widget\" data-widget_type=\"team_box.default\">\n\t\t\t\t<div class=\"elementor-widget-container\">\n\t\t\t\t\t            <div class=\"team-holder section-team fl-wrap\">\n                <div class=\"team-box-image\">\n                    <div class=\"team-photo\">\n                        <img decoding=\"async\" src=\"https:\/\/www.unavets.com\/c-rincon\/wp-content\/uploads\/sites\/32\/2023\/07\/1.png\" class=\"respimg\">                                    \n                    <\/div>\n                    <div class=\"team-info\">\n                        <h3><a href=\"\">Laura L\u00f3pez <\/a><\/h3><h4>Auxiliar Veterinaria<\/h4>Laura es una profesional titulada en Auxiliar Veterinaria y Auxiliar T\u00e9cnico Veterinaria, cuya pasi\u00f3n por los animales la ha llevado a desempe\u00f1arse con \u00e9xito en el campo de la veterinaria.                     <\/div>\n                <\/div>\n            <\/div>\n        \t\t\t\t<\/div>\n\t\t\t\t<\/div>\n\t\t\t\t<div class=\"elementor-element elementor-element-d47aa88 readmoretoggle elementor-widget elementor-widget-toggle\" data-id=\"d47aa88\" data-element_type=\"widget\" data-e-type=\"widget\" data-widget_type=\"toggle.default\">\n\t\t\t\t<div class=\"elementor-widget-container\">\n\t\t\t\t\t\t\t<div class=\"elementor-toggle\">\n\t\t\t\t\t\t\t<div class=\"elementor-toggle-item\">\n\t\t\t\t\t<div id=\"elementor-tab-title-2221\" class=\"elementor-tab-title\" data-tab=\"1\" role=\"button\" aria-controls=\"elementor-tab-content-2221\" aria-expanded=\"false\">\n\t\t\t\t\t\t\t\t\t\t\t\t<a class=\"elementor-toggle-title\" tabindex=\"0\">Leer m\u00e1s<\/a>\n\t\t\t\t\t<\/div>\n\n\t\t\t\t\t<div id=\"elementor-tab-content-2221\" class=\"elementor-tab-content elementor-clearfix\" data-tab=\"1\" role=\"region\" aria-labelledby=\"elementor-tab-title-2221\"><p>Desde el a\u00f1o 2020, asume el rol de responsable de consultas, donde se encarga de brindar una atenci\u00f3n excepcional a los clientes y desempe\u00f1ar labores como auxiliar veterinaria.<\/p><p>Con su s\u00f3lido conocimiento y experiencia en el cuidado de animales, Laura es capaz de proporcionar un servicio de atenci\u00f3n al cliente de alta calidad. Su amabilidad, empat\u00eda y habilidades de comunicaci\u00f3n permiten establecer un v\u00ednculo cercano con los due\u00f1os de mascotas, brind\u00e1ndoles confianza y tranquilidad en cada consulta.<\/p><\/div>\n\t\t\t\t<\/div>\n\t\t\t\t\t\t\t\t<\/div>\n\t\t\t\t\t\t<\/div>\n\t\t\t\t<\/div>\n\t\t\t\t\t<\/div>\n\t\t<\/div>\n\t\t\t\t<div class=\"elementor-column elementor-col-25 elementor-inner-column elementor-element elementor-element-422ade7 nodata_bor\" data-id=\"422ade7\" data-element_type=\"column\" data-e-type=\"column\">\n\t\t\t<div class=\"elementor-widget-wrap elementor-element-populated\">\n\t\t\t\t\t\t<div class=\"elementor-element elementor-element-508b7ca elementor-widget elementor-widget-team_box\" data-id=\"508b7ca\" data-element_type=\"widget\" data-e-type=\"widget\" data-widget_type=\"team_box.default\">\n\t\t\t\t<div class=\"elementor-widget-container\">\n\t\t\t\t\t            <div class=\"team-holder section-team fl-wrap\">\n                <div class=\"team-box-image\">\n                    <div class=\"team-photo\">\n                        <img decoding=\"async\" src=\"\" class=\"respimg\">                                    \n                    <\/div>\n                    <div class=\"team-info\">\n                                            <\/div>\n                <\/div>\n            <\/div>\n        \t\t\t\t<\/div>\n\t\t\t\t<\/div>\n\t\t\t\t\t<\/div>\n\t\t<\/div>\n\t\t\t\t\t<\/div>\n\t\t<\/section>\n\t\t\t\t\t<\/div>\n\t\t<\/div>\n\t\t\t\t\t<\/div>\n\t\t<\/section>\n\t\t\t\t<\/div>\n\t\t","protected":false},"excerpt":{"rendered":"<p>&nbsp;El equipo de nuestra consulta est\u00e1 formado por veterinarios y auxiliares de veterinaria con una excelente formaci\u00f3n. Entre todos abarcamos un amplio espectro de conocimientos que nos permite aplicar en todo momento un tratamiento r\u00e1pido y preciso que sea lo menos agresivo posible para su mascota. Nuestra excelente formaci\u00f3n y amplia experiencia nos permiten ofrecer &hellip; <\/p>\n","protected":false},"author":1,"featured_media":0,"parent":0,"menu_order":0,"comment_status":"closed","ping_status":"closed","template":"page-fullwidth.php","meta":{"_acf_changed":false,"content-type":"","footnotes":""},"class_list":["post-13550","page","type-page","status-publish","hentry"],"acf":[],"_links":{"self":[{"href":"https:\/\/www.unavets.com\/c-rincon\/es\/wp-json\/wp\/v2\/pages\/13550","targetHints":{"allow":["GET"]}}],"collection":[{"href":"https:\/\/www.unavets.com\/c-rincon\/es\/wp-json\/wp\/v2\/pages"}],"about":[{"href":"https:\/\/www.unavets.com\/c-rincon\/es\/wp-json\/wp\/v2\/types\/page"}],"author":[{"embeddable":true,"href":"https:\/\/www.unavets.com\/c-rincon\/es\/wp-json\/wp\/v2\/users\/1"}],"replies":[{"embeddable":true,"href":"https:\/\/www.unavets.com\/c-rincon\/es\/wp-json\/wp\/v2\/comments?post=13550"}],"version-history":[{"count":13,"href":"https:\/\/www.unavets.com\/c-rincon\/es\/wp-json\/wp\/v2\/pages\/13550\/revisions"}],"predecessor-version":[{"id":21199,"href":"https:\/\/www.unavets.com\/c-rincon\/es\/wp-json\/wp\/v2\/pages\/13550\/revisions\/21199"}],"wp:attachment":[{"href":"https:\/\/www.unavets.com\/c-rincon\/es\/wp-json\/wp\/v2\/media?parent=13550"}],"curies":[{"name":"wp","href":"https:\/\/api.w.org\/{rel}","templated":true}]}}