{"id":12997,"date":"2021-01-04T08:19:34","date_gmt":"2021-01-04T08:19:34","guid":{"rendered":"http:\/\/www.unavets.com\/c-rincon\/?page_id=12997"},"modified":"2023-07-28T11:58:41","modified_gmt":"2023-07-28T11:58:41","slug":"quienes-somos","status":"publish","type":"page","link":"https:\/\/www.unavets.com\/c-rincon\/es\/quienes-somos\/","title":{"rendered":"Qui\u00e9nes Somos"},"content":{"rendered":"\t\t<div data-elementor-type=\"wp-page\" data-elementor-id=\"12997\" class=\"elementor elementor-12997 elementor-268\" data-elementor-post-type=\"page\">\n\t\t\t\t\t\t<section class=\"elementor-section elementor-top-section elementor-element elementor-element-54cf215 pad-top-0 elementor-section-boxed elementor-section-height-default elementor-section-height-default\" data-id=\"54cf215\" data-element_type=\"section\" data-e-type=\"section\" id=\"main-sec\" data-settings=\"{&quot;background_background&quot;:&quot;classic&quot;}\">\n\t\t\t\t\t\t<div class=\"elementor-container elementor-column-gap-default\">\n\t\t\t\t\t<div class=\"elementor-column elementor-col-100 elementor-top-column elementor-element elementor-element-d926441\" data-id=\"d926441\" data-element_type=\"column\" data-e-type=\"column\">\n\t\t\t<div class=\"elementor-widget-wrap elementor-element-populated\">\n\t\t\t\t\t\t<div class=\"elementor-element elementor-element-9725bcd elementor-widget elementor-widget-section_titleleft\" data-id=\"9725bcd\" data-element_type=\"widget\" data-e-type=\"widget\" data-widget_type=\"section_titleleft.default\">\n\t\t\t\t<div class=\"elementor-widget-container\">\n\t\t\t\t\t        <div class=\"ab_text-title fl-wrap\">\n            <h3>Centro Veterinario en Sta Margarida i Els Monjos<\/h3>Somos un centro especializado en brindar servicios de diagn\u00f3stico y tratamiento para el bienestar de sus mascotas. Nuestro enfoque principal es el Servicio de Diagn\u00f3stico por Imagen, donde contamos con equipos de \u00faltima generaci\u00f3n dise\u00f1ados espec\u00edficamente para animales de compa\u00f1\u00eda.\n<span class=\"section-separator fl-sec-sep\"><\/span>        <\/div>\n        \t\t\t\t<\/div>\n\t\t\t\t<\/div>\n\t\t\t\t<section class=\"elementor-section elementor-inner-section elementor-element elementor-element-35814f4 elementor-section-full_width elementor-section-height-default elementor-section-height-default\" data-id=\"35814f4\" data-element_type=\"section\" data-e-type=\"section\">\n\t\t\t\t\t\t<div class=\"elementor-container elementor-column-gap-wide\">\n\t\t\t\t\t<div class=\"elementor-column elementor-col-50 elementor-inner-column elementor-element elementor-element-7fa3f34\" data-id=\"7fa3f34\" data-element_type=\"column\" data-e-type=\"column\">\n\t\t\t<div class=\"elementor-widget-wrap elementor-element-populated\">\n\t\t\t\t\t\t<div class=\"elementor-element elementor-element-9873833 elementor-widget elementor-widget-image\" data-id=\"9873833\" data-element_type=\"widget\" data-e-type=\"widget\" data-widget_type=\"image.default\">\n\t\t\t\t<div class=\"elementor-widget-container\">\n\t\t\t\t\t\t\t\t\t\t\t\t\t\t\t<img fetchpriority=\"high\" width=\"724\" height=\"484\" class=\"attachment-medium_large size-medium_large wp-image-20089 lazy\" alt=\"\" data-src=\"https:\/\/www.unavets.com\/c-rincon\/wp-content\/uploads\/sites\/32\/2023\/07\/CARLOS-RINCON-CLINICA-2-768x513.jpg\" data-lazy=\"https:\/\/www.unavets.com\/c-rincon\/wp-content\/uploads\/sites\/32\/2023\/07\/CARLOS-RINCON-CLINICA-2-768x513.jpg\" \/>\t\t\t\t\t\t\t\t\t\t\t\t\t\t\t<\/div>\n\t\t\t\t<\/div>\n\t\t\t\t\t<\/div>\n\t\t<\/div>\n\t\t\t\t<div class=\"elementor-column elementor-col-50 elementor-inner-column elementor-element elementor-element-202374d\" data-id=\"202374d\" data-element_type=\"column\" data-e-type=\"column\">\n\t\t\t<div class=\"elementor-widget-wrap elementor-element-populated\">\n\t\t\t\t\t\t<div class=\"elementor-element elementor-element-3b393ce about-wrap elementor-widget elementor-widget-text-editor\" data-id=\"3b393ce\" data-element_type=\"widget\" data-e-type=\"widget\" data-widget_type=\"text-editor.default\">\n\t\t\t\t<div class=\"elementor-widget-container\">\n\t\t\t\t\t\t\t\t\t<p>El Centro Veterinario C. Rinc\u00f3n fue inaugurado el 9 de enero de 2000 en la poblaci\u00f3n de Santa Margarida i Els Monjos, colindante a Vilafranca del Penedes, provincia de Barcelona.<\/p>\n<p>Desde entonces, hemos ofrecido una amplia variedad de servicios y conocimientos a nuestros clientes, quienes han depositado en nosotros la salud de sus mascotas y su confianza en nuestro buen hacer y profesionalidad. Entre nuestros servicios y especialidades se encuentran <span style=\"font-size: 1em;\">una amplia experiencia en la prevenci\u00f3n de las enfermedades infecciosas, prevenci\u00f3n bucodental, servicio de diagn\u00f3stico por imagen, laboratorio propio, y todas las especialidades quir\u00fargicas.<\/span><\/p>\n<p>Nuestro trato es sincero, amable y directo. <strong>Contamos con equipamiento moderno, profesionalidad y un compromiso personal,<\/strong> lo que define a la perfecci\u00f3n nuestra cl\u00ednica veterinaria. <strong>Lo m\u00e1s importante para nosotros es el bienestar de los animales<\/strong>.&nbsp;<\/p>\t\t\t\t\t\t\t\t<\/div>\n\t\t\t\t<\/div>\n\t\t\t\t\t<\/div>\n\t\t<\/div>\n\t\t\t\t\t<\/div>\n\t\t<\/section>\n\t\t\t\t<section class=\"elementor-section elementor-inner-section elementor-element elementor-element-31d68ae elementor-section-boxed elementor-section-height-default elementor-section-height-default\" data-id=\"31d68ae\" data-element_type=\"section\" data-e-type=\"section\">\n\t\t\t\t\t\t<div class=\"elementor-container elementor-column-gap-default\">\n\t\t\t\t\t<div class=\"elementor-column elementor-col-50 elementor-inner-column elementor-element elementor-element-8ddd41b\" data-id=\"8ddd41b\" data-element_type=\"column\" data-e-type=\"column\">\n\t\t\t<div class=\"elementor-widget-wrap elementor-element-populated\">\n\t\t\t\t\t\t<div class=\"elementor-element elementor-element-c87b63e elementor-align-center elementor-widget elementor-widget-button\" data-id=\"c87b63e\" data-element_type=\"widget\" data-e-type=\"widget\" data-widget_type=\"button.default\">\n\t\t\t\t<div class=\"elementor-widget-container\">\n\t\t\t\t\t\t\t\t\t<div class=\"elementor-button-wrapper\">\n\t\t\t\t\t<a class=\"elementor-button elementor-button-link elementor-size-sm\" href=\"https:\/\/www.unavets.com\/c-rincon\/es\/instalaciones\/\">\n\t\t\t\t\t\t<span class=\"elementor-button-content-wrapper\">\n\t\t\t\t\t\t\t\t\t<span class=\"elementor-button-text\">Instalaciones<\/span>\n\t\t\t\t\t<\/span>\n\t\t\t\t\t<\/a>\n\t\t\t\t<\/div>\n\t\t\t\t\t\t\t\t<\/div>\n\t\t\t\t<\/div>\n\t\t\t\t\t<\/div>\n\t\t<\/div>\n\t\t\t\t<div class=\"elementor-column elementor-col-50 elementor-inner-column elementor-element elementor-element-d044a7e\" data-id=\"d044a7e\" data-element_type=\"column\" data-e-type=\"column\">\n\t\t\t<div class=\"elementor-widget-wrap elementor-element-populated\">\n\t\t\t\t\t\t<div class=\"elementor-element elementor-element-75ee515 elementor-align-center elementor-widget elementor-widget-button\" data-id=\"75ee515\" data-element_type=\"widget\" data-e-type=\"widget\" data-widget_type=\"button.default\">\n\t\t\t\t<div class=\"elementor-widget-container\">\n\t\t\t\t\t\t\t\t\t<div class=\"elementor-button-wrapper\">\n\t\t\t\t\t<a class=\"elementor-button elementor-button-link elementor-size-sm\" href=\"https:\/\/www.unavets.com\/c-rincon\/es\/nuestro-equipo\/\">\n\t\t\t\t\t\t<span class=\"elementor-button-content-wrapper\">\n\t\t\t\t\t\t\t\t\t<span class=\"elementor-button-text\">Equipo<\/span>\n\t\t\t\t\t<\/span>\n\t\t\t\t\t<\/a>\n\t\t\t\t<\/div>\n\t\t\t\t\t\t\t\t<\/div>\n\t\t\t\t<\/div>\n\t\t\t\t\t<\/div>\n\t\t<\/div>\n\t\t\t\t\t<\/div>\n\t\t<\/section>\n\t\t\t\t\t<\/div>\n\t\t<\/div>\n\t\t\t\t\t<\/div>\n\t\t<\/section>\n\t\t\t\t<section class=\"elementor-section elementor-top-section elementor-element elementor-element-38295de elementor-section-boxed elementor-section-height-default elementor-section-height-default\" data-id=\"38295de\" data-element_type=\"section\" data-e-type=\"section\">\n\t\t\t\t\t\t<div class=\"elementor-container elementor-column-gap-default\">\n\t\t\t\t\t<div class=\"elementor-column elementor-col-100 elementor-top-column elementor-element elementor-element-c3d38f1\" data-id=\"c3d38f1\" data-element_type=\"column\" data-e-type=\"column\">\n\t\t\t<div class=\"elementor-widget-wrap elementor-element-populated\">\n\t\t\t\t\t\t<div class=\"elementor-element elementor-element-022cee1 elementor-widget elementor-widget-gallery\" data-id=\"022cee1\" data-element_type=\"widget\" data-e-type=\"widget\" data-settings=\"{&quot;columns&quot;:&quot;3&quot;,&quot;aspect_ratio&quot;:&quot;1:1&quot;,&quot;lazyload&quot;:&quot;yes&quot;,&quot;gallery_layout&quot;:&quot;grid&quot;,&quot;columns_tablet&quot;:2,&quot;columns_mobile&quot;:1,&quot;gap&quot;:{&quot;unit&quot;:&quot;px&quot;,&quot;size&quot;:10,&quot;sizes&quot;:[]},&quot;gap_tablet&quot;:{&quot;unit&quot;:&quot;px&quot;,&quot;size&quot;:10,&quot;sizes&quot;:[]},&quot;gap_mobile&quot;:{&quot;unit&quot;:&quot;px&quot;,&quot;size&quot;:10,&quot;sizes&quot;:[]},&quot;link_to&quot;:&quot;file&quot;,&quot;overlay_background&quot;:&quot;yes&quot;,&quot;content_hover_animation&quot;:&quot;fade-in&quot;}\" data-widget_type=\"gallery.default\">\n\t\t\t\t<div class=\"elementor-widget-container\">\n\t\t\t\t\t\t\t<div class=\"elementor-gallery__container\">\n\t\t\t\t\t\t\t<a class=\"e-gallery-item elementor-gallery-item elementor-animated-content\" href=\"https:\/\/www.unavets.com\/c-rincon\/wp-content\/uploads\/sites\/32\/2023\/07\/DIAGNOSTICO-POR-IMAGEN-3.jpg\" data-elementor-open-lightbox=\"yes\" data-elementor-lightbox-slideshow=\"022cee1\" data-elementor-lightbox-title=\"DIAGNOSTICO POR IMAGEN 3\" data-e-action-hash=\"#elementor-action%3Aaction%3Dlightbox%26settings%3DeyJpZCI6MjAxMDgsInVybCI6Imh0dHBzOlwvXC93d3cudW5hdmV0cy5jb21cL2MtcmluY29uXC93cC1jb250ZW50XC91cGxvYWRzXC9zaXRlc1wvMzJcLzIwMjNcLzA3XC9ESUFHTk9TVElDTy1QT1ItSU1BR0VOLTMuanBnIiwic2xpZGVzaG93IjoiMDIyY2VlMSJ9\">\n\t\t\t\t\t<div class=\"e-gallery-image elementor-gallery-item__image\" data-thumbnail=\"https:\/\/www.unavets.com\/c-rincon\/wp-content\/uploads\/sites\/32\/2023\/07\/DIAGNOSTICO-POR-IMAGEN-3.jpg\" data-width=\"724\" data-height=\"483\" aria-label=\"\" role=\"img\" ><\/div>\n\t\t\t\t\t\t\t\t\t\t\t<div class=\"elementor-gallery-item__overlay\"><\/div>\n\t\t\t\t\t\t\t\t\t\t\t\t\t\t<\/a>\n\t\t\t\t\t\t\t<a class=\"e-gallery-item elementor-gallery-item elementor-animated-content\" href=\"https:\/\/www.unavets.com\/c-rincon\/wp-content\/uploads\/sites\/32\/2023\/07\/MEDICINA-GENERAL.jpg\" data-elementor-open-lightbox=\"yes\" data-elementor-lightbox-slideshow=\"022cee1\" data-elementor-lightbox-title=\"MEDICINA GENERAL\" data-e-action-hash=\"#elementor-action%3Aaction%3Dlightbox%26settings%3DeyJpZCI6MjAxMTgsInVybCI6Imh0dHBzOlwvXC93d3cudW5hdmV0cy5jb21cL2MtcmluY29uXC93cC1jb250ZW50XC91cGxvYWRzXC9zaXRlc1wvMzJcLzIwMjNcLzA3XC9NRURJQ0lOQS1HRU5FUkFMLmpwZyIsInNsaWRlc2hvdyI6IjAyMmNlZTEifQ%3D%3D\">\n\t\t\t\t\t<div class=\"e-gallery-image elementor-gallery-item__image\" data-thumbnail=\"https:\/\/www.unavets.com\/c-rincon\/wp-content\/uploads\/sites\/32\/2023\/07\/MEDICINA-GENERAL.jpg\" data-width=\"724\" data-height=\"483\" aria-label=\"\" role=\"img\" ><\/div>\n\t\t\t\t\t\t\t\t\t\t\t<div class=\"elementor-gallery-item__overlay\"><\/div>\n\t\t\t\t\t\t\t\t\t\t\t\t\t\t<\/a>\n\t\t\t\t\t\t\t<a class=\"e-gallery-item elementor-gallery-item elementor-animated-content\" href=\"https:\/\/www.unavets.com\/c-rincon\/wp-content\/uploads\/sites\/32\/2023\/07\/CLINICA-C-RINCON-4.jpg\" data-elementor-open-lightbox=\"yes\" data-elementor-lightbox-slideshow=\"022cee1\" data-elementor-lightbox-title=\"CLINICA C RINCON 4\" data-e-action-hash=\"#elementor-action%3Aaction%3Dlightbox%26settings%3DeyJpZCI6MjAxMDUsInVybCI6Imh0dHBzOlwvXC93d3cudW5hdmV0cy5jb21cL2MtcmluY29uXC93cC1jb250ZW50XC91cGxvYWRzXC9zaXRlc1wvMzJcLzIwMjNcLzA3XC9DTElOSUNBLUMtUklOQ09OLTQuanBnIiwic2xpZGVzaG93IjoiMDIyY2VlMSJ9\">\n\t\t\t\t\t<div class=\"e-gallery-image elementor-gallery-item__image\" data-thumbnail=\"https:\/\/www.unavets.com\/c-rincon\/wp-content\/uploads\/sites\/32\/2023\/07\/CLINICA-C-RINCON-4.jpg\" data-width=\"724\" data-height=\"483\" aria-label=\"\" role=\"img\" ><\/div>\n\t\t\t\t\t\t\t\t\t\t\t<div class=\"elementor-gallery-item__overlay\"><\/div>\n\t\t\t\t\t\t\t\t\t\t\t\t\t\t<\/a>\n\t\t\t\t\t\t\t<a class=\"e-gallery-item elementor-gallery-item elementor-animated-content\" href=\"https:\/\/www.unavets.com\/c-rincon\/wp-content\/uploads\/sites\/32\/2023\/07\/HERO-ESPECIALIDADES.jpg\" data-elementor-open-lightbox=\"yes\" data-elementor-lightbox-slideshow=\"022cee1\" data-elementor-lightbox-title=\"HERO ESPECIALIDADES\" data-e-action-hash=\"#elementor-action%3Aaction%3Dlightbox%26settings%3DeyJpZCI6MjAxMTIsInVybCI6Imh0dHBzOlwvXC93d3cudW5hdmV0cy5jb21cL2MtcmluY29uXC93cC1jb250ZW50XC91cGxvYWRzXC9zaXRlc1wvMzJcLzIwMjNcLzA3XC9IRVJPLUVTUEVDSUFMSURBREVTLmpwZyIsInNsaWRlc2hvdyI6IjAyMmNlZTEifQ%3D%3D\">\n\t\t\t\t\t<div class=\"e-gallery-image elementor-gallery-item__image\" data-thumbnail=\"https:\/\/www.unavets.com\/c-rincon\/wp-content\/uploads\/sites\/32\/2023\/07\/HERO-ESPECIALIDADES.jpg\" data-width=\"724\" data-height=\"483\" aria-label=\"\" role=\"img\" ><\/div>\n\t\t\t\t\t\t\t\t\t\t\t<div class=\"elementor-gallery-item__overlay\"><\/div>\n\t\t\t\t\t\t\t\t\t\t\t\t\t\t<\/a>\n\t\t\t\t\t\t\t<a class=\"e-gallery-item elementor-gallery-item elementor-animated-content\" href=\"https:\/\/www.unavets.com\/c-rincon\/wp-content\/uploads\/sites\/32\/2023\/07\/MEDICINA-FELINA-HERO-2.jpg\" data-elementor-open-lightbox=\"yes\" data-elementor-lightbox-slideshow=\"022cee1\" data-elementor-lightbox-title=\"MEDICINA FELINA HERO\" data-e-action-hash=\"#elementor-action%3Aaction%3Dlightbox%26settings%3DeyJpZCI6MjAxMTUsInVybCI6Imh0dHBzOlwvXC93d3cudW5hdmV0cy5jb21cL2MtcmluY29uXC93cC1jb250ZW50XC91cGxvYWRzXC9zaXRlc1wvMzJcLzIwMjNcLzA3XC9NRURJQ0lOQS1GRUxJTkEtSEVSTy0yLmpwZyIsInNsaWRlc2hvdyI6IjAyMmNlZTEifQ%3D%3D\">\n\t\t\t\t\t<div class=\"e-gallery-image elementor-gallery-item__image\" data-thumbnail=\"https:\/\/www.unavets.com\/c-rincon\/wp-content\/uploads\/sites\/32\/2023\/07\/MEDICINA-FELINA-HERO-2.jpg\" data-width=\"724\" data-height=\"483\" aria-label=\"\" role=\"img\" ><\/div>\n\t\t\t\t\t\t\t\t\t\t\t<div class=\"elementor-gallery-item__overlay\"><\/div>\n\t\t\t\t\t\t\t\t\t\t\t\t\t\t<\/a>\n\t\t\t\t\t\t\t<a class=\"e-gallery-item elementor-gallery-item elementor-animated-content\" href=\"https:\/\/www.unavets.com\/c-rincon\/wp-content\/uploads\/sites\/32\/2023\/07\/PELUQUERIA-.jpg\" data-elementor-open-lightbox=\"yes\" data-elementor-lightbox-slideshow=\"022cee1\" data-elementor-lightbox-title=\"PELUQUERIA\" data-e-action-hash=\"#elementor-action%3Aaction%3Dlightbox%26settings%3DeyJpZCI6MjAxMjQsInVybCI6Imh0dHBzOlwvXC93d3cudW5hdmV0cy5jb21cL2MtcmluY29uXC93cC1jb250ZW50XC91cGxvYWRzXC9zaXRlc1wvMzJcLzIwMjNcLzA3XC9QRUxVUVVFUklBLS5qcGciLCJzbGlkZXNob3ciOiIwMjJjZWUxIn0%3D\">\n\t\t\t\t\t<div class=\"e-gallery-image elementor-gallery-item__image\" data-thumbnail=\"https:\/\/www.unavets.com\/c-rincon\/wp-content\/uploads\/sites\/32\/2023\/07\/PELUQUERIA-.jpg\" data-width=\"724\" data-height=\"483\" aria-label=\"\" role=\"img\" ><\/div>\n\t\t\t\t\t\t\t\t\t\t\t<div class=\"elementor-gallery-item__overlay\"><\/div>\n\t\t\t\t\t\t\t\t\t\t\t\t\t\t<\/a>\n\t\t\t\t\t<\/div>\n\t\t\t\t\t<\/div>\n\t\t\t\t<\/div>\n\t\t\t\t\t<\/div>\n\t\t<\/div>\n\t\t\t\t\t<\/div>\n\t\t<\/section>\n\t\t\t\t<\/div>\n\t\t","protected":false},"excerpt":{"rendered":"<p>Centro Veterinario en Sta Margarida i Els Monjos Somos un centro especializado en brindar servicios de diagn\u00f3stico y tratamiento para el bienestar de sus mascotas. Nuestro enfoque principal es el Servicio de Diagn\u00f3stico por Imagen, donde contamos con equipos de \u00faltima generaci\u00f3n dise\u00f1ados espec\u00edficamente para animales de compa\u00f1\u00eda. El Centro Veterinario C. Rinc\u00f3n fue inaugurado &hellip; <\/p>\n","protected":false},"author":1,"featured_media":0,"parent":0,"menu_order":0,"comment_status":"closed","ping_status":"closed","template":"page-fullwidth.php","meta":{"_acf_changed":false,"content-type":"","footnotes":""},"class_list":["post-12997","page","type-page","status-publish","hentry"],"acf":[],"_links":{"self":[{"href":"https:\/\/www.unavets.com\/c-rincon\/es\/wp-json\/wp\/v2\/pages\/12997","targetHints":{"allow":["GET"]}}],"collection":[{"href":"https:\/\/www.unavets.com\/c-rincon\/es\/wp-json\/wp\/v2\/pages"}],"about":[{"href":"https:\/\/www.unavets.com\/c-rincon\/es\/wp-json\/wp\/v2\/types\/page"}],"author":[{"embeddable":true,"href":"https:\/\/www.unavets.com\/c-rincon\/es\/wp-json\/wp\/v2\/users\/1"}],"replies":[{"embeddable":true,"href":"https:\/\/www.unavets.com\/c-rincon\/es\/wp-json\/wp\/v2\/comments?post=12997"}],"version-history":[{"count":0,"href":"https:\/\/www.unavets.com\/c-rincon\/es\/wp-json\/wp\/v2\/pages\/12997\/revisions"}],"wp:attachment":[{"href":"https:\/\/www.unavets.com\/c-rincon\/es\/wp-json\/wp\/v2\/media?parent=12997"}],"curies":[{"name":"wp","href":"https:\/\/api.w.org\/{rel}","templated":true}]}}