{"id":14795,"date":"2021-06-11T11:38:19","date_gmt":"2021-06-11T11:38:19","guid":{"rendered":"http:\/\/www.unavets.com\/c-rincon\/?page_id=14795"},"modified":"2023-10-27T08:31:27","modified_gmt":"2023-10-27T08:31:27","slug":"botiga-especialitzada","status":"publish","type":"page","link":"https:\/\/www.unavets.com\/c-rincon\/ca\/botiga-especialitzada\/","title":{"rendered":"Botiga Especialitzada"},"content":{"rendered":"\t\t<div data-elementor-type=\"wp-page\" data-elementor-id=\"14795\" class=\"elementor elementor-14795\" data-elementor-post-type=\"page\">\n\t\t\t\t\t\t<section class=\"elementor-section elementor-top-section elementor-element elementor-element-d993722 elementor-section-boxed elementor-section-height-default elementor-section-height-default\" data-id=\"d993722\" data-element_type=\"section\" data-e-type=\"section\" id=\"main-sec\">\n\t\t\t\t\t\t<div class=\"elementor-container elementor-column-gap-default\">\n\t\t\t\t\t<div class=\"elementor-column elementor-col-100 elementor-top-column elementor-element elementor-element-065811d\" data-id=\"065811d\" data-element_type=\"column\" data-e-type=\"column\">\n\t\t\t<div class=\"elementor-widget-wrap elementor-element-populated\">\n\t\t\t\t\t\t<div class=\"elementor-element elementor-element-63d99ac elementor-widget elementor-widget-text-editor\" data-id=\"63d99ac\" data-element_type=\"widget\" data-e-type=\"widget\" data-widget_type=\"text-editor.default\">\n\t\t\t\t<div class=\"elementor-widget-container\">\n\t\t\t\t\t\t\t\t\t<div class=\"ewa-rteLine\"><div class=\"ewa-rteLine\"><div class=\"ewa-rteLine\"><p>C. El Centre Veterinari Rincon t\u00e9 una botiga completa on es poden trobar les millors marques de menjar per a la vostra mascota, i una varietat d&#8217;accessoris com corretges, collars, menjadors, xamp\u00fa, cologne, etc. i molt m\u00e9s.<\/p><p>La nostra tenda de mascotes a Els Monjos, Barcelona, es troba a l&#8217;entrada del nostre centre, amb m\u00e9s de 200 metres quadrats d&#8217;articles, joguines, pinsos i dietes espec\u00edfiques per a cada edat, mida i ra\u00e7a de les vostres mascotes. Som un punt de venda GOSBI, i aqu\u00ed podeu trobar la gamma completa dels seus productes, des de la l\u00ednia ALBIAN, a trav\u00e9s de LIFE, EXCLUSIVE, GRAIN FREE, FRESKO, GOSBITS, ORIGINAL, GOSBI DIETS i NATSBI.<\/p><p>El nostre personal t&#8217;ajudar\u00e0 a triar la millor dieta, el coll, l&#8217;arn\u00e8s, el su\u00e8ter o el millor xamp\u00fa, i fins i tot la millor joguina, que s&#8217;adapti a les caracter\u00edstiques de la teva mascota.<\/p><p>A part de GOSBI, tamb\u00e9 tenim CANINA REIAL, amb totes les seves dietes espec\u00edfiques per a cada patologia, ARION, PURINA, entre d&#8217;altres.<\/p><\/div><\/div><\/div>\t\t\t\t\t\t\t\t<\/div>\n\t\t\t\t<\/div>\n\t\t\t\t<div class=\"elementor-element elementor-element-22b09a4 elementor-align-center elementor-widget elementor-widget-button\" data-id=\"22b09a4\" data-element_type=\"widget\" data-e-type=\"widget\" data-widget_type=\"button.default\">\n\t\t\t\t<div class=\"elementor-widget-container\">\n\t\t\t\t\t\t\t\t\t<div class=\"elementor-button-wrapper\">\n\t\t\t\t\t<a class=\"elementor-button elementor-button-link elementor-size-md\" href=\"https:\/\/www.unavets.com\/clinican\/ca\/contacte\/\">\n\t\t\t\t\t\t<span class=\"elementor-button-content-wrapper\">\n\t\t\t\t\t\t<span class=\"elementor-button-icon\">\n\t\t\t\t<i aria-hidden=\"true\" class=\"far fa-calendar-alt\"><\/i>\t\t\t<\/span>\n\t\t\t\t\t\t\t\t\t<span class=\"elementor-button-text\">Demana Cita<\/span>\n\t\t\t\t\t<\/span>\n\t\t\t\t\t<\/a>\n\t\t\t\t<\/div>\n\t\t\t\t\t\t\t\t<\/div>\n\t\t\t\t<\/div>\n\t\t\t\t<div class=\"elementor-element elementor-element-5159ee8 elementor-widget elementor-widget-image\" data-id=\"5159ee8\" data-element_type=\"widget\" data-e-type=\"widget\" data-widget_type=\"image.default\">\n\t\t\t\t<div class=\"elementor-widget-container\">\n\t\t\t\t\t\t\t\t\t\t\t\t\t\t\t<img fetchpriority=\"high\" width=\"724\" height=\"484\" class=\"attachment-medium_large size-medium_large wp-image-20733 lazy\" alt=\"\" data-src=\"https:\/\/www.unavets.com\/c-rincon\/wp-content\/uploads\/sites\/32\/2023\/07\/TIENDA-5-2-768x513.jpg\" data-lazy=\"https:\/\/www.unavets.com\/c-rincon\/wp-content\/uploads\/sites\/32\/2023\/07\/TIENDA-5-2-768x513.jpg\" \/>\t\t\t\t\t\t\t\t\t\t\t\t\t\t\t<\/div>\n\t\t\t\t<\/div>\n\t\t\t\t\t<\/div>\n\t\t<\/div>\n\t\t\t\t\t<\/div>\n\t\t<\/section>\n\t\t\t\t<\/div>\n\t\t","protected":false},"excerpt":{"rendered":"<p>C. El Centre Veterinari Rincon t\u00e9 una botiga completa on es poden trobar les millors marques de menjar per a la vostra mascota, i una varietat d&#8217;accessoris com corretges, collars, menjadors, xamp\u00fa, cologne, etc. i molt m\u00e9s. La nostra tenda de mascotes a Els Monjos, Barcelona, es troba a l&#8217;entrada del nostre centre, amb m\u00e9s &hellip; <\/p>\n","protected":false},"author":4,"featured_media":0,"parent":0,"menu_order":0,"comment_status":"closed","ping_status":"closed","template":"page-fullwidth.php","meta":{"_acf_changed":false,"content-type":"","footnotes":""},"class_list":["post-14795","page","type-page","status-publish","hentry"],"acf":[],"_links":{"self":[{"href":"https:\/\/www.unavets.com\/c-rincon\/ca\/wp-json\/wp\/v2\/pages\/14795","targetHints":{"allow":["GET"]}}],"collection":[{"href":"https:\/\/www.unavets.com\/c-rincon\/ca\/wp-json\/wp\/v2\/pages"}],"about":[{"href":"https:\/\/www.unavets.com\/c-rincon\/ca\/wp-json\/wp\/v2\/types\/page"}],"author":[{"embeddable":true,"href":"https:\/\/www.unavets.com\/c-rincon\/ca\/wp-json\/wp\/v2\/users\/4"}],"replies":[{"embeddable":true,"href":"https:\/\/www.unavets.com\/c-rincon\/ca\/wp-json\/wp\/v2\/comments?post=14795"}],"version-history":[{"count":6,"href":"https:\/\/www.unavets.com\/c-rincon\/ca\/wp-json\/wp\/v2\/pages\/14795\/revisions"}],"predecessor-version":[{"id":21142,"href":"https:\/\/www.unavets.com\/c-rincon\/ca\/wp-json\/wp\/v2\/pages\/14795\/revisions\/21142"}],"wp:attachment":[{"href":"https:\/\/www.unavets.com\/c-rincon\/ca\/wp-json\/wp\/v2\/media?parent=14795"}],"curies":[{"name":"wp","href":"https:\/\/api.w.org\/{rel}","templated":true}]}}