{"id":14430,"date":"2021-06-03T07:27:45","date_gmt":"2021-06-03T07:27:45","guid":{"rendered":"http:\/\/www.unavets.com\/c-rincon\/?page_id=14430"},"modified":"2023-07-28T12:14:46","modified_gmt":"2023-07-28T12:14:46","slug":"instal-lacions","status":"publish","type":"page","link":"https:\/\/www.unavets.com\/c-rincon\/ca\/instal-lacions\/","title":{"rendered":"Instal\u00b7lacions"},"content":{"rendered":"\t\t<div data-elementor-type=\"wp-page\" data-elementor-id=\"14430\" class=\"elementor elementor-14430 elementor-281\" data-elementor-post-type=\"page\">\n\t\t\t\t\t\t<section class=\"elementor-section elementor-top-section elementor-element elementor-element-e0dbf06 pad-top-0 elementor-section-boxed elementor-section-height-default elementor-section-height-default\" data-id=\"e0dbf06\" data-element_type=\"section\" data-e-type=\"section\" data-settings=\"{&quot;background_background&quot;:&quot;classic&quot;}\">\n\t\t\t\t\t\t<div class=\"elementor-container elementor-column-gap-wide\">\n\t\t\t\t\t<div class=\"elementor-column elementor-col-100 elementor-top-column elementor-element elementor-element-0b6cd84\" data-id=\"0b6cd84\" data-element_type=\"column\" data-e-type=\"column\">\n\t\t\t<div class=\"elementor-widget-wrap elementor-element-populated\">\n\t\t\t\t\t\t<div class=\"elementor-element elementor-element-488cf94 elementor-widget elementor-widget-text-editor\" data-id=\"488cf94\" data-element_type=\"widget\" data-e-type=\"widget\" data-widget_type=\"text-editor.default\">\n\t\t\t\t<div class=\"elementor-widget-container\">\n\t\t\t\t\t\t\t\t\t<p>Les nostres instal\u00b7lacions compten amb un quir\u00f2fan completament equipat, cosa que ens permet realitzar procediments quir\u00fargics de diverses especialitats. Des de cirurgia general fins a traumatologia, oftalmologia, cirurgia urin\u00e0ria i reproductiva, estem preparats per brindar la millor cura quir\u00fargica a la seva mascota.\u00a0<\/p>\t\t\t\t\t\t\t\t<\/div>\n\t\t\t\t<\/div>\n\t\t\t\t<section class=\"elementor-section elementor-inner-section elementor-element elementor-element-0581a28 elementor-section-boxed elementor-section-height-default elementor-section-height-default\" data-id=\"0581a28\" data-element_type=\"section\" data-e-type=\"section\">\n\t\t\t\t\t\t<div class=\"elementor-container elementor-column-gap-default\">\n\t\t\t\t\t<div class=\"elementor-column elementor-col-50 elementor-inner-column elementor-element elementor-element-02bd5c9\" data-id=\"02bd5c9\" data-element_type=\"column\" data-e-type=\"column\">\n\t\t\t<div class=\"elementor-widget-wrap elementor-element-populated\">\n\t\t\t\t\t\t<div class=\"elementor-element elementor-element-7fd4b6f elementor-widget elementor-widget-image\" data-id=\"7fd4b6f\" data-element_type=\"widget\" data-e-type=\"widget\" data-widget_type=\"image.default\">\n\t\t\t\t<div class=\"elementor-widget-container\">\n\t\t\t\t\t\t\t\t\t\t\t\t\t\t\t<img fetchpriority=\"high\" width=\"700\" height=\"990\" class=\"attachment-large size-large wp-image-20384 lazy\" alt=\"\" data-src=\"https:\/\/www.unavets.com\/c-rincon\/wp-content\/uploads\/sites\/32\/2023\/07\/quienes-somos-c-rincon-_-3.png\" data-lazy=\"https:\/\/www.unavets.com\/c-rincon\/wp-content\/uploads\/sites\/32\/2023\/07\/quienes-somos-c-rincon-_-3.png\" \/>\t\t\t\t\t\t\t\t\t\t\t\t\t\t\t<\/div>\n\t\t\t\t<\/div>\n\t\t\t\t\t<\/div>\n\t\t<\/div>\n\t\t\t\t<div class=\"elementor-column elementor-col-50 elementor-inner-column elementor-element elementor-element-920419d\" data-id=\"920419d\" data-element_type=\"column\" data-e-type=\"column\">\n\t\t\t<div class=\"elementor-widget-wrap elementor-element-populated\">\n\t\t\t\t\t\t<div class=\"elementor-element elementor-element-cefa644 elementor-widget elementor-widget-text-editor\" data-id=\"cefa644\" data-element_type=\"widget\" data-e-type=\"widget\" data-widget_type=\"text-editor.default\">\n\t\t\t\t<div class=\"elementor-widget-container\">\n\t\t\t\t\t\t\t\t\t<p>Al Centre Veterinari C. Rinc\u00f3n, som un centre especialitzat en brindar serveis de diagn\u00f2stic i tractament per al benestar de les seves mascotes. El nostre enfocament principal \u00e9s el Servei de Diagn\u00f2stic per Imatge, on comptem amb equips d&#8217;\u00faltima generaci\u00f3 dissenyats espec\u00edficament per a animals de companyia.<\/p><p>\u00a0<\/p><ul><li><strong>Disposem d&#8217;un avan\u00e7at aparell de RX<\/strong>, que ens permet obtenir imatges precises i detallades per al diagn\u00f2stic de diverses condicions. A m\u00e9s, comptem amb un ec\u00f2graf d&#8217;\u00faltima generaci\u00f3 amb doppler, que ens permet fer un control reproductiu eficient, aix\u00ed com diagnosticar patologies digestives i genitourin\u00e0ries.<\/li><li><strong>Comptem amb un electrocardiograma amb imatge<\/strong>, que ens permet avaluar de manera precisa l&#8217;estat del cor de la seva mascota.<\/li><li><strong>El nostre centre tamb\u00e9 est\u00e0 equipat amb endoscopis r\u00edgids, com el rinoscopi, vaginoscopi i laringoscopi<\/strong>, per realitzar visualitzacions i extraccions de cossos estranys a les vies respirat\u00f2ries, vies genitourin\u00e0ries i conducte auditiu.<\/li><li><strong>Equipament complet de laboratori que inclou hematologia, bioqu\u00edmica, serologia, citologia, an\u00e0lisi de femta i orina<\/strong>, cultiu de mostres i antibiograma. En tenir aquests equips a les nostres instal\u00b7lacions, podem obtenir resultats pr\u00e0cticament immediats, cosa que facilita el diagn\u00f2stic i accelera el tractament i recuperaci\u00f3 de la seva mascota.<\/li><li>Pel que fa al tractament farmacol\u00f2gic,<strong> disposem d&#8217;una \u00e0mplia varietat de f\u00e0rmacs de d&#8217; \u00faltima generaci\u00f3<\/strong> per abordar totes les malalties de les mascotes. Comptem amb antibi\u00f2tics, antiparasitaris, antiinflamatoris, medicaments oftalmol\u00f2gics, \u00f2tics i dermatol\u00f2gics, entre d&#8217;altres.<\/li><li>Finalment, <strong>les nostres instal\u00b7lacions compten amb un quir\u00f2fan completament equipat,<\/strong> cosa que ens permet realitzar procediments quir\u00fargics de diverses especialitats. Des de cirurgia general fins a traumatologia, oftalmologia, cirurgia urin\u00e0ria i reproductiva, estem preparats per brindar la millor cura quir\u00fargica a la seva mascota.<\/li><\/ul>\t\t\t\t\t\t\t\t<\/div>\n\t\t\t\t<\/div>\n\t\t\t\t\t<\/div>\n\t\t<\/div>\n\t\t\t\t\t<\/div>\n\t\t<\/section>\n\t\t\t\t<section class=\"elementor-section elementor-inner-section elementor-element elementor-element-2ec65ae elementor-section-boxed elementor-section-height-default elementor-section-height-default\" data-id=\"2ec65ae\" data-element_type=\"section\" data-e-type=\"section\">\n\t\t\t\t\t\t<div class=\"elementor-container elementor-column-gap-default\">\n\t\t\t\t\t<div class=\"elementor-column elementor-col-50 elementor-inner-column elementor-element elementor-element-a93b1c9\" data-id=\"a93b1c9\" data-element_type=\"column\" data-e-type=\"column\">\n\t\t\t<div class=\"elementor-widget-wrap elementor-element-populated\">\n\t\t\t\t\t\t<div class=\"elementor-element elementor-element-433ad58 elementor-align-center elementor-widget elementor-widget-button\" data-id=\"433ad58\" data-element_type=\"widget\" data-e-type=\"widget\" data-widget_type=\"button.default\">\n\t\t\t\t<div class=\"elementor-widget-container\">\n\t\t\t\t\t\t\t\t\t<div class=\"elementor-button-wrapper\">\n\t\t\t\t\t<a class=\"elementor-button elementor-button-link elementor-size-sm\" href=\"https:\/\/www.unavets.com\/clinican\/ca\/nostre-equip\/\">\n\t\t\t\t\t\t<span class=\"elementor-button-content-wrapper\">\n\t\t\t\t\t\t\t\t\t<span class=\"elementor-button-text\">Nostre Equip<\/span>\n\t\t\t\t\t<\/span>\n\t\t\t\t\t<\/a>\n\t\t\t\t<\/div>\n\t\t\t\t\t\t\t\t<\/div>\n\t\t\t\t<\/div>\n\t\t\t\t\t<\/div>\n\t\t<\/div>\n\t\t\t\t<div class=\"elementor-column elementor-col-50 elementor-inner-column elementor-element elementor-element-c227265\" data-id=\"c227265\" data-element_type=\"column\" data-e-type=\"column\">\n\t\t\t<div class=\"elementor-widget-wrap elementor-element-populated\">\n\t\t\t\t\t\t<div class=\"elementor-element elementor-element-9dfd043 elementor-align-center elementor-widget elementor-widget-button\" data-id=\"9dfd043\" data-element_type=\"widget\" data-e-type=\"widget\" data-widget_type=\"button.default\">\n\t\t\t\t<div class=\"elementor-widget-container\">\n\t\t\t\t\t\t\t\t\t<div class=\"elementor-button-wrapper\">\n\t\t\t\t\t<a class=\"elementor-button elementor-button-link elementor-size-sm\" href=\"https:\/\/www.unavets.com\/clinican\/ca\/serveis\/\">\n\t\t\t\t\t\t<span class=\"elementor-button-content-wrapper\">\n\t\t\t\t\t\t\t\t\t<span class=\"elementor-button-text\">Serveis<\/span>\n\t\t\t\t\t<\/span>\n\t\t\t\t\t<\/a>\n\t\t\t\t<\/div>\n\t\t\t\t\t\t\t\t<\/div>\n\t\t\t\t<\/div>\n\t\t\t\t\t<\/div>\n\t\t<\/div>\n\t\t\t\t\t<\/div>\n\t\t<\/section>\n\t\t\t\t\t<\/div>\n\t\t<\/div>\n\t\t\t\t\t<\/div>\n\t\t<\/section>\n\t\t\t\t<section class=\"elementor-section elementor-top-section elementor-element elementor-element-c8adcd1 elementor-section-boxed elementor-section-height-default elementor-section-height-default\" data-id=\"c8adcd1\" data-element_type=\"section\" data-e-type=\"section\">\n\t\t\t\t\t\t<div class=\"elementor-container elementor-column-gap-default\">\n\t\t\t\t\t<div class=\"elementor-column elementor-col-100 elementor-top-column elementor-element elementor-element-2bb803e\" data-id=\"2bb803e\" data-element_type=\"column\" data-e-type=\"column\">\n\t\t\t<div class=\"elementor-widget-wrap elementor-element-populated\">\n\t\t\t\t\t\t<div class=\"elementor-element elementor-element-dcc9aa7 elementor-widget elementor-widget-gallery\" data-id=\"dcc9aa7\" data-element_type=\"widget\" data-e-type=\"widget\" data-settings=\"{&quot;columns&quot;:&quot;3&quot;,&quot;aspect_ratio&quot;:&quot;1:1&quot;,&quot;lazyload&quot;:&quot;yes&quot;,&quot;gallery_layout&quot;:&quot;grid&quot;,&quot;columns_tablet&quot;:2,&quot;columns_mobile&quot;:1,&quot;gap&quot;:{&quot;unit&quot;:&quot;px&quot;,&quot;size&quot;:10,&quot;sizes&quot;:[]},&quot;gap_tablet&quot;:{&quot;unit&quot;:&quot;px&quot;,&quot;size&quot;:10,&quot;sizes&quot;:[]},&quot;gap_mobile&quot;:{&quot;unit&quot;:&quot;px&quot;,&quot;size&quot;:10,&quot;sizes&quot;:[]},&quot;link_to&quot;:&quot;file&quot;,&quot;overlay_background&quot;:&quot;yes&quot;,&quot;content_hover_animation&quot;:&quot;fade-in&quot;}\" data-widget_type=\"gallery.default\">\n\t\t\t\t<div class=\"elementor-widget-container\">\n\t\t\t\t\t\t\t<div class=\"elementor-gallery__container\">\n\t\t\t\t\t\t\t<a class=\"e-gallery-item elementor-gallery-item elementor-animated-content\" href=\"https:\/\/www.unavets.com\/c-rincon\/wp-content\/uploads\/sites\/32\/2023\/07\/TIENDA-5-1.jpg\" data-elementor-open-lightbox=\"yes\" data-elementor-lightbox-slideshow=\"dcc9aa7\" data-elementor-lightbox-title=\"TIENDA-5.jpg\" data-e-action-hash=\"#elementor-action%3Aaction%3Dlightbox%26settings%3DeyJpZCI6MjA3MzAsInVybCI6Imh0dHBzOlwvXC93d3cudW5hdmV0cy5jb21cL2MtcmluY29uXC93cC1jb250ZW50XC91cGxvYWRzXC9zaXRlc1wvMzJcLzIwMjNcLzA3XC9USUVOREEtNS0xLmpwZyIsInNsaWRlc2hvdyI6ImRjYzlhYTcifQ%3D%3D\">\n\t\t\t\t\t<div class=\"e-gallery-image elementor-gallery-item__image\" data-thumbnail=\"https:\/\/www.unavets.com\/c-rincon\/wp-content\/uploads\/sites\/32\/2023\/07\/TIENDA-5-1.jpg\" data-width=\"724\" data-height=\"483\" aria-label=\"\" role=\"img\" ><\/div>\n\t\t\t\t\t\t\t\t\t\t\t<div class=\"elementor-gallery-item__overlay\"><\/div>\n\t\t\t\t\t\t\t\t\t\t\t\t\t\t<\/a>\n\t\t\t\t\t\t\t<a class=\"e-gallery-item elementor-gallery-item elementor-animated-content\" href=\"https:\/\/www.unavets.com\/c-rincon\/wp-content\/uploads\/sites\/32\/2023\/07\/HOSPITALIZACION-2-1.jpg\" data-elementor-open-lightbox=\"yes\" data-elementor-lightbox-slideshow=\"dcc9aa7\" data-elementor-lightbox-title=\"HOSPITALIZACION-2.jpg\" data-e-action-hash=\"#elementor-action%3Aaction%3Dlightbox%26settings%3DeyJpZCI6MjA3MzksInVybCI6Imh0dHBzOlwvXC93d3cudW5hdmV0cy5jb21cL2MtcmluY29uXC93cC1jb250ZW50XC91cGxvYWRzXC9zaXRlc1wvMzJcLzIwMjNcLzA3XC9IT1NQSVRBTElaQUNJT04tMi0xLmpwZyIsInNsaWRlc2hvdyI6ImRjYzlhYTcifQ%3D%3D\">\n\t\t\t\t\t<div class=\"e-gallery-image elementor-gallery-item__image\" data-thumbnail=\"https:\/\/www.unavets.com\/c-rincon\/wp-content\/uploads\/sites\/32\/2023\/07\/HOSPITALIZACION-2-1.jpg\" data-width=\"724\" data-height=\"483\" aria-label=\"\" role=\"img\" ><\/div>\n\t\t\t\t\t\t\t\t\t\t\t<div class=\"elementor-gallery-item__overlay\"><\/div>\n\t\t\t\t\t\t\t\t\t\t\t\t\t\t<\/a>\n\t\t\t\t\t\t\t<a class=\"e-gallery-item elementor-gallery-item elementor-animated-content\" href=\"https:\/\/www.unavets.com\/c-rincon\/wp-content\/uploads\/sites\/32\/2023\/07\/FACILITIES-5-1-2.jpg\" data-elementor-open-lightbox=\"yes\" data-elementor-lightbox-slideshow=\"dcc9aa7\" data-elementor-lightbox-title=\"FACILITIES-5-1.jpg\" data-e-action-hash=\"#elementor-action%3Aaction%3Dlightbox%26settings%3DeyJpZCI6MjA3NTQsInVybCI6Imh0dHBzOlwvXC93d3cudW5hdmV0cy5jb21cL2MtcmluY29uXC93cC1jb250ZW50XC91cGxvYWRzXC9zaXRlc1wvMzJcLzIwMjNcLzA3XC9GQUNJTElUSUVTLTUtMS0yLmpwZyIsInNsaWRlc2hvdyI6ImRjYzlhYTcifQ%3D%3D\">\n\t\t\t\t\t<div class=\"e-gallery-image elementor-gallery-item__image\" data-thumbnail=\"https:\/\/www.unavets.com\/c-rincon\/wp-content\/uploads\/sites\/32\/2023\/07\/FACILITIES-5-1-2.jpg\" data-width=\"724\" data-height=\"483\" aria-label=\"\" role=\"img\" ><\/div>\n\t\t\t\t\t\t\t\t\t\t\t<div class=\"elementor-gallery-item__overlay\"><\/div>\n\t\t\t\t\t\t\t\t\t\t\t\t\t\t<\/a>\n\t\t\t\t\t\t\t<a class=\"e-gallery-item elementor-gallery-item elementor-animated-content\" href=\"https:\/\/www.unavets.com\/c-rincon\/wp-content\/uploads\/sites\/32\/2023\/07\/FACILITIES-6-2-1.jpg\" data-elementor-open-lightbox=\"yes\" data-elementor-lightbox-slideshow=\"dcc9aa7\" data-elementor-lightbox-title=\"FACILITIES-6-2.jpg\" data-e-action-hash=\"#elementor-action%3Aaction%3Dlightbox%26settings%3DeyJpZCI6MjA3NjMsInVybCI6Imh0dHBzOlwvXC93d3cudW5hdmV0cy5jb21cL2MtcmluY29uXC93cC1jb250ZW50XC91cGxvYWRzXC9zaXRlc1wvMzJcLzIwMjNcLzA3XC9GQUNJTElUSUVTLTYtMi0xLmpwZyIsInNsaWRlc2hvdyI6ImRjYzlhYTcifQ%3D%3D\">\n\t\t\t\t\t<div class=\"e-gallery-image elementor-gallery-item__image\" data-thumbnail=\"https:\/\/www.unavets.com\/c-rincon\/wp-content\/uploads\/sites\/32\/2023\/07\/FACILITIES-6-2-1.jpg\" data-width=\"724\" data-height=\"483\" aria-label=\"\" role=\"img\" ><\/div>\n\t\t\t\t\t\t\t\t\t\t\t<div class=\"elementor-gallery-item__overlay\"><\/div>\n\t\t\t\t\t\t\t\t\t\t\t\t\t\t<\/a>\n\t\t\t\t\t\t\t<a class=\"e-gallery-item elementor-gallery-item elementor-animated-content\" href=\"https:\/\/www.unavets.com\/c-rincon\/wp-content\/uploads\/sites\/32\/2023\/07\/EQUIPO-2-1-3.jpg\" data-elementor-open-lightbox=\"yes\" data-elementor-lightbox-slideshow=\"dcc9aa7\" data-elementor-lightbox-title=\"EQUIPO-2-1.jpg\" data-e-action-hash=\"#elementor-action%3Aaction%3Dlightbox%26settings%3DeyJpZCI6MjA3ODIsInVybCI6Imh0dHBzOlwvXC93d3cudW5hdmV0cy5jb21cL2MtcmluY29uXC93cC1jb250ZW50XC91cGxvYWRzXC9zaXRlc1wvMzJcLzIwMjNcLzA3XC9FUVVJUE8tMi0xLTMuanBnIiwic2xpZGVzaG93IjoiZGNjOWFhNyJ9\">\n\t\t\t\t\t<div class=\"e-gallery-image elementor-gallery-item__image\" data-thumbnail=\"https:\/\/www.unavets.com\/c-rincon\/wp-content\/uploads\/sites\/32\/2023\/07\/EQUIPO-2-1-3.jpg\" data-width=\"724\" data-height=\"483\" aria-label=\"\" role=\"img\" ><\/div>\n\t\t\t\t\t\t\t\t\t\t\t<div class=\"elementor-gallery-item__overlay\"><\/div>\n\t\t\t\t\t\t\t\t\t\t\t\t\t\t<\/a>\n\t\t\t\t\t\t\t<a class=\"e-gallery-item elementor-gallery-item elementor-animated-content\" href=\"https:\/\/www.unavets.com\/c-rincon\/wp-content\/uploads\/sites\/32\/2023\/07\/CLINICA-C-RINCON-2-1-2.jpg\" data-elementor-open-lightbox=\"yes\" data-elementor-lightbox-slideshow=\"dcc9aa7\" data-elementor-lightbox-title=\"CLINICA-C-RINCON-2-1.jpg\" data-e-action-hash=\"#elementor-action%3Aaction%3Dlightbox%26settings%3DeyJpZCI6MjA3OTEsInVybCI6Imh0dHBzOlwvXC93d3cudW5hdmV0cy5jb21cL2MtcmluY29uXC93cC1jb250ZW50XC91cGxvYWRzXC9zaXRlc1wvMzJcLzIwMjNcLzA3XC9DTElOSUNBLUMtUklOQ09OLTItMS0yLmpwZyIsInNsaWRlc2hvdyI6ImRjYzlhYTcifQ%3D%3D\">\n\t\t\t\t\t<div class=\"e-gallery-image elementor-gallery-item__image\" data-thumbnail=\"https:\/\/www.unavets.com\/c-rincon\/wp-content\/uploads\/sites\/32\/2023\/07\/CLINICA-C-RINCON-2-1-2.jpg\" data-width=\"724\" data-height=\"483\" aria-label=\"\" role=\"img\" ><\/div>\n\t\t\t\t\t\t\t\t\t\t\t<div class=\"elementor-gallery-item__overlay\"><\/div>\n\t\t\t\t\t\t\t\t\t\t\t\t\t\t<\/a>\n\t\t\t\t\t\t\t<a class=\"e-gallery-item elementor-gallery-item elementor-animated-content\" href=\"https:\/\/www.unavets.com\/c-rincon\/wp-content\/uploads\/sites\/32\/2023\/07\/FACILITIES-0-1-1.jpg\" data-elementor-open-lightbox=\"yes\" data-elementor-lightbox-slideshow=\"dcc9aa7\" data-elementor-lightbox-title=\"FACILITIES-0-1.jpg\" data-e-action-hash=\"#elementor-action%3Aaction%3Dlightbox%26settings%3DeyJpZCI6MjA3OTcsInVybCI6Imh0dHBzOlwvXC93d3cudW5hdmV0cy5jb21cL2MtcmluY29uXC93cC1jb250ZW50XC91cGxvYWRzXC9zaXRlc1wvMzJcLzIwMjNcLzA3XC9GQUNJTElUSUVTLTAtMS0xLmpwZyIsInNsaWRlc2hvdyI6ImRjYzlhYTcifQ%3D%3D\">\n\t\t\t\t\t<div class=\"e-gallery-image elementor-gallery-item__image\" data-thumbnail=\"https:\/\/www.unavets.com\/c-rincon\/wp-content\/uploads\/sites\/32\/2023\/07\/FACILITIES-0-1-1.jpg\" data-width=\"724\" data-height=\"483\" aria-label=\"\" role=\"img\" ><\/div>\n\t\t\t\t\t\t\t\t\t\t\t<div class=\"elementor-gallery-item__overlay\"><\/div>\n\t\t\t\t\t\t\t\t\t\t\t\t\t\t<\/a>\n\t\t\t\t\t\t\t<a class=\"e-gallery-item elementor-gallery-item elementor-animated-content\" href=\"https:\/\/www.unavets.com\/c-rincon\/wp-content\/uploads\/sites\/32\/2023\/07\/FACILITIES-1-1-1.jpg\" data-elementor-open-lightbox=\"yes\" data-elementor-lightbox-slideshow=\"dcc9aa7\" data-elementor-lightbox-title=\"FACILITIES-1-1.jpg\" data-e-action-hash=\"#elementor-action%3Aaction%3Dlightbox%26settings%3DeyJpZCI6MjA4MDAsInVybCI6Imh0dHBzOlwvXC93d3cudW5hdmV0cy5jb21cL2MtcmluY29uXC93cC1jb250ZW50XC91cGxvYWRzXC9zaXRlc1wvMzJcLzIwMjNcLzA3XC9GQUNJTElUSUVTLTEtMS0xLmpwZyIsInNsaWRlc2hvdyI6ImRjYzlhYTcifQ%3D%3D\">\n\t\t\t\t\t<div class=\"e-gallery-image elementor-gallery-item__image\" data-thumbnail=\"https:\/\/www.unavets.com\/c-rincon\/wp-content\/uploads\/sites\/32\/2023\/07\/FACILITIES-1-1-1.jpg\" data-width=\"500\" data-height=\"333\" aria-label=\"\" role=\"img\" ><\/div>\n\t\t\t\t\t\t\t\t\t\t\t<div class=\"elementor-gallery-item__overlay\"><\/div>\n\t\t\t\t\t\t\t\t\t\t\t\t\t\t<\/a>\n\t\t\t\t\t\t\t<a class=\"e-gallery-item elementor-gallery-item elementor-animated-content\" href=\"https:\/\/www.unavets.com\/c-rincon\/wp-content\/uploads\/sites\/32\/2023\/07\/FACILITIES-4-1-2.jpg\" data-elementor-open-lightbox=\"yes\" data-elementor-lightbox-slideshow=\"dcc9aa7\" data-elementor-lightbox-title=\"FACILITIES-4-1.jpg\" data-e-action-hash=\"#elementor-action%3Aaction%3Dlightbox%26settings%3DeyJpZCI6MjA4MTUsInVybCI6Imh0dHBzOlwvXC93d3cudW5hdmV0cy5jb21cL2MtcmluY29uXC93cC1jb250ZW50XC91cGxvYWRzXC9zaXRlc1wvMzJcLzIwMjNcLzA3XC9GQUNJTElUSUVTLTQtMS0yLmpwZyIsInNsaWRlc2hvdyI6ImRjYzlhYTcifQ%3D%3D\">\n\t\t\t\t\t<div class=\"e-gallery-image elementor-gallery-item__image\" data-thumbnail=\"https:\/\/www.unavets.com\/c-rincon\/wp-content\/uploads\/sites\/32\/2023\/07\/FACILITIES-4-1-2.jpg\" data-width=\"500\" data-height=\"333\" aria-label=\"\" role=\"img\" ><\/div>\n\t\t\t\t\t\t\t\t\t\t\t<div class=\"elementor-gallery-item__overlay\"><\/div>\n\t\t\t\t\t\t\t\t\t\t\t\t\t\t<\/a>\n\t\t\t\t\t<\/div>\n\t\t\t\t\t<\/div>\n\t\t\t\t<\/div>\n\t\t\t\t\t<\/div>\n\t\t<\/div>\n\t\t\t\t\t<\/div>\n\t\t<\/section>\n\t\t\t\t<\/div>\n\t\t","protected":false},"excerpt":{"rendered":"<p>Les nostres instal\u00b7lacions compten amb un quir\u00f2fan completament equipat, cosa que ens permet realitzar procediments quir\u00fargics de diverses especialitats. Des de cirurgia general fins a traumatologia, oftalmologia, cirurgia urin\u00e0ria i reproductiva, estem preparats per brindar la millor cura quir\u00fargica a la seva mascota.\u00a0 Al Centre Veterinari C. Rinc\u00f3n, som un centre especialitzat en brindar serveis &hellip; <\/p>\n","protected":false},"author":8,"featured_media":0,"parent":0,"menu_order":0,"comment_status":"closed","ping_status":"closed","template":"page-fullwidth.php","meta":{"_acf_changed":false,"content-type":"","footnotes":""},"class_list":["post-14430","page","type-page","status-publish","hentry"],"acf":[],"_links":{"self":[{"href":"https:\/\/www.unavets.com\/c-rincon\/ca\/wp-json\/wp\/v2\/pages\/14430","targetHints":{"allow":["GET"]}}],"collection":[{"href":"https:\/\/www.unavets.com\/c-rincon\/ca\/wp-json\/wp\/v2\/pages"}],"about":[{"href":"https:\/\/www.unavets.com\/c-rincon\/ca\/wp-json\/wp\/v2\/types\/page"}],"author":[{"embeddable":true,"href":"https:\/\/www.unavets.com\/c-rincon\/ca\/wp-json\/wp\/v2\/users\/8"}],"replies":[{"embeddable":true,"href":"https:\/\/www.unavets.com\/c-rincon\/ca\/wp-json\/wp\/v2\/comments?post=14430"}],"version-history":[{"count":0,"href":"https:\/\/www.unavets.com\/c-rincon\/ca\/wp-json\/wp\/v2\/pages\/14430\/revisions"}],"wp:attachment":[{"href":"https:\/\/www.unavets.com\/c-rincon\/ca\/wp-json\/wp\/v2\/media?parent=14430"}],"curies":[{"name":"wp","href":"https:\/\/api.w.org\/{rel}","templated":true}]}}