{"id":14412,"date":"2021-06-03T07:06:26","date_gmt":"2021-06-03T07:06:26","guid":{"rendered":"http:\/\/www.unavets.com\/c-rincon\/?page_id=14412"},"modified":"2024-03-11T09:27:19","modified_gmt":"2024-03-11T09:27:19","slug":"nostre-equip","status":"publish","type":"page","link":"https:\/\/www.unavets.com\/c-rincon\/ca\/nostre-equip\/","title":{"rendered":"Equip"},"content":{"rendered":"\t\t<div data-elementor-type=\"wp-page\" data-elementor-id=\"14412\" class=\"elementor elementor-14412 elementor-282\" data-elementor-post-type=\"page\">\n\t\t\t\t\t\t<section class=\"elementor-section elementor-top-section elementor-element elementor-element-2315038 pad-bot-0 elementor-section-boxed elementor-section-height-default elementor-section-height-default\" data-id=\"2315038\" data-element_type=\"section\" data-e-type=\"section\" id=\"main-sec\" data-settings=\"{&quot;background_background&quot;:&quot;classic&quot;}\">\n\t\t\t\t\t\t<div class=\"elementor-container elementor-column-gap-default\">\n\t\t\t\t\t<div class=\"elementor-column elementor-col-100 elementor-top-column elementor-element elementor-element-35c75b2\" data-id=\"35c75b2\" data-element_type=\"column\" data-e-type=\"column\">\n\t\t\t<div class=\"elementor-widget-wrap elementor-element-populated\">\n\t\t\t\t\t\t<div class=\"elementor-element elementor-element-28b1762 elementor-widget elementor-widget-text-editor\" data-id=\"28b1762\" data-element_type=\"widget\" data-e-type=\"widget\" data-widget_type=\"text-editor.default\">\n\t\t\t\t<div class=\"elementor-widget-container\">\n\t\t\t\t\t\t\t\t\t<p>L&#8217;equip de la nostra consulta est\u00e0 format per veterinaris i auxiliars de veterin\u00e0ria amb una excel\u00b7lent formaci\u00f3. Entre tots abastem un ampli espectre de coneixements que ens permet aplicar en tot moment un tractament r\u00e0pid i prec\u00eds que sigui el menys agressiu possible per a la seva mascota. La nostra excel\u00b7lent formaci\u00f3 i \u00e0mplia experi\u00e8ncia ens permeten oferir el millor tractament a les seves mascotes. Des de l&#8217;assessorament fins al tractament, l&#8217;equip de la nostra cl\u00ednica t\u00e9 sempre present la salut de la seva mascota.<\/p>\t\t\t\t\t\t\t\t<\/div>\n\t\t\t\t<\/div>\n\t\t\t\t\t<\/div>\n\t\t<\/div>\n\t\t\t\t\t<\/div>\n\t\t<\/section>\n\t\t\t\t<section class=\"elementor-section elementor-top-section elementor-element elementor-element-59f5bd8 team-member elementor-section-boxed elementor-section-height-default elementor-section-height-default\" data-id=\"59f5bd8\" data-element_type=\"section\" data-e-type=\"section\">\n\t\t\t\t\t\t<div class=\"elementor-container elementor-column-gap-default\">\n\t\t\t\t\t<div class=\"elementor-column elementor-col-100 elementor-top-column elementor-element elementor-element-393a2aa\" data-id=\"393a2aa\" data-element_type=\"column\" data-e-type=\"column\">\n\t\t\t<div class=\"elementor-widget-wrap elementor-element-populated\">\n\t\t\t\t\t\t<div class=\"elementor-element elementor-element-425f464 elementor-widget elementor-widget-section_titleleft\" data-id=\"425f464\" data-element_type=\"widget\" data-e-type=\"widget\" data-widget_type=\"section_titleleft.default\">\n\t\t\t\t<div class=\"elementor-widget-container\">\n\t\t\t\t\t        <div class=\"ab_text-title fl-wrap\">\n            <h3>Veterinaris<\/h3><span class=\"section-separator fl-sec-sep\"><\/span>        <\/div>\n        \t\t\t\t<\/div>\n\t\t\t\t<\/div>\n\t\t\t\t<section class=\"elementor-section elementor-inner-section elementor-element elementor-element-defe3b4 elementor-section-boxed elementor-section-height-default elementor-section-height-default\" data-id=\"defe3b4\" data-element_type=\"section\" data-e-type=\"section\">\n\t\t\t\t\t\t<div class=\"elementor-container elementor-column-gap-default\">\n\t\t\t\t\t<div class=\"elementor-column elementor-col-25 elementor-inner-column elementor-element elementor-element-3b36654\" data-id=\"3b36654\" data-element_type=\"column\" data-e-type=\"column\">\n\t\t\t<div class=\"elementor-widget-wrap elementor-element-populated\">\n\t\t\t\t\t\t<div class=\"elementor-element elementor-element-0893a7d elementor-widget elementor-widget-team_box\" data-id=\"0893a7d\" data-element_type=\"widget\" data-e-type=\"widget\" data-widget_type=\"team_box.default\">\n\t\t\t\t<div class=\"elementor-widget-container\">\n\t\t\t\t\t            <div class=\"team-holder section-team fl-wrap\">\n                <div class=\"team-box-image\">\n                    <div class=\"team-photo\">\n                        <img decoding=\"async\" src=\"https:\/\/www.unavets.com\/c-rincon\/wp-content\/uploads\/sites\/32\/2023\/07\/carlos-rincon-director-clinico-veterinario-barcelona.png\" class=\"respimg\">                                    \n                    <\/div>\n                    <div class=\"team-info\">\n                        <h3><a href=\"\">Carlos Rinc\u00f3n <\/a><\/h3><h4>Director Veterinario<\/h4>Carlos \u00e9s veterinari i administrador amb una \u00e0mplia experi\u00e8ncia al camp de la medicina veterin\u00e0ria. Va obtenir la seva llicenciatura en Veterin\u00e0ria a la Facultat de Veterin\u00e0ria de la Universitat Aut\u00f2noma de Barcelona i est\u00e0 col\u00b7legiat des del 1996.                     <\/div>\n                <\/div>\n            <\/div>\n        \t\t\t\t<\/div>\n\t\t\t\t<\/div>\n\t\t\t\t<div class=\"elementor-element elementor-element-cf8d63f readmoretoggle elementor-widget elementor-widget-toggle\" data-id=\"cf8d63f\" data-element_type=\"widget\" data-e-type=\"widget\" data-widget_type=\"toggle.default\">\n\t\t\t\t<div class=\"elementor-widget-container\">\n\t\t\t\t\t\t\t<div class=\"elementor-toggle\">\n\t\t\t\t\t\t\t<div class=\"elementor-toggle-item\">\n\t\t\t\t\t<div id=\"elementor-tab-title-2171\" class=\"elementor-tab-title\" data-tab=\"1\" role=\"button\" aria-controls=\"elementor-tab-content-2171\" aria-expanded=\"false\">\n\t\t\t\t\t\t\t\t\t\t\t\t<a class=\"elementor-toggle-title\" tabindex=\"0\">Leer m\u00e1s<\/a>\n\t\t\t\t\t<\/div>\n\n\t\t\t\t\t<div id=\"elementor-tab-content-2171\" class=\"elementor-tab-content elementor-clearfix\" data-tab=\"1\" role=\"region\" aria-labelledby=\"elementor-tab-title-2171\"><p>Carlos t\u00e9 una especialitzaci\u00f3 en diverses \u00e0rees de la medicina veterin\u00e0ria, incloent-hi medicina interna, cirurgia, traumatologia, reproducci\u00f3 i dermatologia, entre d&#8217;altres. Ha continuat la formaci\u00f3 professional en aquestes especialitats, aix\u00ed com en Administraci\u00f3 i Gesti\u00f3 d&#8217;Empreses, Tributaci\u00f3 i Prevenci\u00f3 en Riscos Laborals.\u00a0<\/p><p>Al llarg de la seva traject\u00f2ria professional, Carlos ha treballat a diversos hospitals veterinaris, adquirint experi\u00e8ncia i coneixements en diverses \u00e0rees de la medicina veterin\u00e0ria. Des del 1999, \u00e9s propietari i responsable de la seva pr\u00f2pia cl\u00ednica veterin\u00e0ria a Santa Margarida i Els Monjos, on ofereix serveis veterinaris d&#8217;alta qualitat als clients.\u00a0<\/p><p>Amb la seva \u00e0mplia formaci\u00f3 i experi\u00e8ncia, Carlos Rinc\u00f3n s&#8217;ha destacat com a professional altament competent i comprom\u00e8s amb el benestar dels animals. La seva dedicaci\u00f3 a la medicina veterin\u00e0ria i la seva habilitat per gestionar la seva pr\u00f2pia cl\u00ednica demostren la seva passi\u00f3 per la seva feina i la seva capacitat per brindar cura i atenci\u00f3 veterin\u00e0ria d&#8217;excel\u00b7l\u00e8ncia\u2026 Al desembre de 2022 va passar a integrar-se dins del Grup UNAVETS, per continuar amb el creixement i expansi\u00f3 de la cl\u00ednica Centre Veterinari C. Rinc\u00f3n.\u00a0<\/p><\/div>\n\t\t\t\t<\/div>\n\t\t\t\t\t\t\t\t<\/div>\n\t\t\t\t\t\t<\/div>\n\t\t\t\t<\/div>\n\t\t\t\t\t<\/div>\n\t\t<\/div>\n\t\t\t\t<div class=\"elementor-column elementor-col-25 elementor-inner-column elementor-element elementor-element-39d45ff nodata_bor\" data-id=\"39d45ff\" data-element_type=\"column\" data-e-type=\"column\">\n\t\t\t<div class=\"elementor-widget-wrap\">\n\t\t\t\t\t\t\t<\/div>\n\t\t<\/div>\n\t\t\t\t<div class=\"elementor-column elementor-col-25 elementor-inner-column elementor-element elementor-element-aa3dd36 nodata_bor\" data-id=\"aa3dd36\" data-element_type=\"column\" data-e-type=\"column\">\n\t\t\t<div class=\"elementor-widget-wrap\">\n\t\t\t\t\t\t\t<\/div>\n\t\t<\/div>\n\t\t\t\t<div class=\"elementor-column elementor-col-25 elementor-inner-column elementor-element elementor-element-af2673b nodata_bor\" data-id=\"af2673b\" data-element_type=\"column\" data-e-type=\"column\">\n\t\t\t<div class=\"elementor-widget-wrap elementor-element-populated\">\n\t\t\t\t\t\t<div class=\"elementor-element elementor-element-6c54a78 elementor-widget elementor-widget-team_box\" data-id=\"6c54a78\" data-element_type=\"widget\" data-e-type=\"widget\" data-widget_type=\"team_box.default\">\n\t\t\t\t<div class=\"elementor-widget-container\">\n\t\t\t\t\t            <div class=\"team-holder section-team fl-wrap\">\n                <div class=\"team-box-image\">\n                    <div class=\"team-photo\">\n                        <img decoding=\"async\" src=\"\" class=\"respimg\">                                    \n                    <\/div>\n                    <div class=\"team-info\">\n                                            <\/div>\n                <\/div>\n            <\/div>\n        \t\t\t\t<\/div>\n\t\t\t\t<\/div>\n\t\t\t\t\t<\/div>\n\t\t<\/div>\n\t\t\t\t\t<\/div>\n\t\t<\/section>\n\t\t\t\t\t<\/div>\n\t\t<\/div>\n\t\t\t\t\t<\/div>\n\t\t<\/section>\n\t\t\t\t<section class=\"elementor-section elementor-top-section elementor-element elementor-element-243b5ed team-member elementor-section-boxed elementor-section-height-default elementor-section-height-default\" data-id=\"243b5ed\" data-element_type=\"section\" data-e-type=\"section\">\n\t\t\t\t\t\t<div class=\"elementor-container elementor-column-gap-default\">\n\t\t\t\t\t<div class=\"elementor-column elementor-col-100 elementor-top-column elementor-element elementor-element-5215bda\" data-id=\"5215bda\" data-element_type=\"column\" data-e-type=\"column\">\n\t\t\t<div class=\"elementor-widget-wrap elementor-element-populated\">\n\t\t\t\t\t\t<div class=\"elementor-element elementor-element-c639016 elementor-hidden-tablet elementor-hidden-phone elementor-widget elementor-widget-section_titleleft\" data-id=\"c639016\" data-element_type=\"widget\" data-e-type=\"widget\" data-widget_type=\"section_titleleft.default\">\n\t\t\t\t<div class=\"elementor-widget-container\">\n\t\t\t\t\t        <div class=\"ab_text-title fl-wrap\">\n            <h3>T\u00e8cnics i Auxiliars<\/h3><span class=\"section-separator fl-sec-sep\"><\/span>        <\/div>\n        \t\t\t\t<\/div>\n\t\t\t\t<\/div>\n\t\t\t\t<section class=\"elementor-section elementor-inner-section elementor-element elementor-element-c54d88a elementor-section-boxed elementor-section-height-default elementor-section-height-default\" data-id=\"c54d88a\" data-element_type=\"section\" data-e-type=\"section\">\n\t\t\t\t\t\t<div class=\"elementor-container elementor-column-gap-default\">\n\t\t\t\t\t<div class=\"elementor-column elementor-col-25 elementor-inner-column elementor-element elementor-element-3cb1cc7\" data-id=\"3cb1cc7\" data-element_type=\"column\" data-e-type=\"column\">\n\t\t\t<div class=\"elementor-widget-wrap elementor-element-populated\">\n\t\t\t\t\t\t<div class=\"elementor-element elementor-element-9a2d70c elementor-widget elementor-widget-team_box\" data-id=\"9a2d70c\" data-element_type=\"widget\" data-e-type=\"widget\" data-widget_type=\"team_box.default\">\n\t\t\t\t<div class=\"elementor-widget-container\">\n\t\t\t\t\t            <div class=\"team-holder section-team fl-wrap\">\n                <div class=\"team-box-image\">\n                    <div class=\"team-photo\">\n                        <img decoding=\"async\" src=\"https:\/\/www.unavets.com\/c-rincon\/wp-content\/uploads\/sites\/32\/2023\/07\/3.png\" class=\"respimg\">                                    \n                    <\/div>\n                    <div class=\"team-info\">\n                        <h3><a href=\"\">Cristina Balado <\/a><\/h3><h4>Auxiliar Veterinaria<\/h4>Cristina \u00e9s una professional amb la titulaci\u00f3 Auxiliar Veterin\u00e0ria i Auxiliar T\u00e8cnic Veterin\u00e0ria, amb una s\u00f2lida traject\u00f2ria de m\u00e9s de deu anys al camp. Com a responsable del centre,                     <\/div>\n                <\/div>\n            <\/div>\n        \t\t\t\t<\/div>\n\t\t\t\t<\/div>\n\t\t\t\t<div class=\"elementor-element elementor-element-36cc392 readmoretoggle elementor-widget elementor-widget-toggle\" data-id=\"36cc392\" data-element_type=\"widget\" data-e-type=\"widget\" data-widget_type=\"toggle.default\">\n\t\t\t\t<div class=\"elementor-widget-container\">\n\t\t\t\t\t\t\t<div class=\"elementor-toggle\">\n\t\t\t\t\t\t\t<div class=\"elementor-toggle-item\">\n\t\t\t\t\t<div id=\"elementor-tab-title-5741\" class=\"elementor-tab-title\" data-tab=\"1\" role=\"button\" aria-controls=\"elementor-tab-content-5741\" aria-expanded=\"false\">\n\t\t\t\t\t\t\t\t\t\t\t\t<a class=\"elementor-toggle-title\" tabindex=\"0\">Leer m\u00e1s<\/a>\n\t\t\t\t\t<\/div>\n\n\t\t\t\t\t<div id=\"elementor-tab-content-5741\" class=\"elementor-tab-content elementor-clearfix\" data-tab=\"1\" role=\"region\" aria-labelledby=\"elementor-tab-title-5741\"><p>Cristina desplega les seves habilitats en diverses \u00e0rees, assumint la responsabilitat de les tasques d&#8217;atenci\u00f3 al client, auxiliar veterin\u00e0ria, auxiliar de quir\u00f2fan i gesti\u00f3.\u00a0<\/p><p>Amb un comprom\u00eds profund cap al benestar animal, Cristina brinda una atenci\u00f3 d&#8217;alta qualitat als clients i pacients del centre. El seu ampli coneixement en auxiliar veterin\u00e0ria li permet oferir un suport integral en la cura i el tractament dels animals, col\u00b7laborant estretament amb els veterinaris en la realitzaci\u00f3 de procediments i seguiment de casos.<\/p><\/div>\n\t\t\t\t<\/div>\n\t\t\t\t\t\t\t\t<\/div>\n\t\t\t\t\t\t<\/div>\n\t\t\t\t<\/div>\n\t\t\t\t\t<\/div>\n\t\t<\/div>\n\t\t\t\t<div class=\"elementor-column elementor-col-25 elementor-inner-column elementor-element elementor-element-b9dce02\" data-id=\"b9dce02\" data-element_type=\"column\" data-e-type=\"column\">\n\t\t\t<div class=\"elementor-widget-wrap elementor-element-populated\">\n\t\t\t\t\t\t<div class=\"elementor-element elementor-element-e79900d elementor-widget elementor-widget-team_box\" data-id=\"e79900d\" data-element_type=\"widget\" data-e-type=\"widget\" data-widget_type=\"team_box.default\">\n\t\t\t\t<div class=\"elementor-widget-container\">\n\t\t\t\t\t            <div class=\"team-holder section-team fl-wrap\">\n                <div class=\"team-box-image\">\n                    <div class=\"team-photo\">\n                        <img decoding=\"async\" src=\"https:\/\/www.unavets.com\/c-rincon\/wp-content\/uploads\/sites\/32\/2023\/07\/2.png\" class=\"respimg\">                                    \n                    <\/div>\n                    <div class=\"team-info\">\n                        <h3><a href=\"\">Laura Domenech <\/a><\/h3><h4>Auxiliar Veterinaria<\/h4>Laura \u00e9s una professional amb la titulaci\u00f3 de Auxiliar Veterin\u00e0ria i Auxiliar T\u00e8cnic Veterin\u00e0ria, la seva passi\u00f3 pels animals l'ha portat a desenvolupar-se amb \u00e8xit en el camp de la veterin\u00e0ria.                    <\/div>\n                <\/div>\n            <\/div>\n        \t\t\t\t<\/div>\n\t\t\t\t<\/div>\n\t\t\t\t<div class=\"elementor-element elementor-element-4894b62 readmoretoggle elementor-widget elementor-widget-toggle\" data-id=\"4894b62\" data-element_type=\"widget\" data-e-type=\"widget\" data-widget_type=\"toggle.default\">\n\t\t\t\t<div class=\"elementor-widget-container\">\n\t\t\t\t\t\t\t<div class=\"elementor-toggle\">\n\t\t\t\t\t\t\t<div class=\"elementor-toggle-item\">\n\t\t\t\t\t<div id=\"elementor-tab-title-7611\" class=\"elementor-tab-title\" data-tab=\"1\" role=\"button\" aria-controls=\"elementor-tab-content-7611\" aria-expanded=\"false\">\n\t\t\t\t\t\t\t\t\t\t\t\t<a class=\"elementor-toggle-title\" tabindex=\"0\">Leer m\u00e1s<\/a>\n\t\t\t\t\t<\/div>\n\n\t\t\t\t\t<div id=\"elementor-tab-content-7611\" class=\"elementor-tab-content elementor-clearfix\" data-tab=\"1\" role=\"region\" aria-labelledby=\"elementor-tab-title-7611\"><p>Des de l&#8217;any 2020, assumeix el rol de responsable de consultes, on s&#8217;encarrega de brindar una atenci\u00f3 excepcional als clients i exercir tasques com a auxiliar veterin\u00e0ria.&nbsp;<\/p><p>Amb el seu s\u00f2lid coneixement i experi\u00e8ncia en la cura d&#8217;animals, Laura \u00e9s capa\u00e7 de proporcionar un servei d&#8217;atenci\u00f3 al client d&#8217;alta qualitat. La seva amabilitat, empatia i habilitats de comunicaci\u00f3 permeten establir un vincle proper amb els propietaris de mascotes, brindant-los confian\u00e7a i tranquil\u00b7litat a cada consulta.<\/p><\/div>\n\t\t\t\t<\/div>\n\t\t\t\t\t\t\t\t<\/div>\n\t\t\t\t\t\t<\/div>\n\t\t\t\t<\/div>\n\t\t\t\t\t<\/div>\n\t\t<\/div>\n\t\t\t\t<div class=\"elementor-column elementor-col-25 elementor-inner-column elementor-element elementor-element-ad724a0\" data-id=\"ad724a0\" data-element_type=\"column\" data-e-type=\"column\">\n\t\t\t<div class=\"elementor-widget-wrap elementor-element-populated\">\n\t\t\t\t\t\t<div class=\"elementor-element elementor-element-456be94 elementor-widget elementor-widget-team_box\" data-id=\"456be94\" data-element_type=\"widget\" data-e-type=\"widget\" data-widget_type=\"team_box.default\">\n\t\t\t\t<div class=\"elementor-widget-container\">\n\t\t\t\t\t            <div class=\"team-holder section-team fl-wrap\">\n                <div class=\"team-box-image\">\n                    <div class=\"team-photo\">\n                        <img decoding=\"async\" src=\"https:\/\/www.unavets.com\/c-rincon\/wp-content\/uploads\/sites\/32\/2023\/07\/1.png\" class=\"respimg\">                                    \n                    <\/div>\n                    <div class=\"team-info\">\n                        <h3><a href=\"\">Laura L\u00f3pez <\/a><\/h3><h4>Auxiliar Veterinaria<\/h4>Laura \u00e9s una professional altament qualificada, amb la titulaci\u00f3 de Auxiliar Veterin\u00e0ria i Auxiliar T\u00e8cnic Veterin\u00e0ria. Des de l'any 2021, exerceix el rol de responsable de botiga,                    <\/div>\n                <\/div>\n            <\/div>\n        \t\t\t\t<\/div>\n\t\t\t\t<\/div>\n\t\t\t\t<div class=\"elementor-element elementor-element-30203e7 readmoretoggle elementor-widget elementor-widget-toggle\" data-id=\"30203e7\" data-element_type=\"widget\" data-e-type=\"widget\" data-widget_type=\"toggle.default\">\n\t\t\t\t<div class=\"elementor-widget-container\">\n\t\t\t\t\t\t\t<div class=\"elementor-toggle\">\n\t\t\t\t\t\t\t<div class=\"elementor-toggle-item\">\n\t\t\t\t\t<div id=\"elementor-tab-title-5041\" class=\"elementor-tab-title\" data-tab=\"1\" role=\"button\" aria-controls=\"elementor-tab-content-5041\" aria-expanded=\"false\">\n\t\t\t\t\t\t\t\t\t\t\t\t<a class=\"elementor-toggle-title\" tabindex=\"0\">Leer m\u00e1s<\/a>\n\t\t\t\t\t<\/div>\n\n\t\t\t\t\t<div id=\"elementor-tab-content-5041\" class=\"elementor-tab-content elementor-clearfix\" data-tab=\"1\" role=\"region\" aria-labelledby=\"elementor-tab-title-5041\"><p>assumint tasques d&#8217;atenci\u00f3 al client i brindant la seva experi\u00e8ncia com a auxiliar veterin\u00e0ria.\u00a0<\/p><p>Com a responsable de botiga, Laura s&#8217;esfor\u00e7a per oferir un servei excepcional als clients, brindant-los una experi\u00e8ncia positiva i satisfact\u00f2ria. El seu enfocament a l&#8217;atenci\u00f3 al client es basa en l&#8217;amabilitat, l&#8217;empatia i l&#8217;habilitat per comprendre les necessitats de cada propietari de mascota, proporcionant solucions personalitzades i recomanacions adequades.<\/p><\/div>\n\t\t\t\t<\/div>\n\t\t\t\t\t\t\t\t<\/div>\n\t\t\t\t\t\t<\/div>\n\t\t\t\t<\/div>\n\t\t\t\t\t<\/div>\n\t\t<\/div>\n\t\t\t\t<div class=\"elementor-column elementor-col-25 elementor-inner-column elementor-element elementor-element-36a6fc6 nodata_bor\" data-id=\"36a6fc6\" data-element_type=\"column\" data-e-type=\"column\">\n\t\t\t<div class=\"elementor-widget-wrap elementor-element-populated\">\n\t\t\t\t\t\t<div class=\"elementor-element elementor-element-ea7e016 elementor-widget elementor-widget-team_box\" data-id=\"ea7e016\" data-element_type=\"widget\" data-e-type=\"widget\" data-widget_type=\"team_box.default\">\n\t\t\t\t<div class=\"elementor-widget-container\">\n\t\t\t\t\t            <div class=\"team-holder section-team fl-wrap\">\n                <div class=\"team-box-image\">\n                    <div class=\"team-photo\">\n                        <img decoding=\"async\" src=\"\" class=\"respimg\">                                    \n                    <\/div>\n                    <div class=\"team-info\">\n                                            <\/div>\n                <\/div>\n            <\/div>\n        \t\t\t\t<\/div>\n\t\t\t\t<\/div>\n\t\t\t\t\t<\/div>\n\t\t<\/div>\n\t\t\t\t\t<\/div>\n\t\t<\/section>\n\t\t\t\t\t<\/div>\n\t\t<\/div>\n\t\t\t\t\t<\/div>\n\t\t<\/section>\n\t\t\t\t<\/div>\n\t\t","protected":false},"excerpt":{"rendered":"<p>L&#8217;equip de la nostra consulta est\u00e0 format per veterinaris i auxiliars de veterin\u00e0ria amb una excel\u00b7lent formaci\u00f3. Entre tots abastem un ampli espectre de coneixements que ens permet aplicar en tot moment un tractament r\u00e0pid i prec\u00eds que sigui el menys agressiu possible per a la seva mascota. La nostra excel\u00b7lent formaci\u00f3 i \u00e0mplia experi\u00e8ncia &hellip; <\/p>\n","protected":false},"author":8,"featured_media":0,"parent":0,"menu_order":0,"comment_status":"closed","ping_status":"closed","template":"page-fullwidth.php","meta":{"_acf_changed":false,"content-type":"","footnotes":""},"class_list":["post-14412","page","type-page","status-publish","hentry"],"acf":[],"_links":{"self":[{"href":"https:\/\/www.unavets.com\/c-rincon\/ca\/wp-json\/wp\/v2\/pages\/14412","targetHints":{"allow":["GET"]}}],"collection":[{"href":"https:\/\/www.unavets.com\/c-rincon\/ca\/wp-json\/wp\/v2\/pages"}],"about":[{"href":"https:\/\/www.unavets.com\/c-rincon\/ca\/wp-json\/wp\/v2\/types\/page"}],"author":[{"embeddable":true,"href":"https:\/\/www.unavets.com\/c-rincon\/ca\/wp-json\/wp\/v2\/users\/8"}],"replies":[{"embeddable":true,"href":"https:\/\/www.unavets.com\/c-rincon\/ca\/wp-json\/wp\/v2\/comments?post=14412"}],"version-history":[{"count":7,"href":"https:\/\/www.unavets.com\/c-rincon\/ca\/wp-json\/wp\/v2\/pages\/14412\/revisions"}],"predecessor-version":[{"id":21200,"href":"https:\/\/www.unavets.com\/c-rincon\/ca\/wp-json\/wp\/v2\/pages\/14412\/revisions\/21200"}],"wp:attachment":[{"href":"https:\/\/www.unavets.com\/c-rincon\/ca\/wp-json\/wp\/v2\/media?parent=14412"}],"curies":[{"name":"wp","href":"https:\/\/api.w.org\/{rel}","templated":true}]}}