{"id":13547,"date":"2021-01-04T08:19:34","date_gmt":"2021-01-04T08:19:34","guid":{"rendered":"http:\/\/www.unavets.com\/c-rincon\/sobre-nosotras\/"},"modified":"2023-07-28T11:58:27","modified_gmt":"2023-07-28T11:58:27","slug":"qui-som","status":"publish","type":"page","link":"https:\/\/www.unavets.com\/c-rincon\/ca\/qui-som\/","title":{"rendered":"Qui som"},"content":{"rendered":"\t\t<div data-elementor-type=\"wp-page\" data-elementor-id=\"13547\" class=\"elementor elementor-13547 elementor-268\" data-elementor-post-type=\"page\">\n\t\t\t\t\t\t<section class=\"elementor-section elementor-top-section elementor-element elementor-element-54cf215 pad-top-0 elementor-section-boxed elementor-section-height-default elementor-section-height-default\" data-id=\"54cf215\" data-element_type=\"section\" data-e-type=\"section\" id=\"main-sec\" data-settings=\"{&quot;background_background&quot;:&quot;classic&quot;}\">\n\t\t\t\t\t\t<div class=\"elementor-container elementor-column-gap-default\">\n\t\t\t\t\t<div class=\"elementor-column elementor-col-100 elementor-top-column elementor-element elementor-element-d926441\" data-id=\"d926441\" data-element_type=\"column\" data-e-type=\"column\">\n\t\t\t<div class=\"elementor-widget-wrap elementor-element-populated\">\n\t\t\t\t\t\t<div class=\"elementor-element elementor-element-9725bcd elementor-widget elementor-widget-section_titleleft\" data-id=\"9725bcd\" data-element_type=\"widget\" data-e-type=\"widget\" data-widget_type=\"section_titleleft.default\">\n\t\t\t\t<div class=\"elementor-widget-container\">\n\t\t\t\t\t        <div class=\"ab_text-title fl-wrap\">\n            <h3>Centre Veterinari en Sta Margarida i Els Monjos<\/h3>Som un centre especialitzat a brindar serveis de diagn\u00f2stic i tractament per al benestar de les seves mascotes. El nostre enfocament principal \u00e9s el Servei de Diagn\u00f2stic per Imatge, on comptem amb equips d'\u00faltima generaci\u00f3 dissenyats espec\u00edficament per a animals de companyia.<span class=\"section-separator fl-sec-sep\"><\/span>        <\/div>\n        \t\t\t\t<\/div>\n\t\t\t\t<\/div>\n\t\t\t\t<section class=\"elementor-section elementor-inner-section elementor-element elementor-element-35814f4 elementor-section-full_width elementor-section-height-default elementor-section-height-default\" data-id=\"35814f4\" data-element_type=\"section\" data-e-type=\"section\">\n\t\t\t\t\t\t<div class=\"elementor-container elementor-column-gap-wide\">\n\t\t\t\t\t<div class=\"elementor-column elementor-col-50 elementor-inner-column elementor-element elementor-element-7fa3f34\" data-id=\"7fa3f34\" data-element_type=\"column\" data-e-type=\"column\">\n\t\t\t<div class=\"elementor-widget-wrap elementor-element-populated\">\n\t\t\t\t\t\t<div class=\"elementor-element elementor-element-325951f elementor-widget elementor-widget-image\" data-id=\"325951f\" data-element_type=\"widget\" data-e-type=\"widget\" data-widget_type=\"image.default\">\n\t\t\t\t<div class=\"elementor-widget-container\">\n\t\t\t\t\t\t\t\t\t\t\t\t\t\t\t<img fetchpriority=\"high\" width=\"800\" height=\"534\" class=\"attachment-1536x1536 size-1536x1536 wp-image-20090 lazy\" alt=\"\" data-src=\"https:\/\/www.unavets.com\/c-rincon\/wp-content\/uploads\/sites\/32\/2023\/07\/CARLOS-RINCON-CLINICA-2.jpg\" data-lazy=\"https:\/\/www.unavets.com\/c-rincon\/wp-content\/uploads\/sites\/32\/2023\/07\/CARLOS-RINCON-CLINICA-2.jpg\" \/>\t\t\t\t\t\t\t\t\t\t\t\t\t\t\t<\/div>\n\t\t\t\t<\/div>\n\t\t\t\t\t<\/div>\n\t\t<\/div>\n\t\t\t\t<div class=\"elementor-column elementor-col-50 elementor-inner-column elementor-element elementor-element-202374d\" data-id=\"202374d\" data-element_type=\"column\" data-e-type=\"column\">\n\t\t\t<div class=\"elementor-widget-wrap elementor-element-populated\">\n\t\t\t\t\t\t<div class=\"elementor-element elementor-element-3b393ce about-wrap elementor-widget elementor-widget-text-editor\" data-id=\"3b393ce\" data-element_type=\"widget\" data-e-type=\"widget\" data-widget_type=\"text-editor.default\">\n\t\t\t\t<div class=\"elementor-widget-container\">\n\t\t\t\t\t\t\t\t\t<p><b><span class=\"NormalTextRun SCXW27387528 BCX0\">El Centre <\/span><span class=\"NormalTextRun SpellingErrorV2Themed SCXW27387528 BCX0\">Veterinari<\/span><\/b><span class=\"NormalTextRun SCXW27387528 BCX0\"><b> C. Rinc\u00f3n<\/b> <\/span><span class=\"NormalTextRun ContextualSpellingAndGrammarErrorV2Themed SCXW27387528 BCX0\">va<\/span><span class=\"NormalTextRun SCXW27387528 BCX0\"> ser <\/span><span class=\"NormalTextRun SpellingErrorV2Themed SCXW27387528 BCX0\">inaugurat<\/span><span class=\"NormalTextRun SCXW27387528 BCX0\"> el 9 de <\/span><span class=\"NormalTextRun SpellingErrorV2Themed SCXW27387528 BCX0\">gener<\/span><span class=\"NormalTextRun SCXW27387528 BCX0\"> de 2000 a la <\/span><span class=\"NormalTextRun SpellingErrorV2Themed SCXW27387528 BCX0\">poblaci\u00f3<\/span><span class=\"NormalTextRun SCXW27387528 BCX0\"> de<b> Santa <\/b><\/span><b><span class=\"NormalTextRun SpellingErrorV2Themed SCXW27387528 BCX0\">Margarida<\/span><span class=\"NormalTextRun SCXW27387528 BCX0\"> i <\/span><span class=\"NormalTextRun SpellingErrorV2Themed SCXW27387528 BCX0\">Els<\/span> <span class=\"NormalTextRun SpellingErrorV2Themed SCXW27387528 BCX0\">Monjos<\/span><\/b><span class=\"NormalTextRun SCXW27387528 BCX0\">, <\/span><span class=\"NormalTextRun SpellingErrorV2Themed SCXW27387528 BCX0\">confrontant<\/span><span class=\"NormalTextRun SCXW27387528 BCX0\"> a Vilafranca del Pened\u00e8s, <\/span><span class=\"NormalTextRun SpellingErrorV2Themed SCXW27387528 BCX0\">prov\u00edncia<\/span><span class=\"NormalTextRun SCXW27387528 BCX0\"> de Barcelona.<\/span><\/p>\n<p><span class=\"NormalTextRun SCXW27387528 BCX0\">&nbsp;Des de <\/span><span class=\"NormalTextRun SpellingErrorV2Themed SCXW27387528 BCX0\">llavors<\/span><span class=\"NormalTextRun SCXW27387528 BCX0\">, <\/span><span class=\"NormalTextRun SpellingErrorV2Themed SCXW27387528 BCX0\">hem<\/span> <span class=\"NormalTextRun SpellingErrorV2Themed SCXW27387528 BCX0\">ofert<\/span><span class=\"NormalTextRun SCXW27387528 BCX0\"> una <\/span><span class=\"NormalTextRun SpellingErrorV2Themed SCXW27387528 BCX0\">\u00e0mplia<\/span> <span class=\"NormalTextRun SpellingErrorV2Themed SCXW27387528 BCX0\">varietat<\/span><span class=\"NormalTextRun SCXW27387528 BCX0\"> de <\/span><span class=\"NormalTextRun SpellingErrorV2Themed SCXW27387528 BCX0\">serveis<\/span><span class=\"NormalTextRun SCXW27387528 BCX0\"> i <\/span><span class=\"NormalTextRun SpellingErrorV2Themed SCXW27387528 BCX0\">coneixements<\/span> <span class=\"NormalTextRun SpellingErrorV2Themed SCXW27387528 BCX0\">als<\/span> <span class=\"NormalTextRun SpellingErrorV2Themed SCXW27387528 BCX0\">nostres<\/span> <span class=\"NormalTextRun SpellingErrorV2Themed SCXW27387528 BCX0\">clients<\/span><span class=\"NormalTextRun SCXW27387528 BCX0\">, que han <\/span><span class=\"NormalTextRun SpellingErrorV2Themed SCXW27387528 BCX0\">dipositat<\/span><span class=\"NormalTextRun SCXW27387528 BCX0\"> en <\/span><span class=\"NormalTextRun SpellingErrorV2Themed SCXW27387528 BCX0\">nosaltres<\/span><span class=\"NormalTextRun SCXW27387528 BCX0\"> la <\/span><span class=\"NormalTextRun SpellingErrorV2Themed SCXW27387528 BCX0\">salut<\/span><span class=\"NormalTextRun SCXW27387528 BCX0\"> de les <\/span><span class=\"NormalTextRun SpellingErrorV2Themed SCXW27387528 BCX0\">seves<\/span> <span class=\"NormalTextRun SpellingErrorV2Themed SCXW27387528 BCX0\">mascotes<\/span><span class=\"NormalTextRun SCXW27387528 BCX0\"> i la <\/span><span class=\"NormalTextRun SpellingErrorV2Themed SCXW27387528 BCX0\">seva<\/span> <span class=\"NormalTextRun SpellingErrorV2Themed SCXW27387528 BCX0\">confian\u00e7a<\/span><span class=\"NormalTextRun SCXW27387528 BCX0\"> en la <\/span><span class=\"NormalTextRun SpellingErrorV2Themed SCXW27387528 BCX0\">nostra<\/span><span class=\"NormalTextRun SCXW27387528 BCX0\"> bona <\/span><span class=\"NormalTextRun SpellingErrorV2Themed SCXW27387528 BCX0\">feina<\/span><span class=\"NormalTextRun SCXW27387528 BCX0\"> i <\/span><span class=\"NormalTextRun SpellingErrorV2Themed SCXW27387528 BCX0\">professionalitat<\/span><span class=\"NormalTextRun SCXW27387528 BCX0\">. E<b>l <\/b><\/span><b><span class=\"NormalTextRun SpellingErrorV2Themed SCXW27387528 BCX0\">nostre<\/span><span class=\"NormalTextRun SCXW27387528 BCX0\"> tracte <\/span><span class=\"NormalTextRun SpellingErrorV2Themed SCXW27387528 BCX0\">\u00e9s<\/span> <span class=\"NormalTextRun SpellingErrorV2Themed SCXW27387528 BCX0\">sincer<\/span><span class=\"NormalTextRun SCXW27387528 BCX0\">, amable i directe. <\/span><span class=\"NormalTextRun SpellingErrorV2Themed SCXW27387528 BCX0\">Comptem<\/span> <span class=\"NormalTextRun SpellingErrorV2Themed SCXW27387528 BCX0\">amb<\/span> <span class=\"NormalTextRun SpellingErrorV2Themed SCXW27387528 BCX0\">equipament<\/span> <span class=\"NormalTextRun SpellingErrorV2Themed SCXW27387528 BCX0\">modern<\/span><span class=\"NormalTextRun SCXW27387528 BCX0\">, <\/span><span class=\"NormalTextRun SpellingErrorV2Themed SCXW27387528 BCX0\">professionalitat<\/span><span class=\"NormalTextRun SCXW27387528 BCX0\"> i un <\/span><span class=\"NormalTextRun SpellingErrorV2Themed SCXW27387528 BCX0\">comprom\u00eds<\/span><span class=\"NormalTextRun SCXW27387528 BCX0\"> personal, cosa que <\/span><span class=\"NormalTextRun SpellingErrorV2Themed SCXW27387528 BCX0\">defineix<\/span><span class=\"NormalTextRun SCXW27387528 BCX0\"> a la <\/span><span class=\"NormalTextRun SpellingErrorV2Themed SCXW27387528 BCX0\">perfecci\u00f3<\/span><span class=\"NormalTextRun SCXW27387528 BCX0\"> la <\/span><span class=\"NormalTextRun SpellingErrorV2Themed SCXW27387528 BCX0\">nostra<\/span><span class=\"NormalTextRun SCXW27387528 BCX0\"> cl\u00ednica <\/span><span class=\"NormalTextRun SpellingErrorV2Themed SCXW27387528 BCX0\">veterin\u00e0ria<\/span><span class=\"NormalTextRun SCXW27387528 BCX0\">.&nbsp;<\/span><\/b><\/p>\n<p><b><span class=\"NormalTextRun SCXW27387528 BCX0\">El <\/span><span class=\"NormalTextRun SpellingErrorV2Themed SCXW27387528 BCX0\">m\u00e9s<\/span> <span class=\"NormalTextRun SpellingErrorV2Themed SCXW27387528 BCX0\">important<\/span><span class=\"NormalTextRun SCXW27387528 BCX0\"> per a <\/span><span class=\"NormalTextRun SpellingErrorV2Themed SCXW27387528 BCX0\">nosaltres<\/span> <span class=\"NormalTextRun SpellingErrorV2Themed SCXW27387528 BCX0\">\u00e9s<\/span><span class=\"NormalTextRun SCXW27387528 BCX0\"> el <\/span><span class=\"NormalTextRun SpellingErrorV2Themed SCXW27387528 BCX0\">benestar<\/span> <span class=\"NormalTextRun SpellingErrorV2Themed SCXW27387528 BCX0\">dels<\/span> <span class=\"NormalTextRun SpellingErrorV2Themed SCXW27387528 BCX0\">animals<\/span><\/b><span class=\"NormalTextRun SCXW27387528 BCX0\">. Per <\/span><span class=\"NormalTextRun SpellingErrorV2Themed SCXW27387528 BCX0\">aconseguir<\/span><span class=\"NormalTextRun SCXW27387528 BCX0\"> un <\/span><span class=\"NormalTextRun SpellingErrorV2Themed SCXW27387528 BCX0\">diagn\u00f2stic<\/span> <span class=\"NormalTextRun SpellingErrorV2Themed SCXW27387528 BCX0\">\u00f2ptim<\/span><span class=\"NormalTextRun SCXW27387528 BCX0\"> i un <\/span><span class=\"NormalTextRun SpellingErrorV2Themed SCXW27387528 BCX0\">tractament<\/span> <span class=\"NormalTextRun SpellingErrorV2Themed SCXW27387528 BCX0\">efectiu<\/span><span class=\"NormalTextRun SCXW27387528 BCX0\">, <\/span><span class=\"NormalTextRun SpellingErrorV2Themed SCXW27387528 BCX0\">mantenim<\/span><span class=\"NormalTextRun SCXW27387528 BCX0\"> converses detallades <\/span><span class=\"NormalTextRun SpellingErrorV2Themed SCXW27387528 BCX0\">amb<\/span> <span class=\"NormalTextRun SpellingErrorV2Themed SCXW27387528 BCX0\">els<\/span><span class=\"NormalTextRun SCXW27387528 BCX0\"> amos i <\/span><span class=\"NormalTextRun SpellingErrorV2Themed SCXW27387528 BCX0\">ens<\/span> <span class=\"NormalTextRun SpellingErrorV2Themed SCXW27387528 BCX0\">prenem<\/span><span class=\"NormalTextRun SCXW27387528 BCX0\"> el <\/span><span class=\"NormalTextRun SpellingErrorV2Themed SCXW27387528 BCX0\">temps<\/span> <span class=\"NormalTextRun SpellingErrorV2Themed SCXW27387528 BCX0\">necessari<\/span><span class=\"NormalTextRun SCXW27387528 BCX0\"> per investigar a <\/span><span class=\"NormalTextRun SCXW27387528 BCX0\">Fons<\/span><\/p>\t\t\t\t\t\t\t\t<\/div>\n\t\t\t\t<\/div>\n\t\t\t\t\t<\/div>\n\t\t<\/div>\n\t\t\t\t\t<\/div>\n\t\t<\/section>\n\t\t\t\t<section class=\"elementor-section elementor-inner-section elementor-element elementor-element-144cb92 elementor-section-boxed elementor-section-height-default elementor-section-height-default\" data-id=\"144cb92\" data-element_type=\"section\" data-e-type=\"section\">\n\t\t\t\t\t\t<div class=\"elementor-container elementor-column-gap-default\">\n\t\t\t\t\t<div class=\"elementor-column elementor-col-50 elementor-inner-column elementor-element elementor-element-fbc02a0\" data-id=\"fbc02a0\" data-element_type=\"column\" data-e-type=\"column\">\n\t\t\t<div class=\"elementor-widget-wrap elementor-element-populated\">\n\t\t\t\t\t\t<div class=\"elementor-element elementor-element-ecff51a elementor-align-center elementor-widget elementor-widget-button\" data-id=\"ecff51a\" data-element_type=\"widget\" data-e-type=\"widget\" data-widget_type=\"button.default\">\n\t\t\t\t<div class=\"elementor-widget-container\">\n\t\t\t\t\t\t\t\t\t<div class=\"elementor-button-wrapper\">\n\t\t\t\t\t<a class=\"elementor-button elementor-button-link elementor-size-sm\" href=\"https:\/\/www.unavets.com\/c-rincon\/ca\/instal-lacions\/\">\n\t\t\t\t\t\t<span class=\"elementor-button-content-wrapper\">\n\t\t\t\t\t\t\t\t\t<span class=\"elementor-button-text\">Instal\u00b7lacions<\/span>\n\t\t\t\t\t<\/span>\n\t\t\t\t\t<\/a>\n\t\t\t\t<\/div>\n\t\t\t\t\t\t\t\t<\/div>\n\t\t\t\t<\/div>\n\t\t\t\t\t<\/div>\n\t\t<\/div>\n\t\t\t\t<div class=\"elementor-column elementor-col-50 elementor-inner-column elementor-element elementor-element-b9c0147\" data-id=\"b9c0147\" data-element_type=\"column\" data-e-type=\"column\">\n\t\t\t<div class=\"elementor-widget-wrap elementor-element-populated\">\n\t\t\t\t\t\t<div class=\"elementor-element elementor-element-259d5ee elementor-align-center elementor-widget elementor-widget-button\" data-id=\"259d5ee\" data-element_type=\"widget\" data-e-type=\"widget\" data-widget_type=\"button.default\">\n\t\t\t\t<div class=\"elementor-widget-container\">\n\t\t\t\t\t\t\t\t\t<div class=\"elementor-button-wrapper\">\n\t\t\t\t\t<a class=\"elementor-button elementor-button-link elementor-size-sm\" href=\"https:\/\/www.unavets.com\/c-rincon\/ca\/nostre-equip\/\">\n\t\t\t\t\t\t<span class=\"elementor-button-content-wrapper\">\n\t\t\t\t\t\t\t\t\t<span class=\"elementor-button-text\">Equip<\/span>\n\t\t\t\t\t<\/span>\n\t\t\t\t\t<\/a>\n\t\t\t\t<\/div>\n\t\t\t\t\t\t\t\t<\/div>\n\t\t\t\t<\/div>\n\t\t\t\t\t<\/div>\n\t\t<\/div>\n\t\t\t\t\t<\/div>\n\t\t<\/section>\n\t\t\t\t\t<\/div>\n\t\t<\/div>\n\t\t\t\t\t<\/div>\n\t\t<\/section>\n\t\t\t\t<section class=\"elementor-section elementor-top-section elementor-element elementor-element-8bd6a70 elementor-section-boxed elementor-section-height-default elementor-section-height-default\" data-id=\"8bd6a70\" data-element_type=\"section\" data-e-type=\"section\">\n\t\t\t\t\t\t<div class=\"elementor-container elementor-column-gap-default\">\n\t\t\t\t\t<div class=\"elementor-column elementor-col-100 elementor-top-column elementor-element elementor-element-e7184ea\" data-id=\"e7184ea\" data-element_type=\"column\" data-e-type=\"column\">\n\t\t\t<div class=\"elementor-widget-wrap elementor-element-populated\">\n\t\t\t\t\t\t<div class=\"elementor-element elementor-element-110710f elementor-widget elementor-widget-gallery\" data-id=\"110710f\" data-element_type=\"widget\" data-e-type=\"widget\" data-settings=\"{&quot;columns&quot;:&quot;3&quot;,&quot;aspect_ratio&quot;:&quot;1:1&quot;,&quot;lazyload&quot;:&quot;yes&quot;,&quot;gallery_layout&quot;:&quot;grid&quot;,&quot;columns_tablet&quot;:2,&quot;columns_mobile&quot;:1,&quot;gap&quot;:{&quot;unit&quot;:&quot;px&quot;,&quot;size&quot;:10,&quot;sizes&quot;:[]},&quot;gap_tablet&quot;:{&quot;unit&quot;:&quot;px&quot;,&quot;size&quot;:10,&quot;sizes&quot;:[]},&quot;gap_mobile&quot;:{&quot;unit&quot;:&quot;px&quot;,&quot;size&quot;:10,&quot;sizes&quot;:[]},&quot;link_to&quot;:&quot;file&quot;,&quot;overlay_background&quot;:&quot;yes&quot;,&quot;content_hover_animation&quot;:&quot;fade-in&quot;}\" data-widget_type=\"gallery.default\">\n\t\t\t\t<div class=\"elementor-widget-container\">\n\t\t\t\t\t\t\t<div class=\"elementor-gallery__container\">\n\t\t\t\t\t\t\t<a class=\"e-gallery-item elementor-gallery-item elementor-animated-content\" href=\"https:\/\/www.unavets.com\/c-rincon\/wp-content\/uploads\/sites\/32\/2023\/07\/DIAGNOSTICO-POR-IMAGEN-3-1.jpg\" data-elementor-open-lightbox=\"yes\" data-elementor-lightbox-slideshow=\"110710f\" data-elementor-lightbox-title=\"DIAGNOSTICO-POR-IMAGEN-3.jpg\" data-e-action-hash=\"#elementor-action%3Aaction%3Dlightbox%26settings%3DeyJpZCI6MjAyMDYsInVybCI6Imh0dHBzOlwvXC93d3cudW5hdmV0cy5jb21cL2MtcmluY29uXC93cC1jb250ZW50XC91cGxvYWRzXC9zaXRlc1wvMzJcLzIwMjNcLzA3XC9ESUFHTk9TVElDTy1QT1ItSU1BR0VOLTMtMS5qcGciLCJzbGlkZXNob3ciOiIxMTA3MTBmIn0%3D\">\n\t\t\t\t\t<div class=\"e-gallery-image elementor-gallery-item__image\" data-thumbnail=\"https:\/\/www.unavets.com\/c-rincon\/wp-content\/uploads\/sites\/32\/2023\/07\/DIAGNOSTICO-POR-IMAGEN-3-1.jpg\" data-width=\"724\" data-height=\"483\" aria-label=\"\" role=\"img\" ><\/div>\n\t\t\t\t\t\t\t\t\t\t\t<div class=\"elementor-gallery-item__overlay\"><\/div>\n\t\t\t\t\t\t\t\t\t\t\t\t\t\t<\/a>\n\t\t\t\t\t\t\t<a class=\"e-gallery-item elementor-gallery-item elementor-animated-content\" href=\"https:\/\/www.unavets.com\/c-rincon\/wp-content\/uploads\/sites\/32\/2023\/07\/MEDICINA-GENERAL-1.jpg\" data-elementor-open-lightbox=\"yes\" data-elementor-lightbox-slideshow=\"110710f\" data-elementor-lightbox-title=\"MEDICINA-GENERAL.jpg\" data-e-action-hash=\"#elementor-action%3Aaction%3Dlightbox%26settings%3DeyJpZCI6MjAyMDksInVybCI6Imh0dHBzOlwvXC93d3cudW5hdmV0cy5jb21cL2MtcmluY29uXC93cC1jb250ZW50XC91cGxvYWRzXC9zaXRlc1wvMzJcLzIwMjNcLzA3XC9NRURJQ0lOQS1HRU5FUkFMLTEuanBnIiwic2xpZGVzaG93IjoiMTEwNzEwZiJ9\">\n\t\t\t\t\t<div class=\"e-gallery-image elementor-gallery-item__image\" data-thumbnail=\"https:\/\/www.unavets.com\/c-rincon\/wp-content\/uploads\/sites\/32\/2023\/07\/MEDICINA-GENERAL-1.jpg\" data-width=\"724\" data-height=\"483\" aria-label=\"\" role=\"img\" ><\/div>\n\t\t\t\t\t\t\t\t\t\t\t<div class=\"elementor-gallery-item__overlay\"><\/div>\n\t\t\t\t\t\t\t\t\t\t\t\t\t\t<\/a>\n\t\t\t\t\t\t\t<a class=\"e-gallery-item elementor-gallery-item elementor-animated-content\" href=\"https:\/\/www.unavets.com\/c-rincon\/wp-content\/uploads\/sites\/32\/2023\/07\/CLINICA-C-RINCON-4-1.jpg\" data-elementor-open-lightbox=\"yes\" data-elementor-lightbox-slideshow=\"110710f\" data-elementor-lightbox-title=\"CLINICA-C-RINCON-4.jpg\" data-e-action-hash=\"#elementor-action%3Aaction%3Dlightbox%26settings%3DeyJpZCI6MjAyMTIsInVybCI6Imh0dHBzOlwvXC93d3cudW5hdmV0cy5jb21cL2MtcmluY29uXC93cC1jb250ZW50XC91cGxvYWRzXC9zaXRlc1wvMzJcLzIwMjNcLzA3XC9DTElOSUNBLUMtUklOQ09OLTQtMS5qcGciLCJzbGlkZXNob3ciOiIxMTA3MTBmIn0%3D\">\n\t\t\t\t\t<div class=\"e-gallery-image elementor-gallery-item__image\" data-thumbnail=\"https:\/\/www.unavets.com\/c-rincon\/wp-content\/uploads\/sites\/32\/2023\/07\/CLINICA-C-RINCON-4-1.jpg\" data-width=\"724\" data-height=\"483\" aria-label=\"\" role=\"img\" ><\/div>\n\t\t\t\t\t\t\t\t\t\t\t<div class=\"elementor-gallery-item__overlay\"><\/div>\n\t\t\t\t\t\t\t\t\t\t\t\t\t\t<\/a>\n\t\t\t\t\t\t\t<a class=\"e-gallery-item elementor-gallery-item elementor-animated-content\" href=\"https:\/\/www.unavets.com\/c-rincon\/wp-content\/uploads\/sites\/32\/2023\/07\/HERO-ESPECIALIDADES-1.jpg\" data-elementor-open-lightbox=\"yes\" data-elementor-lightbox-slideshow=\"110710f\" data-elementor-lightbox-title=\"HERO-ESPECIALIDADES.jpg\" data-e-action-hash=\"#elementor-action%3Aaction%3Dlightbox%26settings%3DeyJpZCI6MjAyMTUsInVybCI6Imh0dHBzOlwvXC93d3cudW5hdmV0cy5jb21cL2MtcmluY29uXC93cC1jb250ZW50XC91cGxvYWRzXC9zaXRlc1wvMzJcLzIwMjNcLzA3XC9IRVJPLUVTUEVDSUFMSURBREVTLTEuanBnIiwic2xpZGVzaG93IjoiMTEwNzEwZiJ9\">\n\t\t\t\t\t<div class=\"e-gallery-image elementor-gallery-item__image\" data-thumbnail=\"https:\/\/www.unavets.com\/c-rincon\/wp-content\/uploads\/sites\/32\/2023\/07\/HERO-ESPECIALIDADES-1.jpg\" data-width=\"724\" data-height=\"483\" aria-label=\"\" role=\"img\" ><\/div>\n\t\t\t\t\t\t\t\t\t\t\t<div class=\"elementor-gallery-item__overlay\"><\/div>\n\t\t\t\t\t\t\t\t\t\t\t\t\t\t<\/a>\n\t\t\t\t\t\t\t<a class=\"e-gallery-item elementor-gallery-item elementor-animated-content\" href=\"https:\/\/www.unavets.com\/c-rincon\/wp-content\/uploads\/sites\/32\/2023\/07\/MEDICINA-FELINA-HERO-2-1.jpg\" data-elementor-open-lightbox=\"yes\" data-elementor-lightbox-slideshow=\"110710f\" data-elementor-lightbox-title=\"MEDICINA-FELINA-HERO-2.jpg\" data-e-action-hash=\"#elementor-action%3Aaction%3Dlightbox%26settings%3DeyJpZCI6MjAyMTksInVybCI6Imh0dHBzOlwvXC93d3cudW5hdmV0cy5jb21cL2MtcmluY29uXC93cC1jb250ZW50XC91cGxvYWRzXC9zaXRlc1wvMzJcLzIwMjNcLzA3XC9NRURJQ0lOQS1GRUxJTkEtSEVSTy0yLTEuanBnIiwic2xpZGVzaG93IjoiMTEwNzEwZiJ9\">\n\t\t\t\t\t<div class=\"e-gallery-image elementor-gallery-item__image\" data-thumbnail=\"https:\/\/www.unavets.com\/c-rincon\/wp-content\/uploads\/sites\/32\/2023\/07\/MEDICINA-FELINA-HERO-2-1.jpg\" data-width=\"724\" data-height=\"483\" aria-label=\"\" role=\"img\" ><\/div>\n\t\t\t\t\t\t\t\t\t\t\t<div class=\"elementor-gallery-item__overlay\"><\/div>\n\t\t\t\t\t\t\t\t\t\t\t\t\t\t<\/a>\n\t\t\t\t\t\t\t<a class=\"e-gallery-item elementor-gallery-item elementor-animated-content\" href=\"https:\/\/www.unavets.com\/c-rincon\/wp-content\/uploads\/sites\/32\/2023\/07\/PELUQUERIA-1-1.jpg\" data-elementor-open-lightbox=\"yes\" data-elementor-lightbox-slideshow=\"110710f\" data-elementor-lightbox-title=\"PELUQUERIA-.jpg\" data-e-action-hash=\"#elementor-action%3Aaction%3Dlightbox%26settings%3DeyJpZCI6MjAyMjIsInVybCI6Imh0dHBzOlwvXC93d3cudW5hdmV0cy5jb21cL2MtcmluY29uXC93cC1jb250ZW50XC91cGxvYWRzXC9zaXRlc1wvMzJcLzIwMjNcLzA3XC9QRUxVUVVFUklBLTEtMS5qcGciLCJzbGlkZXNob3ciOiIxMTA3MTBmIn0%3D\">\n\t\t\t\t\t<div class=\"e-gallery-image elementor-gallery-item__image\" data-thumbnail=\"https:\/\/www.unavets.com\/c-rincon\/wp-content\/uploads\/sites\/32\/2023\/07\/PELUQUERIA-1-1.jpg\" data-width=\"724\" data-height=\"483\" aria-label=\"\" role=\"img\" ><\/div>\n\t\t\t\t\t\t\t\t\t\t\t<div class=\"elementor-gallery-item__overlay\"><\/div>\n\t\t\t\t\t\t\t\t\t\t\t\t\t\t<\/a>\n\t\t\t\t\t<\/div>\n\t\t\t\t\t<\/div>\n\t\t\t\t<\/div>\n\t\t\t\t\t<\/div>\n\t\t<\/div>\n\t\t\t\t\t<\/div>\n\t\t<\/section>\n\t\t\t\t<\/div>\n\t\t","protected":false},"excerpt":{"rendered":"<p>Centre Veterinari en Sta Margarida i Els Monjos Som un centre especialitzat a brindar serveis de diagn\u00f2stic i tractament per al benestar de les seves mascotes. El nostre enfocament principal \u00e9s el Servei de Diagn\u00f2stic per Imatge, on comptem amb equips d&#8217;\u00faltima generaci\u00f3 dissenyats espec\u00edficament per a animals de companyia. El Centre Veterinari C. Rinc\u00f3n &hellip; <\/p>\n","protected":false},"author":1,"featured_media":0,"parent":0,"menu_order":0,"comment_status":"closed","ping_status":"closed","template":"page-fullwidth.php","meta":{"_acf_changed":false,"content-type":"","footnotes":""},"class_list":["post-13547","page","type-page","status-publish","hentry"],"acf":[],"_links":{"self":[{"href":"https:\/\/www.unavets.com\/c-rincon\/ca\/wp-json\/wp\/v2\/pages\/13547","targetHints":{"allow":["GET"]}}],"collection":[{"href":"https:\/\/www.unavets.com\/c-rincon\/ca\/wp-json\/wp\/v2\/pages"}],"about":[{"href":"https:\/\/www.unavets.com\/c-rincon\/ca\/wp-json\/wp\/v2\/types\/page"}],"author":[{"embeddable":true,"href":"https:\/\/www.unavets.com\/c-rincon\/ca\/wp-json\/wp\/v2\/users\/1"}],"replies":[{"embeddable":true,"href":"https:\/\/www.unavets.com\/c-rincon\/ca\/wp-json\/wp\/v2\/comments?post=13547"}],"version-history":[{"count":0,"href":"https:\/\/www.unavets.com\/c-rincon\/ca\/wp-json\/wp\/v2\/pages\/13547\/revisions"}],"wp:attachment":[{"href":"https:\/\/www.unavets.com\/c-rincon\/ca\/wp-json\/wp\/v2\/media?parent=13547"}],"curies":[{"name":"wp","href":"https:\/\/api.w.org\/{rel}","templated":true}]}}