{"id":268,"date":"2020-10-03T06:32:57","date_gmt":"2020-10-03T06:32:57","guid":{"rendered":"http:\/\/www.unavets.com\/cabrils\/?page_id=268"},"modified":"2024-06-17T12:51:51","modified_gmt":"2024-06-17T12:51:51","slug":"about-us","status":"publish","type":"page","link":"https:\/\/www.unavets.com\/bierzoo\/about-us\/","title":{"rendered":"About Us"},"content":{"rendered":"\t\t<div data-elementor-type=\"wp-page\" data-elementor-id=\"268\" class=\"elementor elementor-268\" data-elementor-post-type=\"page\">\n\t\t\t\t\t\t<section class=\"elementor-section elementor-top-section elementor-element elementor-element-54cf215 pad-top-0 elementor-section-boxed elementor-section-height-default elementor-section-height-default\" data-id=\"54cf215\" data-element_type=\"section\" data-e-type=\"section\" id=\"main-sec\" data-settings=\"{&quot;background_background&quot;:&quot;classic&quot;}\">\n\t\t\t\t\t\t<div class=\"elementor-container elementor-column-gap-default\">\n\t\t\t\t\t<div class=\"elementor-column elementor-col-100 elementor-top-column elementor-element elementor-element-d926441\" data-id=\"d926441\" data-element_type=\"column\" data-e-type=\"column\">\n\t\t\t<div class=\"elementor-widget-wrap elementor-element-populated\">\n\t\t\t\t\t\t<div class=\"elementor-element elementor-element-9725bcd title_linehigt elementor-widget elementor-widget-section_titleleft\" data-id=\"9725bcd\" data-element_type=\"widget\" data-e-type=\"widget\" data-widget_type=\"section_titleleft.default\">\n\t\t\t\t<div class=\"elementor-widget-container\">\n\t\t\t\t\t        <div class=\"ab_text-title fl-wrap\">\n            <h3>Veterinary centres located in Ponferrada, Cacabelos and Bembibre.<\/h3>Our veterinary clinics specialise in the treatment and care of all types of pets, where we care for their health and well-being. <span class=\"section-separator fl-sec-sep\"><\/span>        <\/div>\n        \t\t\t\t<\/div>\n\t\t\t\t<\/div>\n\t\t\t\t<section class=\"elementor-section elementor-inner-section elementor-element elementor-element-35814f4 elementor-section-full_width elementor-section-height-default elementor-section-height-default\" data-id=\"35814f4\" data-element_type=\"section\" data-e-type=\"section\">\n\t\t\t\t\t\t<div class=\"elementor-container elementor-column-gap-wide\">\n\t\t\t\t\t<div class=\"elementor-column elementor-col-50 elementor-inner-column elementor-element elementor-element-a7f276f\" data-id=\"a7f276f\" data-element_type=\"column\" data-e-type=\"column\">\n\t\t\t<div class=\"elementor-widget-wrap elementor-element-populated\">\n\t\t\t\t\t\t<div class=\"elementor-element elementor-element-2c08541 elementor-widget elementor-widget-image\" data-id=\"2c08541\" data-element_type=\"widget\" data-e-type=\"widget\" data-widget_type=\"image.default\">\n\t\t\t\t<div class=\"elementor-widget-container\">\n\t\t\t\t\t\t\t\t\t\t\t\t\t\t\t<img fetchpriority=\"high\" width=\"600\" height=\"849\" class=\"attachment-2048x2048 size-2048x2048 wp-image-20979 lazy\" alt=\"\" data-src=\"https:\/\/www.unavets.com\/bierzoo\/wp-content\/uploads\/sites\/29\/2023\/05\/quienes-somos-bierzoo.png\" data-lazy=\"https:\/\/www.unavets.com\/bierzoo\/wp-content\/uploads\/sites\/29\/2023\/05\/quienes-somos-bierzoo.png\" \/>\t\t\t\t\t\t\t\t\t\t\t\t\t\t\t<\/div>\n\t\t\t\t<\/div>\n\t\t\t\t\t<\/div>\n\t\t<\/div>\n\t\t\t\t<div class=\"elementor-column elementor-col-50 elementor-inner-column elementor-element elementor-element-202374d\" data-id=\"202374d\" data-element_type=\"column\" data-e-type=\"column\">\n\t\t\t<div class=\"elementor-widget-wrap elementor-element-populated\">\n\t\t\t\t\t\t<div class=\"elementor-element elementor-element-3b393ce about-wrap elementor-widget elementor-widget-text-editor\" data-id=\"3b393ce\" data-element_type=\"widget\" data-e-type=\"widget\" data-widget_type=\"text-editor.default\">\n\t\t\t\t<div class=\"elementor-widget-container\">\n\t\t\t\t\t\t\t\t\t<p>Welcome to your Bierzoo Veterinary Centres. Since 2002, we have provided medical and emergency services.<\/p><p>\u00a0 <br \/>Learn about our history: since 2002, we have been providing pet care services in the Bierzo region for residents and visitors that require our specialised attention. Ongoing communication among our team members ensures an efficient and safe service for your pets\u2019 welfare.<br \/>Over the years, we have acquired extensive experience and expertise, improved our equipment and facilities and expanded our knowledge, opening new centres in 2008. <br \/>Our vision has always been to offer our clients all or practically all services their pets require:<\/p><ul><li>Veterinary services<\/li><li>Food<\/li><li>Grooming<\/li><li>24-hour emergency service, 365 days a year.<\/li><li>Other services<\/li><\/ul><p>\u00a0 <br \/>We have two veterinary clinics and a hospital for veterinary emergencies in Ponferrada:<\/p><ul><li>Bierzoo Veterinary Hospital, Ponferrada, located at Av. de la Lealtad, 16, 24400 Ponferrada, Le\u00f3n.<\/li><li>Bierzoo Cacabelos Veterinary Clinic, located at C\/ \u00c1ngel Gonz\u00e1lez, 23 24540 Cacabelos &#8211; Le\u00f3n<\/li><li>Bierzoo Bembibre Veterinary Clinic, located at C\/ Emiliano Sanchez Lombas, 9 24300 Bembibre &#8211; Le\u00f3n.<\/li><\/ul>\t\t\t\t\t\t\t\t<\/div>\n\t\t\t\t<\/div>\n\t\t\t\t\t<\/div>\n\t\t<\/div>\n\t\t\t\t\t<\/div>\n\t\t<\/section>\n\t\t\t\t<section class=\"elementor-section elementor-inner-section elementor-element elementor-element-e2f5013 elementor-section-boxed elementor-section-height-default elementor-section-height-default\" data-id=\"e2f5013\" data-element_type=\"section\" data-e-type=\"section\">\n\t\t\t\t\t\t<div class=\"elementor-container elementor-column-gap-default\">\n\t\t\t\t\t<div class=\"elementor-column elementor-col-50 elementor-inner-column elementor-element elementor-element-3dc6508\" data-id=\"3dc6508\" data-element_type=\"column\" data-e-type=\"column\">\n\t\t\t<div class=\"elementor-widget-wrap elementor-element-populated\">\n\t\t\t\t\t\t<div class=\"elementor-element elementor-element-0561e1b elementor-align-center elementor-widget elementor-widget-button\" data-id=\"0561e1b\" data-element_type=\"widget\" data-e-type=\"widget\" data-widget_type=\"button.default\">\n\t\t\t\t<div class=\"elementor-widget-container\">\n\t\t\t\t\t\t\t\t\t<div class=\"elementor-button-wrapper\">\n\t\t\t\t\t<a class=\"elementor-button elementor-button-link elementor-size-sm\" href=\"https:\/\/www.unavets.com\/nanclares\/facilities\/\">\n\t\t\t\t\t\t<span class=\"elementor-button-content-wrapper\">\n\t\t\t\t\t\t\t\t\t<span class=\"elementor-button-text\">Facilities<\/span>\n\t\t\t\t\t<\/span>\n\t\t\t\t\t<\/a>\n\t\t\t\t<\/div>\n\t\t\t\t\t\t\t\t<\/div>\n\t\t\t\t<\/div>\n\t\t\t\t\t<\/div>\n\t\t<\/div>\n\t\t\t\t<div class=\"elementor-column elementor-col-50 elementor-inner-column elementor-element elementor-element-2187c63\" data-id=\"2187c63\" data-element_type=\"column\" data-e-type=\"column\">\n\t\t\t<div class=\"elementor-widget-wrap elementor-element-populated\">\n\t\t\t\t\t\t<div class=\"elementor-element elementor-element-6aa8469 elementor-align-center elementor-widget elementor-widget-button\" data-id=\"6aa8469\" data-element_type=\"widget\" data-e-type=\"widget\" data-widget_type=\"button.default\">\n\t\t\t\t<div class=\"elementor-widget-container\">\n\t\t\t\t\t\t\t\t\t<div class=\"elementor-button-wrapper\">\n\t\t\t\t\t<a class=\"elementor-button elementor-button-link elementor-size-sm\" href=\"https:\/\/www.unavets.com\/nanclares\/our-team\">\n\t\t\t\t\t\t<span class=\"elementor-button-content-wrapper\">\n\t\t\t\t\t\t\t\t\t<span class=\"elementor-button-text\">Meet Our Team<\/span>\n\t\t\t\t\t<\/span>\n\t\t\t\t\t<\/a>\n\t\t\t\t<\/div>\n\t\t\t\t\t\t\t\t<\/div>\n\t\t\t\t<\/div>\n\t\t\t\t\t<\/div>\n\t\t<\/div>\n\t\t\t\t\t<\/div>\n\t\t<\/section>\n\t\t\t\t\t<\/div>\n\t\t<\/div>\n\t\t\t\t\t<\/div>\n\t\t<\/section>\n\t\t\t\t<section class=\"elementor-section elementor-top-section elementor-element elementor-element-36c3ea9 elementor-section-boxed elementor-section-height-default elementor-section-height-default\" data-id=\"36c3ea9\" data-element_type=\"section\" data-e-type=\"section\">\n\t\t\t\t\t\t<div class=\"elementor-container elementor-column-gap-default\">\n\t\t\t\t\t<div class=\"elementor-column elementor-col-100 elementor-top-column elementor-element elementor-element-cd95f63\" data-id=\"cd95f63\" data-element_type=\"column\" data-e-type=\"column\">\n\t\t\t<div class=\"elementor-widget-wrap elementor-element-populated\">\n\t\t\t\t\t\t<div class=\"elementor-element elementor-element-becb548 elementor-widget elementor-widget-gallery\" data-id=\"becb548\" data-element_type=\"widget\" data-e-type=\"widget\" data-settings=\"{&quot;columns&quot;:&quot;3&quot;,&quot;aspect_ratio&quot;:&quot;1:1&quot;,&quot;lazyload&quot;:&quot;yes&quot;,&quot;gallery_layout&quot;:&quot;grid&quot;,&quot;columns_tablet&quot;:2,&quot;columns_mobile&quot;:1,&quot;gap&quot;:{&quot;unit&quot;:&quot;px&quot;,&quot;size&quot;:10,&quot;sizes&quot;:[]},&quot;gap_tablet&quot;:{&quot;unit&quot;:&quot;px&quot;,&quot;size&quot;:10,&quot;sizes&quot;:[]},&quot;gap_mobile&quot;:{&quot;unit&quot;:&quot;px&quot;,&quot;size&quot;:10,&quot;sizes&quot;:[]},&quot;link_to&quot;:&quot;file&quot;,&quot;overlay_background&quot;:&quot;yes&quot;,&quot;content_hover_animation&quot;:&quot;fade-in&quot;}\" data-widget_type=\"gallery.default\">\n\t\t\t\t<div class=\"elementor-widget-container\">\n\t\t\t\t\t\t\t<div class=\"elementor-gallery__container\">\n\t\t\t\t\t\t\t<a class=\"e-gallery-item elementor-gallery-item elementor-animated-content\" href=\"https:\/\/www.unavets.com\/bierzoo\/wp-content\/uploads\/sites\/29\/2023\/07\/bierzoo-instalaciones-2.png\" data-elementor-open-lightbox=\"yes\" data-elementor-lightbox-slideshow=\"becb548\" data-elementor-lightbox-title=\"bierzoo-instalaciones-2.png\" data-e-action-hash=\"#elementor-action%3Aaction%3Dlightbox%26settings%3DeyJpZCI6MjE2NDAsInVybCI6Imh0dHBzOlwvXC93d3cudW5hdmV0cy5jb21cL2JpZXJ6b29cL3dwLWNvbnRlbnRcL3VwbG9hZHNcL3NpdGVzXC8yOVwvMjAyM1wvMDdcL2JpZXJ6b28taW5zdGFsYWNpb25lcy0yLnBuZyIsInNsaWRlc2hvdyI6ImJlY2I1NDgifQ%3D%3D\">\n\t\t\t\t\t<div class=\"e-gallery-image elementor-gallery-item__image\" data-thumbnail=\"https:\/\/www.unavets.com\/bierzoo\/wp-content\/uploads\/sites\/29\/2023\/07\/bierzoo-instalaciones-2.png\" data-width=\"225\" data-height=\"225\" aria-label=\"\" role=\"img\" ><\/div>\n\t\t\t\t\t\t\t\t\t\t\t<div class=\"elementor-gallery-item__overlay\"><\/div>\n\t\t\t\t\t\t\t\t\t\t\t\t\t\t<\/a>\n\t\t\t\t\t\t\t<a class=\"e-gallery-item elementor-gallery-item elementor-animated-content\" href=\"https:\/\/www.unavets.com\/bierzoo\/wp-content\/uploads\/sites\/29\/2023\/07\/bierzoo-instalaciones-3-1.png\" data-elementor-open-lightbox=\"yes\" data-elementor-lightbox-slideshow=\"becb548\" data-elementor-lightbox-title=\"bierzoo-instalaciones-3.png\" data-e-action-hash=\"#elementor-action%3Aaction%3Dlightbox%26settings%3DeyJpZCI6MjE2NDQsInVybCI6Imh0dHBzOlwvXC93d3cudW5hdmV0cy5jb21cL2JpZXJ6b29cL3dwLWNvbnRlbnRcL3VwbG9hZHNcL3NpdGVzXC8yOVwvMjAyM1wvMDdcL2JpZXJ6b28taW5zdGFsYWNpb25lcy0zLTEucG5nIiwic2xpZGVzaG93IjoiYmVjYjU0OCJ9\">\n\t\t\t\t\t<div class=\"e-gallery-image elementor-gallery-item__image\" data-thumbnail=\"https:\/\/www.unavets.com\/bierzoo\/wp-content\/uploads\/sites\/29\/2023\/07\/bierzoo-instalaciones-3-1.png\" data-width=\"225\" data-height=\"225\" aria-label=\"\" role=\"img\" ><\/div>\n\t\t\t\t\t\t\t\t\t\t\t<div class=\"elementor-gallery-item__overlay\"><\/div>\n\t\t\t\t\t\t\t\t\t\t\t\t\t\t<\/a>\n\t\t\t\t\t\t\t<a class=\"e-gallery-item elementor-gallery-item elementor-animated-content\" href=\"https:\/\/www.unavets.com\/bierzoo\/wp-content\/uploads\/sites\/29\/2023\/07\/bierzoo-instalaciones-8-1.png\" data-elementor-open-lightbox=\"yes\" data-elementor-lightbox-slideshow=\"becb548\" data-elementor-lightbox-title=\"bierzoo-instalaciones-8.png\" data-e-action-hash=\"#elementor-action%3Aaction%3Dlightbox%26settings%3DeyJpZCI6MjE2NDgsInVybCI6Imh0dHBzOlwvXC93d3cudW5hdmV0cy5jb21cL2JpZXJ6b29cL3dwLWNvbnRlbnRcL3VwbG9hZHNcL3NpdGVzXC8yOVwvMjAyM1wvMDdcL2JpZXJ6b28taW5zdGFsYWNpb25lcy04LTEucG5nIiwic2xpZGVzaG93IjoiYmVjYjU0OCJ9\">\n\t\t\t\t\t<div class=\"e-gallery-image elementor-gallery-item__image\" data-thumbnail=\"https:\/\/www.unavets.com\/bierzoo\/wp-content\/uploads\/sites\/29\/2023\/07\/bierzoo-instalaciones-8-1.png\" data-width=\"225\" data-height=\"225\" aria-label=\"\" role=\"img\" ><\/div>\n\t\t\t\t\t\t\t\t\t\t\t<div class=\"elementor-gallery-item__overlay\"><\/div>\n\t\t\t\t\t\t\t\t\t\t\t\t\t\t<\/a>\n\t\t\t\t\t\t\t<a class=\"e-gallery-item elementor-gallery-item elementor-animated-content\" href=\"https:\/\/www.unavets.com\/bierzoo\/wp-content\/uploads\/sites\/29\/2023\/07\/bierzoo-instalaciones-4-1.png\" data-elementor-open-lightbox=\"yes\" data-elementor-lightbox-slideshow=\"becb548\" data-elementor-lightbox-title=\"bierzoo-instalaciones-4.png\" data-e-action-hash=\"#elementor-action%3Aaction%3Dlightbox%26settings%3DeyJpZCI6MjE2NTIsInVybCI6Imh0dHBzOlwvXC93d3cudW5hdmV0cy5jb21cL2JpZXJ6b29cL3dwLWNvbnRlbnRcL3VwbG9hZHNcL3NpdGVzXC8yOVwvMjAyM1wvMDdcL2JpZXJ6b28taW5zdGFsYWNpb25lcy00LTEucG5nIiwic2xpZGVzaG93IjoiYmVjYjU0OCJ9\">\n\t\t\t\t\t<div class=\"e-gallery-image elementor-gallery-item__image\" data-thumbnail=\"https:\/\/www.unavets.com\/bierzoo\/wp-content\/uploads\/sites\/29\/2023\/07\/bierzoo-instalaciones-4-1.png\" data-width=\"225\" data-height=\"225\" aria-label=\"\" role=\"img\" ><\/div>\n\t\t\t\t\t\t\t\t\t\t\t<div class=\"elementor-gallery-item__overlay\"><\/div>\n\t\t\t\t\t\t\t\t\t\t\t\t\t\t<\/a>\n\t\t\t\t\t\t\t<a class=\"e-gallery-item elementor-gallery-item elementor-animated-content\" href=\"https:\/\/www.unavets.com\/bierzoo\/wp-content\/uploads\/sites\/29\/2023\/07\/bierzoo-instalaciones-5-1.png\" data-elementor-open-lightbox=\"yes\" data-elementor-lightbox-slideshow=\"becb548\" data-elementor-lightbox-title=\"bierzoo-instalaciones-5.png\" data-e-action-hash=\"#elementor-action%3Aaction%3Dlightbox%26settings%3DeyJpZCI6MjE2NTYsInVybCI6Imh0dHBzOlwvXC93d3cudW5hdmV0cy5jb21cL2JpZXJ6b29cL3dwLWNvbnRlbnRcL3VwbG9hZHNcL3NpdGVzXC8yOVwvMjAyM1wvMDdcL2JpZXJ6b28taW5zdGFsYWNpb25lcy01LTEucG5nIiwic2xpZGVzaG93IjoiYmVjYjU0OCJ9\">\n\t\t\t\t\t<div class=\"e-gallery-image elementor-gallery-item__image\" data-thumbnail=\"https:\/\/www.unavets.com\/bierzoo\/wp-content\/uploads\/sites\/29\/2023\/07\/bierzoo-instalaciones-5-1.png\" data-width=\"225\" data-height=\"225\" aria-label=\"\" role=\"img\" ><\/div>\n\t\t\t\t\t\t\t\t\t\t\t<div class=\"elementor-gallery-item__overlay\"><\/div>\n\t\t\t\t\t\t\t\t\t\t\t\t\t\t<\/a>\n\t\t\t\t\t\t\t<a class=\"e-gallery-item elementor-gallery-item elementor-animated-content\" href=\"https:\/\/www.unavets.com\/bierzoo\/wp-content\/uploads\/sites\/29\/2023\/07\/bierzoo-instalaciones-6.png\" data-elementor-open-lightbox=\"yes\" data-elementor-lightbox-slideshow=\"becb548\" data-elementor-lightbox-title=\"bierzoo-instalaciones-6.png\" data-e-action-hash=\"#elementor-action%3Aaction%3Dlightbox%26settings%3DeyJpZCI6MjE2NjAsInVybCI6Imh0dHBzOlwvXC93d3cudW5hdmV0cy5jb21cL2JpZXJ6b29cL3dwLWNvbnRlbnRcL3VwbG9hZHNcL3NpdGVzXC8yOVwvMjAyM1wvMDdcL2JpZXJ6b28taW5zdGFsYWNpb25lcy02LnBuZyIsInNsaWRlc2hvdyI6ImJlY2I1NDgifQ%3D%3D\">\n\t\t\t\t\t<div class=\"e-gallery-image elementor-gallery-item__image\" data-thumbnail=\"https:\/\/www.unavets.com\/bierzoo\/wp-content\/uploads\/sites\/29\/2023\/07\/bierzoo-instalaciones-6.png\" data-width=\"225\" data-height=\"225\" aria-label=\"\" role=\"img\" ><\/div>\n\t\t\t\t\t\t\t\t\t\t\t<div class=\"elementor-gallery-item__overlay\"><\/div>\n\t\t\t\t\t\t\t\t\t\t\t\t\t\t<\/a>\n\t\t\t\t\t\t\t<a class=\"e-gallery-item elementor-gallery-item elementor-animated-content\" href=\"https:\/\/www.unavets.com\/bierzoo\/wp-content\/uploads\/sites\/29\/2023\/07\/bierzoo-instalaciones-7-1.png\" data-elementor-open-lightbox=\"yes\" data-elementor-lightbox-slideshow=\"becb548\" data-elementor-lightbox-title=\"bierzoo-instalaciones-7.png\" data-e-action-hash=\"#elementor-action%3Aaction%3Dlightbox%26settings%3DeyJpZCI6MjE2NjQsInVybCI6Imh0dHBzOlwvXC93d3cudW5hdmV0cy5jb21cL2JpZXJ6b29cL3dwLWNvbnRlbnRcL3VwbG9hZHNcL3NpdGVzXC8yOVwvMjAyM1wvMDdcL2JpZXJ6b28taW5zdGFsYWNpb25lcy03LTEucG5nIiwic2xpZGVzaG93IjoiYmVjYjU0OCJ9\">\n\t\t\t\t\t<div class=\"e-gallery-image elementor-gallery-item__image\" data-thumbnail=\"https:\/\/www.unavets.com\/bierzoo\/wp-content\/uploads\/sites\/29\/2023\/07\/bierzoo-instalaciones-7-1.png\" data-width=\"225\" data-height=\"225\" aria-label=\"\" role=\"img\" ><\/div>\n\t\t\t\t\t\t\t\t\t\t\t<div class=\"elementor-gallery-item__overlay\"><\/div>\n\t\t\t\t\t\t\t\t\t\t\t\t\t\t<\/a>\n\t\t\t\t\t\t\t<a class=\"e-gallery-item elementor-gallery-item elementor-animated-content\" href=\"https:\/\/www.unavets.com\/bierzoo\/wp-content\/uploads\/sites\/29\/2023\/07\/bierzoo-instalaciones-9-1.png\" data-elementor-open-lightbox=\"yes\" data-elementor-lightbox-slideshow=\"becb548\" data-elementor-lightbox-title=\"bierzoo-instalaciones-9.png\" data-e-action-hash=\"#elementor-action%3Aaction%3Dlightbox%26settings%3DeyJpZCI6MjE2NjgsInVybCI6Imh0dHBzOlwvXC93d3cudW5hdmV0cy5jb21cL2JpZXJ6b29cL3dwLWNvbnRlbnRcL3VwbG9hZHNcL3NpdGVzXC8yOVwvMjAyM1wvMDdcL2JpZXJ6b28taW5zdGFsYWNpb25lcy05LTEucG5nIiwic2xpZGVzaG93IjoiYmVjYjU0OCJ9\">\n\t\t\t\t\t<div class=\"e-gallery-image elementor-gallery-item__image\" data-thumbnail=\"https:\/\/www.unavets.com\/bierzoo\/wp-content\/uploads\/sites\/29\/2023\/07\/bierzoo-instalaciones-9-1.png\" data-width=\"225\" data-height=\"225\" aria-label=\"\" role=\"img\" ><\/div>\n\t\t\t\t\t\t\t\t\t\t\t<div class=\"elementor-gallery-item__overlay\"><\/div>\n\t\t\t\t\t\t\t\t\t\t\t\t\t\t<\/a>\n\t\t\t\t\t\t\t<a class=\"e-gallery-item elementor-gallery-item elementor-animated-content\" href=\"https:\/\/www.unavets.com\/bierzoo\/wp-content\/uploads\/sites\/29\/2024\/06\/14-2.jpg\" data-elementor-open-lightbox=\"yes\" data-elementor-lightbox-slideshow=\"becb548\" data-elementor-lightbox-title=\"14\" data-e-action-hash=\"#elementor-action%3Aaction%3Dlightbox%26settings%3DeyJpZCI6MjMzNDMsInVybCI6Imh0dHBzOlwvXC93d3cudW5hdmV0cy5jb21cL2JpZXJ6b29cL3dwLWNvbnRlbnRcL3VwbG9hZHNcL3NpdGVzXC8yOVwvMjAyNFwvMDZcLzE0LTIuanBnIiwic2xpZGVzaG93IjoiYmVjYjU0OCJ9\">\n\t\t\t\t\t<div class=\"e-gallery-image elementor-gallery-item__image\" data-thumbnail=\"https:\/\/www.unavets.com\/bierzoo\/wp-content\/uploads\/sites\/29\/2024\/06\/14-2-1024x691.jpg\" data-width=\"724\" data-height=\"489\" aria-label=\"\" role=\"img\" ><\/div>\n\t\t\t\t\t\t\t\t\t\t\t<div class=\"elementor-gallery-item__overlay\"><\/div>\n\t\t\t\t\t\t\t\t\t\t\t\t\t\t<\/a>\n\t\t\t\t\t<\/div>\n\t\t\t\t\t<\/div>\n\t\t\t\t<\/div>\n\t\t\t\t\t<\/div>\n\t\t<\/div>\n\t\t\t\t\t<\/div>\n\t\t<\/section>\n\t\t\t\t<\/div>\n\t\t","protected":false},"excerpt":{"rendered":"<p>Veterinary centres located in Ponferrada, Cacabelos and Bembibre. Our veterinary clinics specialise in the treatment and care of all types of pets, where we care for their health and well-being. Welcome to your Bierzoo Veterinary Centres. Since 2002, we have provided medical and emergency services. \u00a0 Learn about our history: since 2002, we have been &hellip; <\/p>\n","protected":false},"author":1,"featured_media":0,"parent":0,"menu_order":0,"comment_status":"closed","ping_status":"closed","template":"page-fullwidth.php","meta":{"_acf_changed":false,"content-type":"","footnotes":""},"class_list":["post-268","page","type-page","status-publish","hentry"],"acf":[],"_links":{"self":[{"href":"https:\/\/www.unavets.com\/bierzoo\/wp-json\/wp\/v2\/pages\/268","targetHints":{"allow":["GET"]}}],"collection":[{"href":"https:\/\/www.unavets.com\/bierzoo\/wp-json\/wp\/v2\/pages"}],"about":[{"href":"https:\/\/www.unavets.com\/bierzoo\/wp-json\/wp\/v2\/types\/page"}],"author":[{"embeddable":true,"href":"https:\/\/www.unavets.com\/bierzoo\/wp-json\/wp\/v2\/users\/1"}],"replies":[{"embeddable":true,"href":"https:\/\/www.unavets.com\/bierzoo\/wp-json\/wp\/v2\/comments?post=268"}],"version-history":[{"count":3,"href":"https:\/\/www.unavets.com\/bierzoo\/wp-json\/wp\/v2\/pages\/268\/revisions"}],"predecessor-version":[{"id":23349,"href":"https:\/\/www.unavets.com\/bierzoo\/wp-json\/wp\/v2\/pages\/268\/revisions\/23349"}],"wp:attachment":[{"href":"https:\/\/www.unavets.com\/bierzoo\/wp-json\/wp\/v2\/media?parent=268"}],"curies":[{"name":"wp","href":"https:\/\/api.w.org\/{rel}","templated":true}]}}