{"id":18623,"date":"2022-04-20T09:47:18","date_gmt":"2022-04-20T09:47:18","guid":{"rendered":"https:\/\/www.unavets.com\/bierzoo\/?page_id=18623"},"modified":"2024-06-03T08:06:25","modified_gmt":"2024-06-03T08:06:25","slug":"bierzoo-cacabelos-veterinary-centre","status":"publish","type":"page","link":"https:\/\/www.unavets.com\/bierzoo\/bierzoo-cacabelos-veterinary-centre\/","title":{"rendered":"Bierzoo Cacabelos Veterinary Centre"},"content":{"rendered":"\t\t<div data-elementor-type=\"wp-page\" data-elementor-id=\"18623\" class=\"elementor elementor-18623 elementor-18619\" data-elementor-post-type=\"page\">\n\t\t\t\t\t\t<section class=\"elementor-section elementor-top-section elementor-element elementor-element-ed833f4 pad-top-0 elementor-section-boxed elementor-section-height-default elementor-section-height-default\" data-id=\"ed833f4\" data-element_type=\"section\" data-e-type=\"section\" data-settings=\"{&quot;background_background&quot;:&quot;classic&quot;}\">\n\t\t\t\t\t\t<div class=\"elementor-container elementor-column-gap-wide\">\n\t\t\t\t\t<div class=\"elementor-column elementor-col-100 elementor-top-column elementor-element elementor-element-5a27530\" data-id=\"5a27530\" data-element_type=\"column\" data-e-type=\"column\">\n\t\t\t<div class=\"elementor-widget-wrap elementor-element-populated\">\n\t\t\t\t\t\t<div class=\"elementor-element elementor-element-3cb1a11 elementor-widget elementor-widget-text-editor\" data-id=\"3cb1a11\" data-element_type=\"widget\" data-e-type=\"widget\" data-widget_type=\"text-editor.default\">\n\t\t\t\t<div class=\"elementor-widget-container\">\n\t\t\t\t\t\t\t\t\t<p><strong>The Bierzoo Cacabelos Veterinary Centre i<\/strong>n Le\u00f3n has cutting-edge equipment and facilities, guaranteeing the highest standard of patient care.<\/p>\t\t\t\t\t\t\t\t<\/div>\n\t\t\t\t<\/div>\n\t\t\t\t<section class=\"elementor-section elementor-inner-section elementor-element elementor-element-e51ec50 elementor-section-boxed elementor-section-height-default elementor-section-height-default\" data-id=\"e51ec50\" data-element_type=\"section\" data-e-type=\"section\">\n\t\t\t\t\t\t<div class=\"elementor-container elementor-column-gap-default\">\n\t\t\t\t\t<div class=\"elementor-column elementor-col-50 elementor-inner-column elementor-element elementor-element-6d78fd6\" data-id=\"6d78fd6\" data-element_type=\"column\" data-e-type=\"column\">\n\t\t\t<div class=\"elementor-widget-wrap elementor-element-populated\">\n\t\t\t\t\t\t<div class=\"elementor-element elementor-element-41ac839 elementor-widget elementor-widget-image\" data-id=\"41ac839\" data-element_type=\"widget\" data-e-type=\"widget\" data-widget_type=\"image.default\">\n\t\t\t\t<div class=\"elementor-widget-container\">\n\t\t\t\t\t\t\t\t\t\t\t\t\t\t\t<img fetchpriority=\"high\" width=\"598\" height=\"759\" class=\"attachment-2048x2048 size-2048x2048 wp-image-22180 lazy\" alt=\"\" data-src=\"https:\/\/www.unavets.com\/bierzoo\/wp-content\/uploads\/sites\/29\/2023\/07\/cacabelos-hero-page-e1684832516952.png\" data-lazy=\"https:\/\/www.unavets.com\/bierzoo\/wp-content\/uploads\/sites\/29\/2023\/07\/cacabelos-hero-page-e1684832516952.png\" \/>\t\t\t\t\t\t\t\t\t\t\t\t\t\t\t<\/div>\n\t\t\t\t<\/div>\n\t\t\t\t\t<\/div>\n\t\t<\/div>\n\t\t\t\t<div class=\"elementor-column elementor-col-50 elementor-inner-column elementor-element elementor-element-78ff92a\" data-id=\"78ff92a\" data-element_type=\"column\" data-e-type=\"column\">\n\t\t\t<div class=\"elementor-widget-wrap elementor-element-populated\">\n\t\t\t\t\t\t<div class=\"elementor-element elementor-element-a432993 elementor-widget elementor-widget-text-editor\" data-id=\"a432993\" data-element_type=\"widget\" data-e-type=\"widget\" data-widget_type=\"text-editor.default\">\n\t\t\t\t<div class=\"elementor-widget-container\">\n\t\t\t\t\t\t\t\t\t<p>&nbsp;<strong>The Bierzoo Cacabelos Veterinary Centre has the most advanced equipment<\/strong> and means to reach a diagnosis quickly and efficiently. It is equipped with state-of-the-art technology, facilitating the team\u2019s work and guaranteeing optimum results.<\/p>\n<p>&nbsp;The veterinary centre offers the following facilities:<\/p>\n<p>&nbsp;Two operating theatres<\/p>\n<ul>\n<li>&nbsp;Cat hospital<\/li>\n<li>Dog Hospital<\/li>\n<li>Two Consultation Rooms<\/li>\n<li>Hospital for infectious animals<\/li>\n<li>Laboratoty<\/li>\n<li>&nbsp;Diagnostic imaging room, including x-ray and ultrasound scanner<\/li>\n<li>Animal grooming service<\/li>\n<li>&nbsp;Shop area<\/li>\n<\/ul>\n<p>The opening hours are as follows:<\/p><ul><li>Monday-Friday 9am-7pm<\/li><li>Saturday-Sunday: Closed<\/li><\/ul>\n<p>Contact details:<br>C\/ \u00c1ngel Gonz\u00e1lez, 23<br>24540 Cacabelos &#8211; Le\u00f3n<br>email: info.cacabelos@unavets.com<\/p>\n<p>Telephone: +34 987 549 132<\/p>\t\t\t\t\t\t\t\t<\/div>\n\t\t\t\t<\/div>\n\t\t\t\t\t<\/div>\n\t\t<\/div>\n\t\t\t\t\t<\/div>\n\t\t<\/section>\n\t\t\t\t<section class=\"elementor-section elementor-inner-section elementor-element elementor-element-4be3ef2 elementor-section-boxed elementor-section-height-default elementor-section-height-default\" data-id=\"4be3ef2\" data-element_type=\"section\" data-e-type=\"section\">\n\t\t\t\t\t\t<div class=\"elementor-container elementor-column-gap-default\">\n\t\t\t\t\t<div class=\"elementor-column elementor-col-50 elementor-inner-column elementor-element elementor-element-146619f\" data-id=\"146619f\" data-element_type=\"column\" data-e-type=\"column\">\n\t\t\t<div class=\"elementor-widget-wrap elementor-element-populated\">\n\t\t\t\t\t\t<div class=\"elementor-element elementor-element-e22a4f7 elementor-align-center elementor-widget elementor-widget-button\" data-id=\"e22a4f7\" data-element_type=\"widget\" data-e-type=\"widget\" data-widget_type=\"button.default\">\n\t\t\t\t<div class=\"elementor-widget-container\">\n\t\t\t\t\t\t\t\t\t<div class=\"elementor-button-wrapper\">\n\t\t\t\t\t<a class=\"elementor-button elementor-button-link elementor-size-sm\" href=\"https:\/\/www.unavets.com\/bierzoo\/our-team\/\">\n\t\t\t\t\t\t<span class=\"elementor-button-content-wrapper\">\n\t\t\t\t\t\t\t\t\t<span class=\"elementor-button-text\">Our Team<\/span>\n\t\t\t\t\t<\/span>\n\t\t\t\t\t<\/a>\n\t\t\t\t<\/div>\n\t\t\t\t\t\t\t\t<\/div>\n\t\t\t\t<\/div>\n\t\t\t\t\t<\/div>\n\t\t<\/div>\n\t\t\t\t<div class=\"elementor-column elementor-col-50 elementor-inner-column elementor-element elementor-element-a30f0ea\" data-id=\"a30f0ea\" data-element_type=\"column\" data-e-type=\"column\">\n\t\t\t<div class=\"elementor-widget-wrap elementor-element-populated\">\n\t\t\t\t\t\t<div class=\"elementor-element elementor-element-c5c2af0 elementor-align-center elementor-widget elementor-widget-button\" data-id=\"c5c2af0\" data-element_type=\"widget\" data-e-type=\"widget\" data-widget_type=\"button.default\">\n\t\t\t\t<div class=\"elementor-widget-container\">\n\t\t\t\t\t\t\t\t\t<div class=\"elementor-button-wrapper\">\n\t\t\t\t\t<a class=\"elementor-button elementor-button-link elementor-size-sm\" href=\"https:\/\/www.unavets.com\/bierzoo\/services\/\">\n\t\t\t\t\t\t<span class=\"elementor-button-content-wrapper\">\n\t\t\t\t\t\t\t\t\t<span class=\"elementor-button-text\">Services<\/span>\n\t\t\t\t\t<\/span>\n\t\t\t\t\t<\/a>\n\t\t\t\t<\/div>\n\t\t\t\t\t\t\t\t<\/div>\n\t\t\t\t<\/div>\n\t\t\t\t\t<\/div>\n\t\t<\/div>\n\t\t\t\t\t<\/div>\n\t\t<\/section>\n\t\t\t\t\t<\/div>\n\t\t<\/div>\n\t\t\t\t\t<\/div>\n\t\t<\/section>\n\t\t\t\t<section class=\"elementor-section elementor-top-section elementor-element elementor-element-fbafc29 elementor-section-boxed elementor-section-height-default elementor-section-height-default\" data-id=\"fbafc29\" data-element_type=\"section\" data-e-type=\"section\">\n\t\t\t\t\t\t<div class=\"elementor-container elementor-column-gap-default\">\n\t\t\t\t\t<div class=\"elementor-column elementor-col-100 elementor-top-column elementor-element elementor-element-5d70d22\" data-id=\"5d70d22\" data-element_type=\"column\" data-e-type=\"column\">\n\t\t\t<div class=\"elementor-widget-wrap elementor-element-populated\">\n\t\t\t\t\t\t<div class=\"elementor-element elementor-element-0f88515 elementor-widget elementor-widget-gallery\" data-id=\"0f88515\" data-element_type=\"widget\" data-e-type=\"widget\" data-settings=\"{&quot;columns&quot;:&quot;3&quot;,&quot;aspect_ratio&quot;:&quot;1:1&quot;,&quot;lazyload&quot;:&quot;yes&quot;,&quot;gallery_layout&quot;:&quot;grid&quot;,&quot;columns_tablet&quot;:2,&quot;columns_mobile&quot;:1,&quot;gap&quot;:{&quot;unit&quot;:&quot;px&quot;,&quot;size&quot;:10,&quot;sizes&quot;:[]},&quot;gap_tablet&quot;:{&quot;unit&quot;:&quot;px&quot;,&quot;size&quot;:10,&quot;sizes&quot;:[]},&quot;gap_mobile&quot;:{&quot;unit&quot;:&quot;px&quot;,&quot;size&quot;:10,&quot;sizes&quot;:[]},&quot;link_to&quot;:&quot;file&quot;,&quot;overlay_background&quot;:&quot;yes&quot;,&quot;content_hover_animation&quot;:&quot;fade-in&quot;}\" data-widget_type=\"gallery.default\">\n\t\t\t\t<div class=\"elementor-widget-container\">\n\t\t\t\t\t\t\t<div class=\"elementor-gallery__container\">\n\t\t\t\t\t\t\t<a class=\"e-gallery-item elementor-gallery-item elementor-animated-content\" href=\"https:\/\/www.unavets.com\/bierzoo\/wp-content\/uploads\/sites\/29\/2023\/07\/cacabelos-2-2.png\" data-elementor-open-lightbox=\"yes\" data-elementor-lightbox-slideshow=\"0f88515\" data-elementor-lightbox-title=\"cacabelos-2-2.png\" data-e-action-hash=\"#elementor-action%3Aaction%3Dlightbox%26settings%3DeyJpZCI6MjIxODMsInVybCI6Imh0dHBzOlwvXC93d3cudW5hdmV0cy5jb21cL2JpZXJ6b29cL3dwLWNvbnRlbnRcL3VwbG9hZHNcL3NpdGVzXC8yOVwvMjAyM1wvMDdcL2NhY2FiZWxvcy0yLTIucG5nIiwic2xpZGVzaG93IjoiMGY4ODUxNSJ9\">\n\t\t\t\t\t<div class=\"e-gallery-image elementor-gallery-item__image\" data-thumbnail=\"https:\/\/www.unavets.com\/bierzoo\/wp-content\/uploads\/sites\/29\/2023\/07\/cacabelos-2-2.png\" data-width=\"724\" data-height=\"482\" aria-label=\"\" role=\"img\" ><\/div>\n\t\t\t\t\t\t\t\t\t\t\t<div class=\"elementor-gallery-item__overlay\"><\/div>\n\t\t\t\t\t\t\t\t\t\t\t\t\t\t<\/a>\n\t\t\t\t\t\t\t<a class=\"e-gallery-item elementor-gallery-item elementor-animated-content\" href=\"https:\/\/www.unavets.com\/bierzoo\/wp-content\/uploads\/sites\/29\/2023\/07\/cacabelos-3-2.png\" data-elementor-open-lightbox=\"yes\" data-elementor-lightbox-slideshow=\"0f88515\" data-elementor-lightbox-title=\"cacabelos-3-2.png\" data-e-action-hash=\"#elementor-action%3Aaction%3Dlightbox%26settings%3DeyJpZCI6MjIxODUsInVybCI6Imh0dHBzOlwvXC93d3cudW5hdmV0cy5jb21cL2JpZXJ6b29cL3dwLWNvbnRlbnRcL3VwbG9hZHNcL3NpdGVzXC8yOVwvMjAyM1wvMDdcL2NhY2FiZWxvcy0zLTIucG5nIiwic2xpZGVzaG93IjoiMGY4ODUxNSJ9\">\n\t\t\t\t\t<div class=\"e-gallery-image elementor-gallery-item__image\" data-thumbnail=\"https:\/\/www.unavets.com\/bierzoo\/wp-content\/uploads\/sites\/29\/2023\/07\/cacabelos-3-2.png\" data-width=\"724\" data-height=\"482\" aria-label=\"\" role=\"img\" ><\/div>\n\t\t\t\t\t\t\t\t\t\t\t<div class=\"elementor-gallery-item__overlay\"><\/div>\n\t\t\t\t\t\t\t\t\t\t\t\t\t\t<\/a>\n\t\t\t\t\t\t\t<a class=\"e-gallery-item elementor-gallery-item elementor-animated-content\" href=\"https:\/\/www.unavets.com\/bierzoo\/wp-content\/uploads\/sites\/29\/2023\/07\/cacabelos-4-2.png\" data-elementor-open-lightbox=\"yes\" data-elementor-lightbox-slideshow=\"0f88515\" data-elementor-lightbox-title=\"cacabelos-4-2.png\" data-e-action-hash=\"#elementor-action%3Aaction%3Dlightbox%26settings%3DeyJpZCI6MjIxODcsInVybCI6Imh0dHBzOlwvXC93d3cudW5hdmV0cy5jb21cL2JpZXJ6b29cL3dwLWNvbnRlbnRcL3VwbG9hZHNcL3NpdGVzXC8yOVwvMjAyM1wvMDdcL2NhY2FiZWxvcy00LTIucG5nIiwic2xpZGVzaG93IjoiMGY4ODUxNSJ9\">\n\t\t\t\t\t<div class=\"e-gallery-image elementor-gallery-item__image\" data-thumbnail=\"https:\/\/www.unavets.com\/bierzoo\/wp-content\/uploads\/sites\/29\/2023\/07\/cacabelos-4-2.png\" data-width=\"724\" data-height=\"482\" aria-label=\"\" role=\"img\" ><\/div>\n\t\t\t\t\t\t\t\t\t\t\t<div class=\"elementor-gallery-item__overlay\"><\/div>\n\t\t\t\t\t\t\t\t\t\t\t\t\t\t<\/a>\n\t\t\t\t\t\t\t<a class=\"e-gallery-item elementor-gallery-item elementor-animated-content\" href=\"https:\/\/www.unavets.com\/bierzoo\/wp-content\/uploads\/sites\/29\/2023\/07\/cacabelos-5-1.png\" data-elementor-open-lightbox=\"yes\" data-elementor-lightbox-slideshow=\"0f88515\" data-elementor-lightbox-title=\"cacabelos-5-1.png\" data-e-action-hash=\"#elementor-action%3Aaction%3Dlightbox%26settings%3DeyJpZCI6MjIxODksInVybCI6Imh0dHBzOlwvXC93d3cudW5hdmV0cy5jb21cL2JpZXJ6b29cL3dwLWNvbnRlbnRcL3VwbG9hZHNcL3NpdGVzXC8yOVwvMjAyM1wvMDdcL2NhY2FiZWxvcy01LTEucG5nIiwic2xpZGVzaG93IjoiMGY4ODUxNSJ9\">\n\t\t\t\t\t<div class=\"e-gallery-image elementor-gallery-item__image\" data-thumbnail=\"https:\/\/www.unavets.com\/bierzoo\/wp-content\/uploads\/sites\/29\/2023\/07\/cacabelos-5-1.png\" data-width=\"724\" data-height=\"482\" aria-label=\"\" role=\"img\" ><\/div>\n\t\t\t\t\t\t\t\t\t\t\t<div class=\"elementor-gallery-item__overlay\"><\/div>\n\t\t\t\t\t\t\t\t\t\t\t\t\t\t<\/a>\n\t\t\t\t\t\t\t<a class=\"e-gallery-item elementor-gallery-item elementor-animated-content\" href=\"https:\/\/www.unavets.com\/bierzoo\/wp-content\/uploads\/sites\/29\/2023\/07\/cacabelos-2-3.png\" data-elementor-open-lightbox=\"yes\" data-elementor-lightbox-slideshow=\"0f88515\" data-elementor-lightbox-title=\"cacabelos-2-3.png\" data-e-action-hash=\"#elementor-action%3Aaction%3Dlightbox%26settings%3DeyJpZCI6MjIxOTEsInVybCI6Imh0dHBzOlwvXC93d3cudW5hdmV0cy5jb21cL2JpZXJ6b29cL3dwLWNvbnRlbnRcL3VwbG9hZHNcL3NpdGVzXC8yOVwvMjAyM1wvMDdcL2NhY2FiZWxvcy0yLTMucG5nIiwic2xpZGVzaG93IjoiMGY4ODUxNSJ9\">\n\t\t\t\t\t<div class=\"e-gallery-image elementor-gallery-item__image\" data-thumbnail=\"https:\/\/www.unavets.com\/bierzoo\/wp-content\/uploads\/sites\/29\/2023\/07\/cacabelos-2-3.png\" data-width=\"724\" data-height=\"482\" aria-label=\"\" role=\"img\" ><\/div>\n\t\t\t\t\t\t\t\t\t\t\t<div class=\"elementor-gallery-item__overlay\"><\/div>\n\t\t\t\t\t\t\t\t\t\t\t\t\t\t<\/a>\n\t\t\t\t\t\t\t<a class=\"e-gallery-item elementor-gallery-item elementor-animated-content\" href=\"https:\/\/www.unavets.com\/bierzoo\/wp-content\/uploads\/sites\/29\/2023\/07\/cacabelos-3-3-1.png\" data-elementor-open-lightbox=\"yes\" data-elementor-lightbox-slideshow=\"0f88515\" data-elementor-lightbox-title=\"cacabelos-3-3.png\" data-e-action-hash=\"#elementor-action%3Aaction%3Dlightbox%26settings%3DeyJpZCI6MjIxOTUsInVybCI6Imh0dHBzOlwvXC93d3cudW5hdmV0cy5jb21cL2JpZXJ6b29cL3dwLWNvbnRlbnRcL3VwbG9hZHNcL3NpdGVzXC8yOVwvMjAyM1wvMDdcL2NhY2FiZWxvcy0zLTMtMS5wbmciLCJzbGlkZXNob3ciOiIwZjg4NTE1In0%3D\">\n\t\t\t\t\t<div class=\"e-gallery-image elementor-gallery-item__image\" data-thumbnail=\"https:\/\/www.unavets.com\/bierzoo\/wp-content\/uploads\/sites\/29\/2023\/07\/cacabelos-3-3-1.png\" data-width=\"724\" data-height=\"482\" aria-label=\"\" role=\"img\" ><\/div>\n\t\t\t\t\t\t\t\t\t\t\t<div class=\"elementor-gallery-item__overlay\"><\/div>\n\t\t\t\t\t\t\t\t\t\t\t\t\t\t<\/a>\n\t\t\t\t\t\t\t<a class=\"e-gallery-item elementor-gallery-item elementor-animated-content\" href=\"https:\/\/www.unavets.com\/bierzoo\/wp-content\/uploads\/sites\/29\/2023\/07\/cacabelos-4-3-2.png\" data-elementor-open-lightbox=\"yes\" data-elementor-lightbox-slideshow=\"0f88515\" data-elementor-lightbox-title=\"cacabelos-4-3.png\" data-e-action-hash=\"#elementor-action%3Aaction%3Dlightbox%26settings%3DeyJpZCI6MjIyMDYsInVybCI6Imh0dHBzOlwvXC93d3cudW5hdmV0cy5jb21cL2JpZXJ6b29cL3dwLWNvbnRlbnRcL3VwbG9hZHNcL3NpdGVzXC8yOVwvMjAyM1wvMDdcL2NhY2FiZWxvcy00LTMtMi5wbmciLCJzbGlkZXNob3ciOiIwZjg4NTE1In0%3D\">\n\t\t\t\t\t<div class=\"e-gallery-image elementor-gallery-item__image\" data-thumbnail=\"https:\/\/www.unavets.com\/bierzoo\/wp-content\/uploads\/sites\/29\/2023\/07\/cacabelos-4-3-2.png\" data-width=\"724\" data-height=\"482\" aria-label=\"\" role=\"img\" ><\/div>\n\t\t\t\t\t\t\t\t\t\t\t<div class=\"elementor-gallery-item__overlay\"><\/div>\n\t\t\t\t\t\t\t\t\t\t\t\t\t\t<\/a>\n\t\t\t\t\t\t\t<a class=\"e-gallery-item elementor-gallery-item elementor-animated-content\" href=\"https:\/\/www.unavets.com\/bierzoo\/wp-content\/uploads\/sites\/29\/2023\/07\/cacabelos-1-3.png\" data-elementor-open-lightbox=\"yes\" data-elementor-lightbox-slideshow=\"0f88515\" data-elementor-lightbox-title=\"cacabelos-1.png\" data-e-action-hash=\"#elementor-action%3Aaction%3Dlightbox%26settings%3DeyJpZCI6MjIyMTIsInVybCI6Imh0dHBzOlwvXC93d3cudW5hdmV0cy5jb21cL2JpZXJ6b29cL3dwLWNvbnRlbnRcL3VwbG9hZHNcL3NpdGVzXC8yOVwvMjAyM1wvMDdcL2NhY2FiZWxvcy0xLTMucG5nIiwic2xpZGVzaG93IjoiMGY4ODUxNSJ9\">\n\t\t\t\t\t<div class=\"e-gallery-image elementor-gallery-item__image\" data-thumbnail=\"https:\/\/www.unavets.com\/bierzoo\/wp-content\/uploads\/sites\/29\/2023\/07\/cacabelos-1-3.png\" data-width=\"724\" data-height=\"482\" aria-label=\"\" role=\"img\" ><\/div>\n\t\t\t\t\t\t\t\t\t\t\t<div class=\"elementor-gallery-item__overlay\"><\/div>\n\t\t\t\t\t\t\t\t\t\t\t\t\t\t<\/a>\n\t\t\t\t\t\t\t<a class=\"e-gallery-item elementor-gallery-item elementor-animated-content\" href=\"https:\/\/www.unavets.com\/bierzoo\/wp-content\/uploads\/sites\/29\/2023\/05\/13-1.png\" data-elementor-open-lightbox=\"yes\" data-elementor-lightbox-slideshow=\"0f88515\" data-elementor-lightbox-title=\"13.png\" data-e-action-hash=\"#elementor-action%3Aaction%3Dlightbox%26settings%3DeyJpZCI6MjAzNjcsInVybCI6Imh0dHBzOlwvXC93d3cudW5hdmV0cy5jb21cL2JpZXJ6b29cL3dwLWNvbnRlbnRcL3VwbG9hZHNcL3NpdGVzXC8yOVwvMjAyM1wvMDVcLzEzLTEucG5nIiwic2xpZGVzaG93IjoiMGY4ODUxNSJ9\">\n\t\t\t\t\t<div class=\"e-gallery-image elementor-gallery-item__image\" data-thumbnail=\"https:\/\/www.unavets.com\/bierzoo\/wp-content\/uploads\/sites\/29\/2023\/05\/13-1.png\" data-width=\"700\" data-height=\"700\" aria-label=\"\" role=\"img\" ><\/div>\n\t\t\t\t\t\t\t\t\t\t\t<div class=\"elementor-gallery-item__overlay\"><\/div>\n\t\t\t\t\t\t\t\t\t\t\t\t\t\t<\/a>\n\t\t\t\t\t<\/div>\n\t\t\t\t\t<\/div>\n\t\t\t\t<\/div>\n\t\t\t\t\t<\/div>\n\t\t<\/div>\n\t\t\t\t\t<\/div>\n\t\t<\/section>\n\t\t\t\t<\/div>\n\t\t","protected":false},"excerpt":{"rendered":"<p>The Bierzoo Cacabelos Veterinary Centre in Le\u00f3n has cutting-edge equipment and facilities, guaranteeing the highest standard of patient care. &nbsp;The Bierzoo Cacabelos Veterinary Centre has the most advanced equipment and means to reach a diagnosis quickly and efficiently. It is equipped with state-of-the-art technology, facilitating the team\u2019s work and guaranteeing optimum results. &nbsp;The veterinary centre &hellip; <\/p>\n","protected":false},"author":8,"featured_media":0,"parent":0,"menu_order":0,"comment_status":"closed","ping_status":"closed","template":"page-fullwidth.php","meta":{"_acf_changed":false,"content-type":"","footnotes":""},"class_list":["post-18623","page","type-page","status-publish","hentry"],"acf":[],"_links":{"self":[{"href":"https:\/\/www.unavets.com\/bierzoo\/wp-json\/wp\/v2\/pages\/18623","targetHints":{"allow":["GET"]}}],"collection":[{"href":"https:\/\/www.unavets.com\/bierzoo\/wp-json\/wp\/v2\/pages"}],"about":[{"href":"https:\/\/www.unavets.com\/bierzoo\/wp-json\/wp\/v2\/types\/page"}],"author":[{"embeddable":true,"href":"https:\/\/www.unavets.com\/bierzoo\/wp-json\/wp\/v2\/users\/8"}],"replies":[{"embeddable":true,"href":"https:\/\/www.unavets.com\/bierzoo\/wp-json\/wp\/v2\/comments?post=18623"}],"version-history":[{"count":3,"href":"https:\/\/www.unavets.com\/bierzoo\/wp-json\/wp\/v2\/pages\/18623\/revisions"}],"predecessor-version":[{"id":23255,"href":"https:\/\/www.unavets.com\/bierzoo\/wp-json\/wp\/v2\/pages\/18623\/revisions\/23255"}],"wp:attachment":[{"href":"https:\/\/www.unavets.com\/bierzoo\/wp-json\/wp\/v2\/media?parent=18623"}],"curies":[{"name":"wp","href":"https:\/\/api.w.org\/{rel}","templated":true}]}}